{"id":3897,"date":"2024-03-18T06:10:12","date_gmt":"2024-03-18T06:10:12","guid":{"rendered":"https:\/\/3dp.45612300.xyz\/product\/alsi7mg-powder\/"},"modified":"2024-03-18T06:10:12","modified_gmt":"2024-03-18T06:10:12","slug":"alsi7mg-powder","status":"publish","type":"product","link":"https:\/\/3dpmetal.com\/pl\/product\/alsi7mg-powder\/","title":{"rendered":"Proszek AlSi7Mg"},"content":{"rendered":"<p><span style=\"vertical-align: inherit;\"><span style=\"vertical-align: inherit;\"><\/p>\n<h2>Przegl\u0105d proszku AlSi7Mg<\/h2>\n<p class=\"whitespace-pre-wrap\">AlSi7Mg lub stop A357 to wszechstronny odlewniczy stop aluminiumowy, kt\u00f3ry posiada w\u0142a\u015bciwo\u015bci pomi\u0119dzy czysty aluminium a stopami hipereutektycznymi o wysokiej zawarto\u015bci krzemu. Dodatki krzemu zwi\u0119kszaj\u0105 odlewalno\u015b\u0107 i poprawiaj\u0105 w\u0142a\u015bciwo\u015bci mechaniczne, a magnez zwi\u0119ksza wytrzyma\u0142o\u015b\u0107.<\/p>\n<p class=\"whitespace-pre-wrap\">Kluczowe cechy proszek AlSi7Mg obejmuj\u0105:<\/p>\n<ul class=\"list-disc pl-8 space-y-2\">\n<li class=\"whitespace-normal\">Dobra wytrzyma\u0142o\u015b\u0107 i sztywno\u015b\u0107<\/li>\n<li class=\"whitespace-normal\">Znakomita p\u0142ynno\u015b\u0107 i zalewno\u015b\u0107<\/li>\n<li class=\"whitespace-normal\">Dobra obrabialno\u015b\u0107 i polerowalno\u015b\u0107<\/li>\n<li class=\"whitespace-normal\">Wysoka przewodno\u015b\u0107 cieplna<\/li>\n<li class=\"whitespace-normal\">Dobra odporno\u015b\u0107 na korozj\u0119<\/li>\n<li class=\"whitespace-normal\">Niski wsp\u00f3\u0142czynnik rozszerzalno\u015bci cieplnej<\/li>\n<li class=\"whitespace-normal\">Dost\u0119pne w r\u00f3\u017cnych wielko\u015bciach cz\u0105stek<\/li>\n<\/ul>\n<p class=\"whitespace-pre-wrap\">Proszek AlSi7Mg jest stosowany do produkcji komponent\u00f3w motoryzacyjnych, cz\u0119\u015bci hydraulicznych oraz innych precyzyjnych odlew\u00f3w wymagaj\u0105cych zr\u00f3wnowa\u017conych w\u0142a\u015bciwo\u015bci.<\/p>\n<h2>Sk\u0142ad Chemiczny Proszku AlSi7Mg<\/h2>\n<p class=\"whitespace-pre-wrap\">Typowy sk\u0142ad chemiczny sproszkowanego AlSi7Mg wynosi:<\/p>\n<table>\n<thead>\n<tr>\n<th>Element<\/th>\n<th>Waga %<\/th>\n<\/tr>\n<\/thead>\n<tbody>\n<tr>\n<td>Aluminium (Al)<\/td>\n<td>R\u00f3wnowaga<\/td>\n<\/tr>\n<tr>\n<td>Krzem (Si)<\/td>\n<td>6-8%<\/td>\n<\/tr>\n<tr>\n<td>Magnez (Mg)<\/td>\n<td>0.4-0.8%<\/td>\n<\/tr>\n<tr>\n<td>\u017belazo (Fe)<\/td>\n<td>0.15-0.5%<\/td>\n<\/tr>\n<tr>\n<td>Mangan (Mn)<\/td>\n<td>max. 0,1%<\/td>\n<\/tr>\n<tr>\n<td>Mied\u017a (Cu)<\/td>\n<td>max. 0,1%<\/td>\n<\/tr>\n<tr>\n<td>Cynk (Zn)<\/td>\n<td>max. 0,1%<\/td>\n<\/tr>\n<tr>\n<td>Tytan (Ti)<\/td>\n<td>maks. 0,25%<\/td>\n<\/tr>\n<\/tbody>\n<\/table>\n<p><img loading=\"lazy\" decoding=\"async\" class=\"size-medium wp-image-1409 aligncenter\" src=\"https:\/\/met3dp.com\/wp-content\/uploads\/2023\/09\/ed7a94ec-3c10-4b1b-87ed--300x300.jpg\" alt=\"Proszek AlSi7Mg\" width=\"300\" height=\"300\" title=\"\"><\/p>\n<p class=\"whitespace-pre-wrap\">Krzem jest g\u0142\u00f3wnym pierwiastkiem stopowym, podczas gdy magnez zwi\u0119ksza wytrzyma\u0142o\u015b\u0107 i zdolno\u015b\u0107 do odlewania. \u017belazo, mangan i tytan maj\u0105 mniejszy wp\u0142yw. Sk\u0142ad jest dobierany zgodnie z wymaganiami dotycz\u0105cymi w\u0142a\u015bciwo\u015bci mechanicznych.<\/p>\n<h2>W\u0142a\u015bciwo\u015bci proszku AlSi7Mg<\/h2>\n<p class=\"whitespace-pre-wrap\">Proszek AlSi7Mg posiada nast\u0119puj\u0105ce w\u0142a\u015bciwo\u015bci:<\/p>\n<table>\n<thead>\n<tr>\n<th>Nieruchomo\u015b\u0107<\/th>\n<th>Warto\u015b\u0107<\/th>\n<\/tr>\n<\/thead>\n<tbody>\n<tr>\n<td>G\u0119sto\u015b\u0107<\/td>\n<td>2,68 g\/cm3<\/td>\n<\/tr>\n<tr>\n<td>Temperatura topnienia<\/td>\n<td>~600 p.n.e.<\/td>\n<\/tr>\n<tr>\n<td>Przewodno\u015b\u0107 cieplna<\/td>\n<td>130-160 W\/mK<\/td>\n<\/tr>\n<tr>\n<td>Op\u00f3r elektryczny<\/td>\n<td>3-5 \u00b5g\/mL<\/td>\n<\/tr>\n<tr>\n<td>Modu\u0142 Younga<\/td>\n<td>70-80 GPa<\/td>\n<\/tr>\n<tr>\n<td>Wsp\u00f3\u0142czynnik Poissona<\/td>\n<td>0.33<\/td>\n<\/tr>\n<tr>\n<td>Odporno\u015b\u0107 na rozci\u0105ganie<\/td>\n<td>250-300 MPa<\/td>\n<\/tr>\n<tr>\n<td>Wytrzyma\u0142o\u015b\u0107 graniczna<\/td>\n<td>140\u2013180 MPa<\/td>\n<\/tr>\n<tr>\n<td>Wyd\u0142u\u017cenie<\/td>\n<td>4-8%<\/td>\n<\/tr>\n<tr>\n<td>Twardo\u015b\u0107<\/td>\n<td>80-100 Brinella<\/td>\n<\/tr>\n<\/tbody>\n<\/table>\n<p>&nbsp;<\/p>\n<p class=\"whitespace-pre-wrap\">Dodatki krzemu zwi\u0119kszaj\u0105 wytrzyma\u0142o\u015b\u0107, jednocze\u015bnie zachowuj\u0105c dobr\u0105 ci\u0105gliwo\u015b\u0107 i obrabialno\u015b\u0107. Stop charakteryzuje si\u0119 doskona\u0142\u0105 lejno\u015bci\u0105 i w\u0142a\u015bciwo\u015bciami cieplnymi.<\/p>\n<h2>Metoda produkcji proszku AlSi7Mg<\/h2>\n<p class=\"whitespace-pre-wrap\">Procesy produkcji komercyjnej dla proszku AlSi7Mg obejmuj\u0105:<\/p>\n<ul class=\"list-disc pl-8 space-y-2\">\n<li class=\"whitespace-normal\"><strong>Atomizacja gazu<\/strong>- Strumie\u0144 stopionego stopu rozpadaj\u0105cy si\u0119 na drobne krople pod wp\u0142ywem strumieni gazu oboj\u0119tnego. Tworzy sferyczny proszek.<\/li>\n<li class=\"whitespace-normal\"><strong>Rozpylanie wody<\/strong>?- Silny strumie\u0144 wody uderza o p\u0142ynny metal, co prowadzi do powstania drobnych proszk\u00f3w. Ekonomicznie op\u0142acalne, ale wi\u0119ksze pobieranie tlenu.<\/li>\n<li class=\"whitespace-normal\"><strong>Mechaniczne stopowanie<\/strong>- Frezowanie kulowe sproszkowanego aluminium i krzemu z p\u00f3\u017aniejszym prasowaniem na zimno i spiekaniem.<\/li>\n<\/ul>\n<p class=\"whitespace-pre-wrap\">Proces atomizacji gazem daje najwi\u0119cej kontroli nad charakterystyk\u0105 proszku, tak\u0105 jak rozk\u0142ad wielko\u015bci cz\u0105steczek, morfologia i mikrostruktura.<\/p>\n<h2>Zastosowanie AlSi7Mg Powder<\/h2>\n<p class=\"whitespace-pre-wrap\">G\u0142\u00f3wne zastosowania proszku AlSi7Mg obejmuj\u0105:<\/p>\n<ul class=\"list-disc pl-8 space-y-2\">\n<li class=\"whitespace-normal\"><strong>Metalowa forma wtrysku<\/strong>- Produkcja ma\u0142ych, skomplikowanych cz\u0119\u015bci o ciasnych tolerancjach i dobrych w\u0142a\u015bciwo\u015bciach mechanicznych.<\/li>\n<li class=\"whitespace-normal\"><strong>wytwarzanie przyrostowe<\/strong>?- Nowe w drukowaniu spoiwem, topieniu laserowym i innych procesach AM s\u0142u\u017c\u0105cych do wytwarzania z\u0142o\u017conych element\u00f3w.<\/li>\n<li class=\"whitespace-normal\"><strong>Odlewy<\/strong>?- Dodawany do stop\u00f3w w celu zwi\u0119kszenia p\u0142ynno\u015bci. Stosowany w produkcji cz\u0119\u015bci samochodowych wymagaj\u0105cych trwa\u0142o\u015bci.<\/li>\n<li class=\"whitespace-normal\"><strong>Metalurgia proszk\u00f3w<\/strong>?-Proces prasowania i spiekania maj\u0105cy na celu stworzenie wysoce wydajnych cz\u0119\u015bci.<\/li>\n<li class=\"whitespace-normal\"><strong>Natryskiwanie termiczne<\/strong>?- Naniesione jako pow\u0142oki ochronne na powierzchnie metalowe w celu zapewnienia odporno\u015bci na zu\u017cycie i korozj\u0119.<\/li>\n<li class=\"whitespace-normal\"><strong>Dodatki spawalnicze<\/strong>?- Do \u0142\u0105czenia element\u00f3w aluminiowych zachowuj\u0105c przy tym wytrzyma\u0142o\u015b\u0107 spawu.<\/li>\n<li class=\"whitespace-normal\"><strong>Pirotechnika<\/strong>?- Dodawany do kompozycji pirotechnicznych jako sk\u0142adnik paliwa.<\/li>\n<\/ul>\n<h2>Specyfikacja proszku AlSi7Mg<\/h2>\n<p class=\"whitespace-pre-wrap\">Proszek AlSi7Mg jest dost\u0119pny w r\u00f3\u017cnych zakresach wielko\u015bci, klasach i poziomach czysto\u015bci:<\/p>\n<ul class=\"list-disc pl-8 space-y-2\">\n<li class=\"whitespace-normal\"><strong>Rozmiar cz\u0105stek:<\/strong>Od\u00a010 \u2013 150 mikron\u00f3w dla AM, poni\u017cej 45 mikron\u00f3w dla MIM.<\/li>\n<li class=\"whitespace-normal\"><strong>Morfologia:<\/strong>?Kuliste, ziarniste i nieregularne kszta\u0142ty cz\u0105stek. G\u0142adki proszek p\u0142ynie lepiej.<\/li>\n<li class=\"whitespace-normal\"><strong>Czysto\u015b\u0107:<\/strong>?Od klas komercyjnych do o wysokiej czysto\u015bci (99,9%).<\/li>\n<li class=\"whitespace-normal\"><strong>Zawarto\u015b\u0107 Tlenu:<\/strong>Poziomy wynosz\u0105 400\u20131500 ppm dla r\u00f3\u017cnych metod produkcji.<\/li>\n<li class=\"whitespace-normal\"><strong>P\u0142ynno\u015b\u0107:<\/strong>?Proszek dostosowany do doskona\u0142ego czasu przep\u0142ywu wynosz\u0105cego 25 s\/50 g lub wi\u0119cej.<\/li>\n<li class=\"whitespace-normal\"><strong>Stopnie<\/strong>?Mo\u017cliwo\u015b\u0107 dostosowania chemii stopu i charakterystyki proszku.<\/li>\n<\/ul>\n<h2>Globalni dostawcy proszku AlSi7Mg<\/h2>\n<p class=\"whitespace-pre-wrap\">Niekt\u00f3rzy z najwi\u0119kszych na \u015bwiecie dostawc\u00f3w proszku AlSi7Mg to:<\/p>\n<ul class=\"list-disc pl-8 space-y-2\">\n<li class=\"whitespace-normal\">PyroGenesis Canada<\/li>\n<li class=\"whitespace-normal\">Sandvik Osprey Wielka Brytania<\/li>\n<li class=\"whitespace-normal\">Valimet Inc. Stany Zjednoczone<\/li>\n<li class=\"whitespace-normal\">Makin Metal Powders Wielka Brytania<\/li>\n<li class=\"whitespace-normal\">Shanghai Chaowei Nanotechnology, Chiny<\/li>\n<li class=\"whitespace-normal\">Agni Metal USA<\/li>\n<li class=\"whitespace-normal\">Titanium Powder Canada<\/li>\n<\/ul>\n<p class=\"whitespace-pre-wrap\">Te firmy produkuj\u0105 proszek AlSi7Mg za pomoc\u0105 r\u00f3\u017cnych metod odpowiednich dla produkcji addytywnej, formowania wtryskowego metalu, natryskiwania cieplnego i innych zastosowa\u0144.<\/p>\n<h2>Ceny proszku AlSi7Mg<\/h2>\n<p class=\"whitespace-pre-wrap\">Cena proszku AlSi7Mg zale\u017cy od czynnik\u00f3w takich jak:<\/p>\n<ul class=\"list-disc pl-8 space-y-2\">\n<li class=\"whitespace-normal\">Poziomy czysto\u015bci<\/li>\n<li class=\"whitespace-normal\">Charakterystyki cz\u0105stek<\/li>\n<li class=\"whitespace-normal\">Metoda produkcji<\/li>\n<li class=\"whitespace-normal\">Wolumen zam\u00f3wie\u0144<\/li>\n<li class=\"whitespace-normal\">Dodatkowe przetwarzanie<\/li>\n<li class=\"whitespace-normal\">Dostawca i lokalizacja<\/li>\n<\/ul>\n<table>\n<thead>\n<tr>\n<th>Stopie\u0144<\/th>\n<th>Przedzia\u0142 cenowy<\/th>\n<\/tr>\n<\/thead>\n<tbody>\n<tr>\n<td>Reklama<\/td>\n<td>5-15 z\u0142 za kilogram<\/td>\n<\/tr>\n<tr>\n<td>Wysoka czysto\u015b\u0107<\/td>\n<td>$15\u201330 za kg<\/td>\n<\/tr>\n<tr>\n<td>Ultradrobne<\/td>\n<td>30\u201360 z\u0142 za kg<\/td>\n<\/tr>\n<tr>\n<td>Klasa specjalna<\/td>\n<td>50-120 z\u0142 za kg<\/td>\n<\/tr>\n<\/tbody>\n<\/table>\n<p>&nbsp;<\/p>\n<p class=\"whitespace-pre-wrap\">Og\u00f3lnie rzecz bior\u0105c, proszki atomizowane gazowo i kontrolowane s\u0105 znacznie dro\u017csze ni\u017c zwyk\u0142e odmiany komercyjne.<\/p>\n<h2>Post\u0119powanie i przechowywanie proszk\u00f3w AlSi7Mg<\/h2>\n<p class=\"whitespace-pre-wrap\">Proszek AlSi7Mg nale\u017cy odpowiednio przechowywa\u0107 i obchodzi\u0107 si\u0119 z nim, aby zapobiec:<\/p>\n<ul class=\"list-disc pl-8 space-y-2\">\n<li class=\"whitespace-normal\">Kontakt z wilgoci\u0105 prowadz\u0105cy do utleniania<\/li>\n<li class=\"whitespace-normal\">Zagro\u017cenia po\u017carowe zgromadzonego py\u0142u<\/li>\n<li class=\"whitespace-normal\">Zagro\u017cenia dla zdrowia wynikaj\u0105ce ze wdychania drobnych py\u0142\u00f3w<\/li>\n<li class=\"whitespace-normal\">Nale\u017cy przestrzega\u0107 praktyk bezpiecze\u0144stwa zalecanych przez dostawc\u0119<\/li>\n<\/ul>\n<p class=\"whitespace-pre-wrap\">Zalecane jest stosowanie szczelnych kontener\u00f3w w atmosferze oboj\u0119tnej opr\u00f3cz odpowiedniego uziemienia i \u015brodk\u00f3w ochrony osobistej (PPE).<\/p>\n<h2>Metody testowania i charakteryzacji<\/h2>\n<p class=\"whitespace-pre-wrap\">Kluczowe metody testowe dla proszku AlSi7Mg obejmuj\u0105:<\/p>\n<ul class=\"list-disc pl-8 space-y-2\">\n<li class=\"whitespace-normal\">Analiza chemiczna w celu ustalenia sk\u0142adu z wykorzystaniem OES lub XRF<\/li>\n<li class=\"whitespace-normal\">Dystrybucja wielko\u015bci cz\u0105stek zgodnie z norm\u0105 ASTM B822<\/li>\n<li class=\"whitespace-normal\">Analiza morfologiczna za pomoc\u0105 SEM<\/li>\n<li class=\"whitespace-normal\">Pomiar przep\u0142ywu za pomoc\u0105 przep\u0142ywomierza Halla<\/li>\n<li class=\"whitespace-normal\">Oznaczanie g\u0119sto\u015bci za pomoc\u0105 piknometru helowego<\/li>\n<li class=\"whitespace-normal\">Poziomy zanieczyszcze\u0144 testowane za pomoc\u0105 ICP-MS<\/li>\n<li class=\"whitespace-normal\">Mikrostruktura badana za pomoc\u0105 analizy fazy XRD<\/li>\n<\/ul>\n<p class=\"whitespace-pre-wrap\">Dok\u0142adne testy zapewniaj\u0105, \u017ce jako\u015b\u0107 proszku odpowiada wymaganiom zastosowania.<\/p>\n<h2>Por\u00f3wnanie proszk\u00f3w AlSi7Mg i AlSi10Mg<\/h2>\n<p class=\"whitespace-pre-wrap\">Por\u00f3wnano dwa proszki ze stopu aluminium: AlSi7Mg oraz AlSi10Mg:<\/p>\n<table>\n<thead>\n<tr>\n<th>Parametr<\/th>\n<th>AlSi7Mg<\/th>\n<th>AlSi10Mg<\/th>\n<\/tr>\n<\/thead>\n<tbody>\n<tr>\n<td>Zawarto\u015b\u0107 krzemu<\/td>\n<td>6-8%<\/td>\n<td>9-11%<\/td>\n<\/tr>\n<tr>\n<td>Si\u0142a<\/td>\n<td>Ni\u017cej<\/td>\n<td>Wy\u017cej<\/td>\n<\/tr>\n<tr>\n<td>Odlewalno\u015b\u0107<\/td>\n<td>Por\u00f3wnywalny<\/td>\n<td>Por\u00f3wnywalny<\/td>\n<\/tr>\n<tr>\n<td>Odporno\u015b\u0107 przeciwkorozyjna<\/td>\n<td>Dobrze<\/td>\n<td>Wy\u015bmienicie<\/td>\n<\/tr>\n<tr>\n<td>Koszt<\/td>\n<td>Ni\u017cej<\/td>\n<td>Wy\u017cej<\/td>\n<\/tr>\n<tr>\n<td>APLIKACJE<\/td>\n<td>Odlewy, MIM<\/td>\n<td>Aerospace, cz\u0119\u015bci AM<\/td>\n<\/tr>\n<tr>\n<td>Dost\u0119pno\u015b\u0107<\/td>\n<td>\u0141atwo dost\u0119pny<\/td>\n<td>\u015arednia<\/td>\n<\/tr>\n<\/tbody>\n<\/table>\n<p>&nbsp;<\/p>\n<p class=\"whitespace-pre-wrap\">AlSi10Mg oferuje wi\u0119ksz\u0105 wytrzyma\u0142o\u015b\u0107, ale przy zwi\u0119kszonych kosztach. AlSi7Mg oferuje zr\u00f3wnowa\u017cone w\u0142a\u015bciwo\u015bci przy mniejszych kosztach, je\u015bli nie jest szczeg\u00f3lnie wymagana du\u017ca wytrzyma\u0142o\u015b\u0107.<\/p>\n<h2>Najcz\u0119\u015bciej zadawane pytania dotycz\u0105ce proszku AlSi7Mg<\/h2>\n<p class=\"whitespace-pre-wrap\"><strong>Pyt.: Jak wytwarzany jest proszek AlSi7Mg?<\/strong><\/p>\n<p class=\"whitespace-pre-wrap\">A: Proszek AlSi7Mg jest wytwarzany komercyjnie za pomoc\u0105 rozpylania w gazie, rozpylania w wodzie lub stopowania mechanicznego z p\u00f3\u017aniejszym spiekaniem. Rozpylanie w gazie zapewnia lepsz\u0105 kontrol\u0119 nad cechami charakterystycznymi cz\u0105steczek.<\/p>\n<p class=\"whitespace-pre-wrap\"><strong>Q: Jakie s\u0105 g\u0142\u00f3wne zastosowania proszku AlSi7Mg?<\/strong><\/p>\n<p class=\"whitespace-pre-wrap\">A: Kluczowe zastosowania proszku AlSi7Mg obejmuj\u0105 formowanie wtryskowe metali, odlewanie ci\u015bnieniowe aluminium, produkcj\u0119 dodatk\u00f3w, metalurgi\u0119 proszkow\u0105, pow\u0142oki natryskowe i drut spawalniczy.<\/p>\n<p class=\"whitespace-pre-wrap\"><strong>P: Jak\u0105 typowa wielko\u015b\u0107 cz\u0105stek jest u\u017cywana dla proszku AlSi7Mg w AM?<\/strong><\/p>\n<p class=\"whitespace-pre-wrap\">A: W przypadku wi\u0119kszo\u015bci proces\u00f3w druku 3D metali, jak DMLS i spiekanie wi\u0105zane, typowy zakres wielko\u015bci cz\u0105stek proszku AlSi7Mg wynosi 20-45 mikron\u00f3w.<\/p>\n<p class=\"whitespace-pre-wrap\"><strong>Q: Czy proszek AlSi7Mg wymaga jakich\u015b specjalnych \u015brodk\u00f3w ostro\u017cno\u015bci?<\/strong><\/p>\n<p class=\"whitespace-pre-wrap\">A: Tak, zaleca si\u0119 post\u0119powanie z proszkiem aluminiowym w oboj\u0119tnej atmosferze, stosuj\u0105c odpowiednie uziemienie, wentylacj\u0119 i \u015aOI, aby zapobiec zagro\u017ceniom po\u017carowym i wybuchowym.<\/p>\n<p class=\"whitespace-pre-wrap\"><strong>Q: Gdzie mo\u017cna kupi\u0107 proszek AlSi7Mg odpowiedni do produkcji odlew\u00f3w precyzyjnych?<\/strong><\/p>\n<p class=\"whitespace-pre-wrap\">A: Wiod\u0105cy dostawcy proszk\u00f3w, tacy jak Valimet, Makin Metal Powders i PyroGenesis, dostarczaj\u0105 proszek AlSi7Mg, kt\u00f3ry nadaje si\u0119 do zastosowa\u0144 w odlewnictwie, takich jak odlewy precyzyjne.<\/p>\n<div id=\"gtx-trans\" style=\"position: absolute;left: 93px;top: 418.882px\">\n<div class=\"gtx-trans-icon\"><\/div>\n<\/div>\n<p><\/span><\/span><\/p>","protected":false},"excerpt":{"rendered":"<p>Przegl\u0105d proszku AlSi7Mg AlSi7Mg lub stop A357 to wszechstronny stop odlewniczy, kt\u00f3ry posiada w\u0142a\u015bciwo\u015bci pomi\u0119dzy czystym aluminium a wysokokrzemowymi stopami hipereutektycznymi. Dodatki krzemu poprawiaj\u0105 odlewalno\u015b\u0107 i w\u0142a\u015bciwo\u015bci mechaniczne, a magnez zwi\u0119ksza wytrzyma\u0142o\u015b\u0107. Kluczowe w\u0142a\u015bciwo\u015bci proszku AlSi7Mg obejmuj\u0105: Dobra wytrzyma\u0142o\u015b\u0107 i twardo\u015b\u0107 Doskona\u0142a p\u0142ynno\u015b\u0107 i odlewalno\u015b\u0107 Dobra skrawalno\u015b\u0107 i polerowalno\u015b\u0107 Wysoka...<\/p>","protected":false},"featured_media":1796,"parent":0,"template":"","meta":{"_acf_changed":false,"_kad_blocks_custom_css":"","_kad_blocks_head_custom_js":"","_kad_blocks_body_custom_js":"","_kad_blocks_footer_custom_js":"","_kad_post_transparent":"","_kad_post_title":"","_kad_post_layout":"","_kad_post_sidebar_id":"","_kad_post_content_style":"","_kad_post_vertical_padding":"","_kad_post_feature":"","_kad_post_feature_position":"","_kad_post_header":false,"_kad_post_footer":false,"_kad_post_classname":""},"product-category":[119,124],"class_list":["post-3897","product","type-product","status-publish","has-post-thumbnail","hentry","product-category-3d-printing-metal-powder","product-category-aluminum-based-alloy-powder"],"acf":[],"taxonomy_info":{"product-category":[{"value":119,"label":"3D Printing Metal Powder"},{"value":124,"label":"Aluminum Based Alloy Powder"}]},"featured_image_src_large":["https:\/\/3dpmetal.com\/wp-content\/uploads\/2024\/02\/AlSi7Mg-powder.png",828,720,false],"author_info":[],"comment_info":"","_links":{"self":[{"href":"https:\/\/3dpmetal.com\/pl\/wp-json\/wp\/v2\/product\/3897","targetHints":{"allow":["GET"]}}],"collection":[{"href":"https:\/\/3dpmetal.com\/pl\/wp-json\/wp\/v2\/product"}],"about":[{"href":"https:\/\/3dpmetal.com\/pl\/wp-json\/wp\/v2\/types\/product"}],"wp:featuredmedia":[{"embeddable":true,"href":"https:\/\/3dpmetal.com\/pl\/wp-json\/wp\/v2\/media\/1796"}],"wp:attachment":[{"href":"https:\/\/3dpmetal.com\/pl\/wp-json\/wp\/v2\/media?parent=3897"}],"wp:term":[{"taxonomy":"product-category","embeddable":true,"href":"https:\/\/3dpmetal.com\/pl\/wp-json\/wp\/v2\/product-category?post=3897"}],"curies":[{"name":"wp","href":"https:\/\/api.w.org\/{rel}","templated":true}]}}