{"id":3899,"date":"2024-03-18T06:10:12","date_gmt":"2024-03-18T06:10:12","guid":{"rendered":"https:\/\/3dp.45612300.xyz\/product\/alsi12-powder\/"},"modified":"2024-03-18T06:10:12","modified_gmt":"2024-03-18T06:10:12","slug":"alsi12-powder","status":"publish","type":"product","link":"https:\/\/3dpmetal.com\/pl\/product\/alsi12-powder\/","title":{"rendered":"Proszek AlSi12"},"content":{"rendered":"<p><span style=\"vertical-align: inherit;\"><span style=\"vertical-align: inherit;\"><\/p>\n<h2>Przegl\u0105d proszku AlSi12<\/h2>\n<p class=\"whitespace-pre-wrap\">AlSi12 lub A413 to odlew aluminiowy o stosunkowo wysokiej zawarto\u015bci krzemu. Dodanie 12% krzemu zapewnia dobr\u0105 odporno\u015b\u0107 na zu\u017cycie, niski wsp\u00f3\u0142czynnik rozszerzalno\u015bci cieplnej i wysok\u0105 przewodno\u015b\u0107 ciepln\u0105.<\/p>\n<p class=\"whitespace-pre-wrap\">G\u0142\u00f3wne w\u0142a\u015bciwo\u015bci proszku AlSi12 obejmuj\u0105:<\/p>\n<ul class=\"list-disc pl-8 space-y-2\">\n<li class=\"whitespace-normal\">Dobra wytrzyma\u0142o\u015b\u0107 i sztywno\u015b\u0107<\/li>\n<li class=\"whitespace-normal\">Znakomita odporno\u015b\u0107 na zu\u017cycie<\/li>\n<li class=\"whitespace-normal\">Dobra stabilno\u015b\u0107 wymiarowa<\/li>\n<li class=\"whitespace-normal\">Wysoka przewodno\u015b\u0107 cieplna<\/li>\n<li class=\"whitespace-normal\">Dobra obrabialno\u015b\u0107 i polerowalno\u015b\u0107<\/li>\n<li class=\"whitespace-normal\">Niski ci\u0119\u017car w\u0142a\u015bciwy<\/li>\n<li class=\"whitespace-normal\">Dost\u0119pne w r\u00f3\u017cnych rozk\u0142adach wielko\u015bci cz\u0105stek<\/li>\n<\/ul>\n<p class=\"whitespace-pre-wrap\">AlSi12 jest stosowany do produkcji tulei cylindrowych, pier\u015bcieni t\u0142okowych, wahaczy, korbowod\u00f3w, cz\u0119\u015bci wymagaj\u0105cych odporno\u015bci na ciep\u0142o i zu\u017cycie. Metoda metalurgii proszk\u00f3w umo\u017cliwia z\u0142o\u017cone geometrie.<\/p>\n<h2>Sk\u0142ad proszku AlSi12<\/h2>\n<p class=\"whitespace-pre-wrap\">Typowa kompozycja proszku AlSi12 to:<\/p>\n<table>\n<thead>\n<tr>\n<th>Element<\/th>\n<th>Waga %<\/th>\n<\/tr>\n<\/thead>\n<tbody>\n<tr>\n<td>Aluminium (Al)<\/td>\n<td>R\u00f3wnowaga<\/td>\n<\/tr>\n<tr>\n<td>Krzem (Si)<\/td>\n<td>11-13%<\/td>\n<\/tr>\n<tr>\n<td>Mied\u017a (Cu)<\/td>\n<td>&lt;1%<\/td>\n<\/tr>\n<tr>\n<td>Magnez (Mg)<\/td>\n<td>&lt;1%<\/td>\n<\/tr>\n<tr>\n<td>\u017belazo (Fe)<\/td>\n<td>&lt;1%<\/td>\n<\/tr>\n<tr>\n<td>Mangan (Mn)<\/td>\n<td>&lt;1%<\/td>\n<\/tr>\n<tr>\n<td>Cynk (Zn)<\/td>\n<td>&lt;1%<\/td>\n<\/tr>\n<tr>\n<td>Nikiel (Ni)<\/td>\n<td>&lt;0,5%<\/td>\n<\/tr>\n<\/tbody>\n<\/table>\n<p><img loading=\"lazy\" decoding=\"async\" class=\"size-medium wp-image-1409 aligncenter\" src=\"https:\/\/met3dp.com\/wp-content\/uploads\/2023\/09\/ed7a94ec-3c10-4b1b-87ed--300x300.jpg\" alt=\"Proszek AlSi12\" width=\"300\" height=\"300\" title=\"\"><\/p>\n<p class=\"whitespace-pre-wrap\">Aluminium tworzy macierz, natomiast krzem stanowi g\u0142\u00f3wny pierwiastek stopowy. Mog\u0105 wyst\u0119powa\u0107 \u015bladowe ilo\u015bci innych pierwiastk\u00f3w. Wysoka zawarto\u015b\u0107 krzemu powoduje wyj\u0105tkowe w\u0142a\u015bciwo\u015bci tego stopu.<\/p>\n<h2>W\u0142a\u015bciwo\u015bci AluSi12 - proszek<\/h2>\n<p class=\"whitespace-pre-wrap\">Proszek AlSi12 posiada nast\u0119puj\u0105ce w\u0142a\u015bciwo\u015bci:<\/p>\n<table>\n<thead>\n<tr>\n<th>Nieruchomo\u015b\u0107<\/th>\n<th>Warto\u015b\u0107<\/th>\n<\/tr>\n<\/thead>\n<tbody>\n<tr>\n<td>G\u0119sto\u015b\u0107<\/td>\n<td>2,7 g\/cc<\/td>\n<\/tr>\n<tr>\n<td>Temperatura topnienia<\/td>\n<td>560\u00a1\u00abC<\/td>\n<\/tr>\n<tr>\n<td>Przewodno\u015b\u0107 cieplna<\/td>\n<td>150-180 W\/mK<\/td>\n<\/tr>\n<tr>\n<td>Op\u00f3r elektryczny<\/td>\n<td>4\u20136 \u00d7 10-2 cm<\/td>\n<\/tr>\n<tr>\n<td>Modu\u0142 Younga<\/td>\n<td>80\u201390 GPa<\/td>\n<\/tr>\n<tr>\n<td>Wsp\u00f3\u0142czynnik Poissona<\/td>\n<td>0.33<\/td>\n<\/tr>\n<tr>\n<td>Odporno\u015b\u0107 na rozci\u0105ganie<\/td>\n<td>240-300 MPa<\/td>\n<\/tr>\n<tr>\n<td>Wytrzyma\u0142o\u015b\u0107 na \u015bciskanie<\/td>\n<td>600-650 MPa<\/td>\n<\/tr>\n<tr>\n<td>Wyd\u0142u\u017cenie<\/td>\n<td>3-5%<\/td>\n<\/tr>\n<tr>\n<td>Twardo\u015b\u0107<\/td>\n<td>80-90 Brinell\u2019a<\/td>\n<\/tr>\n<\/tbody>\n<\/table>\n<p>&nbsp;<\/p>\n<p class=\"whitespace-pre-wrap\">Dodatki krzemu zapewniaj\u0105 wi\u0119ksz\u0105 wytrzyma\u0142o\u015b\u0107, twardo\u015b\u0107, odporno\u015b\u0107 na zu\u017cycie i przewodno\u015b\u0107 ciepln\u0105 w por\u00f3wnaniu do nieuszopewnionego aluminium. Materia\u0142 zachowuje dobr\u0105 ci\u0105gliwo\u015b\u0107 i obrabialno\u015b\u0107.<\/p>\n<h2>Metoda produkcji proszku AlSi12<\/h2>\n<p class=\"whitespace-pre-wrap\">Proszek AlSi12 powstaje w wyniku:<\/p>\n<ul class=\"list-disc pl-8 space-y-2\">\n<li class=\"whitespace-normal\"><strong>Atomizacja gazu<\/strong>Strumieniowe dysze z oboj\u0119tnym gazem pod wysokim ci\u015bnieniem rozpylaj\u0105 stop AlSi12 do postaci granulkowanych proszk\u00f3w. W ten spos\u00f3b powstaje proszek o g\u0142adkiej strukturze i w\u0105skim rozk\u0142adzie wielko\u015bci, kt\u00f3ry nadaje si\u0119 do zastosowa\u0144 AM.<\/li>\n<li class=\"whitespace-normal\"><strong>Rozpylanie wody<\/strong>?- Strumienie wody o du\u017cej szybko\u015bci uderzaj\u0105 w strumie\u0144 stopionego metalu, aby wytworzy\u0107 nieregularne cz\u0105steczki AlSi12. Ni\u017cszy koszt, ale wi\u0119kszy pob\u00f3r tlenu.<\/li>\n<li class=\"whitespace-normal\"><strong>Frezerowanie mechaniczne<\/strong>?- Mieszanie kulowe proszk\u00f3w aluminium i krzemu, a nast\u0119pnie ich mieszanie, zag\u0119szczanie i spiekanie. Prowadzi do szerokiego rozk\u0142adu wielko\u015bci.<\/li>\n<\/ul>\n<p class=\"whitespace-pre-wrap\">Atomizacja gazowa jest najbardziej po\u017c\u0105dana, gdy potrzebny jest sferyczny proszek ze sterowanymi w\u0142a\u015bciwo\u015bciami, jak na przyk\u0142ad w przypadku wytwarzania przyrostowego lub metalurgii proszkowej. Najta\u0144szy jest proces mielenia mechanicznego.<\/p>\n<h2>Zastosowania proszku AlSi12<\/h2>\n<p class=\"whitespace-pre-wrap\">G\u0142\u00f3wne zastosowania proszku ze stopu AlSi12 obejmuj\u0105:<\/p>\n<ul class=\"list-disc pl-8 space-y-2\">\n<li class=\"whitespace-normal\"><strong>wytwarzanie przyrostowe<\/strong>?- S\u0142u\u017cy do wytwarzania z\u0142o\u017conych cz\u0119\u015bci metalowych za pomoc\u0105 selektywnego stapiania laserowego, bezpo\u015bredniego spiekania laserowego metali, \u015brutowego drukowania spoiwem itp.<\/li>\n<li class=\"whitespace-normal\"><strong>Metalurgia proszk\u00f3w<\/strong>?- Kompaktowanie i spiekanie w celu wytworzenia wysokowydajnych cz\u0119\u015bci, takich jak pier\u015bcienie t\u0142okowe, elementy pompy, d\u017awignie zaworowe.<\/li>\n<li class=\"whitespace-normal\"><strong>Metalowa forma wtrysku<\/strong>?- Produkuje z\u0142o\u017cone komponenty o doskona\u0142ych w\u0142a\u015bciwo\u015bciach i wyko\u0144czeniu powierzchni.<\/li>\n<li class=\"whitespace-normal\"><strong>Powi\u0105zania odporna na \u015bcieranie<\/strong>-? Nak\u0142adanie metodami natrysku cieplnego na powierzchni\u0119 wewn\u0119trzn\u0105 cylindr\u00f3w, denka t\u0142ok\u00f3w, blok\u00f3w silnika.<\/li>\n<li class=\"whitespace-normal\"><strong>Spoiwo lutownicze<\/strong>?- Do \u0142\u0105czenia komponent\u00f3w aluminiowych i stalowych w zastosowaniach motoryzacyjnych i lotniczych.<\/li>\n<li class=\"whitespace-normal\"><strong>Materia\u0142y cierne<\/strong>?- Wysoka zawarto\u015b\u0107 krzemu poprawia w\u0142a\u015bciwo\u015bci cierne. Stosowany w ok\u0142adzinach hamulcowych, tarczach sprz\u0119g\u0142owych.<\/li>\n<li class=\"whitespace-normal\"><strong>Odlewanie<\/strong>?- Dodawane do stop\u00f3w aluminium w celu poprawy odlewalno\u015bci i odporno\u015bci na zu\u017cycie.<\/li>\n<\/ul>\n<h2>Specyfikacje proszku AlSi12<\/h2>\n<p class=\"whitespace-pre-wrap\">Proszek AlSi12 jest dost\u0119pny w r\u00f3\u017cnych zakresach wymiarowych, gatunkach i poziomach czysto\u015bci:<\/p>\n<ul class=\"list-disc pl-8 space-y-2\">\n<li class=\"whitespace-normal\"><strong>Rozmiar cz\u0105stek:<\/strong>?Od 10 do 150 mikron\u00f3w dla AM, poni\u017cej 45 mikron\u00f3w dla MIM.<\/li>\n<li class=\"whitespace-normal\"><strong>Morfologia:<\/strong>?Kszta\u0142ty kuliste, nieregularne lub mieszane. Kulisty kszta\u0142t poprawia przep\u0142yw i upakowanie.<\/li>\n<li class=\"whitespace-normal\"><strong>Czysto\u015b\u0107:<\/strong>? Od stopni czysto\u015bci handlowej do wysokiej czysto\u015bci w oparciu o analiz\u0119 pierwiastkow\u0105.<\/li>\n<li class=\"whitespace-normal\"><strong>Zawarto\u015b\u0107 Tlenu:<\/strong>?Poziomy mieszcz\u0105 si\u0119 w zakresie 300\u20131000 ppm dla atomizowanych gazowo, wy\u017csze dla atomizowanych wod\u0105.<\/li>\n<li class=\"whitespace-normal\"><strong>Stopnie<\/strong>Spersonalizowany sk\u0142ad i w\u0142a\u015bciwo\u015bci proszku w zale\u017cno\u015bci od zastosowania.<\/li>\n<li class=\"whitespace-normal\"><strong>Powierzchnia:<\/strong>?Dla proszk\u00f3w nanoskalowych powierzchnia w\u0142a\u015bciwa si\u0119ga do 10 m2\/g.<\/li>\n<\/ul>\n<h2>Globalni dostawcy proszku AlSi12<\/h2>\n<p class=\"whitespace-pre-wrap\">Oto g\u0142\u00f3wni globalni dostawcy proszku AlSi12:<\/p>\n<ul class=\"list-disc pl-8 space-y-2\">\n<li class=\"whitespace-normal\">Alpoco (Wielka Brytania)<\/li>\n<li class=\"whitespace-normal\">AMC Powders (Niemcy)<\/li>\n<li class=\"whitespace-normal\">Makin Metal Powders (Wielka Brytania)<\/li>\n<li class=\"whitespace-normal\">Belmont Metals (USA)<\/li>\n<li class=\"whitespace-normal\">CNPC Powder (Chiny)<\/li>\n<li class=\"whitespace-normal\">SCM Metal Products (USA)<\/li>\n<li class=\"whitespace-normal\">Hoganas (Szwecja)<\/li>\n<\/ul>\n<p class=\"whitespace-pre-wrap\">Te firmy oferuj\u0105 r\u00f3\u017cnorodne rozk\u0142ady wielko\u015bci cz\u0105stek, morfologi\u0119 proszku, konkretne gatunki proszku AlSi12 dostosowane do produkcji addytywnej, natryskiwania termicznego, MIM i innych zastosowa\u0144.<\/p>\n<h2>Cennik aluminium krzemu AlSi12<\/h2>\n<p class=\"whitespace-pre-wrap\">Ceny proszku AlSi12 zale\u017c\u0105 od:<\/p>\n<ul class=\"list-disc pl-8 space-y-2\">\n<li class=\"whitespace-normal\">Poziomy czysto\u015bci<\/li>\n<li class=\"whitespace-normal\">Kszta\u0142t i zakres wielko\u015bci cz\u0105stek<\/li>\n<li class=\"whitespace-normal\">Ilo\u015b\u0107 zam\u00f3wienia<\/li>\n<li class=\"whitespace-normal\">Dodatkowe przetwarzanie proszku<\/li>\n<li class=\"whitespace-normal\">Dostawca i lokalizacja<\/li>\n<\/ul>\n<table>\n<thead>\n<tr>\n<th>Stopie\u0144<\/th>\n<th>Przedzia\u0142 cenowy<\/th>\n<\/tr>\n<\/thead>\n<tbody>\n<tr>\n<td>Reklama<\/td>\n<td>5-15 z\u0142 za kilogram<\/td>\n<\/tr>\n<tr>\n<td>Wysoka czysto\u015b\u0107<\/td>\n<td>$15-25 za kg<\/td>\n<\/tr>\n<tr>\n<td>Ultradrobne<\/td>\n<td>25-50 $ za kg<\/td>\n<\/tr>\n<tr>\n<td>Klasa specjalna<\/td>\n<td>50-100 za kg<\/td>\n<\/tr>\n<\/tbody>\n<\/table>\n<p>&nbsp;<\/p>\n<p class=\"whitespace-pre-wrap\">Og\u00f3lnie rzecz bior\u0105c, sferyczny sproszkowany gaz atomizowany z kontrolowanym rozk\u0142adem wielko\u015bci cz\u0105stek i wysok\u0105 czysto\u015bci\u0105 przeznaczony dla AM i MIM kosztuje znacznie wi\u0119cej ni\u017c gatunki komercyjne.<\/p>\n<h2>Przechowywanie i obchodzenie si\u0119 z proszkiem AlSi12<\/h2>\n<p class=\"whitespace-pre-wrap\">Proszek AlSi12 nale\u017cy przechowywa\u0107 i obs\u0142ugiwa\u0107 ostro\u017cnie, aby unikn\u0105\u0107:<\/p>\n<ul class=\"list-disc pl-8 space-y-2\">\n<li class=\"whitespace-normal\">Kontakt z wilgoci\u0105 - prowadzi do utleniania. Przechowywa\u0107 w szczelnych opakowaniach z woreczkami osuszaj\u0105cymi.<\/li>\n<li class=\"whitespace-normal\">Agglomeracja: zapobiega p\u0142yni\u0119ciu Magazynowa\u0107 suchy proszek w ch\u0142odnym miejscu i rozwa\u017cy\u0107 dodanie \u015brodk\u00f3w wspomagaj\u0105cych p\u0142yni\u0119cie.<\/li>\n<li class=\"whitespace-normal\">Zagro\u017cenia po\u017carowe &#8211; nie przechowywa\u0107 w pobli\u017cu \u017ar\u00f3de\u0142 zap\u0142onu z powodu \u0142atwopalno\u015bci rozdrobnionych metali.<\/li>\n<li class=\"whitespace-normal\">Wdychanie \u2013 u\u017cywaj masek, aby zapobiec wdychaniu drobnego py\u0142u podczas post\u0119powania z produktem.<\/li>\n<li class=\"whitespace-normal\">Nale\u017cy stosowa\u0107 \u015brodki ostro\u017cno\u015bci karty charakterystyki bezpiecze\u0144stwa od dostawcy.<\/li>\n<\/ul>\n<p class=\"whitespace-pre-wrap\">Zaleca si\u0119 stosowanie odpowiednich technik u\u017cywania komory r\u0119kawicowej z oboj\u0119tnym gazem podczas obchodzenia si\u0119 z reaktywnymi proszkami aluminiowymi.<\/p>\n<h2>Metody testowania i charakteryzacji<\/h2>\n<p class=\"whitespace-pre-wrap\">Kluczowe metody bada\u0144 proszku AlSi12 obejmuj\u0105:<\/p>\n<ul class=\"list-disc pl-8 space-y-2\">\n<li class=\"whitespace-normal\">Analiza chemiczna \u2013 techniki ICP i XRF okre\u015blaj\u0105 sk\u0142ad i poziom czysto\u015bci.<\/li>\n<li class=\"whitespace-normal\">Analiza wielko\u015bci cz\u0105stek \u2014 wykonana zgodnie z metod\u0105 ASTM B822 przy u\u017cyciu dyfrakcji laserowej.<\/li>\n<li class=\"whitespace-normal\">Morfologia &#8211; Skaningowa mikroskopia elektronowa ukazuje kszta\u0142t, struktur\u0119 powierzchni.<\/li>\n<li class=\"whitespace-normal\">Przep\u0142yw proszku &#8211; Mierzony przep\u0142ywomierzem w systemie Hala zgodnie z norm\u0105 ASTM B213.<\/li>\n<li class=\"whitespace-normal\">G\u0119sto\u015b\u0107 \u2013 Mierzona metod\u0105 piknometryczn\u0105 gazow\u0105 lub pozorn\u0105 metod\u0105 g\u0119sto\u015bci.<\/li>\n<li class=\"whitespace-normal\">Mikrostruktura &#8211; analiza dyfrakcji rentgenowskiej faz obecnych.<\/li>\n<\/ul>\n<p class=\"whitespace-pre-wrap\">Dok\u0142adne testowanie i inspekcja zapewniaj\u0105, \u017ce proszek AlSi12 spe\u0142nia wymagania.<\/p>\n<h2>Por\u00f3wnanie proszk\u00f3w AlSi12 i AlSi10Mg<\/h2>\n<p class=\"whitespace-pre-wrap\">AlSi12 i AlSi10Mg - por\u00f3wnanie dw\u00f3ch proszk\u00f3w ze stop\u00f3w aluminium:<\/p>\n<table>\n<thead>\n<tr>\n<th>Parametr<\/th>\n<th>Proszek AlSi12<\/th>\n<th>Proszek AlSi10Mg<\/th>\n<\/tr>\n<\/thead>\n<tbody>\n<tr>\n<td>Typ stopu<\/td>\n<td>Stop stopowy<\/td>\n<td>Stop metali<\/td>\n<\/tr>\n<tr>\n<td>Tre\u015b\u0107 si<\/td>\n<td>11-13%<\/td>\n<td>9-11%<\/td>\n<\/tr>\n<tr>\n<td>Zawarto\u015b\u0107 Mg<\/td>\n<td>&lt;1%<\/td>\n<td>0.2-0.5%<\/td>\n<\/tr>\n<tr>\n<td>Si\u0142a<\/td>\n<td>Wy\u017cej<\/td>\n<td>Ni\u017cej<\/td>\n<\/tr>\n<tr>\n<td>Odporno\u015b\u0107 na zu\u017cycie<\/td>\n<td>Wy\u015bmienicie<\/td>\n<td>Dobrze<\/td>\n<\/tr>\n<tr>\n<td>Odporno\u015b\u0107 przeciwkorozyjna<\/td>\n<td>\u015arednia<\/td>\n<td>Wy\u015bmienicie<\/td>\n<\/tr>\n<tr>\n<td>Obr\u00f3bka skrawaniem<\/td>\n<td>Bardzo dobre<\/td>\n<td>\u015arednia<\/td>\n<\/tr>\n<tr>\n<td>APLIKACJE<\/td>\n<td>Cz\u0119\u015bci zu\u017cywaj\u0105ce, zarz\u0105dzanie cieplne<\/td>\n<td>Aerospace, cz\u0119\u015bci do \u0142odzi<\/td>\n<\/tr>\n<tr>\n<td>Koszt<\/td>\n<td>Ni\u017cej<\/td>\n<td>Wy\u017cej<\/td>\n<\/tr>\n<\/tbody>\n<\/table>\n<p>&nbsp;<\/p>\n<p class=\"whitespace-pre-wrap\">Stop AlSi12 zapewnia najlepsze po\u0142\u0105czenie w\u0142a\u015bciwo\u015bci zu\u017cycia, obrabialno\u015bci i niskich koszt\u00f3w, podczas gdy AlSi10Mg oferuje wy\u017csz\u0105 wytrzyma\u0142o\u015b\u0107 i odporno\u015b\u0107 na korozj\u0119 wymagan\u0105 w przypadku krytycznych cz\u0119\u015bci strukturalnych.<\/p>\n<h2>Cz\u0119sto zadawane pytania dotycz\u0105ce proszku AlSi12<\/h2>\n<p class=\"whitespace-pre-wrap\"><strong>P: W jaki spos\u00f3b jest produkowany proszek AlSi12?<\/strong><\/p>\n<p class=\"whitespace-pre-wrap\">A: Proszek AlSi12 jest komercyjnie produkowany metod\u0105 rozpylania gazowego i wodnego stopionego stopu. Proszek ten wytwarza si\u0119 r\u00f3wnie\u017c za pomoc\u0105 mielenia mechanicznego.<\/p>\n<p class=\"whitespace-pre-wrap\"><strong>P: Do czego stosuje si\u0119 proszek AlSi12?<\/strong><\/p>\n<p class=\"whitespace-pre-wrap\">A: Stop AlSi12 jest wykorzystywany w produkcji metod\u0105 przyrostow\u0105, wytwarzania cz\u0119\u015bci technik\u0105 metalurgii proszkowej, pow\u0142ok natryskiwanych cieplnie, formowania wtryskowego metali i innych zastosowaniach, w kt\u00f3rych wymagany jest lekki stop o dobrych w\u0142asno\u015bciach zu\u017cycia i obr\u00f3bki mechanicznej.<\/p>\n<p class=\"whitespace-pre-wrap\"><strong>Q: Jakie s\u0105 typowe rozmiary cz\u0105stek proszku AlSi12 stosowanego w AM?<\/strong><\/p>\n<p class=\"whitespace-pre-wrap\">A: Dla wi\u0119kszo\u015bci proces\u00f3w AM zwi\u0105zanych ze spajaniem spoiwem i spiekaniem proszku, idealny zakres wielko\u015bci cz\u0105stek proszku AlSi12 wynosi 20-65 mikron\u00f3w z dobrymi w\u0142a\u015bciwo\u015bciami przep\u0142ywu proszku.<\/p>\n<p class=\"whitespace-pre-wrap\"><strong>P: Czy proszek AlSi12 wymaga specjalnych \u015brodk\u00f3w ostro\u017cno\u015bci w trakcie obs\u0142ugi?<\/strong><\/p>\n<p class=\"whitespace-pre-wrap\">A: Tak, zaleca si\u0119 obchodzenie si\u0119 z proszkiem aluminiowym w warunkach nieutlenionych i unikanie gromadzenia si\u0119 drobnego proszku, aby zminimalizowa\u0107 ryzyko po\u017caru i wybuchu. Nale\u017cy stosowa\u0107 odpowiedni\u0105 wentylacj\u0119 i \u015brodki ochrony osobistej.<\/p>\n<p class=\"whitespace-pre-wrap\"><strong>P: Gdzie mo\u017cna kupi\u0107 proszek AlSi12 w celu wykonania pow\u0142ok odpornych na zu\u017cycie?<\/strong><\/p>\n<p class=\"whitespace-pre-wrap\">A: Specjalizowane gatunki AlSi12 odpowiednie do pow\u0142ok termicznych mog\u0105 zosta\u0107 zakupione od wiod\u0105cych dostawc\u00f3w, takich jak Makin Metal Powders, Alpoco, Belmont Metals i Hoganas.<\/p>\n<p><\/span><\/span><\/p>","protected":false},"excerpt":{"rendered":"<p>Przegl\u0105d proszku AlSi12 AlSi12 lub A413 to aluminiowy stop odlewniczy o stosunkowo wysokiej zawarto\u015bci krzemu. Dodatek krzemu 12% zapewnia dobr\u0105 odporno\u015b\u0107 na zu\u017cycie, niski wsp\u00f3\u0142czynnik rozszerzalno\u015bci cieplnej i wysok\u0105 przewodno\u015b\u0107 ciepln\u0105. Kluczowe w\u0142a\u015bciwo\u015bci proszku AlSi12 obejmuj\u0105: Dobra wytrzyma\u0142o\u015b\u0107 i twardo\u015b\u0107 Doskona\u0142a odporno\u015b\u0107 na zu\u017cycie Dobra stabilno\u015b\u0107 wymiarowa Wysoka przewodno\u015b\u0107 cieplna...<\/p>","protected":false},"featured_media":1800,"parent":0,"template":"","meta":{"_acf_changed":false,"_kad_blocks_custom_css":"","_kad_blocks_head_custom_js":"","_kad_blocks_body_custom_js":"","_kad_blocks_footer_custom_js":"","_kad_post_transparent":"","_kad_post_title":"","_kad_post_layout":"","_kad_post_sidebar_id":"","_kad_post_content_style":"","_kad_post_vertical_padding":"","_kad_post_feature":"","_kad_post_feature_position":"","_kad_post_header":false,"_kad_post_footer":false,"_kad_post_classname":""},"product-category":[119,124],"class_list":["post-3899","product","type-product","status-publish","has-post-thumbnail","hentry","product-category-3d-printing-metal-powder","product-category-aluminum-based-alloy-powder"],"acf":[],"taxonomy_info":{"product-category":[{"value":119,"label":"3D Printing Metal Powder"},{"value":124,"label":"Aluminum Based Alloy Powder"}]},"featured_image_src_large":["https:\/\/3dpmetal.com\/wp-content\/uploads\/2024\/02\/GA-AlSi12.png",960,704,false],"author_info":[],"comment_info":"","_links":{"self":[{"href":"https:\/\/3dpmetal.com\/pl\/wp-json\/wp\/v2\/product\/3899","targetHints":{"allow":["GET"]}}],"collection":[{"href":"https:\/\/3dpmetal.com\/pl\/wp-json\/wp\/v2\/product"}],"about":[{"href":"https:\/\/3dpmetal.com\/pl\/wp-json\/wp\/v2\/types\/product"}],"wp:featuredmedia":[{"embeddable":true,"href":"https:\/\/3dpmetal.com\/pl\/wp-json\/wp\/v2\/media\/1800"}],"wp:attachment":[{"href":"https:\/\/3dpmetal.com\/pl\/wp-json\/wp\/v2\/media?parent=3899"}],"wp:term":[{"taxonomy":"product-category","embeddable":true,"href":"https:\/\/3dpmetal.com\/pl\/wp-json\/wp\/v2\/product-category?post=3899"}],"curies":[{"name":"wp","href":"https:\/\/api.w.org\/{rel}","templated":true}]}}