{"id":3900,"date":"2024-03-18T06:10:12","date_gmt":"2024-03-18T06:10:12","guid":{"rendered":"https:\/\/3dp.45612300.xyz\/product\/al-2024-powder\/"},"modified":"2024-03-18T06:10:12","modified_gmt":"2024-03-18T06:10:12","slug":"al-2024-powder","status":"publish","type":"product","link":"https:\/\/3dpmetal.com\/pl\/product\/al-2024-powder\/","title":{"rendered":"Al 2024 w proszku"},"content":{"rendered":"<p><span style=\"vertical-align: inherit;\"><span style=\"vertical-align: inherit;\"><\/p>\n<h2>Przegl\u0105d proszku Al 2024<\/h2>\n<p class=\"whitespace-pre-wrap\">Al 2024 to jeden z najbardziej popularnych stop\u00f3w z serii 2000, znanych ze swej wytrzyma\u0142o\u015bci, odporno\u015bci na zm\u0119czenie, doskona\u0142ej skrawalno\u015bci i odporno\u015bci na korozj\u0119. Dodatki miedzi umo\u017cliwiaj\u0105 znaczne wzmocnienie przeprowadzane poprzez utwardzanie wydzieleniowe, zachowuj\u0105c jednocze\u015bnie formowalno\u015b\u0107 i spawalno\u015b\u0107.<\/p>\n<p class=\"whitespace-pre-wrap\">G\u0142\u00f3wne cechy proszku Al 2024 obejmuj\u0105:<\/p>\n<ul class=\"list-disc pl-8 space-y-2\">\n<li class=\"whitespace-normal\">Wysoka wytrzyma\u0142o\u015b\u0107 przy \u015bredniej ci\u0105gliwo\u015bci i wytrzyma\u0142o\u015bci<\/li>\n<li class=\"whitespace-normal\">Doskona\u0142a odporno\u015b\u0107 na zm\u0119czenie i p\u0119kanie<\/li>\n<li class=\"whitespace-normal\">Bardzo dobra obrabialno\u015b\u0107 i polerowalno\u015b\u0107<\/li>\n<li class=\"whitespace-normal\">Dobra spawalno\u015b\u0107 i plastyczno\u015b\u0107 obr\u00f3bkowa<\/li>\n<li class=\"whitespace-normal\">Wysokie przewodnictwo cieplne i elektryczne<\/li>\n<li class=\"whitespace-normal\">Dost\u0119pne w r\u00f3\u017cnych rozmiarach i kszta\u0142tach jako proszek<\/li>\n<\/ul>\n<p class=\"whitespace-pre-wrap\">Proszek Al 2024 nadaje si\u0119 do zastosowa\u0144 w lotnictwie i innych wymagaj\u0105cych wysokiej wydajno\u015bci miejscach, gdzie wymagana jest wytrzyma\u0142o\u015b\u0107 w po\u0142\u0105czeniu z mo\u017cliwo\u015bciami produkcji.<\/p>\n<h2>Sk\u0142ad chemiczny proszku Al 2024<\/h2>\n<p class=\"whitespace-pre-wrap\">Typowa zawarto\u015b\u0107 proszku Al 2024 to:<\/p>\n<table>\n<thead>\n<tr>\n<th>Element<\/th>\n<th>Waga %<\/th>\n<\/tr>\n<\/thead>\n<tbody>\n<tr>\n<td>Aluminium (Al)<\/td>\n<td>90.7-94.7%<\/td>\n<\/tr>\n<tr>\n<td>Mied\u017a (Cu)<\/td>\n<td>3.8-4.9%<\/td>\n<\/tr>\n<tr>\n<td>Magnez (Mg)<\/td>\n<td>1.2-1.8%<\/td>\n<\/tr>\n<tr>\n<td>Mangan (Mn)<\/td>\n<td>0.3-0.9%<\/td>\n<\/tr>\n<tr>\n<td>\u017belazo (Fe)<\/td>\n<td>0-0.5%<\/td>\n<\/tr>\n<tr>\n<td>Krzem (Si)<\/td>\n<td>0-0.5%<\/td>\n<\/tr>\n<tr>\n<td>Cynk (Zn)<\/td>\n<td>0-0.25%<\/td>\n<\/tr>\n<tr>\n<td>Chrom (Cr)<\/td>\n<td>0-0.1%<\/td>\n<\/tr>\n<tr>\n<td>Tytan (Ti)<\/td>\n<td>0-0.15%<\/td>\n<\/tr>\n<\/tbody>\n<\/table>\n<p><img loading=\"lazy\" decoding=\"async\" class=\"size-medium wp-image-1409 aligncenter\" src=\"https:\/\/met3dp.com\/wp-content\/uploads\/2023\/09\/ed7a94ec-3c10-4b1b-87ed--300x300.jpg\" alt=\"Al 2024 w proszku\" width=\"300\" height=\"300\" title=\"\"><\/p>\n<p class=\"whitespace-pre-wrap\">Mied\u017a jest g\u0142\u00f3wnym sk\u0142adnikiem stopu, natomiast magnez zapewnia wytrzyma\u0142o\u015b\u0107 poprzez hartowanie wydzielinowe. Inne pierwiastki, takie jak mangan, \u017celazo i chrom, maj\u0105 niewielki wp\u0142yw na w\u0142a\u015bciwo\u015bci mechaniczne.<\/p>\n<h2>W\u0142a\u015bciwo\u015bci proszku Al 2024<\/h2>\n<p class=\"whitespace-pre-wrap\">Kluczowe w\u0142a\u015bciwo\u015bci Al 2024proszku obejmuj\u0105:<\/p>\n<table>\n<thead>\n<tr>\n<th>Nieruchomo\u015b\u0107<\/th>\n<th>Warto\u015b\u0107<\/th>\n<\/tr>\n<\/thead>\n<tbody>\n<tr>\n<td>G\u0119sto\u015b\u0107<\/td>\n<td>2,77 g\/cm3<\/td>\n<\/tr>\n<tr>\n<td>Temperatura topnienia<\/td>\n<td>500-638\u00a1\u00abC<\/td>\n<\/tr>\n<tr>\n<td>Przewodno\u015b\u0107 cieplna<\/td>\n<td>121-190 W\/mK<\/td>\n<\/tr>\n<tr>\n<td>Przewodnictwo elektryczne<\/td>\n<td>26-35% IACS<\/td>\n<\/tr>\n<tr>\n<td>Modu\u0142 Younga<\/td>\n<td>73 GP<\/td>\n<\/tr>\n<tr>\n<td>Wsp\u00f3\u0142czynnik Poissona<\/td>\n<td>0.33<\/td>\n<\/tr>\n<tr>\n<td>Odporno\u015b\u0107 na rozci\u0105ganie<\/td>\n<td>400-500 MPa<\/td>\n<\/tr>\n<tr>\n<td>Wytrzyma\u0142o\u015b\u0107 graniczna<\/td>\n<td>290-385 MPa<\/td>\n<\/tr>\n<tr>\n<td>Wyd\u0142u\u017cenie<\/td>\n<td>8-20%<\/td>\n<\/tr>\n<tr>\n<td>Twardo\u015b\u0107<\/td>\n<td>90-150 Vickersa<\/td>\n<\/tr>\n<\/tbody>\n<\/table>\n<p>&nbsp;<\/p>\n<p class=\"whitespace-pre-wrap\">Dodanie miedzi skutkuje znacznym wzrostem wytrzyma\u0142o\u015bci przy zachowaniu umiarkowanej ci\u0105gliwo\u015bci i doskona\u0142ej odporno\u015bci zm\u0119czeniowej przez utwardzanie wydzieleniowe. Oferuje optymaln\u0105 kombinacj\u0119 w\u0142a\u015bciwo\u015bci dla zastosowa\u0144 o wysokich osi\u0105gach.<\/p>\n<h2>Metoda produkcji proszku Al 2024<\/h2>\n<p class=\"whitespace-pre-wrap\">Metody przemys\u0142owej produkcji proszku Al 2024 obejmuj\u0105:<\/p>\n<ul class=\"list-disc pl-8 space-y-2\">\n<li class=\"whitespace-normal\"><strong>Atomizacja gazu<\/strong>? - Strumie\u0144 stopu w stanie ciek\u0142ym rozpad\u0142 si\u0119 pod wp\u0142ywem strumieni gazu oboj\u0119tnego pod wysokim ci\u015bnieniem na drobny, kulisty proszek. Kontrolowany rozk\u0142ad wielko\u015bci cz\u0105stek.<\/li>\n<li class=\"whitespace-normal\"><strong>Rozpylanie wody<\/strong>?- Uderzenie strugi wody o du\u017cej pr\u0119dko\u015bci i dezintegracja strumienia stopionego metalu w celu wytworzenia drobnego nieregularnego proszku.<\/li>\n<li class=\"whitespace-normal\"><strong>Mechaniczne stopowanie<\/strong>-mielenie kuliste mieszanki py\u0142\u00f3w aluminiowych i stopowych, nast\u0119pnie prasowanie na zimno i spiekanie<\/li>\n<li class=\"whitespace-normal\"><strong>Elektroliza<\/strong>?- Aluminium produkowany poprzez proces elektrolizy, a nast\u0119pnie walcowany i atomizowany.<\/li>\n<\/ul>\n<p class=\"whitespace-pre-wrap\">Atomizacja gazowa zapewnia najlepsz\u0105 kontrol\u0119 nad w\u0142a\u015bciwo\u015bciami cz\u0105stek, takimi jak ich wielko\u015b\u0107, kszta\u0142t i mikrostruktura.<\/p>\n<h2>Zastosowania proszku Al 2024<\/h2>\n<p class=\"whitespace-pre-wrap\">G\u0142\u00f3wne zastosowania proszku Al 2024 obejmuj\u0105:<\/p>\n<ul class=\"list-disc pl-8 space-y-2\">\n<li class=\"whitespace-normal\"><strong>wytwarzanie przyrostowe<\/strong>?- U\u017cywany do selektywnego laserowego topienia, bezpo\u015bredniego spiekania laserowego metali do wytwarzania z\u0142o\u017conych cz\u0119\u015bci lotniczych i motoryzacyjnych.<\/li>\n<li class=\"whitespace-normal\"><strong>Metalowa forma wtrysku<\/strong>?- Wyprodukowano ma\u0142e, skomplikowane cz\u0119\u015bci o dobrych w\u0142a\u015bciwo\u015bciach mechanicznych i odporno\u015bci na korozj\u0119.<\/li>\n<li class=\"whitespace-normal\"><strong>Metalurgia proszk\u00f3w<\/strong>?- Proces prasowania i spiekania do wytwarzania wysokosprawnych cz\u0119\u015bci samochodowych i maszynowych.<\/li>\n<li class=\"whitespace-normal\"><strong>Natryskiwanie termiczne<\/strong>?- Natryskiwanie plazmowe lub \u0142ukiem elektrycznym w celu na\u0142o\u017cenia ochronnych pow\u0142ok z Al 2024 chroni\u0105cych przed zu\u017cyciem i korozj\u0105.<\/li>\n<li class=\"whitespace-normal\"><strong>Dodatki spawalnicze<\/strong>U\u017cywany jako drut\/pr\u0119t spoiwa do spawania \u0142ukowego stop\u00f3w aluminium. Zapewnia doskona\u0142\u0105 wytrzyma\u0142o\u015b\u0107 spoiny.<\/li>\n<li class=\"whitespace-normal\"><strong>Pirotechnika<\/strong>?- Dodatek do sk\u0142ad\u00f3w pirotechnicznych jako paliwo ze wzgl\u0119du na \u0142atwopalno\u015b\u0107 aluminium.<\/li>\n<\/ul>\n<h2>Specyfikacja proszku Al 2024<\/h2>\n<p class=\"whitespace-pre-wrap\">Proszek Al 2024 jest dost\u0119pny w r\u00f3\u017cnych przedzia\u0142ach wielko\u015bci, kszta\u0142tach i gatunkach, w tym:<\/p>\n<ul class=\"list-disc pl-8 space-y-2\">\n<li class=\"whitespace-normal\"><strong>Rozmiar cz\u0105stek:<\/strong>?Od 10 do 150 mikron\u00f3w dla AM, do 300 mikron\u00f3w dla proces\u00f3w natryskiwania cieplnego.<\/li>\n<li class=\"whitespace-normal\"><strong>Morfologia:<\/strong>Cz\u0105stki o kszta\u0142cie kulistym, ziarnistym, dendrytycznym i nieregularnym. G\u0142adki proszek przep\u0142ywa lepiej.<\/li>\n<li class=\"whitespace-normal\"><strong>Stopnie<\/strong>Zgodny ze specyfikacjami AMS 4255, ASTM B221, EN 573-3, ISO 209 i innymi klasami dostosowanymi do potrzeb klient\u00f3w.<\/li>\n<li class=\"whitespace-normal\"><strong>Czysto\u015b\u0107:<\/strong>?Od stopni komercyjnych do wysokiego stopnia czysto\u015bci, w zale\u017cno\u015bci od sk\u0142adu chemicznego i wymaga\u0144 zastosowania.<\/li>\n<\/ul>\n<h2>Globalni Dostawcy Proszku Al 2024<\/h2>\n<p class=\"whitespace-pre-wrap\">Kilka globalnych g\u0142\u00f3wnych dostawc\u00f3w:<\/p>\n<ul class=\"list-disc pl-8 space-y-2\">\n<li class=\"whitespace-normal\">Sandvik Osprey (UK)<\/li>\n<li class=\"whitespace-normal\">Valimet Inc. (USA)<\/li>\n<li class=\"whitespace-normal\">TLS Technik (Niemcy)<\/li>\n<li class=\"whitespace-normal\">CNPC Powder Group (Chiny)<\/li>\n<li class=\"whitespace-normal\">Metal Powder Company (USA)<\/li>\n<li class=\"whitespace-normal\">Makin Metal Powders (Wielka Brytania)<\/li>\n<li class=\"whitespace-normal\">AMETEK Reading Alloys (USA)<\/li>\n<\/ul>\n<p class=\"whitespace-pre-wrap\">Firmy te produkuj\u0105 sproszkowane aluminium Al 2024 nadaj\u0105ce si\u0119 do wytwarzania przyrostowego, natryskiwania cieplnego, zastosowa\u0144 samochodowych i lotniczych oraz innych wymagaj\u0105cych zastosowa\u0144.<\/p>\n<h2>Ceny proszku Al 2024<\/h2>\n<p class=\"whitespace-pre-wrap\">Koszt proszku Al 2024 uzale\u017cniony jest od czynnik\u00f3w takich jak:<\/p>\n<ul class=\"list-disc pl-8 space-y-2\">\n<li class=\"whitespace-normal\">Poziomy czysto\u015bci<\/li>\n<li class=\"whitespace-normal\">Charakterystyka i jako\u015b\u0107 proszku<\/li>\n<li class=\"whitespace-normal\">Metoda produkcji<\/li>\n<li class=\"whitespace-normal\">Ilo\u015b\u0107 zam\u00f3wienia<\/li>\n<li class=\"whitespace-normal\">Dostawca i lokalizacja<\/li>\n<\/ul>\n<table>\n<thead>\n<tr>\n<th>Stopie\u0144<\/th>\n<th>Przedzia\u0142 cenowy<\/th>\n<\/tr>\n<\/thead>\n<tbody>\n<tr>\n<td>Reklama<\/td>\n<td>8-15 z\u0142 za kg<\/td>\n<\/tr>\n<tr>\n<td>Wysoka czysto\u015b\u0107<\/td>\n<td>$15\u201330 za kg<\/td>\n<\/tr>\n<tr>\n<td>Ultradrobne<\/td>\n<td>30\u201360 z\u0142 za kg<\/td>\n<\/tr>\n<tr>\n<td>Klasa specjalna<\/td>\n<td>50-100 za kg<\/td>\n<\/tr>\n<\/tbody>\n<\/table>\n<p>&nbsp;<\/p>\n<p class=\"whitespace-pre-wrap\">Wysokiej czysto\u015bci stopy atomizowane gazem i niestandardowe stopy s\u0105 znacznie dro\u017csze ni\u017c zwyk\u0142e gatunki handlowe proszku.<\/p>\n<h2>Przechowywanie i obchodzenie si\u0119 z proszkiem Al 2024<\/h2>\n<p class=\"whitespace-pre-wrap\">Proszek Al 2024 wymaga ostro\u017cnego przechowywania i obchodzenia si\u0119, aby zapobiec:<\/p>\n<ul class=\"list-disc pl-8 space-y-2\">\n<li class=\"whitespace-normal\">Utlenianie i reakcja z wilgoci\u0105<\/li>\n<li class=\"whitespace-normal\">Wybuchy py\u0142owe z zap\u0142onu drobnego proszku<\/li>\n<li class=\"whitespace-normal\">Problemy zdrowotne zwi\u0105zane z wdychaniem<\/li>\n<li class=\"whitespace-normal\">Nale\u017cy przestrzega\u0107 praktyk bezpiecze\u0144stwa zalecanych przez dostawc\u0119<\/li>\n<\/ul>\n<p class=\"whitespace-pre-wrap\">Podczas manipulowania proszkiem nale\u017cy zastosowa\u0107 gazy oboj\u0119tne jako warstw\u0119 ochronn\u0105, odpowiednie uziemienie, wentylacj\u0119 i odzie\u017c ochronn\u0105.<\/p>\n<h2>Metody testowania i charakteryzacji<\/h2>\n<p class=\"whitespace-pre-wrap\">Kluczowe metody testowania stosowane dla proszku Al 2024 obejmuj\u0105:<\/p>\n<ul class=\"list-disc pl-8 space-y-2\">\n<li class=\"whitespace-normal\">Analiza chemiczna przy u\u017cyciu spektroskopii OES lub XRF<\/li>\n<li class=\"whitespace-normal\">Dystrybucja wielko\u015bci cz\u0105stek zgodnie z norm\u0105 ASTM B822<\/li>\n<li class=\"whitespace-normal\">Analiza morfologii z zastosowaniem skaningowego mikroskopu elektronowego<\/li>\n<li class=\"whitespace-normal\">Pomiar przep\u0142ywu proszku za pomoc\u0105 przep\u0142ywomierza Halla<\/li>\n<li class=\"whitespace-normal\">Pomiar g\u0119sto\u015bci metod\u0105 piknometrii helowej<\/li>\n<li class=\"whitespace-normal\">Badania zanieczyszcze\u0144 za pomoc\u0105 ICP-MS<\/li>\n<li class=\"whitespace-normal\">Badanie mikrostruktury metod\u0105 dyfrakcji rentgenowskiej<\/li>\n<\/ul>\n<p class=\"whitespace-pre-wrap\">Te testy zapewniaj\u0105, \u017ce proszek spe\u0142nia normatywn\u0105 chemi\u0119, wymagania fizyczne i mikrostruktur\u0119 w zale\u017cno\u015bci od potrzeb.<\/p>\n<h2>Por\u00f3wnanie proszku Al 2024 i Al 7075<\/h2>\n<p class=\"whitespace-pre-wrap\">Por\u00f3wnywalny proszki stop\u00f3w aluminium o wysokiej wytrzyma\u0142o\u015bci: Al 2024 i Al 7075:<\/p>\n<table>\n<thead>\n<tr>\n<th>Parametr<\/th>\n<th>Do 2024 roku<\/th>\n<th>Al 7075<\/th>\n<\/tr>\n<\/thead>\n<tbody>\n<tr>\n<td>Typ stopu<\/td>\n<td>UTWARDZANE CIEPLNE<\/td>\n<td>UTWARDZANE CIEPLNE<\/td>\n<\/tr>\n<tr>\n<td>Zawarto\u015b\u0107 Cu<\/td>\n<td>3.8-4.9%<\/td>\n<td>1.2-2%<\/td>\n<\/tr>\n<tr>\n<td>Zawarto\u015b\u0107 Zn<\/td>\n<td>0-0.25%<\/td>\n<td>5.1-6.1%<\/td>\n<\/tr>\n<tr>\n<td>Si\u0142a<\/td>\n<td>Wysoki<\/td>\n<td>Bardzo wysokie<\/td>\n<\/tr>\n<tr>\n<td>Wytrzyma\u0142o\u015b\u0107 z\u0142amania<\/td>\n<td>Wy\u017cej<\/td>\n<td>\u015arednia<\/td>\n<\/tr>\n<tr>\n<td>Odporno\u015b\u0107 przeciwkorozyjna<\/td>\n<td>Dobrze<\/td>\n<td>\u015arednia<\/td>\n<\/tr>\n<tr>\n<td>Zdatno\u015b\u0107 spawalnicza<\/td>\n<td>Uczciwa<\/td>\n<td>Biedny<\/td>\n<\/tr>\n<tr>\n<td>Koszt<\/td>\n<td>Ni\u017cej<\/td>\n<td>Wy\u017cej<\/td>\n<\/tr>\n<\/tbody>\n<\/table>\n<p>&nbsp;<\/p>\n<p class=\"whitespace-pre-wrap\">Al 2024 zapewnia lepsz\u0105 zdolno\u015b\u0107 obr\u00f3bki, natomiast Al 7075 zapewnia bardzo wysok\u0105 wytrzyma\u0142o\u015b\u0107 po obr\u00f3bce cieplnej. Al 2024 jest bardziej op\u0142acalny.<\/p>\n<h2>Al 2024 Pytania i odpowiedzi<\/h2>\n<p class=\"whitespace-pre-wrap\"><strong>P: W jaki spos\u00f3b wytwarza si\u0119 proszek Al 2024?<\/strong><\/p>\n<p class=\"whitespace-pre-wrap\">A: Proszki Al 2024 wytwarzane s\u0105 przemys\u0142owo przy u\u017cyciu technik atomizacji gazowej, atomizacji wodnej, mechanicznej stopowania i elektrolizy. Atomizacja gazowa zapewnia najlepsz\u0105 kontrol\u0119 nad rozmiarem i morfologi\u0105 cz\u0105stek.<\/p>\n<p class=\"whitespace-pre-wrap\"><strong>P: Jakie s\u0105 g\u0142\u00f3wne zastosowania proszku Al 2024?<\/strong><\/p>\n<p class=\"whitespace-pre-wrap\">A: G\u0142\u00f3wnymi zastosowaniami s\u0105: wytwarzanie przyrostowe, natryskiwanie cieplne, metalurgia proszk\u00f3w, metaloplastyka, spoiwa spawalnicze i kompozycje pirotechniczne wymagaj\u0105ce wysokiej wytrzyma\u0142o\u015bci i dobrej odporno\u015bci na korozj\u0119.<\/p>\n<p class=\"whitespace-pre-wrap\"><strong>P: Jaki jest typowy rozmiar cz\u0105stek proszku Al 2024 u\u017cywanego do produkcji AM?<\/strong><\/p>\n<p class=\"whitespace-pre-wrap\">A: W wi\u0119kszo\u015bci proces\u00f3w drukowania metalu 3D zakres idealnej wielko\u015bci cz\u0105stek proszku Al 2024 wynosi 15-45 mikron\u00f3w z kulist\u0105 morfologi\u0105 i dobrymi w\u0142a\u015bciwo\u015bciami p\u0142yni\u0119cia.<\/p>\n<p class=\"whitespace-pre-wrap\"><strong>P: Czy \u067e\u0648\u062f\u0631 Al 2024 wymaga specjalnych \u015brodk\u00f3w ostro\u017cno\u015bci podczas obs\u0142ugi?<\/strong><\/p>\n<p class=\"whitespace-pre-wrap\">A: Tak, zaleca si\u0119 prac\u0119 z drobnymi proszkami z aluminium w gazach oboj\u0119tnych, stosuj\u0105c odpowiednie uziemienie, wentylacj\u0119 i \u015brodki ochrony indywidualnej, aby zapobiec ryzyku po\u017caru i wybuch\u00f3w.<\/p>\n<p class=\"whitespace-pre-wrap\"><strong>Q: Gdzie mog\u0119 kupi\u0107 proszek Al 2024 odpowiedni do komponent\u00f3w lotniczych?<\/strong><\/p>\n<p class=\"whitespace-pre-wrap\">A: Py\u0142y z atomizowanego gazu wysokiej czysto\u015bci Al 2024 spe\u0142niaj\u0105ce wymagania sektora lotniczego mo\u017cna znale\u017a\u0107 w firmach takich jak Sandvik Osprey, Valimet Inc., TLS Technik i AMETEK Reading Alloys.<\/p>\n<p><\/span><\/span><\/p>","protected":false},"excerpt":{"rendered":"<p>Przegl\u0105d proszku Al 2024 Al 2024 to jeden z najpopularniejszych kutych stop\u00f3w aluminium serii 2000, znany ze swojej wytrzyma\u0142o\u015bci, odporno\u015bci na zm\u0119czenie oraz doskona\u0142ej skrawalno\u015bci i odporno\u015bci na korozj\u0119. Dodatki miedzi zapewniaj\u0105 znaczne wzmocnienie poprzez utwardzanie wydzieleniowe przy jednoczesnym zachowaniu plastyczno\u015bci i spawalno\u015bci. Kluczowe cechy proszku Al 2024 obejmuj\u0105: Wysoka wytrzyma\u0142o\u015b\u0107 przy umiarkowanej...<\/p>","protected":false},"featured_media":1802,"parent":0,"template":"","meta":{"_acf_changed":false,"_kad_blocks_custom_css":"","_kad_blocks_head_custom_js":"","_kad_blocks_body_custom_js":"","_kad_blocks_footer_custom_js":"","_kad_post_transparent":"","_kad_post_title":"","_kad_post_layout":"","_kad_post_sidebar_id":"","_kad_post_content_style":"","_kad_post_vertical_padding":"","_kad_post_feature":"","_kad_post_feature_position":"","_kad_post_header":false,"_kad_post_footer":false,"_kad_post_classname":""},"product-category":[119,124],"class_list":["post-3900","product","type-product","status-publish","has-post-thumbnail","hentry","product-category-3d-printing-metal-powder","product-category-aluminum-based-alloy-powder"],"acf":[],"taxonomy_info":{"product-category":[{"value":119,"label":"3D Printing Metal Powder"},{"value":124,"label":"Aluminum Based Alloy Powder"}]},"featured_image_src_large":["https:\/\/3dpmetal.com\/wp-content\/uploads\/2024\/02\/GA-Al-2024.png",981,745,false],"author_info":[],"comment_info":"","_links":{"self":[{"href":"https:\/\/3dpmetal.com\/pl\/wp-json\/wp\/v2\/product\/3900","targetHints":{"allow":["GET"]}}],"collection":[{"href":"https:\/\/3dpmetal.com\/pl\/wp-json\/wp\/v2\/product"}],"about":[{"href":"https:\/\/3dpmetal.com\/pl\/wp-json\/wp\/v2\/types\/product"}],"wp:featuredmedia":[{"embeddable":true,"href":"https:\/\/3dpmetal.com\/pl\/wp-json\/wp\/v2\/media\/1802"}],"wp:attachment":[{"href":"https:\/\/3dpmetal.com\/pl\/wp-json\/wp\/v2\/media?parent=3900"}],"wp:term":[{"taxonomy":"product-category","embeddable":true,"href":"https:\/\/3dpmetal.com\/pl\/wp-json\/wp\/v2\/product-category?post=3900"}],"curies":[{"name":"wp","href":"https:\/\/api.w.org\/{rel}","templated":true}]}}