{"id":3901,"date":"2024-03-18T06:10:12","date_gmt":"2024-03-18T06:10:12","guid":{"rendered":"https:\/\/3dp.45612300.xyz\/product\/al-6061-powder\/"},"modified":"2024-03-18T06:10:12","modified_gmt":"2024-03-18T06:10:12","slug":"al-6061-powder","status":"publish","type":"product","link":"https:\/\/3dpmetal.com\/pl\/product\/al-6061-powder\/","title":{"rendered":"Al 6061 w proszku"},"content":{"rendered":"<p><span style=\"vertical-align: inherit;\"><span style=\"vertical-align: inherit;\"><\/p>\n<h2>Przegl\u0105d Al 6061 Powder<\/h2>\n<p class=\"whitespace-pre-wrap\">Stop 6061 jest jednym z najbardziej uniwersalnych aluminium z mo\u017cliwo\u015bci\u0105 obr\u00f3bki cieplnej. Dodatki magnezu i krzemu pozwalaj\u0105 na jego wzmocnienie poprzez utwardzanie wydzieleniowe. Stop sta\u0142 si\u0119 niezwykle popularny dzi\u0119ki swojej doskona\u0142ej odporno\u015bci na korozj\u0119, obrabialno\u015bci, spawalno\u015bci oraz \u015bredniej do wysokiej wytrzyma\u0142o\u015bci.<\/p>\n<p class=\"whitespace-pre-wrap\">Kluczowe cechy proszku Al 6061 obejmuj\u0105:<\/p>\n<ul class=\"list-disc pl-8 space-y-2\">\n<li class=\"whitespace-normal\">\u015arednia do wysokiej wytrzyma\u0142o\u015bci z doskona\u0142\u0105 plastyczno\u015bci\u0105 i wytrzyma\u0142o\u015bci\u0105<\/li>\n<li class=\"whitespace-normal\">Doskona\u0142a odporno\u015b\u0107 na korozj\u0119 i mo\u017cliwo\u015b\u0107 wyko\u0144czenia<\/li>\n<li class=\"whitespace-normal\">Bardzo dobra spawalno\u015b\u0107 i obrabialno\u015b\u0107<\/li>\n<li class=\"whitespace-normal\">Wysokie przewodnictwo cieplne i elektryczne<\/li>\n<li class=\"whitespace-normal\">Niska g\u0119sto\u015b\u0107<\/li>\n<li class=\"whitespace-normal\">Dost\u0119pne w szerokiej gamie rozmiar\u00f3w i kszta\u0142t\u00f3w proszku<\/li>\n<\/ul>\n<p class=\"whitespace-pre-wrap\">Proszek Al 6061 jest powszechnie stosowany w lotnictwie, marynarce, przemy\u015ble motoryzacyjnym, budowlanym i og\u00f3lnej in\u017cynierii, gdzie wymagane s\u0105 niskie warto\u015bci masy i dobre w\u0142a\u015bciwo\u015bci mechaniczne.<\/p>\n<h2>Sk\u0142ad chemiczny proszku Al 6061<\/h2>\n<p class=\"whitespace-pre-wrap\">Typowa sk\u0142ad chemiczny sproszkowanego Al 6061:<\/p>\n<table>\n<thead>\n<tr>\n<th>Element<\/th>\n<th>Waga %<\/th>\n<\/tr>\n<\/thead>\n<tbody>\n<tr>\n<td>Aluminium (Al)<\/td>\n<td>R\u00f3wnowaga<\/td>\n<\/tr>\n<tr>\n<td>Krzem (Si)<\/td>\n<td>0.4-0.8%<\/td>\n<\/tr>\n<tr>\n<td>\u017belazo (Fe)<\/td>\n<td>0-0.7%<\/td>\n<\/tr>\n<tr>\n<td>Mied\u017a (Cu)<\/td>\n<td>0.15-0.4%<\/td>\n<\/tr>\n<tr>\n<td>Mangan (Mn)<\/td>\n<td>0-0.15%<\/td>\n<\/tr>\n<tr>\n<td>Magnez (Mg)<\/td>\n<td>0.8-1.2%<\/td>\n<\/tr>\n<tr>\n<td>Chrom (Cr)<\/td>\n<td>0.04-0.35%<\/td>\n<\/tr>\n<tr>\n<td>Cynk (Zn)<\/td>\n<td>0-0.25%<\/td>\n<\/tr>\n<tr>\n<td>Tytan (Ti)<\/td>\n<td>0-0.15%<\/td>\n<\/tr>\n<\/tbody>\n<\/table>\n<p><img loading=\"lazy\" decoding=\"async\" class=\"size-medium wp-image-1409 aligncenter\" src=\"https:\/\/met3dp.com\/wp-content\/uploads\/2023\/09\/ed7a94ec-3c10-4b1b-87ed--300x300.jpg\" alt=\"Al 6061 w proszku\" width=\"300\" height=\"300\" title=\"\"><\/p>\n<p class=\"whitespace-pre-wrap\">Magnez i krzem s\u0105 kluczowymi pierwiastkami stopowymi. \u015aladowe ilo\u015bci \u017celaza, miedzi, manganu i chromu r\u00f3wnie\u017c maj\u0105 niewielki wp\u0142yw na w\u0142a\u015bciwo\u015bci stopu.<\/p>\n<h2>W\u0142a\u015bciwo\u015bci Al 6061 Powder<\/h2>\n<p class=\"whitespace-pre-wrap\">Kluczowe w\u0142a\u015bciwo\u015bci proszku Al 6061 to:<\/p>\n<table>\n<thead>\n<tr>\n<th>Nieruchomo\u015b\u0107<\/th>\n<th>Warto\u015b\u0107<\/th>\n<\/tr>\n<\/thead>\n<tbody>\n<tr>\n<td>G\u0119sto\u015b\u0107<\/td>\n<td>2,7 g\/cm3<\/td>\n<\/tr>\n<tr>\n<td>Temperatura topnienia<\/td>\n<td>582-652\u00a1\u00abC<\/td>\n<\/tr>\n<tr>\n<td>Przewodno\u015b\u0107 cieplna<\/td>\n<td>167 W\/mK<\/td>\n<\/tr>\n<tr>\n<td>Przewodnictwo elektryczne<\/td>\n<td>43-45% IACS<\/td>\n<\/tr>\n<tr>\n<td>Modu\u0142 Younga<\/td>\n<td>68-72 GPa<\/td>\n<\/tr>\n<tr>\n<td>Wsp\u00f3\u0142czynnik Poissona<\/td>\n<td>0.33<\/td>\n<\/tr>\n<tr>\n<td>Odporno\u015b\u0107 na rozci\u0105ganie<\/td>\n<td>124-290 MPa<\/td>\n<\/tr>\n<tr>\n<td>Wytrzyma\u0142o\u015b\u0107 graniczna<\/td>\n<td>55-250 MPa<\/td>\n<\/tr>\n<tr>\n<td>Wyd\u0142u\u017cenie<\/td>\n<td>10-25%<\/td>\n<\/tr>\n<tr>\n<td>Twardo\u015b\u0107<\/td>\n<td>40-95 Brinella<\/td>\n<\/tr>\n<\/tbody>\n<\/table>\n<p>&nbsp;<\/p>\n<p class=\"whitespace-pre-wrap\">Al 6061 oferuje \u015bredni\u0105 do wysokiej wytrzyma\u0142o\u015bci, kt\u00f3r\u0105 mo\u017cna dodatkowo poprawi\u0107 przez obr\u00f3bk\u0119 ciepln\u0105. Charakteryzuje si\u0119 doskona\u0142\u0105 odporno\u015bci\u0105 na korozj\u0119 i daje si\u0119 wyka\u0144cza\u0107 na r\u00f3\u017cne sposoby.<\/p>\n<h2>Metoda produkcji proszku Al 6061<\/h2>\n<p class=\"whitespace-pre-wrap\">Metody produkcji komercyjnej dla py\u0142u Al 6061 obejmuj\u0105:<\/p>\n<ul class=\"list-disc pl-8 space-y-2\">\n<li class=\"whitespace-normal\"><strong>Atomizacja gazu<\/strong>?- Wysokoci\u015bnieniowy gaz oboj\u0119tny rozbija strumie\u0144 stopionego stopu na drobny, kulisty proszek o kontrolowanym rozk\u0142adzie wielko\u015bci.<\/li>\n<li class=\"whitespace-normal\"><strong>Rozpylanie wody<\/strong>-?- Uderzenie strumienia wody o wysokiej pr\u0119dko\u015bci i rozpad Stopionego metalu w celu otrzymania drobnych nieregularnych cz\u0105stek proszku.<\/li>\n<li class=\"whitespace-normal\"><strong>Mechaniczne stopowanie<\/strong>- Frezowanie kulowe mieszanki proszku z aluminium i stopu metali z p\u00f3\u017aniejszym prasowaniem i spiekaniem.<\/li>\n<\/ul>\n<p class=\"whitespace-pre-wrap\">Atomizacja gazowa zapewnia lepsz\u0105 kontrol\u0119 nad w\u0142a\u015bciwo\u015bciami proszku.<\/p>\n<h2>Zastosowania Al 6061 Powder<\/h2>\n<p class=\"whitespace-pre-wrap\">Typowe zastosowania proszku Al 6061 obejmuj\u0105:<\/p>\n<ul class=\"list-disc pl-8 space-y-2\">\n<li class=\"whitespace-normal\"><strong>wytwarzanie przyrostowe<\/strong>?- Wykorzystywany w technologiach selektywnego topienia laserowego, topienia wi\u0105zk\u0105 elektron\u00f3w oraz drukowania w technologii Binder Jetting do produkcji z\u0142o\u017conych podzespo\u0142\u00f3w.<\/li>\n<li class=\"whitespace-normal\"><strong>Metalowa forma wtrysku<\/strong>- Wytworzenie niewielkich, skomplikowanych cz\u0119\u015bci o \u015bcis\u0142ych tolerancjach i znakomitych w\u0142a\u015bciwo\u015bciach.<\/li>\n<li class=\"whitespace-normal\"><strong>Metalurgia proszk\u00f3w<\/strong>?- Proces prasowania i spiekania do produkcji wysokiej jako\u015bci cz\u0119\u015bci motoryzacyjnych i mechanicznych.<\/li>\n<li class=\"whitespace-normal\"><strong>Natryskiwanie termiczne<\/strong>?- Natryskiwanie \u0142ukiem natryskowym, aby nak\u0142ada\u0107 ochronne pow\u0142oki aluminiowe Al 6061, charakteryzuj\u0105ce si\u0119 odporno\u015bci\u0105 na \u015bcieranie i korozj\u0119.<\/li>\n<li class=\"whitespace-normal\"><strong>Dodatki spawalnicze<\/strong>?- U\u017cywany jako drut wype\u0142niaj\u0105cy w celu uzyskania spoiny o wytrzyma\u0142o\u015bci podobnej do materia\u0142u bazowego.<\/li>\n<li class=\"whitespace-normal\"><strong>Pigmenty<\/strong>?- Dodawany do farb i polimer\u00f3w w celu uzyskania po\u0142ysku i ochrony antykorozyjnej.<\/li>\n<\/ul>\n<h2>Dane techniczne proszku Al 6061<\/h2>\n<p class=\"whitespace-pre-wrap\">Proszek Al 6061 jest dost\u0119pny w r\u00f3\u017cnych zakresach wielko\u015bci, kszta\u0142t\u00f3w, gatunk\u00f3w i poziomach czysto\u015bci:<\/p>\n<ul class=\"list-disc pl-8 space-y-2\">\n<li class=\"whitespace-normal\"><strong>Rozmiar cz\u0105stek:<\/strong>?Od 10-150 mikron\u00f3w dla metod addytywnych, do 300 mikron\u00f3w dla proces\u00f3w natryskiwania cieplnego.<\/li>\n<li class=\"whitespace-normal\"><strong>Morfologia:<\/strong>Cz\u0105stki o kszta\u0142cie kulistym, ziarnistym, dendrytycznym i nieregularnym. G\u0142adki proszek przep\u0142ywa lepiej.<\/li>\n<li class=\"whitespace-normal\"><strong>Czysto\u015b\u0107:<\/strong>?Od komercyjnych do o wysokiej czysto\u015bci (99,9%) dostosowanych do potrzeb.<\/li>\n<li class=\"whitespace-normal\"><strong>Stopnie<\/strong>Zgodne ze specyfikacjami ASTM B221, EN 573 i ISO 209. Dost\u0119pne niestandardowe klasy.<\/li>\n<li class=\"whitespace-normal\"><strong>P\u0142ynno\u015b\u0107:<\/strong>Proch mo\u017cna dostosowa\u0107 do konkretnych szybkosci przep\u0142ywu w oparciu o zastosowanie.<\/li>\n<\/ul>\n<h2>Globalni Dostawcy Proszku Al 6061<\/h2>\n<p class=\"whitespace-pre-wrap\">Niekt\u00f3rzy z g\u0142\u00f3wnych, globalnych dostawc\u00f3w to:<\/p>\n<ul class=\"list-disc pl-8 space-y-2\">\n<li class=\"whitespace-normal\">Valimet Inc. (USA)<\/li>\n<li class=\"whitespace-normal\">Makin Metal Powders (Wielka Brytania)<\/li>\n<li class=\"whitespace-normal\">Metal Powder Company (USA)<\/li>\n<li class=\"whitespace-normal\">CNPC Powder Group (Chiny)<\/li>\n<li class=\"whitespace-normal\">SCM Metal Products (USA)<\/li>\n<li class=\"whitespace-normal\">Szanghaj Chaowei Nanotechnology (Chiny)<\/li>\n<li class=\"whitespace-normal\">Proch tytanowy (Rosja)<\/li>\n<\/ul>\n<p class=\"whitespace-pre-wrap\">Te firmy produkuj\u0105 proszk Al 6061 nadaj\u0105cy si\u0119 do produkcji addytywnej, natryskiwania cieplnego, w przemy\u015ble lotniczym, motoryzacyjnym i innych wymagaj\u0105cych zastosowa\u0144 przy u\u017cyciu r\u00f3\u017cnych metod.<\/p>\n<h2>Cennik sproszkowanego aluminium 6061<\/h2>\n<p class=\"whitespace-pre-wrap\">Cena proszku Al 6061 zale\u017cy od kilku czynnik\u00f3w:<\/p>\n<ul class=\"list-disc pl-8 space-y-2\">\n<li class=\"whitespace-normal\">Poziomy czysto\u015bci<\/li>\n<li class=\"whitespace-normal\">Charakterystyki cz\u0105stek<\/li>\n<li class=\"whitespace-normal\">Metoda produkcji proszk\u00f3w<\/li>\n<li class=\"whitespace-normal\">Wolumen zam\u00f3wie\u0144<\/li>\n<li class=\"whitespace-normal\">Dostawca i lokalizacja geograficzna<\/li>\n<\/ul>\n<table>\n<thead>\n<tr>\n<th>Stopie\u0144<\/th>\n<th>Przedzia\u0142 cenowy<\/th>\n<\/tr>\n<\/thead>\n<tbody>\n<tr>\n<td>Reklama<\/td>\n<td>5-15 z\u0142 za kilogram<\/td>\n<\/tr>\n<tr>\n<td>Wysoka czysto\u015b\u0107<\/td>\n<td>$15\u201330 za kg<\/td>\n<\/tr>\n<tr>\n<td>Ultradrobne<\/td>\n<td>30\u201360 z\u0142 za kg<\/td>\n<\/tr>\n<tr>\n<td>Klasa specjalna<\/td>\n<td>60-120 PLN za kg<\/td>\n<\/tr>\n<\/tbody>\n<\/table>\n<p>&nbsp;<\/p>\n<p class=\"whitespace-pre-wrap\">Sferyczne cz\u0105steczki kontrolowanej wielko\u015bci i proszki o wysokiej czysto\u015bci uzyskuj\u0105 znacznie wy\u017csze ceny ni\u017c zwyk\u0142e gatunki komercyjne proszku Al 6061.<\/p>\n<h2>Magazynowanie i post\u0119powanie z proszkiem Al 6061<\/h2>\n<p class=\"whitespace-pre-wrap\">Proszek Al 6061 nale\u017cy w\u0142a\u015bciwie obs\u0142ugiwa\u0107 oraz przechowywa\u0107, aby zapobiec:<\/p>\n<ul class=\"list-disc pl-8 space-y-2\">\n<li class=\"whitespace-normal\">Utlenianie i reakcja z wilgoci\u0105<\/li>\n<li class=\"whitespace-normal\">Zagro\u017cenia zwi\u0105zane z py\u0142em i wybuchami py\u0142\u00f3w<\/li>\n<li class=\"whitespace-normal\">Problemy zdrowotne zwi\u0105zane z wdychaniem<\/li>\n<li class=\"whitespace-normal\">Nale\u017cy przestrzega\u0107 praktyk bezpiecze\u0144stwa z karty charakterystyki dostawcy<\/li>\n<\/ul>\n<p class=\"whitespace-pre-wrap\">Podczas obs\u0142ugi proszku zalecane s\u0105 magazyny gaz\u00f3w oboj\u0119tnych, odpowiednia wentylacja, uziemienie i \u015brodki ochrony osobistej.<\/p>\n<h2>Metody testowania i charakteryzacji<\/h2>\n<p class=\"whitespace-pre-wrap\">Kluczowe metody testowania stosowane w przypadku proszku Al 6061 obejmuj\u0105:<\/p>\n<ul class=\"list-disc pl-8 space-y-2\">\n<li class=\"whitespace-normal\">Analiza chemiczna w celu ustalenia sk\u0142adu z wykorzystaniem OES lub XRF<\/li>\n<li class=\"whitespace-normal\">Dystrybucja wielko\u015bci cz\u0105stek zgodnie z norm\u0105 ASTM B822<\/li>\n<li class=\"whitespace-normal\">Analiza morfologiczna za pomoc\u0105 SEM<\/li>\n<li class=\"whitespace-normal\">Przep\u0142yw proszku mierzony z u\u017cyciem lejka przep\u0142ywowego Hall<\/li>\n<li class=\"whitespace-normal\">Oznaczanie g\u0119sto\u015bci za pomoc\u0105 piknometru helowego<\/li>\n<li class=\"whitespace-normal\">Badanie zanieczyszcze\u0144 za pomoc\u0105 ICP-MS<\/li>\n<li class=\"whitespace-normal\">Badanie mikrostruktury metod\u0105 dyfrakcji rentgenowskiej<\/li>\n<\/ul>\n<p class=\"whitespace-pre-wrap\">Te testy zapewniaj\u0105 sp\u00f3jno\u015b\u0107 partii i zgodno\u015b\u0107 z wymaganiami aplikacji.<\/p>\n<h2>Por\u00f3wnanie proszk\u00f3w Al 6061 do proszk\u00f3w Al 7075<\/h2>\n<p class=\"whitespace-pre-wrap\">Al 6061 i Al 7075 to dwa proszki aluminiowych stop\u00f3w poddane por\u00f3wnaniu:<\/p>\n<table>\n<thead>\n<tr>\n<th>Parametr<\/th>\n<th>Al 6061<\/th>\n<th>Al 7075<\/th>\n<\/tr>\n<\/thead>\n<tbody>\n<tr>\n<td>Typ stopu<\/td>\n<td>UTWARDZANE CIEPLNE<\/td>\n<td>UTWARDZANE CIEPLNE<\/td>\n<\/tr>\n<tr>\n<td>Zawarto\u015b\u0107 Mg<\/td>\n<td>0.8-1.2%<\/td>\n<td>2.1-2.9%<\/td>\n<\/tr>\n<tr>\n<td>Si\u0142a<\/td>\n<td>\u015arednie<\/td>\n<td>Bardzo wysokie<\/td>\n<\/tr>\n<tr>\n<td>Obr\u00f3bka mechaniczna<\/td>\n<td>Wy\u015bmienicie<\/td>\n<td>Biedny<\/td>\n<\/tr>\n<tr>\n<td>Zdatno\u015b\u0107 spawalnicza<\/td>\n<td>Wy\u015bmienicie<\/td>\n<td>Biedny<\/td>\n<\/tr>\n<tr>\n<td>Odporno\u015b\u0107 przeciwkorozyjna<\/td>\n<td>Wy\u015bmienicie<\/td>\n<td>Dobrze<\/td>\n<\/tr>\n<tr>\n<td>Koszt<\/td>\n<td>Ni\u017cej<\/td>\n<td>Wy\u017cej<\/td>\n<\/tr>\n<\/tbody>\n<\/table>\n<p>&nbsp;<\/p>\n<p class=\"whitespace-pre-wrap\">Al 6061 oferuje lepsz\u0105 odporno\u015b\u0107 na korozj\u0119 i daje si\u0119 lepiej obrabia\u0107, natomiast Al 7075 zapewnia znacznie wi\u0119ksz\u0105 wytrzyma\u0142o\u015b\u0107 po obr\u00f3bce cieplnej.<\/p>\n<h2>Najcz\u0119\u015bciej zadawane pytania o proszek aluminium 6061<\/h2>\n<p class=\"whitespace-pre-wrap\"><strong>P: W jaki spos\u00f3b wytwarza si\u0119 proszek Al 6061?<\/strong><\/p>\n<p class=\"whitespace-pre-wrap\">A: Proszek Al 6061 jest produkowany komercyjnie przy u\u017cyciu technik atomizacji gazowej, atomizacji wodnej, stopowania mechanicznego i elektrolizy. Atomizacja gazowa zapewnia optymaln\u0105 kontrol\u0119 nad w\u0142a\u015bciwo\u015bciami proszku.<\/p>\n<p class=\"whitespace-pre-wrap\"><strong>Q: Jakie s\u0105 g\u0142\u00f3wne zastosowania proszku Al 6061?<\/strong><\/p>\n<p class=\"whitespace-pre-wrap\">Kluczowe zastosowania proszku Al 6061 obejmuj\u0105 wytwarzanie metod\u0105 dodawania warstw, pow\u0142oki termiczne metod\u0105 natryskiwania, cz\u0119\u015bci z metalurgii proszkowej, wtryskiwanie metali, pigmenty oraz druty do spawania wymagaj\u0105ce \u015bredniej wytrzyma\u0142o\u015bci i doskona\u0142ej odporno\u015bci na korozj\u0119.<\/p>\n<p class=\"whitespace-pre-wrap\"><strong>Q: Jaki jest zalecany rozmiar sproszkowanego Al 6061 do wytwarzania metod\u0105 wi\u0105zki spoiwa?<\/strong><\/p>\n<p class=\"whitespace-pre-wrap\">Odp.: W przypadku procesu wi\u0105zania wtryskowego typowy zakres wielko\u015bci proszku Al 6061 wynosi 20-45 mikrometr\u00f3w o morfologii sferycznej, co zapewnia dobr\u0105 g\u0119sto\u015b\u0107 proszku i infiltracj\u0119 \u015brodka wi\u0105\u017c\u0105cego.<\/p>\n<p class=\"whitespace-pre-wrap\"><strong>Czy proszek Al 6061 wymaga specjalnych zasad post\u0119powania?<\/strong><\/p>\n<p class=\"whitespace-pre-wrap\">A: Tak, zaleca si\u0119 ostro\u017cne obchodzenie si\u0119 z proszkami ze stop\u00f3w aluminium w oboj\u0119tnej atmosferze, z prawid\u0142owym uziemieniem, wentylacj\u0105 i \u015brodkami ochrony osobistej, aby zapobiec zagro\u017ceniom po\u017carowym lub wybuchowym.<\/p>\n<p class=\"whitespace-pre-wrap\"><strong>P: Gdzie mog\u0119 kupi\u0107 proszek Al 6061 nadaj\u0105cy si\u0119 do zastosowa\u0144 w przemy\u015ble lotniczym?<\/strong><\/p>\n<p class=\"whitespace-pre-wrap\">A: Proszek aluminium 6061 atomizowany gazem o wysokiej czysto\u015bci, spe\u0142niaj\u0105cy normy lotnicze, mo\u017cna zakupi\u0107 od wiod\u0105cych producent\u00f3w, takich jak Valimet, Makin Metal Powders i AMETEK.<\/p>\n<p><\/span><\/span><\/p>","protected":false},"excerpt":{"rendered":"<p>Overview of Al 6061 Powder Al 6061 is one of the most versatile heat treatable aluminum alloys. Magnesium and silicon additions allow it to be strengthened through precipitation hardening. The alloy has become immensely popular due to its excellent corrosion resistance, machinability, weldability and medium to high strength. Key characteristics of Al 6061 powder include:&#8230;<\/p>","protected":false},"featured_media":1804,"parent":0,"template":"","meta":{"_acf_changed":false,"_kad_blocks_custom_css":"","_kad_blocks_head_custom_js":"","_kad_blocks_body_custom_js":"","_kad_blocks_footer_custom_js":"","_kad_post_transparent":"","_kad_post_title":"","_kad_post_layout":"","_kad_post_sidebar_id":"","_kad_post_content_style":"","_kad_post_vertical_padding":"","_kad_post_feature":"","_kad_post_feature_position":"","_kad_post_header":false,"_kad_post_footer":false,"_kad_post_classname":""},"product-category":[119,124],"class_list":["post-3901","product","type-product","status-publish","has-post-thumbnail","hentry","product-category-3d-printing-metal-powder","product-category-aluminum-based-alloy-powder"],"acf":[],"taxonomy_info":{"product-category":[{"value":119,"label":"3D Printing Metal Powder"},{"value":124,"label":"Aluminum Based Alloy Powder"}]},"featured_image_src_large":["https:\/\/3dpmetal.com\/wp-content\/uploads\/2024\/02\/Al-6061-powder.png",422,316,false],"author_info":[],"comment_info":"","_links":{"self":[{"href":"https:\/\/3dpmetal.com\/pl\/wp-json\/wp\/v2\/product\/3901","targetHints":{"allow":["GET"]}}],"collection":[{"href":"https:\/\/3dpmetal.com\/pl\/wp-json\/wp\/v2\/product"}],"about":[{"href":"https:\/\/3dpmetal.com\/pl\/wp-json\/wp\/v2\/types\/product"}],"wp:featuredmedia":[{"embeddable":true,"href":"https:\/\/3dpmetal.com\/pl\/wp-json\/wp\/v2\/media\/1804"}],"wp:attachment":[{"href":"https:\/\/3dpmetal.com\/pl\/wp-json\/wp\/v2\/media?parent=3901"}],"wp:term":[{"taxonomy":"product-category","embeddable":true,"href":"https:\/\/3dpmetal.com\/pl\/wp-json\/wp\/v2\/product-category?post=3901"}],"curies":[{"name":"wp","href":"https:\/\/api.w.org\/{rel}","templated":true}]}}