{"id":3903,"date":"2024-03-18T06:10:12","date_gmt":"2024-03-18T06:10:12","guid":{"rendered":"https:\/\/3dp.45612300.xyz\/product\/al-3003-powder\/"},"modified":"2024-03-18T06:10:12","modified_gmt":"2024-03-18T06:10:12","slug":"al-3003-powder","status":"publish","type":"product","link":"https:\/\/3dpmetal.com\/pl\/product\/al-3003-powder\/","title":{"rendered":"Proszek Al 3003"},"content":{"rendered":"<p><span style=\"vertical-align: inherit;\"><span style=\"vertical-align: inherit;\"><\/p>\n<h2>Przegl\u0105d proszku Al 3003<\/h2>\n<p class=\"whitespace-pre-wrap\">Aluminium Al 3003 lub 3A21 to kuty stop znany z dobrej formowalno\u015bci na zimno, spawalno\u015bci i odporno\u015bci na korozj\u0119. Dodatki manganu zwi\u0119kszaj\u0105 wytrzyma\u0142o\u015b\u0107 poprzez wzmocnienie roztworu sta\u0142ego przy jednoczesnym zachowaniu obrabialno\u015bci.<\/p>\n<p class=\"whitespace-pre-wrap\">Kluczowe w\u0142a\u015bciwo\u015bci proszku Al 3003 obejmuj\u0105:<\/p>\n<ul class=\"list-disc pl-8 space-y-2\">\n<li class=\"whitespace-normal\">Umiarkowana wytrzyma\u0142o\u015b\u0107 i dobra plastyczno\u015b\u0107<\/li>\n<li class=\"whitespace-normal\">Doskona\u0142a formowalno\u015b\u0107 i spawalno\u015b\u0107<\/li>\n<li class=\"whitespace-normal\">Dobra odporno\u015b\u0107 na korozj\u0119<\/li>\n<li class=\"whitespace-normal\">Wysokie przewodnictwo cieplne i elektryczne<\/li>\n<li class=\"whitespace-normal\">Niska g\u0119sto\u015b\u0107<\/li>\n<li class=\"whitespace-normal\">Dost\u0119pne w r\u00f3\u017cnych rozmiarach i kszta\u0142tach proszku<\/li>\n<\/ul>\n<p class=\"whitespace-pre-wrap\">Proszek Al 3003 jest szeroko stosowany w zbiornikach chemicznych, ruroci\u0105gach, cz\u0119\u015bciach samochodowych, wymiennikach ciep\u0142a, naczyniach i innych zastosowaniach wymagaj\u0105cych umiarkowanej wytrzyma\u0142o\u015bci, odkszta\u0142calno\u015bci i odporno\u015bci na korozj\u0119.<\/p>\n<h2>Sk\u0142ad chemiczny proszku Al 3003<\/h2>\n<p class=\"whitespace-pre-wrap\">Typowy sk\u0142ad chemiczny proszku Al 3003 to:<\/p>\n<table>\n<thead>\n<tr>\n<th>Element<\/th>\n<th>Waga %<\/th>\n<\/tr>\n<\/thead>\n<tbody>\n<tr>\n<td>Aluminium (Al)<\/td>\n<td>R\u00f3wnowaga<\/td>\n<\/tr>\n<tr>\n<td>Mangan (Mn)<\/td>\n<td>1.0-1.5%<\/td>\n<\/tr>\n<tr>\n<td>\u017belazo (Fe)<\/td>\n<td>maks. 0,7%<\/td>\n<\/tr>\n<tr>\n<td>Krzem (Si)<\/td>\n<td>maks. 0,6%<\/td>\n<\/tr>\n<tr>\n<td>Mied\u017a (Cu)<\/td>\n<td>0.05-0.20%<\/td>\n<\/tr>\n<tr>\n<td>Cynk (Zn)<\/td>\n<td>maks. 0,10%<\/td>\n<\/tr>\n<tr>\n<td>Magnez (Mg)<\/td>\n<td>maks. 0,10%<\/td>\n<\/tr>\n<tr>\n<td>Chrom (Cr)<\/td>\n<td>maks. 0,10%<\/td>\n<\/tr>\n<\/tbody>\n<\/table>\n<p><img loading=\"lazy\" decoding=\"async\" class=\"alignnone size-medium wp-image-1409\" src=\"https:\/\/met3dp.com\/wp-content\/uploads\/2023\/09\/ed7a94ec-3c10-4b1b-87ed--300x300.jpg\" alt=\"Proszek Al 3003\" width=\"300\" height=\"300\" title=\"\"><\/p>\n<p class=\"whitespace-pre-wrap\">Mangan jest g\u0142\u00f3wnym pierwiastkiem stopowym w aluminium 3003. \u017belazo, krzem i mied\u017a s\u0105 obecne jako zanieczyszczenia. Sk\u0142ad jest kontrolowany w celu zapewnienia optymalnych w\u0142a\u015bciwo\u015bci.<\/p>\n<h2>W\u0142a\u015bciwo\u015bci proszku Al 3003<\/h2>\n<p class=\"whitespace-pre-wrap\">Proszek Al 3003 posiada nast\u0119puj\u0105ce w\u0142a\u015bciwo\u015bci:<\/p>\n<table>\n<thead>\n<tr>\n<th>Nieruchomo\u015b\u0107<\/th>\n<th>Warto\u015b\u0107<\/th>\n<\/tr>\n<\/thead>\n<tbody>\n<tr>\n<td>G\u0119sto\u015b\u0107<\/td>\n<td>2,73 g\/cm3<\/td>\n<\/tr>\n<tr>\n<td>Temperatura topnienia<\/td>\n<td>645-650\u00a1\"C<\/td>\n<\/tr>\n<tr>\n<td>Przewodno\u015b\u0107 cieplna<\/td>\n<td>180 W\/mK<\/td>\n<\/tr>\n<tr>\n<td>Przewodnictwo elektryczne<\/td>\n<td>43-44% IACS<\/td>\n<\/tr>\n<tr>\n<td>Modu\u0142 Younga<\/td>\n<td>68-72 GPa<\/td>\n<\/tr>\n<tr>\n<td>Wsp\u00f3\u0142czynnik Poissona<\/td>\n<td>0.33<\/td>\n<\/tr>\n<tr>\n<td>Odporno\u015b\u0107 na rozci\u0105ganie<\/td>\n<td>145-185 MPa<\/td>\n<\/tr>\n<tr>\n<td>Wytrzyma\u0142o\u015b\u0107 graniczna<\/td>\n<td>110-140 MPa<\/td>\n<\/tr>\n<tr>\n<td>Wyd\u0142u\u017cenie<\/td>\n<td>12-20%<\/td>\n<\/tr>\n<tr>\n<td>Twardo\u015b\u0107<\/td>\n<td>35-55 Brinell<\/td>\n<\/tr>\n<\/tbody>\n<\/table>\n<p>&nbsp;<\/p>\n<p class=\"whitespace-pre-wrap\">Stop ten oferuje umiarkowan\u0105 wytrzyma\u0142o\u015b\u0107 przy doskona\u0142ej plastyczno\u015bci i odkszta\u0142calno\u015bci. Ma dobr\u0105 odporno\u015b\u0107 na korozj\u0119 atmosferyczn\u0105. Przewodno\u015b\u0107 cieplna i elektryczna jest wysoka.<\/p>\n<h2>Metoda produkcji proszku Al 3003<\/h2>\n<p class=\"whitespace-pre-wrap\">Komercyjne procesy produkcji proszku Al 3003 obejmuj\u0105:<\/p>\n<ul class=\"list-disc pl-8 space-y-2\">\n<li class=\"whitespace-normal\"><strong>Atomizacja gazu<\/strong>Strumie\u0144 stopionego stopu rozpada si\u0119 pod wp\u0142ywem strumienia gazu oboj\u0119tnego pod wysokim ci\u015bnieniem na drobne kuliste proszki.<\/li>\n<li class=\"whitespace-normal\"><strong>Rozpylanie wody<\/strong>Strumie\u0144 wody o du\u017cej pr\u0119dko\u015bci uderza i rozbija strumie\u0144 stopionego metalu w celu wytworzenia drobnych proszk\u00f3w.<\/li>\n<li class=\"whitespace-normal\"><strong>Frezerowanie mechaniczne<\/strong>Frezowanie kulowe p\u0142atk\u00f3w\/proszk\u00f3w aluminiowych w celu uzyskania drobniejszych cz\u0105stek i w\u0142a\u015bciwo\u015bci proszku.<\/li>\n<li class=\"whitespace-normal\"><strong>Elektroliza<\/strong>Aluminium produkowane w procesie elektrolizy i mielone na drobny proszek. Ni\u017csza czysto\u015b\u0107.<\/li>\n<\/ul>\n<p class=\"whitespace-pre-wrap\">Atomizacja gazowa zapewnia najlepsz\u0105 kontrol\u0119 nad rozk\u0142adem wielko\u015bci cz\u0105stek, morfologi\u0105 i mikrostruktur\u0105 proszku.<\/p>\n<h2>Zastosowania proszku Al 3003<\/h2>\n<p class=\"whitespace-pre-wrap\">Proszek Al 3003 jest u\u017cywany w nast\u0119puj\u0105cych g\u0142\u00f3wnych zastosowaniach:<\/p>\n<ul class=\"list-disc pl-8 space-y-2\">\n<li class=\"whitespace-normal\"><strong>wytwarzanie przyrostowe<\/strong>Selektywne topienie laserowe, rozpylanie spoiwa i inne procesy druku 3D do produkcji z\u0142o\u017conych komponent\u00f3w.<\/li>\n<li class=\"whitespace-normal\"><strong>Metalurgia proszk\u00f3w<\/strong>Zag\u0119szczanie i spiekanie w celu stworzenia cz\u0119\u015bci o dobrych w\u0142a\u015bciwo\u015bciach mechanicznych i skrawalno\u015bci.<\/li>\n<li class=\"whitespace-normal\"><strong>Metalowa forma wtrysku<\/strong>Produkcja ma\u0142ych, skomplikowanych komponent\u00f3w dla przemys\u0142u motoryzacyjnego i elektronicznego.<\/li>\n<li class=\"whitespace-normal\"><strong>Natryskiwanie termiczne<\/strong>Natryskiwanie \u0142ukiem elektrycznym w celu osadzenia pow\u0142ok Al 3003 zapewniaj\u0105cych umiarkowan\u0105 odporno\u015b\u0107 na zu\u017cycie i korozj\u0119.<\/li>\n<li class=\"whitespace-normal\"><strong>Dodatki spawalnicze<\/strong>U\u017cywany jako drut elektrodowy do spawania \u0142ukowego i naprawy element\u00f3w aluminiowych.<\/li>\n<li class=\"whitespace-normal\"><strong>Pigmenty<\/strong>Stosowany w farbach i pow\u0142okach w celu zapewnienia po\u0142ysku i ochrony przed korozj\u0105.<\/li>\n<li class=\"whitespace-normal\"><strong>Pirotechnika<\/strong>?- Dodatek do sk\u0142ad\u00f3w pirotechnicznych jako paliwo ze wzgl\u0119du na \u0142atwopalno\u015b\u0107 aluminium.<\/li>\n<\/ul>\n<h2>Specyfikacje proszku Al 3003<\/h2>\n<p class=\"whitespace-pre-wrap\">Proszek Al 3003 jest dost\u0119pny w r\u00f3\u017cnych rozmiarach, kszta\u0142tach i poziomach czysto\u015bci:<\/p>\n<ul class=\"list-disc pl-8 space-y-2\">\n<li class=\"whitespace-normal\"><strong>Rozmiar cz\u0105stek:<\/strong>Od 10-150 mikron\u00f3w dla metod AM, do 300 mikron\u00f3w dla natrysku termicznego.<\/li>\n<li class=\"whitespace-normal\"><strong>Morfologia:<\/strong>Sferyczne, ziarniste, p\u0142atkowe i nieregularne kszta\u0142ty cz\u0105stek. G\u0142adki proszek lepiej si\u0119 rozprowadza.<\/li>\n<li class=\"whitespace-normal\"><strong>Czysto\u015b\u0107:<\/strong>Od komercyjnych do wysokiej czysto\u015bci (99,8%) gatunk\u00f3w dostosowanych do zastosowa\u0144.<\/li>\n<li class=\"whitespace-normal\"><strong>P\u0142ynno\u015b\u0107:<\/strong>Proszek dostosowany do przep\u0142yw\u00f3w powy\u017cej 25 s\/50 g.<\/li>\n<li class=\"whitespace-normal\"><strong>Stopnie<\/strong>Zgodno\u015b\u0107 z normami ASTM B209, EN 573-3, ISO 209:2007 itp. Oferowane gatunki niestandardowe.<\/li>\n<\/ul>\n<h2>Globalni dostawcy proszku Al 3003<\/h2>\n<p class=\"whitespace-pre-wrap\">Niekt\u00f3rzy z g\u0142\u00f3wnych dostawc\u00f3w proszku Al 3003 na \u015bwiecie to:<\/p>\n<ul class=\"list-disc pl-8 space-y-2\">\n<li class=\"whitespace-normal\">Valimet Inc, USA<\/li>\n<li class=\"whitespace-normal\">Makin Metal Powders, Wielka Brytania<\/li>\n<li class=\"whitespace-normal\">Metal Powder Company, USA<\/li>\n<li class=\"whitespace-normal\">Shanghai Chaowei Nanotechnology, Chiny<\/li>\n<li class=\"whitespace-normal\">AMETEK Reading Alloys, USA<\/li>\n<li class=\"whitespace-normal\">CNPC Powder Group, Chiny<\/li>\n<li class=\"whitespace-normal\">SCM Metal Products, USA<\/li>\n<\/ul>\n<p class=\"whitespace-pre-wrap\">Firmy te produkuj\u0105 proszek Al 3003 odpowiedni do produkcji dodatk\u00f3w, natryskiwania cieplnego, spawania, metalurgii proszk\u00f3w i innych zastosowa\u0144.<\/p>\n<h2>Ceny proszku Al 3003<\/h2>\n<p class=\"whitespace-pre-wrap\">Cena proszku Al 3003 zale\u017cy od takich czynnik\u00f3w jak:<\/p>\n<ul class=\"list-disc pl-8 space-y-2\">\n<li class=\"whitespace-normal\">Poziomy czysto\u015bci<\/li>\n<li class=\"whitespace-normal\">Rozpi\u0119to\u015b\u0107 wielko\u015bci cz\u0105steczek<\/li>\n<li class=\"whitespace-normal\">W\u0142a\u015bciwo\u015bci py\u0142u<\/li>\n<li class=\"whitespace-normal\">Ilo\u015b\u0107 zam\u00f3wienia<\/li>\n<li class=\"whitespace-normal\">Dodatkowe przetwarzanie<\/li>\n<li class=\"whitespace-normal\">Dostawca i lokalizacja<\/li>\n<\/ul>\n<table>\n<thead>\n<tr>\n<th>Stopie\u0144<\/th>\n<th>Przedzia\u0142 cenowy<\/th>\n<\/tr>\n<\/thead>\n<tbody>\n<tr>\n<td>Reklama<\/td>\n<td>$3-8 na kg<\/td>\n<\/tr>\n<tr>\n<td>Wysoka czysto\u015b\u0107<\/td>\n<td>8-15 z\u0142 za kg<\/td>\n<\/tr>\n<tr>\n<td>Ultradrobne<\/td>\n<td>$15\u201330 za kg<\/td>\n<\/tr>\n<tr>\n<td>Klasa specjalna<\/td>\n<td>30\u201360 z\u0142 za kg<\/td>\n<\/tr>\n<\/tbody>\n<\/table>\n<p>&nbsp;<\/p>\n<p class=\"whitespace-pre-wrap\">Proszki ultradrobne, sferyczne i rozpylane gazowo maj\u0105 znacznie wy\u017csze ceny ni\u017c zwyk\u0142e proszki komercyjne.<\/p>\n<h2>Przechowywanie i obs\u0142uga proszku Al 3003<\/h2>\n<p class=\"whitespace-pre-wrap\">Proszek Al 3003 powinien by\u0107 odpowiednio przechowywany i obs\u0142ugiwany, aby temu zapobiec:<\/p>\n<ul class=\"list-disc pl-8 space-y-2\">\n<li class=\"whitespace-normal\">Utlenianie i reakcja z wilgoci\u0105<\/li>\n<li class=\"whitespace-normal\">Wybuchy py\u0142u spowodowane zap\u0142onem proszku<\/li>\n<li class=\"whitespace-normal\">Wdychanie drobnego proszku powoduj\u0105ce problemy zdrowotne<\/li>\n<li class=\"whitespace-normal\">Nale\u017cy przestrzega\u0107 praktyk bezpiecze\u0144stwa zalecanych przez dostawc\u0119<\/li>\n<\/ul>\n<p class=\"whitespace-pre-wrap\">Podczas obs\u0142ugi proszku zalecane s\u0105 magazyny gaz\u00f3w oboj\u0119tnych, odpowiednia wentylacja, uziemienie i \u015brodki ochrony osobistej.<\/p>\n<h2>Metody testowania i charakteryzacji<\/h2>\n<p class=\"whitespace-pre-wrap\">Kluczowe metody testowe stosowane dla proszku Al 3003 obejmuj\u0105:<\/p>\n<ul class=\"list-disc pl-8 space-y-2\">\n<li class=\"whitespace-normal\">Analiza chemiczna w celu ustalenia sk\u0142adu z wykorzystaniem OES lub XRF<\/li>\n<li class=\"whitespace-normal\">Dystrybucja wielko\u015bci cz\u0105stek zgodnie z norm\u0105 ASTM B822<\/li>\n<li class=\"whitespace-normal\">Analiza morfologiczna poprzez obrazowanie SEM<\/li>\n<li class=\"whitespace-normal\">Pomiar nat\u0119\u017cenia przep\u0142ywu za pomoc\u0105 lejka przep\u0142ywowego Halla<\/li>\n<li class=\"whitespace-normal\">Oznaczanie g\u0119sto\u015bci za pomoc\u0105 piknometru helowego<\/li>\n<li class=\"whitespace-normal\">Badania zanieczyszcze\u0144 za pomoc\u0105 ICP-MS<\/li>\n<li class=\"whitespace-normal\">Badanie mikrostruktury metod\u0105 dyfrakcji rentgenowskiej<\/li>\n<\/ul>\n<p class=\"whitespace-pre-wrap\">Te metody testowania zapewniaj\u0105 niezawodn\u0105 i sta\u0142\u0105 jako\u015b\u0107 proszku ze stopu aluminium.<\/p>\n<h2>Por\u00f3wnanie proszk\u00f3w Al 3003 i Al 6061<\/h2>\n<p class=\"whitespace-pre-wrap\">Al 3003 i Al 6061 to dwa por\u00f3wnywane proszki stop\u00f3w aluminium:<\/p>\n<table>\n<thead>\n<tr>\n<th>Parametr<\/th>\n<th>Al 3003<\/th>\n<th>Al 6061<\/th>\n<\/tr>\n<\/thead>\n<tbody>\n<tr>\n<td>Typ stopu<\/td>\n<td>Nieutwardzalne<\/td>\n<td>UTWARDZANE CIEPLNE<\/td>\n<\/tr>\n<tr>\n<td>Zawarto\u015b\u0107 Mn<\/td>\n<td>1.0-1.5%<\/td>\n<td>0.15% max<\/td>\n<\/tr>\n<tr>\n<td>Zawarto\u015b\u0107 Mg<\/td>\n<td>max. 0,1%<\/td>\n<td>0.8-1.2%<\/td>\n<\/tr>\n<tr>\n<td>Si\u0142a<\/td>\n<td>\u015arednia<\/td>\n<td>Wy\u017cej<\/td>\n<\/tr>\n<tr>\n<td>Odporno\u015b\u0107 przeciwkorozyjna<\/td>\n<td>Dobrze<\/td>\n<td>Wy\u015bmienicie<\/td>\n<\/tr>\n<tr>\n<td>Zdatno\u015b\u0107 spawalnicza<\/td>\n<td>Wy\u015bmienicie<\/td>\n<td>Dobrze<\/td>\n<\/tr>\n<tr>\n<td>Koszt<\/td>\n<td>Ni\u017cej<\/td>\n<td>Wy\u017cej<\/td>\n<\/tr>\n<tr>\n<td>APLIKACJE<\/td>\n<td>Zbiorniki chemiczne, przybory<\/td>\n<td>Lotnictwo i kosmonautyka, cz\u0119\u015bci samochodowe<\/td>\n<\/tr>\n<\/tbody>\n<\/table>\n<p>&nbsp;<\/p>\n<p class=\"whitespace-pre-wrap\">Al 6061 oferuje wy\u017csz\u0105 wytrzyma\u0142o\u015b\u0107, podczas gdy Al 3003 zapewnia lepsz\u0105 spawalno\u015b\u0107 i formowalno\u015b\u0107 przy ni\u017cszych kosztach.<\/p>\n<h2>Najcz\u0119\u015bciej zadawane pytania dotycz\u0105ce proszku Al 3003<\/h2>\n<p class=\"whitespace-pre-wrap\"><strong>P: Jak produkowany jest proszek Al 3003?<\/strong><\/p>\n<p class=\"whitespace-pre-wrap\">Proszek Al 3003 jest produkowany komercyjnie przy u\u017cyciu atomizacji gazowej, atomizacji wodnej, mielenia mechanicznego i proces\u00f3w elektrolizy. Atomizacja gazowa zapewnia najlepsz\u0105 kontrol\u0119 nad charakterystyk\u0105 cz\u0105stek.<\/p>\n<p class=\"whitespace-pre-wrap\"><strong>P: Jakie s\u0105 g\u0142\u00f3wne zastosowania proszku Al 3003?<\/strong><\/p>\n<p class=\"whitespace-pre-wrap\">Kluczowe zastosowania obejmuj\u0105 wytwarzanie przyrostowe, natryskiwanie cieplne, metalurgi\u0119 proszk\u00f3w, formowanie wtryskowe metali, wype\u0142niacze spawalnicze, pigmenty i kompozycje pirotechniczne.<\/p>\n<p class=\"whitespace-pre-wrap\"><strong>P: Jaki jest typowy rozmiar proszku Al 3003 u\u017cywanego do spiekania laserowego?<\/strong><\/p>\n<p class=\"whitespace-pre-wrap\">W przypadku procesu selektywnego spiekania laserowego wsp\u00f3lny zakres wielko\u015bci proszku Al 3003 wynosi 20-53 mikron\u00f3w o kulistej morfologii dla optymalnej g\u0119sto\u015bci z\u0142o\u017ca proszku.<\/p>\n<p class=\"whitespace-pre-wrap\"><strong>P: Czy proszek Al 3003 wymaga specjalnych \u015brodk\u00f3w ostro\u017cno\u015bci?<\/strong><\/p>\n<p class=\"whitespace-pre-wrap\">O: Tak, proszki aluminiowe mog\u0105 by\u0107 \u0142atwopalne i stwarza\u0107 ryzyko wybuchu. Zaleca si\u0119 ostro\u017cne obchodzenie si\u0119 z nimi w atmosferze oboj\u0119tnej przy u\u017cyciu odpowiedniego uziemienia, wentylacji i \u015brodk\u00f3w ochrony indywidualnej.<\/p>\n<p class=\"whitespace-pre-wrap\"><strong>P: Gdzie mog\u0119 naby\u0107 proszek Al 3003 odpowiedni do pow\u0142ok natryskiwanych termicznie?<\/strong><\/p>\n<p class=\"whitespace-pre-wrap\">O: Firmy takie jak Valimet, Makin Metal Powders i AMETEK oferuj\u0105 gatunki Al 3003 odpowiednie do natryskiwania \u0142ukiem elektrycznym i natryskiwania p\u0142omieniowego wymagaj\u0105ce umiarkowanej odporno\u015bci na zu\u017cycie i korozj\u0119.<\/p>\n<p><\/span><\/span><\/p>","protected":false},"excerpt":{"rendered":"<p>Przegl\u0105d proszku Al 3003 Al 3003 lub aluminium 3A21 to kuty stop znany z dobrej formowalno\u015bci na zimno, spawalno\u015bci i odporno\u015bci na korozj\u0119. Dodatki manganu zwi\u0119kszaj\u0105 wytrzyma\u0142o\u015b\u0107 poprzez wzmocnienie roztworu sta\u0142ego przy jednoczesnym zachowaniu urabialno\u015bci. Kluczowe cechy proszku Al 3003 obejmuj\u0105: Umiarkowana wytrzyma\u0142o\u015b\u0107 przy dobrej plastyczno\u015bci Doskona\u0142a formowalno\u015b\u0107 i spawalno\u015b\u0107 Dobra odporno\u015b\u0107 na korozj\u0119...<\/p>","protected":false},"featured_media":1808,"parent":0,"template":"","meta":{"_acf_changed":false,"_kad_blocks_custom_css":"","_kad_blocks_head_custom_js":"","_kad_blocks_body_custom_js":"","_kad_blocks_footer_custom_js":"","_kad_post_transparent":"","_kad_post_title":"","_kad_post_layout":"","_kad_post_sidebar_id":"","_kad_post_content_style":"","_kad_post_vertical_padding":"","_kad_post_feature":"","_kad_post_feature_position":"","_kad_post_header":false,"_kad_post_footer":false,"_kad_post_classname":""},"product-category":[119,124],"class_list":["post-3903","product","type-product","status-publish","has-post-thumbnail","hentry","product-category-3d-printing-metal-powder","product-category-aluminum-based-alloy-powder"],"acf":[],"taxonomy_info":{"product-category":[{"value":119,"label":"3D Printing Metal Powder"},{"value":124,"label":"Aluminum Based Alloy Powder"}]},"featured_image_src_large":["https:\/\/3dpmetal.com\/wp-content\/uploads\/2024\/02\/Al-3003-powder.png",385,318,false],"author_info":[],"comment_info":"","_links":{"self":[{"href":"https:\/\/3dpmetal.com\/pl\/wp-json\/wp\/v2\/product\/3903","targetHints":{"allow":["GET"]}}],"collection":[{"href":"https:\/\/3dpmetal.com\/pl\/wp-json\/wp\/v2\/product"}],"about":[{"href":"https:\/\/3dpmetal.com\/pl\/wp-json\/wp\/v2\/types\/product"}],"wp:featuredmedia":[{"embeddable":true,"href":"https:\/\/3dpmetal.com\/pl\/wp-json\/wp\/v2\/media\/1808"}],"wp:attachment":[{"href":"https:\/\/3dpmetal.com\/pl\/wp-json\/wp\/v2\/media?parent=3903"}],"wp:term":[{"taxonomy":"product-category","embeddable":true,"href":"https:\/\/3dpmetal.com\/pl\/wp-json\/wp\/v2\/product-category?post=3903"}],"curies":[{"name":"wp","href":"https:\/\/api.w.org\/{rel}","templated":true}]}}