{"id":3904,"date":"2024-03-18T06:10:12","date_gmt":"2024-03-18T06:10:12","guid":{"rendered":"https:\/\/3dp.45612300.xyz\/product\/al-3103-powder\/"},"modified":"2024-03-18T06:10:12","modified_gmt":"2024-03-18T06:10:12","slug":"al-3103-powder","status":"publish","type":"product","link":"https:\/\/3dpmetal.com\/pl\/product\/al-3103-powder\/","title":{"rendered":"Al 3103 proszek"},"content":{"rendered":"<p><span style=\"vertical-align: inherit;\"><span style=\"vertical-align: inherit;\"><\/p>\n<h2>Przegl\u0105d proszku Al 3103<\/h2>\n<p class=\"whitespace-pre-wrap\">Al 3103 to nieutwardzalny plastyczny stop aluminium znany ze swojej doskona\u0142ej odporno\u015bci na korozj\u0119, dobrej podatno\u015bci na formowanie i spawalno\u015bci. Dodatki manganu zwi\u0119kszaj\u0105 wytrzyma\u0142o\u015b\u0107 poprzez rozpuszczalne wzmocnienie w roztworze, jednocze\u015bnie zachowuj\u0105c doskona\u0142\u0105 ci\u0105gliwo\u015b\u0107.<\/p>\n<p class=\"whitespace-pre-wrap\">Kluczowe cechy proszku Al 3103 obejmuj\u0105:<\/p>\n<ul class=\"list-disc pl-8 space-y-2\">\n<li class=\"whitespace-normal\">\u015arednia wytrzyma\u0142o\u015b\u0107 o du\u017cej plastyczno\u015bci i wytrzyma\u0142o\u015bci<\/li>\n<li class=\"whitespace-normal\">Doskona\u0142a spawalno\u015b\u0107 i podatno\u015b\u0107 na odkszta\u0142canie<\/li>\n<li class=\"whitespace-normal\">bardzo dobra odporno\u015b\u0107 na korozj\u0119<\/li>\n<li class=\"whitespace-normal\">Wysokie przewodnictwo cieplne i elektryczne<\/li>\n<li class=\"whitespace-normal\">Niska g\u0119sto\u015b\u0107<\/li>\n<li class=\"whitespace-normal\">Dost\u0119pne w r\u00f3\u017cnych rozk\u0142adach wielko\u015bci cz\u0105stek<\/li>\n<\/ul>\n<p class=\"whitespace-pre-wrap\">Proszek Al 3103 nadaje si\u0119 do zastosowa\u0144 takich jak zbiorniki chemiczne, urz\u0105dzenia do przetw\u00f3rstwa \u017cywno\u015bci, wymienniki ciep\u0142a, cysterny drogowe, naczynia itp., kt\u00f3re wymagaj\u0105 \u015bredniej wytrzyma\u0142o\u015bci po\u0142\u0105czonej z doskona\u0142\u0105 odporno\u015bci\u0105 na korozj\u0119.<\/p>\n<h2>Sk\u0142ad chemiczny proszku Al 3103<\/h2>\n<p class=\"whitespace-pre-wrap\">Typowa sk\u0142ad chemiczny proszku Al 3103 to:<\/p>\n<table>\n<thead>\n<tr>\n<th>Element<\/th>\n<th>Waga %<\/th>\n<\/tr>\n<\/thead>\n<tbody>\n<tr>\n<td>Aluminium (Al)<\/td>\n<td>R\u00f3wnowaga<\/td>\n<\/tr>\n<tr>\n<td>Mangan (Mn)<\/td>\n<td>1.0-1.5%<\/td>\n<\/tr>\n<tr>\n<td>Krzem (Si)<\/td>\n<td>maks. 0,6%<\/td>\n<\/tr>\n<tr>\n<td>\u017belazo (Fe)<\/td>\n<td>maks. 0,7%<\/td>\n<\/tr>\n<tr>\n<td>Mied\u017a (Cu)<\/td>\n<td>maks. 0,10%<\/td>\n<\/tr>\n<tr>\n<td>Magnez (Mg)<\/td>\n<td>maks. 0,10%<\/td>\n<\/tr>\n<tr>\n<td>Cynk (Zn)<\/td>\n<td>maks. 0,10%<\/td>\n<\/tr>\n<tr>\n<td>Chrom (Cr)<\/td>\n<td>0.05-0.20%<\/td>\n<\/tr>\n<\/tbody>\n<\/table>\n<p>&nbsp;<\/p>\n<p class=\"whitespace-pre-wrap\">Mangan jest g\u0142\u00f3wnym elementem stopowym w aluminium 3103. \u017belazo, krzem, mied\u017a i cynk wyst\u0119puj\u0105 jako zanieczyszczenia o okre\u015blonych granicach.<\/p>\n<h2>W\u0142a\u015bciwo\u015bci proszku Al 3103<\/h2>\n<p class=\"whitespace-pre-wrap\">Kluczowe w\u0142a\u015bciwo\u015bci proszku Al 3103 obejmuj\u0105:<\/p>\n<table>\n<thead>\n<tr>\n<th>Nieruchomo\u015b\u0107<\/th>\n<th>Warto\u015b\u0107<\/th>\n<\/tr>\n<\/thead>\n<tbody>\n<tr>\n<td>G\u0119sto\u015b\u0107<\/td>\n<td>2,73 g\/cm3<\/td>\n<\/tr>\n<tr>\n<td>Temperatura topnienia<\/td>\n<td>630-654\u00a1\u00abC<\/td>\n<\/tr>\n<tr>\n<td>Przewodno\u015b\u0107 cieplna<\/td>\n<td>130 W\/mK<\/td>\n<\/tr>\n<tr>\n<td>Przewodnictwo elektryczne<\/td>\n<td>41-43% IACS<\/td>\n<\/tr>\n<tr>\n<td>Modu\u0142 Younga<\/td>\n<td>70 GPa<\/td>\n<\/tr>\n<tr>\n<td>Wsp\u00f3\u0142czynnik Poissona<\/td>\n<td>0.33<\/td>\n<\/tr>\n<tr>\n<td>Odporno\u015b\u0107 na rozci\u0105ganie<\/td>\n<td>110-180 MPa<\/td>\n<\/tr>\n<tr>\n<td>Wytrzyma\u0142o\u015b\u0107 graniczna<\/td>\n<td>55\u2013110 MPa<\/td>\n<\/tr>\n<tr>\n<td>Wyd\u0142u\u017cenie<\/td>\n<td>18-30%<\/td>\n<\/tr>\n<tr>\n<td>Twardo\u015b\u0107<\/td>\n<td>25-55 Brinell<\/td>\n<\/tr>\n<\/tbody>\n<\/table>\n<p>&nbsp;<\/p>\n<p class=\"whitespace-pre-wrap\">Stop oferuje umiarkowan\u0105 wytrzyma\u0142o\u015b\u0107 przy doskona\u0142ej ci\u0105gliwo\u015bci, wytrzyma\u0142o\u015bci i podatno\u015bci na odkszta\u0142canie. Ma bardzo dobr\u0105 odporno\u015b\u0107 na warunki atmosferyczne i morskie.<\/p>\n<p><img loading=\"lazy\" decoding=\"async\" class=\"alignnone size-medium wp-image-1409\" src=\"https:\/\/met3dp.com\/wp-content\/uploads\/2023\/09\/ed7a94ec-3c10-4b1b-87ed--300x300.jpg\" alt=\"Al 3103 proszek\" width=\"300\" height=\"300\" title=\"\"><\/p>\n<h2>Metoda produkcji Al 3103 Powder<\/h2>\n<p class=\"whitespace-pre-wrap\">Typowe metody produkcji proszku Al 3103 to:<\/p>\n<ul class=\"list-disc pl-8 space-y-2\">\n<li class=\"whitespace-normal\"><strong>Atomizacja gazu<\/strong>?- Strumie\u0144 stopionego stopu rozbity za pomoc\u0105 strumieni gazu oboj\u0119tnego na drobny kulisty proszek o kontrolowanym rozk\u0142adzie wielko\u015bci.<\/li>\n<li class=\"whitespace-normal\"><strong>Rozpylanie wody<\/strong>?- Strumie\u0144 wody o du\u017cej pr\u0119dko\u015bci u\u017cywany do produkcji drobnych nieregularnych cz\u0105stek Al 3103. Bardziej ekonomiczny, ale o wy\u017cszej zawarto\u015bci tlenu.<\/li>\n<li class=\"whitespace-normal\"><strong>Mechaniczne stopowanie<\/strong>?- Kulowy m\u0142yn do mielenia proszk\u00f3w aluminiowych i manganowych nast\u0119pnie po zimnym zag\u0119szczeniu spiekanych.<\/li>\n<\/ul>\n<p class=\"whitespace-pre-wrap\">Atomizacja gazowa zapewnia najlepsz\u0105 kontrol\u0119 nad parametrami proszk\u00f3w, takimi jak wielko\u015b\u0107 cz\u0105stek, kszta\u0142t i mikrostruktura.<\/p>\n<h2>Zastosowania proszku Al 3103<\/h2>\n<p class=\"whitespace-pre-wrap\">Typowe zastosowania proszku Al 3103 obejmuj\u0105:<\/p>\n<ul class=\"list-disc pl-8 space-y-2\">\n<li class=\"whitespace-normal\"><strong>wytwarzanie przyrostowe<\/strong>?- Odpowiednie dla wi\u0105zania spoiwem i proces\u00f3w selektywnego stapiania laserowego, aby produkowa\u0107 z\u0142o\u017cone cz\u0119\u015bci aluminiowe.<\/li>\n<li class=\"whitespace-normal\"><strong>Metalurgia proszk\u00f3w<\/strong>Proces prasowania i spiekania w celu wytworzenia cz\u0119\u015bci o dobrych w\u0142a\u015bciwo\u015bciach mechanicznych i obrabialno\u015bci.<\/li>\n<li class=\"whitespace-normal\"><strong>Metalowa forma wtrysku<\/strong>?- Wytwarzanie ma\u0142ych skomplikowanych element\u00f3w wymagaj\u0105cych umiarkowanej wytrzyma\u0142o\u015bci i korozyjno\u015bci.<\/li>\n<li class=\"whitespace-normal\"><strong>Natryskiwanie termiczne<\/strong>Zespolone natryskiwanie \u0142ukowe do wytwarzania pow\u0142ok ochronnych o umiarkowanej odporno\u015bci na zu\u017cycie i korozj\u0119.<\/li>\n<li class=\"whitespace-normal\"><strong>Dodatki spawalnicze<\/strong>?- Wykorzystywany jako drut wype\u0142niaj\u0105cy, zapewniaj\u0105cy wytrzyma\u0142o\u015b\u0107 spoiny por\u00f3wnywaln\u0105 do metalu bazowego.<\/li>\n<li class=\"whitespace-normal\"><strong>Pigmenty<\/strong>?- Dodawany do farb i pow\u0142ok w celu zapewnienia po\u0142ysku i ochrony antykorozyjnej.<\/li>\n<\/ul>\n<h2>Specyfikacje Al 3103 Powder<\/h2>\n<p class=\"whitespace-pre-wrap\">Al 3103 proszek dost\u0119pny jest r\u00f3\u017cnych rozmiarach, kszta\u0142tach, stopniach czysto\u015bci i gatunkach:<\/p>\n<ul class=\"list-disc pl-8 space-y-2\">\n<li class=\"whitespace-normal\"><strong>Rozmiar cz\u0105stek:<\/strong>?Od 10-150 mikron\u00f3w dla metod addytywnych, do 300 mikron\u00f3w dla proces\u00f3w natryskiwania cieplnego.<\/li>\n<li class=\"whitespace-normal\"><strong>Morfologia:<\/strong>Cz\u0105stki o kszta\u0142cie kulistym, ziarnistym, dendrytycznym i nieregularnym. G\u0142adki proszek przep\u0142ywa lepiej.<\/li>\n<li class=\"whitespace-normal\"><strong>Czysto\u015b\u0107:<\/strong>Od komercyjnych do bardzo czystych odmian (99.8%) dostosowanych do zastosowania.<\/li>\n<li class=\"whitespace-normal\"><strong>Stopnie<\/strong>? Zgodne ze specyfikacjami ASTM B209, EN 573, ISO. Mo\u017cliwo\u015b\u0107 wykonania gatunk\u00f3w na zam\u00f3wienie.<\/li>\n<li class=\"whitespace-normal\"><strong>P\u0142ynno\u015b\u0107:<\/strong>?Doskona\u0142e szybko\u015bci przep\u0142ywu proszku ponad 25 s\/50g mog\u0105 zosta\u0107 dostosowane.<\/li>\n<\/ul>\n<h2>Globalni dostawcy proszku Al 3103<\/h2>\n<p class=\"whitespace-pre-wrap\">Niekt\u00f3rzy z g\u0142\u00f3wnych, globalnych dostawc\u00f3w to:<\/p>\n<ul class=\"list-disc pl-8 space-y-2\">\n<li class=\"whitespace-normal\">Valimet Inc. (USA)<\/li>\n<li class=\"whitespace-normal\">Makin Metal Powders (Wielka Brytania)<\/li>\n<li class=\"whitespace-normal\">Micron Metals (USA)<\/li>\n<li class=\"whitespace-normal\">Szanghaj Chaowei Nanotechnology (Chiny)<\/li>\n<li class=\"whitespace-normal\">Shandong Yamei Nanotechnology (Chiny)<\/li>\n<li class=\"whitespace-normal\">CNPC Powder Group (Chiny)<\/li>\n<li class=\"whitespace-normal\">Proch tytanowy (Rosja)<\/li>\n<\/ul>\n<p class=\"whitespace-pre-wrap\">Firmy te produkuj\u0105 proszek Al 3103 nadaj\u0105cy si\u0119 do AM, MIM, natryskiwania termicznego, zastosowa\u0144 motoryzacyjnych, morskich i innych przy u\u017cyciu r\u00f3\u017cnych metod.<\/p>\n<h2>Ceny za Al 3103 w proszku<\/h2>\n<p class=\"whitespace-pre-wrap\">Cena aluminium powder Al 3103 jest zale\u017cna od kilku czynnik\u00f3w:<\/p>\n<ul class=\"list-disc pl-8 space-y-2\">\n<li class=\"whitespace-normal\">Poziomy czysto\u015bci<\/li>\n<li class=\"whitespace-normal\">W\u0142a\u015bciwo\u015bci py\u0142u<\/li>\n<li class=\"whitespace-normal\">Metoda produkcji<\/li>\n<li class=\"whitespace-normal\">Wolumen zam\u00f3wie\u0144<\/li>\n<li class=\"whitespace-normal\">Dostawca i lokalizacja<\/li>\n<\/ul>\n<table>\n<thead>\n<tr>\n<th>Stopie\u0144<\/th>\n<th>Przedzia\u0142 cenowy<\/th>\n<\/tr>\n<\/thead>\n<tbody>\n<tr>\n<td>Reklama<\/td>\n<td>5-15 z\u0142 za kilogram<\/td>\n<\/tr>\n<tr>\n<td>Wysoka czysto\u015b\u0107<\/td>\n<td>$15-25 za kg<\/td>\n<\/tr>\n<tr>\n<td>Ultradrobne<\/td>\n<td>$25-45 za kg<\/td>\n<\/tr>\n<tr>\n<td>Klasa specjalna<\/td>\n<td>45\u201390 z\u0142 za kg<\/td>\n<\/tr>\n<\/tbody>\n<\/table>\n<p>&nbsp;<\/p>\n<p class=\"whitespace-pre-wrap\">Wysoka czysto\u015b\u0107, sferyczne i kontrolowane wielko\u015bci\u0105 cz\u0105stek proszki uzyskuj\u0105 wy\u017csze ceny w stosunku do standardowych komercyjnych rodzaj\u00f3w proszku Al 3103.<\/p>\n<h2>Przechowywanie i u\u017cytkowanie proszku Al 3103<\/h2>\n<p class=\"whitespace-pre-wrap\">Proszek A1 3103 powinien by\u0107 prawid\u0142owo u\u017cywany i przechowywany, aby zapobiec:<\/p>\n<ul class=\"list-disc pl-8 space-y-2\">\n<li class=\"whitespace-normal\">Utlenianie i reakcja z wilgoci\u0105<\/li>\n<li class=\"whitespace-normal\">Zagro\u017cenia zwi\u0105zane z py\u0142em i wybuchami py\u0142\u00f3w<\/li>\n<li class=\"whitespace-normal\">Problemy zdrowotne zwi\u0105zane z oddychaniem<\/li>\n<li class=\"whitespace-normal\">Nale\u017cy przestrzega\u0107 praktyk bezpiecze\u0144stwa z karty charakterystyki dostawcy<\/li>\n<\/ul>\n<p class=\"whitespace-pre-wrap\">Podczas obs\u0142ugi proszku zaleca si\u0119 stosowanie os\u0142ony z gazu oboj\u0119tnego, prawid\u0142owe uziemienie, wentylacj\u0119 i \u015brodki ochrony osobistej.<\/p>\n<h2>Metody testowania i charakteryzacji<\/h2>\n<p class=\"whitespace-pre-wrap\">G\u0142\u00f3wne metody test\u00f3w stosowane w przypadku sproszkowanego Al 3103 obejmuj\u0105:<\/p>\n<ul class=\"list-disc pl-8 space-y-2\">\n<li class=\"whitespace-normal\">Analiza chemiczna w celu ustalenia sk\u0142adu z wykorzystaniem OES lub XRF<\/li>\n<li class=\"whitespace-normal\">Dystrybucja wielko\u015bci cz\u0105stek zgodnie z norm\u0105 ASTM B822<\/li>\n<li class=\"whitespace-normal\">Analiza morfologiczna za pomoc\u0105 SEM<\/li>\n<li class=\"whitespace-normal\">Przep\u0142yw proszku mierzony z u\u017cyciem lejka przep\u0142ywowego Hall<\/li>\n<li class=\"whitespace-normal\">Oznaczanie g\u0119sto\u015bci za pomoc\u0105 piknometru helowego<\/li>\n<li class=\"whitespace-normal\">Badanie zanieczyszcze\u0144 za pomoc\u0105 ICP-MS<\/li>\n<li class=\"whitespace-normal\">Badanie mikrostruktury metod\u0105 dyfrakcji rentgenowskiej<\/li>\n<\/ul>\n<p class=\"whitespace-pre-wrap\">Te testy zapewniaj\u0105 sp\u00f3jno\u015b\u0107 partii towar\u00f3w i zgodno\u015b\u0107 ze specyfikacjami.<\/p>\n<h2>Por\u00f3wnanie proszk\u00f3w Al 3103 i Al 3003<\/h2>\n<p class=\"whitespace-pre-wrap\">Al 3103 i Al 3003 to dwa por\u00f3wnywane proszki ze stop\u00f3w aluminium:<\/p>\n<table>\n<thead>\n<tr>\n<th>Parametr<\/th>\n<th>Al 3103<\/th>\n<th>Al 3003<\/th>\n<\/tr>\n<\/thead>\n<tbody>\n<tr>\n<td>Typ stopu<\/td>\n<td>Nieutwardzalne<\/td>\n<td>Nieutwardzalne<\/td>\n<\/tr>\n<tr>\n<td>Zawarto\u015b\u0107 Mn<\/td>\n<td>1.0-1.5%<\/td>\n<td>1.0-1.5%<\/td>\n<\/tr>\n<tr>\n<td>Si\u0142a<\/td>\n<td>Nieco ni\u017cej<\/td>\n<td>Nieco wy\u017cej<\/td>\n<\/tr>\n<tr>\n<td>Odporno\u015b\u0107 przeciwkorozyjna<\/td>\n<td>Wy\u015bmienicie<\/td>\n<td>Wy\u015bmienicie<\/td>\n<\/tr>\n<tr>\n<td>Zdatno\u015b\u0107 spawalnicza<\/td>\n<td>Wy\u015bmienicie<\/td>\n<td>Wy\u015bmienicie<\/td>\n<\/tr>\n<tr>\n<td>Koszt<\/td>\n<td>Ni\u017cej<\/td>\n<td>Wy\u017cej<\/td>\n<\/tr>\n<\/tbody>\n<\/table>\n<p>&nbsp;<\/p>\n<p class=\"whitespace-pre-wrap\">Al 3103 zapewnia lepsz\u0105 podatno\u015b\u0107 przy obr\u00f3bce plastycznej, podczas gdy Al 3003 oferuje nieznacznie wi\u0119ksz\u0105 wytrzyma\u0142o\u015b\u0107. Oba materia\u0142y zapewniaj\u0105 doskona\u0142\u0105 odporno\u015b\u0107 na korozj\u0119.<\/p>\n<h2>Cz\u0119sto zadawane pytania dotycz\u0105ce Al 3103 Powder<\/h2>\n<p class=\"whitespace-pre-wrap\"><strong>P: Jak powstaje sproszkowane Al 3103?<\/strong><\/p>\n<p class=\"whitespace-pre-wrap\">A: Proszek Al 3103 jest produkowany komercyjnie za pomoc\u0105 atomizacji gazowej, atomizacji wodnej i mechanicznego stopowania, po kt\u00f3rym nast\u0119puje spiekanie. Atomizacja gazowa zapewnia najlepsz\u0105 kontrol\u0119 nad cechami cz\u0105stek.<\/p>\n<p class=\"whitespace-pre-wrap\"><strong>P: Jakie s\u0105 g\u0142\u00f3wne zastosowania proszku Al 3103?<\/strong><\/p>\n<p class=\"whitespace-pre-wrap\">A: G\u0142\u00f3wne zastosowania proszku Al 3103 obejmuj\u0105 wytwarzanie addytywne, metalowe formowanie wtryskowe, pow\u0142oki natryskiwane cieplnie, cz\u0119\u015bci spiekania proszkowego, pigmenty oraz drut do lutowania.<\/p>\n<p class=\"whitespace-pre-wrap\"><strong>P: Jaki jest typowy stosowany do wybi\u00f3rczego topienia laserowego rozmiar proszku Al 3103?<\/strong><\/p>\n<p class=\"whitespace-pre-wrap\">A: W przypadku procesu SLM idealny zakres wymiar\u00f3w proszku Al 3103 mie\u015bci si\u0119 w granicach 20-45 mikron\u00f3w, przy czym proszki powinny mie\u0107 kszta\u0142t kulisty, aby zapewni\u0107 dobr\u0105 g\u0119sto\u015b\u0107 pod\u0142o\u017ca proszkowego i tworzenie jeziorka stopionego materia\u0142u.<\/p>\n<p class=\"whitespace-pre-wrap\"><strong>P: Czy proszek Al 3103 wymaga specjalnego obchodzenia si\u0119 z nim?<\/strong><\/p>\n<p class=\"whitespace-pre-wrap\">A: Tak, zaleca si\u0119 ostro\u017cne obchodzenie si\u0119 z proszkami aluminiowymi w atmosferze oboj\u0119tnej, u\u017cywaj\u0105c odpowiedniego uziemienia, wentylacji i \u015brodk\u00f3w ochrony osobistej, aby zapobiec niebezpiecze\u0144stwom po\u017caru lub wybuchu.<\/p>\n<p class=\"whitespace-pre-wrap\"><strong>P: Gdzie mo\u017cna kupi\u0107 proszek Al 3103 odpowiedni do zastosowa\u0144 morskich?<\/strong><\/p>\n<p class=\"whitespace-pre-wrap\">A: Proszek Al 3103 o wysokiej odporno\u015bci na korozj\u0119, dostosowany do \u015brodowiska morskiego, jest dost\u0119pny w ofercie czo\u0142owych producent\u00f3w, takich jak Valimet, Makin Metal Powders i Micron Metals.<\/p>\n<p><\/span><\/span><\/p>","protected":false},"excerpt":{"rendered":"<p>Overview of Al 3103 Powder Al 3103 is a non-heat treatable wrought aluminum alloy known for its excellent corrosion resistance, good formability and weldability. Manganese additions improve strength through solid solution strengthening while maintaining excellent ductility. Key characteristics of Al 3103 powder include: Moderate strength with high ductility and toughness Excellent weldability and formability Very&#8230;<\/p>","protected":false},"featured_media":1810,"parent":0,"template":"","meta":{"_acf_changed":false,"_kad_blocks_custom_css":"","_kad_blocks_head_custom_js":"","_kad_blocks_body_custom_js":"","_kad_blocks_footer_custom_js":"","_kad_post_transparent":"","_kad_post_title":"","_kad_post_layout":"","_kad_post_sidebar_id":"","_kad_post_content_style":"","_kad_post_vertical_padding":"","_kad_post_feature":"","_kad_post_feature_position":"","_kad_post_header":false,"_kad_post_footer":false,"_kad_post_classname":""},"product-category":[119,124],"class_list":["post-3904","product","type-product","status-publish","has-post-thumbnail","hentry","product-category-3d-printing-metal-powder","product-category-aluminum-based-alloy-powder"],"acf":[],"taxonomy_info":{"product-category":[{"value":119,"label":"3D Printing Metal Powder"},{"value":124,"label":"Aluminum Based Alloy Powder"}]},"featured_image_src_large":["https:\/\/3dpmetal.com\/wp-content\/uploads\/2024\/02\/Ti22Al25Nb.jpg",406,304,false],"author_info":[],"comment_info":"","_links":{"self":[{"href":"https:\/\/3dpmetal.com\/pl\/wp-json\/wp\/v2\/product\/3904","targetHints":{"allow":["GET"]}}],"collection":[{"href":"https:\/\/3dpmetal.com\/pl\/wp-json\/wp\/v2\/product"}],"about":[{"href":"https:\/\/3dpmetal.com\/pl\/wp-json\/wp\/v2\/types\/product"}],"wp:featuredmedia":[{"embeddable":true,"href":"https:\/\/3dpmetal.com\/pl\/wp-json\/wp\/v2\/media\/1810"}],"wp:attachment":[{"href":"https:\/\/3dpmetal.com\/pl\/wp-json\/wp\/v2\/media?parent=3904"}],"wp:term":[{"taxonomy":"product-category","embeddable":true,"href":"https:\/\/3dpmetal.com\/pl\/wp-json\/wp\/v2\/product-category?post=3904"}],"curies":[{"name":"wp","href":"https:\/\/api.w.org\/{rel}","templated":true}]}}