{"id":3907,"date":"2024-03-18T06:10:12","date_gmt":"2024-03-18T06:10:12","guid":{"rendered":"https:\/\/3dp.45612300.xyz\/product\/al-3104-powder\/"},"modified":"2024-03-18T06:10:12","modified_gmt":"2024-03-18T06:10:12","slug":"al-3104-powder","status":"publish","type":"product","link":"https:\/\/3dpmetal.com\/pl\/product\/al-3104-powder\/","title":{"rendered":"Al 3104 powder"},"content":{"rendered":"<p><span style=\"vertical-align: inherit;\"><span style=\"vertical-align: inherit;\"><\/p>\n<h2>Overview of Al 3104 Powder<\/h2>\n<p class=\"whitespace-pre-wrap\">Al 3104 is a 3000 series wrought aluminum alloy known for its good corrosion resistance, excellent formability and weldability. Manganese additions provide strength through solid solution strengthening while maintaining ductility and toughness.<\/p>\n<p class=\"whitespace-pre-wrap\">Key characteristics of Al 3104 powder include:<\/p>\n<ul class=\"list-disc pl-8 space-y-2\">\n<li class=\"whitespace-normal\">Moderate strength with excellent ductility<\/li>\n<li class=\"whitespace-normal\">Very good weldability and formability<\/li>\n<li class=\"whitespace-normal\">Doskona\u0142a odporno\u015b\u0107 na korozj\u0119<\/li>\n<li class=\"whitespace-normal\">Wysokie przewodnictwo cieplne i elektryczne<\/li>\n<li class=\"whitespace-normal\">Niska g\u0119sto\u015b\u0107<\/li>\n<li class=\"whitespace-normal\">Dost\u0119pne w r\u00f3\u017cnych rozk\u0142adach wielko\u015bci cz\u0105stek<\/li>\n<\/ul>\n<p class=\"whitespace-pre-wrap\">Al 3104 powder is suitable for chemical tanks, utensils, heat exchangers and applications needing moderate strength combined with good corrosion resistance.<\/p>\n<h2>Chemical Composition of Al 3104 Powder<\/h2>\n<p class=\"whitespace-pre-wrap\">The typical chemical composition of Al 3104 powder is:<\/p>\n<table>\n<thead>\n<tr>\n<th>Element<\/th>\n<th>Waga %<\/th>\n<\/tr>\n<\/thead>\n<tbody>\n<tr>\n<td>Aluminium (Al)<\/td>\n<td>R\u00f3wnowaga<\/td>\n<\/tr>\n<tr>\n<td>Mangan (Mn)<\/td>\n<td>1.0-1.5%<\/td>\n<\/tr>\n<tr>\n<td>Krzem (Si)<\/td>\n<td>Do 0,3% max<\/td>\n<\/tr>\n<tr>\n<td>\u017belazo (Fe)<\/td>\n<td>maks. 0,7%<\/td>\n<\/tr>\n<tr>\n<td>Mied\u017a (Cu)<\/td>\n<td>maks. 0,25%<\/td>\n<\/tr>\n<tr>\n<td>Magnez (Mg)<\/td>\n<td>maks. 0,25%<\/td>\n<\/tr>\n<tr>\n<td>Cynk (Zn)<\/td>\n<td>0.20% max<\/td>\n<\/tr>\n<tr>\n<td>Chrom (Cr)<\/td>\n<td>0.05-0.20%<\/td>\n<\/tr>\n<\/tbody>\n<\/table>\n<p><img loading=\"lazy\" decoding=\"async\" class=\"size-medium wp-image-1409 aligncenter\" src=\"https:\/\/met3dp.com\/wp-content\/uploads\/2023\/09\/ed7a94ec-3c10-4b1b-87ed--300x300.jpg\" alt=\"Al 3104 powder\" width=\"300\" height=\"300\" title=\"\"><\/p>\n<p class=\"whitespace-pre-wrap\">Manganese is the key alloying element in 3104 aluminum. Impurity levels of silicon, iron, copper, and zinc are strictly controlled.<\/p>\n<h2>Properties of Al 3104 Powder<\/h2>\n<p class=\"whitespace-pre-wrap\">Key properties of Al 3104 powder include:<\/p>\n<table>\n<thead>\n<tr>\n<th>Nieruchomo\u015b\u0107<\/th>\n<th>Warto\u015b\u0107<\/th>\n<\/tr>\n<\/thead>\n<tbody>\n<tr>\n<td>G\u0119sto\u015b\u0107<\/td>\n<td>2,73 g\/cm3<\/td>\n<\/tr>\n<tr>\n<td>Temperatura topnienia<\/td>\n<td>634-643\u00a1\u00abC<\/td>\n<\/tr>\n<tr>\n<td>Przewodno\u015b\u0107 cieplna<\/td>\n<td>134 W\/mK<\/td>\n<\/tr>\n<tr>\n<td>Przewodnictwo elektryczne<\/td>\n<td>38-42% IACS<\/td>\n<\/tr>\n<tr>\n<td>Modu\u0142 Younga<\/td>\n<td>70 GPa<\/td>\n<\/tr>\n<tr>\n<td>Wsp\u00f3\u0142czynnik Poissona<\/td>\n<td>0.33<\/td>\n<\/tr>\n<tr>\n<td>Odporno\u015b\u0107 na rozci\u0105ganie<\/td>\n<td>150-195 MPa<\/td>\n<\/tr>\n<tr>\n<td>Wytrzyma\u0142o\u015b\u0107 graniczna<\/td>\n<td>95-120 MPa<\/td>\n<\/tr>\n<tr>\n<td>Wyd\u0142u\u017cenie<\/td>\n<td>20-30%<\/td>\n<\/tr>\n<tr>\n<td>Twardo\u015b\u0107<\/td>\n<td>45-65 Brinell<\/td>\n<\/tr>\n<\/tbody>\n<\/table>\n<p>&nbsp;<\/p>\n<p class=\"whitespace-pre-wrap\">The alloy offers moderate strength with high ductility and excellent formability. It has very good resistance to atmospheric corrosion and marine environments.<\/p>\n<h2>Production Method for Al 3104 Powder<\/h2>\n<p class=\"whitespace-pre-wrap\">Common production methods for Al 3104 powder include:<\/p>\n<ul class=\"list-disc pl-8 space-y-2\">\n<li class=\"whitespace-normal\"><strong>Atomizacja gazu<\/strong>?- Molten alloy stream disintegrated with high pressure inert gas jets into fine spherical powder. Controlled particle size distribution.<\/li>\n<li class=\"whitespace-normal\"><strong>Rozpylanie wody<\/strong>?- High velocity water jet used to produce fine irregular Al 3104 particles. More economical but higher oxygen pickup.<\/li>\n<li class=\"whitespace-normal\"><strong>Mechaniczne stopowanie<\/strong>?- Ball milling of aluminum and manganese powder blends followed by cold compaction and sintering.<\/li>\n<\/ul>\n<p class=\"whitespace-pre-wrap\">Atomizacja gazowa zapewnia najlepsz\u0105 kontrol\u0119 nad parametrami proszk\u00f3w, takimi jak wielko\u015b\u0107 cz\u0105stek, kszta\u0142t i mikrostruktura.<\/p>\n<h2>Applications of Al 3104 Powder<\/h2>\n<p class=\"whitespace-pre-wrap\">Typical applications of Al 3104 powder include:<\/p>\n<ul class=\"list-disc pl-8 space-y-2\">\n<li class=\"whitespace-normal\"><strong>Metalowa forma wtrysku<\/strong>?- To manufacture small intricate components needing moderate strength and good corrosion resistance.<\/li>\n<li class=\"whitespace-normal\"><strong>wytwarzanie przyrostowe<\/strong>?- Odpowiednie dla wi\u0105zania spoiwem i proces\u00f3w selektywnego stapiania laserowego, aby produkowa\u0107 z\u0142o\u017cone cz\u0119\u015bci aluminiowe.<\/li>\n<li class=\"whitespace-normal\"><strong>Metalurgia proszk\u00f3w<\/strong>Proces prasowania i spiekania w celu wytworzenia cz\u0119\u015bci o dobrych w\u0142a\u015bciwo\u015bciach mechanicznych i obrabialno\u015bci.<\/li>\n<li class=\"whitespace-normal\"><strong>Natryskiwanie termiczne<\/strong>?- Wire arc spray deposition to produce protective coatings offering moderate wear and corrosion resistance.<\/li>\n<li class=\"whitespace-normal\"><strong>Dodatki spawalnicze<\/strong>?- U\u017cywany jako drut wype\u0142niaj\u0105cy w celu uzyskania spoiny o wytrzyma\u0142o\u015bci podobnej do materia\u0142u bazowego.<\/li>\n<li class=\"whitespace-normal\"><strong>Pigmenty<\/strong>?- Added to paints and plastics to provide shine and corrosion protection.<\/li>\n<\/ul>\n<h2>Specifications of Al 3104 Powder<\/h2>\n<p class=\"whitespace-pre-wrap\">Al 3104 powder is available under different size ranges, shapes, purity levels and grades:<\/p>\n<ul class=\"list-disc pl-8 space-y-2\">\n<li class=\"whitespace-normal\"><strong>Rozmiar cz\u0105stek:<\/strong>?Od 10-150 mikron\u00f3w dla metod addytywnych, do 300 mikron\u00f3w dla proces\u00f3w natryskiwania cieplnego.<\/li>\n<li class=\"whitespace-normal\"><strong>Morfologia:<\/strong>?Spherical, granular, dendritic and irregular powder shapes. Smooth powder has better flowability.<\/li>\n<li class=\"whitespace-normal\"><strong>Czysto\u015b\u0107:<\/strong>Od komercyjnych do bardzo czystych odmian (99.8%) dostosowanych do zastosowania.<\/li>\n<li class=\"whitespace-normal\"><strong>Stopnie<\/strong>?Conforming to ASTM B209, EN 573, ISO 209 specifications. Custom grades offered.<\/li>\n<li class=\"whitespace-normal\"><strong>P\u0142ynno\u015b\u0107:<\/strong>?Powder can be customized for excellent flow rates above 25 s\/50g.<\/li>\n<\/ul>\n<h2>Global Suppliers of Al 3104 Powder<\/h2>\n<p class=\"whitespace-pre-wrap\">Niekt\u00f3rzy z g\u0142\u00f3wnych, globalnych dostawc\u00f3w to:<\/p>\n<ul class=\"list-disc pl-8 space-y-2\">\n<li class=\"whitespace-normal\">Valimet Inc. (USA)<\/li>\n<li class=\"whitespace-normal\">Makin Metal Powders (Wielka Brytania)<\/li>\n<li class=\"whitespace-normal\">Szanghaj Chaowei Nanotechnology (Chiny)<\/li>\n<li class=\"whitespace-normal\">Micron Metals (USA)<\/li>\n<li class=\"whitespace-normal\">Shandong Yamei Nanotechnology (Chiny)<\/li>\n<li class=\"whitespace-normal\">CNPC Powder Group (Chiny)<\/li>\n<li class=\"whitespace-normal\">Agni Metal (USA)<\/li>\n<\/ul>\n<p class=\"whitespace-pre-wrap\">These companies produce Al 3104 powder suitable for AM, MIM, thermal spray, welding, automotive, and other applications using various methods.<\/p>\n<h2>Al 3104 Powder Pricing<\/h2>\n<p class=\"whitespace-pre-wrap\">Pricing of Al 3104 powder depends on several factors:<\/p>\n<ul class=\"list-disc pl-8 space-y-2\">\n<li class=\"whitespace-normal\">Poziomy czysto\u015bci<\/li>\n<li class=\"whitespace-normal\">W\u0142a\u015bciwo\u015bci py\u0142u<\/li>\n<li class=\"whitespace-normal\">Metoda produkcji<\/li>\n<li class=\"whitespace-normal\">Wolumen zam\u00f3wie\u0144<\/li>\n<li class=\"whitespace-normal\">Dostawca i lokalizacja<\/li>\n<\/ul>\n<table>\n<thead>\n<tr>\n<th>Stopie\u0144<\/th>\n<th>Przedzia\u0142 cenowy<\/th>\n<\/tr>\n<\/thead>\n<tbody>\n<tr>\n<td>Reklama<\/td>\n<td>5-15 z\u0142 za kilogram<\/td>\n<\/tr>\n<tr>\n<td>Wysoka czysto\u015b\u0107<\/td>\n<td>$15-25 za kg<\/td>\n<\/tr>\n<tr>\n<td>Ultradrobne<\/td>\n<td>$25-45 za kg<\/td>\n<\/tr>\n<tr>\n<td>Klasa specjalna<\/td>\n<td>45\u201390 z\u0142 za kg<\/td>\n<\/tr>\n<\/tbody>\n<\/table>\n<p>&nbsp;<\/p>\n<p class=\"whitespace-pre-wrap\">High purity, spherical and controlled particle size powders command much higher pricing over regular commercial grades of Al 3104 powder.<\/p>\n<h2>Storage and Handling of Al 3104 Powder<\/h2>\n<p class=\"whitespace-pre-wrap\">Al 3104 powder should be properly handled and stored to prevent:<\/p>\n<ul class=\"list-disc pl-8 space-y-2\">\n<li class=\"whitespace-normal\">Utlenianie i reakcja z wilgoci\u0105<\/li>\n<li class=\"whitespace-normal\">Zagro\u017cenia zwi\u0105zane z py\u0142em i wybuchami py\u0142\u00f3w<\/li>\n<li class=\"whitespace-normal\">Problemy zdrowotne zwi\u0105zane z wdychaniem<\/li>\n<li class=\"whitespace-normal\">Nale\u017cy przestrzega\u0107 praktyk bezpiecze\u0144stwa z karty charakterystyki dostawcy<\/li>\n<\/ul>\n<p class=\"whitespace-pre-wrap\">Podczas obs\u0142ugi proszku zaleca si\u0119 stosowanie os\u0142ony z gazu oboj\u0119tnego, prawid\u0142owe uziemienie, wentylacj\u0119 i \u015brodki ochrony osobistej.<\/p>\n<h2>Metody testowania i charakteryzacji<\/h2>\n<p class=\"whitespace-pre-wrap\">Key test methods used for Al 3104 powder include:<\/p>\n<ul class=\"list-disc pl-8 space-y-2\">\n<li class=\"whitespace-normal\">Analiza chemiczna w celu ustalenia sk\u0142adu z wykorzystaniem OES lub XRF<\/li>\n<li class=\"whitespace-normal\">Dystrybucja wielko\u015bci cz\u0105stek zgodnie z norm\u0105 ASTM B822<\/li>\n<li class=\"whitespace-normal\">Analiza morfologiczna za pomoc\u0105 SEM<\/li>\n<li class=\"whitespace-normal\">Przep\u0142yw proszku mierzony z u\u017cyciem lejka przep\u0142ywowego Hall<\/li>\n<li class=\"whitespace-normal\">Oznaczanie g\u0119sto\u015bci za pomoc\u0105 piknometru helowego<\/li>\n<li class=\"whitespace-normal\">Badanie zanieczyszcze\u0144 za pomoc\u0105 ICP-MS<\/li>\n<li class=\"whitespace-normal\">Badanie mikrostruktury metod\u0105 dyfrakcji rentgenowskiej<\/li>\n<\/ul>\n<p class=\"whitespace-pre-wrap\">Te testy zapewniaj\u0105 sp\u00f3jno\u015b\u0107 partii i zgodno\u015b\u0107 z wymaganiami aplikacji.<\/p>\n<h2>Comparison Between Al 3104 and Al 3003 Powders<\/h2>\n<p class=\"whitespace-pre-wrap\">Al 3104 and Al 3003 are two aluminum alloy powders compared:<\/p>\n<table>\n<thead>\n<tr>\n<th>Parametr<\/th>\n<th>Al 3104<\/th>\n<th>Al 3003<\/th>\n<\/tr>\n<\/thead>\n<tbody>\n<tr>\n<td>Typ stopu<\/td>\n<td>Nieutwardzalne<\/td>\n<td>Nieutwardzalne<\/td>\n<\/tr>\n<tr>\n<td>Zawarto\u015b\u0107 Mn<\/td>\n<td>1.0-1.5%<\/td>\n<td>1.0-1.5%<\/td>\n<\/tr>\n<tr>\n<td>Si\u0142a<\/td>\n<td>Nieco ni\u017cej<\/td>\n<td>Nieco wy\u017cej<\/td>\n<\/tr>\n<tr>\n<td>Odporno\u015b\u0107 przeciwkorozyjna<\/td>\n<td>Wy\u015bmienicie<\/td>\n<td>Wy\u015bmienicie<\/td>\n<\/tr>\n<tr>\n<td>Zdatno\u015b\u0107 spawalnicza<\/td>\n<td>Wy\u015bmienicie<\/td>\n<td>Wy\u015bmienicie<\/td>\n<\/tr>\n<tr>\n<td>Koszt<\/td>\n<td>Ni\u017cej<\/td>\n<td>Wy\u017cej<\/td>\n<\/tr>\n<\/tbody>\n<\/table>\n<p>&nbsp;<\/p>\n<p class=\"whitespace-pre-wrap\">Al 3104 offers slightly better formability whereas Al 3003 provides marginally higher strength. Both offer excellent corrosion resistance.<\/p>\n<h2>Al 3104 Powder FAQs<\/h2>\n<p class=\"whitespace-pre-wrap\"><strong>Q: How is Al 3104 powder produced?<\/strong><\/p>\n<p class=\"whitespace-pre-wrap\">A: Al 3104 powder is commercially produced using gas atomization, water atomization, and mechanical alloying followed by sintering. Gas atomization provides the best control of particle characteristics.<\/p>\n<p class=\"whitespace-pre-wrap\"><strong>Q: What are the main applications of Al 3104 powder?<\/strong><\/p>\n<p class=\"whitespace-pre-wrap\">A: The major applications of Al 3104 powder include metal injection molding, additive manufacturing, thermal spray coatings, powder metallurgy parts, pigments, and welding filler wire.<\/p>\n<p class=\"whitespace-pre-wrap\"><strong>Q: What is the recommended Al 3104 powder size for binder jet 3D printing?<\/strong><\/p>\n<p class=\"whitespace-pre-wrap\">A: For binder jetting process, the typical Al 3104 powder size range is 20-45 microns with near-spherical morphology to enable good powder bed density.<\/p>\n<p class=\"whitespace-pre-wrap\"><strong>Q: Does Al 3104 powder require any special handling precautions?<\/strong><\/p>\n<p class=\"whitespace-pre-wrap\">A: Yes, it is recommended to handle aluminum powders carefully in inert atmosphere using proper grounding, ventilation and PPE to prevent fire or explosion hazards.<\/p>\n<p class=\"whitespace-pre-wrap\"><strong>Q: Where can I purchase Al 3104 powder suitable for marine applications?<\/strong><\/p>\n<p class=\"whitespace-pre-wrap\">A: Al 3104 powder with high corrosion resistance tailored for marine environments can be purchased from leading manufacturers like Valimet, Makin Metal Powders, and Micron Metals.<\/p>\n<p><\/span><\/span><\/p>","protected":false},"excerpt":{"rendered":"<p>Overview of Al 3104 Powder Al 3104 is a 3000 series wrought aluminum alloy known for its good corrosion resistance, excellent formability and weldability. Manganese additions provide strength through solid solution strengthening while maintaining ductility and toughness. Key characteristics of Al 3104 powder include: Moderate strength with excellent ductility Very good weldability and formability Excellent&#8230;<\/p>","protected":false},"featured_media":1816,"parent":0,"template":"","meta":{"_acf_changed":false,"_kad_blocks_custom_css":"","_kad_blocks_head_custom_js":"","_kad_blocks_body_custom_js":"","_kad_blocks_footer_custom_js":"","_kad_post_transparent":"","_kad_post_title":"","_kad_post_layout":"","_kad_post_sidebar_id":"","_kad_post_content_style":"","_kad_post_vertical_padding":"","_kad_post_feature":"","_kad_post_feature_position":"","_kad_post_header":false,"_kad_post_footer":false,"_kad_post_classname":""},"product-category":[119,124],"class_list":["post-3907","product","type-product","status-publish","has-post-thumbnail","hentry","product-category-3d-printing-metal-powder","product-category-aluminum-based-alloy-powder"],"acf":[],"taxonomy_info":{"product-category":[{"value":119,"label":"3D Printing Metal Powder"},{"value":124,"label":"Aluminum Based Alloy Powder"}]},"featured_image_src_large":["https:\/\/3dpmetal.com\/wp-content\/uploads\/2024\/02\/Al-3104-powder.png",451,429,false],"author_info":[],"comment_info":"","_links":{"self":[{"href":"https:\/\/3dpmetal.com\/pl\/wp-json\/wp\/v2\/product\/3907","targetHints":{"allow":["GET"]}}],"collection":[{"href":"https:\/\/3dpmetal.com\/pl\/wp-json\/wp\/v2\/product"}],"about":[{"href":"https:\/\/3dpmetal.com\/pl\/wp-json\/wp\/v2\/types\/product"}],"wp:featuredmedia":[{"embeddable":true,"href":"https:\/\/3dpmetal.com\/pl\/wp-json\/wp\/v2\/media\/1816"}],"wp:attachment":[{"href":"https:\/\/3dpmetal.com\/pl\/wp-json\/wp\/v2\/media?parent=3907"}],"wp:term":[{"taxonomy":"product-category","embeddable":true,"href":"https:\/\/3dpmetal.com\/pl\/wp-json\/wp\/v2\/product-category?post=3907"}],"curies":[{"name":"wp","href":"https:\/\/api.w.org\/{rel}","templated":true}]}}