{"id":3908,"date":"2024-03-18T06:10:12","date_gmt":"2024-03-18T06:10:12","guid":{"rendered":"https:\/\/3dp.45612300.xyz\/product\/haynes-alloy-188-powder\/"},"modified":"2024-03-18T06:10:12","modified_gmt":"2024-03-18T06:10:12","slug":"haynes-alloy-188-powder","status":"publish","type":"product","link":"https:\/\/3dpmetal.com\/pl\/product\/haynes-alloy-188-powder\/","title":{"rendered":"Proszek stopu Haynes 188"},"content":{"rendered":"<p><span style=\"vertical-align: inherit;\"><span style=\"vertical-align: inherit;\"><\/p>\n<h2>Przegl\u0105d Haynes Alloy 188 Powder<\/h2>\n<p class=\"whitespace-pre-wrap\">Haynes 188 jest wysokowydajnym superstopem wykazuj\u0105cym doskona\u0142\u0105 odporno\u015b\u0107 na utlenianie, zm\u0119czenie cieplne i pe\u0142zanie w temperaturach przekraczaj\u0105cych 1000 \u00b0C. Wysoka zawarto\u015b\u0107 kobaltu, niklu, chromu i wolframu zapewnia wyj\u0105tkow\u0105 wytrzyma\u0142o\u015b\u0107 w wysokich temperaturach i odporno\u015b\u0107 na korozj\u0119.<\/p>\n<p class=\"whitespace-pre-wrap\">G\u0142\u00f3wne cechy proszku Haynes 188 obejmuj\u0105:<\/p>\n<ul class=\"list-disc pl-8 space-y-2\">\n<li class=\"whitespace-normal\">Niesamowita wytrzyma\u0142o\u015b\u0107 wysokotemperaturowa i odporno\u015b\u0107 na pe\u0142zanie<\/li>\n<li class=\"whitespace-normal\">Doskona\u0142a antykorozyjna odporno\u015b\u0107 na utlenianie<\/li>\n<li class=\"whitespace-normal\">Zachowuje wytrzyma\u0142o\u015b\u0107 podczas d\u0142ugotrwa\u0142ego cyklu termicznego<\/li>\n<li class=\"whitespace-normal\">Odporna na dzia\u0142anie siarki i wanadu<\/li>\n<li class=\"whitespace-normal\">Dobre parametry w produkcji<\/li>\n<li class=\"whitespace-normal\">Dost\u0119pne w r\u00f3\u017cnych rozmiarach i kszta\u0142tach jako proszek<\/li>\n<\/ul>\n<p class=\"whitespace-pre-wrap\">Proszek Haynes 188 jest przeznaczony do bardzo wymagaj\u0105cych zastosowa\u0144 w przemy\u015ble lotniczym, przetworze chemicznym, wytwarzaniu energii i przemy\u015ble obr\u00f3bki cieplnej, gdzie konieczna jest niezwyk\u0142a wydajno\u015b\u0107 w wysokich temperaturach.<\/p>\n<h2>Sk\u0142ad chemiczny proszku stopu Haynes 188<\/h2>\n<p class=\"whitespace-pre-wrap\">Typowa kompozycja proszku Haynes 188 wynosi:<\/p>\n<table>\n<thead>\n<tr>\n<th>Element<\/th>\n<th>Waga %<\/th>\n<\/tr>\n<\/thead>\n<tbody>\n<tr>\n<td>Nikiel (Ni)<\/td>\n<td>R\u00f3wnowaga<\/td>\n<\/tr>\n<tr>\n<td>Kobalt (Co)<\/td>\n<td>20-25%<\/td>\n<\/tr>\n<tr>\n<td>Chrom (Cr)<\/td>\n<td>20-25%<\/td>\n<\/tr>\n<tr>\n<td>Wolfram (W)<\/td>\n<td>12-15%<\/td>\n<\/tr>\n<tr>\n<td>\u017belazo (Fe)<\/td>\n<td>&lt;3%<\/td>\n<\/tr>\n<tr>\n<td>Mangan (Mn)<\/td>\n<td>&lt;1,5%<\/td>\n<\/tr>\n<tr>\n<td>Krzem (Si)<\/td>\n<td>&lt;1%<\/td>\n<\/tr>\n<tr>\n<td>W\u0119giel (C)<\/td>\n<td>&lt;0,1%<\/td>\n<\/tr>\n<\/tbody>\n<\/table>\n<p>&nbsp;<\/p>\n<p class=\"whitespace-pre-wrap\">Nikiel zapewnia rodzaj matrycy, podczas gdy kobalt dodaje wytrzyma\u0142o\u015bci. Chrom i wolfram zapewniaj\u0105 doskona\u0142\u0105 odporno\u015b\u0107 na utlenianie i korozj\u0119. \u017belazo, mangan i krzem wyst\u0119puj\u0105 jako zanieczyszczenia.<\/p>\n<h2>W\u0142a\u015bciwo\u015bci stopu Haynes Alloy 188 Powder<\/h2>\n<p class=\"whitespace-pre-wrap\">Kluczowe w\u0142a\u015bciwo\u015bci proszku Haynes 188 obejmuj\u0105:<\/p>\n<table>\n<thead>\n<tr>\n<th>Nieruchomo\u015b\u0107<\/th>\n<th>Warto\u015b\u0107<\/th>\n<\/tr>\n<\/thead>\n<tbody>\n<tr>\n<td>G\u0119sto\u015b\u0107<\/td>\n<td>8,5 g\/cm3<\/td>\n<\/tr>\n<tr>\n<td>Temperatura topnienia<\/td>\n<td>1230-1260 r.n.e.<\/td>\n<\/tr>\n<tr>\n<td>Przewodno\u015b\u0107 cieplna<\/td>\n<td>9,8 W\/m\u00a9{K<\/td>\n<\/tr>\n<tr>\n<td>Op\u00f3r elektryczny<\/td>\n<td>126 \u00c3\u2014\u00b4\u00ce\u00a9{cm<\/td>\n<\/tr>\n<tr>\n<td>Modu\u0142 Younga<\/td>\n<td>205 GPa<\/td>\n<\/tr>\n<tr>\n<td>Wsp\u00f3\u0142czynnik Poissona<\/td>\n<td>0.31<\/td>\n<\/tr>\n<tr>\n<td>Odporno\u015b\u0107 na rozci\u0105ganie<\/td>\n<td>550-900 MPa<\/td>\n<\/tr>\n<tr>\n<td>Wytrzyma\u0142o\u015b\u0107 graniczna<\/td>\n<td>240-650 MPa<\/td>\n<\/tr>\n<tr>\n<td>Wyd\u0142u\u017cenie<\/td>\n<td>25-45%<\/td>\n<\/tr>\n<tr>\n<td>Wytrzyma\u0142o\u015b\u0107 na zm\u0119czenie<\/td>\n<td>310 MPa<\/td>\n<\/tr>\n<\/tbody>\n<\/table>\n<p>&nbsp;<\/p>\n<p class=\"whitespace-pre-wrap\">W\u0142a\u015bciwo\u015bci takie jak wytrzyma\u0142o\u015b\u0107, plastyczno\u015b\u0107 i odporno\u015b\u0107 na zm\u0119czenie s\u0105 zachowane w ekstremalnych temperaturach przekraczaj\u0105cych 1000\u00baC, co czyni j\u0105 odpowiedni\u0105 dla najbardziej wymagaj\u0105cych zastosowa\u0144 w wysokich temperaturach.<\/p>\n<h2>Metoda produkcji proszku ze stopu Haynes 188<\/h2>\n<p class=\"whitespace-pre-wrap\">Proch Haynes 188 jest produkowany przy u\u017cyciu:<\/p>\n<ul class=\"list-disc pl-8 space-y-2\">\n<li class=\"whitespace-normal\"><strong>Atomizacja gazu<\/strong>?- Strumie\u0144 gazu oboj\u0119tnego pod wysokim ci\u015bnieniem stosowany do rozpadu strumienia stopionego stopu na drobny, kulisty proszek. Zapewnia dobr\u0105 p\u0142ynno\u015b\u0107 i pakowanie.<\/li>\n<li class=\"whitespace-normal\"><strong>Rozpylanie wody<\/strong>?- Wp\u0142yw strumienia wody o wysokiej pr\u0119dko\u015bci na topiony strumie\u0144 daje drobne, nieregularne proszki. Bardziej ekonomiczna, lecz wi\u0119kszy wzrost tlenu.<\/li>\n<li class=\"whitespace-normal\"><strong>Kondensacja w gazie oboj\u0119tnym<\/strong>- Tworzenie pary i kontrolowana kondensacja pierwiastk\u00f3w stopowych w \u015brodowisku oboj\u0119tnego gazu o wysokiej czysto\u015bci. Tworzy bardzo drobny kulisty proszek.<\/li>\n<\/ul>\n<p class=\"whitespace-pre-wrap\">Atomizacja gazowa zapewnia najlepsz\u0105 kontrol\u0119 nad rozk\u0142adem wielko\u015bci cz\u0105stek, kszta\u0142tem i czysto\u015bci\u0105.<\/p>\n<h2>Zastosowania proszkowej stali stopowej Haynes 188<\/h2>\n<p class=\"whitespace-pre-wrap\">Typowe zastosowania proszku Haynes 188 to:<\/p>\n<ul class=\"list-disc pl-8 space-y-2\">\n<li class=\"whitespace-normal\"><strong>wytwarzanie przyrostowe<\/strong>?- Wykorzystywany w selektywnym topieniu laserowym, topieniu wi\u0105zk\u0105 elektron\u00f3w do wytwarzania z\u0142o\u017conych cz\u0119\u015bci do \u015brodowisk ekstremalnych.<\/li>\n<li class=\"whitespace-normal\"><strong>Pow\u0142oki termiczne natrysku termicznego<\/strong>?- nanoszona metod\u0105 natrysku plazm\u0105 lub HVOF w celu zapewnienia odporno\u015bci na zu\u017cycie i korozj\u0119 w wysokich temperaturach.<\/li>\n<li class=\"whitespace-normal\"><strong>Spoiwo lutownicze<\/strong>- \u0141\u0105czenie komponent\u00f3w, kt\u00f3re musz\u0105 wytrzymywa\u0107 wysokie temperatury podczas eksploatacji.<\/li>\n<li class=\"whitespace-normal\"><strong>Zapalniki do paliwa sta\u0142ego<\/strong>?- \u015awiece zap\u0142onowe metalurgii proszkowej wykorzystywane w silnikach odrzutowych, turbinach l\u0105dowych.<\/li>\n<li class=\"whitespace-normal\"><strong>Obr\u00f3bka stopionego metalu<\/strong>?- Obs\u0142uga kadzi stalowniczych, przenoszenie sk\u0142adnik\u00f3w wsadu, tygli s\u0142u\u017c\u0105cych w przemy\u015ble szklarskim, aluminiowym i metalurgicznym.<\/li>\n<li class=\"whitespace-normal\"><strong>Elementy pieca<\/strong>?- Tace, uchwyty, przeno\u015bniki stosowane w obr\u00f3bce cieplnej w wysokich temperaturach oraz w piecach szklarskich.<\/li>\n<\/ul>\n<h2>Dane techniczne stopu Haynes Alloy 188 Powder<\/h2>\n<p class=\"whitespace-pre-wrap\">Haynes 188 proszek wyst\u0119puje w pe\u0142nej gamie rozmiar\u00f3w, kszta\u0142t\u00f3w i gatunk\u00f3w, w tym:<\/p>\n<ul class=\"list-disc pl-8 space-y-2\">\n<li class=\"whitespace-normal\"><strong>Rozmiar cz\u0105stek:<\/strong>Od 10\u201345 mikrometr\u00f3w dla metod AM do 120 mikrometr\u00f3w dla proces\u00f3w natryskiwania cieplnego.<\/li>\n<li class=\"whitespace-normal\"><strong>Morfologia:<\/strong>Kszta\u0142ty proszku sferyczne, nieregularne i mieszane. G\u0142adki, sferyczny proszek zapewnia lepszy przep\u0142yw.<\/li>\n<li class=\"whitespace-normal\"><strong>Czysto\u015b\u0107:<\/strong>?R\u00f3\u017cne gatunki od handlowych do ultraczystych na podstawie rygorystycznej analizy chemicznej.<\/li>\n<li class=\"whitespace-normal\"><strong>Stopnie<\/strong>Zgodne z normami AMS 5758, AMS 5759, AMS 5864 dostosowanymi do zastosowa\u0144 lotniczych.<\/li>\n<li class=\"whitespace-normal\"><strong>Powierzchnia:<\/strong>?Prochki z ma\u0142\u0105 powierzchni\u0105 preferowane do minimalizacji utleniania.<\/li>\n<\/ul>\n<h2>\u015awiatowi dostawcy proszku Haynes Alloy 188<\/h2>\n<p class=\"whitespace-pre-wrap\">Niekt\u00f3rzy z g\u0142\u00f3wnych, globalnych dostawc\u00f3w to:<\/p>\n<ul class=\"list-disc pl-8 space-y-2\">\n<li class=\"whitespace-normal\">Carpenter Additive (USA)<\/li>\n<li class=\"whitespace-normal\">Sandvik Osprey (UK)<\/li>\n<li class=\"whitespace-normal\">Erasteel (Francja)<\/li>\n<li class=\"whitespace-normal\">Edgetech Industries (USA)<\/li>\n<li class=\"whitespace-normal\">Special Metals Corp. (USA)<\/li>\n<li class=\"whitespace-normal\">Tekna (Kanada)<\/li>\n<\/ul>\n<p class=\"whitespace-pre-wrap\">Te firmy produkuj\u0105 Haynes 188 w r\u00f3\u017cnych gatunkach sprooszkowanego metalu przeznaczonego do produkcji przyrostowej, pow\u0142ok natryskiwanych cieplnie i innych zastosowa\u0144 wysokotemperaturowych.<\/p>\n<h2>Cennik Haynes Alloy 188 Powder<\/h2>\n<p class=\"whitespace-pre-wrap\">Cena proszku Haynes 188 zale\u017cy od takich czynnik\u00f3w jak:<\/p>\n<ul class=\"list-disc pl-8 space-y-2\">\n<li class=\"whitespace-normal\">Poziomy czysto\u015bci<\/li>\n<li class=\"whitespace-normal\">Podzia\u0142 wielko\u015bci cz\u0105stek i kszta\u0142t<\/li>\n<li class=\"whitespace-normal\">Ilo\u015b\u0107 zam\u00f3wienia<\/li>\n<li class=\"whitespace-normal\">Producent i lokalizacja geograficzna<\/li>\n<\/ul>\n<table>\n<thead>\n<tr>\n<th>Stopie\u0144<\/th>\n<th>Przedzia\u0142 cenowy<\/th>\n<\/tr>\n<\/thead>\n<tbody>\n<tr>\n<td>Reklama<\/td>\n<td>80\u2013120 PLN za kg<\/td>\n<\/tr>\n<tr>\n<td>Wysoka czysto\u015b\u0107<\/td>\n<td>120-250 USD za kg<\/td>\n<\/tr>\n<tr>\n<td>Ultradrobne<\/td>\n<td>250-450 z\u0142 za kg<\/td>\n<\/tr>\n<tr>\n<td>Klasa specjalna<\/td>\n<td>450-850 z\u0142 za kg<\/td>\n<\/tr>\n<\/tbody>\n<\/table>\n<p>&nbsp;<\/p>\n<p class=\"whitespace-pre-wrap\">Gazowo atomizowane ultra drobne i wysoce czysto\u015bci proszki wymagaj\u0105 najlepszych cen w por\u00f3wnaniu z komercyjnymi gatunkami. Mniejsze ilo\u015bci s\u0105 dro\u017csze.<\/p>\n<h2>Przechowywanie i obs\u0142uga proszku stopu Haynes 188<\/h2>\n<p class=\"whitespace-pre-wrap\">Proch Haynes 188 wymaga ostro\u017cnego przechowywania i u\u017cytkowania:<\/p>\n<ul class=\"list-disc pl-8 space-y-2\">\n<li class=\"whitespace-normal\">Nale\u017cy przechowywa\u0107 w szczelnych pojemnikach pod gazem oboj\u0119tnym, aby zapobiec utlenianiu.<\/li>\n<li class=\"whitespace-normal\">Unikaj gromadzenia si\u0119 drobnych cz\u0105steczek proszku, aby zminimalizowa\u0107 ryzyko wybuchu py\u0142u<\/li>\n<li class=\"whitespace-normal\">No\u015b osobisty sprz\u0119t ochronny podczas pos\u0142ugiwania si\u0119 drobnym proszkiem<\/li>\n<li class=\"whitespace-normal\">Przestrzegaj zalecanych przez producenta \u015brodk\u00f3w ostro\u017cno\u015bci<\/li>\n<\/ul>\n<p class=\"whitespace-pre-wrap\">Podczas obchodzenia si\u0119 z tym reaktywnym proszkiem stopu nale\u017cy stosowa\u0107 odpowiednie uziemienie, wentylacj\u0119 i OSOBNY \u015aRODEK OCHRONY<\/p>\n<h2>Kontrola i testowanie proszku Haynes Alloy 188<\/h2>\n<p class=\"whitespace-pre-wrap\">G\u0142\u00f3wne testy przeprowadzone pod k\u0105tem kontroli jako\u015bci obejmuj\u0105:<\/p>\n<ul class=\"list-disc pl-8 space-y-2\">\n<li class=\"whitespace-normal\">Analiza chemiczna za pomoc\u0105 OES lub XRF, aby zapewni\u0107, \u017ce sk\u0142ad mie\u015bci si\u0119 w okre\u015blonych granicach.<\/li>\n<li class=\"whitespace-normal\">Dystrybucja wielko\u015bci cz\u0105stek przy u\u017cyciu techniki dyfrakcji laserowej zgodnie z norm\u0105 ASTM B822.<\/li>\n<li class=\"whitespace-normal\">Analiza morfologiczna uzyskana przez skaningow\u0105 mikroskopi\u0119 elektronow\u0105.<\/li>\n<li class=\"whitespace-normal\">Pomiar nat\u0119\u017cenia przep\u0142ywu proszk\u00f3w zgodnie z norm\u0105 ASTM B213 za pomoc\u0105 przep\u0142ywomierza Halla.<\/li>\n<li class=\"whitespace-normal\">Pomiar g\u0119sto\u015bci za pomoc\u0105 piknometrii helowej<\/li>\n<li class=\"whitespace-normal\">Poziom zanieczyszcze\u0144 badany za pomoc\u0105 ICP-MS.<\/li>\n<li class=\"whitespace-normal\">Charakterystyka mikrostruktury przez dyfrakcj\u0119 rentgenowsk\u0105.<\/li>\n<\/ul>\n<p class=\"whitespace-pre-wrap\">Dok\u0142adna inspekcja i testy weryfikuj\u0105, czy proszek spe\u0142nia chemiczne, fizyczne i mikrostrukturalne wymagania dla zamierzonego zastosowania.<\/p>\n<h2>Por\u00f3wnanie proszk\u00f3w Haynes 188 do Hastelloy X<\/h2>\n<p class=\"whitespace-pre-wrap\">Por\u00f3wnanie proszk\u00f3w stopowych Haynes 188 i Hastelloy X na bazie niklu:<\/p>\n<table>\n<thead>\n<tr>\n<th>Parametr<\/th>\n<th>Haynes 188<\/th>\n<th>Hastelloy X<\/th>\n<\/tr>\n<\/thead>\n<tbody>\n<tr>\n<td>Element podstawy<\/td>\n<td>Nikiel<\/td>\n<td>Nikiel<\/td>\n<\/tr>\n<tr>\n<td>Zawarto\u015b\u0107 Cr<\/td>\n<td>22-25%<\/td>\n<td>22-25%<\/td>\n<\/tr>\n<tr>\n<td>Zawarto\u015b\u0107 Mo<\/td>\n<td>Bez molibdenu<\/td>\n<td>8-10%<\/td>\n<\/tr>\n<tr>\n<td>Odporno\u015b\u0107 na utlenianie<\/td>\n<td>Doskona\u0142y do 1204\u00a1\u00abC<\/td>\n<td>Doskona\u0142a do 1150\u00a1\u00abC<\/td>\n<\/tr>\n<tr>\n<td>Koszt<\/td>\n<td>Wy\u017cej<\/td>\n<td>Ni\u017cej<\/td>\n<\/tr>\n<tr>\n<td>Si\u0142a<\/td>\n<td>Ni\u017cej<\/td>\n<td>Wy\u017cej<\/td>\n<\/tr>\n<tr>\n<td>Praktyczno\u015b\u0107<\/td>\n<td>Wy\u015bmienicie<\/td>\n<td>\u015arednia<\/td>\n<\/tr>\n<tr>\n<td>APLIKACJE<\/td>\n<td>Powi\u0105zania, spoiwo lutownicze<\/td>\n<td>Komponenty lotnicze, spr\u0119\u017cyny<\/td>\n<\/tr>\n<\/tbody>\n<\/table>\n<p>&nbsp;<\/p>\n<p class=\"whitespace-pre-wrap\">Stop Haynes 188 zapewnia lepsz\u0105 obrabialno\u015b\u0107, podczas gdy Hastelloy X ma wi\u0119ksz\u0105 wytrzyma\u0142o\u015b\u0107. Haynes 188 wykazuje odporno\u015b\u0107 na utlenianie w ekstremalnie wysokich temperaturach.<\/p>\n<h2>Najcz\u0119\u015bciej zadawane pytania na temat Haynes Alloy 188 Powder<\/h2>\n<p class=\"whitespace-pre-wrap\"><strong>P: W jaki spos\u00f3b jest produkowany proszek stopu Haynes 188?<\/strong><\/p>\n<p class=\"whitespace-pre-wrap\">A: Haynes 188 produkcji proszkowej handlowo wytwarzany jest przy u\u017cyciu technik atomizacji gazowej, atomizacji wodnej i kondensacji oboj\u0119tnego gazu. Atomizacja gazowa oferuje najlepsz\u0105 kontrol\u0119 nad charakterystyk\u0105 cz\u0105stek.<\/p>\n<p class=\"whitespace-pre-wrap\"><strong>P: Jakie s\u0105 g\u0142\u00f3wne zastosowania dla proszku Haynes 188?<\/strong><\/p>\n<p class=\"whitespace-pre-wrap\">A: G\u0142\u00f3wne zastosowania: wytwarzanie przyrostowe, pow\u0142oki natryskowe, spoiwa lutownicze, metalurgia proszk\u00f3w, wk\u0142ady zap\u0142onowe, oraz komponenty piec\u00f3w wysokotemperaturowych wymagaj\u0105ce wyj\u0105tkowej odporno\u015bci na utlenianie i korozj\u0119.<\/p>\n<p class=\"whitespace-pre-wrap\"><strong>J: Jaki rozmiar proszku jest zalecany do druku 3D lub natryskiwania termicznego?<\/strong><\/p>\n<p class=\"whitespace-pre-wrap\">: Do wytwarzania addytywnego idealny zakres wielko\u015bci to 15-45 mikron\u00f3w. Do pow\u0142ok natryskiwanych cieplnie preferowany jest grubszy proszek o \u015brednicy do 120 mikron\u00f3w.<\/p>\n<p class=\"whitespace-pre-wrap\"><strong>P: Czy proszek Haynes 188 wymaga specjalnych \u015brodk\u00f3w ostro\u017cno\u015bci zwi\u0105zanych z obs\u0142ug\u0105?<\/strong><\/p>\n<p class=\"whitespace-pre-wrap\">A: Tak, zaleca si\u0119 ostro\u017cne obchodzenie si\u0119 z tym reaktywnym proszkiem stopowym w atmosferze oboj\u0119tnej, korzystaj\u0105c z odpowiedniego uziemienia, wentylacji i \u015brodk\u00f3w ochrony osobistej.<\/p>\n<p class=\"whitespace-pre-wrap\"><strong>P: Gdzie mog\u0119 kupi\u0107 proszek Haynes 188 odpowiedni do zastosowa\u0144 w lotnictwie?<\/strong><\/p>\n<p class=\"whitespace-pre-wrap\">A: Wysokiej czysto\u015bci proszek Haynes 188 spe\u0142niaj\u0105cy standardy lotnicze mo\u017cna pozyska\u0107 od wiod\u0105cych producent\u00f3w, takich jak Carpenter Additive, Sandvik Osprey, Erasteel i Special Metals Corporation.<\/p>\n<p><\/span><\/span><\/p>","protected":false},"excerpt":{"rendered":"<p>Haynes Alloy 188 Powder Haynes Alloy 188 to wysokowydajny superstop wykazuj\u0105cy doskona\u0142\u0105 odporno\u015b\u0107 na utlenianie, zm\u0119czenie cieplne i pe\u0142zanie w temperaturach przekraczaj\u0105cych 1000\u00b0C. Wysoki poziom kobaltu, niklu, chromu i wolframu zapewnia wyj\u0105tkow\u0105 wytrzyma\u0142o\u015b\u0107 w wysokich temperaturach i odporno\u015b\u0107 na korozj\u0119. Kluczowe cechy proszku Haynes 188 obejmuj\u0105: Wyj\u0105tkowa wytrzyma\u0142o\u015b\u0107 w wysokich temperaturach i...<\/p>","protected":false},"featured_media":1818,"parent":0,"template":"","meta":{"_acf_changed":false,"_kad_blocks_custom_css":"","_kad_blocks_head_custom_js":"","_kad_blocks_body_custom_js":"","_kad_blocks_footer_custom_js":"","_kad_post_transparent":"","_kad_post_title":"","_kad_post_layout":"","_kad_post_sidebar_id":"","_kad_post_content_style":"","_kad_post_vertical_padding":"","_kad_post_feature":"","_kad_post_feature_position":"","_kad_post_header":false,"_kad_post_footer":false,"_kad_post_classname":""},"product-category":[119,121],"class_list":["post-3908","product","type-product","status-publish","has-post-thumbnail","hentry","product-category-3d-printing-metal-powder","product-category-cobalt-alloy-powder"],"acf":[],"taxonomy_info":{"product-category":[{"value":119,"label":"3D Printing Metal Powder"},{"value":121,"label":"Cobalt Alloy Powder"}]},"featured_image_src_large":["https:\/\/3dpmetal.com\/wp-content\/uploads\/2024\/02\/Haynes-alloy-188-powder.jpg",600,600,false],"author_info":[],"comment_info":"","_links":{"self":[{"href":"https:\/\/3dpmetal.com\/pl\/wp-json\/wp\/v2\/product\/3908","targetHints":{"allow":["GET"]}}],"collection":[{"href":"https:\/\/3dpmetal.com\/pl\/wp-json\/wp\/v2\/product"}],"about":[{"href":"https:\/\/3dpmetal.com\/pl\/wp-json\/wp\/v2\/types\/product"}],"wp:featuredmedia":[{"embeddable":true,"href":"https:\/\/3dpmetal.com\/pl\/wp-json\/wp\/v2\/media\/1818"}],"wp:attachment":[{"href":"https:\/\/3dpmetal.com\/pl\/wp-json\/wp\/v2\/media?parent=3908"}],"wp:term":[{"taxonomy":"product-category","embeddable":true,"href":"https:\/\/3dpmetal.com\/pl\/wp-json\/wp\/v2\/product-category?post=3908"}],"curies":[{"name":"wp","href":"https:\/\/api.w.org\/{rel}","templated":true}]}}