{"id":3915,"date":"2024-03-18T06:10:14","date_gmt":"2024-03-18T06:10:14","guid":{"rendered":"https:\/\/3dp.45612300.xyz\/product\/cusn10-powder\/"},"modified":"2024-03-18T06:10:14","modified_gmt":"2024-03-18T06:10:14","slug":"cusn10-powder","status":"publish","type":"product","link":"https:\/\/3dpmetal.com\/pl\/product\/cusn10-powder\/","title":{"rendered":"Proszek CuSn10"},"content":{"rendered":"<p><span style=\"vertical-align: inherit;\"><span style=\"vertical-align: inherit;\"><\/p>\n<h2>Przegl\u0105d proszku CuSn10<\/h2>\n<p class=\"whitespace-pre-wrap\">Proszek CuSn10 to stop miedzi i cyny zawieraj\u0105cy oko\u0142o 10% cyny i reszt\u0119 miedzi. Oferuje doskona\u0142e po\u0142\u0105czenie wytrzyma\u0142o\u015bci, ci\u0105gliwo\u015bci, odporno\u015bci na korozj\u0119, odporno\u015bci na zu\u017cycie i w\u0142a\u015bciwo\u015bci antyfrykcyjnych.<\/p>\n<p class=\"whitespace-pre-wrap\">Kluczowe w\u0142a\u015bciwo\u015bci i zastosowania CuSn10 w postaci proszku:<\/p>\n<p class=\"whitespace-pre-wrap\"><strong>W\u0142a\u015bciwo\u015bci i charakterystyka proszku CuSn10<\/strong><\/p>\n<table>\n<thead>\n<tr>\n<th>W\u0142a\u015bciwo\u015bci<\/th>\n<th>Szczeg\u00f3\u0142y<\/th>\n<\/tr>\n<\/thead>\n<tbody>\n<tr>\n<td>Kompozycja<\/td>\n<td>90% miedzi, 10% cyny<\/td>\n<\/tr>\n<tr>\n<td>G\u0119sto\u015b\u0107<\/td>\n<td>8,8 g\/cm3<\/td>\n<\/tr>\n<tr>\n<td>Kszta\u0142t cz\u0105stki<\/td>\n<td>Nieregularny, kanciasty<\/td>\n<\/tr>\n<tr>\n<td>Zakres rozmiar\u00f3w<\/td>\n<td>5-150 mikrometr\u00f3w<\/td>\n<\/tr>\n<tr>\n<td>G\u0119sto\u015b\u0107 Nasypowa<\/td>\n<td>G\u0119sto\u015b\u0107 prawdziwa mo\u017ce wynosi\u0107 do 50%<\/td>\n<\/tr>\n<tr>\n<td>P\u0142ynno\u015b\u0107<\/td>\n<td>\u015arednia<\/td>\n<\/tr>\n<tr>\n<td>Si\u0142a<\/td>\n<td>Doskona\u0142a do proszku ze stopu miedzi<\/td>\n<\/tr>\n<tr>\n<td>Kowalno\u015b\u0107<\/td>\n<td>Dobrze<\/td>\n<\/tr>\n<tr>\n<td>Odporno\u015b\u0107 przeciwkorozyjna<\/td>\n<td>Bardzo dobre<\/td>\n<\/tr>\n<\/tbody>\n<\/table>\n<p class=\"whitespace-pre-wrap\">CuSn10 jest powszechnie stosowany w \u0142o\u017cyskach tocznych, tulejach, pr\u0119tach spawalniczych i cz\u0119\u015bciach zu\u017cywaj\u0105cych si\u0119 w sektorach motoryzacyjnym, elektrycznym i przemys\u0142owym.<\/p>\n<h2>Sk\u0142ad CuSn10 Powder<\/h2>\n<p class=\"whitespace-pre-wrap\">Typowy sk\u0142ad proszku CuSn10:<\/p>\n<p class=\"whitespace-pre-wrap\"><strong>Sk\u0142ad CuSn10 Powder<\/strong><\/p>\n<table>\n<thead>\n<tr>\n<th>Element<\/th>\n<th>Waga %<\/th>\n<\/tr>\n<\/thead>\n<tbody>\n<tr>\n<td>Mied\u017a (Cu)<\/td>\n<td>Reszta<\/td>\n<\/tr>\n<tr>\n<td>Cyna (Sn)<\/td>\n<td>9-11%<\/td>\n<\/tr>\n<tr>\n<td>O\u0142\u00f3w (Pb)<\/td>\n<td>maks. 0,2%<\/td>\n<\/tr>\n<tr>\n<td>Cynk (Zn)<\/td>\n<td>maks. 0,5%<\/td>\n<\/tr>\n<tr>\n<td>Inne zanieczyszczenia<\/td>\n<td>max. 0,1%<\/td>\n<\/tr>\n<\/tbody>\n<\/table>\n<ul class=\"list-disc pl-8 space-y-2\">\n<li class=\"whitespace-normal\">Mied\u017a zapewnia doskona\u0142\u0105 przewodno\u015b\u0107, odporno\u015b\u0107 na korozj\u0119 i ci\u0105gliwo\u015b\u0107<\/li>\n<li class=\"whitespace-normal\">Cyna poprawia wytrzyma\u0142o\u015b\u0107, twardo\u015b\u0107 i odporno\u015b\u0107 na \u015bcieranie<\/li>\n<li class=\"whitespace-normal\">O\u0142\u00f3w, cynk i inne zanieczyszczenia s\u0105 starannie kontrolowane<\/li>\n<\/ul>\n<p class=\"whitespace-pre-wrap\">Optymalny stosunek Cu do Sn zapewnia doskona\u0142e po\u0142\u0105czenie mi\u0119dzy wytrzyma\u0142o\u015bci\u0105, ci\u0105gliwo\u015bci\u0105 i zdolno\u015bci\u0105 wytwarzania.<\/p>\n<p><img loading=\"lazy\" decoding=\"async\" class=\"size-medium wp-image-1409 aligncenter\" src=\"https:\/\/met3dp.com\/wp-content\/uploads\/2023\/09\/ed7a94ec-3c10-4b1b-87ed--300x300.jpg\" alt=\"CuSn10\" width=\"300\" height=\"300\" title=\"\"><\/p>\n<h2>W\u0142a\u015bciwo\u015bci fizyczne sproszkowanej miedzi CuSn10<\/h2>\n<p class=\"whitespace-pre-wrap\"><strong>W\u0142a\u015bciwo\u015bci fizyczne sproszkowanej miedzi CuSn10<\/strong><\/p>\n<table>\n<thead>\n<tr>\n<th>Nieruchomo\u015b\u0107<\/th>\n<th>Warto\u015b\u0107<\/th>\n<\/tr>\n<\/thead>\n<tbody>\n<tr>\n<td>G\u0119sto\u015b\u0107<\/td>\n<td>8,8 g\/cm3<\/td>\n<\/tr>\n<tr>\n<td>Temperatura topnienia<\/td>\n<td>1020-1040\u00a1\u00abC<\/td>\n<\/tr>\n<tr>\n<td>Przewodno\u015b\u0107 cieplna<\/td>\n<td>55 W\/mK<\/td>\n<\/tr>\n<tr>\n<td>Op\u00f3r elektryczny<\/td>\n<td>7\u20139 cm<\/td>\n<\/tr>\n<tr>\n<td>Temperatura rekrystalizacji<\/td>\n<td>150-250\u00a1\u00abC<\/td>\n<\/tr>\n<tr>\n<td>Maksymalna temperatura pracy<\/td>\n<td>250\u00a1\u00abC<\/td>\n<\/tr>\n<\/tbody>\n<\/table>\n<ul class=\"list-disc pl-8 space-y-2\">\n<li class=\"whitespace-normal\">G\u0119sto\u015b\u0107 jest wy\u017csza ni\u017c miedzi<\/li>\n<li class=\"whitespace-normal\">Temperatura topnienia obni\u017cona w por\u00f3wnaniu do czystej miedzi<\/li>\n<li class=\"whitespace-normal\">Utrzymuje dobr\u0105 przewodno\u015b\u0107<\/li>\n<li class=\"whitespace-normal\">Rekrystalizacja umo\u017cliwia kompaktyzacj\u0119 proszku<\/li>\n<li class=\"whitespace-normal\">Wytrzymuje umiarkowanie wysokie temperatury robocze<\/li>\n<\/ul>\n<p class=\"whitespace-pre-wrap\">W\u0142a\u015bciwo\u015bci fizyczne umo\u017cliwiaj\u0105 stosowanie CuSn10 w komponentach elektrycznych wymagaj\u0105cych dobrej przewodno\u015bci i wytrzyma\u0142o\u015bci.<\/p>\n<h2>W\u0142a\u015bciwo\u015bci mechaniczne proszku CuSn10<\/h2>\n<p class=\"whitespace-pre-wrap\"><strong>W\u0142a\u015bciwo\u015bci mechaniczne proszku CuSn10<\/strong><\/p>\n<table>\n<thead>\n<tr>\n<th>Nieruchomo\u015b\u0107<\/th>\n<th>Warto\u015bci<\/th>\n<\/tr>\n<\/thead>\n<tbody>\n<tr>\n<td>Twardo\u015b\u0107<\/td>\n<td>80-110 HB<\/td>\n<\/tr>\n<tr>\n<td>Odporno\u015b\u0107 na rozci\u0105ganie<\/td>\n<td>350-550 MPa<\/td>\n<\/tr>\n<tr>\n<td>Wytrzyma\u0142o\u015b\u0107 graniczna<\/td>\n<td>220\u2013320 MPa<\/td>\n<\/tr>\n<tr>\n<td>Wyd\u0142u\u017cenie<\/td>\n<td>10-20%<\/td>\n<\/tr>\n<tr>\n<td>Modu\u0142 spr\u0119\u017cysto\u015bci<\/td>\n<td>110-140 GPa<\/td>\n<\/tr>\n<\/tbody>\n<\/table>\n<ul class=\"list-disc pl-8 space-y-2\">\n<li class=\"whitespace-normal\">Doskona\u0142a wytrzyma\u0142o\u015b\u0107 dla sproszkowanego stopu miedzi<\/li>\n<li class=\"whitespace-normal\">Znacznie wy\u017csza w stosunku do czystej miedzianej sproszkowanej<\/li>\n<li class=\"whitespace-normal\">Dobra ci\u0105gliwo\u015b\u0107 przy zawarto\u015bci cyny 10%<\/li>\n<li class=\"whitespace-normal\">Warto\u015bci twardo\u015bci odpowiednie do zastosowa\u0144 udarowych<\/li>\n<li class=\"whitespace-normal\">W\u0142a\u015bciwo\u015bci zale\u017c\u0105 od metody produkcji oraz porowato\u015bci<\/li>\n<\/ul>\n<p class=\"whitespace-pre-wrap\">W\u0142a\u015bciwo\u015bci mechaniczne umo\u017cliwiaj\u0105 wykorzystanie proszku CuSn10 w elektrycznych elementach o wysokiej wytrzyma\u0142o\u015bci i elementach ciernych.<\/p>\n<h2>Zastosowania proszku CuSn10<\/h2>\n<p class=\"whitespace-pre-wrap\">Typowe zastosowania proszk\u00f3w CuSn10 obejmuj\u0105:<\/p>\n<p class=\"whitespace-pre-wrap\"><strong>Zastosowania proszku CuSn10<\/strong><\/p>\n<table>\n<thead>\n<tr>\n<th>Przemys\u0142<\/th>\n<th>Przyk\u0142ady zastosowa\u0144<\/th>\n<\/tr>\n<\/thead>\n<tbody>\n<tr>\n<td>Motoryzacja<\/td>\n<td>\u0141o\u017cyska, tuleje, ok\u0142adziny hamulcowe<\/td>\n<\/tr>\n<tr>\n<td>Elektryczne<\/td>\n<td>Elektrody spawalnicze, \u0142\u0105czniki, styki<\/td>\n<\/tr>\n<tr>\n<td>Przemys\u0142owy<\/td>\n<td>Koszyki \u0142o\u017cyskowe, uszczelnienia, wirniki<\/td>\n<\/tr>\n<tr>\n<td>Produkcja<\/td>\n<td>Spiekiwane komponenty narz\u0119dzi<\/td>\n<\/tr>\n<tr>\n<td>Ropa i gaz<\/td>\n<td>Przelotki, zawory kulowe<\/td>\n<\/tr>\n<\/tbody>\n<\/table>\n<p class=\"whitespace-pre-wrap\">Kilka konkretnych zastosowa\u0144 produkt\u00f3w:<\/p>\n<ul class=\"list-disc pl-8 space-y-2\">\n<li class=\"whitespace-normal\">Koszyki \u0142o\u017cyskowe wymagaj\u0105ce w\u0142a\u015bciwo\u015bci antyciernych<\/li>\n<li class=\"whitespace-normal\">Tuleje i podk\u0142adki oporowe w zastosowaniach o du\u017cym obci\u0105\u017ceniu<\/li>\n<li class=\"whitespace-normal\">Ok\u0142adziny hamulcowe i tarcze sprz\u0119g\u0142owe samochodowe<\/li>\n<li class=\"whitespace-normal\">Z\u0142\u0105cza i styki elektryczne<\/li>\n<li class=\"whitespace-normal\">Metale dodatkowe stopione do lutowania i spawania<\/li>\n<li class=\"whitespace-normal\">Komponenty ruroci\u0105g\u00f3w, takie jak zawory i ko\u0142nierze<\/li>\n<\/ul>\n<p class=\"whitespace-pre-wrap\">Doskona\u0142e po\u0142\u0105czenie wytrzyma\u0142o\u015bci, ci\u0105gliwo\u015bci i koszt\u00f3w sprawia, \u017ce CuSn10 jest popularnym wyborem dla tych zastosowa\u0144.<\/p>\n<h2>Specyfikacja proszku CuSn10<\/h2>\n<p class=\"whitespace-pre-wrap\">G\u0142\u00f3wne specyfikacje dla proszku CuSn10 to m.in.:<\/p>\n<p class=\"whitespace-pre-wrap\"><strong>Specyfikacja proszku CuSn10<\/strong><\/p>\n<table>\n<thead>\n<tr>\n<th>Standard<\/th>\n<th>Opis<\/th>\n<\/tr>\n<\/thead>\n<tbody>\n<tr>\n<td>ISO 44001<\/td>\n<td>Prochy miedzi i stop\u00f3w miedzi &#8211; Specification<\/td>\n<\/tr>\n<tr>\n<td>ASTM B602<\/td>\n<td>Standardowa specyfikacja dla proszk\u00f3w stop\u00f3w miedzi<\/td>\n<\/tr>\n<tr>\n<td>EN 1982<\/td>\n<td>Specyfikacja dla wlewk\u00f3w i odlew\u00f3w z miedzi i stop\u00f3w miedzi<\/td>\n<\/tr>\n<tr>\n<td>JIS H2111<\/td>\n<td>Proszki br\u0105zowe<\/td>\n<\/tr>\n<\/tbody>\n<\/table>\n<p class=\"whitespace-pre-wrap\">Te definiuj\u0105:<\/p>\n<ul class=\"list-disc pl-8 space-y-2\">\n<li class=\"whitespace-normal\">Ograniczenia sk\u0142adu chemicznego<\/li>\n<li class=\"whitespace-normal\">Metoda produkcji &#8211; atomizacja<\/li>\n<li class=\"whitespace-normal\">Wymagane w\u0142a\u015bciwo\u015bci fizyczne i mechaniczne<\/li>\n<li class=\"whitespace-normal\">Dopuszczalne poziomy zanieczyszcze\u0144<\/li>\n<li class=\"whitespace-normal\">Rozpi\u0119to\u015b\u0107 wielko\u015bci cz\u0105steczek<\/li>\n<li class=\"whitespace-normal\">Protok\u00f3\u0142y testowe<\/li>\n<\/ul>\n<p class=\"whitespace-pre-wrap\">Zgodno\u015b\u0107 zapewnia przydatno\u015b\u0107 do zamierzonych zastosowa\u0144 na \u015bwiatowych rynkach.<\/p>\n<h2>Rozmiary cz\u0105stek proszku CuSn10<\/h2>\n<p class=\"whitespace-pre-wrap\"><strong>CuSn10 powder rozk\u0142ad wielko\u015bci cz\u0105stek<\/strong><\/p>\n<table>\n<thead>\n<tr>\n<th>Wielko\u015b\u0107 cz\u0105stek<\/th>\n<th>Charakterystica<\/th>\n<\/tr>\n<\/thead>\n<tbody>\n<tr>\n<td>5-25 mikrometr\u00f3w<\/td>\n<td>Ultradelikatna jako\u015b\u0107 dla wysokich g\u0119sto\u015bci i powierzchni wyko\u0144czenia<\/td>\n<\/tr>\n<tr>\n<td>15-45 mikron\u00f3w<\/td>\n<td>Standardowy rozmiar do prasowania i spiekania<\/td>\n<\/tr>\n<tr>\n<td>od 45 do 150 mikron\u00f3w<\/td>\n<td>Wi\u0119ksze rozmiary dla lepszej zdolno\u015bci proszku do przep\u0142ywu<\/td>\n<\/tr>\n<\/tbody>\n<\/table>\n<ul class=\"list-disc pl-8 space-y-2\">\n<li class=\"whitespace-normal\">Drobniejsze cz\u0105steczki umo\u017cliwiaj\u0105 wi\u0119ksze zag\u0119szczenie<\/li>\n<li class=\"whitespace-normal\">Wi\u0119ksze cz\u0105stki poprawiaj\u0105 w\u0142a\u015bciwo\u015bci sypkie proszku<\/li>\n<li class=\"whitespace-normal\">Rozmiar jest wybierany w oparciu o w\u0142a\u015bciwo\u015bci gotowych cz\u0119\u015bci<\/li>\n<li class=\"whitespace-normal\">Dost\u0119pne w kszta\u0142tach zar\u00f3wno sferycznych, jak i nieregularnych<\/li>\n<\/ul>\n<p class=\"whitespace-pre-wrap\">Kontrola rozk\u0142adu wielko\u015bci cz\u0105stek i optymalizacja parametr\u00f3w prasowania i finalnej g\u0119sto\u015bci spiekanej.<\/p>\n<h2>G\u0119sto\u015b\u0107 obj\u0119to\u015bciowa proszku CuSn10<\/h2>\n<p class=\"whitespace-pre-wrap\"><strong>G\u0119sto\u015b\u0107 obj\u0119to\u015bciowa proszku CuSn10<\/strong><\/p>\n<table>\n<thead>\n<tr>\n<th>G\u0119sto\u015b\u0107 Nasypowa<\/th>\n<th>Szczeg\u00f3\u0142y<\/th>\n<\/tr>\n<\/thead>\n<tbody>\n<tr>\n<td>G\u0119sto\u015b\u0107 prawdziwa mo\u017ce wynosi\u0107 do 50%<\/td>\n<td>Dla nieprawid\u0142owych morphologyczny proszek<\/td>\n<\/tr>\n<tr>\n<td>4,5-6,5 g\/cc<\/td>\n<td>Poprawia si\u0119 przy wi\u0119kszej g\u0119sto\u015bci upakowania<\/td>\n<\/tr>\n<\/tbody>\n<\/table>\n<ul class=\"list-disc pl-8 space-y-2\">\n<li class=\"whitespace-normal\">Wy\u017csza g\u0119sto\u015b\u0107 pozorna zwi\u0119ksza przep\u0142yw proszku i sp\u00f3jno\u015b\u0107<\/li>\n<li class=\"whitespace-normal\">G\u0119sto\u015b\u0107 do 60% jest mo\u017cliwa do uzyskania dzi\u0119ki optymalnemu proszkowi sferycznemu<\/li>\n<li class=\"whitespace-normal\">Wysoka g\u0119sto\u015b\u0107 pozorna umo\u017cliwia \u0142atwiejsze zag\u0119szczanie w surowych cz\u0119\u015bciach<\/li>\n<\/ul>\n<p class=\"whitespace-pre-wrap\">Wy\u017csza g\u0119sto\u015b\u0107 pozorana prowadzi do wy\u017cszej produktywno\u015bci wytwarzania oraz jako\u015bci cz\u0119\u015bci.<\/p>\n<h2>Metoda produkcji proszku CuSn10<\/h2>\n<p class=\"whitespace-pre-wrap\"><strong>Produkcja Proszku CuSn10<\/strong><\/p>\n<table>\n<thead>\n<tr>\n<th>Metoda<\/th>\n<th>Szczeg\u00f3\u0142y<\/th>\n<\/tr>\n<\/thead>\n<tbody>\n<tr>\n<td>Atomizacja<\/td>\n<td>Roztopiony stop metali jest dzielony na ma\u0142e kropelki, kt\u00f3re krzepn\u0105 w proszek<\/td>\n<\/tr>\n<tr>\n<td>Topienie indukcyjne<\/td>\n<td>Czysta mied\u017a i cyna stopione razem w kontrolowanej atmosferze<\/td>\n<\/tr>\n<tr>\n<td>Opylanie gazem oboj\u0119tnym<\/td>\n<td>Zapobiegaj utlenianiu cz\u0105stek podczas produkcji<\/td>\n<\/tr>\n<tr>\n<td>Sitaniem<\/td>\n<td>Klasyfikuje proszek w r\u00f3\u017cnych zakresach wielko\u015bci cz\u0105stek<\/td>\n<\/tr>\n<\/tbody>\n<\/table>\n<ul class=\"list-disc pl-8 space-y-2\">\n<li class=\"whitespace-normal\">Zautomatyzowana atomizacja umo\u017cliwia produkcj\u0119 na du\u017c\u0105 skal\u0119<\/li>\n<li class=\"whitespace-normal\">Kontrolowane topienie i atomizacja minimalizuj\u0105 zanieczyszczenia<\/li>\n<li class=\"whitespace-normal\">Gaz oboj\u0119tny zapobiega utlenianiu proszku<\/li>\n<li class=\"whitespace-normal\">Postprzetwarzanie umo\u017cliwia dostosowywanie rozmiar\u00f3w cz\u0105stek<\/li>\n<\/ul>\n<p class=\"whitespace-pre-wrap\">Rygorystyczne kontrole procesu zapewniaj\u0105 niezawodn\u0105 jako\u015b\u0107 proszku i powtarzalne w\u0142a\u015bciwo\u015bci.<\/p>\n<h2>Cennik proszku CuSn10<\/h2>\n<p class=\"whitespace-pre-wrap\"><strong>Cennik proszku CuSn10<\/strong><\/p>\n<table>\n<thead>\n<tr>\n<th>Czynnik<\/th>\n<th>Wp\u0142yw na cen\u0119<\/th>\n<\/tr>\n<\/thead>\n<tbody>\n<tr>\n<td>Gatunek czysto\u015bci<\/td>\n<td>Im wy\u017csza czysto\u015b\u0107, tym wy\u017csza cena<\/td>\n<\/tr>\n<tr>\n<td>Wielko\u015b\u0107 cz\u0105stek<\/td>\n<td>Drobniejszy proszek jest dro\u017cszy<\/td>\n<\/tr>\n<tr>\n<td>Ilo\u015b\u0107 zam\u00f3wienia<\/td>\n<td>Obowi\u0105zuj\u0105 zni\u017cki cen hurtowych<\/td>\n<\/tr>\n<tr>\n<td>Metoda produkcji<\/td>\n<td>Z\u0142o\u017cone procesy zwi\u0119kszaj\u0105 koszty<\/td>\n<\/tr>\n<tr>\n<td>Dodatkowe us\u0142ugi<\/td>\n<td>Dostosowywanie zwi\u0119ksza koszty<\/td>\n<\/tr>\n<\/tbody>\n<\/table>\n<p class=\"whitespace-pre-wrap\"><strong>Orientacyjna cena<\/strong><\/p>\n<ul class=\"list-disc pl-8 space-y-2\">\n<li class=\"whitespace-normal\">Proszek CuSn10: $8-12 za kg<\/li>\n<li class=\"whitespace-normal\">Ni\u017csze ceny dla zam\u00f3wie\u0144 hurtowych &gt;1000 kg<\/li>\n<\/ul>\n<p class=\"whitespace-pre-wrap\">Ceny r\u00f3\u017cni\u0105 si\u0119 w zale\u017cno\u015bci od parametr\u00f3w zam\u00f3wienia, takich jak ilo\u015b\u0107, wielko\u015b\u0107 cz\u0105stek, poziom czysto\u015bci, sk\u0142ad stopu itp.<\/p>\n<h2>Dostawcy CuSn10 w proszku<\/h2>\n<p class=\"whitespace-pre-wrap\"><strong>Dostawcy CuSn10 w proszku<\/strong><\/p>\n<table>\n<thead>\n<tr>\n<th>Firma<\/th>\n<th>Lokalizacja<\/th>\n<\/tr>\n<\/thead>\n<tbody>\n<tr>\n<td>Kymera International<\/td>\n<td>USA<\/td>\n<\/tr>\n<tr>\n<td>Hoganas<\/td>\n<td>Szwecja<\/td>\n<\/tr>\n<tr>\n<td>CNPC Powder Group<\/td>\n<td>Chiny<\/td>\n<\/tr>\n<tr>\n<td>Shanghai CNPC Powder Material<\/td>\n<td>Chiny<\/td>\n<\/tr>\n<tr>\n<td>Gujarat Reclaim Industries<\/td>\n<td>Indie<\/td>\n<\/tr>\n<tr>\n<td>American Chemet Corporation<\/td>\n<td>USA<\/td>\n<\/tr>\n<\/tbody>\n<\/table>\n<p class=\"whitespace-pre-wrap\">Czynniki wyboru dostawc\u00f3w:<\/p>\n<ul class=\"list-disc pl-8 space-y-2\">\n<li class=\"whitespace-normal\">Wielko\u015bci proszk\u00f3w i czas realizacji<\/li>\n<li class=\"whitespace-normal\">Mo\u017cliwo\u015b\u0107 dostosowywania<\/li>\n<li class=\"whitespace-normal\">mocy produkcyjne<\/li>\n<li class=\"whitespace-normal\">mo\u017cliwo\u015bci pakowania<\/li>\n<li class=\"whitespace-normal\">Poziomy cenowe<\/li>\n<li class=\"whitespace-normal\">Certyfikaty jako\u015bciowe i zgodno\u015b\u0107 z przepisami<\/li>\n<\/ul>\n<h2>Obs\u0142uga i przechowywanie CuSn10 Powder<\/h2>\n<p class=\"whitespace-pre-wrap\"><strong>Manipulacja proszkiem CuSn10<\/strong><\/p>\n<table>\n<thead>\n<tr>\n<th>Rekomendacja<\/th>\n<th>Pow\u00f3d<\/th>\n<\/tr>\n<\/thead>\n<tbody>\n<tr>\n<td>Nie wdychaj<\/td>\n<td>Potencjalne podra\u017cnienie dr\u00f3g oddechowych<\/td>\n<\/tr>\n<tr>\n<td>Stosuj ochronn\u0105 mask\u0119 i gogle<\/td>\n<td>Zapobieganie przypadkowemu po\u0142kni\u0119ciu<\/td>\n<\/tr>\n<tr>\n<td>Zapewnij odpowiedni\u0105 wentylacj\u0119<\/td>\n<td>Ograniczaj unoszenie si\u0119 cz\u0105steczek w powietrzu<\/td>\n<\/tr>\n<tr>\n<td>Unikaj \u017ar\u00f3de\u0142 zap\u0142onu<\/td>\n<td>Niebezpiecze\u0144stwo zap\u0142onu py\u0142u<\/td>\n<\/tr>\n<tr>\n<td>Pami\u0119taj o stosowaniu \u015brodk\u00f3w antystatycznych<\/td>\n<td>Zapobiegaj po\u017carom z wy\u0142adowa\u0144 elektrostatycznych<\/td>\n<\/tr>\n<tr>\n<td>U\u017cywaj narz\u0119dzi nieiskrz\u0105cych<\/td>\n<td>Unika\u0107 iskier w trakcie obs\u0142ugi<\/td>\n<\/tr>\n<tr>\n<td>Przechowywa\u0107 szczelnie zamkni\u0119te pojemniki w ch\u0142odnym i suchym miejscu<\/td>\n<td>Zapobiegaj utlenianiu i wch\u0142anianiu wilgoci<\/td>\n<\/tr>\n<\/tbody>\n<\/table>\n<p class=\"whitespace-pre-wrap\"><strong>Zalecenia dotycz\u0105ce magazynowania<\/strong><\/p>\n<ul class=\"list-disc pl-8 space-y-2\">\n<li class=\"whitespace-normal\">Przechowywa\u0107 w stabilnych, oboj\u0119tnych opakowaniach<\/li>\n<li class=\"whitespace-normal\">Przechowywa\u0107 z dala od kwas\u00f3w, amoniaku, acetylenu<\/li>\n<li class=\"whitespace-normal\">Utrzymuj temperatur\u0119 poni\u017cej 27\u00a1\u00abC<\/li>\n<\/ul>\n<p class=\"whitespace-pre-wrap\">W\u0142a\u015bciwe obchodzenie si\u0119 i przechowywanie zachowuje czysto\u015b\u0107 proszku i zapobiega zagro\u017ceniom zwi\u0105zanym z reakcjami.<\/p>\n<h2>Kontrole i badania proszku CuSn10<\/h2>\n<p class=\"whitespace-pre-wrap\"><strong>Testowanie proszku CuSn10<\/strong><\/p>\n<table>\n<thead>\n<tr>\n<th>Test<\/th>\n<th>Szczeg\u00f3\u0142y<\/th>\n<\/tr>\n<\/thead>\n<tbody>\n<tr>\n<td>Analiza chemiczna<\/td>\n<td>ICP i XRF do weryfikacji sk\u0142adu<\/td>\n<\/tr>\n<tr>\n<td>Rozpi\u0119to\u015b\u0107 wielko\u015bci cz\u0105steczek<\/td>\n<td>Analiza sitowa lub dyfrakcja laserowa<\/td>\n<\/tr>\n<tr>\n<td>G\u0119sto\u015b\u0107 Nasypowa<\/td>\n<td>Badanie przep\u0142ywomierza za pomoc\u0105 komin\u00f3w wg ASTM B212<\/td>\n<\/tr>\n<tr>\n<td>Morfologia proszku<\/td>\n<td>obrazowanie SEM kszta\u0142tu cz\u0105steczki<\/td>\n<\/tr>\n<tr>\n<td>G\u0119sto\u015b\u0107 usypu<\/td>\n<td>G\u0119sto\u015b\u0107 mierzona po mechanicznym ubijaniu<\/td>\n<\/tr>\n<tr>\n<td>Analiza przep\u0142ywu<\/td>\n<td>Przep\u0142yw grawitacyjny przez okre\u015blon\u0105 dysz\u0119<\/td>\n<\/tr>\n<\/tbody>\n<\/table>\n<p class=\"whitespace-pre-wrap\">Rygorystyczne testy zapewniaj\u0105, \u017ce proszek spe\u0142nia wymagania dotycz\u0105ce sk\u0142adu chemicznego, w\u0142a\u015bciwo\u015bci fizycznych i mikrostruktury w danym zastosowaniu.<\/p>\n<h2>Zalety i wady proszku CuSn10<\/h2>\n<p class=\"whitespace-pre-wrap\"><strong>Zalety proszku CuSn10<\/strong><\/p>\n<ul class=\"list-disc pl-8 space-y-2\">\n<li class=\"whitespace-normal\">Doskona\u0142a wytrzyma\u0142o\u015b\u0107 dla sproszkowanego stopu miedzi<\/li>\n<li class=\"whitespace-normal\">Dobra plastyczno\u015b\u0107 i podatno\u015b\u0107 na formowanie<\/li>\n<li class=\"whitespace-normal\">bardzo dobra odporno\u015b\u0107 na korozj\u0119<\/li>\n<li class=\"whitespace-normal\">Ta\u0144szy w por\u00f3wnaniu do stopni br\u0105zu<\/li>\n<li class=\"whitespace-normal\">Dobra przewodno\u015b\u0107 elektryczna i cieplna<\/li>\n<li class=\"whitespace-normal\">Ekologiczne i nadaj\u0105ce si\u0119 do recyklingu<\/li>\n<\/ul>\n<p class=\"whitespace-pre-wrap\"><strong>Wady proszku CuSn10<\/strong><\/p>\n<ul class=\"list-disc pl-8 space-y-2\">\n<li class=\"whitespace-normal\">Ni\u017csza przewodno\u015b\u0107 ni\u017c czysty proszek miedziany<\/li>\n<li class=\"whitespace-normal\">Umiarkowana wytrzyma\u0142o\u015b\u0107 na wysok\u0105 temperatur\u0119<\/li>\n<li class=\"whitespace-normal\">Ci\u0119\u017cki w por\u00f3wnaniu ze stopami aluminium lub magnezu<\/li>\n<li class=\"whitespace-normal\">Nieodpowiednie do monta\u017cu w elementach o wysokim obci\u0105\u017ceniu konstrukcyjnym<\/li>\n<li class=\"whitespace-normal\">Odbarwienie powierzchni po pewnym czasie, je\u015bli nie jest powlekana<\/li>\n<li class=\"whitespace-normal\">Ograniczenia dotycz\u0105ce stosowania w kontakcie z \u017cywno\u015bci\u0105<\/li>\n<\/ul>\n<h2>Por\u00f3wnanie z proszkiem CuNi10<\/h2>\n<p class=\"whitespace-pre-wrap\"><strong>Proszek CuSn10 kontra CuNi10<\/strong><\/p>\n<table>\n<thead>\n<tr>\n<th>Parametr<\/th>\n<th>CuSn10<\/th>\n<th>CuNi10<\/th>\n<\/tr>\n<\/thead>\n<tbody>\n<tr>\n<td>G\u0119sto\u015b\u0107<\/td>\n<td>8,8 g\/cm3<\/td>\n<td>8,9 g\/cm\u00b3<\/td>\n<\/tr>\n<tr>\n<td>Si\u0142a<\/td>\n<td>350-550 MPa<\/td>\n<td>500-650 MPa<\/td>\n<\/tr>\n<tr>\n<td>Przewodno\u015b\u0107<\/td>\n<td>55 W\/mK<\/td>\n<td>20 W\/mK<\/td>\n<\/tr>\n<tr>\n<td>Odporno\u015b\u0107 przeciwkorozyjna<\/td>\n<td>Wy\u015bmienicie<\/td>\n<td>Bardzo dobre<\/td>\n<\/tr>\n<tr>\n<td>Koszt<\/td>\n<td>Niski<\/td>\n<td>Wysoki<\/td>\n<\/tr>\n<tr>\n<td>Zastosowania<\/td>\n<td>Elektryczne, \u015brednie obci\u0105\u017cenie<\/td>\n<td>Konstrukcje wielkowytrzyma\u0142o\u015bciowe<\/td>\n<\/tr>\n<\/tbody>\n<\/table>\n<ul class=\"list-disc pl-8 space-y-2\">\n<li class=\"whitespace-normal\">CuSn10 zapewnia lepsz\u0105 przewodno\u015b\u0107 i jest ta\u0144szy<\/li>\n<li class=\"whitespace-normal\">CuNi10 ma wy\u017csz\u0105 wytrzyma\u0142o\u015b\u0107 na rozci\u0105ganie<\/li>\n<li class=\"whitespace-normal\">CuSn10 preferowany w przypadku sk\u0142adnik\u00f3w elektrycznych<\/li>\n<li class=\"whitespace-normal\">CuNi10 nadaje si\u0119 do wykonania wytrzyma\u0142ych element\u00f3w konstrukcyjnych<\/li>\n<\/ul>\n<h2>Najcz\u0119\u015bciej zadawane pytania dotycz\u0105ce proszku CuSn10<\/h2>\n<p class=\"whitespace-pre-wrap\"><strong>P: Jakie s\u0105 g\u0142\u00f3wne zastosowania proszku CuSn10?<\/strong><\/p>\n<p class=\"whitespace-pre-wrap\">A: Do g\u0142\u00f3wnych zastosowa\u0144 nale\u017c\u0105 kosze \u0142o\u017cyskowe, tuleje, pr\u0119ty spawalnicze, ok\u0142adziny hamulcowe, elementy przeciwcierne oraz styki elektryczne, z\u0142\u0105cza i szczotki. Jest ona powszechnie stosowana w produktach motoryzacyjnych i elektrycznych.<\/p>\n<p class=\"whitespace-pre-wrap\"><strong>P: Czy CuSn10 w proszku wymaga szczeg\u00f3lnych \u015brodk\u00f3w ostro\u017cno\u015bci?<\/strong><\/p>\n<p class=\"whitespace-pre-wrap\">A: Zaleca si\u0119 stosowanie nast\u0119puj\u0105cych og\u00f3lnych \u015brodk\u00f3w ostro\u017cno\u015bci: unikanie wdychania, zapewnienie odpowiedniej wentylacji, kontrolowanie py\u0142u, zapobieganie powstawaniu \u017ar\u00f3de\u0142 zap\u0142onu, unikanie gromadzenia si\u0119 \u0142adunk\u00f3w statycznych, u\u017cywanie narz\u0119dzi nienosz\u0105cych iskier i przechowywanie w suchym, oboj\u0119tnym klimacie.<\/p>\n<p class=\"whitespace-pre-wrap\"><strong>P: Co wp\u0142ywa na w\u0142a\u015bciwo\u015bci element\u00f3w proszkowych CuSn10?<\/strong><\/p>\n<p class=\"whitespace-pre-wrap\">A: Widocznymi czynnikami s\u0105 widoczna g\u0119sto\u015b\u0107, rozk\u0142ad wielko\u015bci cz\u0105stek, ci\u015bnienie prasowania, temperatura i czas spiekania, sk\u0142ad stopu, zanieczyszczenia i porowato\u015b\u0107.<\/p>\n<p class=\"whitespace-pre-wrap\"><strong>Pyt.: Jak\u0105 g\u0142\u00f3wn\u0105 r\u00f3\u017cnic\u0119 mo\u017cna zauwa\u017cy\u0107 pomi\u0119dzy proszkami z br\u0105zu a CuSn10?<\/strong><\/p>\n<p class=\"whitespace-pre-wrap\">A: Proszki br\u0105zowe zawieraj\u0105 90-95% miedzi, natomiast CuSn10 zawiera 90% miedzi i 10% cyny. CuSn10 zapewnia optymalne po\u0142\u0105czenie wytrzyma\u0142o\u015bci, ci\u0105gliwo\u015bci i koszt\u00f3w.<\/p>\n<div id=\"gtx-trans\" style=\"position: absolute; left: -2px; top: 59.8125px;\">\n<div class=\"gtx-trans-icon\"><\/div>\n<\/div>\n<p><\/span><\/span><\/p>","protected":false},"excerpt":{"rendered":"<p>Przegl\u0105d proszku CuSn10 Proszek CuSn10 to stop miedzi i cyny zawieraj\u0105cy oko\u0142o 10% cyny i pozosta\u0142\u0105 cz\u0119\u015b\u0107 miedzi. Oferuje on doskona\u0142e po\u0142\u0105czenie wytrzyma\u0142o\u015bci, plastyczno\u015bci, odporno\u015bci na korozj\u0119, odporno\u015bci na zu\u017cycie i w\u0142a\u015bciwo\u015bci przeciwciernych. Kluczowe w\u0142a\u015bciwo\u015bci i zastosowania proszku CuSn10 obejmuj\u0105: CuSn10 W\u0142a\u015bciwo\u015bci i charakterystyka W\u0142a\u015bciwo\u015bci Szczeg\u00f3\u0142y Sk\u0142ad 90% mied\u017a, 10% cyna G\u0119sto\u015b\u0107 8,8...<\/p>","protected":false},"featured_media":1831,"parent":0,"template":"","meta":{"_acf_changed":false,"_kad_blocks_custom_css":"","_kad_blocks_head_custom_js":"","_kad_blocks_body_custom_js":"","_kad_blocks_footer_custom_js":"","_kad_post_transparent":"","_kad_post_title":"","_kad_post_layout":"","_kad_post_sidebar_id":"","_kad_post_content_style":"","_kad_post_vertical_padding":"","_kad_post_feature":"","_kad_post_feature_position":"","_kad_post_header":false,"_kad_post_footer":false,"_kad_post_classname":""},"product-category":[119,129],"class_list":["post-3915","product","type-product","status-publish","has-post-thumbnail","hentry","product-category-3d-printing-metal-powder","product-category-copper-alloy-powder"],"acf":[],"taxonomy_info":{"product-category":[{"value":119,"label":"3D Printing Metal Powder"},{"value":129,"label":"Copper Alloy Powder"}]},"featured_image_src_large":["https:\/\/3dpmetal.com\/wp-content\/uploads\/2024\/02\/CuSn10-Powder.jpg",600,600,false],"author_info":[],"comment_info":"","_links":{"self":[{"href":"https:\/\/3dpmetal.com\/pl\/wp-json\/wp\/v2\/product\/3915","targetHints":{"allow":["GET"]}}],"collection":[{"href":"https:\/\/3dpmetal.com\/pl\/wp-json\/wp\/v2\/product"}],"about":[{"href":"https:\/\/3dpmetal.com\/pl\/wp-json\/wp\/v2\/types\/product"}],"wp:featuredmedia":[{"embeddable":true,"href":"https:\/\/3dpmetal.com\/pl\/wp-json\/wp\/v2\/media\/1831"}],"wp:attachment":[{"href":"https:\/\/3dpmetal.com\/pl\/wp-json\/wp\/v2\/media?parent=3915"}],"wp:term":[{"taxonomy":"product-category","embeddable":true,"href":"https:\/\/3dpmetal.com\/pl\/wp-json\/wp\/v2\/product-category?post=3915"}],"curies":[{"name":"wp","href":"https:\/\/api.w.org\/{rel}","templated":true}]}}