{"id":3922,"date":"2024-03-18T06:10:14","date_gmt":"2024-03-18T06:10:14","guid":{"rendered":"https:\/\/3dp.45612300.xyz\/product\/t15-powder\/"},"modified":"2024-03-18T06:10:14","modified_gmt":"2024-03-18T06:10:14","slug":"t15-powder","status":"publish","type":"product","link":"https:\/\/3dpmetal.com\/pl\/product\/t15-powder\/","title":{"rendered":"T15 Powder"},"content":{"rendered":"<p><span style=\"vertical-align: inherit;\"><span style=\"vertical-align: inherit;\"><\/p>\n<h2>Om\u00f3wienie proszku T15<\/h2>\n<p class=\"whitespace-pre-wrap\">Proszek T15 to proszkowy w\u0119glik spiekany z w\u0119glika wolframu i kobaltu, kt\u00f3ry zapewnia wyj\u0105tkow\u0105 kombinacj\u0119 twardo\u015bci, wytrzyma\u0142o\u015bci i odporno\u015bci. Zawiera wysoki procent w\u0119glika wolframu z dodatkiem 15% kobaltu jako faza spoiwa.<\/p>\n<p class=\"whitespace-pre-wrap\">Kluczowe w\u0142a\u015bciwo\u015bci i zalety proszku T15<\/p>\n<p class=\"whitespace-pre-wrap\"><strong>T15 W\u0142a\u015bciwo\u015bci proszku i charakterystyka<\/strong><\/p>\n<table>\n<thead>\n<tr>\n<th>W\u0142a\u015bciwo\u015bci<\/th>\n<th>Szczeg\u00f3\u0142y<\/th>\n<\/tr>\n<\/thead>\n<tbody>\n<tr>\n<td>Kompozycja<\/td>\n<td>85% w\u0119glika wolframu ze spoiwem z Co w 15%<\/td>\n<\/tr>\n<tr>\n<td>G\u0119sto\u015b\u0107<\/td>\n<td>13,0\u201314,5 g\/cc<\/td>\n<\/tr>\n<tr>\n<td>Kszta\u0142t cz\u0105stki<\/td>\n<td>Zaokr\u0105glony, wielop\u0142aszczyznowy<\/td>\n<\/tr>\n<tr>\n<td>Zakres rozmiar\u00f3w<\/td>\n<td>0.5-15 mikrometr\u00f3w<\/td>\n<\/tr>\n<tr>\n<td>Twardo\u015b\u0107<\/td>\n<td>HRA 88-93 po spiekaniu<\/td>\n<\/tr>\n<tr>\n<td>Wytrzyma\u0142o\u015b\u0107 na rozci\u0105ganie poprzeczne<\/td>\n<td>550-650 MPa<\/td>\n<\/tr>\n<\/tbody>\n<\/table>\n<p class=\"whitespace-pre-wrap\">Ultraharde cz\u0105steczki w\u0119glika wolframu, utrzymane razem w matrycy kobaltowej, powoduj\u0105, \u017ce T15 jest idealny do najbardziej ekstremalnych warunk\u00f3w zu\u017cycia i \u015bcierania w sektorze przemys\u0142owym, g\u00f3rniczym i budowlanym.<\/p>\n<h2>Sk\u0142ad proszku T15<\/h2>\n<p class=\"whitespace-pre-wrap\">Typowy sk\u0142ad proszku w\u0119glika spiekanego T15:<\/p>\n<p class=\"whitespace-pre-wrap\"><strong>Sk\u0142ad proszku T15<\/strong><\/p>\n<table>\n<thead>\n<tr>\n<th>Sk\u0142adnik<\/th>\n<th>Waga %<\/th>\n<\/tr>\n<\/thead>\n<tbody>\n<tr>\n<td>W\u0119gliki spiekane (WC)<\/td>\n<td>84-86%<\/td>\n<\/tr>\n<tr>\n<td>Kobalt (Co)<\/td>\n<td>14-16%<\/td>\n<\/tr>\n<tr>\n<td>W\u0119giel (C)<\/td>\n<td>maksymalnie 0,8%<\/td>\n<\/tr>\n<tr>\n<td>Tlen (O)<\/td>\n<td>maks. 0,5%<\/td>\n<\/tr>\n<tr>\n<td>\u017belazo (Fe)<\/td>\n<td>Do 0,3% max<\/td>\n<\/tr>\n<tr>\n<td>Nikiel (Ni)<\/td>\n<td>Do 0,3% max<\/td>\n<\/tr>\n<\/tbody>\n<\/table>\n<ul class=\"list-disc pl-8 space-y-2\">\n<li class=\"whitespace-normal\">W\u0119glik spiekany zapewnia ekstremaln\u0105 twardo\u015b\u0107 i odporno\u015b\u0107 na \u015bcieranie<\/li>\n<li class=\"whitespace-normal\">Kobalt dzia\u0142a jako mocny i ci\u0105gliwy spoiwo, kt\u00f3re utrzymuje ze sob\u0105 cz\u0105stki w\u0119glika wolframu<\/li>\n<li class=\"whitespace-normal\">W\u0119glowy i tlen obecne jako zanieczyszczenia<\/li>\n<li class=\"whitespace-normal\">\u015aled\u017a \u017celazo, nikiel z surowc\u00f3w<\/li>\n<\/ul>\n<p class=\"whitespace-pre-wrap\">Zoptymalizowany stosunek WC-Co zapewnia najlepsz\u0105 kombinacj\u0119 twardo\u015bci, odporno\u015bci na p\u0119kanie i wytrzyma\u0142o\u015bci na uderzenia niezb\u0119dnej w aplikacjach poddanych \u015bcieraniu.<\/p>\n<h2>T15 Parametry Fizyczne Proszku<\/h2>\n<p class=\"whitespace-pre-wrap\"><strong>T15 Parametry Fizyczne Proszku<\/strong><\/p>\n<table>\n<thead>\n<tr>\n<th>Nieruchomo\u015b\u0107<\/th>\n<th>Warto\u015bci<\/th>\n<\/tr>\n<\/thead>\n<tbody>\n<tr>\n<td>G\u0119sto\u015b\u0107<\/td>\n<td>13,0\u201314,5 g\/cc<\/td>\n<\/tr>\n<tr>\n<td>Temperatura topnienia<\/td>\n<td>2870\u00a1\u00abC (WC) i 1495\u00a1\u00abC (Co)<\/td>\n<\/tr>\n<tr>\n<td>Przewodno\u015b\u0107 cieplna<\/td>\n<td>60-100 W\/mK<\/td>\n<\/tr>\n<tr>\n<td>Op\u00f3r elektryczny<\/td>\n<td>25-35 cm<\/td>\n<\/tr>\n<tr>\n<td>Wsp\u00f3\u0142czynnik rozszerzalno\u015bci cieplnej<\/td>\n<td>4,5-6,0 x 10^-6 \/K<\/td>\n<\/tr>\n<tr>\n<td>Maksymalna temperatura pracy<\/td>\n<td>500 \u00b0C w powietrzu<\/td>\n<\/tr>\n<\/tbody>\n<\/table>\n<ul class=\"list-disc pl-8 space-y-2\">\n<li class=\"whitespace-normal\">Bardzo wysoka g\u0119sto\u015b\u0107 umo\u017cliwia stosowanie w kompaktowych, zminiaturyzowanych podzespo\u0142ach<\/li>\n<li class=\"whitespace-normal\">Bardzo niski wsp\u00f3\u0142czynnik CTE redukuje napr\u0119\u017cenia termiczne i odkszta\u0142cenia<\/li>\n<li class=\"whitespace-normal\">Wytrzymuje ci\u0105g\u0142\u0105 prac\u0119 do 500\u00a1\u00abC<\/li>\n<li class=\"whitespace-normal\">Dobre przewodnictwo cieplne redukuje gradienty temperaturowe<\/li>\n<\/ul>\n<p class=\"whitespace-pre-wrap\">Te w\u0142a\u015bciwo\u015bci sprawiaj\u0105, \u017ce stal T15 jest idealna do stosowania w \u015brodowiskach charakteryzuj\u0105cych si\u0119 du\u017cym \u015bcieraniem i powtarzaj\u0105cym si\u0119 udarem, wyst\u0119puj\u0105cych w g\u00f3rnictwie, wierceniach i budownictwie.<\/p>\n<h2>W\u0142a\u015bciwo\u015bci mechaniczne T15 Powder<\/h2>\n<p class=\"whitespace-pre-wrap\"><strong>W\u0142a\u015bciwo\u015bci mechaniczne T15 Powder<\/strong><\/p>\n<table>\n<thead>\n<tr>\n<th>Nieruchomo\u015b\u0107<\/th>\n<th>Warto\u015bci<\/th>\n<\/tr>\n<\/thead>\n<tbody>\n<tr>\n<td>Twardo\u015b\u0107<\/td>\n<td>88-93 HRA<\/td>\n<\/tr>\n<tr>\n<td>Wytrzyma\u0142o\u015b\u0107 na rozci\u0105ganie poprzeczne<\/td>\n<td>550-650 MPa<\/td>\n<\/tr>\n<tr>\n<td>Wytrzyma\u0142o\u015b\u0107 na \u015bciskanie<\/td>\n<td>5500-6200 MPa<\/td>\n<\/tr>\n<tr>\n<td>Wytrzyma\u0142o\u015b\u0107 z\u0142amania<\/td>\n<td>10-12 MPa.m^1\/2<\/td>\n<\/tr>\n<tr>\n<td>Modu\u0142 Younga<\/td>\n<td>550\u2013650 GPa<\/td>\n<\/tr>\n<tr>\n<td>Wytrzyma\u0142o\u015b\u0107 na uderzenia<\/td>\n<td>350-900 kJ\/m2<\/td>\n<\/tr>\n<\/tbody>\n<\/table>\n<ul class=\"list-disc pl-8 space-y-2\">\n<li class=\"whitespace-normal\">Ekstremalna twardo\u015b\u0107 zapewnia odporno\u015b\u0107 na zu\u017cycie i \u015bcieranie<\/li>\n<li class=\"whitespace-normal\">Bardzo wysoka wytrzyma\u0142o\u015b\u0107 na \u015bciskanie wytrzymuje si\u0142y mia\u017cd\u017c\u0105ce<\/li>\n<li class=\"whitespace-normal\">Odpowiednia wytrzyma\u0142o\u015b\u0107 p\u0119kania i odporno\u015b\u0107 na uderzenia<\/li>\n<li class=\"whitespace-normal\">Twardo\u015b\u0107 i wytrzyma\u0142o\u015b\u0107 okre\u015blana przez wielko\u015b\u0107 i rozk\u0142ad cz\u0105stek w\u0119glik\u00f3w spiekanych<\/li>\n<\/ul>\n<p class=\"whitespace-pre-wrap\">Wyj\u0105tkowe po\u0142\u0105czenie twardo\u015bci, wytrzyma\u0142o\u015bci i odporno\u015bci na zu\u017cycie sprawia, \u017ce T15 nadaje si\u0119 do najbardziej ekstremalnych warunk\u00f3w obci\u0105\u017ce\u0144 uderzeniowych, \u015bciernych i \u017c\u0142obi\u0105cych.<\/p>\n<h2>Zastosowania proszku T15<\/h2>\n<p class=\"whitespace-pre-wrap\">Typowe zastosowania proszku z w\u0119glika wolframu-kobaltu T15 obejmuj\u0105:<\/p>\n<p class=\"whitespace-pre-wrap\"><strong>Zastosowania proszku T15<\/strong><\/p>\n<table>\n<thead>\n<tr>\n<th>Przemys\u0142<\/th>\n<th>Przyk\u0142ady u\u017cycia<\/th>\n<\/tr>\n<\/thead>\n<tbody>\n<tr>\n<td>Wydobycie<\/td>\n<td>Wiert\u0142a do ska\u0142, Dysze do piaskowania<\/td>\n<\/tr>\n<tr>\n<td>Konstrukcja<\/td>\n<td>Narz\u0119dzia do rozbi\u00f3rki, kruszarki do kamieni.<\/td>\n<\/tr>\n<tr>\n<td>Produkcja<\/td>\n<td>Formowanie matryc, rysunki detali wyt\u0142aczanych<\/td>\n<\/tr>\n<tr>\n<td>Ropa i gaz<\/td>\n<td>Stabilizatory, silniki do\u0142owe<\/td>\n<\/tr>\n<tr>\n<td>Genera\u0142<\/td>\n<td>Narz\u0119dzia do ci\u0119cia i obr\u00f3bki mechanicznej<\/td>\n<\/tr>\n<\/tbody>\n<\/table>\n<p class=\"whitespace-pre-wrap\">Kilka konkretnych zastosowa\u0144 produkt\u00f3w:<\/p>\n<ul class=\"list-disc pl-8 space-y-2\">\n<li class=\"whitespace-normal\">Wiert\u0142a udarowe do ska\u0142, narz\u0119dzia do wierce\u0144 g\u00f3rniczych<\/li>\n<li class=\"whitespace-normal\">Cz\u0119\u015bci odpornych na \u015bcieranie pomp szlamowych, np. wa\u0142y, wirniki<\/li>\n<li class=\"whitespace-normal\">Matryce wyt\u0142aczarki do produkcji ceg\u0142y i wyrob\u00f3w ceramicznych<\/li>\n<li class=\"whitespace-normal\">Odporne na zu\u017cycie komponenty w urz\u0105dzeniach do piaskowania<\/li>\n<li class=\"whitespace-normal\">Ostrza tn\u0105ce, no\u017ce, z\u0119by pi\u0142 potrzebuj\u0105ce ekstremalnej twardo\u015bci.<\/li>\n<\/ul>\n<p class=\"whitespace-pre-wrap\">Niespotykana twardo\u015b\u0107 i odporno\u015b\u0107 na zu\u017cycie T15 sprawiaj\u0105, \u017ce jest to wyb\u00f3r nr 1 do urz\u0105dze\u0144 stosowanych w najbardziej ekstremalnych warunkach \u015bcierania i uderzenia w r\u00f3\u017cnych sektorach przemys\u0142u.<\/p>\n<h2>Dane techniczne T15 Powder<\/h2>\n<p class=\"whitespace-pre-wrap\">Kluczowa specyfikacja dla sproszkowanego w\u0119glika spiekanego T15:<\/p>\n<p class=\"whitespace-pre-wrap\"><strong>Standardy proszk\u00f3w T15<\/strong><\/p>\n<table>\n<thead>\n<tr>\n<th>Standard<\/th>\n<th>Opis<\/th>\n<\/tr>\n<\/thead>\n<tbody>\n<tr>\n<td>ISO 513<\/td>\n<td>Klasyfikacja i zastosowanie w\u0119glik\u00f3w spiekanych<\/td>\n<\/tr>\n<tr>\n<td>ASTM B276<\/td>\n<td>Proszki z w\u0119glika kobaltowo-wolframowego i metale twarde<\/td>\n<\/tr>\n<tr>\n<td>JIS G 4053<\/td>\n<td>Spieki w\u0119glika wolframu<\/td>\n<\/tr>\n<tr>\n<td>GB\/T 4661-2006<\/td>\n<td>Chi\u0144ska norma dotycz\u0105ca spiekanych w\u0119glik\u00f3w<\/td>\n<\/tr>\n<\/tbody>\n<\/table>\n<p class=\"whitespace-pre-wrap\">Te definiuj\u0105:<\/p>\n<ul class=\"list-disc pl-8 space-y-2\">\n<li class=\"whitespace-normal\">Sk\u0142ad chemiczny &#8211; zawarto\u015b\u0107 Co i WC<\/li>\n<li class=\"whitespace-normal\">Wielko\u015b\u0107 ziarna w\u0119glika i rozk\u0142ad wielko\u015bci cz\u0105stek proszku<\/li>\n<li class=\"whitespace-normal\">Wymagane w\u0142a\u015bciwo\u015bci mechaniczne<\/li>\n<li class=\"whitespace-normal\">Dopuszczalne zanieczyszczenia<\/li>\n<li class=\"whitespace-normal\">Zatwierdzone metody produkcji, takie jak naw\u0119glanie i redukcja-dyfuzja<\/li>\n<\/ul>\n<p class=\"whitespace-pre-wrap\">Spe\u0142nienie tych specyfikacji zapewnia optymaln\u0105 kombinacj\u0119 twardo\u015bci, wytrzyma\u0142o\u015bci i odporno\u015bci na zu\u017cycie, osi\u0105gaj\u0105c maksymaln\u0105 wydajno\u015b\u0107 w zakresie zu\u017cycia.<\/p>\n<h2>Rozmiary cz\u0105stek proszku T15<\/h2>\n<p class=\"whitespace-pre-wrap\"><strong>T15 Rozk\u0142ad wielko\u015bci cz\u0105stek proszku<\/strong><\/p>\n<table>\n<thead>\n<tr>\n<th>Wielko\u015b\u0107 cz\u0105stek<\/th>\n<th>Charakterystica<\/th>\n<\/tr>\n<\/thead>\n<tbody>\n<tr>\n<td>0,5-2 mikron\u00f3w<\/td>\n<td>Gradacja ultra drobnooka zapewnia superwyko\u0144czenie<\/td>\n<\/tr>\n<tr>\n<td>od 0,5 do 5 mikron\u00f3w<\/td>\n<td>Zakres submikronowy zwi\u0119ksza odporno\u015b\u0107<\/td>\n<\/tr>\n<tr>\n<td>3-15 mikrometr\u00f3w<\/td>\n<td>Najcz\u0119\u015bciej u\u017cywany rozmiar, przy optymalnych w\u0142a\u015bciwo\u015bciach<\/td>\n<\/tr>\n<\/tbody>\n<\/table>\n<ul class=\"list-disc pl-8 space-y-2\">\n<li class=\"whitespace-normal\">Drobnoproszkowe zwi\u0119kszaj\u0105 twardo\u015b\u0107 i wyko\u0144czenie<\/li>\n<li class=\"whitespace-normal\">Grubsze proszki poprawiaj\u0105 wytrzyma\u0142o\u015b\u0107 na z\u0142amania i odporno\u015b\u0107 na uderzenia<\/li>\n<li class=\"whitespace-normal\">Dystrybucja wielko\u015bci cz\u0105steczek jest optymalizowana na podstawie warunk\u00f3w eksploatacji<\/li>\n<li class=\"whitespace-normal\">Zar\u00f3wno w sproszkowanym spiekanym w\u0119gliku<\/li>\n<\/ul>\n<p class=\"whitespace-pre-wrap\">Kontrolowanie rozk\u0142adu wielko\u015bci cz\u0105stek i morfologii optymalizuje ko\u0144cowe w\u0142a\u015bciwo\u015bci i wydajno\u015b\u0107 sk\u0142adnik\u00f3w.<\/p>\n<h2>T15 Metoda produkcji proszku<\/h2>\n<p class=\"whitespace-pre-wrap\"><strong>Produkcja proszku T15<\/strong><\/p>\n<table>\n<thead>\n<tr>\n<th>Metoda<\/th>\n<th>Szczeg\u00f3\u0142y<\/th>\n<\/tr>\n<\/thead>\n<tbody>\n<tr>\n<td>Naw\u0119glanie i redukcja-dyfuzja<\/td>\n<td>Tworzy drobne kuliste proszki<\/td>\n<\/tr>\n<tr>\n<td>Mia\u017cd\u017cenie materia\u0142u spiekanego<\/td>\n<td>Ta\u0144sze, nieregularne cz\u0105stki k\u0105towe<\/td>\n<\/tr>\n<tr>\n<td>Frezowanie<\/td>\n<td>Mielenie w m\u0142ynach kulowych stosowane do zmniejszania wielko\u015bci cz\u0105stek<\/td>\n<\/tr>\n<tr>\n<td>Suszenie rozpryskowe<\/td>\n<td>Proces granulacji i sferoidyzacji<\/td>\n<\/tr>\n<tr>\n<td>Odgazowywanie<\/td>\n<td>Usuwa gazowe zanieczyszczenia<\/td>\n<\/tr>\n<\/tbody>\n<\/table>\n<ul class=\"list-disc pl-8 space-y-2\">\n<li class=\"whitespace-normal\">Kszta\u0142t sferycznego proszku zapewnia wysokie zag\u0119szczenie pakowania<\/li>\n<li class=\"whitespace-normal\">Zmia\u017cd\u017cone py\u0142y maj\u0105 ni\u017cszy koszt produkcji<\/li>\n<li class=\"whitespace-normal\">Do mielenia, do suszenia natryskowego stosowanego dla regulacji wielko\u015bci cz\u0105stek<\/li>\n<li class=\"whitespace-normal\">Odprowadzanie gazu optymalizuje czysto\u015b\u0107 proszku i spiekanej mikrostruktury<\/li>\n<\/ul>\n<p class=\"whitespace-pre-wrap\">Zautomatyzowane, wysokowydajne procesy produkcji skutkuj\u0105 sp\u00f3jnym surowcem zoptymalizowanym pod k\u0105tem wydajno\u015bci cz\u0119\u015bci.<\/p>\n<h2>Cennik proszku T15<\/h2>\n<p class=\"whitespace-pre-wrap\"><strong>Cennik proszku T15<\/strong><\/p>\n<table>\n<thead>\n<tr>\n<th>Czynnik<\/th>\n<th>Wp\u0142yw na cen\u0119<\/th>\n<\/tr>\n<\/thead>\n<tbody>\n<tr>\n<td>Granulacja proszku<\/td>\n<td>Im wy\u017csze st\u0119\u017cenie czysto\u015bci, tym wy\u017csza cena<\/td>\n<\/tr>\n<tr>\n<td>Wielko\u015b\u0107 cz\u0105stek<\/td>\n<td>Ultra drobny proszek jest dro\u017cszy<\/td>\n<\/tr>\n<tr>\n<td>Ilo\u015b\u0107 zam\u00f3wienia<\/td>\n<td>Cena maleje wraz ze wzrostem ilo\u015bci<\/td>\n<\/tr>\n<tr>\n<td>Metoda produkcji<\/td>\n<td>Z\u0142o\u017cone metody zwi\u0119kszaj\u0105 koszty<\/td>\n<\/tr>\n<tr>\n<td>Opakowanie<\/td>\n<td>Specjalne torby lub pojemniki zwi\u0119kszaj\u0105 koszty<\/td>\n<\/tr>\n<\/tbody>\n<\/table>\n<p class=\"whitespace-pre-wrap\"><strong>Orientacyjna cena<\/strong><\/p>\n<ul class=\"list-disc pl-8 space-y-2\">\n<li class=\"whitespace-normal\">Sferyczny proszek T15: 45-60 USD za kg<\/li>\n<li class=\"whitespace-normal\">T15 sproszkowany: $35-45 za kg<\/li>\n<li class=\"whitespace-normal\">Cennik dla du\u017cych ilo\u015bci mo\u017ce by\u0107 od 20-30% ni\u017cszy<\/li>\n<\/ul>\n<p class=\"whitespace-pre-wrap\">Wycena zale\u017cna jest od charakterystyki proszku, metody produkcji, wielko\u015bci zam\u00f3wienia, pakowania i terminu realizacji.<\/p>\n<h2>Dostawcy proszku TSB15<\/h2>\n<p class=\"whitespace-pre-wrap\"><strong>Dostawcy proszku TSB15<\/strong><\/p>\n<table>\n<thead>\n<tr>\n<th>Firma<\/th>\n<th>Lokalizacja<\/th>\n<\/tr>\n<\/thead>\n<tbody>\n<tr>\n<td>Sandvik<\/td>\n<td>Szwecja<\/td>\n<\/tr>\n<tr>\n<td>Kennametal<\/td>\n<td>USA<\/td>\n<\/tr>\n<tr>\n<td>H.C. Start<\/td>\n<td>Niemcy<\/td>\n<\/tr>\n<tr>\n<td>Jingdong Nowe Materia\u0142y<\/td>\n<td>Chiny<\/td>\n<\/tr>\n<tr>\n<td>Zhuzhou Cemented Carbide Group<\/td>\n<td>Chiny<\/td>\n<\/tr>\n<tr>\n<td>Toshiba Materials<\/td>\n<td>Japonia<\/td>\n<\/tr>\n<\/tbody>\n<\/table>\n<p class=\"whitespace-pre-wrap\">Czynniki doboru:<\/p>\n<ul class=\"list-disc pl-8 space-y-2\">\n<li class=\"whitespace-normal\">Frakcje proszku i morfologia cz\u0105stek<\/li>\n<li class=\"whitespace-normal\">Pojemno\u015b\u0107 produkcyjna i terminy realizacji<\/li>\n<li class=\"whitespace-normal\">Fachowo\u015b\u0107 i obs\u0142uga klienta<\/li>\n<li class=\"whitespace-normal\">Procedury pobierania pr\u00f3bek, testowania i kontroli jako\u015bci<\/li>\n<li class=\"whitespace-normal\">Poziomy cen i warunki p\u0142atno\u015bci<\/li>\n<li class=\"whitespace-normal\">Zgodno\u015b\u0107 z mi\u0119dzynarodowymi normami materia\u0142owymi<\/li>\n<\/ul>\n<h2>T15 Przygotowanie Proszku i Przechowywanie<\/h2>\n<p class=\"whitespace-pre-wrap\"><strong>Obs\u0142uga proszku T15<\/strong><\/p>\n<table>\n<thead>\n<tr>\n<th>Rekomendacja<\/th>\n<th>Pow\u00f3d<\/th>\n<\/tr>\n<\/thead>\n<tbody>\n<tr>\n<td>U\u017cyj \u015brodk\u00f3w ochrony indywidualnej i wentylacji<\/td>\n<td>Ograniczaj nara\u017cenie na cz\u0105steczki sta\u0142e<\/td>\n<\/tr>\n<tr>\n<td>Unikaj \u017ar\u00f3de\u0142 zap\u0142onu<\/td>\n<td>Proszek ulegnie spalaniu, je\u015bli zostanie przegrzany w powietrzu<\/td>\n<\/tr>\n<tr>\n<td>Stosuj si\u0119 do bezpiecznych protoko\u0142\u00f3w<\/td>\n<td>Zmniejsz ryzyko wyst\u0105pienia zagro\u017ce\u0144 dla zdrowia i po\u017caru<\/td>\n<\/tr>\n<tr>\n<td>Stosowa\u0107 atmosfer\u0119 oboj\u0119tn\u0105<\/td>\n<td>Zapobieganie utlenianiu podczas obr\u00f3bki proszku<\/td>\n<\/tr>\n<tr>\n<td>Przechowywa\u0107 w zamkni\u0119tych pojemnikach<\/td>\n<td>Zapobiega\u0107 zanieczyszczeniom lub absorpcji<\/td>\n<\/tr>\n<\/tbody>\n<\/table>\n<p class=\"whitespace-pre-wrap\"><strong>Zalecenia dotycz\u0105ce magazynowania<\/strong><\/p>\n<ul class=\"list-disc pl-8 space-y-2\">\n<li class=\"whitespace-normal\">Przechowywa\u0107 w stabilnych pojemnikach i temperaturze pokojowej<\/li>\n<li class=\"whitespace-normal\">Ograniczy\u0107 nara\u017cenie na wilgo\u0107, kwasy, chlor<\/li>\n<li class=\"whitespace-normal\">Unikaj zanieczyszczenia krzy\u017cowego z innych proszk\u00f3w.<\/li>\n<\/ul>\n<p class=\"whitespace-pre-wrap\">W\u0142a\u015bciwe \u015brodki ostro\u017cno\u015bci zachowuj\u0105 czysto\u015b\u0107 proszku i zapobiegaj\u0105 problemom z bezpiecze\u0144stwem podczas transportu i przechowywania.<\/p>\n<h2>T15 Kontrola i badanie proszku<\/h2>\n<p class=\"whitespace-pre-wrap\"><strong>T15 badania pudru<\/strong><\/p>\n<table>\n<thead>\n<tr>\n<th>Test<\/th>\n<th>Szczeg\u00f3\u0142y<\/th>\n<\/tr>\n<\/thead>\n<tbody>\n<tr>\n<td>Analiza chemiczna<\/td>\n<td>Weryfikuje sk\u0142ad stosuj\u0105c ICP, EDX lub XRF<\/td>\n<\/tr>\n<tr>\n<td>Rozpi\u0119to\u015b\u0107 wielko\u015bci cz\u0105steczek<\/td>\n<td>Dyfrakcja laserowa lub analiza sedymentacji<\/td>\n<\/tr>\n<tr>\n<td>Morfologia proszku<\/td>\n<td>obrazowanie SEM kszta\u0142tu cz\u0105steczki<\/td>\n<\/tr>\n<tr>\n<td>G\u0119sto\u015b\u0107 Nasypowa<\/td>\n<td>Mierzone zgodnie ze standardem ASTM B212<\/td>\n<\/tr>\n<tr>\n<td>G\u0119sto\u015b\u0107 usypu<\/td>\n<td>G\u0119sto\u015b\u0107 mierzona po mechanicznym ubijaniu<\/td>\n<\/tr>\n<tr>\n<td>Przep\u0142yw w hali<\/td>\n<td>Okre\u015bla sypko\u015b\u0107 proszku<\/td>\n<\/tr>\n<\/tbody>\n<\/table>\n<p class=\"whitespace-pre-wrap\">Testy zapewniaj\u0105, \u017ce proszek spe\u0142nia wymagan\u0105 kompozycj\u0119 chemiczn\u0105, charakterystyk\u0119 cz\u0105stek, morfologi\u0119, specyfikacj\u0119 g\u0119sto\u015bci i p\u0142ynno\u015b\u0107 zgodnie z odpowiednimi normami.<\/p>\n<h2>T15 Powder Za i przeciw<\/h2>\n<p class=\"whitespace-pre-wrap\"><strong>Zalety proszku T15<\/strong><\/p>\n<ul class=\"list-disc pl-8 space-y-2\">\n<li class=\"whitespace-normal\">Wyj\u0105tkowa twardo\u015b\u0107, odporno\u015b\u0107 na zu\u017cycie i wytrzyma\u0142o\u015b\u0107<\/li>\n<li class=\"whitespace-normal\">Odporne na \u015bciskanie bez p\u0119kania<\/li>\n<li class=\"whitespace-normal\">Dobr\u0105 wytrzyma\u0142o\u015b\u0107 na z\u0142amania i odporno\u015b\u0107 na uderzenia<\/li>\n<li class=\"whitespace-normal\">Stabilno\u015b\u0107 wymiarowa przy du\u017cych obci\u0105\u017ceniach<\/li>\n<li class=\"whitespace-normal\">Opiera si\u0119 odkszta\u0142caniu w podwy\u017cszonych temperaturach<\/li>\n<li class=\"whitespace-normal\">Umo\u017cliwia mniejsze, l\u017cejsze komponenty<\/li>\n<\/ul>\n<p class=\"whitespace-pre-wrap\"><strong>Niedogodno\u015bci stosowania T15 w proszku<\/strong><\/p>\n<ul class=\"list-disc pl-8 space-y-2\">\n<li class=\"whitespace-normal\">Trudno do obr\u00f3bki po spieczeniu<\/li>\n<li class=\"whitespace-normal\">Nie nadaje si\u0119 do dynamicznych zastosowa\u0144 \u0142o\u017cyskowych<\/li>\n<li class=\"whitespace-normal\">W miar\u0119 kruche zachowanie<\/li>\n<li class=\"whitespace-normal\">Utlenianie w wysokich temperaturach bez pow\u0142ok odporno\u015bciowych<\/li>\n<li class=\"whitespace-normal\">Wy\u017csze koszty surowc\u00f3w ni\u017c proszki stalowe<\/li>\n<li class=\"whitespace-normal\">Wymaga wieloletniego do\u015bwiadczenia do optymalnego wykorzystania<\/li>\n<\/ul>\n<h2>Por\u00f3wnanie z w\u0119glika wolframu-w\u0119glika tytanu-w\u0119glika tantalu<\/h2>\n<p class=\"whitespace-pre-wrap\"><strong>T15 vs WC-TiC-TaC<\/strong><\/p>\n<table>\n<thead>\n<tr>\n<th>Parametr<\/th>\n<th>T15<\/th>\n<th>WC-TiC-TaC<\/th>\n<\/tr>\n<\/thead>\n<tbody>\n<tr>\n<td>Twardo\u015b\u0107<\/td>\n<td>88-93 HRA<\/td>\n<td>92-96 HRA<\/td>\n<\/tr>\n<tr>\n<td>Wytrzyma\u0142o\u015b\u0107 z\u0142amania<\/td>\n<td>10-12 MPa.m^1\/2<\/td>\n<td>8-9 MPa\u00d7m^1\/2<\/td>\n<\/tr>\n<tr>\n<td>Si\u0142a<\/td>\n<td>Bardzo wysokie<\/td>\n<td>Bardzo wysokie<\/td>\n<\/tr>\n<tr>\n<td>Koszt<\/td>\n<td>\u015arednia<\/td>\n<td>Bardzo wysokie<\/td>\n<\/tr>\n<tr>\n<td>Odporno\u015b\u0107 przeciwkorozyjna<\/td>\n<td>Uczciwa<\/td>\n<td>Wy\u015bmienicie<\/td>\n<\/tr>\n<tr>\n<td>APLIKACJE<\/td>\n<td>Cz\u0119\u015bci zu\u017cywaj\u0105ce si\u0119 og\u00f3lne<\/td>\n<td>Skrajne \u015bcieranie i korozja<\/td>\n<\/tr>\n<\/tbody>\n<\/table>\n<ul class=\"list-disc pl-8 space-y-2\">\n<li class=\"whitespace-normal\">WC-TiC-TaC ma nieco wi\u0119ksz\u0105 twardo\u015b\u0107 i wytrzyma\u0142o\u015b\u0107<\/li>\n<li class=\"whitespace-normal\">T15 zapewnia znacznie lepsz\u0105 odporno\u015b\u0107 p\u0119kania<\/li>\n<li class=\"whitespace-normal\">WC-TiC-TaC ma doskona\u0142\u0105 odporno\u015b\u0107 na korozj\u0119<\/li>\n<li class=\"whitespace-normal\">T15 jest bardziej op\u0142acalny<\/li>\n<li class=\"whitespace-normal\">WC-TiC-TaC na bardziej krytyczne i kosztowne zastosowania<\/li>\n<\/ul>\n<h2>Najcz\u0119\u015bciej zadawane pytania dotycz\u0105ce proszku T15<\/h2>\n<p class=\"whitespace-pre-wrap\"><strong>A: Jakie s\u0105 g\u0142\u00f3wne zastosowania proszku z w\u0119glika wolframu T15?<\/strong><\/p>\n<p class=\"whitespace-pre-wrap\">A: Do g\u0142\u00f3wnych zastosowa\u0144 nale\u017cy u\u017cywanie narz\u0119dzi g\u00f3rniczych takich jak wiert\u0142a, kruszarki do ska\u0142 i sprz\u0119t pog\u0142\u0119biarski; narz\u0119dzi budowlanych takich jak sprz\u0119t do rozbi\u00f3rki i pulveryzatory; matryc, cz\u0119\u015bci przeznaczonej do rysowania, narz\u0119dzi do wyt\u0142aczania; element\u00f3w odpornych na \u015bcieranie; og\u00f3lnego ci\u0119cia i narz\u0119dzi obr\u00f3bkowych.<\/p>\n<p class=\"whitespace-pre-wrap\"><strong>Q: Dlaczego kobalt jest stosowany jako spoiwo gatunk\u00f3w w\u0119glika wolframu?<\/strong><\/p>\n<p class=\"whitespace-pre-wrap\">A: Kobalt zapewnia dobr\u0105 odporno\u015b\u0107 na korozj\u0119, du\u017c\u0105 wytrzyma\u0142o\u015b\u0107 i twardo\u015b\u0107 oraz u\u0142atwia spiekanie w fazie ciek\u0142ej cz\u0105stek w\u0119glika wolframu podczas zag\u0119szczania, aby uzyska\u0107 pe\u0142n\u0105 g\u0119sto\u015b\u0107 i optymalne w\u0142a\u015bciwo\u015bci.<\/p>\n<p class=\"whitespace-pre-wrap\"><strong>P: Jak\u0105 obr\u00f3bk\u0119 ciepln\u0105 stosuje si\u0119 w przypadku element\u00f3w z w\u0119glika wolframu i kobaltu T15?<\/strong><\/p>\n<p class=\"whitespace-pre-wrap\">A: T15 nie wymaga obr\u00f3bki cieplnej po spiekaniu. Proces spiekania w fazie ciek\u0142ej pozwala na osi\u0105gni\u0119cie pe\u0142nej g\u0119sto\u015bci i po\u017c\u0105danych w\u0142a\u015bciwo\u015bci podczas samego zag\u0119szczania proszku.<\/p>\n<p class=\"whitespace-pre-wrap\"><strong>Q: Jak produkuje si\u0119 proszek z w\u0119glika wolframu i kobaltu T15?<\/strong><\/p>\n<p class=\"whitespace-pre-wrap\">A. G\u0142\u00f3wne metody produkcji to karburizacja i dyfuzja-redukcja, w celu uzyskania kulistych proszk\u00f3w lub kruszenie i mielenie spiekanego w\u0119gliku wolframu o kszta\u0142t nieregularnych cz\u0105steczek. Nast\u0119pnie proszki te miesza si\u0119 z proszkiem kobaltu we wskazanym stosunku.<\/p>\n<div id=\"gtx-trans\" style=\"position: absolute; left: -76px; top: 49.8125px;\">\n<div class=\"gtx-trans-icon\"><\/div>\n<\/div>\n<p><\/span><\/span><\/p>","protected":false},"excerpt":{"rendered":"<p>Przegl\u0105d proszku T15 Proszek T15 to proszek z w\u0119glika wolframu i kobaltu, kt\u00f3ry zapewnia wyj\u0105tkowe po\u0142\u0105czenie twardo\u015bci, wytrzyma\u0142o\u015bci i udarno\u015bci. Zawiera wysoki procent w\u0119glika wolframu wraz z kobaltem 15% jako faz\u0105 wi\u0105\u017c\u0105c\u0105. Kluczowe w\u0142a\u015bciwo\u015bci i zalety proszku T15: W\u0142a\u015bciwo\u015bci i charakterystyka proszku T15 W\u0142a\u015bciwo\u015bci Szczeg\u00f3\u0142y Sk\u0142ad 85%...<\/p>","protected":false},"featured_media":1845,"parent":0,"template":"","meta":{"_acf_changed":false,"_kad_blocks_custom_css":"","_kad_blocks_head_custom_js":"","_kad_blocks_body_custom_js":"","_kad_blocks_footer_custom_js":"","_kad_post_transparent":"","_kad_post_title":"","_kad_post_layout":"","_kad_post_sidebar_id":"","_kad_post_content_style":"","_kad_post_vertical_padding":"","_kad_post_feature":"","_kad_post_feature_position":"","_kad_post_header":false,"_kad_post_footer":false,"_kad_post_classname":""},"product-category":[119,122],"class_list":["post-3922","product","type-product","status-publish","has-post-thumbnail","hentry","product-category-3d-printing-metal-powder","product-category-iron-based-alloy-powder"],"acf":[],"taxonomy_info":{"product-category":[{"value":119,"label":"3D Printing Metal Powder"},{"value":122,"label":"Iron Based Alloy Powder"}]},"featured_image_src_large":["https:\/\/3dpmetal.com\/wp-content\/uploads\/2024\/02\/T15-Powder.jpg",600,600,false],"author_info":[],"comment_info":"","_links":{"self":[{"href":"https:\/\/3dpmetal.com\/pl\/wp-json\/wp\/v2\/product\/3922","targetHints":{"allow":["GET"]}}],"collection":[{"href":"https:\/\/3dpmetal.com\/pl\/wp-json\/wp\/v2\/product"}],"about":[{"href":"https:\/\/3dpmetal.com\/pl\/wp-json\/wp\/v2\/types\/product"}],"wp:featuredmedia":[{"embeddable":true,"href":"https:\/\/3dpmetal.com\/pl\/wp-json\/wp\/v2\/media\/1845"}],"wp:attachment":[{"href":"https:\/\/3dpmetal.com\/pl\/wp-json\/wp\/v2\/media?parent=3922"}],"wp:term":[{"taxonomy":"product-category","embeddable":true,"href":"https:\/\/3dpmetal.com\/pl\/wp-json\/wp\/v2\/product-category?post=3922"}],"curies":[{"name":"wp","href":"https:\/\/api.w.org\/{rel}","templated":true}]}}