{"id":3926,"date":"2024-03-18T06:10:14","date_gmt":"2024-03-18T06:10:14","guid":{"rendered":"https:\/\/3dp.45612300.xyz\/product\/aluminum-alloy-series\/"},"modified":"2024-03-18T06:10:14","modified_gmt":"2024-03-18T06:10:14","slug":"aluminum-alloy-series","status":"publish","type":"product","link":"https:\/\/3dpmetal.com\/pl\/product\/aluminum-alloy-series\/","title":{"rendered":"Serie stop\u00f3w aluminium"},"content":{"rendered":"<p><span style=\"vertical-align: inherit;\"><span style=\"vertical-align: inherit;\"><\/p>\n<div style=\"overflow-x: auto;\">\n<table>\n<tbody>\n<tr>\n<td data-sheets-value=\"{&quot;1&quot;:2,&quot;2&quot;:&quot;Product&quot;}\">Produkt<\/td>\n<td data-sheets-value=\"{&quot;1&quot;:2,&quot;2&quot;:&quot;Specification&quot;}\">Specyfikacja<\/td>\n<td data-sheets-value=\"{&quot;1&quot;:2,&quot;2&quot;:&quot;Apparent Density&quot;}\">G\u0119sto\u015b\u0107 Nasypowa<\/td>\n<td data-sheets-value=\"{&quot;1&quot;:2,&quot;2&quot;:&quot;Flow Ability&quot;}\">P\u0142ynno\u015b\u0107<\/td>\n<td data-sheets-value=\"{&quot;1&quot;:2,&quot;2&quot;:&quot;Oxygen Content&quot;}\">Zawarto\u015b\u0107 tlenu<\/td>\n<td data-sheets-value=\"{&quot;1&quot;:2,&quot;2&quot;:&quot;Tensile Strength&quot;}\">Odporno\u015b\u0107 na rozci\u0105ganie<\/td>\n<td data-sheets-value=\"{&quot;1&quot;:2,&quot;2&quot;:&quot;Yield Strength&quot;}\">Wytrzyma\u0142o\u015b\u0107 graniczna<\/td>\n<td data-sheets-value=\"{&quot;1&quot;:2,&quot;2&quot;:&quot;Elongation&quot;}\">Wyd\u0142u\u017cenie<\/td>\n<\/tr>\n<tr>\n<td data-sheets-value=\"{&quot;1&quot;:2,&quot;2&quot;:&quot;AISi10Mg&quot;}\">AISi10Mg<\/td>\n<td colspan=\"1\" rowspan=\"4\" data-sheets-value=\"{&quot;1&quot;:2,&quot;2&quot;:&quot;15-53\u00c3\u00d7mn45-105\u00c3\u00d7mn75-150\u00c3\u00d7m&quot;}\">\n<div>15-53\u00c3\u00d7m<br \/>\n45-105\u00c3\u2014m<br \/>\n75\u2013150 cm<\/div>\n<\/td>\n<td data-sheets-value=\"{&quot;1&quot;:2,&quot;2&quot;:&quot;\u00a1\u00d41.35g\/cm3&quot;}\">1,35 g\/cm3<\/td>\n<td data-sheets-value=\"{&quot;1&quot;:2,&quot;2&quot;:&quot;\u00a8P80s\/50g&quot;}\">\u00a8P80s\/50 g<\/td>\n<td data-sheets-value=\"{&quot;1&quot;:2,&quot;2&quot;:&quot;\u00a8P300ppm&quot;}\">\u00a8P300 ppm<\/td>\n<td data-sheets-value=\"{&quot;1&quot;:2,&quot;2&quot;:&quot;300\u00a9I20Mpa &quot;}\">300\u00a9I20Mpa<\/td>\n<td data-sheets-value=\"{&quot;1&quot;:2,&quot;2&quot;:&quot;200\u00a9I20Mpa &quot;}\">200\u00a9I20Mpa<\/td>\n<td data-sheets-value=\"{&quot;1&quot;:2,&quot;2&quot;:&quot;20\u00a9I2%&quot;}\">20\u00a9I2%<\/td>\n<\/tr>\n<tr>\n<td data-sheets-value=\"{&quot;1&quot;:2,&quot;2&quot;:&quot;AMgScZr&quot;}\">MgScZr<\/td>\n<td data-sheets-value=\"{&quot;1&quot;:2,&quot;2&quot;:&quot;\u00a1\u00d41.30g\/cm3&quot;}\">\u00d41,30g\/cm3<\/td>\n<td data-sheets-value=\"{&quot;1&quot;:2,&quot;2&quot;:&quot;\u00a8P80s\/50g&quot;}\">\u00a8P80s\/50 g<\/td>\n<td data-sheets-value=\"{&quot;1&quot;:2,&quot;2&quot;:&quot;\u00a8P300ppm&quot;}\">\u00a8P300 ppm<\/td>\n<td data-sheets-value=\"{&quot;1&quot;:2,&quot;2&quot;:&quot;545\u00a9I20Mpa &quot;}\">545\u00a9I20Mpa<\/td>\n<td data-sheets-value=\"{&quot;1&quot;:2,&quot;2&quot;:&quot;500\u00a9I20Mpa &quot;}\">500\u00a9I20Mpa<\/td>\n<td data-sheets-value=\"{&quot;1&quot;:2,&quot;2&quot;:&quot;10\u00a9I2%&quot;}\">10\u00a9I2%<\/td>\n<\/tr>\n<tr>\n<td data-sheets-value=\"{&quot;1&quot;:2,&quot;2&quot;:&quot;AK400 (can be anodized)&quot;}\">AK400 (do anodowania)<\/td>\n<td data-sheets-value=\"{&quot;1&quot;:2,&quot;2&quot;:&quot;\u00a1\u00d41.30g\/cm3&quot;}\">\u00d41,30g\/cm3<\/td>\n<td data-sheets-value=\"{&quot;1&quot;:2,&quot;2&quot;:&quot;\u00a8P80s\/50g&quot;}\">\u00a8P80s\/50 g<\/td>\n<td data-sheets-value=\"{&quot;1&quot;:2,&quot;2&quot;:&quot;\u00a8P300ppm&quot;}\">\u00a8P300 ppm<\/td>\n<td data-sheets-value=\"{&quot;1&quot;:2,&quot;2&quot;:&quot;430\u00a9I20Mpa &quot;}\">430\u00a9I20Mpa<\/td>\n<td data-sheets-value=\"{&quot;1&quot;:2,&quot;2&quot;:&quot;300\u00a9I20Mpa &quot;}\">300\u00a9I20Mpa<\/td>\n<td data-sheets-value=\"{&quot;1&quot;:2,&quot;2&quot;:&quot;10\u00a9I2%&quot;}\">10\u00a9I2%<\/td>\n<\/tr>\n<tr>\n<td data-sheets-value=\"{&quot;1&quot;:2,&quot;2&quot;:&quot;Pure aluminum powder (purity 99.8%)&quot;}\">Czysty proszek aluminiowy (czysto\u015b\u0107 99,8%)<\/td>\n<td data-sheets-value=\"{&quot;1&quot;:2,&quot;2&quot;:&quot;\u00a1\u00d41.20g\/cm3&quot;}\">\u00a1\u00d41,20g\/cm3<\/td>\n<td data-sheets-value=\"{&quot;1&quot;:2,&quot;2&quot;:&quot;\u00a8P100s\/50g&quot;}\">\u00a8P100s\/50g<\/td>\n<td data-sheets-value=\"{&quot;1&quot;:2,&quot;2&quot;:&quot;\u00a8P1000ppm&quot;}\">\u00a8P1000ppm<\/td>\n<td data-sheets-value=\"{&quot;1&quot;:2,&quot;2&quot;:&quot;\\&quot;}\"><\/td>\n<td data-sheets-value=\"{&quot;1&quot;:2,&quot;2&quot;:&quot;\\&quot;}\"><\/td>\n<td data-sheets-value=\"{&quot;1&quot;:2,&quot;2&quot;:&quot;\\&quot;}\"><\/td>\n<\/tr>\n<\/tbody>\n<\/table>\n<\/div>\n<p><img loading=\"lazy\" decoding=\"async\" class=\"size-medium wp-image-1409 aligncenter\" src=\"https:\/\/met3dp.com\/wp-content\/uploads\/2023\/09\/ed7a94ec-3c10-4b1b-87ed--300x300.jpg\" alt=\"Serie stop\u00f3w aluminium\" width=\"300\" height=\"300\" title=\"\"><\/p>\n<p><strong>Proces<\/strong>: Metoda pr\u00f3\u017cniowego rozpylania powietrza<\/p>\n<p><strong>Zalety<\/strong>: niski wsp\u00f3\u0142czynnik proszku satelitarnego \/ proszku pustego, dobra p\u0142ynno\u015b\u0107, wysoka sferyczno\u015b\u0107 i wysoka g\u0119sto\u015b\u0107 nasypowa. Cz\u0119\u015bci z wydrukowanym wyko\u0144czeniem maj\u0105 wysok\u0105 odporno\u015b\u0107 na korozj\u0119, nisk\u0105 g\u0119sto\u015b\u0107 i wytrzyma\u0142o\u015b\u0107 mechaniczn\u0105<br \/>\nWysoki stopie\u0144 obr\u00f3bki termicznej wymaga mniej obr\u00f3bki termicznej ni\u017c odlewy<\/p>\n<p><strong>Aplikacja<\/strong>: Druk 3D cz\u0119\u015bci o lekkiej konstrukcji, wsporniki i inne elementy konstrukcyjne, komponenty odprowadzaj\u0105ce ciep\u0142o itp. w przemy\u015ble lotniczym, motoryzacyjnym i innych<\/p>\n<p><strong>Opakowanie<\/strong>: worki aluminiowe\/plastikowe butelki\/\u017celazne beczki i inne zwyk\u0142e opakowania lub opakowania pr\u00f3\u017cniowe itp.<\/p>\n<div id=\"gtx-trans\" style=\"position: absolute; left: -59px; top: 433px;\">\n<div class=\"gtx-trans-icon\"><\/div>\n<\/div>\n<p><\/span><\/span><\/p>","protected":false},"excerpt":{"rendered":"<p>Specyfikacja produktu G\u0119sto\u015b\u0107 pozorna Zdolno\u015b\u0107 p\u0142yni\u0119cia Zawarto\u015b\u0107 tlenu Wytrzyma\u0142o\u015b\u0107 na rozci\u0105ganie Granica plastyczno\u015bci Wyd\u0142u\u017cenie AISi10Mg 15-53\u00d7m 45-105\u00d7m 75-150\u00d7m \u00a1\u00d41.35g\/cm3 \u00a8P80s\/50g \u00a8P300ppm 300\u00a9I20Mpa 200\u00a9I20Mpa 20\u00a9I2% AMgScZr \u00a1\u00d41.30g\/cm3 \u00a8P80s\/50g \u00a8P300ppm 545\u00a9I20Mpa 500\u00a9I20Mpa 10\u00a9I2% AK400 (mo\u017ce by\u0107 anodowany) \u00a1\u00d41.30g\/cm3 \u00a8P80s\/50g \u00a8P300ppm 430\u00a9I20Mpa 300\u00a9I20Mpa 10\u00a9I2% Czysty proszek aluminiowy (czysto\u015b\u0107 99.8%) \u00a1\u00d41.20g\/cm3 \u00a8P100s\/50g \u00a8P1000ppm Proces: Metoda atomizacji pr\u00f3\u017cniowej Zalety: niska...<\/p>","protected":false},"featured_media":1850,"parent":0,"template":"","meta":{"_acf_changed":false,"_kad_blocks_custom_css":"","_kad_blocks_head_custom_js":"","_kad_blocks_body_custom_js":"","_kad_blocks_footer_custom_js":"","_kad_post_transparent":"","_kad_post_title":"","_kad_post_layout":"","_kad_post_sidebar_id":"","_kad_post_content_style":"","_kad_post_vertical_padding":"","_kad_post_feature":"","_kad_post_feature_position":"","_kad_post_header":false,"_kad_post_footer":false,"_kad_post_classname":""},"product-category":[119,124],"class_list":["post-3926","product","type-product","status-publish","has-post-thumbnail","hentry","product-category-3d-printing-metal-powder","product-category-aluminum-based-alloy-powder"],"acf":[],"taxonomy_info":{"product-category":[{"value":119,"label":"3D Printing Metal Powder"},{"value":124,"label":"Aluminum Based Alloy Powder"}]},"featured_image_src_large":["https:\/\/3dpmetal.com\/wp-content\/uploads\/2024\/02\/Aluminum-alloy-series.jpg",600,600,false],"author_info":[],"comment_info":"","_links":{"self":[{"href":"https:\/\/3dpmetal.com\/pl\/wp-json\/wp\/v2\/product\/3926","targetHints":{"allow":["GET"]}}],"collection":[{"href":"https:\/\/3dpmetal.com\/pl\/wp-json\/wp\/v2\/product"}],"about":[{"href":"https:\/\/3dpmetal.com\/pl\/wp-json\/wp\/v2\/types\/product"}],"wp:featuredmedia":[{"embeddable":true,"href":"https:\/\/3dpmetal.com\/pl\/wp-json\/wp\/v2\/media\/1850"}],"wp:attachment":[{"href":"https:\/\/3dpmetal.com\/pl\/wp-json\/wp\/v2\/media?parent=3926"}],"wp:term":[{"taxonomy":"product-category","embeddable":true,"href":"https:\/\/3dpmetal.com\/pl\/wp-json\/wp\/v2\/product-category?post=3926"}],"curies":[{"name":"wp","href":"https:\/\/api.w.org\/{rel}","templated":true}]}}