{"id":3927,"date":"2024-03-18T06:10:14","date_gmt":"2024-03-18T06:10:14","guid":{"rendered":"https:\/\/3dp.45612300.xyz\/product\/almgsczr-powder\/"},"modified":"2024-03-18T06:10:14","modified_gmt":"2024-03-18T06:10:14","slug":"almgsczr-powder","status":"publish","type":"product","link":"https:\/\/3dpmetal.com\/pl\/product\/almgsczr-powder\/","title":{"rendered":"Proszek AlMgScZr"},"content":{"rendered":"<p><span style=\"vertical-align: inherit;\"><span style=\"vertical-align: inherit;\"><\/p>\n<h2>Przegl\u0105d proszku AlMgScZr<\/h2>\n<p class=\"whitespace-pre-wrap\">Proszek AlMgScZr to stop aluminiowy zawieraj\u0105cy magnez, skand i cyrkon jako g\u0142\u00f3wne pierwiastki stopowe. Wykazuje doskona\u0142\u0105 wytrzyma\u0142o\u015b\u0107, zdolno\u015b\u0107 spawania i odporno\u015b\u0107 na korozj\u0119, przy jednoczesnym zachowaniu niskiej g\u0119sto\u015bci aluminium.<\/p>\n<p class=\"whitespace-pre-wrap\">G\u0142\u00f3wne w\u0142a\u015bciwo\u015bci i zalety proszku AlMgScZr obejmuj\u0105:<\/p>\n<p class=\"whitespace-pre-wrap\"><strong>W\u0142a\u015bciwo\u015bci i charakterystyka proszku AlMgScZr<\/strong><\/p>\n<table>\n<thead>\n<tr>\n<th>W\u0142a\u015bciwo\u015bci<\/th>\n<th>Szczeg\u00f3\u0142y<\/th>\n<\/tr>\n<\/thead>\n<tbody>\n<tr>\n<td>Kompozycja<\/td>\n<td>Stop Al-Mg-Sc-Zr<\/td>\n<\/tr>\n<tr>\n<td>G\u0119sto\u015b\u0107<\/td>\n<td>2,7 g\/cc<\/td>\n<\/tr>\n<tr>\n<td>Kszta\u0142t cz\u0105stki<\/td>\n<td>Kulisty<\/td>\n<\/tr>\n<tr>\n<td>Zakres rozmiar\u00f3w<\/td>\n<td>10-75 mikrometr\u00f3w<\/td>\n<\/tr>\n<tr>\n<td>G\u0119sto\u015b\u0107 Nasypowa<\/td>\n<td>Do 60% rzeczywistej g\u0119sto\u015bci<\/td>\n<\/tr>\n<tr>\n<td>P\u0142ynno\u015b\u0107<\/td>\n<td>Wy\u015bmienicie<\/td>\n<\/tr>\n<tr>\n<td>Si\u0142a<\/td>\n<td>Bardzo wysokie dla proszku ze stop\u00f3w aluminium<\/td>\n<\/tr>\n<tr>\n<td>Zdatno\u015b\u0107 spawalnicza<\/td>\n<td>Wy\u015bmienicie<\/td>\n<\/tr>\n<\/tbody>\n<\/table>\n<p class=\"whitespace-pre-wrap\">Proszek AlMgScZr umo\u017cliwia produkcj\u0119 lekkich komponent\u00f3w strukturalnych i funkcjonalnych w sektorach lotniczym, motoryzacyjnym i przemys\u0142owym, wymagaj\u0105cych wysokiej wytrzyma\u0142o\u015bci w\u0142a\u015bciwej.<\/p>\n<h2>Sk\u0142ad proszku AlMgScZr<\/h2>\n<p class=\"whitespace-pre-wrap\">Typowy sk\u0142ad proszku AlMgScZr:<\/p>\n<p class=\"whitespace-pre-wrap\"><strong>Sk\u0142ad proszku AlMgScZr<\/strong><\/p>\n<table>\n<thead>\n<tr>\n<th>Element<\/th>\n<th>Waga %<\/th>\n<\/tr>\n<\/thead>\n<tbody>\n<tr>\n<td>Aluminium<\/td>\n<td>R\u00f3wnowaga<\/td>\n<\/tr>\n<tr>\n<td>Magnez<\/td>\n<td>0.2-1%<\/td>\n<\/tr>\n<tr>\n<td>Skandium<\/td>\n<td>0.2-0.7%<\/td>\n<\/tr>\n<tr>\n<td>Cyrkon<\/td>\n<td>0.05-0.25%<\/td>\n<\/tr>\n<tr>\n<td>Krzem<\/td>\n<td>max. 0,1%<\/td>\n<\/tr>\n<tr>\n<td>\u017belazo<\/td>\n<td>max. 0,1%<\/td>\n<\/tr>\n<tr>\n<td>Mied\u017a<\/td>\n<td>max. 0,1%<\/td>\n<\/tr>\n<\/tbody>\n<\/table>\n<ul class=\"list-disc pl-8 space-y-2\">\n<li class=\"whitespace-normal\">Aluminium tworzy matryc\u0119 zapewniaj\u0105c\u0105 nisk\u0105 g\u0119sto\u015b\u0107<\/li>\n<li class=\"whitespace-normal\">Magnez wzmacnia dzi\u0119ki utwardzaniu przez roztw\u00f3r sta\u0142y<\/li>\n<li class=\"whitespace-normal\">Scan zapewnia pozytywne utwardzanie szczytu wytrzyma\u0142o\u015bci<\/li>\n<li class=\"whitespace-normal\">ZIRKON PROMUJE DROBN\u0104 STRUKTUR\u0118 DROBNOKSZTA\u0141TNEGO ODLEWU<\/li>\n<li class=\"whitespace-normal\">Inne pierwiastki wyst\u0119puj\u0105ce wy\u0142\u0105cznie jako zanieczyszczenia<\/li>\n<\/ul>\n<p class=\"whitespace-pre-wrap\">Struktura materia\u0142u jest zoptymalizowana, aby zmaksymalizowa\u0107 odpowied\u017a utwardzania dyspersyjnego i zapewni\u0107 wyj\u0105tkow\u0105 wytrzyma\u0142o\u015b\u0107.<\/p>\n<p><img loading=\"lazy\" decoding=\"async\" class=\"size-medium wp-image-1409 aligncenter\" src=\"https:\/\/met3dp.com\/wp-content\/uploads\/2023\/09\/ed7a94ec-3c10-4b1b-87ed--300x300.jpg\" alt=\"Proszek AlMgScZr\" width=\"300\" height=\"300\" title=\"\"><\/p>\n<h2>W\u0142a\u015bciwo\u015bci fizyczne py\u0142u AlMgScZr<\/h2>\n<p class=\"whitespace-pre-wrap\"><strong>W\u0142a\u015bciwo\u015bci fizyczne py\u0142u AlMgScZr<\/strong><\/p>\n<table>\n<thead>\n<tr>\n<th>Nieruchomo\u015b\u0107<\/th>\n<th>Warto\u015bci<\/th>\n<\/tr>\n<\/thead>\n<tbody>\n<tr>\n<td>G\u0119sto\u015b\u0107<\/td>\n<td>2,7 g\/cc<\/td>\n<\/tr>\n<tr>\n<td>Temperatura topnienia<\/td>\n<td>640-655\u00a1\u00abC<\/td>\n<\/tr>\n<tr>\n<td>Op\u00f3r elektryczny<\/td>\n<td>4,5-5,5 \u00c2\u00b10,1-0,2 cm<\/td>\n<\/tr>\n<tr>\n<td>Przewodno\u015b\u0107 cieplna<\/td>\n<td>150-180 W\/mK<\/td>\n<\/tr>\n<tr>\n<td>Rozszerzalno\u015b\u0107 cieplna<\/td>\n<td>21-24 x 10^-6 \/K<\/td>\n<\/tr>\n<tr>\n<td>Maksymalna temperatura pracy<\/td>\n<td>250\u00a1\u00abC<\/td>\n<\/tr>\n<\/tbody>\n<\/table>\n<ul class=\"list-disc pl-8 space-y-2\">\n<li class=\"whitespace-normal\">Bardzo niska g\u0119sto\u015b\u0107 w por\u00f3wnaniu do stop\u00f3w stali i tytanu<\/li>\n<li class=\"whitespace-normal\">Temperatura topnienia jest \u015brednio wysoka jak na stop aluminium<\/li>\n<li class=\"whitespace-normal\">Wysoka przewodno\u015b\u0107 elektryczna i cieplna<\/li>\n<li class=\"whitespace-normal\">Relatywnie du\u017cy wsp\u00f3\u0142czynnik rozszerzalno\u015bci cieplnej wymaga uwzgl\u0119dnienia w projekcie.<\/li>\n<li class=\"whitespace-normal\">Mo\u017cna stosowa\u0107 przez d\u0142u\u017cszy czas, nawet do 250\u00a1\u00abC<\/li>\n<\/ul>\n<p class=\"whitespace-pre-wrap\">W\u0142a\u015bciwo\u015bci te sprawiaj\u0105, \u017ce AlMgScZr jest dobrze dostosowany do lekkich zastosowa\u0144 konstrukcyjnych w motoryzacji, lotnictwie i innych sektorach.<\/p>\n<h2>W\u0142a\u015bciwo\u015bci mechaniczne proszku AlMgScZr<\/h2>\n<p class=\"whitespace-pre-wrap\"><strong>W\u0142a\u015bciwo\u015bci mechaniczne proszku AlMgScZr<\/strong><\/p>\n<table>\n<thead>\n<tr>\n<th>Nieruchomo\u015b\u0107<\/th>\n<th>Warto\u015bci<\/th>\n<\/tr>\n<\/thead>\n<tbody>\n<tr>\n<td>Wytrzyma\u0142o\u015b\u0107 graniczna<\/td>\n<td>400-500 MPa<\/td>\n<\/tr>\n<tr>\n<td>Odporno\u015b\u0107 na rozci\u0105ganie<\/td>\n<td>480-570 MPa<\/td>\n<\/tr>\n<tr>\n<td>Wyd\u0142u\u017cenie<\/td>\n<td>7-10%<\/td>\n<\/tr>\n<tr>\n<td>Twardo\u015b\u0107<\/td>\n<td>115-150 HB<\/td>\n<\/tr>\n<tr>\n<td>Wytrzyma\u0142o\u015b\u0107 na \u015bcinanie<\/td>\n<td>330 MPa<\/td>\n<\/tr>\n<tr>\n<td>Wytrzyma\u0142o\u015b\u0107 z\u0142amania<\/td>\n<td>29-35 MPa\u00a9|m<\/td>\n<\/tr>\n<\/tbody>\n<\/table>\n<ul class=\"list-disc pl-8 space-y-2\">\n<li class=\"whitespace-normal\">Bardzo du\u017ca wytrzyma\u0142o\u015b\u0107 jak na stop aluminium<\/li>\n<li class=\"whitespace-normal\">O wiele mocniejsze ni\u017c inne niepoddawane obr\u00f3bce cieplnej stopy Al<\/li>\n<li class=\"whitespace-normal\">Odpowiednia ci\u0105gliwo\u015b\u0107 w stanie hartowania szczytowego<\/li>\n<li class=\"whitespace-normal\">Relatywnie wysoka odporno\u015b\u0107 na p\u0119kni\u0119cia<\/li>\n<li class=\"whitespace-normal\">Poprzez leczenie przeciwstarzeniowe mo\u017cna dostosowywa\u0107 si\u0142\u0119<\/li>\n<\/ul>\n<p class=\"whitespace-pre-wrap\">Te w\u0142asno\u015bci sprawiaj\u0105, \u017ce AlMgScZr jest wyj\u0105tkowym wyborem dla cz\u0119\u015bci konstrukcyjnych wymagaj\u0105cych wysokiego stosunku wytrzyma\u0142o\u015bci do masy.<\/p>\n<h2>Zastosowania proszku AlMgScZr<\/h2>\n<p class=\"whitespace-pre-wrap\"><strong>Zastosowania proszku AlMgScZr<\/strong><\/p>\n<table>\n<thead>\n<tr>\n<th>Sektor<\/th>\n<th>Zastosowania<\/th>\n<\/tr>\n<\/thead>\n<tbody>\n<tr>\n<td>Astronautyka<\/td>\n<td>Poszycia samolotu, skrzyd\u0142a, poszycia kad\u0142uba<\/td>\n<\/tr>\n<tr>\n<td>Motoryzacja<\/td>\n<td>Rama, cz\u0119\u015bci zawieszenia<\/td>\n<\/tr>\n<tr>\n<td>Przemys\u0142owy<\/td>\n<td>Ramiona robot\u00f3w, sprz\u0119t do podnoszenia<\/td>\n<\/tr>\n<tr>\n<td>wytwarzanie przyrostowe<\/td>\n<td>Wysokowydajne komponenty<\/td>\n<\/tr>\n<\/tbody>\n<\/table>\n<p class=\"whitespace-pre-wrap\">Kilka konkretnych zastosowa\u0144 produkt\u00f3w:<\/p>\n<ul class=\"list-disc pl-8 space-y-2\">\n<li class=\"whitespace-normal\">Ramki konstrukcyjne statk\u00f3w powietrznych, wr\u0119gi, d\u017awigary skrzyde\u0142<\/li>\n<li class=\"whitespace-normal\">Obudowy skrzy\u0144 bieg\u00f3w samochodowych. Bloki silnik\u00f3w.<\/li>\n<li class=\"whitespace-normal\">Przemys\u0142owe ramiona robotyczne, urz\u0105dzenia d\u017awigowe<\/li>\n<li class=\"whitespace-normal\">Produkcja addytywna zoptymalizowanych topologicznie komponent\u00f3w<\/li>\n<li class=\"whitespace-normal\">Obudowy elektroniki wymagaj\u0105ce zarz\u0105dzania termicznego<\/li>\n<\/ul>\n<p class=\"whitespace-pre-wrap\">AlMgScZr zapewnia maksymaln\u0105 wytrzyma\u0142o\u015b\u0107 przy minimalnej karze za wag\u0119 w tych krytycznych zastosowaniach.<\/p>\n<h2>Specyfikacja proszku AlMgScZr<\/h2>\n<p class=\"whitespace-pre-wrap\">Kluczowe specyfikacje proszku AlMgScZr obejmuj\u0105:<\/p>\n<p class=\"whitespace-pre-wrap\"><strong>Standardy proszk\u00f3w AlMgScZr<\/strong><\/p>\n<table>\n<thead>\n<tr>\n<th>Standard<\/th>\n<th>Opis<\/th>\n<\/tr>\n<\/thead>\n<tbody>\n<tr>\n<td>ASTM B951<\/td>\n<td>Norma dla utwardzanych wydzieleniowo stop\u00f3w aluminium<\/td>\n<\/tr>\n<tr>\n<td>DIN 1718<\/td>\n<td>Oznaczenia aluminium i stop\u00f3w aluminium<\/td>\n<\/tr>\n<tr>\n<td>EN 586-2<\/td>\n<td>Odkuwki przeznaczone do strukturalnych zastosowa\u0144 o wysokiej wytrzyma\u0142o\u015bci<\/td>\n<\/tr>\n<tr>\n<td>AMS 4413<\/td>\n<td>Kompozycje proszk\u00f3w stop\u00f3w aluminium do produkcji addytywnej<\/td>\n<\/tr>\n<\/tbody>\n<\/table>\n<p class=\"whitespace-pre-wrap\">Te definiuj\u0105:<\/p>\n<ul class=\"list-disc pl-8 space-y-2\">\n<li class=\"whitespace-normal\">Granice sk\u0142adu chemicznego AlMgScZr<\/li>\n<li class=\"whitespace-normal\">Wymagane w\u0142asno\u015bci mechaniczne w stanie maksymalnego starzenia<\/li>\n<li class=\"whitespace-normal\">Zatwierdzona metoda produkcji proszku - atomizacja gazem inerckim.<\/li>\n<li class=\"whitespace-normal\">Limity zanieczyszcze\u0144 dla pierwiastk\u00f3w takich jak \u017celazo<\/li>\n<li class=\"whitespace-normal\">Protokoly testowania jako\u015bci<\/li>\n<li class=\"whitespace-normal\">Prawid\u0142owe obchodzenie si\u0119 i przechowywanie<\/li>\n<\/ul>\n<p class=\"whitespace-pre-wrap\">Spe\u0142nienie wymaga\u0144 certyfikacyjnych zapewnia optymaln\u0105 wydajno\u015b\u0107 stopu.<\/p>\n<h2>Wielko\u015b\u0107 cz\u0105steczek proszku AlMgScZr<\/h2>\n<p class=\"whitespace-pre-wrap\"><strong>Rozk\u0142ad wielko\u015bci cz\u0105stek sproszkowanego stopu AlMgScZr<\/strong><\/p>\n<table>\n<thead>\n<tr>\n<th>Wielko\u015b\u0107 cz\u0105stek<\/th>\n<th>Charakterystica<\/th>\n<\/tr>\n<\/thead>\n<tbody>\n<tr>\n<td>10-25 mikron\u00f3w<\/td>\n<td>Ekstra drobny proszek wykorzystywany w procesach addytywnego wytwarzania laserowego<\/td>\n<\/tr>\n<tr>\n<td>25-45 mikron\u00f3w<\/td>\n<td>Typowy zakres rozmiar\u00f3w dla drukarek laserowych i drukuj\u0105cych na spoiwo<\/td>\n<\/tr>\n<tr>\n<td>45-75 mikron\u00f3w<\/td>\n<td>Wi\u0119ksze rozmiary wykorzystywane w natryskiwaniu na zimno<\/td>\n<\/tr>\n<\/tbody>\n<\/table>\n<ul class=\"list-disc pl-8 space-y-2\">\n<li class=\"whitespace-normal\">Im drobniejszy proszek, tym wy\u017csza rozdzielczo\u015b\u0107 i jako\u015b\u0107 wyko\u0144czenia powierzchni<\/li>\n<li class=\"whitespace-normal\">Grubszy proszek odpowiedni do proces\u00f3w o wysokim tempie osadzania<\/li>\n<li class=\"whitespace-normal\">Zakres rozmiar\u00f3w dostosowany w oparciu o stosowan\u0105 metod\u0119 produkcji AS<\/li>\n<li class=\"whitespace-normal\">Kulasta morfologia by\u0142a utrzymana we wszystkich rozmiarach<\/li>\n<\/ul>\n<p class=\"whitespace-pre-wrap\">Sterowanie rozk\u0142adem wielko\u015bci i kszta\u0142tu cz\u0105stek jest kluczowe dla obr\u00f3bki AM, g\u0119sto\u015bci upakowania oraz ostatecznych w\u0142a\u015bciwo\u015bci cz\u0119\u015bci.<\/p>\n<h2>AlMgScZr Apparentna g\u0119sto\u015b\u0107 proszku<\/h2>\n<p class=\"whitespace-pre-wrap\"><strong>AlMgScZr Apparentna g\u0119sto\u015b\u0107 proszku<\/strong><\/p>\n<table>\n<thead>\n<tr>\n<th>G\u0119sto\u015b\u0107 Nasypowa<\/th>\n<th>Szczeg\u00f3\u0142y<\/th>\n<\/tr>\n<\/thead>\n<tbody>\n<tr>\n<td>Do 60% rzeczywistej g\u0119sto\u015bci<\/td>\n<td>Dla kszta\u0142tu proszku sferycznego<\/td>\n<\/tr>\n<tr>\n<td>1,5&#8211;1,7 g\/cc<\/td>\n<td>Poprawia si\u0119 przy wi\u0119kszej g\u0119sto\u015bci upakowania<\/td>\n<\/tr>\n<\/tbody>\n<\/table>\n<ul class=\"list-disc pl-8 space-y-2\">\n<li class=\"whitespace-normal\">Kszta\u0142t kulisty zapewnia wysok\u0105 g\u0119sto\u015b\u0107 pozorn\u0105<\/li>\n<li class=\"whitespace-normal\">Wy\u017csze zag\u0119szczenie zwi\u0119ksza przep\u0142yw proszku i zbrylanie w AM<\/li>\n<li class=\"whitespace-normal\">Zmniejsza uwi\u0119zion\u0105 porowato\u015b\u0107 gazow\u0105 w ko\u0144cowej cz\u0119\u015bci<\/li>\n<li class=\"whitespace-normal\">Maksymalizacja g\u0119sto\u015bci minimalizuje czas cyklu prasy<\/li>\n<\/ul>\n<p class=\"whitespace-pre-wrap\">Wy\u017csza g\u0119sto\u015b\u0107 obj\u0119to\u015bciowa oznacza lepsz\u0105 wydajno\u015b\u0107 produkcyjn\u0105 i w\u0142a\u015bciwo\u015bci cz\u0119\u015bci.<\/p>\n<h2>Metoda produkcji proszku AlMgScZr<\/h2>\n<p class=\"whitespace-pre-wrap\"><strong>Produkcja proszku AlMgScZr<\/strong><\/p>\n<table>\n<thead>\n<tr>\n<th>Metoda<\/th>\n<th>Szczeg\u00f3\u0142y<\/th>\n<\/tr>\n<\/thead>\n<tbody>\n<tr>\n<td>Atomizacja gazu<\/td>\n<td>Wysoki ci\u015bnienie bezw\u0142adnego gazu rozrywa strumie\u0144 stopu metalu na drobne krople.<\/td>\n<\/tr>\n<tr>\n<td>Topienie pr\u00f3\u017cniowe indukcyjne<\/td>\n<td>Wysokiej czysto\u015bci materia\u0142y wyj\u015bciowe stopione w pr\u00f3\u017cni.<\/td>\n<\/tr>\n<tr>\n<td>Wielokrotne przetapianie<\/td>\n<td>Poprawia chemiczn\u0105 jednorodno\u015b\u0107<\/td>\n<\/tr>\n<tr>\n<td>Sitaniem<\/td>\n<td>Klasyfikuje proszek na r\u00f3\u017cne frakcje o r\u00f3\u017cnej wielko\u015bci cz\u0105stek<\/td>\n<\/tr>\n<\/tbody>\n<\/table>\n<ul class=\"list-disc pl-8 space-y-2\">\n<li class=\"whitespace-normal\">Atomizacja gazowa z gazem inertywnym produkuje czysty, kulisty proszek.<\/li>\n<li class=\"whitespace-normal\">Pr\u00f3\u017cniowe przetwarzanie minimalizuje gazowe zanieczyszczenia<\/li>\n<li class=\"whitespace-normal\">Kilkakrotne przetapianie poprawia jednolito\u015b\u0107 sk\u0142adu<\/li>\n<li class=\"whitespace-normal\">Postprocesing zapewnia kontrol\u0119 rozk\u0142adu cz\u0105stek<\/li>\n<\/ul>\n<p class=\"whitespace-pre-wrap\">W pe\u0142ni zautomatyzowane metody po\u0142\u0105czone z rygorystyczn\u0105 kontrol\u0105 jako\u015bci skutkuj\u0105 sp\u00f3jnym proszkiem AlMgScZr nadaj\u0105cym si\u0119 do zastosowa\u0144 krytycznych.<\/p>\n<h2>Wycena proszku AlMgScZr<\/h2>\n<p class=\"whitespace-pre-wrap\"><strong>Wycena proszku AlMgScZr<\/strong><\/p>\n<table>\n<thead>\n<tr>\n<th>Czynnik<\/th>\n<th>Wp\u0142yw na cen\u0119<\/th>\n<\/tr>\n<\/thead>\n<tbody>\n<tr>\n<td>Gatunek czysto\u015bci<\/td>\n<td>Wzrost cen za wy\u017csz\u0105 czysto\u015b\u0107<\/td>\n<\/tr>\n<tr>\n<td>Wielko\u015b\u0107 cz\u0105stek<\/td>\n<td>Nastawanie proszku ultra fine jest dro\u017csze<\/td>\n<\/tr>\n<tr>\n<td>Ilo\u015b\u0107 zam\u00f3wienia<\/td>\n<td>Ceny spadaj\u0105 przy zam\u00f3wieniach hurtowych<\/td>\n<\/tr>\n<tr>\n<td>Metoda produkcji<\/td>\n<td>U\u017cycie wielokrotnych roztopie\u0144 zwi\u0119ksza koszty<\/td>\n<\/tr>\n<tr>\n<td>Opakowanie<\/td>\n<td>Butle wype\u0142nione argonem s\u0105 dro\u017csze<\/td>\n<\/tr>\n<\/tbody>\n<\/table>\n<p class=\"whitespace-pre-wrap\"><strong>Orientacyjna cena<\/strong><\/p>\n<ul class=\"list-disc pl-8 space-y-2\">\n<li class=\"whitespace-normal\">AlMgScZrproszek: 80-120 z\u0142 za kg<\/li>\n<li class=\"whitespace-normal\">Cennik hurtowy mo\u017ce by\u0107 o 40% ni\u017cszy<\/li>\n<\/ul>\n<p class=\"whitespace-pre-wrap\">Cena zale\u017cy od czysto\u015bci, rozmiaru cz\u0105stek, wielko\u015bci zam\u00f3wienia, sposobu produkcji i opakowania.<\/p>\n<h2>Dostawcy proszku AlMgScZr<\/h2>\n<p class=\"whitespace-pre-wrap\"><strong>Dostawcy proszku AlMgScZr<\/strong><\/p>\n<table>\n<thead>\n<tr>\n<th>Firma<\/th>\n<th>Lokalizacja<\/th>\n<\/tr>\n<\/thead>\n<tbody>\n<tr>\n<td>Rio Tinto<\/td>\n<td>Kanada<\/td>\n<\/tr>\n<tr>\n<td>TLS Technik<\/td>\n<td>Niemcy<\/td>\n<\/tr>\n<tr>\n<td>Sandvik Osprey<\/td>\n<td>Wielka Brytania<\/td>\n<\/tr>\n<tr>\n<td>Praxair<\/td>\n<td>USA<\/td>\n<\/tr>\n<tr>\n<td>Prosz\u0119 bardzo, \"AMC Powders\" mo\u017cna przet\u0142umaczy\u0107 na polski jako \"Proszki AMC\".<\/td>\n<td>Wielka Brytania<\/td>\n<\/tr>\n<tr>\n<td>R\u012bgas Tehnisk\u0101 universit\u0101te<\/td>\n<td>\u0141otwa<\/td>\n<\/tr>\n<\/tbody>\n<\/table>\n<p class=\"whitespace-pre-wrap\">Czynniki wyboru dostawc\u00f3w:<\/p>\n<ul class=\"list-disc pl-8 space-y-2\">\n<li class=\"whitespace-normal\">Dost\u0119pne gatunki proszku i rozmiary cz\u0105stek<\/li>\n<li class=\"whitespace-normal\">Pojemno\u015b\u0107 produkcyjna i terminy realizacji<\/li>\n<li class=\"whitespace-normal\">Kontrola jako\u015bci i sp\u00f3jno\u015b\u0107<\/li>\n<li class=\"whitespace-normal\">Zgodno\u015b\u0107 ze specyfikacjami, takimi jak ASTM B951<\/li>\n<li class=\"whitespace-normal\">Poziomy cenowe na podstawie wolumenu zam\u00f3wie\u0144<\/li>\n<li class=\"whitespace-normal\">Fachowa wiedza i obs\u0142uga klienta<\/li>\n<\/ul>\n<h2>Obs\u0142uga i przechowywanie proszku AlMgScZr<\/h2>\n<p class=\"whitespace-pre-wrap\"><strong>Przetwarzanie proszku AlMgScZr<\/strong><\/p>\n<table>\n<thead>\n<tr>\n<th>Rekomendacja<\/th>\n<th>Pow\u00f3d<\/th>\n<\/tr>\n<\/thead>\n<tbody>\n<tr>\n<td>Zapewni\u0107 odpowiedni\u0105 wentylacj\u0119<\/td>\n<td>Unikaj kontaktu z drobnymi cz\u0105stkami metalu<\/td>\n<\/tr>\n<tr>\n<td>Wykorzystaj odpowiedni sprz\u0119t ochrony indywidualnej<\/td>\n<td>Chro\u0144 przed przypadkowym wdychaniem lub po\u0142kni\u0119ciem<\/td>\n<\/tr>\n<tr>\n<td>Unikaj \u017ar\u00f3de\u0142 zap\u0142onu<\/td>\n<td>Proszek mo\u017ce ulega\u0107 spaleniu w atmosferze tlenowej<\/td>\n<\/tr>\n<tr>\n<td>Stosuj si\u0119 do bezpiecznych protoko\u0142\u00f3w<\/td>\n<td>Zmniejsz ryzyko wyst\u0105pienia zagro\u017ce\u0144 dla zdrowia i po\u017caru<\/td>\n<\/tr>\n<tr>\n<td>Przechowywa\u0107 w zamkni\u0119tych pojemnikach<\/td>\n<td>\u9632\u6b62\u6c61\u67d3\u6216\u6c27\u5316<\/td>\n<\/tr>\n<\/tbody>\n<\/table>\n<p class=\"whitespace-pre-wrap\">Proszek AlMgScZr jest do\u015b\u0107 stabilny, ale mimo to zaleca si\u0119 przestrzeganie og\u00f3lnych \u015brodk\u00f3w ostro\u017cno\u015bci, aby zapewni\u0107 bezpieczne obchodzenie si\u0119 z nim i zachowa\u0107 czysto\u015b\u0107.<\/p>\n<h2>Kontrola i badanie proszku AlMgScZr<\/h2>\n<p class=\"whitespace-pre-wrap\"><strong>Testowanie proszku AlMgScZr<\/strong><\/p>\n<table>\n<thead>\n<tr>\n<th>Test<\/th>\n<th>Szczeg\u00f3\u0142y<\/th>\n<\/tr>\n<\/thead>\n<tbody>\n<tr>\n<td>Analiza chemiczna<\/td>\n<td>Weryfikuje sk\u0142ad za pomoc\u0105 spektroskopii OES lub XRF<\/td>\n<\/tr>\n<tr>\n<td>Rozpi\u0119to\u015b\u0107 wielko\u015bci cz\u0105steczek<\/td>\n<td>Analiza dyfrakcji laserowej<\/td>\n<\/tr>\n<tr>\n<td>G\u0119sto\u015b\u0107 Nasypowa<\/td>\n<td>Badanie przep\u0142ywomierza halla wg normy ASTM B212<\/td>\n<\/tr>\n<tr>\n<td>Morfologia proszku<\/td>\n<td>obrazowanie SEM kszta\u0142tu cz\u0105steczki<\/td>\n<\/tr>\n<tr>\n<td>Analiza przep\u0142ywu<\/td>\n<td>Przep\u0142yw grawitacyjny przez okre\u015blon\u0105 dysz\u0119<\/td>\n<\/tr>\n<tr>\n<td>Pomiar wilgotno\u015bci<\/td>\n<td>Badanie utraty masy podczas suszenia<\/td>\n<\/tr>\n<\/tbody>\n<\/table>\n<p class=\"whitespace-pre-wrap\">Testowanie zapewnia, \u017ce proszek spe\u0142nia wymagan\u0105 czysto\u015b\u0107 chemiczn\u0105, w\u0142a\u015bciwo\u015bci cz\u0105stek, g\u0119sto\u015b\u0107 w stanie lu\u017anym, morfologi\u0119 oraz w\u0142a\u015bciwo\u015bci przep\u0142ywu zgodnie z obowi\u0105zuj\u0105cymi normami.<\/p>\n<h2>Zalety i wady proszku AlMgScZr<\/h2>\n<p class=\"whitespace-pre-wrap\"><strong>Zalety proszku AlMgScZr<\/strong><\/p>\n<ul class=\"list-disc pl-8 space-y-2\">\n<li class=\"whitespace-normal\">Bardzo du\u017ca wytrzyma\u0142o\u015b\u0107 jak na stop aluminium<\/li>\n<li class=\"whitespace-normal\">Zachowuje wytrzyma\u0142o\u015b\u0107 do 250\u00ba C<\/li>\n<li class=\"whitespace-normal\">Doskona\u0142a odporno\u015b\u0107 na korozj\u0119<\/li>\n<li class=\"whitespace-normal\">Wysoka odporno\u015b\u0107 na p\u0119kanie i wytrzyma\u0142o\u015b\u0107 zm\u0119czeniowa<\/li>\n<li class=\"whitespace-normal\">Dobra spawalna zdolno\u015b\u0107 przy u\u017cyciu konwencjonalnych technik<\/li>\n<li class=\"whitespace-normal\">Niska g\u0119sto\u015b\u0107 zapewnia oszcz\u0119dno\u015bci na wadze<\/li>\n<\/ul>\n<p class=\"whitespace-pre-wrap\"><strong>Ograniczenia proszku AlMgScZr<\/strong><\/p>\n<ul class=\"list-disc pl-8 space-y-2\">\n<li class=\"whitespace-normal\">Relatywnie drogie w por\u00f3wnaniu z innymi gatunkami aluminium<\/li>\n<li class=\"whitespace-normal\">Wymaga kontrolowanej obr\u00f3bki cieplnej w celu uzyskania optymalnych w\u0142a\u015bciwo\u015bci<\/li>\n<li class=\"whitespace-normal\">Ograniczona odporno\u015b\u0107 na pe\u0142zanie w wysokiej temperaturze<\/li>\n<li class=\"whitespace-normal\">Ograniczona podatno\u015b\u0107 na formowanie na gor\u0105co w stanie szczytowego starzenia<\/li>\n<li class=\"whitespace-normal\">Cz\u0119\u015b\u0107 podatna na korozj\u0119 galwaniczn\u0105, je\u015bli nie zastosowano odpowiedniej ochrony<\/li>\n<\/ul>\n<h2>Por\u00f3wnanie z proszkiem stopu aluminium 6061<\/h2>\n<p class=\"whitespace-pre-wrap\"><strong>AlMgScZr vs sproszkowanym stopem aluminium 6061<\/strong><\/p>\n<table>\n<thead>\n<tr>\n<th>Parametr<\/th>\n<th>AlMgScZr<\/th>\n<th>6061 Al<\/th>\n<\/tr>\n<\/thead>\n<tbody>\n<tr>\n<td>G\u0119sto\u015b\u0107<\/td>\n<td>2,7 g\/cc<\/td>\n<td>2,7 g\/cc<\/td>\n<\/tr>\n<tr>\n<td>Odporno\u015b\u0107 na rozci\u0105ganie<\/td>\n<td>480-570 MPa<\/td>\n<td>250-310 MPa<\/td>\n<\/tr>\n<tr>\n<td>Wytrzyma\u0142o\u015b\u0107 graniczna<\/td>\n<td>400-500 MPa<\/td>\n<td>55-275 MPa<\/td>\n<\/tr>\n<tr>\n<td>Zdatno\u015b\u0107 spawalnicza<\/td>\n<td>Wy\u015bmienicie<\/td>\n<td>Dobrze<\/td>\n<\/tr>\n<tr>\n<td>Odporno\u015b\u0107 przeciwkorozyjna<\/td>\n<td>Wy\u015bmienicie<\/td>\n<td>Dobrze<\/td>\n<\/tr>\n<tr>\n<td>Koszt<\/td>\n<td>Wysoki<\/td>\n<td>Niski<\/td>\n<\/tr>\n<tr>\n<td>Zastosowania<\/td>\n<td>Lotnictwo, motoryzacja<\/td>\n<td>Og\u00f3lne zastosowania<\/td>\n<\/tr>\n<\/tbody>\n<\/table>\n<ul class=\"list-disc pl-8 space-y-2\">\n<li class=\"whitespace-normal\">AlMgScZr zapewnia znacznie wy\u017csz\u0105 wytrzyma\u0142o\u015b\u0107 i odporno\u015b\u0107 na korozj\u0119<\/li>\n<li class=\"whitespace-normal\">6061 Aluminium oferuje umiarkowan\u0105 wytrzyma\u0142o\u015b\u0107 przy niskich kosztach<\/li>\n<li class=\"whitespace-normal\">AlMgScZr preferowany dla krytycznych podzespo\u0142\u00f3w konstrukcyjnych<\/li>\n<li class=\"whitespace-normal\">6061 Al powszechnie stosowany do zastosowa\u0144 og\u00f3lnych<\/li>\n<\/ul>\n<h2>Cz\u0119sto zadawane pytania dotycz\u0105ce proszku AlMgScZr<\/h2>\n<p class=\"whitespace-pre-wrap\"><strong>Q: Jakie s\u0105 g\u0142\u00f3wne zastosowania proszku ze stopu AlMgScZr?<\/strong><\/p>\n<p class=\"whitespace-pre-wrap\">A: G\u0142\u00f3wne zastosowania to komponenty lotnicze, takie jak kad\u0142uby i skrzyd\u0142a, cz\u0119\u015bci samochodowe, takie jak podwozie i ko\u0142a, ramiona robot\u00f3w przemys\u0142owych i sprz\u0119t podnosz\u0105cy oraz wytwarzanie przyrostowe komponent\u00f3w zoptymalizowanych pod k\u0105tem wysokiej wydajno\u015bci topologii.<\/p>\n<p class=\"whitespace-pre-wrap\"><strong>P: Jak skand wzmacnia stop AlMgScZr?<\/strong><\/p>\n<p class=\"whitespace-pre-wrap\">A: Skandium pomaga w utwardzaniu wydzielinowym poprzez tworzenie nanoprekursory Al3Sc podczas starzenia. Utrudnia to ruch dyslokacji znacznie zwi\u0119kszaj\u0105c wytrzyma\u0142o\u015b\u0107.<\/p>\n<p class=\"whitespace-pre-wrap\"><strong>Jakie \u015brodki ostro\u017cno\u015bci nale\u017cy podj\u0105\u0107 podczas pracy z proszkiem AlMgScZr?<\/strong><\/p>\n<p class=\"whitespace-pre-wrap\">A: Zalecane \u015brodki ostro\u017cno\u015bci obejmuj\u0105 odpowiedni\u0105 wentylacj\u0119, unikanie \u017ar\u00f3de\u0142 zap\u0142onu, stosowanie odpowiedniego \u015aOI, przestrzeganie protoko\u0142\u00f3w bezpiecznego obchodzenia si\u0119 z materia\u0142ami, atmosfer\u0119 oboj\u0119tn\u0105 oraz przechowywanie zamkni\u0119tych pojemnik\u00f3w z dala od wilgoci lub zanieczyszcze\u0144.<\/p>\n<p class=\"whitespace-pre-wrap\"><strong>P: Jakie s\u0105 podobie\u0144stwa stopu AlMgScZr do proszku stopu AlZnMgCu?<\/strong><\/p>\n<p class=\"whitespace-pre-wrap\">A: AlMgScZr zapewnia wi\u0119ksz\u0105 wytrzyma\u0142o\u015b\u0107, spawalno\u015b\u0107 i odporno\u015b\u0107 na korozj\u0119 ni\u017c stopy Al z serii 7000, takie jak AlZnMgCu. Jest preferowane w przypadku krytycznych element\u00f3w konstrukcyjnych, podczas gdy AlZnMgCu jest bardziej ekonomiczne.<\/p>\n<p><\/span><\/span><\/p>","protected":false},"excerpt":{"rendered":"<p>Przegl\u0105d proszku AlMgScZr Proszek AlMgScZr to stop aluminium zawieraj\u0105cy magnez, skand i cyrkon jako g\u0142\u00f3wne pierwiastki stopowe. Charakteryzuje si\u0119 on doskona\u0142\u0105 wytrzyma\u0142o\u015bci\u0105, spawalno\u015bci\u0105 i odporno\u015bci\u0105 na korozj\u0119 przy jednoczesnym zachowaniu niskiej g\u0119sto\u015bci aluminium. Kluczowe w\u0142a\u015bciwo\u015bci i zalety proszku AlMgScZr obejmuj\u0105: Proszek AlMgScZr W\u0142a\u015bciwo\u015bci i charakterystyka W\u0142a\u015bciwo\u015bci Szczeg\u00f3\u0142y Sk\u0142ad Stop Al-Mg-Sc-Zr G\u0119sto\u015b\u0107...<\/p>","protected":false},"featured_media":1852,"parent":0,"template":"","meta":{"_acf_changed":false,"_kad_blocks_custom_css":"","_kad_blocks_head_custom_js":"","_kad_blocks_body_custom_js":"","_kad_blocks_footer_custom_js":"","_kad_post_transparent":"","_kad_post_title":"","_kad_post_layout":"","_kad_post_sidebar_id":"","_kad_post_content_style":"","_kad_post_vertical_padding":"","_kad_post_feature":"","_kad_post_feature_position":"","_kad_post_header":false,"_kad_post_footer":false,"_kad_post_classname":""},"product-category":[119,124],"class_list":["post-3927","product","type-product","status-publish","has-post-thumbnail","hentry","product-category-3d-printing-metal-powder","product-category-aluminum-based-alloy-powder"],"acf":[],"taxonomy_info":{"product-category":[{"value":119,"label":"3D Printing Metal Powder"},{"value":124,"label":"Aluminum Based Alloy Powder"}]},"featured_image_src_large":["https:\/\/3dpmetal.com\/wp-content\/uploads\/2024\/02\/AlMgScZr-Powder.jpg",600,600,false],"author_info":[],"comment_info":"","_links":{"self":[{"href":"https:\/\/3dpmetal.com\/pl\/wp-json\/wp\/v2\/product\/3927","targetHints":{"allow":["GET"]}}],"collection":[{"href":"https:\/\/3dpmetal.com\/pl\/wp-json\/wp\/v2\/product"}],"about":[{"href":"https:\/\/3dpmetal.com\/pl\/wp-json\/wp\/v2\/types\/product"}],"wp:featuredmedia":[{"embeddable":true,"href":"https:\/\/3dpmetal.com\/pl\/wp-json\/wp\/v2\/media\/1852"}],"wp:attachment":[{"href":"https:\/\/3dpmetal.com\/pl\/wp-json\/wp\/v2\/media?parent=3927"}],"wp:term":[{"taxonomy":"product-category","embeddable":true,"href":"https:\/\/3dpmetal.com\/pl\/wp-json\/wp\/v2\/product-category?post=3927"}],"curies":[{"name":"wp","href":"https:\/\/api.w.org\/{rel}","templated":true}]}}