{"id":3931,"date":"2024-03-18T06:10:14","date_gmt":"2024-03-18T06:10:14","guid":{"rendered":"https:\/\/3dp.45612300.xyz\/product\/copper-alloy-series\/"},"modified":"2024-03-18T06:10:14","modified_gmt":"2024-03-18T06:10:14","slug":"copper-alloy-series","status":"publish","type":"product","link":"https:\/\/3dpmetal.com\/pl\/product\/copper-alloy-series\/","title":{"rendered":"Seria stop\u00f3w miedzi"},"content":{"rendered":"<p><span style=\"vertical-align: inherit;\"><span style=\"vertical-align: inherit;\"><\/p>\n<div>\n<table>\n<tbody>\n<tr>\n<td data-sheets-value=\"{&quot;1&quot;:2,&quot;2&quot;:&quot;Product&quot;}\">Produkt<\/td>\n<td data-sheets-value=\"{&quot;1&quot;:2,&quot;2&quot;:&quot;Specification&quot;}\">Specyfikacja<\/td>\n<td data-sheets-value=\"{&quot;1&quot;:2,&quot;2&quot;:&quot;Apparent Density&quot;}\">G\u0119sto\u015b\u0107 Nasypowa<\/td>\n<td data-sheets-value=\"{&quot;1&quot;:2,&quot;2&quot;:&quot;Flow Ability&quot;}\">P\u0142ynno\u015b\u0107<\/td>\n<td data-sheets-value=\"{&quot;1&quot;:2,&quot;2&quot;:&quot;Oxygen Content&quot;}\">Zawarto\u015b\u0107 tlenu<\/td>\n<td data-sheets-value=\"{&quot;1&quot;:2,&quot;2&quot;:&quot;Tensile Strength&quot;}\">Odporno\u015b\u0107 na rozci\u0105ganie<\/td>\n<td data-sheets-value=\"{&quot;1&quot;:2,&quot;2&quot;:&quot;Yield Strength&quot;}\">Wytrzyma\u0142o\u015b\u0107 graniczna<\/td>\n<td data-sheets-value=\"{&quot;1&quot;:2,&quot;2&quot;:&quot;Elongation&quot;}\">Wyd\u0142u\u017cenie<\/td>\n<\/tr>\n<tr>\n<td data-sheets-value=\"{&quot;1&quot;:2,&quot;2&quot;:&quot;CuCrZr&quot;}\">CuCrZr<\/td>\n<td colspan=\"1\" rowspan=\"3\" data-sheets-value=\"{&quot;1&quot;:2,&quot;2&quot;:&quot;15-53\u00c3\u00d7mn45-105\u00c3\u00d7mn75-150\u00c3\u00d7m&quot;}\">\n<div>15-53\u00c3\u00d7m<br \/>\n45-105\u00c3\u2014m<br \/>\n75\u2013150 cm<\/div>\n<\/td>\n<td data-sheets-value=\"{&quot;1&quot;:2,&quot;2&quot;:&quot;\u00a1\u00d44.10g\/cm3&quot;}\">\u00a1\u00d44,10 g\/cm3<\/td>\n<td data-sheets-value=\"{&quot;1&quot;:2,&quot;2&quot;:&quot;\u00a8P30s\/50g&quot;}\">\u00a8P30s\/50g<\/td>\n<td data-sheets-value=\"{&quot;1&quot;:2,&quot;2&quot;:&quot;\u00a8P600ppm&quot;}\">\u00a8P600ppm<\/td>\n<td data-sheets-value=\"{&quot;1&quot;:2,&quot;2&quot;:&quot;350\u00a9I35Mpa &quot;}\">350\u00a9I35Mpa<\/td>\n<td data-sheets-value=\"{&quot;1&quot;:2,&quot;2&quot;:&quot;175\u00a9I10Mpa &quot;}\">175\u00a9I10Mpa<\/td>\n<td data-sheets-value=\"{&quot;1&quot;:2,&quot;2&quot;:&quot;8\u00a9I2%&quot;}\">8\u00a9I2%<\/td>\n<\/tr>\n<tr>\n<td data-sheets-value=\"{&quot;1&quot;:2,&quot;2&quot;:&quot;CuZn40&quot;}\">CuZn40<\/td>\n<td data-sheets-value=\"{&quot;1&quot;:2,&quot;2&quot;:&quot;\u00a1\u00d44.25g\/cm3&quot;}\">\u00d44.25g\/cm3<\/td>\n<td data-sheets-value=\"{&quot;1&quot;:2,&quot;2&quot;:&quot;\u00a8P30s\/50g&quot;}\">\u00a8P30s\/50g<\/td>\n<td data-sheets-value=\"{&quot;1&quot;:2,&quot;2&quot;:&quot;\u00a8P600ppm&quot;}\">\u00a8P600ppm<\/td>\n<td data-sheets-value=\"{&quot;1&quot;:2,&quot;2&quot;:&quot;\\&quot;}\"><\/td>\n<td data-sheets-value=\"{&quot;1&quot;:2,&quot;2&quot;:&quot;\\&quot;}\"><\/td>\n<td data-sheets-value=\"{&quot;1&quot;:2,&quot;2&quot;:&quot;\\&quot;}\"><\/td>\n<\/tr>\n<tr>\n<td data-sheets-value=\"{&quot;1&quot;:2,&quot;2&quot;:&quot;CuSn10&quot;}\">CuSn10<\/td>\n<td data-sheets-value=\"{&quot;1&quot;:2,&quot;2&quot;:&quot;\u00a1\u00d44.10g\/cm3&quot;}\">\u00a1\u00d44,10 g\/cm3<\/td>\n<td data-sheets-value=\"{&quot;1&quot;:2,&quot;2&quot;:&quot;\u00a8P30s\/50g&quot;}\">\u00a8P30s\/50g<\/td>\n<td data-sheets-value=\"{&quot;1&quot;:2,&quot;2&quot;:&quot;\u00a8P600ppm&quot;}\">\u00a8P600ppm<\/td>\n<td data-sheets-value=\"{&quot;1&quot;:2,&quot;2&quot;:&quot;\\&quot;}\"><\/td>\n<td data-sheets-value=\"{&quot;1&quot;:2,&quot;2&quot;:&quot;\\&quot;}\"><\/td>\n<td data-sheets-value=\"{&quot;1&quot;:2,&quot;2&quot;:&quot;\\&quot;}\"><\/td>\n<\/tr>\n<\/tbody>\n<\/table>\n<\/div>\n<p><img loading=\"lazy\" decoding=\"async\" class=\"size-medium wp-image-1409 aligncenter\" src=\"https:\/\/met3dp.com\/wp-content\/uploads\/2023\/09\/ed7a94ec-3c10-4b1b-87ed--300x300.jpg\" alt=\"Seria stop\u00f3w miedzi\" width=\"300\" height=\"300\" title=\"\"><\/p>\n<p><strong>Proces<\/strong>: Metoda pr\u00f3\u017cniowego rozpylania powietrza<\/p>\n<p><strong>Zalety<\/strong>: Produkty drukowane maj\u0105 dobrej jako\u015bci przewodno\u015b\u0107 termiczn\u0105 i elektryczn\u0105, a po\u0142\u0105czone z projektem, mog\u0105 by\u0107 produkowane cz\u0119\u015bci produktu o z\u0142o\u017conych strukturach wewn\u0119trznych i kana\u0142ach ch\u0142odz\u0105cych.<\/p>\n<p><strong>APLIKACJE<\/strong>: Komora ci\u0105gu silnika lotniczego i inne komponenty, produkty odlewnicze z druku 3D o lepszym efekcie ch\u0142odzenia itd.<\/p>\n<p><strong>Opakowanie<\/strong>: zwyk\u0142e opakowania takie jak torebki z foli aluminiowej\/butelki z tworzywa sztucznego\/beczki z \u017celaza, opakowania pr\u00f3\u017cniowe lub opakowania wype\u0142nione gazem oboj\u0119tnym, itp.<\/span><\/span><\/p>","protected":false},"excerpt":{"rendered":"<p>Specyfikacja produktu G\u0119sto\u015b\u0107 pozorna Zdolno\u015b\u0107 p\u0142yni\u0119cia Zawarto\u015b\u0107 tlenu Wytrzyma\u0142o\u015b\u0107 na rozci\u0105ganie Granica plastyczno\u015bci Wyd\u0142u\u017cenie CuCrZr 15-53\u00d7m 45-105\u00d7m 75-150\u00d7m \u00a1\u00d44.10g\/cm3 \u00a8P30s\/50g \u00a8P600ppm 350\u00a9I35Mpa 175\u00a9I10Mpa 8\u00a9I2% CuZn40 \u00a1\u00d44.25g\/cm3 \u00a8P30s\/50g \u00a8P600ppm CuSn10 \u00a1\u00d44.10g\/cm3 \u00a8P30s\/50g \u00a8P600ppm Proces: Metoda atomizacji pr\u00f3\u017cniowej Zalety: Produkty drukowane maj\u0105 dobr\u0105 przewodno\u015b\u0107 ciepln\u0105 i elektryczn\u0105, a w po\u0142\u0105czeniu z projektem, cz\u0119\u015bci produktu o z\u0142o\u017conej wewn\u0119trznej...<\/p>","protected":false},"featured_media":1860,"parent":0,"template":"","meta":{"_acf_changed":false,"_kad_blocks_custom_css":"","_kad_blocks_head_custom_js":"","_kad_blocks_body_custom_js":"","_kad_blocks_footer_custom_js":"","_kad_post_transparent":"","_kad_post_title":"","_kad_post_layout":"","_kad_post_sidebar_id":"","_kad_post_content_style":"","_kad_post_vertical_padding":"","_kad_post_feature":"","_kad_post_feature_position":"","_kad_post_header":false,"_kad_post_footer":false,"_kad_post_classname":""},"product-category":[119,129],"class_list":["post-3931","product","type-product","status-publish","has-post-thumbnail","hentry","product-category-3d-printing-metal-powder","product-category-copper-alloy-powder"],"acf":[],"taxonomy_info":{"product-category":[{"value":119,"label":"3D Printing Metal Powder"},{"value":129,"label":"Copper Alloy Powder"}]},"featured_image_src_large":["https:\/\/3dpmetal.com\/wp-content\/uploads\/2024\/02\/Copper-alloy-series.jpg",600,600,false],"author_info":[],"comment_info":"","_links":{"self":[{"href":"https:\/\/3dpmetal.com\/pl\/wp-json\/wp\/v2\/product\/3931","targetHints":{"allow":["GET"]}}],"collection":[{"href":"https:\/\/3dpmetal.com\/pl\/wp-json\/wp\/v2\/product"}],"about":[{"href":"https:\/\/3dpmetal.com\/pl\/wp-json\/wp\/v2\/types\/product"}],"wp:featuredmedia":[{"embeddable":true,"href":"https:\/\/3dpmetal.com\/pl\/wp-json\/wp\/v2\/media\/1860"}],"wp:attachment":[{"href":"https:\/\/3dpmetal.com\/pl\/wp-json\/wp\/v2\/media?parent=3931"}],"wp:term":[{"taxonomy":"product-category","embeddable":true,"href":"https:\/\/3dpmetal.com\/pl\/wp-json\/wp\/v2\/product-category?post=3931"}],"curies":[{"name":"wp","href":"https:\/\/api.w.org\/{rel}","templated":true}]}}