{"id":3933,"date":"2024-03-18T06:10:15","date_gmt":"2024-03-18T06:10:15","guid":{"rendered":"https:\/\/3dp.45612300.xyz\/product\/cuzn40-powder\/"},"modified":"2024-03-18T06:10:15","modified_gmt":"2024-03-18T06:10:15","slug":"cuzn40-powder","status":"publish","type":"product","link":"https:\/\/3dpmetal.com\/pl\/product\/cuzn40-powder\/","title":{"rendered":"Proszek CuZn40"},"content":{"rendered":"<p><span style=\"vertical-align: inherit;\"><span style=\"vertical-align: inherit;\"><\/p>\n<p class=\"whitespace-pre-wrap\">CuZn40, znany r\u00f3wnie\u017c jako proszek mosi\u0119\u017cny, to stop miedzi i cynku sk\u0142adaj\u0105cy si\u0119 z 40% cynku i reszty miedzi. \u0141\u0105czy w sobie doskona\u0142\u0105 wytrzyma\u0142o\u015b\u0107, ci\u0105gliwo\u015b\u0107, odporno\u015b\u0107 na korozj\u0119, obrabialno\u015b\u0107 i ekonomiczn\u0105 cen\u0119, co czyni go jednym z najcz\u0119\u015bciej stosowanych proszk\u00f3w stopowych.<\/p>\n<h2>Sk\u0142ad proszku CuZn40<\/h2>\n<p class=\"whitespace-pre-wrap\">Sk\u0142ad proszku mosi\u0105dzu CuZn40 jest nast\u0119puj\u0105cy:<\/p>\n<table>\n<thead>\n<tr>\n<th>Element<\/th>\n<th>Kompozycja<\/th>\n<\/tr>\n<\/thead>\n<tbody>\n<tr>\n<td>Mied\u017a (Cu)<\/td>\n<td>R\u00f3wnowaga<\/td>\n<\/tr>\n<tr>\n<td>Cynk (Zn)<\/td>\n<td>39-41%<\/td>\n<\/tr>\n<\/tbody>\n<\/table>\n<ul class=\"list-disc pl-8 space-y-2\">\n<li class=\"whitespace-normal\">Mied\u017a tworzy matryc\u0119 podstawow\u0105 nadaj\u0105c\u0105 ci\u0105gliwo\u015b\u0107 i odporno\u015b\u0107 na korozj\u0119.<\/li>\n<li class=\"whitespace-normal\">Cynk zapewnia wzmocnienie roztworu sta\u0142ego i poprawia zdolno\u015b\u0107 obr\u00f3bki skrawaniem.<\/li>\n<\/ul>\n<p class=\"whitespace-pre-wrap\">Ten sk\u0142ad okre\u015blany jest jako \u201eMosi\u0105dz do obr\u00f3bki skrawaniem\u201d lub \u201eMosi\u0105dz o wysokiej podatno\u015bci na skrawanie\u201d dzi\u0119ki ulepszeniom wynikaj\u0105cym z 40% zawarto\u015bci cynku.<\/p>\n<p class=\"whitespace-pre-wrap\">Niekt\u00f3re typy mog\u0105 zawiera\u0107 ma\u0142e dodatki o\u0142owiu (do 0,5%) w celu dalszego zwi\u0119kszenia \u0142atwo\u015bci obr\u00f3bki mechanicznej. Bezo\u0142owiowy proszek CuZn40 jest preferowany ze wzgl\u0119du na kontakt z \u017cywno\u015bci\u0105 i bezpiecze\u0144stwo \u015brodowiskowe.<\/p>\n<h2>W\u0142a\u015bciwo\u015bci proszku CuZn40<\/h2>\n<p class=\"whitespace-pre-wrap\">Proszek CuZn40 posiada wszechstronne w\u0142a\u015bciwo\u015bci, dzi\u0119ki kt\u00f3rym jest odpowiedni do szerokiego zakresu zastosowa\u0144 w r\u00f3\u017cnych ga\u0142\u0119ziach przemys\u0142u:<\/p>\n<table>\n<thead>\n<tr>\n<th>Nieruchomo\u015b\u0107<\/th>\n<th>Warto\u015b\u0107<\/th>\n<\/tr>\n<\/thead>\n<tbody>\n<tr>\n<td>G\u0119sto\u015b\u0107<\/td>\n<td>8,4-8,8 g\/cm3<\/td>\n<\/tr>\n<tr>\n<td>Temperatura topnienia<\/td>\n<td>900-920\u00a1\u00abC<\/td>\n<\/tr>\n<tr>\n<td>Przewodnictwo elektryczne<\/td>\n<td>26% IACS<\/td>\n<\/tr>\n<tr>\n<td>Przewodno\u015b\u0107 cieplna<\/td>\n<td>120 W\/m-K<\/td>\n<\/tr>\n<tr>\n<td>Wsp\u00f3\u0142czynnik rozszerzalno\u015bci cieplnej<\/td>\n<td>20 x 10&lt;sup&gt;-6&lt;\/sup&gt;?\/\u00a1\u00abC<\/td>\n<\/tr>\n<tr>\n<td>Modu\u0142 spr\u0119\u017cysto\u015bci<\/td>\n<td>97-110 GPa<\/td>\n<\/tr>\n<tr>\n<td>Odporno\u015b\u0107 na rozci\u0105ganie<\/td>\n<td>330\u2013550 MPa<\/td>\n<\/tr>\n<tr>\n<td>Wyd\u0142u\u017cenie<\/td>\n<td>15-40%<\/td>\n<\/tr>\n<tr>\n<td>Twardo\u015b\u0107<\/td>\n<td>80-90 Brinell\u2019a<\/td>\n<\/tr>\n<tr>\n<td>Stabilno\u015b\u0107 cieplna<\/td>\n<td>Dobra, do 400\u00a1\u00abC<\/td>\n<\/tr>\n<\/tbody>\n<\/table>\n<ul class=\"list-disc pl-8 space-y-2\">\n<li class=\"whitespace-normal\"><strong>Doskona\u0142a formowalno\u015b\u0107 i podatno\u015b\u0107 na odkszta\u0142canie<\/strong>?- Du\u017ce wyd\u0142u\u017cenie pozwala na znaczn\u0105 obr\u00f3bk\u0119 plastyczn\u0105 na zimno i formowanie.<\/li>\n<li class=\"whitespace-normal\"><strong>Dobra obrabialno\u015b\u0107 i wyko\u0144czenie<\/strong>?- Redukcja si\u0142 obr\u00f3bczych w por\u00f3wnaniu do stop\u00f3w miedzi z mniejsz\u0105 zawarto\u015bci\u0105 cynku lub bez cynku.<\/li>\n<li class=\"whitespace-normal\"><strong>bardzo wysoka wytrzyma\u0142o\u015b\u0107<\/strong>?- Do podw\u00f3jnej wytrzyma\u0142o\u015bci miedzi w wyniku dodatku cynku w roztworze sta\u0142ym.<\/li>\n<li class=\"whitespace-normal\"><strong>Odporny na korozje<\/strong>?- tworzy warstw\u0119 ochronn\u0105 tlenkow\u0105 w atmosferze. Lepszy ni\u017c proste stale w\u0119glowe.<\/li>\n<li class=\"whitespace-normal\"><strong>Bezamagnesowy<\/strong>?- Nadaje si\u0119 do zastosowa\u0144, w kt\u00f3rych wymagane s\u0105 minimalne w\u0142a\u015bciwo\u015bci magnetyczne.<\/li>\n<li class=\"whitespace-normal\"><strong>Dobra stabilno\u015b\u0107 termiczna<\/strong>?- Stabilne wymiary podczas cykli termicznych do 400\u00a1\u00abC.<\/li>\n<\/ul>\n<p class=\"whitespace-pre-wrap\">Ta kombinacja wytrzyma\u0142o\u015bci, elastyczno\u015bci, w\u0142a\u015bciwo\u015bci cieplnych i elektrycznych sprawia, \u017ce CuZn40 nadaje si\u0119 do szerokiego zastosowania w instalacjach elektrycznych, motoryzacyjnych, morskich i przemys\u0142owych.<\/p>\n<p><img loading=\"lazy\" decoding=\"async\" class=\"size-medium wp-image-1409 aligncenter\" src=\"https:\/\/met3dp.com\/wp-content\/uploads\/2023\/09\/ed7a94ec-3c10-4b1b-87ed--300x300.jpg\" alt=\"CuZn40\" width=\"300\" height=\"300\" title=\"\"><\/p>\n<h2>Zastosowanie proszku CuZn40<\/h2>\n<p class=\"whitespace-pre-wrap\">Uniwersalne w\u0142a\u015bciwo\u015bci proszku CuZn40 czyni\u0105 go odpowiednim do nast\u0119puj\u0105cych zastosowa\u0144:<\/p>\n<table>\n<thead>\n<tr>\n<th>Aplikacja<\/th>\n<th>Korzy\u015bci<\/th>\n<\/tr>\n<\/thead>\n<tbody>\n<tr>\n<td>\u0141\u0105czniki elektryczne<\/td>\n<td>Wysoka wytrzyma\u0142o\u015b\u0107, dobra przewodno\u015b\u0107, odporno\u015b\u0107 na korozj\u0119<\/td>\n<\/tr>\n<tr>\n<td>\u0141\u0105czniki, ko\u0142a z\u0119bate<\/td>\n<td>Dobrze obrabialny, odporny na \u015bcieranie<\/td>\n<\/tr>\n<tr>\n<td>\u0141o\u017cyska, tuleje<\/td>\n<td>Zabarany do wa\u0142\u00f3w obrotowych, dobre smarowanie<\/td>\n<\/tr>\n<tr>\n<td>Pr\u0119ty do spawania<\/td>\n<td>Kompatybilno\u015b\u0107 ze stal\u0105, dobra lutowno\u015b\u0107<\/td>\n<\/tr>\n<tr>\n<td>Elementy dekoracyjne<\/td>\n<td>Atrakcyjny z\u0142oty kolor, dobre wyko\u0144czenie<\/td>\n<\/tr>\n<tr>\n<td>Zarz\u0105dzanie temperatur\u0105<\/td>\n<td>Wy\u017csze przewodnictwo cieplne ni\u017c w przypadku stali<\/td>\n<\/tr>\n<\/tbody>\n<\/table>\n<ul class=\"list-disc pl-8 space-y-2\">\n<li class=\"whitespace-normal\"><strong>Z\u0142\u0105cza elektryczne i styki<\/strong>?- Szeroko u\u017cywany w szpilkach, z\u0142\u0105czach ze wzgl\u0119du na wytrzyma\u0142o\u015b\u0107, przewodno\u015b\u0107 i cen\u0119 ni\u017csz\u0105 ni\u017c alternatywy.<\/li>\n<li class=\"whitespace-normal\"><strong>Elementy obrabiane<\/strong>?- Nadaje si\u0119 do nakr\u0119tek, \u015brub, k\u00f3\u0142 z\u0119batych, zawor\u00f3w itp. dzi\u0119ki doskona\u0142ej skrawalno\u015bci.<\/li>\n<li class=\"whitespace-normal\"><strong>\u0141o\u017cyska i tuleje<\/strong>?- Zgodne z wa\u0142ami stalowymi przy jednoczesnym zapewnieniu dobrej odporno\u015bci na zu\u017cycie i smarowno\u015bci.<\/li>\n<li class=\"whitespace-normal\"><strong>Materia\u0142y eksploatacyjne do spawania<\/strong>?- Popularne w pr\u0119tach lutowniczych Cu-Zn oraz lutospawach do \u0142\u0105czenia element\u00f3w stalowych.<\/li>\n<li class=\"whitespace-normal\"><strong>Akcesoria dekoracyjne<\/strong>?- Zapewnia z\u0142oty, estetyczny efekt wyko\u0144czeniowy dla cz\u0119\u015bci dekoracyjnych i bi\u017cuterii.<\/li>\n<li class=\"whitespace-normal\"><strong>Cz\u0119\u015bci cieplne<\/strong>?-U\u017cywany w wymiennikach ciep\u0142a i cz\u0119\u015bciach systemu zarz\u0105dzania energi\u0105 ciepln\u0105 wykorzystuj\u0105cych jego wy\u017csz\u0105 przewodno\u015b\u0107 ciepln\u0105.<\/li>\n<\/ul>\n<p class=\"whitespace-pre-wrap\">Proszek CuZn40 jest powszechnie akceptowany we wszystkich sektorach przemys\u0142u dzi\u0119ki swoim wszechstronnym w\u0142a\u015bciwo\u015bciom, wydajno\u015bci i ekonomicznej cenie.<\/p>\n<h2>Specyfikacja proszku CuZn40<\/h2>\n<p class=\"whitespace-pre-wrap\">Proszek CuZn40 jest dost\u0119pny w r\u00f3\u017cnych rozmiarach, kszta\u0142tach i poziomach czysto\u015bci:<\/p>\n<table>\n<thead>\n<tr>\n<th>Specyfikacja<\/th>\n<th>Opcje<\/th>\n<\/tr>\n<\/thead>\n<tbody>\n<tr>\n<td>Rozpi\u0119to\u015b\u0107 wielko\u015bci cz\u0105steczek<\/td>\n<td>10-150 mikron\u00f3w<\/td>\n<\/tr>\n<tr>\n<td>\u015arednia wielko\u015b\u0107 cz\u0105stek<\/td>\n<td>20, 45, 60, 100 mikron\u00f3w<\/td>\n<\/tr>\n<tr>\n<td>Kszta\u0142t proszku<\/td>\n<td>Nieregularny, okrag\u0142y<\/td>\n<\/tr>\n<tr>\n<td>G\u0119sto\u015b\u0107 Nasypowa<\/td>\n<td>Do 75% teoretycznej<\/td>\n<\/tr>\n<tr>\n<td>Szybko\u015b\u0107 przep\u0142ywu<\/td>\n<td>Do 25 s\/50 g<\/td>\n<\/tr>\n<tr>\n<td>Czysto\u015b\u0107<\/td>\n<td>Do 99,9%<\/td>\n<\/tr>\n<tr>\n<td>Odmiany stop\u00f3w<\/td>\n<td>CuZn10, CuZn30, CuZn37<\/td>\n<\/tr>\n<\/tbody>\n<\/table>\n<ul class=\"list-disc pl-8 space-y-2\">\n<li class=\"whitespace-normal\">Mniejsze rozmiary cz\u0105stek poni\u017cej 45 mikron\u00f3w pozwalaj\u0105 na wi\u0119ksze zag\u0119szczenie, ale zmniejszaj\u0105 zdolno\u015b\u0107 do przep\u0142ywu.<\/li>\n<li class=\"whitespace-normal\">Kulasty proszek daje lepszy przep\u0142yw i g\u0119sto\u015b\u0107 upakowania odpowiedni\u0105 do wytwarzania przyrostowego.<\/li>\n<li class=\"whitespace-normal\">Wy\u017csza g\u0119sto\u015b\u0107 nasypowa i wi\u0119ksza sypko\u015b\u0107 proszku poprawiaj\u0105 jego obr\u00f3bk\u0119 i zastosowanie.<\/li>\n<li class=\"whitespace-normal\">Warianty o wysokiej czysto\u015bci dost\u0119pne do bardziej wymagaj\u0105cych zastosowa\u0144.<\/li>\n<li class=\"whitespace-normal\">Zakres zawarto\u015bci cynku od 10 do 40% zapewnia r\u00f3\u017cn\u0105 wytrzyma\u0142o\u015b\u0107 i plastyczno\u015b\u0107.<\/li>\n<\/ul>\n<p class=\"whitespace-pre-wrap\">Proszek CuZn40 mo\u017ce by\u0107 dostosowywany pod wzgl\u0119dem rozmiaru cz\u0105steczek, kszta\u0142tu, g\u0119sto\u015bci, charakterystyki przep\u0142ywu i sk\u0142adu stopu na podstawie wymog\u00f3w aplikacji.<\/p>\n<h2>Metody konsolidacji proszku CuZn40<\/h2>\n<p class=\"whitespace-pre-wrap\">Proszek CuZn40 mo\u017cna przetworzy\u0107 w elementy o pe\u0142nej g\u0119sto\u015bci stosuj\u0105c takie techniki jak:<\/p>\n<table>\n<thead>\n<tr>\n<th>Metoda<\/th>\n<th>Szczeg\u00f3\u0142y<\/th>\n<\/tr>\n<\/thead>\n<tbody>\n<tr>\n<td>Zageszczanie + Spiek<\/td>\n<td>Starsza ekonomiczna metoda z ograniczeniami kszta\u0142tu.<\/td>\n<\/tr>\n<tr>\n<td>Formowanie wtryskiem metalu (MIM)<\/td>\n<td>Komponenty kszta\u0142townik\u00f3w netto o znakomitej precyzji i powierzchni wyko\u0144czenia.<\/td>\n<\/tr>\n<tr>\n<td>wytwarzanie przyrostowe<\/td>\n<td>Bezpo\u015bredni druk z\u0142o\u017conych, g\u0119stych cz\u0119\u015bci z modeli CAD.<\/td>\n<\/tr>\n<tr>\n<td>Ekstruzja na gor\u0105co<\/td>\n<td>Dla prostych, osiowosymetrycznych kszta\u0142t\u00f3w, takich jak pr\u0119ty i rury.<\/td>\n<\/tr>\n<tr>\n<td>Walcowanie ta\u015bmowe<\/td>\n<td>W przypadku blach i ta\u015bm wymagaj\u0105cych dobrej plastyczno\u015bci.<\/td>\n<\/tr>\n<\/tbody>\n<\/table>\n<ul class=\"list-disc pl-8 space-y-2\">\n<li class=\"whitespace-normal\">Prasowanie, a nast\u0119pnie spiekanie jest powszechnie u\u017cywane, ale wymaga wt\u00f3rnej obr\u00f3bki w celu pe\u0142nej densifikacji.<\/li>\n<li class=\"whitespace-normal\">MIM zapewnia najwy\u017csza precyzja i wykanczenie powierzchni, ale wymaga duzych objetosci aby uzasadnic koszty narzedziowe.<\/li>\n<li class=\"whitespace-normal\">Metody wytwarzania addytywnego, takie jak \u0142\u0105czenie spoiwem i modelowanie topliwym, zyskuj\u0105 na popularno\u015bci ze wzgl\u0119du na sw\u0105 wszechstronno\u015b\u0107 w projektowaniu.<\/li>\n<li class=\"whitespace-normal\">Ekstruzja i walcowanie dobrze nadaj\u0105 si\u0119 do prostych geometrii, takich jak pr\u0119ty, blachy itp. dzi\u0119ki wykorzystaniu ci\u0105gliwo\u015bci.<\/li>\n<\/ul>\n<p class=\"whitespace-pre-wrap\">Metoda konsolidacji kontroluje w\u0142a\u015bciwo\u015bci ko\u0144cowe, takie jak g\u0119sto\u015b\u0107, precyzja, wyko\u0144czenie powierzchni i mikrostruktura.<\/p>\n<h2>Obr\u00f3bka cieplna detali CuZn40<\/h2>\n<p class=\"whitespace-pre-wrap\">Obr\u00f3bka cieplna cz\u0119\u015bci CuZn40 pomaga dostosowa\u0107 zakres w\u0142a\u015bciwo\u015bci mechanicznych:<\/p>\n<table>\n<thead>\n<tr>\n<th>Obr\u00f3bka Cieplna<\/th>\n<th>Cel<\/th>\n<\/tr>\n<\/thead>\n<tbody>\n<tr>\n<td>Wy\u017carzanie roztworu<\/td>\n<td>Przywraca plastyczno\u015b\u0107 po obr\u00f3bce plastycznej na zimno<\/td>\n<\/tr>\n<tr>\n<td>Relaksuj\u0105ce<\/td>\n<td>Usuwa napr\u0119\u017cenia szcz\u0105tkowe<\/td>\n<\/tr>\n<tr>\n<td>Utwardzenie wydzieleniowe<\/td>\n<td>Wzmocnienie przez starzenie po roztworzeniu<\/td>\n<\/tr>\n<\/tbody>\n<\/table>\n<ul class=\"list-disc pl-8 space-y-2\">\n<li class=\"whitespace-normal\">Wy\u017carzanie w temperaturze 700-900\u00b0C, po kt\u00f3rym nast\u0119puje powolne ch\u0142odzenie, zmi\u0119kcza stop poprzez usuni\u0119cie efekt\u00f3w zgniotu na zimno, co umo\u017cliwia dalsze kszta\u0142towanie.<\/li>\n<li class=\"whitespace-normal\">Dojrzewanie w niskich temperaturach w zakresie 150-350\u00a1\u00abC spowodowany wytr\u0105caniem bogatej w mied\u017a fazy zwi\u0119ksza wytrzyma\u0142o\u015b\u0107 nawet do 50%, ale jednocze\u015bnie zmniejsza plastyczno\u015b\u0107.<\/li>\n<li class=\"whitespace-normal\">Odt\u0119\u017canie w zakresie ok. 300-500\u00a1\u00abC pomaga zredukowa\u0107 napr\u0119\u017cenia szcz\u0105tkowe z poprzedniego kszta\u0142towania.<\/li>\n<\/ul>\n<p class=\"whitespace-pre-wrap\">Obr\u00f3bka termiczna zwi\u0119ksza wszechstronno\u015b\u0107 stopu CuZn40, umo\u017cliwiaj\u0105c ulepszanie w\u0142a\u015bciwo\u015bci zgodnie z potrzebami aplikacji.<\/p>\n<h2>Por\u00f3wnanie CuZn40 z alternatywami<\/h2>\n<p class=\"whitespace-pre-wrap\">Oto zestawienie w\u0142a\u015bciwo\u015bci proszku CuZn40 w por\u00f3wnaniu do popularnych proszk\u00f3w ze stop\u00f3w miedzi:<\/p>\n<table>\n<thead>\n<tr>\n<th>Stop<\/th>\n<th>CuZn40<\/th>\n<th>CuSn6<\/th>\n<th>CuNi18Zn20<\/th>\n<th>Br\u0105z<\/th>\n<\/tr>\n<\/thead>\n<tbody>\n<tr>\n<td>Si\u0142a<\/td>\n<td>Wysoki<\/td>\n<td>\u015arednie<\/td>\n<td>Najwy\u017cszy<\/td>\n<td>\u015arednie<\/td>\n<\/tr>\n<tr>\n<td>Kowalno\u015b\u0107<\/td>\n<td>Wysoki<\/td>\n<td>\u015arednie<\/td>\n<td>Niski<\/td>\n<td>\u015arednie<\/td>\n<\/tr>\n<tr>\n<td>Odporno\u015b\u0107 przeciwkorozyjna<\/td>\n<td>Dobrze<\/td>\n<td>Wy\u015bmienicie<\/td>\n<td>Wy\u015bmienicie<\/td>\n<td>Wy\u015bmienicie<\/td>\n<\/tr>\n<tr>\n<td>Przewodno\u015b\u0107 cieplna<\/td>\n<td>120 W\/m-K<\/td>\n<td>50 W\/\u043c-K<\/td>\n<td>20 W\/m-K<\/td>\n<td>60 W\/m-K<\/td>\n<\/tr>\n<tr>\n<td>Koszt<\/td>\n<td>Niski<\/td>\n<td>Wysoki<\/td>\n<td>Wysoki<\/td>\n<td>\u015arednie<\/td>\n<\/tr>\n<\/tbody>\n<\/table>\n<ul class=\"list-disc pl-8 space-y-2\">\n<li class=\"whitespace-normal\">CuSn6 ma wy\u017csz\u0105 odporno\u015b\u0107 na korozj\u0119, ale mniejsz\u0105 wytrzyma\u0142o\u015b\u0107 i przewodnictwo cieplne. Jest te\u017c dro\u017cszy.<\/li>\n<li class=\"whitespace-normal\">CuNi18Zn20 ma najwy\u017csz\u0105 wytrzyma\u0142o\u015b\u0107, ale najni\u017csz\u0105 plastyczno\u015b\u0107 i przewodno\u015b\u0107 ciepln\u0105.<\/li>\n<li class=\"whitespace-normal\">Br\u0105zy takie jak CuSn10 charakteryzuj\u0105 si\u0119 doskona\u0142\u0105 odporno\u015bci\u0105 na korozj\u0119, ale tylko umiarkowan\u0105 wytrzyma\u0142o\u015bci\u0105.<\/li>\n<li class=\"whitespace-normal\">CuZn40 zapewnia najbardziej wywa\u017cone w\u0142a\u015bciwo\u015bci og\u00f3lne i ma najni\u017cszy koszt.<\/li>\n<\/ul>\n<p class=\"whitespace-pre-wrap\">Dzi\u0119ki wszechstronnym w\u0142a\u015bciwo\u015bciom, doskona\u0142ej formowalno\u015bci, obrabialno\u015bci mechanicznej oraz niskim kosztom CuZn40 jest najpopularniejszym stopowym proszkiem miedzianym o szerokim zastosowaniu w r\u00f3\u017cnych segmentach przemys\u0142u.<\/p>\n<h2>Dostawcy proszku CuZn40<\/h2>\n<p class=\"whitespace-pre-wrap\">Proszek CuZn40 jest produkowany w znacznych ilo\u015bciach na ca\u0142ym \u015bwiecie przez g\u0142\u00f3wnych producent\u00f3w proszk\u00f3w metali:<\/p>\n<table>\n<thead>\n<tr>\n<th>Producent<\/th>\n<th>Kraj<\/th>\n<\/tr>\n<\/thead>\n<tbody>\n<tr>\n<td>Hoganas<\/td>\n<td>Szwecja<\/td>\n<\/tr>\n<tr>\n<td>CNPC<\/td>\n<td>Chiny<\/td>\n<\/tr>\n<tr>\n<td>Miyou Group<\/td>\n<td>Chiny<\/td>\n<\/tr>\n<tr>\n<td>GKN Hoeganaes<\/td>\n<td>USA<\/td>\n<\/tr>\n<tr>\n<td>Jestem Nickel<\/td>\n<td>Tajwan<\/td>\n<\/tr>\n<tr>\n<td>SCM Metal Products<\/td>\n<td>Japonia<\/td>\n<\/tr>\n<\/tbody>\n<\/table>\n<p class=\"whitespace-pre-wrap\">Renomowani producenci stosuj\u0105 \u015bci\u015blejsz\u0105 kontrol\u0119 jako\u015bci i dostosowuj\u0105 si\u0119 do mi\u0119dzynarodowych norm dotycz\u0105cych sk\u0142adu, rozk\u0142adu wielko\u015bci cz\u0105stek, g\u0119sto\u015bci pozornej i poziomu zanieczyszcze\u0144.<\/p>\n<p class=\"whitespace-pre-wrap\">Mog\u0105 dostosowa\u0107 sk\u0142ady proszk\u00f3w CuZn40 oraz atrybuty takie jak kszta\u0142t cz\u0105stki, g\u0119sto\u015b\u0107, szybko\u015bci przep\u0142ywu itp. w oparciu o wymagania klient\u00f3w dotycz\u0105ce ich konkretnych zastosowa\u0144.<\/p>\n<h2>Cena proszku CuZn40<\/h2>\n<p class=\"whitespace-pre-wrap\">Jako powszechnie produkowany komercyjny proszek stopowy, CuZn40 jest do\u015b\u0107 ekonomiczny. Orientacyjna cena kszta\u0142tuje si\u0119 nast\u0119puj\u0105co:<\/p>\n<table>\n<thead>\n<tr>\n<th>Typ proszku<\/th>\n<th>Wielko\u015b\u0107 cz\u0105stek<\/th>\n<th>Cena ($\/kg)<\/th>\n<\/tr>\n<\/thead>\n<tbody>\n<tr>\n<td>Do naci\u015bni\u0119cia<\/td>\n<td>Mniej ni\u017c 150 mikron\u00f3w<\/td>\n<td>$5-15<\/td>\n<\/tr>\n<tr>\n<td>Do spiekania<\/td>\n<td>od 45 do 150 mikron\u00f3w<\/td>\n<td>$8-20<\/td>\n<\/tr>\n<tr>\n<td>Dla MIM<\/td>\n<td>10-20 mikron\u00f3w<\/td>\n<td>$12-25<\/td>\n<\/tr>\n<tr>\n<td>Dla rano<\/td>\n<td>15-45 mikron\u00f3w<\/td>\n<td>$15-30<\/td>\n<\/tr>\n<tr>\n<td>Wysoka czysto\u015b\u0107<\/td>\n<td>Do 5 mikron\u00f3w<\/td>\n<td>$25-40<\/td>\n<\/tr>\n<\/tbody>\n<\/table>\n<ul class=\"list-disc pl-8 space-y-2\">\n<li class=\"whitespace-normal\">Najbardziej ekonomicznym jest spiekany proszek o nieregularnym kszta\u0142cie.<\/li>\n<li class=\"whitespace-normal\">Kulisty proszek przeznaczony do wytwarzania metod\u0105 MIM i AM jest dro\u017cszy z powodu procesu rozpylania gazem.<\/li>\n<li class=\"whitespace-normal\">Mniejsze rozmiary cz\u0105stek i wysokie stopnie czysto\u015bci przek\u0142adaj\u0105 si\u0119 na wy\u017csze ceny.<\/li>\n<li class=\"whitespace-normal\">Du\u017ce zam\u00f3wienia hurtowe liczone w tonach mog\u0105 obni\u017cy\u0107 cen\u0119 za kilogram.<\/li>\n<\/ul>\n<p class=\"whitespace-pre-wrap\">Proszek CuZn40 charakteryzuje si\u0119 konkurencyjn\u0105 cen\u0105 dzi\u0119ki szerokiemu zastosowaniu komercyjnemu, co pozwala na ekonomiczn\u0105 produkcj\u0119 w du\u017cych ilo\u015bciach.<\/p>\n<h2>\u015arodki ostro\u017cno\u015bci dotycz\u0105ce zdrowia i bezpiecze\u0144stwa dotycz\u0105ce proszku CuZn40<\/h2>\n<p class=\"whitespace-pre-wrap\">Podobnie jak ka\u017cdy drobnoziarnisty proszek metalowy, proszek CuZn40 wymaga bezpiecznego obchodzenia si\u0119:<\/p>\n<table>\n<thead>\n<tr>\n<th>Niebezpiecze\u0144stwo<\/th>\n<th>\u015arodki ostro\u017cno\u015bci<\/th>\n<th>\u015aOI<\/th>\n<\/tr>\n<\/thead>\n<tbody>\n<tr>\n<td>Wdychanie<\/td>\n<td>Unikaj wdychania py\u0142u proszkowego. Zadbaj o wentylacj\u0119<\/td>\n<td>Maska respirator<\/td>\n<\/tr>\n<tr>\n<td>Kontakt ze sk\u00f3r\u0105<\/td>\n<td>Za\u0142\u00f3\u017c r\u0119kawiczki. Umyj si\u0119 po kontakcie.<\/td>\n<td>R\u0119kawiczki<\/td>\n<\/tr>\n<tr>\n<td>Kontakt wzrokowy<\/td>\n<td>Nale\u017cy nosi\u0107 okulary ochronne. W przypadku kontaktu, przemy\u0107 oczy.<\/td>\n<td>Okulary ochronne<\/td>\n<\/tr>\n<tr>\n<td>Spo\u017cycie<\/td>\n<td>Unikaj dotykania d\u0142oni ust. Umyj r\u0119ce.<\/td>\n<td>&#8211;<\/td>\n<\/tr>\n<tr>\n<td>Wybuch py\u0142owy<\/td>\n<td>Unikaj chmur py\u0142u. Sprz\u0119t naziemny.<\/td>\n<td>&#8211;<\/td>\n<\/tr>\n<\/tbody>\n<\/table>\n<ul class=\"list-disc pl-8 space-y-2\">\n<li class=\"whitespace-normal\">Stosuj \u015brodk\u00f3w ochrony osobistej &#8211; respiratora, r\u0119kawic, okular\u00f3w podczas pracy z proszkiem.<\/li>\n<li class=\"whitespace-normal\">Unika\u0107 kontaktu ze sk\u00f3r\u0105. Zmy\u0107 po nara\u017ceniu.<\/li>\n<li class=\"whitespace-normal\">Przechowywa\u0107 w zamkni\u0119tych pojemnikach z dala od iskier i p\u0142omieni.<\/li>\n<li class=\"whitespace-normal\">Zapewnij odpowiedni\u0105 wentylacj\u0119 i odpylanie.<\/li>\n<li class=\"whitespace-normal\">Aby uzyska\u0107 pe\u0142ne wytyczne dotycz\u0105ce bezpiecze\u0144stwa, zapoznaj si\u0119 z kart\u0105 charakterystyki i lokalnymi przepisami.<\/li>\n<\/ul>\n<p class=\"whitespace-pre-wrap\">Odpowiednie \u015brodki ostro\u017cno\u015bci i \u015brodki ochrony indywidualnej podczas przechowywania, obchodzenia si\u0119 i przetwarzania minimalizuj\u0105 ryzyko dla zdrowia i bezpiecze\u0144stwa.<\/p>\n<h2>Inspekcja i badanie CuZn40 Powder<\/h2>\n<p class=\"whitespace-pre-wrap\">W celu zapewnienia jako\u015bci proszek CuZn40 powinien zosta\u0107 poddany nast\u0119puj\u0105cym testom:<\/p>\n<table>\n<thead>\n<tr>\n<th>Parametr<\/th>\n<th>Metoda<\/th>\n<th>Specyfikacja<\/th>\n<\/tr>\n<\/thead>\n<tbody>\n<tr>\n<td>Sk\u0142ad chemiczny<\/td>\n<td>Analiza spalania lub XRF<\/td>\n<td>Zn 40% \u00a9I 1%, Pb &lt; 1000 ppm<\/td>\n<\/tr>\n<tr>\n<td>Rozpi\u0119to\u015b\u0107 wielko\u015bci cz\u0105steczek<\/td>\n<td>Odsiewanie, dyfrakcja laserowa<\/td>\n<td>D10, D50, D90 w zakresie<\/td>\n<\/tr>\n<tr>\n<td>G\u0119sto\u015b\u0107 Nasypowa<\/td>\n<td>Przep\u0142ywomierz halowy<\/td>\n<td>Okre\u015blony minimalny<\/td>\n<\/tr>\n<tr>\n<td>Szybko\u015b\u0107 przep\u0142ywu<\/td>\n<td>Przep\u0142ywomierz halowy<\/td>\n<td>Maksymalnie okre\u015blono<\/td>\n<\/tr>\n<tr>\n<td>Zanieczyszczenia<\/td>\n<td>Analiza ICP lub LECO<\/td>\n<td>Niski poziom tlenu i azotu<\/td>\n<\/tr>\n<\/tbody>\n<\/table>\n<p class=\"whitespace-pre-wrap\">Rutynowe testy wed\u0142ug norm ASTM zapewniaj\u0105 sp\u00f3jno\u015b\u0107 produkcji i wysok\u0105 jako\u015b\u0107 proszku nadaj\u0105cego si\u0119 do zastosowa\u0144 ko\u0144cowych.<\/p>\n<p class=\"whitespace-pre-wrap\">Kupuj\u0105cy powinni domaga\u0107 si\u0119 \u015bwiadectw jako\u015bci od renomowanych producent\u00f3w. Okresowe testy wewn\u0119trzne s\u0105 r\u00f3wnie\u017c zalecane.<\/p>\n<h2>Cz\u0119sto zadawane pytania (FAQ)<\/h2>\n<p class=\"whitespace-pre-wrap\"><strong>P. Do czego u\u017cywa si\u0119 CuZn40?<\/strong><\/p>\n<p class=\"whitespace-pre-wrap\">A. CuZn40 jest szeroko stosowany w z\u0142\u0105czach elektrycznych, elementach hydraulicznych, sprz\u0119tach, elementach dekoracyjnych itp. ze wzgl\u0119du na wytrzyma\u0142o\u015b\u0107, ci\u0105gliwo\u015b\u0107, odporno\u015b\u0107 na korozj\u0119 i \u0142atwo\u015b\u0107 obr\u00f3bki mechanicznej.<\/p>\n<p class=\"whitespace-pre-wrap\"><strong>Q. Jaka jest r\u00f3\u017cnica mi\u0119dzy zwyk\u0142ym a zawieraj\u0105cym o\u0142\u00f3w stopem mosi\u0105dzu?<\/strong><\/p>\n<p class=\"whitespace-pre-wrap\">A. Mosi\u0105dz o\u0142owiany zawiera niewielk\u0105 ilo\u015b\u0107 o\u0142owiu do 3%, aby poprawi\u0107 skrawalno\u015b\u0107, podczas gdy zwyk\u0142y mosi\u0105dz jest bezo\u0142owiowy. Bezo\u0142owiowy jest preferowany ze wzgl\u0119d\u00f3w bezpiecze\u0144stwa \u017cywno\u015bci i \u015brodowiska.<\/p>\n<p class=\"whitespace-pre-wrap\"><strong>Czy CuZn40 wymaga obr\u00f3bki cieplnej?<\/strong><\/p>\n<p class=\"whitespace-pre-wrap\">Opcjonalnie mo\u017cna przeprowadzi\u0107 obr\u00f3bk\u0119 ciepln\u0105, aby podda\u0107 odpuszczaniu lub utwardzeniu wydzielaj\u0105cemu w celu zmi\u0119kczenia i odtworzenia ci\u0105gliwo\u015bci lub wzmocnienia.<\/p>\n<p class=\"whitespace-pre-wrap\"><strong>P. Jakimi metodami wykonuje si\u0119 cz\u0119\u015bci z proszku CuZn40?<\/strong><\/p>\n<p class=\"whitespace-pre-wrap\">A. Techniki formowania wtryskowego w po\u0142\u0105czeniu z spiekaniem, metal injection molding oraz procesy produkcji wytw\u00f3rczej, takie jak wi\u0105zanie jettingiem i FDM, to popularne techniki konsolidacji proszk\u00f3w CuZn40 w g\u0119ste komponenty.<\/p>\n<p class=\"whitespace-pre-wrap\"><strong>P. Czy proszek CuZn40 jest bezpieczny w u\u017cyciu?<\/strong><\/p>\n<p class=\"whitespace-pre-wrap\">A. Jak ka\u017cdy drobny metalowy proszek nale\u017cy odpowiednio ostro\u017cnie, by unika\u0107 wdychania i kontaktu ze sk\u00f3r\u0105. Odpowiednia wentylacja, \u015aOI i bezpieczne procedury obchodzenia minimalizuj\u0105 ryzyko.<\/p>\n<p><\/span><\/span><\/p>","protected":false},"excerpt":{"rendered":"<p>CuZn40, also known as brass powder, is a copper-zinc alloy composed of 40% zinc and remainder copper. It offers an excellent combination of strength, ductility, corrosion resistance, machinability, and economical pricing making it one of the most widely used alloy powders. CuZn40 Powder Composition The composition of CuZn40 brass powder is: Element Composition Copper (Cu)&#8230;<\/p>","protected":false},"featured_media":1864,"parent":0,"template":"","meta":{"_acf_changed":false,"_kad_blocks_custom_css":"","_kad_blocks_head_custom_js":"","_kad_blocks_body_custom_js":"","_kad_blocks_footer_custom_js":"","_kad_post_transparent":"","_kad_post_title":"","_kad_post_layout":"","_kad_post_sidebar_id":"","_kad_post_content_style":"","_kad_post_vertical_padding":"","_kad_post_feature":"","_kad_post_feature_position":"","_kad_post_header":false,"_kad_post_footer":false,"_kad_post_classname":""},"product-category":[119,129],"class_list":["post-3933","product","type-product","status-publish","has-post-thumbnail","hentry","product-category-3d-printing-metal-powder","product-category-copper-alloy-powder"],"acf":[],"taxonomy_info":{"product-category":[{"value":119,"label":"3D Printing Metal Powder"},{"value":129,"label":"Copper Alloy Powder"}]},"featured_image_src_large":["https:\/\/3dpmetal.com\/wp-content\/uploads\/2024\/02\/CuZn40-Powder.jpg",600,600,false],"author_info":[],"comment_info":"","_links":{"self":[{"href":"https:\/\/3dpmetal.com\/pl\/wp-json\/wp\/v2\/product\/3933","targetHints":{"allow":["GET"]}}],"collection":[{"href":"https:\/\/3dpmetal.com\/pl\/wp-json\/wp\/v2\/product"}],"about":[{"href":"https:\/\/3dpmetal.com\/pl\/wp-json\/wp\/v2\/types\/product"}],"wp:featuredmedia":[{"embeddable":true,"href":"https:\/\/3dpmetal.com\/pl\/wp-json\/wp\/v2\/media\/1864"}],"wp:attachment":[{"href":"https:\/\/3dpmetal.com\/pl\/wp-json\/wp\/v2\/media?parent=3933"}],"wp:term":[{"taxonomy":"product-category","embeddable":true,"href":"https:\/\/3dpmetal.com\/pl\/wp-json\/wp\/v2\/product-category?post=3933"}],"curies":[{"name":"wp","href":"https:\/\/api.w.org\/{rel}","templated":true}]}}