{"id":3938,"date":"2024-03-18T06:10:15","date_gmt":"2024-03-18T06:10:15","guid":{"rendered":"https:\/\/3dp.45612300.xyz\/product\/gh4169inconel-718\/"},"modified":"2024-03-18T06:10:15","modified_gmt":"2024-03-18T06:10:15","slug":"gh4169inconel-718","status":"publish","type":"product","link":"https:\/\/3dpmetal.com\/pl\/product\/gh4169inconel-718\/","title":{"rendered":"GH4169 (Inconel 718)"},"content":{"rendered":"<p><span style=\"vertical-align: inherit;\"><span style=\"vertical-align: inherit;\">GH4169 jest stopem niklu Nb-Mo wzmacnianym w wysokiej temperaturze. Normalne \u015brodowisko pracy wynosi 253-650C. Ma dobre w\u0142a\u015bciwo\u015bci mechaniczne poni\u017cej 650C. W szczeg\u00f3lnych okoliczno\u015bciach GH4169 mo\u017cna stosowa\u0107 w temperaturze 800\u00a1\u00abC przez kr\u00f3tki okres czasu. GH4169 nadaje si\u0119 do wielu zastosowa\u0144 w wysokiej temperaturze, takich jak elementy turbin gazowych.<\/p>\n<h2>W\u0142a\u015bciwo\u015bci fizyczne<\/h2>\n<div>\n<table>\n<tbody>\n<tr>\n<td colspan=\"1\" rowspan=\"2\" data-sheets-value=\"{&quot;1&quot;:2,&quot;2&quot;:&quot;Size range&quot;}\">\n<div>Zakres rozmiar\u00f3w<\/div>\n<\/td>\n<td colspan=\"3\" rowspan=\"1\" data-sheets-value=\"{&quot;1&quot;:2,&quot;2&quot;:&quot;Size distribution&quot;}\">Rozmieszczenie wielko\u015bci<\/td>\n<td colspan=\"1\" rowspan=\"2\" data-sheets-value=\"{&quot;1&quot;:2,&quot;2&quot;:&quot;Hall flow rate&quot;}\">\n<div>Przep\u0142yw w hali<\/div>\n<\/td>\n<td colspan=\"1\" rowspan=\"2\" data-sheets-value=\"{&quot;1&quot;:2,&quot;2&quot;:&quot;Bulk density&quot;}\">\n<div>G\u0119sto\u015b\u0107 nasypowa<\/div>\n<\/td>\n<td colspan=\"1\" rowspan=\"2\" data-sheets-value=\"{&quot;1&quot;:2,&quot;2&quot;:&quot;Tap density&quot;}\">\n<div>G\u0119sto\u015b\u0107 usypu<\/div>\n<\/td>\n<\/tr>\n<tr>\n<td data-sheets-value=\"{&quot;1&quot;:2,&quot;2&quot;:&quot;D10(\u00c3\u00d7m)&quot;}\">D10 (\u00c3\u2014m)<\/td>\n<td data-sheets-value=\"{&quot;1&quot;:2,&quot;2&quot;:&quot;D50(\u00c3\u00d7m)&quot;}\">D50(\u00c3\u00d7m)<\/td>\n<td data-sheets-value=\"{&quot;1&quot;:2,&quot;2&quot;:&quot;D90(\u00c3\u00d7m)&quot;}\">D90(\u00c3\u2014m)<\/td>\n<\/tr>\n<tr>\n<td data-sheets-value=\"{&quot;1&quot;:2,&quot;2&quot;:&quot;15-53\u00c3\u00d7m&quot;}\">15-53\u00c3\u00d7m<\/td>\n<td data-sheets-value=\"{&quot;1&quot;:2,&quot;2&quot;:&quot;17-22&quot;}\">17-22<\/td>\n<td data-sheets-value=\"{&quot;1&quot;:2,&quot;2&quot;:&quot;32-38&quot;}\">32-38<\/td>\n<td data-sheets-value=\"{&quot;1&quot;:2,&quot;2&quot;:&quot;52-58&quot;}\">52-58<\/td>\n<td data-sheets-value=\"{&quot;1&quot;:2,&quot;2&quot;:&quot;\u00a8P18s\/50g&quot;}\">\u00a8P18s\/50g<\/td>\n<td data-sheets-value=\"{&quot;1&quot;:2,&quot;2&quot;:&quot;\u00a1\u00d44.20g\/cm3&quot;}\">\u00a1\u00d44.20 g\/cm\u00b3<\/td>\n<td data-sheets-value=\"{&quot;1&quot;:2,&quot;2&quot;:&quot;\u00a1\u00d44.80g\/cm3&quot;}\">\u00d44.80g\/cm3<\/td>\n<\/tr>\n<\/tbody>\n<\/table>\n<\/div>\n<h2>Zalecenia dotycz\u0105ce obr\u00f3bki cieplnej<\/h2>\n<p>980-1060\u00a1\u00abC\/1h\/AC+720\u00a1\u00abC\u00a9I10\u00a1\u00abC\/8h\/F\u00ab\u201d620C10C\/8h\/AC<\/p>\n<h2>Zachowanie mechaniczne<\/h2>\n<div>\n<table>\n<tbody>\n<tr>\n<td colspan=\"3\" rowspan=\"1\" data-sheets-value=\"{&quot;1&quot;:2,&quot;2&quot;:&quot;815\u00a1\u00abC high temperature durability performance&quot;}\">815\u00a1\u00abC wysoka trwa\u0142o\u015b\u0107 cieplna<\/td>\n<\/tr>\n<tr>\n<td data-sheets-value=\"{&quot;1&quot;:2,&quot;2&quot;:&quot;Constant stress (\u00d1\u00b4\/Mpa)&quot;}\">Napi\u0119cie jednostkowe (\u00d1\u00b4\/Mpa)<\/td>\n<td data-sheets-value=\"{&quot;1&quot;:2,&quot;2&quot;:&quot;Duration(t\/h)&quot;}\">Czas trwania (t\/godz.)<\/td>\n<td data-sheets-value=\"{&quot;1&quot;:2,&quot;2&quot;:&quot;Elongation after break(\u00d1\u00b45\/%)&quot;}\">\n<div>\n<div>Wyd\u0142u\u017cenie po z\u0142amaniu(\u00d1\u00b45\/%)<\/div>\n<\/div>\n<\/td>\n<\/tr>\n<tr>\n<td data-sheets-value=\"{&quot;1&quot;:3,&quot;3&quot;:690}\">690<\/td>\n<td data-sheets-value=\"{&quot;1&quot;:3,&quot;3&quot;:80}\">80<\/td>\n<td data-sheets-value=\"{&quot;1&quot;:3,&quot;3&quot;:5}\">5<\/td>\n<\/tr>\n<\/tbody>\n<\/table>\n<\/div>\n<p><img loading=\"lazy\" decoding=\"async\" class=\"size-medium wp-image-1409 aligncenter\" src=\"https:\/\/met3dp.com\/wp-content\/uploads\/2023\/09\/ed7a94ec-3c10-4b1b-87ed--300x300.jpg\" alt=\"GH4169\" width=\"300\" height=\"300\" title=\"\"><\/p>\n<div>\n<table>\n<tbody>\n<tr>\n<td data-sheets-value=\"{&quot;1&quot;:2,&quot;2&quot;:&quot;Test temperature&quot;}\">Temperatura badania<\/td>\n<td data-sheets-value=\"{&quot;1&quot;:2,&quot;2&quot;:&quot;Tensile strength (\u00bf\u00bcb\/Mpa)&quot;}\">Wytrzyma\u0142o\u015b\u0107 na rozci\u0105ganie (\u00bf\u00bcb\/Mpa)<\/td>\n<td data-sheets-value=\"{&quot;1&quot;:2,&quot;2&quot;:&quot;Yield strength (\u00bf\u00bcp0.2\/Mpa)&quot;}\">Wytrzyma\u0142o\u015b\u0107 granicy plastyczno\u015bci (\u00bf\u00bcp0,2\/Mpa)<\/td>\n<td data-sheets-value=\"{&quot;1&quot;:2,&quot;2&quot;:&quot;Elongation (\u00d1\u00b45\/%)&quot;}\">\n<div>\n<div>Wyd\u0142u\u017cenie (\u00d1\u00b45\/%)<\/div>\n<\/div>\n<\/td>\n<\/tr>\n<tr>\n<td data-sheets-value=\"{&quot;1&quot;:2,&quot;2&quot;:&quot;25\u00a1\u00cd&quot;}\">25\u00a1\u00cd translates to \"25 stopni Celsjusza\" in Polish.<\/td>\n<td data-sheets-value=\"{&quot;1&quot;:3,&quot;3&quot;:1270}\">1270<\/td>\n<td data-sheets-value=\"{&quot;1&quot;:3,&quot;3&quot;:1030}\">1030<\/td>\n<td data-sheets-value=\"{&quot;1&quot;:3,&quot;3&quot;:12}\">12<\/td>\n<\/tr>\n<tr>\n<td data-sheets-value=\"{&quot;1&quot;:2,&quot;2&quot;:&quot;650\u00a1\u00cd&quot;}\">650\u00a1\u00cd translates to \"650 stopni Celsiusa\" in Polish.<\/td>\n<td data-sheets-value=\"{&quot;1&quot;:3,&quot;3&quot;:1000}\">1000<\/td>\n<td data-sheets-value=\"{&quot;1&quot;:3,&quot;3&quot;:860}\">860<\/td>\n<td data-sheets-value=\"{&quot;1&quot;:3,&quot;3&quot;:12}\">12<\/td>\n<\/tr>\n<\/tbody>\n<\/table>\n<\/div>\n<h2>Zakres sk\u0142adu chemicznego (wt,-%)<\/h2>\n<div>\n<table>\n<tbody>\n<tr>\n<td style=\"text-align: center\" data-sheets-value=\"{&quot;1&quot;:2,&quot;2&quot;:&quot;Element&quot;}\"><strong>Element<\/strong><\/td>\n<td style=\"text-align: center\" data-sheets-value=\"{&quot;1&quot;:2,&quot;2&quot;:&quot;C&quot;}\"><strong>Sure, the text \"C\" translates to Polish as \"Tak.\"<\/strong><\/td>\n<td style=\"text-align: center\" data-sheets-value=\"{&quot;1&quot;:2,&quot;2&quot;:&quot;Cr&quot;}\"><strong>Cr<\/strong><\/td>\n<td style=\"text-align: center\" data-sheets-value=\"{&quot;1&quot;:2,&quot;2&quot;:&quot;Ni&quot;}\"><strong>Nie<\/strong><\/td>\n<td style=\"text-align: center\" data-sheets-value=\"{&quot;1&quot;:2,&quot;2&quot;:&quot;Co&quot;}\"><strong>Wsp.<\/strong><\/td>\n<td style=\"text-align: center\" data-sheets-value=\"{&quot;1&quot;:2,&quot;2&quot;:&quot;Nb&quot;}\"><strong>Nb<\/strong><\/td>\n<td style=\"text-align: center\" data-sheets-value=\"{&quot;1&quot;:2,&quot;2&quot;:&quot;Mo&quot;}\"><strong>Mo<\/strong><\/td>\n<\/tr>\n<tr>\n<td style=\"text-align: center\" data-sheets-value=\"{&quot;1&quot;:2,&quot;2&quot;:&quot;wt\u00a8\u00d4&quot;}\">wt\u00a8\u00d4<\/td>\n<td style=\"text-align: center\" data-sheets-value=\"{&quot;1&quot;:2,&quot;2&quot;:&quot;0.02-0.06&quot;}\">0.02-0.06<\/td>\n<td style=\"text-align: center\" data-sheets-value=\"{&quot;1&quot;:2,&quot;2&quot;:&quot;17.00-21.00&quot;}\">17.00-21.00<\/td>\n<td style=\"text-align: center\" data-sheets-value=\"{&quot;1&quot;:2,&quot;2&quot;:&quot; 50.00-55.00&quot;}\">50.00-55.00<\/td>\n<td style=\"text-align: center\" data-sheets-value=\"{&quot;1&quot;:2,&quot;2&quot;:&quot;\u00a8P1.00&quot;}\">\u00a8P1.00<\/td>\n<td style=\"text-align: center\" data-sheets-value=\"{&quot;1&quot;:2,&quot;2&quot;:&quot;4.75-5.50&quot;}\">4.75-5.50<\/td>\n<td style=\"text-align: center\" data-sheets-value=\"{&quot;1&quot;:2,&quot;2&quot;:&quot;2.80-3.30&quot;}\">2.80-3.30<\/td>\n<\/tr>\n<tr>\n<td style=\"text-align: center\" data-sheets-value=\"{&quot;1&quot;:2,&quot;2&quot;:&quot;Element&quot;}\"><strong>Element<\/strong><\/td>\n<td style=\"text-align: center\" data-sheets-value=\"{&quot;1&quot;:2,&quot;2&quot;:&quot;Al&quot;}\"><strong>Al<\/strong><\/td>\n<td style=\"text-align: center\" data-sheets-value=\"{&quot;1&quot;:2,&quot;2&quot;:&quot;Ti&quot;}\"><strong>Ti<\/strong><\/td>\n<td style=\"text-align: center\" data-sheets-value=\"{&quot;1&quot;:2,&quot;2&quot;:&quot;Fe&quot;}\"><strong>Fe<\/strong><\/td>\n<td style=\"text-align: center\" data-sheets-value=\"{&quot;1&quot;:2,&quot;2&quot;:&quot;B&quot;}\"><strong>The text \"B\" doesn't provide any context or meaning for translation. Could you please provide more context or the full text you'd like to translate into Polish?<\/strong><\/td>\n<td style=\"text-align: center\" data-sheets-value=\"{&quot;1&quot;:2,&quot;2&quot;:&quot;Mg&quot;}\"><strong>Mg<\/strong><\/td>\n<td style=\"text-align: center\" data-sheets-value=\"{&quot;1&quot;:2,&quot;2&quot;:&quot;Mn&quot;}\"><strong>Mn<\/strong><\/td>\n<\/tr>\n<tr>\n<td style=\"text-align: center\" data-sheets-value=\"{&quot;1&quot;:2,&quot;2&quot;:&quot;wt\u00a8\u00d4&quot;}\">wt\u00a8\u00d4<\/td>\n<td style=\"text-align: center\" data-sheets-value=\"{&quot;1&quot;:2,&quot;2&quot;:&quot;0.20-0.80&quot;}\">0.20-0.80<\/td>\n<td style=\"text-align: center\" data-sheets-value=\"{&quot;1&quot;:2,&quot;2&quot;:&quot;0.65-1.15&quot;}\">0.65-1.15<\/td>\n<td style=\"text-align: center\" data-sheets-value=\"{&quot;1&quot;:2,&quot;2&quot;:&quot;Bal&quot;}\">Bal<\/td>\n<td style=\"text-align: center\" data-sheets-value=\"{&quot;1&quot;:2,&quot;2&quot;:&quot;\u00a8P0.006&quot;}\">P0.006<\/td>\n<td style=\"text-align: center\" data-sheets-value=\"{&quot;1&quot;:2,&quot;2&quot;:&quot;\u00a8P0.010&quot;}\">\u00a8P0.010<\/td>\n<td style=\"text-align: center\" data-sheets-value=\"{&quot;1&quot;:2,&quot;2&quot;:&quot;\u00a8P0.35&quot;}\">\u00a8P0.35<\/td>\n<\/tr>\n<tr>\n<td style=\"text-align: center\" data-sheets-value=\"{&quot;1&quot;:2,&quot;2&quot;:&quot;Element&quot;}\"><strong>Element<\/strong><\/td>\n<td style=\"text-align: center\" data-sheets-value=\"{&quot;1&quot;:2,&quot;2&quot;:&quot;Si&quot;}\"><strong>Tak<\/strong><\/td>\n<td style=\"text-align: center\" data-sheets-value=\"{&quot;1&quot;:2,&quot;2&quot;:&quot;P&quot;}\"><strong>I'm sorry, but it seems like you only provided a single letter \"P.\" Could you please provide the complete text you'd like me to translate into Polish?<\/strong><\/td>\n<td style=\"text-align: center\" data-sheets-value=\"{&quot;1&quot;:2,&quot;2&quot;:&quot;S&quot;}\"><strong>The text \"S\" doesn't provide any context for translation. Could you please provide more information or context so I can assist you better?<\/strong><\/td>\n<td style=\"text-align: center\" data-sheets-value=\"{&quot;1&quot;:2,&quot;2&quot;:&quot;Cu&quot;}\"><strong>Cu<\/strong><\/td>\n<td style=\"text-align: center\" data-sheets-value=\"{&quot;1&quot;:2,&quot;2&quot;:&quot;O&quot;}\"><strong>\u00d3<\/strong><\/td>\n<td style=\"text-align: center\" data-sheets-value=\"{&quot;1&quot;:2,&quot;2&quot;:&quot;N&quot;}\"><strong>The text \"N\" does not have a meaning in English, so I cannot provide a translation for it. If you provide more context or clarify the text you need translated, I'll be happy to assist you further.<\/strong><\/td>\n<\/tr>\n<tr>\n<td style=\"text-align: center\" data-sheets-value=\"{&quot;1&quot;:2,&quot;2&quot;:&quot;wt\u00a8\u00d4&quot;}\">wt\u00a8\u00d4<\/td>\n<td style=\"text-align: center\" data-sheets-value=\"{&quot;1&quot;:2,&quot;2&quot;:&quot;\u00a8P0.35&quot;}\">\u00a8P0.35<\/td>\n<td style=\"text-align: center\" data-sheets-value=\"{&quot;1&quot;:2,&quot;2&quot;:&quot;\u00a8P0.015&quot;}\">\u00a8P0.015<\/td>\n<td style=\"text-align: center\" data-sheets-value=\"{&quot;1&quot;:2,&quot;2&quot;:&quot;\u00a8P0.015&quot;}\">\u00a8P0.015<\/td>\n<td style=\"text-align: center\" data-sheets-value=\"{&quot;1&quot;:2,&quot;2&quot;:&quot;\u00a8P0.30&quot;}\">\u00a8P0.30<\/td>\n<td style=\"text-align: center\" data-sheets-value=\"{&quot;1&quot;:2,&quot;2&quot;:&quot;\u00a8P0.020&quot;}\">\u00a8P0.020<\/td>\n<td style=\"text-align: center\" data-sheets-value=\"{&quot;1&quot;:2,&quot;2&quot;:&quot;\u00a8P0.015&quot;}\">\u00a8P0.015<\/td>\n<\/tr>\n<\/tbody>\n<\/table>\n<\/div>\n<p><\/span><\/span><\/p>","protected":false},"excerpt":{"rendered":"<p>GH4169 to wysokotemperaturowy stop na bazie niklu wzmocniony Nb-Mo. Jego normalne \u015brodowisko pracy to 253-650C. Ma dobre w\u0142a\u015bciwo\u015bci mechaniczne poni\u017cej 650C. W szczeg\u00f3lnych okoliczno\u015bciach GH4169 mo\u017ce by\u0107 u\u017cywany w temperaturze 800\u00b0C przez kr\u00f3tki okres czasu. GH4169 nadaje si\u0119 do wielu zastosowa\u0144 wysokotemperaturowych, takich jak elementy turbin gazowych. W\u0142a\u015bciwo\u015bci fizyczne Zakres rozmiar\u00f3w Rozk\u0142ad rozmiar\u00f3w...<\/p>","protected":false},"featured_media":1873,"parent":0,"template":"","meta":{"_acf_changed":false,"_kad_blocks_custom_css":"","_kad_blocks_head_custom_js":"","_kad_blocks_body_custom_js":"","_kad_blocks_footer_custom_js":"","_kad_post_transparent":"","_kad_post_title":"","_kad_post_layout":"","_kad_post_sidebar_id":"","_kad_post_content_style":"","_kad_post_vertical_padding":"","_kad_post_feature":"","_kad_post_feature_position":"","_kad_post_header":false,"_kad_post_footer":false,"_kad_post_classname":""},"product-category":[119,120],"class_list":["post-3938","product","type-product","status-publish","has-post-thumbnail","hentry","product-category-3d-printing-metal-powder","product-category-high-temperature-alloy-powder"],"acf":[],"taxonomy_info":{"product-category":[{"value":119,"label":"3D Printing Metal Powder"},{"value":120,"label":"High Temperature Alloy Powder"}]},"featured_image_src_large":["https:\/\/3dpmetal.com\/wp-content\/uploads\/2024\/02\/GH4169.jpg",600,600,false],"author_info":[],"comment_info":"","_links":{"self":[{"href":"https:\/\/3dpmetal.com\/pl\/wp-json\/wp\/v2\/product\/3938","targetHints":{"allow":["GET"]}}],"collection":[{"href":"https:\/\/3dpmetal.com\/pl\/wp-json\/wp\/v2\/product"}],"about":[{"href":"https:\/\/3dpmetal.com\/pl\/wp-json\/wp\/v2\/types\/product"}],"wp:featuredmedia":[{"embeddable":true,"href":"https:\/\/3dpmetal.com\/pl\/wp-json\/wp\/v2\/media\/1873"}],"wp:attachment":[{"href":"https:\/\/3dpmetal.com\/pl\/wp-json\/wp\/v2\/media?parent=3938"}],"wp:term":[{"taxonomy":"product-category","embeddable":true,"href":"https:\/\/3dpmetal.com\/pl\/wp-json\/wp\/v2\/product-category?post=3938"}],"curies":[{"name":"wp","href":"https:\/\/api.w.org\/{rel}","templated":true}]}}