{"id":3939,"date":"2024-03-18T06:10:15","date_gmt":"2024-03-18T06:10:15","guid":{"rendered":"https:\/\/3dp.45612300.xyz\/product\/gh3625-powderinconel-625-powder\/"},"modified":"2024-03-18T06:10:15","modified_gmt":"2024-03-18T06:10:15","slug":"gh3625-powderinconel-625-powder","status":"publish","type":"product","link":"https:\/\/3dpmetal.com\/pl\/product\/gh3625-powderinconel-625-powder\/","title":{"rendered":"Proszek GH3625 (proszek Inconel 625)"},"content":{"rendered":"<p><span style=\"vertical-align: inherit;\"><span style=\"vertical-align: inherit;\"><\/p>\n<h2>Wgl\u0105d<\/h2>\n<p><img loading=\"lazy\" decoding=\"async\" class=\"wp-image-2160 size-full aligncenter\" src=\"https:\/\/met3dp.com\/wp-content\/uploads\/2023\/09\/in718-powder.jpg\" alt=\"Inconel powder\" width=\"600\" height=\"600\" title=\"\"><\/p>\n<p class=\"whitespace-pre-wrap\">Proszek GH3625 to proszek stopowy u\u017cywany do metalu <a href=\"https:\/\/en.wikipedia.org\/wiki\/3D_printing\" target=\"_blank\" rel=\"noopener\">wytwarzanie przyrostowe<\/a> procesy, takie jak selektywne spiekanie laserowe (SLS) i bezpo\u015brednie spiekanie laserowe metalu (DMLS). To superstop na bazie niklu o wysokiej wytrzyma\u0142o\u015bci, odporno\u015bci na korozj\u0119 i doskona\u0142ych w\u0142a\u015bciwo\u015bciach wysokotemperaturowych.<\/p>\n<p class=\"whitespace-pre-wrap\">GH3625 zosta\u0142 zaprojektowany specjalnie do wytwarzania przyrostowego, aby produkowa\u0107 z\u0142o\u017cone, g\u0119ste cz\u0119\u015bci o wyj\u0105tkowych w\u0142a\u015bciwo\u015bciach mechanicznych, por\u00f3wnywalnych do materia\u0142\u00f3w kutych. Umo\u017cliwia produkcj\u0119 lekkich komponent\u00f3w o z\u0142o\u017conej geometrii do zastosowa\u0144 w przemy\u015ble kosmicznym, motoryzacyjnym, medycznym i przemys\u0142owym.<\/p>\n<p class=\"whitespace-pre-wrap\">Ten przewodnik zawiera szczeg\u00f3\u0142owy opis proszku GH3625, w tym jego sk\u0142adu, w\u0142a\u015bciwo\u015bci, zastosowa\u0144, specyfikacji, cen, zalet i ogranicze\u0144. Przeprowadzono por\u00f3wnania do innych typowych stop\u00f3w, takich jak Inconel 718 i Stellite 21, aby podkre\u015bli\u0107 wydajno\u015b\u0107 i przydatno\u015b\u0107 GH3625 do r\u00f3\u017cnych zastosowa\u0144. W sekcji FAQ om\u00f3wiono kluczowe pytania dotycz\u0105ce tego materia\u0142u.<\/p>\n<h2>Sk\u0142ad GH3625<\/h2>\n<p class=\"whitespace-pre-wrap\">GH3625 charakteryzuje si\u0119 z\u0142o\u017conym sk\u0142adem chemicznym opracowanym w celu zapewnienia wysokiej wytrzyma\u0142o\u015bci, odporno\u015bci na zm\u0119czenie termiczne, utlenianie i korozj\u0119. Oto przegl\u0105d jego sk\u0142adu:<\/p>\n<table>\n<thead>\n<tr>\n<th><strong>Element<\/strong><\/th>\n<th><strong>Waga %<\/strong><\/th>\n<\/tr>\n<\/thead>\n<tbody>\n<tr>\n<td>Nikiel<\/td>\n<td>R\u00f3wnowaga<\/td>\n<\/tr>\n<tr>\n<td>Chrom<\/td>\n<td>15-17%<\/td>\n<\/tr>\n<tr>\n<td>Kobalt<\/td>\n<td>10%<\/td>\n<\/tr>\n<tr>\n<td>Molybd\u00e4n<\/td>\n<td>8-10%<\/td>\n<\/tr>\n<tr>\n<td>Tantal<\/td>\n<td>5-6%<\/td>\n<\/tr>\n<tr>\n<td>Aluminium<\/td>\n<td>1.2-1.7%<\/td>\n<\/tr>\n<tr>\n<td>Tytan<\/td>\n<td>0.5-1.2%<\/td>\n<\/tr>\n<tr>\n<td>Bor<\/td>\n<td>0.01%<\/td>\n<\/tr>\n<\/tbody>\n<\/table>\n<p class=\"whitespace-pre-wrap\">Nikiel stanowi podstaw\u0119 tego superstopu, zapewniaj\u0105c plastyczno\u015b\u0107 i wytrzyma\u0142o\u015b\u0107. Pierwiastki takie jak chrom, kobalt i molibden przyczyniaj\u0105 si\u0119 do wysokiej wytrzyma\u0142o\u015bci w wysokiej temperaturze dzi\u0119ki wzmocnieniu przez roztw\u00f3r sta\u0142y.<\/p>\n<p class=\"whitespace-pre-wrap\">Tantal dodaje wytrzyma\u0142o\u015bci roztworowi sta\u0142emu i tworzy cz\u0105steczki w\u0119glika do utwardzania wydzieleniowego. Glin i tytan tworz\u0105 faz\u0119 gamma pierwszorz\u0119dow\u0105 Ni3(Al,Ti), zapewniaj\u0105c doskona\u0142e w\u0142a\u015bciwo\u015bci mechaniczne w wysokiej temperaturze. Bor wzmacnia granic\u0119 ziaren.<\/p>\n<p class=\"whitespace-pre-wrap\">Zr\u00f3wnowa\u017cony sk\u0142ad nadaje proszkowi GH3625 doskona\u0142\u0105 spawalno\u015b\u0107 w por\u00f3wnaniu ze stali nierdzewnej utwardzanej przez wydzielanie. Mo\u017cna go bez problemu podda\u0107 obr\u00f3bce ko\u0144cowej poprzez izostatyczne prasowanie na gor\u0105co (HIP), obr\u00f3bk\u0119 ciepln\u0105 i obr\u00f3bk\u0119 mechaniczn\u0105.<\/p>\n<h2>W\u0142a\u015bciwo\u015bci proszk\u00f3w GH3625<\/h2>\n<p class=\"whitespace-pre-wrap\">Proszek GH3625 posiada nast\u0119puj\u0105ce w\u0142a\u015bciwo\u015bci fizyczne i mechaniczne, kt\u00f3re sprawiaj\u0105, \u017ce nadaje si\u0119 do wymagaj\u0105cych zastosowa\u0144:<\/p>\n<p class=\"whitespace-pre-wrap\"><strong>W\u0142a\u015bciwo\u015bci proszk\u00f3w GH3625<\/strong><\/p>\n<table>\n<thead>\n<tr>\n<th><strong>Nieruchomo\u015b\u0107<\/strong><\/th>\n<th><strong>Warto\u015b\u0107<\/strong><\/th>\n<\/tr>\n<\/thead>\n<tbody>\n<tr>\n<td>G\u0119sto\u015b\u0107<\/td>\n<td>8,1-8,5 g\/cc<\/td>\n<\/tr>\n<tr>\n<td>Temperatura topnienia<\/td>\n<td>1260\u20131335 \u201eC<\/td>\n<\/tr>\n<tr>\n<td>Przewodno\u015b\u0107 cieplna<\/td>\n<td>11-12,5 W\/mK<\/td>\n<\/tr>\n<tr>\n<td>Wsp\u00f3\u0142czynnik rozszerzalno\u015bci cieplnej<\/td>\n<td>12.5-13.5 x 10&lt;sup&gt;-6&lt;\/sup&gt;\/K<\/td>\n<\/tr>\n<tr>\n<td>Modu\u0142 spr\u0119\u017cysto\u015bci<\/td>\n<td>156-186 GPa<\/td>\n<\/tr>\n<tr>\n<td>Wsp\u00f3\u0142czynnik Poissona<\/td>\n<td>0.29-0.33<\/td>\n<\/tr>\n<tr>\n<td>Odporno\u015b\u0107 na rozci\u0105ganie<\/td>\n<td>1050-1280 MPa<\/td>\n<\/tr>\n<tr>\n<td>Napi\u0119cie granicy plastyczno\u015bci (odpowiednio 0,2%)<\/td>\n<td>860-1050 MPa<\/td>\n<\/tr>\n<tr>\n<td>Wyd\u0142u\u017cenie<\/td>\n<td>8-15%<\/td>\n<\/tr>\n<tr>\n<td>Twardo\u015b\u0107<\/td>\n<td>32-38 HRC<\/td>\n<\/tr>\n<\/tbody>\n<\/table>\n<p class=\"whitespace-pre-wrap\">Wysoka temperatura topnienia, przewodno\u015b\u0107 cieplna i niski wsp\u00f3\u0142czynnik rozszerzalno\u015bci cieplnej zapewniaj\u0105 dobr\u0105 stabilno\u015b\u0107 pod wzgl\u0119dem wymiar\u00f3w w \u015brodowiskach o wysokiej temperaturze roboczej wynosz\u0105cej do 1000\u00baC przez kr\u00f3tkotrwa\u0142e okresy.<\/p>\n<p class=\"whitespace-pre-wrap\">Stop ma znakomit\u0105 wytrzyma\u0142o\u015b\u0107 na rozci\u0105ganie i wyd\u0142u\u017canie si\u0119, por\u00f3wnywaln\u0105 do materia\u0142\u00f3w obrabianych plastycznie, a tak\u017ce dobr\u0105 ci\u0105gliwo\u015b\u0107 i udarno\u015b\u0107. Wykazuje du\u017c\u0105 twardo\u015b\u0107, odporno\u015b\u0107 na zu\u017cycie, zatarcia i \u015bcieranie.<\/p>\n<p class=\"whitespace-pre-wrap\">Dzi\u0119ki tym w\u0142a\u015bciwo\u015bciom GH3625 ma lepsze parametry ni\u017c stale nierdzewne, stopy kobaltu, a nawet dor\u00f3wnuje utwardzanym wydzieleniowo superstopom na bazie niklu pod wzgl\u0119dem wytrzyma\u0142o\u015bci w wysokiej temperaturze. Oferuje r\u00f3wnie\u017c lepsz\u0105 spawalno\u015b\u0107 ni\u017c Inconel 718.<\/p>\n<h2>Zastosowania w proszku GH3625<\/h2>\n<p class=\"whitespace-pre-wrap\">Po\u0142\u0105czenie wysokiej wytrzyma\u0142o\u015bci, twardo\u015bci, wytrzyma\u0142o\u015bci i stabilno\u015bci termicznej sprawia, \u017ce GH3625 nadaje si\u0119 do:<\/p>\n<p class=\"whitespace-pre-wrap\"><strong>Aplikacje GH3625<\/strong><\/p>\n<table>\n<thead>\n<tr>\n<th><strong>Przemys\u0142<\/strong><\/th>\n<th><strong>Elementy<\/strong><\/th>\n<\/tr>\n<\/thead>\n<tbody>\n<tr>\n<td>Astronautyka<\/td>\n<td>\u0141opatki turbiny, cz\u0119\u015bci komory spalania, kierownice<\/td>\n<\/tr>\n<tr>\n<td>Motoryzacja<\/td>\n<td>Ko\u0142a, kolektory, zawory turbospr\u0119\u017carek<\/td>\n<\/tr>\n<tr>\n<td>Ropa i gaz<\/td>\n<td>Cz\u0119\u015bci g\u0142owic szyb\u00f3w, narz\u0119dzia do otwor\u00f3w, zawory<\/td>\n<\/tr>\n<tr>\n<td>Generacja energii<\/td>\n<td>Wymienniki ciep\u0142a, elementy palnik\u00f3w<\/td>\n<\/tr>\n<tr>\n<td>Przetw\u00f3rstwo chemiczne<\/td>\n<td>Wirniki pomp, zawory, naczynia reakcyjne<\/td>\n<\/tr>\n<tr>\n<td>Medical<\/td>\n<td>Implanty dentystyczne, protetyka, narz\u0119dzia chirurgiczne<\/td>\n<\/tr>\n<\/tbody>\n<\/table>\n<p class=\"whitespace-pre-wrap\">Mo\u017cliwo\u015b\u0107 drukowania 3-wymiarowego druku z\u0142o\u017conych geometrii pozwala skonsolidowa\u0107 wiele cz\u0119\u015bci w pojedyncze elementy i lekkie struktury kratowe. Umo\u017cliwia to szybsze drukowanie element\u00f3w jednocz\u0119\u015bciowych w por\u00f3wnaniu do monta\u017cu wielu sekcji.<\/p>\n<p class=\"whitespace-pre-wrap\">GH3625 jest stosowany do drukowania \u0142opatek, wirnik\u00f3w, p\u0142yt, dysk\u00f3w, rur z konforemnymi kana\u0142ami ch\u0142odz\u0105cymi oraz innych podzespo\u0142\u00f3w kluczowych dla wykonania misji, pracuj\u0105cych przy wysokim ci\u015bnieniu i w wysokiej temperaturze.<\/p>\n<h2>Specyfikacja proszku GH3625<\/h2>\n<p class=\"whitespace-pre-wrap\">GH3625 proszek do proces\u00f3w AM jest dost\u0119pny w r\u00f3\u017cnych rozk\u0142adach wielko\u015bci, kszta\u0142tach i recepturach od r\u00f3\u017cnych producent\u00f3w proszku.<\/p>\n<p class=\"whitespace-pre-wrap\"><strong>Typy proszku GH3625<\/strong><\/p>\n<table>\n<thead>\n<tr>\n<th><strong>Specyfikacja<\/strong><\/th>\n<th><strong>Szczeg\u00f3\u0142y<\/strong><\/th>\n<\/tr>\n<\/thead>\n<tbody>\n<tr>\n<td>Rozpi\u0119to\u015b\u0107 wielko\u015bci cz\u0105steczek<\/td>\n<td>15-45 \u00c3\u2014 m, 15-53 \u00c3\u2014 m, 53-150 \u00c3\u2014 m<\/td>\n<\/tr>\n<tr>\n<td>Kszta\u0142t cz\u0105stki<\/td>\n<td>Sferyczny, satelitarny, wielo\u015bcienny<\/td>\n<\/tr>\n<tr>\n<td>Modyfikacje stop\u00f3w<\/td>\n<td>Z B, C, Zr, Nb, Ta<\/td>\n<\/tr>\n<tr>\n<td>Metoda produkcji<\/td>\n<td>Atomizacja gazowa, atomizacja plazmowa<\/td>\n<\/tr>\n<\/tbody>\n<\/table>\n<p class=\"whitespace-pre-wrap\">Procesy atomizacji gazowej i plazmowej daj\u0105 kuliste proszki, optymalne dla technologii SLS\/DMLS. Proszki satelitarne charakteryzuj\u0105 si\u0119 wi\u0119ksz\u0105 g\u0119sto\u015bci\u0105 usypywan\u0105 i poprawi\u0105 sypko\u015b\u0107 proszku.<\/p>\n<p class=\"whitespace-pre-wrap\">Mniejsze proszki 15-45 \u00c3\u00d7m zapewniaj\u0105 wysok\u0105 rozdzielczo\u015b\u0107 i wyko\u0144czenie powierzchni, podczas gdy wi\u0119ksze 53-150 \u00c3\u00d7m umo\u017cliwiaj\u0105 szybsze pr\u0119dko\u015bci wytwarzania. Do dostosowania w\u0142a\u015bciwo\u015bci materia\u0142u stosowane s\u0105 r\u00f3\u017cne dodatki stopowe, takie jak bor, w\u0119giel, cyrkon, niob i tantal.<\/p>\n<p class=\"whitespace-pre-wrap\"><strong>Normy proszku GH3625<\/strong><\/p>\n<table>\n<thead>\n<tr>\n<th><strong>Standard<\/strong><\/th>\n<th><strong>Opis<\/strong><\/th>\n<\/tr>\n<\/thead>\n<tbody>\n<tr>\n<td>ASTM F3056<\/td>\n<td>Norma standardowa dla wytwarzania addytywnego stopu niklu<\/td>\n<\/tr>\n<tr>\n<td>AMS7016<\/td>\n<td>Proszek stopowy niklu do wysokiej temperatury pracy<\/td>\n<\/tr>\n<tr>\n<td>ASME B46.1<\/td>\n<td>Wymagania dotycz\u0105ce tekstury nawierzchni<\/td>\n<\/tr>\n<\/tbody>\n<\/table>\n<p class=\"whitespace-pre-wrap\">Proszek GH3625 jest kwalifikowany na podstawie limit\u00f3w sk\u0142adu, rozk\u0142adu wielko\u015bci cz\u0105stek, morfologii, p\u0142ynno\u015bci, g\u0119sto\u015bci pozornej i mikrostruktury zgodnie z norm\u0105 ASTM F3056. Wymagane s\u0105 dodatkowe testy zgodnie ze standardami aplikacji.<\/p>\n<h2>Ceny proszku GH3625<\/h2>\n<p class=\"whitespace-pre-wrap\">Proszek GH3625 jest dro\u017cszy ni\u017c proszki ze stali nierdzewnej ze wzgl\u0119du na z\u0142o\u017cony sk\u0142ad i zastrze\u017con\u0105 natur\u0119. Oto typowe zakresy cen:<\/p>\n<p class=\"whitespace-pre-wrap\"><strong>Koszt proszku GH3625<\/strong><\/p>\n<table>\n<thead>\n<tr>\n<th><strong>Granulacja proszku<\/strong><\/th>\n<th><strong>Przedzia\u0142 cenowy<\/strong><\/th>\n<\/tr>\n<\/thead>\n<tbody>\n<tr>\n<td>GH3625<\/td>\n<td>90-200 z\u0142 za kg<\/td>\n<\/tr>\n<tr>\n<td>GH3625 + bor<\/td>\n<td>110-250 z\u0142 za kg<\/td>\n<\/tr>\n<tr>\n<td>GH3625 + Carbon<\/td>\n<td>100-220 z\u0142 za kg<\/td>\n<\/tr>\n<\/tbody>\n<\/table>\n<p class=\"whitespace-pre-wrap\">Ceny s\u0105 r\u00f3\u017cne w zale\u017cno\u015bci od ilo\u015bci zam\u00f3wienia, rozk\u0142adu wielko\u015bci cz\u0105stek, kszta\u0142tu, metody produkcji, dostawcy i dodatkowych wymaga\u0144 dotycz\u0105cych charakterystyki proszk\u00f3w lub ich kwalifikacji.<\/p>\n<h2>Zalety i wady proszku GH3625<\/h2>\n<p class=\"whitespace-pre-wrap\">GH3625 ma nast\u0119puj\u0105ce zalety, kt\u00f3re sprawiaj\u0105, \u017ce jest popularnym wyborem:<\/p>\n<p class=\"whitespace-pre-wrap\"><strong>Zalety GH3625<\/strong><\/p>\n<ul class=\"list-disc pl-8 space-y-2\">\n<li class=\"whitespace-normal\">Doskona\u0142a wytrzyma\u0142o\u015b\u0107 i twardo\u015b\u0107 do 1000\u00a1\u00abC<\/li>\n<li class=\"whitespace-normal\">Dobry stopie\u0144 odporno\u015bci na korozj\u0119 i utlenianie<\/li>\n<li class=\"whitespace-normal\">Spawalno\u015b\u0107 do dalszej obr\u00f3bki<\/li>\n<li class=\"whitespace-normal\">Wi\u0119ksza plastyczno\u015b\u0107 ni\u017c Inconel 718<\/li>\n<li class=\"whitespace-normal\">Mo\u017ce by\u0107 utwardzane cieplnie<\/li>\n<li class=\"whitespace-normal\">Z\u0142o\u017cone geometrie umo\u017cliwione przez AM<\/li>\n<li class=\"whitespace-normal\">Szybsze i ta\u0144sze ni\u017c odlewy<\/li>\n<li class=\"whitespace-normal\">Zmniejsza ilo\u015b\u0107 cz\u0119\u015bci poprzez konsolidacj\u0119<\/li>\n<\/ul>\n<p class=\"whitespace-pre-wrap\"><strong>GH3625 Wady<\/strong><\/p>\n<ul class=\"list-disc pl-8 space-y-2\">\n<li class=\"whitespace-normal\">Dro\u017csze ni\u017c stale nierdzewne<\/li>\n<li class=\"whitespace-normal\">Mniejsza wytrzyma\u0142o\u015b\u0107 ni\u017c Inconel 718 powy\u017cej 550\u00b0C<\/li>\n<li class=\"whitespace-normal\">Podatne na p\u0119kanie z powodu starzenia<\/li>\n<li class=\"whitespace-normal\">Wymagana jest gor\u0105ca prasa izostatyczna (HIP)<\/li>\n<li class=\"whitespace-normal\">Trudno do wytworzenia wymaga specjalistycznych narz\u0119dzi<\/li>\n<li class=\"whitespace-normal\">Ograniczone dane dostawcy dotycz\u0105ce wydajno\u015bci w d\u0142u\u017cszym okresie<\/li>\n<\/ul>\n<p class=\"whitespace-pre-wrap\">Odpowiedni dob\u00f3r parametr\u00f3w procesu AM i obr\u00f3bka ko\u0144cowa \u0142agodz\u0105 niekt\u00f3re ograniczenia proszku GH3625.<\/p>\n<h2>Por\u00f3wnanie GH3625 z <a href=\"https:\/\/met3dp.com\/inconel-718-alloy-powder\/\" target=\"_blank\" rel=\"noopener\">Inconel 718<\/a> i Stellite 21<\/h2>\n<p class=\"whitespace-pre-wrap\">GH3625 pod wzgl\u0119dem w\u0142a\u015bciwo\u015bci i koszt\u00f3w zajmuje nisz\u0119 mi\u0119dzy Inconel 718 a Stellite 21:<\/p>\n<p class=\"whitespace-pre-wrap\"><strong>Por\u00f3wnanie stop\u00f3w<\/strong><\/p>\n<table>\n<thead>\n<tr>\n<th><strong>Nieruchomo\u015b\u0107<\/strong><\/th>\n<th><strong>GH3625<\/strong><\/th>\n<th><strong>Inconel 718<\/strong><\/th>\n<th><strong>Stellite 21<\/strong><\/th>\n<\/tr>\n<\/thead>\n<tbody>\n<tr>\n<td>Koszt<\/td>\n<td>\u015arednie<\/td>\n<td>Wysoki<\/td>\n<td>Niski<\/td>\n<\/tr>\n<tr>\n<td>G\u0119sto\u015b\u0107<\/td>\n<td>Wysoki<\/td>\n<td>\u015arednie<\/td>\n<td>Wysoki<\/td>\n<\/tr>\n<tr>\n<td>Si\u0142a<\/td>\n<td>\u015arednie<\/td>\n<td>Bardzo wysokie<\/td>\n<td>\u015arednie<\/td>\n<\/tr>\n<tr>\n<td>Twardo\u015b\u0107<\/td>\n<td>Wysoki<\/td>\n<td>\u015arednie<\/td>\n<td>Bardzo wysokie<\/td>\n<\/tr>\n<tr>\n<td>Odporno\u015b\u0107 na zu\u017cycie<\/td>\n<td>\u015arednie<\/td>\n<td>Niski<\/td>\n<td>Bardzo wysokie<\/td>\n<\/tr>\n<tr>\n<td>Odporno\u015b\u0107 przeciwkorozyjna<\/td>\n<td>\u015arednie<\/td>\n<td>Wysoki<\/td>\n<td>\u015arednie<\/td>\n<\/tr>\n<tr>\n<td>Odporno\u015b\u0107 na utlenianie<\/td>\n<td>\u015arednie<\/td>\n<td>Wysoki<\/td>\n<td>\u015arednie<\/td>\n<\/tr>\n<tr>\n<td>Stabilno\u015b\u0107 cieplna<\/td>\n<td>Do 1000\u00a1\u00abC<\/td>\n<td>Do 700\u00a1\u00abC<\/td>\n<td>Do 900\u00baC<\/td>\n<\/tr>\n<tr>\n<td>Zdatno\u015b\u0107 spawalnicza<\/td>\n<td>Dobrze<\/td>\n<td>Biedny<\/td>\n<td>\u015arednie<\/td>\n<\/tr>\n<tr>\n<td>Wykonalno\u015b\u0107<\/td>\n<td>\u015arednie<\/td>\n<td>Trudny<\/td>\n<td>\u0141atwy<\/td>\n<\/tr>\n<\/tbody>\n<\/table>\n<p class=\"whitespace-pre-wrap\">GH3625 dor\u00f3wnuje lub przewy\u017csza wydajno\u015bci\u0105 stopy kobaltowe Stellite 21 pod wzgl\u0119dem odporno\u015bci na zu\u017cycie i korozj\u0119, lecz przy ni\u017cszych kosztach. Jego wytrzyma\u0142o\u015b\u0107 jest zbli\u017cona do wytrzyma\u0142o\u015bci stopu Inconel 718 do 550\u00b0C i oferuje lepsz\u0105 spawalno\u015b\u0107 i produkowalno\u015b\u0107.<\/p>\n<p class=\"whitespace-pre-wrap\">Czyni to op\u0142acaln\u0105 alternatyw\u0119 dla wielu zastosowa\u0144 wymagaj\u0105cych wydajno\u015bci pomi\u0119dzy tymi standardowymi stopami. Mo\u017cliwo\u015b\u0107 drukowania 3D skomplikowanych geometrii r\u00f3wnie\u017c daje jej przewag\u0119.<\/p>\n<h2>GH3625 Proszk&#243;wka &#8211; cz\u0119ste pytania<\/h2>\n<p class=\"whitespace-pre-wrap\"><strong>P: Co to jest proszek z GH3625?<\/strong><\/p>\n<p class=\"whitespace-pre-wrap\">A: GH3625 to proszek stopu nadstopniowego na bazie niklu, specjalnie zaprojektowany do proces\u00f3w produkcji przyrostowej, takich jak selektywne spiekanie laserowe (SLS) i bezpo\u015brednie spiekanie laserowe metali (DMLS). Oferuje doskona\u0142e po\u0142\u0105czenie wysokiej wytrzyma\u0142o\u015bci temperaturowej, twardo\u015bci, odporno\u015bci na zu\u017cycie i korozj\u0119.<\/p>\n<p class=\"whitespace-pre-wrap\"><strong>P: Do \u0447\u043e\u0433\u043e \u0432\u0438\u043a\u043e\u0440\u0438\u0441\u0442\u043e\u0432\u0443\u0454\u0442\u044c\u0441\u044f \u043f\u043e\u0440\u043e\u0448\u043e\u043a GH3625?<\/strong><\/p>\n<p class=\"whitespace-pre-wrap\">A: Proszku GH3625 u\u017cywa si\u0119 do drukowania 3D krytycznych cz\u0119\u015bci, takich jak \u0142opatki turbin, kolektory, rotory i wymienniki ciep\u0142a, kt\u00f3re wymagaj\u0105 wysokich w\u0142a\u015bciwo\u015bci mechanicznych, stabilno\u015bci wymiarowej i odporno\u015bci termicznej do 1000\u00b0C. Znajduje zastosowanie w przemy\u015ble lotniczym, motoryzacyjnym, energetycznym, chemicznym i medycznym.<\/p>\n<p class=\"whitespace-pre-wrap\"><strong>Q: Jakie procesy druku 3D metalowego wykorzystuj\u0105 proszek GH3625?<\/strong><\/p>\n<p class=\"whitespace-pre-wrap\">A: Selektywne spiekanie laserowe (SLS) i bezpo\u015brednie spiekanie laserowe metalu (DMLS) to procesy drukowania 3D w spiekanej warstwie proszku, kt\u00f3re s\u0105 powszechnie wykorzystywane z proszkiem GH3625. Spiekanie spoiwowe r\u00f3wnie\u017c nadaje si\u0119 do GH3625.<\/p>\n<p class=\"whitespace-pre-wrap\"><strong>P: Jakie s\u0105 w\u0142a\u015bciwo\u015bci materia\u0142owe GH3625?<\/strong><\/p>\n<p class=\"whitespace-pre-wrap\">A: GH3625 ma znakomit\u0105 wytrzyma\u0142o\u015b\u0107 na rozci\u0105ganie 1050-1280 MPa, wytrzyma\u0142o\u015b\u0107 graniczna 860-1050 MPa i twardo\u015b\u0107 32-38 HRC, podobnie jak materia\u0142y odkuwane. Posiada dobr\u0105 plastyczno\u015b\u0107 8-15% wyd\u0142u\u017cenia oraz wysok\u0105 odporno\u015b\u0107 na zu\u017cycie, zacieranie si\u0119, \u015bcieranie i korozj\u0119. W\u0142a\u015bciwo\u015bci cieplne pozwalaj\u0105 na stosowanie do 1000 \u00b0C.<\/p>\n<p class=\"whitespace-pre-wrap\"><strong>P: Czy proszek GH3625 wymaga obr\u00f3bki cieplnej?<\/strong><\/p>\n<p class=\"whitespace-pre-wrap\">A: Tak, cz\u0119\u015bci GH3625 drukowane przy u\u017cyciu technologii SLS\/DMLS wymagaj\u0105 prasowania izostatycznego na gor\u0105co (HIP) z nast\u0119pow\u0105 obr\u00f3bk\u0105 ciepln\u0105, aby uzyska\u0107 optymalne w\u0142a\u015bciwo\u015bci mechaniczne, konsolidacj\u0119 materia\u0142u i mikrostruktur\u0119. Prasowanie izostatyczne na gor\u0105co pomaga zamkn\u0105\u0107 wewn\u0119trzne pory i puste przestrzenie.<\/p>\n<p class=\"whitespace-pre-wrap\"><strong>P: Czy GH3625 jest spawalny?<\/strong><\/p>\n<p class=\"whitespace-pre-wrap\">A: GH3625 zaprojektowano tak, aby cechowa\u0142 si\u0119 doskona\u0142\u0105 spawalno\u015bci\u0105 w por\u00f3wnaniu ze stali nierdzewnej utwardzanej wydzieleniowo i Inconel 718. Pozwala to na napraw\u0119 i \u0142\u0105czenie cz\u0119\u015bci AM GH3625 poprzez spawanie. Uwalnianie napr\u0119\u017ce\u0144 mo\u017ce by\u0107 wymagane po spawaniu, aby zapobiec p\u0119kaniu.<\/p>\n<p class=\"whitespace-pre-wrap\"><strong>P: Czy GH3625 jest obrabialny?<\/strong><\/p>\n<p class=\"whitespace-pre-wrap\">A: W por\u00f3wnaniu do stali nierdzewnej GH3625 jest trudny w obr\u00f3bce i wymaga obr\u00f3bki szybkoobrotowej przy u\u017cyciu specjalistycznych narz\u0119dzi w\u0119glikowych. Zu\u017cycie narz\u0119dzi jest wi\u0119ksze, dlatego konieczne jest optymalne posuwanie, pr\u0119dko\u015bci i \u015bcie\u017cki narz\u0119dzi.<\/p>\n<p class=\"whitespace-pre-wrap\"><strong>P: Ile kosztuje proszek GH3625?<\/strong><\/p>\n<p class=\"whitespace-pre-wrap\">A: Cena GH3625 zwykle waha si\u0119 od 90 do 250 USD za kg w zale\u017cno\u015bci od wielko\u015bci zam\u00f3wienia, rozk\u0142adu wielko\u015bci cz\u0105stek, metody produkcji oraz dodatkowych wymaga\u0144 testowych\/kwalifikacyjnych. Jest on dro\u017cszy od proszk\u00f3w ze stali nierdzewnej, ale ta\u0144szy od Inconel 718.<\/p>\n<h2>Wniosek<\/h2>\n<p class=\"whitespace-pre-wrap\">GH3625 to zaawansowany nadstop oparty na niklu, opracowany specjalnie do wytwarzania przyrostowego wydajnych komponent\u00f3w. \u0141\u0105czy w sobie zalety stop\u00f3w konwencjonalnych oraz elastyczno\u015b\u0107 konstrukcyjn\u0105 oferowan\u0105 przez produkcj\u0119 przyrostow\u0105.<\/p>\n<p class=\"whitespace-pre-wrap\">Starannie kontrolowane w\u0142a\u015bciwo\u015bci proszku i optymalizacja specjalnych parametr\u00f3w pozwalaj\u0105 na wykorzystanie pe\u0142nego potencja\u0142u GH3625. Dzi\u0119ki swoim cechom i op\u0142acalno\u015bci GH3625 staje si\u0119 realn\u0105 alternatyw\u0105 dla tradycyjnych stop\u00f3w w kluczowych zastosowaniach przemys\u0142owych, energetycznych, motoryzacyjnych i lotniczych.<\/p>\n<p><\/span><\/span><\/p>","protected":false},"excerpt":{"rendered":"<p>Overview GH3625 powder is an alloy powder used for metal additive manufacturing processes like selective laser sintering (SLS) and direct metal laser sintering (DMLS). It is a nickel-based superalloy that offers high strength, corrosion resistance, and excellent high-temperature properties. GH3625 is designed specifically for additive manufacturing to produce complex, dense parts with exceptional mechanical properties&#8230;<\/p>","protected":false},"featured_media":1875,"parent":0,"template":"","meta":{"_acf_changed":false,"_kad_blocks_custom_css":"","_kad_blocks_head_custom_js":"","_kad_blocks_body_custom_js":"","_kad_blocks_footer_custom_js":"","_kad_post_transparent":"","_kad_post_title":"","_kad_post_layout":"","_kad_post_sidebar_id":"","_kad_post_content_style":"","_kad_post_vertical_padding":"","_kad_post_feature":"","_kad_post_feature_position":"","_kad_post_header":false,"_kad_post_footer":false,"_kad_post_classname":""},"product-category":[119,120],"class_list":["post-3939","product","type-product","status-publish","has-post-thumbnail","hentry","product-category-3d-printing-metal-powder","product-category-high-temperature-alloy-powder"],"acf":[],"taxonomy_info":{"product-category":[{"value":119,"label":"3D Printing Metal Powder"},{"value":120,"label":"High Temperature Alloy Powder"}]},"featured_image_src_large":["https:\/\/3dpmetal.com\/wp-content\/uploads\/2024\/02\/GH3625.jpg",600,600,false],"author_info":[],"comment_info":"","_links":{"self":[{"href":"https:\/\/3dpmetal.com\/pl\/wp-json\/wp\/v2\/product\/3939","targetHints":{"allow":["GET"]}}],"collection":[{"href":"https:\/\/3dpmetal.com\/pl\/wp-json\/wp\/v2\/product"}],"about":[{"href":"https:\/\/3dpmetal.com\/pl\/wp-json\/wp\/v2\/types\/product"}],"wp:featuredmedia":[{"embeddable":true,"href":"https:\/\/3dpmetal.com\/pl\/wp-json\/wp\/v2\/media\/1875"}],"wp:attachment":[{"href":"https:\/\/3dpmetal.com\/pl\/wp-json\/wp\/v2\/media?parent=3939"}],"wp:term":[{"taxonomy":"product-category","embeddable":true,"href":"https:\/\/3dpmetal.com\/pl\/wp-json\/wp\/v2\/product-category?post=3939"}],"curies":[{"name":"wp","href":"https:\/\/api.w.org\/{rel}","templated":true}]}}