{"id":3941,"date":"2024-03-18T06:10:15","date_gmt":"2024-03-18T06:10:15","guid":{"rendered":"https:\/\/3dp.45612300.xyz\/product\/tinbzrsn-alloy-powder\/"},"modified":"2024-03-18T06:10:15","modified_gmt":"2024-03-18T06:10:15","slug":"tinbzrsn-alloy-powder","status":"publish","type":"product","link":"https:\/\/3dpmetal.com\/pl\/product\/tinbzrsn-alloy-powder\/","title":{"rendered":"Proszek ze stopu TiNbZrSn"},"content":{"rendered":"<p><span style=\"vertical-align: inherit;\"><span style=\"vertical-align: inherit;\"><\/p>\n<h2><strong>Sk\u0142ad stopu proszkowego TiNbZrSn<\/strong><\/h2>\n<p class=\"whitespace-pre-wrap\">Proszek stopu TiNbZrSn sk\u0142ada si\u0119 z nast\u0119puj\u0105cych pierwiastk\u00f3w:<\/p>\n<table>\n<thead>\n<tr>\n<th>Element<\/th>\n<th>Waga %<\/th>\n<\/tr>\n<\/thead>\n<tbody>\n<tr>\n<td>Tytan (Ti)<\/td>\n<td>35-40%<\/td>\n<\/tr>\n<tr>\n<td>Niob (Nb)<\/td>\n<td>35-40%<\/td>\n<\/tr>\n<tr>\n<td>Cyrkon (Zr)<\/td>\n<td>5-10%<\/td>\n<\/tr>\n<tr>\n<td>Cyna (Sn)<\/td>\n<td>5-10%<\/td>\n<\/tr>\n<\/tbody>\n<\/table>\n<p class=\"whitespace-pre-wrap\">Ta precyzyjna kombinacja tytanu, niobu, cyrkonu i cyny daje w rezultacie stop o wytrzyma\u0142o\u015bci, twardo\u015bci i elastyczno\u015bci, kt\u00f3re s\u0105 wyj\u0105tkowe w por\u00f3wnaniu ze stopami tradycyjnymi. Zw\u0142aszcza zawarto\u015b\u0107 niobu znacz\u0105co podnosi w\u0142a\u015bciwo\u015bci mechaniczne.<\/p>\n<p class=\"whitespace-pre-wrap\">Dzi\u0119ki precyzyjnemu monitorowaniu stosunku metali wchodz\u0105cych w sk\u0142ad stopu w\u0142a\u015bciwo\u015bci proszku stopowego mo\u017cna zoptymalizowa\u0107 pod k\u0105tem r\u00f3\u017cnych zastosowa\u0144 wymagaj\u0105cych wysokiej wytrzyma\u0142o\u015bci na jednostk\u0119 wagi, odporno\u015bci na korozj\u0119, biozgodno\u015bci lub odporno\u015bci na wysokie temperatury.<\/p>\n<h2><strong>W\u0142a\u015bciwo\u015bci pu\u0142k\u00f3w stopu TiNbZrSn<\/strong><\/h2>\n<p class=\"whitespace-pre-wrap\">Proszek ze stopu TiNbZrSn wykazuje nast\u0119puj\u0105ce niezwyk\u0142e w\u0142a\u015bciwo\u015bci:<\/p>\n<table>\n<thead>\n<tr>\n<th>Nieruchomo\u015b\u0107<\/th>\n<th>Opis<\/th>\n<\/tr>\n<\/thead>\n<tbody>\n<tr>\n<td>bardzo wysoka wytrzyma\u0142o\u015b\u0107<\/td>\n<td>Przynosi on ponad 1400 MPa wytrzyma\u0142o\u015bci, w parze zaawansowanymi aero-stopami<\/td>\n<\/tr>\n<tr>\n<td>Niska g\u0119sto\u015b\u0107<\/td>\n<td>G\u0119sto\u015b\u0107 oko\u0142o 6,5 g\/cm3, znacznie ni\u017csza ni\u017c stali<\/td>\n<\/tr>\n<tr>\n<td>Doskona\u0142a spr\u0119\u017cysto\u015b\u0107<\/td>\n<td>Modu\u0142 Younga oko\u0142o 100 GPa, zapewniaj\u0105cy elastyczno\u015b\u0107<\/td>\n<\/tr>\n<tr>\n<td>Du\u017ca twardo\u015b\u0107<\/td>\n<td>Twardo\u015b\u0107 Vickersa powy\u017cej 450 HV, wy\u017csza odporno\u015b\u0107 na \u015bcieranie ni\u017c stal nierdzewna<\/td>\n<\/tr>\n<tr>\n<td>Dobra odporno\u015b\u0107 na korozj\u0119<\/td>\n<td>Odporny na korozj\u0119 w trudnych warunkach<\/td>\n<\/tr>\n<tr>\n<td>biokompatybilno\u015b\u0107<\/td>\n<td>Nieszkodliwy i odpowiedni dla implant\u00f3w medycznych<\/td>\n<\/tr>\n<tr>\n<td>Wysoka temperatura topnienia<\/td>\n<td>Topienie w temperaturze powy\u017cej 2500 \u00a1\u00abC, co czyni go op\u0142acalnym w zastosowaniach wysokotemperaturowych<\/td>\n<\/tr>\n<\/tbody>\n<\/table>\n<p class=\"whitespace-pre-wrap\">Po\u0142\u0105czenie wysokiej wytrzyma\u0142o\u015bci, ma\u0142ej wagi, twardo\u015bci i elastyczno\u015bci to rzadki przyk\u0142ad, kt\u00f3ry sprawia, \u017ce TiNbZrSn to bardzo wszechstronny materia\u0142. Pod wieloma wzgl\u0119dami przewy\u017csza w\u0142a\u015bciwo\u015bci stop\u00f3w konwencjonalnych, takich jak stal nierdzewna.<\/p>\n<h2><strong>Produkcja proszku ze stopu TiNbZrSn<\/strong><\/h2>\n<p class=\"whitespace-pre-wrap\">Proszek ze stopu TiNbZrSn mo\u017cna wyprodukowa\u0107, stosuj\u0105c nast\u0119puj\u0105ce zaawansowane metody:<\/p>\n<table>\n<thead>\n<tr>\n<th>Metoda<\/th>\n<th>Opis<\/th>\n<\/tr>\n<\/thead>\n<tbody>\n<tr>\n<td>Atomizacja gazu<\/td>\n<td>Stopiony stop rozpylony na drobne kropelki zastygaj\u0105ce w proszek<\/td>\n<\/tr>\n<tr>\n<td>Procesma obracanej elektrody plazmowej (PREP)<\/td>\n<td>Elektroda obraca si\u0119 szybko w \u0142uku plazmowym, aby rozpa\u015b\u0107 si\u0119 na proszek<\/td>\n<\/tr>\n<tr>\n<td>Wodorek-dewodorek (HDH)<\/td>\n<td>Stop jest uwodorniany, mechanicznie rozdrabniany do postaci proszku, a nast\u0119pnie odwadniany<\/td>\n<\/tr>\n<\/tbody>\n<\/table>\n<p class=\"whitespace-pre-wrap\">Atomizacja gazowa umo\u017cliwia kontrol\u0119 nad rozk\u0142adem wielko\u015bci cz\u0105stek i skutkuje g\u0142adkim kulistym proszkiem idealnym do produkcji addytywnej. Metody PREP i HDH umo\u017cliwiaj\u0105 ekonomiczn\u0105 produkcj\u0119 nieregularnych proszk\u00f3w odpowiednich do prasowania i spiekania.<\/p>\n<p class=\"whitespace-pre-wrap\">Sk\u0142ad stopu mo\u017ce by\u0107 precyzyjnie utrzymywany w procesach produkcji proszku, zapewniaj\u0105c sp\u00f3jne w\u0142a\u015bciwo\u015bci. Wysokiej czysto\u015bci oboj\u0119tne atmosfery gazu zapobiegaj\u0105 zanieczyszczeniom.<\/p>\n<h2><strong>Zastosowanie proszku stopu TiNbZrSn<\/strong><\/h2>\n<p class=\"whitespace-pre-wrap\">Dzi\u0119ki swoim dobrze zbilansowanym w\u0142a\u015bciwo\u015bciom materia\u0142owym, sproszkowany stop TiNbZrSn jest stosowany w nast\u0119puj\u0105cych aplikacjach:<\/p>\n<table>\n<thead>\n<tr>\n<th>Przemys\u0142<\/th>\n<th>Aplikacja<\/th>\n<\/tr>\n<\/thead>\n<tbody>\n<tr>\n<td>Astronautyka<\/td>\n<td>Komponenty silnik\u00f3w lotniczych i rakietowych, systemy kosmiczne<\/td>\n<\/tr>\n<tr>\n<td>Motoryzacja<\/td>\n<td>Spr\u0119\u017cyny zawor\u00f3w, elementy z\u0142\u0105cza i si\u0142owniki<\/td>\n<\/tr>\n<tr>\n<td>Medical<\/td>\n<td>Implanty, protezy, urz\u0105dzenia<\/td>\n<\/tr>\n<tr>\n<td>Obrona<\/td>\n<td>Zbroja, amunicja, balistyka<\/td>\n<\/tr>\n<tr>\n<td>wytwarzanie przyrostowe<\/td>\n<td>Drukowane w 3D cz\u0119\u015bci o wysokiej wytrzyma\u0142o\u015bci<\/td>\n<\/tr>\n<tr>\n<td>Przetw\u00f3rstwo chemiczne<\/td>\n<td>Naczynia i ruroci\u0105gi odporne na korozj\u0119<\/td>\n<\/tr>\n<\/tbody>\n<\/table>\n<p class=\"whitespace-pre-wrap\">Po\u0142\u0105czenie wytrzyma\u0142o\u015bci, twardo\u015bci i biokompatybilno\u015bci sprawia, \u017ce TiNbZrSn nadaje si\u0119 do implant\u00f3w no\u015bnych, takich jak stawy biodrowe i kolanowe. Jego odporno\u015b\u0107 na korozj\u0119 predestynuje go do stosowania w marynarce wojennej, gdzie nara\u017cony jest na dzia\u0142anie wody morskiej. Wysoka wytrzyma\u0142o\u015b\u0107 temperaturowa to z kolei zaleta w silnikach odrzutowych i turbinach.<\/p>\n<p class=\"whitespace-pre-wrap\">W por\u00f3wnaniu do tradycyjnych stop\u00f3w TiNbZrSn umo\u017cliwia wytwarzenie l\u017cejszych, mocniejszych i bardziej wytrzyma\u0142ych element\u00f3w, co daje przewag\u0119 w wymagaj\u0105cych ga\u0142\u0119ziach przemys\u0142u.<\/p>\n<h2><strong>Specyfikacja proszku stopu TiNbZrSn<\/strong><\/h2>\n<p class=\"whitespace-pre-wrap\">Proszek ze stopu tytanu, niobu, cyrkonu i cyny jest dost\u0119pny w sprzeda\u017cy we w\u0142a\u015bciwych specyfikacjach:<\/p>\n<table>\n<thead>\n<tr>\n<th>Atrybut<\/th>\n<th>Szczeg\u00f3\u0142y<\/th>\n<\/tr>\n<\/thead>\n<tbody>\n<tr>\n<td>Wielko\u015b\u0107 cz\u0105steczek<\/td>\n<td>15-45 mikron\u00f3w, 45-106 mikron\u00f3w, 106-250 mikron\u00f3w<\/td>\n<\/tr>\n<tr>\n<td>Kszta\u0142t cz\u0105stki<\/td>\n<td>Kulisty, nieregularny<\/td>\n<\/tr>\n<tr>\n<td>Czysto\u015b\u0107<\/td>\n<td>Do 99,9%<\/td>\n<\/tr>\n<tr>\n<td>Zawarto\u015b\u0107 tlenu<\/td>\n<td>Poni\u017cej 2000 ppm<\/td>\n<\/tr>\n<tr>\n<td>Gatunki proszk\u00f3w<\/td>\n<td>Klasa 5, 23, 23 ELI<\/td>\n<\/tr>\n<tr>\n<td>Formularz dostawy<\/td>\n<td>Lu\u017any proszek, spieki wst\u0119pne<\/td>\n<\/tr>\n<\/tbody>\n<\/table>\n<p class=\"whitespace-pre-wrap\">S\u0105 dost\u0119pne oba rodzaje sproszkowanych atom\u00f3w gazowych - okr\u0105g\u0142ych i nieregularnych z HDH lub PREP. Mniejszy proszek o ziarnach 15\u201345 mikrometr\u00f3w jest odpowiedni do druku addytywnego wymagaj\u0105cego dobrego przep\u0142ywu i opakowania. Wi\u0119kszy proszek o ziarnach 106\u2013250 mikrometr\u00f3w jest przetwarzany poprzez spiekanie i prasowanie.<\/p>\n<p class=\"whitespace-pre-wrap\">Normy, takie jak ASTM F1805 i ISO 5832, okre\u015blaj\u0105 limity sk\u0142adu i wymagane w\u0142a\u015bciwo\u015bci sproszkowanej stali chirurgicznej 23 ELI. Mo\u017cna tak\u017ce wytworzy\u0107 niestandardowe sk\u0142ady stop\u00f3w i wielko\u015bci cz\u0105stek, aby spe\u0142ni\u0107 wymagania dotycz\u0105ce zastosowania.<\/p>\n<h2><strong>Dostawcy proszku stopu TiNbZrSn<\/strong><\/h2>\n<p class=\"whitespace-pre-wrap\">Do wiod\u0105cych \u015bwiatowych dostawc\u00f3w proszku stopu TiNbZrSn nale\u017c\u0105:<\/p>\n<table>\n<thead>\n<tr>\n<th>Dostawca<\/th>\n<th>Lokalizacja<\/th>\n<\/tr>\n<\/thead>\n<tbody>\n<tr>\n<td>AMETEK<\/td>\n<td>USA<\/td>\n<\/tr>\n<tr>\n<td>CNPC Powder<\/td>\n<td>Chiny<\/td>\n<\/tr>\n<tr>\n<td>GKN Hoeganaes<\/td>\n<td>Europa<\/td>\n<\/tr>\n<tr>\n<td>Technologia LPW<\/td>\n<td>Wielka Brytania<\/td>\n<\/tr>\n<tr>\n<td>Sandvik Osprey<\/td>\n<td>Wielka Brytania<\/td>\n<\/tr>\n<\/tbody>\n<\/table>\n<p class=\"whitespace-pre-wrap\">Do\u015bwiadczeni dostawcy jak ci przedstawieni maj\u0105 bardzo dobrze rozwini\u0119te, wewn\u0119trzne zaplecze produkcyjne dla produkt\u00f3w sproszkowanych przy u\u017cyciu atomizacji gazowej lub proces\u00f3w sorpcji i desorpcji wodoru. Mog\u0105 oni zapewni\u0107 r\u00f3\u017cne rozk\u0142ady wielko\u015bci cz\u0105stek oraz dostosowa\u0107 sk\u0142ad stopu wedle potrzeb.<\/p>\n<p class=\"whitespace-pre-wrap\">Dost\u0119pne s\u0105 ma\u0142e partie prototypowe oraz du\u017ce ilo\u015bci komercyjne. Dostawcy wdra\u017caj\u0105 rygorystyczn\u0105 kontrol\u0119 jako\u015bci i testy, aby zagwarantowa\u0107 spe\u0142nienie specyfikacji przez proszek.<\/p>\n<h2><strong>Cena proszku stopu TiNbZrSn<\/strong><\/h2>\n<p class=\"whitespace-pre-wrap\">Jako zaawansowany stop specjalny, proszek TiNbZrSn ma wysok\u0105 cen\u0119:<\/p>\n<table>\n<thead>\n<tr>\n<th>Granulacja proszku<\/th>\n<th>Przedzia\u0142 cenowy<\/th>\n<\/tr>\n<\/thead>\n<tbody>\n<tr>\n<td>5 klasa<\/td>\n<td>350-500 USD za kg<\/td>\n<\/tr>\n<tr>\n<td>Stopie\u0144 23<\/td>\n<td>450\u2013650 USD\/kg<\/td>\n<\/tr>\n<tr>\n<td>23. stopie\u0144 ELI<\/td>\n<td>550-750 USD za kg<\/td>\n<\/tr>\n<\/tbody>\n<\/table>\n<p class=\"whitespace-pre-wrap\">Cena zale\u017cy od ilo\u015bci zam\u00f3wienia, rozk\u0142adu wielko\u015bci cz\u0105stek, kszta\u0142tu i sk\u0142adu. Mniejsze ilo\u015bci drobnego, kulistego proszku s\u0105 dro\u017csze. Nieregularny proszek i wi\u0119ksze partie umo\u017cliwiaj\u0105 oszcz\u0119dno\u015b\u0107 koszt\u00f3w.<\/p>\n<p class=\"whitespace-pre-wrap\">Ceny s\u0105 kilkukrotnie wy\u017csze ni\u017c ceny typowych stop\u00f3w, takich jak proszek ze stali nierdzewnej 316L. Mimo to lepsze w\u0142a\u015bciwo\u015bci uzasadniaj\u0105 wy\u017csze koszty zastosowania w krytycznych aplikacjach wymagaj\u0105cych maksymalizacji wydajno\u015bci.<\/p>\n<h2><strong>Obr\u00f3bka proszk\u00f3w stopu TiNbZrSn<\/strong><\/h2>\n<p class=\"whitespace-pre-wrap\">Aby bezpiecznie obchodzi\u0107 si\u0119 z proszkiem stopu TiNbZrSn:<\/p>\n<ul class=\"list-disc pl-8 space-y-2\">\n<li class=\"whitespace-normal\">Przechowuj szczelnie zamkni\u0119te pojemniki w ch\u0142odnym, suchym otoczeniu, aby zapobiec utlenieniu i uwodnieniu<\/li>\n<li class=\"whitespace-normal\">Unikaj rozlewania, aby zapobiec gromadzeniu si\u0119 py\u0142u, kt\u00f3ry jest materia\u0142em wybuchowym<\/li>\n<li class=\"whitespace-normal\">Uziemi\u0107 ca\u0142y sprz\u0119t do obs\u0142ugi proszku i zbiorniki transportowe<\/li>\n<li class=\"whitespace-normal\">Podczas obs\u0142ugi proszku u\u017cywa\u0107 r\u0119kawic i ochrony dr\u00f3g oddechowych<\/li>\n<li class=\"whitespace-normal\">U\u017cywaj beznarz\u0119dziowych narz\u0119dzi i system\u00f3w pr\u00f3\u017cniowych z oboj\u0119tnym kocem gazowym<\/li>\n<li class=\"whitespace-normal\">W razie konieczno\u015bci stosowa\u0107 wentylacj\u0119 i wyci\u0105g spalin u \u017ar\u00f3d\u0142a<\/li>\n<\/ul>\n<p class=\"whitespace-pre-wrap\">Ma\u0142y rozmiar cz\u0105stek sprawia, \u017ce proszek TiNbZrSn jest \u0142atwopalny w przypadku rozproszenia. Niezb\u0119dne jest ostro\u017cne post\u0119powanie zgodnie z protoko\u0142ami bezpiecze\u0144stwa. Zaleca si\u0119 stosowanie zautomatyzowanych r\u0119kawiczanych system\u00f3w obs\u0142ugi i przechowywania.<\/p>\n<h2><strong>Kontrola proszku stopu TiNbZrSn<\/strong><\/h2>\n<p class=\"whitespace-pre-wrap\">Proszek stopowy TiNbZrSn powinien zosta\u0107 skontrolowany pod k\u0105tem:<\/p>\n<table>\n<thead>\n<tr>\n<th>Parametr<\/th>\n<th>Metoda<\/th>\n<th>Kryteria akceptacji<\/th>\n<\/tr>\n<\/thead>\n<tbody>\n<tr>\n<td>Rozpi\u0119to\u015b\u0107 wielko\u015bci cz\u0105steczek<\/td>\n<td>Dyfrakcja laserowa, przesiewanie<\/td>\n<td>Znajduje si\u0119 w okre\u015blonym zakresie<\/td>\n<\/tr>\n<tr>\n<td>Kszta\u0142t cz\u0105stki<\/td>\n<td>Mikroskopia SEM<\/td>\n<td>Powierzchnie kuliste, g\u0142adkie<\/td>\n<\/tr>\n<tr>\n<td>Chemia cz\u0105stek<\/td>\n<td>EDX\/EDS, ICP-OES<\/td>\n<td>Zgodny ze sprecyzowanym sk\u0142adem<\/td>\n<\/tr>\n<tr>\n<td>Tlen\/Azot<\/td>\n<td>Spawanie \u0142ukiem krytym<\/td>\n<td>Przy st\u0119\u017ceniu tlenu poni\u017cej 2000 ppm<\/td>\n<\/tr>\n<tr>\n<td>G\u0119sto\u015b\u0107 Nasypowa<\/td>\n<td>Przep\u0142ywomierz halowy<\/td>\n<td>Lepszy przep\u0142yw przy wy\u017cszym zag\u0119szczeniu<\/td>\n<\/tr>\n<tr>\n<td>Szybko\u015b\u0107 przep\u0142ywu<\/td>\n<td>Przep\u0142ywomierz halowy<\/td>\n<td>Swobodnie przep\u0142ywaj\u0105 przez otw\u00f3r<\/td>\n<\/tr>\n<\/tbody>\n<\/table>\n<p class=\"whitespace-pre-wrap\">Te testy gwarantuj\u0105, \u017ce proszek spe\u0142nia specyfikacje dotycz\u0105ce wielko\u015bci, kszta\u0142tu, parametr\u00f3w chemicznych, czysto\u015bci i sypko\u015bci wymagane przy addytywnej produkcji lub zastosowaniu prasowania i spiekania.<\/p>\n<h2><strong>Testowanie proszku ze stop\u00f3w TiNbZrSn<\/strong><\/h2>\n<p class=\"whitespace-pre-wrap\">Mo\u017cna wykona\u0107 nast\u0119puj\u0105ce dalsze testy w celu skwalifikowania proszku stopu TiNbZrSn:<\/p>\n<table>\n<thead>\n<tr>\n<th>Test<\/th>\n<th>Metoda<\/th>\n<th>Cel<\/th>\n<\/tr>\n<\/thead>\n<tbody>\n<tr>\n<td>\u015a\u015bliwo\u015b\u0107<\/td>\n<td>Prasa jednoosiowa<\/td>\n<td>Oce\u0144 reakcj\u0119 na zag\u0119szczanie<\/td>\n<\/tr>\n<tr>\n<td>Wytrzyma\u0142o\u015b\u0107 na surowo<\/td>\n<td>Wytrzyma\u0142o\u015b\u0107 na rozci\u0105ganie poprzeczne<\/td>\n<td>Pomiar wytrzyma\u0142o\u015bci materia\u0142u przed spieczeniem<\/td>\n<\/tr>\n<tr>\n<td>G\u0119sto\u015b\u0107 po spiekaniu<\/td>\n<td>Pomiar wymiarowy<\/td>\n<td>Gwarantuj ca\u0142kowit\u0105 konsolidacj\u0119<\/td>\n<\/tr>\n<tr>\n<td>Mikrostruktura<\/td>\n<td>Mikroskopia optyczna, SEM<\/td>\n<td>Powinien oceni\u0107 topliwo\u015b\u0107, porowato\u015b\u0107, grains<\/td>\n<\/tr>\n<tr>\n<td>Twardo\u015b\u0107<\/td>\n<td>Badania Vickersa\/Rockwella<\/td>\n<td>Sprawd\u017a w\u0142a\u015bciwo\u015bci mechaniczne<\/td>\n<\/tr>\n<tr>\n<td>Odporno\u015b\u0107 na rozci\u0105ganie<\/td>\n<td>ASTM E8<\/td>\n<td>Pomiar UTS, granicy plastyczno\u015bci i wyd\u0142u\u017cenia<\/td>\n<\/tr>\n<\/tbody>\n<\/table>\n<p class=\"whitespace-pre-wrap\">Pr\u00f3bkowanie \u015bciskanych i spiekanych pr\u00f3bek jest niezawodne w odniesieniu do procesu proszkowania oraz w\u0142a\u015bciwo\u015bci mechanicznych w odniesieniu do wymaga\u0144 projektu.<\/p>\n<h2><strong>Zalety i wady proszku ze stopu TiNbZrSn<\/strong><\/h2>\n<table>\n<thead>\n<tr>\n<th>Zalety<\/th>\n<th>S\u0142abe strony<\/th>\n<\/tr>\n<\/thead>\n<tbody>\n<tr>\n<td>Wyj\u0105tkowy stosunek wytrzyma\u0142o\u015bci do ci\u0119\u017caru<\/td>\n<td>Drogi w por\u00f3wnaniu do zwyk\u0142ych stop\u00f3w<\/td>\n<\/tr>\n<tr>\n<td>Wi\u0119ksza spr\u0119\u017cysto\u015b\u0107 ni\u017c inne stopy o wysokiej wytrzyma\u0142o\u015bci<\/td>\n<td>Mniejsza plastyczno\u015b\u0107 ni\u017c stopy tytanu<\/td>\n<\/tr>\n<tr>\n<td>Wy\u015bmienita twardo\u015b\u0107 i odporno\u015b\u0107 na \u015bcieranie<\/td>\n<td>Wymaga ostro\u017cnego obchodzenia si\u0119 z powodu reaktywno\u015bci<\/td>\n<\/tr>\n<tr>\n<td>Odporny na korozj\u0119 w trudnych warunkach<\/td>\n<td>Trudne do obr\u00f3bki skrawaniem<\/td>\n<\/tr>\n<tr>\n<td>Biokompatybilna do zastosowa\u0144 medycznych<\/td>\n<td>Ograniczeni dostawcy i dost\u0119pno\u015b\u0107<\/td>\n<\/tr>\n<tr>\n<td>Wytrzymuje ekstremalnie wysokie temperatury<\/td>\n<td>Wymaga prasowania izostatycznego na gor\u0105co w celu ca\u0142kowitej konsolidacji<\/td>\n<\/tr>\n<\/tbody>\n<\/table>\n<p class=\"whitespace-pre-wrap\">W przypadku krytycznych zastosowa\u0144, gdzie wydajno\u015b\u0107 jest wa\u017cniejsza od koszt\u00f3w, sproszkowany stop TiNbZrSn osi\u0105ga wydajno\u015b\u0107 nieosi\u0105galn\u0105 dla innych stop\u00f3w. G\u0142\u00f3wnymi ograniczeniami s\u0105 koszty i dost\u0119pno\u015b\u0107.<\/p>\n<h2><strong>Por\u00f3wnanie TiNbZrSn z innymi stopami<\/strong><\/h2>\n<p class=\"whitespace-pre-wrap\">W jaki spos\u00f3b TiNbZrSn wypada na tle innych wysokosprawnych proszk\u00f3w stopowych?<\/p>\n<p class=\"whitespace-pre-wrap\"><strong>Wersus ze stali nierdzewnej<\/strong>:<\/p>\n<ul class=\"list-disc pl-8 space-y-2\">\n<li class=\"whitespace-normal\">Dwukrotnie wi\u0119ksza wytrzyma\u0142o\u015b\u0107<\/li>\n<li class=\"whitespace-normal\">70% mniejsza g\u0119sto\u015b\u0107<\/li>\n<li class=\"whitespace-normal\">5x twardszo\u015b\u0107<\/li>\n<li class=\"whitespace-normal\">Lepsza odporno\u015b\u0107 na korozj\u0119<\/li>\n<\/ul>\n<p class=\"whitespace-pre-wrap\"><strong>W por\u00f3wnaniu ze stopami tytanu<\/strong>:<\/p>\n<ul class=\"list-disc pl-8 space-y-2\">\n<li class=\"whitespace-normal\">Elastyczno\u015b\u0107 wy\u017csza o 50%<\/li>\n<li class=\"whitespace-normal\">Twardo\u015b\u0107 wy\u017csza o 20%<\/li>\n<li class=\"whitespace-normal\">Lepsza odporno\u015b\u0107 na pe\u0142zanie<\/li>\n<li class=\"whitespace-normal\">Mniejsza plastyczno\u015b\u0107<\/li>\n<\/ul>\n<p class=\"whitespace-pre-wrap\"><strong>Przeciwko stopom kobaltowo-chromowym<\/strong>:<\/p>\n<ul class=\"list-disc pl-8 space-y-2\">\n<li class=\"whitespace-normal\">Ni\u017csza g\u0119sto\u015b\u0107<\/li>\n<li class=\"whitespace-normal\">Brak skutk\u00f3w toksycznych<\/li>\n<li class=\"whitespace-normal\">Wy\u017csza temperatura pracy<\/li>\n<li class=\"whitespace-normal\">Mniejsza wytrzyma\u0142o\u015b\u0107<\/li>\n<\/ul>\n<p class=\"whitespace-pre-wrap\"><strong>Wobec nadstop\u00f3w na bazie niklu<\/strong>:<\/p>\n<ul class=\"list-disc pl-8 space-y-2\">\n<li class=\"whitespace-normal\">\u0141atwiejsza obs\u0142uga<\/li>\n<li class=\"whitespace-normal\">Ni\u017cszy koszt<\/li>\n<li class=\"whitespace-normal\">Ni\u017csza temperatura skuteczna<\/li>\n<li class=\"whitespace-normal\">Ni\u017csza odporno\u015b\u0107 na pe\u0142zanie<\/li>\n<\/ul>\n<p class=\"whitespace-pre-wrap\">Stop TiNbZrSn prezentuje optymaln\u0105 r\u00f3wnowag\u0119 w\u0142a\u015bciwo\u015bci, kt\u00f3rej nie mo\u017cna znale\u017a\u0107 w innych stopach, co czyni go odpowiednim do wi\u0119kszo\u015bci wymagaj\u0105cych zastosowa\u0144.<\/p>\n<h2><strong>Wgl\u0105d w zastosowanie sproszkowanego stopu TiNbZrSn<\/strong><\/h2>\n<p class=\"whitespace-pre-wrap\">Oto kilka kluczowych informacji na temat skutecznego stosowania TiNbZrSn:<\/p>\n<ul class=\"list-disc pl-8 space-y-2\">\n<li class=\"whitespace-normal\">Proszki atomizowane gazem o kontrolowanej dystrybucji wielko\u015bci cz\u0105stek najlepiej p\u0142yn\u0105 i wype\u0142niaj\u0105 dla AM<\/li>\n<li class=\"whitespace-normal\">Do nieregularnego proszku potrzebne jest wy\u017csze ci\u015bnienie do prasowania i spiekania<\/li>\n<li class=\"whitespace-normal\">Gor\u0105ce prasowanie izostatyczne pozwala uzyska\u0107 maksymaln\u0105 g\u0119sto\u015b\u0107 i w\u0142a\u015bciwo\u015bci<\/li>\n<li class=\"whitespace-normal\">Wy\u017carzanie mo\u017ce s\u0142u\u017cy\u0107 do dostosowywania plastyczno\u015bci i twardo\u015bci zgodnie z zapotrzebowaniem<\/li>\n<li class=\"whitespace-normal\">Naddatki near-net-shape minimalizuj\u0105 kosztown\u0105 obr\u00f3bk\u0119 mechaniczn\u0105 spiekanych komponent\u00f3w<\/li>\n<li class=\"whitespace-normal\">Obr\u00f3bki powierzchniowe zwi\u0119kszaj\u0105 odporno\u015b\u0107 na zu\u017cycie w zastosowaniach zsuwnych<\/li>\n<li class=\"whitespace-normal\">\u0141\u0105czenie materia\u0142\u00f3w innych ni\u017c TiNbZrSn wymaga wybrania odpowiedniego procesu<\/li>\n<li class=\"whitespace-normal\">\u015acis\u0142e kwalifikacje i testy dostawc\u00f3w pomagaj\u0105 zapewni\u0107 jako\u015b\u0107 i wydajno\u015b\u0107 proszku<\/li>\n<\/ul>\n<p class=\"whitespace-pre-wrap\">Zrozumienie zale\u017cno\u015bci przetwarzanie-mikrostruktura-w\u0142a\u015bciwo\u015bci jest wa\u017cne, aby wykorzysta\u0107 pe\u0142ny potencja\u0142 tego wyj\u0105tkowego stopu.<\/p>\n<h2><strong>Cz\u0119sto zadawane pytania<\/strong><\/h2>\n<p class=\"whitespace-pre-wrap\">Oto kilka typowych pyta\u0144 dotycz\u0105cych proszku stopu TiNbZrSn:<\/p>\n<p class=\"whitespace-pre-wrap\"><strong>P: Czy proszek TiNbZrSn jest kompatybilny z drukiem 3D?<\/strong><\/p>\n<p class=\"whitespace-pre-wrap\">A. Tak, rozpylany gazowo TiNbZrSn o kontrolowanej wielko\u015bci cz\u0105stek i wysokiej sferyczno\u015bci mo\u017ce by\u0107 u\u017cywany w technologii topienia proszk\u00f3w oraz osadzania energii ukierunkowanej AM. Parametry nale\u017cy zoptymalizowa\u0107, aby osi\u0105gn\u0105\u0107 wysok\u0105 g\u0119sto\u015b\u0107.<\/p>\n<p class=\"whitespace-pre-wrap\"><strong>P: Jaki rozmiar cz\u0105stek jest najlepszy do produkcji addytywnej?<\/strong><\/p>\n<p class=\"whitespace-pre-wrap\">A: zalecana jest granulacja 15\u201345 mikron\u00f3w, co zapewnia dobry przep\u0142yw i zag\u0119szczenie proszku. W przypadku niekt\u00f3rych zastosowa\u0144 wymagaj\u0105cych grubszych warstw, z powodzeniem drukowano r\u00f3wnie\u017c wi\u0119ksze granulki do 106 mikron\u00f3w.<\/p>\n<p class=\"whitespace-pre-wrap\"><strong>P: Czy TiNbZrSn wymaga gor\u0105cego prasowania izostatycznego po wytwarzaniu przyrostowym?<\/strong><\/p>\n<p class=\"whitespace-pre-wrap\">A: HIP pomaga zmaksymalizowa\u0107 g\u0119sto\u015b\u0107, eliminowa\u0107 wewn\u0119trzne pory i poprawia\u0107 w\u0142a\u015bciwo\u015bci mechaniczne. Jednak w przypadku mniej wymagaj\u0105cych zastosowa\u0144 asortyment TiNbZrSn drukowany mo\u017ce spe\u0142nia\u0107 wymagania bez HIP.<\/p>\n<p class=\"whitespace-pre-wrap\"><strong>Q: Czy mo\u017cna obrabia\u0107 i szlifowa\u0107 stop TiNbZrSn?<\/strong><\/p>\n<p class=\"whitespace-pre-wrap\">Odp.: Tak, ale wymaga to sztywnych ustawie\u0144, ch\u0142odziwa wysokoci\u015bnieniowego, ostrych narz\u0119dzi z w\u0119glika i drobnych materia\u0142\u00f3w \u015bciernych. Pr\u0119dko\u015bci i posuwy musz\u0105 by\u0107 ni\u017csze ni\u017c w przypadku konwencjonalnych stop\u00f3w z powodu jego twardo\u015bci.<\/p>\n<p class=\"whitespace-pre-wrap\"><strong>P: Czy TiNbZrSn nadaje si\u0119 do implant\u00f3w biomedycznych?<\/strong><\/p>\n<p class=\"whitespace-pre-wrap\">A: Tak, by\u0142 u\u017cyty do p\u0142ytek kostnych, implant\u00f3w biodrowych i kolanowych dzi\u0119ki swojej biokompatybilno\u015bci, niskiemu modu\u0142owi i du\u017cej wytrzyma\u0142o\u015bci idealnej dla urz\u0105dze\u0144 no\u015bnych. Proszek klasy 23 ELI zapewnia potrzebn\u0105 czysto\u015b\u0107.<\/p>\n<p class=\"whitespace-pre-wrap\"><strong>P: Do czego typowo stosuje si\u0119 stop TiNbZrSn?<\/strong><\/p>\n<p class=\"whitespace-pre-wrap\">A: Komponenty lotnicze, takie jak podwozie, spr\u0119\u017cyny samochodowe i elementy mocuj\u0105ce, implanty biomedyczne, p\u0142yty pancerza, turbiny do wytwarzania energii i narz\u0119dzia do formowania i t\u0142oczenia blach.<\/p>\n<h1>Wniosek<\/h1>\n<p class=\"whitespace-pre-wrap\">Podsumowuj\u0105c, sproszkowany stop TiNbZrSn oferuje wyj\u0105tkow\u0105 wytrzyma\u0142o\u015b\u0107 w po\u0142\u0105czeniu z nisk\u0105 g\u0119sto\u015bci\u0105, elastyczno\u015bci\u0105 i twardo\u015bci\u0105, w odr\u00f3\u017cnieniu od jakichkolwiek innych konwencjonalnych lub zaawansowanych stop\u00f3w. Pomimo wy\u017cszych koszt\u00f3w, wiele krytycznych zastosowa\u0144 wydajno\u015bciowych uzasadnia wydatek, gdy optymalne w\u0142a\u015bciwo\u015bci materia\u0142u maj\u0105 kluczowe znaczenie. Wraz z rozszerzon\u0105 dost\u0119pno\u015bci\u0105 i sta\u0142ymi innowacjami, wyj\u0105tkowe mo\u017cliwo\u015bci TiNbZrSn b\u0119d\u0105 wykorzystywane w wi\u0119kszej liczbie bran\u017c w nadchodz\u0105cych latach.<\/p>\n<p><\/span><\/span><\/p>","protected":false},"excerpt":{"rendered":"<p>Sk\u0142ad proszku stopu TiNbZrSn Proszek stopu TiNbZrSn sk\u0142ada si\u0119 z nast\u0119puj\u0105cych element\u00f3w: Pierwiastek Waga % Tytan (Ti) 35-40% Niob (Nb) 35-40% Cyrkon (Zr) 5-10% Cyna (Sn) 5-10% To precyzyjne po\u0142\u0105czenie tytanu, niobu, cyrkonu i cyny skutkuje stopem o wyj\u0105tkowej wytrzyma\u0142o\u015bci, twardo\u015bci i elastyczno\u015bci w por\u00f3wnaniu do konwencjonalnych stop\u00f3w. Zawarto\u015b\u0107 niobu w szczeg\u00f3lno\u015bci...<\/p>","protected":false},"featured_media":1879,"parent":0,"template":"","meta":{"_acf_changed":false,"_kad_blocks_custom_css":"","_kad_blocks_head_custom_js":"","_kad_blocks_body_custom_js":"","_kad_blocks_footer_custom_js":"","_kad_post_transparent":"","_kad_post_title":"","_kad_post_layout":"","_kad_post_sidebar_id":"","_kad_post_content_style":"","_kad_post_vertical_padding":"","_kad_post_feature":"","_kad_post_feature_position":"","_kad_post_header":false,"_kad_post_footer":false,"_kad_post_classname":""},"product-category":[119,123],"class_list":["post-3941","product","type-product","status-publish","has-post-thumbnail","hentry","product-category-3d-printing-metal-powder","product-category-titanium-based-alloy-powder"],"acf":[],"taxonomy_info":{"product-category":[{"value":119,"label":"3D Printing Metal Powder"},{"value":123,"label":"Titanium Based Alloy Powder"}]},"featured_image_src_large":["https:\/\/3dpmetal.com\/wp-content\/uploads\/2024\/02\/Titanium-alloy-powder.jpg",600,600,false],"author_info":[],"comment_info":"","_links":{"self":[{"href":"https:\/\/3dpmetal.com\/pl\/wp-json\/wp\/v2\/product\/3941","targetHints":{"allow":["GET"]}}],"collection":[{"href":"https:\/\/3dpmetal.com\/pl\/wp-json\/wp\/v2\/product"}],"about":[{"href":"https:\/\/3dpmetal.com\/pl\/wp-json\/wp\/v2\/types\/product"}],"wp:featuredmedia":[{"embeddable":true,"href":"https:\/\/3dpmetal.com\/pl\/wp-json\/wp\/v2\/media\/1879"}],"wp:attachment":[{"href":"https:\/\/3dpmetal.com\/pl\/wp-json\/wp\/v2\/media?parent=3941"}],"wp:term":[{"taxonomy":"product-category","embeddable":true,"href":"https:\/\/3dpmetal.com\/pl\/wp-json\/wp\/v2\/product-category?post=3941"}],"curies":[{"name":"wp","href":"https:\/\/api.w.org\/{rel}","templated":true}]}}