{"id":3944,"date":"2024-03-18T06:10:15","date_gmt":"2024-03-18T06:10:15","guid":{"rendered":"https:\/\/3dp.45612300.xyz\/product\/aermet100-stainless-steel-powder\/"},"modified":"2024-03-18T06:10:15","modified_gmt":"2024-03-18T06:10:15","slug":"aermet100-stainless-steel-powder","status":"publish","type":"product","link":"https:\/\/3dpmetal.com\/pl\/product\/aermet100-stainless-steel-powder\/","title":{"rendered":"Proszek ze stali nierdzewnej AerMet100"},"content":{"rendered":"<p><span style=\"vertical-align: inherit;\"><span style=\"vertical-align: inherit;\"><\/p>\n<p class=\"whitespace-pre-wrap\">AerMet100 stainless steel powder to wysokowydajny proszek ze stopu przeznaczony do zastosowa\u0144 w produkcji przyrostowej wymagaj\u0105cych du\u017cej wytrzyma\u0142o\u015bci i odporno\u015bci zm\u0119czeniowej. Do najwa\u017cniejszych w\u0142a\u015bciwo\u015bci materia\u0142u nale\u017c\u0105:<\/p>\n<ul class=\"list-disc pl-8 space-y-2\">\n<li class=\"whitespace-normal\">Wysoka wytrzyma\u0142o\u015b\u0107 i twardo\u015b\u0107 \u2014 AerMet100 zapewnia niezr\u00f3wnan\u0105 wytrzyma\u0142o\u015b\u0107 z wytrzyma\u0142o\u015bci\u0105 na rozci\u0105ganie wynosz\u0105c\u0105 ponad 200 ksi i twardo\u015bci\u0105 w zakresie od 30 do 36 HRC.<\/li>\n<li class=\"whitespace-normal\">Dobra ci\u0105gliwo\u015b\u0107 \u2014 Pomimo wysokiej wytrzyma\u0142o\u015bci, AerMet100 nadal zachowuje odpowiedni\u0105 ci\u0105gliwo\u015b\u0107 i odporno\u015b\u0107 na uderzenia. Warto\u015bci wyd\u0142u\u017cenia wynosz\u0105 ponad 10%.<\/li>\n<li class=\"whitespace-normal\">Doskona\u0142a odporno\u015b\u0107 na zm\u0119czenie - Granica zm\u0119czeniowa materia\u0142u AerMet100 jest bardzo wysoka i wynosi ok. 50% wytrzyma\u0142o\u015bci na rozci\u0105ganie. Umo\u017cliwia to produkcj\u0119 trwa\u0142ych element\u00f3w nara\u017conych na cykliczne napr\u0119\u017cenia.<\/li>\n<li class=\"whitespace-normal\">Odporno\u015b\u0107 na pe\u0142zanie &#8211; AerMet100 opiera si\u0119 odkszta\u0142ceniom pod wp\u0142ywem obci\u0105\u017cenia w wysokich temperaturach a\u017c do 700\u00a1\u00abC, dzi\u0119ki czemu nadaje si\u0119 do zastosowa\u0144 maj\u0105cych miejsce w podwy\u017cszonych temperaturach.<\/li>\n<li class=\"whitespace-normal\">Odporno\u015b\u0107 na korozj\u0119 &#8211; sk\u0142ad stali nierdzewnej zapewnia odporno\u015b\u0107 na korozj\u0119 i utlenienie, dzi\u0119ki czemu mo\u017ce by\u0107 stosowana w trudnych warunkach.<\/li>\n<li class=\"whitespace-normal\">Spawalno\u015b\u0107 \u2014 Niska zawarto\u015b\u0107 w\u0119gla umo\u017cliwia swobodne spawanie przy u\u017cyciu standardowych metod spajania z topieniem.<\/li>\n<li class=\"whitespace-normal\">Op\u0142acalno\u015b\u0107 &#8211; AerMet100 jest ta\u0144szy ni\u017c inne egzotyczne stopy o podobnych w\u0142a\u015bciwo\u015bciach.<\/li>\n<\/ul>\n<p class=\"whitespace-pre-wrap\">Ta wyj\u0105tkowa r\u00f3wnowaga w\u0142a\u015bciwo\u015bci sprawia, \u017ce AerMet100 nadaje si\u0119 do wymagaj\u0105cych zastosowa\u0144 w przemy\u015ble lotniczym, wydobywczym, motoryzacyjnym i przemy\u015ble ci\u0119\u017ckim. Cz\u0119\u015bci wykonane z proszku AerMet100 cechuje wysoki stosunek wytrzyma\u0142o\u015bci do masy, wytrzyma\u0142o\u015b\u0107 i niezawodno\u015b\u0107 w normalnych warunkach roboczych.<\/p>\n<h2>Sk\u0142ad proszku ze stali nierdzewnej AerMet100<\/h2>\n<p class=\"whitespace-pre-wrap\">AerMet100 ma sk\u0142ad martenzytycznej stali nierdzewnej z dodatkami kobaltu, niklu i molibdenu w celu zwi\u0119kszenia wytrzyma\u0142o\u015bci i twardo\u015bci. Nominalny sk\u0142ad podano poni\u017cej:<\/p>\n<table>\n<thead>\n<tr>\n<th>Element<\/th>\n<th>Waga %<\/th>\n<\/tr>\n<\/thead>\n<tbody>\n<tr>\n<td>\u017belazo (Fe)<\/td>\n<td>R\u00f3wnowaga<\/td>\n<\/tr>\n<tr>\n<td>Chrom (Cr)<\/td>\n<td>15.0 &#8211; 17.0<\/td>\n<\/tr>\n<tr>\n<td>Nikiel (Ni)<\/td>\n<td>7.0 &#8211; 10.0<\/td>\n<\/tr>\n<tr>\n<td>Kobalt (Co)<\/td>\n<td>8.0 &#8211; 10.0<\/td>\n<\/tr>\n<tr>\n<td>Molybden (Mo)<\/td>\n<td>4.0 &#8211; 5.0<\/td>\n<\/tr>\n<tr>\n<td>Mangan (Mn)<\/td>\n<td>&lt; 1,0<\/td>\n<\/tr>\n<tr>\n<td>Krzem (Si)<\/td>\n<td>&lt; 1,0<\/td>\n<\/tr>\n<tr>\n<td>W\u0119giel (C)<\/td>\n<td>&lt; 0.03<\/td>\n<\/tr>\n<\/tbody>\n<\/table>\n<p class=\"whitespace-pre-wrap\">G\u0142\u00f3wne domieszki stopowe i ich dzia\u0142anie:<\/p>\n<ul class=\"list-disc pl-8 space-y-2\">\n<li class=\"whitespace-normal\"><strong>Chrom<\/strong>?- Zapewnia odporno\u015b\u0107 na korozj\u0119 i utlenianie<\/li>\n<li class=\"whitespace-normal\"><strong>Nikiel<\/strong>?- Zwi\u0119ksza twardo\u015b\u0107 i ci\u0105gliwo\u015b\u0107<\/li>\n<li class=\"whitespace-normal\"><strong>Kobalt<\/strong>? - Wzmacnia sta\u0142e roztwory, zwi\u0119ksza wytrzyma\u0142o\u015b\u0107<\/li>\n<li class=\"whitespace-normal\"><strong>Molybd\u00e4n<\/strong>?- Utrwalacz w roztworze sta\u0142ym, zwi\u0119ksza wytrzyma\u0142o\u015b\u0107 i odporno\u015b\u0107 na pe\u0142zanie<\/li>\n<li class=\"whitespace-normal\"><strong>Mangan &amp; Krzem<\/strong>?- Deoksydatory do poprawy produkcji proszku<\/li>\n<li class=\"whitespace-normal\"><strong>W\u0119giel<\/strong>?- Trzymane nisko dla lepszej spawalno\u015bci<\/li>\n<\/ul>\n<p class=\"whitespace-pre-wrap\">Po\u0142\u0105czenie tych pierwiastk\u00f3w sprawia, \u017ce stal nierdzewna AerMet100 posiada wyj\u0105tkowe w\u0142a\u015bciwo\u015bci.<\/p>\n<h2>W\u0142a\u015bciwo\u015bci proszku ze stali nierdzewnej AerMet100<\/h2>\n<p class=\"whitespace-pre-wrap\">AerMet100 exhibits following physical and mechanical properties in as-built AM and heat treated conditions:<\/p>\n<table>\n<thead>\n<tr>\n<th>Nieruchomo\u015b\u0107<\/th>\n<th>As-Built<\/th>\n<th>Poddane obr\u00f3bce cieplnej<\/th>\n<\/tr>\n<\/thead>\n<tbody>\n<tr>\n<td><strong>G\u0119sto\u015b\u0107<\/strong><\/td>\n<td>7,9 g\/cm\u00b3<\/td>\n<td>7,9 g\/cm\u00b3<\/td>\n<\/tr>\n<tr>\n<td><strong>Porowato\u015b\u0107<\/strong><\/td>\n<td>&lt; 1 %<\/td>\n<td>&lt; 1 %<\/td>\n<\/tr>\n<tr>\n<td><strong>Chropowato\u015b\u0107 powierzchni (Ra)<\/strong><\/td>\n<td>15\u201325\u00b5m<\/td>\n<td>15\u201325\u00b5m<\/td>\n<\/tr>\n<tr>\n<td><strong>Twardo\u015b\u0107<\/strong><\/td>\n<td>30-35 HRC<\/td>\n<td>34-38 HRC<\/td>\n<\/tr>\n<tr>\n<td><strong>Odporno\u015b\u0107 na rozci\u0105ganie<\/strong><\/td>\n<td>170-190 ksi<\/td>\n<td>190\u2013220 ksi<\/td>\n<\/tr>\n<tr>\n<td><strong>Napi\u0119cie granicy plastyczno\u015bci (odpowiednio 0,2%)<\/strong><\/td>\n<td>160-180 ksi<\/td>\n<td>180-210 ksi<\/td>\n<\/tr>\n<tr>\n<td><strong>Wyd\u0142u\u017cenie<\/strong><\/td>\n<td>8-13%<\/td>\n<td>10-15%<\/td>\n<\/tr>\n<tr>\n<td><strong>Redukcja pola<\/strong><\/td>\n<td>15-25%<\/td>\n<td>15-25%<\/td>\n<\/tr>\n<tr>\n<td><strong>Modu\u0142 spr\u0119\u017cysto\u015bci<\/strong><\/td>\n<td>27-30 Mmsi<\/td>\n<td>29-32 Msi<\/td>\n<\/tr>\n<tr>\n<td><strong>CTE (70-400\u00ba C)<\/strong><\/td>\n<td>11-12 \u00c3\u2014m\/m\u00a1\u00abC<\/td>\n<td>11-12 \u00c3\u2014m\/m\u00a1\u00abC<\/td>\n<\/tr>\n<tr>\n<td><strong>Przewodno\u015b\u0107<\/strong><\/td>\n<td>25-30% IACS<\/td>\n<td>25-30% IACS<\/td>\n<\/tr>\n<\/tbody>\n<\/table>\n<p class=\"whitespace-pre-wrap\">W\u0142a\u015bciwo\u015bci czyni\u0105 AerMet100 odpowiednim materia\u0142em dla element\u00f3w konstrukcyjnych o wysokiej wytrzyma\u0142o\u015bci, element\u00f3w mocuj\u0105cych do zastosowa\u0144 w przemy\u015ble lotniczym, narz\u0119dzi do pracy w otworach wiertniczych, zawor\u00f3w i pomp, a tak\u017ce innych kluczowych cz\u0119\u015bci, dla kt\u00f3rych odporno\u015b\u0107 na zm\u0119czenie materia\u0142owe jest najwa\u017cniejsza.<\/p>\n<h2>Zastosowanie proszkowego stopu nierdzewnego AerMet100<\/h2>\n<p class=\"whitespace-pre-wrap\">Wyj\u0105tkowe w\u0142a\u015bciwo\u015bci AerMet100 sprawiaj\u0105, \u017ce jest on doskona\u0142ym wyborem do nast\u0119puj\u0105cych zastosowa\u0144:<\/p>\n<h3>Astronautyka<\/h3>\n<ul class=\"list-disc pl-8 space-y-2\">\n<li class=\"whitespace-normal\">Konsole konstrukcyjne, zastrza\u0142y, elementy kad\u0142ub\u00f3w<\/li>\n<li class=\"whitespace-normal\">Cz\u0119\u015bci podwozia, elementy skrzyde\u0142, stateczniki<\/li>\n<li class=\"whitespace-normal\">Mocowania silnika, elementy uk\u0142adu wydechowego<\/li>\n<li class=\"whitespace-normal\">\u0141opatki turbin, wirniki, cz\u0119\u015bci spr\u0119\u017carek<\/li>\n<li class=\"whitespace-normal\">\u0141\u0105czniki wysokowytrzyma\u0142o\u015bci, \u015bruby, nakr\u0119tki, nity<\/li>\n<\/ul>\n<h3>Ropa i Gaz<\/h3>\n<ul class=\"list-disc pl-8 space-y-2\">\n<li class=\"whitespace-normal\">Narz\u0119dzia wiertnicze do odwiert\u00f3w i ich cz\u0119\u015bci<\/li>\n<li class=\"whitespace-normal\">Cz\u0119\u015bci odwiertu, zawory, pompy<\/li>\n<li class=\"whitespace-normal\">Aparaty ci\u015bnieniowe, armatura rurowa<\/li>\n<li class=\"whitespace-normal\">Elementy konstrukcyjne podwodne\/zanurzone<\/li>\n<\/ul>\n<h3>Motoryzacja<\/h3>\n<ul class=\"list-disc pl-8 space-y-2\">\n<li class=\"whitespace-normal\">Elementy wytwor\u00f3w mocy<\/li>\n<li class=\"whitespace-normal\">Cz\u0119\u015bci uk\u0142ad\u00f3w nap\u0119dowych jak ko\u0142a z\u0119bate, wa\u0142y<\/li>\n<li class=\"whitespace-normal\">Rozp\u00f3rki konstrukcyjne, elementy konstrukcji podwozia<\/li>\n<li class=\"whitespace-normal\">Wysokowydajne cz\u0119\u015bci do wy\u015bcig\u00f3w<\/li>\n<\/ul>\n<h3>Przemys\u0142owy<\/h3>\n<ul class=\"list-disc pl-8 space-y-2\">\n<li class=\"whitespace-normal\">Cz\u0119\u015bci robot\u00f3w nara\u017cone na zu\u017cycie i udary<\/li>\n<li class=\"whitespace-normal\">Matryce, formy, narz\u0119dzia<\/li>\n<li class=\"whitespace-normal\">Cz\u0119\u015bci do obs\u0142ugi cieczy, takie jak zawory i pompy<\/li>\n<li class=\"whitespace-normal\">Inne podzespo\u0142y mocno obci\u0105\u017cone du\u017cymi cyklami<\/li>\n<\/ul>\n<p class=\"whitespace-pre-wrap\">Znakomita wytrzyma\u0142o\u015b\u0107 zm\u0119czeniowa materia\u0142u AerMet100 sprawia, \u017ce nadaje si\u0119 on idealnie na zamiennik dla tradycyjnie wytwarzanych z tytanu lub stop\u00f3w niklu komponent\u00f3w. Wysoka twardo\u015b\u0107 zapewnia r\u00f3wnie\u017c dobr\u0105 odporno\u015b\u0107 na zu\u017cycie.<\/p>\n<h2>Specyfikacja proszku ze stali nierdzewnej AerMet100<\/h2>\n<p class=\"whitespace-pre-wrap\">Produkty z proszku AerMet100 spe\u0142niaj\u0105 poni\u017csze specyfikacje:<\/p>\n<table>\n<thead>\n<tr>\n<th><strong>Specyfikacja<\/strong><\/th>\n<th><strong>Gatunek\/Stop<\/strong><\/th>\n<\/tr>\n<\/thead>\n<tbody>\n<tr>\n<td>AMS 7245<\/td>\n<td>AerMet100<\/td>\n<\/tr>\n<tr>\n<td>ASTM F3056<\/td>\n<td>AlloySpec 23A<\/td>\n<\/tr>\n<tr>\n<td>DIN 17224<\/td>\n<td>X3NiCoMoAl 15-7-3<\/td>\n<\/tr>\n<\/tbody>\n<\/table>\n<p class=\"whitespace-pre-wrap\">Typowe rozk\u0142ady wielko\u015bci dla przetwarzania AM:<\/p>\n<table>\n<thead>\n<tr>\n<th><strong>Wielko\u015b\u0107 cz\u0105stek<\/strong><\/th>\n<th><strong>Dystrybucja<\/strong><\/th>\n<\/tr>\n<\/thead>\n<tbody>\n<tr>\n<td>15-53 xm<\/td>\n<td>98%<\/td>\n<\/tr>\n<tr>\n<td>&lt;106 \u00b5m<\/td>\n<td>99%<\/td>\n<\/tr>\n<\/tbody>\n<\/table>\n<p class=\"whitespace-pre-wrap\">Sk\u0142ad chemiczny musi by\u0107 zgodny z dopuszczalnym zakresem pierwiastk\u00f3w, takich jak Cr, Ni, Co, Mo, C, itp. zgodnie ze specyfikacj\u0105 AMS 7245 dla stopu AerMet100.<\/p>\n<p class=\"whitespace-pre-wrap\">W\u0142a\u015bciwo\u015bci mechaniczne powinny powtarza\u0107 lub przekracza\u0107 warto\u015bci minimalne dla twardo\u015bci, wytrzyma\u0142o\u015bci na rozci\u0105ganie, granicy plastyczno\u015bci, wyd\u0142u\u017cenia i przew\u0119\u017cenia podane w normie AMS 7245.<\/p>\n<p class=\"whitespace-pre-wrap\">Nieniszcz\u0105ce badanie jak sprawdzanie penetracji barwnikiem lub badanie cz\u0105stek magnetycznych nie powinno ujawni\u0107 \u017cadnych krytycznych wad lub uszkodze\u0144. Proszek powinien dobrze si\u0119 rozprowadza\u0107 i nie wykazywa\u0107 tendencji do zlepiania si\u0119.<\/p>\n<h2>Dostawcy proszku ze stali nierdzewnej AerMet100 i ceny<\/h2>\n<p class=\"whitespace-pre-wrap\">Proszek AerMet100 jest dost\u0119pny u nast\u0119puj\u0105cych g\u0142\u00f3wnych dostawc\u00f3w:<\/p>\n<table>\n<thead>\n<tr>\n<th><strong>Dostawca<\/strong><\/th>\n<th><strong>Oznaczenie produktu<\/strong><\/th>\n<th><strong>Przedzia\u0142 cenowy za kg<\/strong><\/th>\n<\/tr>\n<\/thead>\n<tbody>\n<tr>\n<td>Carpenter Additive<\/td>\n<td>CarTech AerMet100<\/td>\n<td>$85-110<\/td>\n<\/tr>\n<tr>\n<td>Hagans<\/td>\n<td>Digital Metal DM100<\/td>\n<td>$90-120<\/td>\n<\/tr>\n<tr>\n<td>Praxair<\/td>\n<td>TRU100<\/td>\n<td>$80-100<\/td>\n<\/tr>\n<tr>\n<td>Sandvik Osprey<\/td>\n<td>Osprey Met 100<\/td>\n<td>$75-95<\/td>\n<\/tr>\n<\/tbody>\n<\/table>\n<p class=\"whitespace-pre-wrap\">Ceny wahaj\u0105 si\u0119 w zale\u017cno\u015bci od wielko\u015bci zam\u00f3wienia, rozmiar\u00f3w partii, dystrybutora regionalnego i innych rabat\u00f3w. Mniejsze ilo\u015bci badawcze mog\u0105 kosztowa\u0107 wi\u0119cej ni\u017c wielkie ilo\u015bci produkcyjne.<\/p>\n<h2>Przechowywanie i obs\u0142uga<\/h2>\n<p class=\"whitespace-pre-wrap\">W celu utrzymania jako\u015bci proszku AerMet100 do zastosowa\u0144 w druku 3D, nale\u017cy przestrzega\u0107 nast\u0119puj\u0105cych wskaz\u00f3wek dotycz\u0105cych przechowywania i obs\u0142ugi:<\/p>\n<ul class=\"list-disc pl-8 space-y-2\">\n<li class=\"whitespace-normal\">Przechowywa\u0107 zamkni\u0119te zasobniki w ch\u0142odnym i suchym miejscu, z dala od wilgoci i \u017ar\u00f3de\u0142 zanieczyszczenia<\/li>\n<li class=\"whitespace-normal\">Unikaj wystawiania proszku na dzia\u0142anie wysokiej wilgotno\u015bci (&gt;60% RH) przez d\u0142u\u017cszy czas<\/li>\n<li class=\"whitespace-normal\">Przed otwarciem pojemnika pozw\u00f3l proszkowi dostosowa\u0107 si\u0119 do temperatury pokojowej, aby zapobiec kondensacji<\/li>\n<li class=\"whitespace-normal\">Odlewa\u0107 i przenosi\u0107 proszek w \u015brodowiskach oboj\u0119tnych, je\u015bli to mo\u017cliwe, z nisk\u0105 zawarto\u015bci\u0105 tlenu<\/li>\n<li class=\"whitespace-normal\">Stosuj urz\u0105dzenia do post\u0119powania z proszkami i ich wyposa\u017cenie wykonane z kompatybilnych materia\u0142\u00f3w, aby zapobiec zanieczyszczeniu<\/li>\n<li class=\"whitespace-normal\">Ogranicz ponowne u\u017cycie proszku maksymalnie do 2\u20133 cykli, aby zapobiec pogorszeniu w\u0142a\u015bciwo\u015bci<\/li>\n<li class=\"whitespace-normal\">Przeprowad\u017a badanie u\u017cytego proszku, aby upewni\u0107 si\u0119, \u017ce spe\u0142nia on nadal wszystkie specyfikacje dotycz\u0105ce ponownego wykorzystania<\/li>\n<\/ul>\n<p class=\"whitespace-pre-wrap\">Odpowiednie przechowywanie i ostro\u017cne obchodzenie s\u0105 kluczowe, gdy chcemy zapobiec utlenianiu, zanieczyszczeniu lub zmianom sypko\u015bci proszku.<\/p>\n<h2>Informacje dotycz\u0105ce bezpiecze\u0144stwa<\/h2>\n<ul class=\"list-disc pl-8 space-y-2\">\n<li class=\"whitespace-normal\">Korzystaj z \u015aOI podczas pracy z proszkiem \u2013 r\u0119kawice, maska ochronna, gogle<\/li>\n<li class=\"whitespace-normal\">Unikaj kontaktu ze sk\u00f3r\u0105, aby zapobiec ewentualnej reakcji alergicznej<\/li>\n<li class=\"whitespace-normal\">Unika\u0107 wdychania drobnych drobin przez d\u0142u\u017cszy czas<\/li>\n<li class=\"whitespace-normal\">Zapewnij odpowiedni\u0105 wentylacj\u0119, a tak\u017ce filtracj\u0119 zapewniaj\u0105c\u0105 usuwanie py\u0142u w czasie pracy<\/li>\n<li class=\"whitespace-normal\">Korzystaj z narz\u0119dzi nieiskrz\u0105cych podczas dozowania i obchodzenia si\u0119 z proszkami<\/li>\n<li class=\"whitespace-normal\">Do proszkowego obchodzenia zalecana jest kocowanie gazem oboj\u0119tnym<\/li>\n<li class=\"whitespace-normal\">Przestrzega\u0107 wszystkich obowi\u0105zuj\u0105cych zalece\u0144 arkusza danych bezpiecze\u0144stwa (SDS)<\/li>\n<li class=\"whitespace-normal\">Nale\u017cy pozby\u0107 si\u0119 jej zgodnie z miejscowymi przepisami i zapewni\u0107 zamkni\u0119cie<\/li>\n<\/ul>\n<p class=\"whitespace-pre-wrap\">Sproszkowane stopy AerMet100 nie s\u0105 materia\u0142em niebezpiecznym, jednak podczas przechowywania, obr\u00f3bki i przetwarzania zaleca si\u0119 stosowanie podstawowych zasad bezpiecze\u0144stwa.<\/p>\n<h2>Inspekcja i badania<\/h2>\n<p class=\"whitespace-pre-wrap\">Aby zagwarantowa\u0107, \u017ce proszek AerMet100 spe\u0142nia specyfikacje, mo\u017cna zastosowa\u0107 nast\u0119puj\u0105ce procedury kontroli i testowania:<\/p>\n<table>\n<thead>\n<tr>\n<th><strong>Metoda badawcza<\/strong><\/th>\n<th><strong>Nieruchomo\u015b\u0107 zweryfikowana<\/strong><\/th>\n<\/tr>\n<\/thead>\n<tbody>\n<tr>\n<td>Wizualna inspekcja<\/td>\n<td>Przep\u0142yw proszku, zanieczyszczenie<\/td>\n<\/tr>\n<tr>\n<td>Mikroskopia skaningowa<\/td>\n<td>Rozk\u0142ad wielko\u015bci cz\u0105stek i morfologia<\/td>\n<\/tr>\n<tr>\n<td>Energodyspersyjna spektroskopia rentgenowska<\/td>\n<td>Chemia stop\u00f3w, zanieczyszczenie<\/td>\n<\/tr>\n<tr>\n<td>Dyfrakcja Rentgena<\/td>\n<td>Obecne fazy, zanieczyszczenia<\/td>\n<\/tr>\n<tr>\n<td>Przep\u0142ywomierz halowy<\/td>\n<td>Wska\u017anik przep\u0142ywu proszku<\/td>\n<\/tr>\n<tr>\n<td>G\u0119sto\u015b\u0107 Nasypowa<\/td>\n<td>G\u0119sto\u015b\u0107 nape\u0142nienia proszku<\/td>\n<\/tr>\n<tr>\n<td>Test g\u0119sto\u015bci stukowej<\/td>\n<td>P\u0142ynno\u015b\u0107 proszk\u00f3w<\/td>\n<\/tr>\n<tr>\n<td>Analiza sitowa<\/td>\n<td>Rozk\u0142ad rozmiar\u00f3w cz\u0105stek wg normy ASTM B214<\/td>\n<\/tr>\n<tr>\n<td>Analiza chemiczna<\/td>\n<td>Sk\u0142ad na podstawie normy AMS 7245, tlenki<\/td>\n<\/tr>\n<tr>\n<td>Pomiary g\u0119sto\u015bci<\/td>\n<td>G\u0119sto\u015b\u0107 proszku wg AMS 7245<\/td>\n<\/tr>\n<\/tbody>\n<\/table>\n<p class=\"whitespace-pre-wrap\">Badania mechaniczne odcisk\u00f3w zgodnie z AMS 7245 potwierdzaj\u0105, \u017ce w\u0142a\u015bciwo\u015bci cz\u0119\u015bci ostatecznych spe\u0142niaj\u0105 wymagania. Metody badania obejmuj\u0105 twardo\u015b\u0107, rozci\u0105ganie, uderzenia Charpy, zm\u0119czenie wysokocyklowe, zm\u0119czenie ma\u0142ocyklowe, p\u0119kanie pe\u0142zaj\u0105ce, odporno\u015b\u0107 na p\u0119kanie, korozj\u0119 itp.<\/p>\n<h2>Por\u00f3wnanie proszku ze stali nierdzewnej AerMet100 z podobnymi materia\u0142ami<\/h2>\n<p class=\"whitespace-pre-wrap\">AerMet100 w por\u00f3wnaniu do innych wysokowytrzyma\u0142ych martenzytycznych stali nierdzewnych prezentuje si\u0119 nast\u0119puj\u0105co:<\/p>\n<table>\n<thead>\n<tr>\n<th><strong>Stop<\/strong><\/th>\n<th><strong>Si\u0142a<\/strong><\/th>\n<th><strong>Kowalno\u015b\u0107<\/strong><\/th>\n<th><strong>Zdatno\u015b\u0107 spawalnicza<\/strong><\/th>\n<th><strong>Koszt<\/strong><\/th>\n<\/tr>\n<\/thead>\n<tbody>\n<tr>\n<td>AerMet100<\/td>\n<td>Bardzo wysokie<\/td>\n<td>\u015arednia<\/td>\n<td>Uczciwa<\/td>\n<td>\u015arednia<\/td>\n<\/tr>\n<tr>\n<td>17-4PH<\/td>\n<td>Wysoki<\/td>\n<td>Niski<\/td>\n<td>Biedny<\/td>\n<td>Niski<\/td>\n<\/tr>\n<tr>\n<td>Custom 465<\/td>\n<td>Bardzo wysokie<\/td>\n<td>Niski<\/td>\n<td>Biedny<\/td>\n<td>Wysoki<\/td>\n<\/tr>\n<tr>\n<td>316L<\/td>\n<td>\u015arednia<\/td>\n<td>Wysoki<\/td>\n<td>Wy\u015bmienicie<\/td>\n<td>Niski<\/td>\n<\/tr>\n<tr>\n<td>Inconel 718<\/td>\n<td>Wysoki<\/td>\n<td>Wysoki<\/td>\n<td>\u015arednia<\/td>\n<td>Bardzo wysokie<\/td>\n<\/tr>\n<\/tbody>\n<\/table>\n<p class=\"whitespace-pre-wrap\"><strong>Zalety AerMet100:<\/strong><\/p>\n<ul class=\"list-disc pl-8 space-y-2\">\n<li class=\"whitespace-normal\">Wy\u017csza wytrzyma\u0142o\u015b\u0107 ni\u017c 17-4PH i 316L<\/li>\n<li class=\"whitespace-normal\">Wy\u017csza ci\u0105gliwo\u015b\u0107 ni\u017c Custom 465 zapewniaj\u0105ca wi\u0119ksz\u0105 odporno\u015b\u0107 na uderzenia<\/li>\n<li class=\"whitespace-normal\">Lepiej spawalne ni\u017c stopy utwardzane wydzieleniowo<\/li>\n<li class=\"whitespace-normal\">Ni\u017cszy koszt ni\u017c Inconel 718<\/li>\n<\/ul>\n<p class=\"whitespace-pre-wrap\"><strong>Ograniczenia AerMet100:<\/strong><\/p>\n<ul class=\"list-disc pl-8 space-y-2\">\n<li class=\"whitespace-normal\">Mniejsza ci\u0105gliwo\u015b\u0107 \/ odporno\u015b\u0107 na p\u0119kanie ni\u017c austenityczna 316L.<\/li>\n<li class=\"whitespace-normal\">Gorsza spawalno\u015b\u0107 ni\u017c 316L<\/li>\n<li class=\"whitespace-normal\">Koszty wy\u017csze ni\u017c przypadku 17-4PH lub 316L<\/li>\n<li class=\"whitespace-normal\">Mniejsza wytrzyma\u0142o\u015b\u0107 ni\u017c Custom 465 w stanie maksymalnej staro\u015bci<\/li>\n<\/ul>\n<p class=\"whitespace-pre-wrap\">Og\u00f3lnie rzecz bior\u0105c, AerMet100 zapewnia optymaln\u0105 kombinacj\u0119 wytrzyma\u0142o\u015bci, plastyczno\u015bci, spawalno\u015bci i koszt\u00f3w w przypadku cz\u0119\u015bci o wysokiej wydajno\u015bci wytwarzanych w procesach AM.<\/p>\n<h2>FAQ<\/h2>\n<p class=\"whitespace-pre-wrap\"><strong>Q: Jakie s\u0105 kluczowe korzy\u015bci p\u0142yn\u0105ce ze stopu AerMet100?<\/strong><\/p>\n<p class=\"whitespace-pre-wrap\">A: G\u0142\u00f3wne korzy\u015bci wynikaj\u0105ce ze stosowania AerMet100 to wysoka wytrzyma\u0142o\u015b\u0107 i twardo\u015b\u0107, w po\u0142\u0105czeniu z dobr\u0105 plastyczno\u015bci\u0105, doskona\u0142\u0105 odporno\u015bci\u0105 na zm\u0119czenie, pe\u0142zanie, korozj\u0119 oraz umiarkowanym kosztem. Dzi\u0119ki temu jest on bardzo dobry do krytycznych zastosowa\u0144 addytywnych.<\/p>\n<p class=\"whitespace-pre-wrap\"><strong>Q: Jaka obr\u00f3bka cieplna jest stosowana w przypadku AerMet100?<\/strong><\/p>\n<p class=\"whitespace-pre-wrap\">A: Typowa obr\u00f3bka cieplna 1-2 godziny rozpuszczania w temperaturze 1040-1080\u00a1\u00abC, a nast\u0119pnie ch\u0142odzenie na powietrzu lub w piecu do temperatury pokojowej. Po tym utwardzanie cieplne w 480\u00a1\u00abC przez 4 godziny, aby uzyska\u0107 optymaln\u0105 wytrzyma\u0142o\u015b\u0107 i twardo\u015b\u0107.<\/p>\n<p class=\"whitespace-pre-wrap\"><strong>Jaka technika spawania mo\u017ce by\u0107 zastosowana do po\u0142\u0105czenia element\u00f3w AerMet100?<\/strong><\/p>\n<p class=\"whitespace-pre-wrap\">A: Zaleca si\u0119 stosowanie metod spawania \u0142ukowego, takich jak GTAW, GMAW i PAW, aby unikn\u0105\u0107 p\u0119kni\u0119\u0107 i zminimalizowa\u0107 odkszta\u0142cenia. Sugeruje si\u0119 r\u00f3wnie\u017c niskie ciep\u0142o wej\u015bciowe i obr\u00f3bk\u0119 m\u0142otkiem spaw\u00f3w. Lutowanie mo\u017ce r\u00f3wnie\u017c dawa\u0107 dobre spoiny.<\/p>\n<p class=\"whitespace-pre-wrap\"><strong>P: Jak AerMet100 wypada w por\u00f3wnaniu do stali martenzytycznych przy formowaniu addytywnym?<\/strong><\/p>\n<p class=\"whitespace-pre-wrap\">A: AerMet100 ma wi\u0119ksz\u0105 plastyczno\u015b\u0107, ale nieco mniejsz\u0105 wytrzyma\u0142o\u015b\u0107 ni\u017c stale utwardzane wydzieleniowo, takie jak 18Ni300 lub 18Ni350. Stale utwardzane wydzieleniowo maj\u0105 s\u0142abe w\u0142a\u015bciwo\u015bci spawalnicze. AerMet100 jest dobr\u0105, ta\u0144sz\u0105 alternatyw\u0105 dla stali utwardzanych wydzieleniowo.<\/p>\n<p class=\"whitespace-pre-wrap\"><strong>P: Czy AerMet100 mo\u017cna obrobi\u0107 maszynowo po przetworzeniu AM?<\/strong><\/p>\n<p class=\"whitespace-pre-wrap\">Odp.: Tak, AerMet 100 mo\u017cna obrabia\u0107 skrawaniem po AM, ale nale\u017cy zwr\u00f3ci\u0107 uwag\u0119 na utwardzanie wskutek obr\u00f3bki. Zalecane jest stosowanie niskich si\u0142 skrawania, narz\u0119dzi w\u0119glikowych i odpowiedniej ch\u0142odziwowody. Po obr\u00f3bce skrawaniem mog\u0105 by\u0107 wymagane wy\u017carzanie.<\/p>\n<p class=\"whitespace-pre-wrap\"><strong>P: Jaki zakres wielko\u015bci cz\u0105stek sproszkowanego AerMet100 jest optymalny do AM?<\/strong><\/p>\n<p class=\"whitespace-pre-wrap\">A: Zalecany zakres wielko\u015bci cz\u0105stek dla AM wynosi 15\u201345 \u00c3\u00d7m. Drobniejsze proszki poprawiaj\u0105 rozdzielczo\u015b\u0107, ale mog\u0105 mie\u0107 negatywny wp\u0142yw na zdolno\u015b\u0107 p\u0142yni\u0119cia. Grubsze proszki o \u015brednicy powy\u017cej 53 \u00c3\u00d7m mog\u0105 powodowa\u0107 defekty druku. Typowy zakres optymalny wynosi 25\u201335 \u00c3\u00d7m.<\/p>\n<p><\/span><\/span><\/p>","protected":false},"excerpt":{"rendered":"<p>Proszek ze stali nierdzewnej AerMet100 to wysokowydajny proszek stopowy przeznaczony do zastosowa\u0144 w produkcji addytywnej wymagaj\u0105cych wysokiej wytrzyma\u0142o\u015bci i odporno\u015bci na zm\u0119czenie. Niekt\u00f3re kluczowe cechy tego materia\u0142u obejmuj\u0105 Wysoka wytrzyma\u0142o\u015b\u0107 i twardo\u015b\u0107 - AerMet100 charakteryzuje si\u0119 doskona\u0142\u0105 wytrzyma\u0142o\u015bci\u0105 na rozci\u0105ganie powy\u017cej 200 ksi i twardo\u015bci\u0105 w zakresie 30-36 HRC. Dobra ci\u0105gliwo\u015b\u0107 - pomimo wysokiej wytrzyma\u0142o\u015bci,...<\/p>","protected":false},"featured_media":1950,"parent":0,"template":"","meta":{"_acf_changed":false,"_kad_blocks_custom_css":"","_kad_blocks_head_custom_js":"","_kad_blocks_body_custom_js":"","_kad_blocks_footer_custom_js":"","_kad_post_transparent":"","_kad_post_title":"","_kad_post_layout":"","_kad_post_sidebar_id":"","_kad_post_content_style":"","_kad_post_vertical_padding":"","_kad_post_feature":"","_kad_post_feature_position":"","_kad_post_header":false,"_kad_post_footer":false,"_kad_post_classname":""},"product-category":[119,122],"class_list":["post-3944","product","type-product","status-publish","has-post-thumbnail","hentry","product-category-3d-printing-metal-powder","product-category-iron-based-alloy-powder"],"acf":[],"taxonomy_info":{"product-category":[{"value":119,"label":"3D Printing Metal Powder"},{"value":122,"label":"Iron Based Alloy Powder"}]},"featured_image_src_large":["https:\/\/3dpmetal.com\/wp-content\/uploads\/2024\/02\/300M-Stainless-Steel-Powder.jpg",545,408,false],"author_info":[],"comment_info":"","_links":{"self":[{"href":"https:\/\/3dpmetal.com\/pl\/wp-json\/wp\/v2\/product\/3944","targetHints":{"allow":["GET"]}}],"collection":[{"href":"https:\/\/3dpmetal.com\/pl\/wp-json\/wp\/v2\/product"}],"about":[{"href":"https:\/\/3dpmetal.com\/pl\/wp-json\/wp\/v2\/types\/product"}],"wp:featuredmedia":[{"embeddable":true,"href":"https:\/\/3dpmetal.com\/pl\/wp-json\/wp\/v2\/media\/1950"}],"wp:attachment":[{"href":"https:\/\/3dpmetal.com\/pl\/wp-json\/wp\/v2\/media?parent=3944"}],"wp:term":[{"taxonomy":"product-category","embeddable":true,"href":"https:\/\/3dpmetal.com\/pl\/wp-json\/wp\/v2\/product-category?post=3944"}],"curies":[{"name":"wp","href":"https:\/\/api.w.org\/{rel}","templated":true}]}}