{"id":3947,"date":"2024-03-18T06:10:15","date_gmt":"2024-03-18T06:10:15","guid":{"rendered":"https:\/\/3dp.45612300.xyz\/product\/ti3al-powder\/"},"modified":"2024-03-18T06:10:15","modified_gmt":"2024-03-18T06:10:15","slug":"ti3al-powder","status":"publish","type":"product","link":"https:\/\/3dpmetal.com\/pl\/product\/ti3al-powder\/","title":{"rendered":"Proszek Ti3Al"},"content":{"rendered":"<p><span style=\"vertical-align: inherit;\"><span style=\"vertical-align: inherit;\"><\/p>\n<h1><strong>Proszek Ti3Al: Sk\u0142ad, W\u0142a\u015bciwo\u015bci, Zastosowania i wi\u0119cej<\/strong><\/h1>\n<p class=\"whitespace-pre-wrap\">Niekt\u00f3re z podstawowych w\u0142a\u015bciwo\u015bci i cech proszku Ti3Al to:<\/p>\n<ul class=\"list-disc pl-8 space-y-2\">\n<li class=\"whitespace-normal\">Wysoka wytrzyma\u0142o\u015b\u0107 w podwy\u017cszonych temperaturach, a\u017c do 750\u00b0C<\/li>\n<li class=\"whitespace-normal\">G\u0119sto\u015b\u0107 oko\u0142o o po\u0142ow\u0119 mniejsza ni\u017c nadstop\u00f3w niklowych<\/li>\n<li class=\"whitespace-normal\">Znakomita odporno\u015b\u0107 na korozj\u0119<\/li>\n<li class=\"whitespace-normal\">Niska g\u0119sto\u015b\u0107 w por\u00f3wnaniu do innych stop\u00f3w tytanu<\/li>\n<li class=\"whitespace-normal\">Odporno\u015b\u0107 na utlenianie do oko\u0142o 700\u00a1\u00abC<\/li>\n<li class=\"whitespace-normal\">Odporno\u015b\u0107 na zu\u017cycie<\/li>\n<li class=\"whitespace-normal\">biokompatybilno\u015b\u0107<\/li>\n<\/ul>\n<p class=\"whitespace-pre-wrap\">Jednak Ti3Al ma tak\u017ce ograniczenia, takie jak s\u0142aba plastyczno\u015b\u0107 w temperaturze pokojowej, niska odporno\u015b\u0107 na p\u0119kanie i s\u0142aba spawalno\u015b\u0107. Odpowiednie przetwarzanie i dodatki stopowe s\u0105 wymagane w celu optymalizacji r\u00f3wnowagi w\u0142a\u015bciwo\u015bci w r\u00f3\u017cnych zastosowaniach.<\/p>\n<p class=\"whitespace-pre-wrap\">Ten artyku\u0142 przedstawia szczeg\u00f3\u0142owy przegl\u0105d sk\u0142adu, w\u0142a\u015bciwo\u015bci, zastosowa\u0144, dostawc\u00f3w, koszt\u00f3w, metod testowania i innych szczeg\u00f3\u0142\u00f3w technicznych zwi\u0105zanych z proszkiem Ti3Al.<\/p>\n<h2><strong>Sk\u0142ad proszku Ti3Al<\/strong><\/h2>\n<p class=\"whitespace-pre-wrap\">Proszek Ti3Al ma nominalny sk\u0142ad 75% tytanu i 25% aluminium (ci\u0119\u017carowy). Intermetaliczny zwi\u0105zek Aluminidu Tytanu tworzy si\u0119 pomi\u0119dzy 50-75% aluminium, gdzie Ti3Al jest wersj\u0105 najcz\u0119\u015bciej spotykan\u0105.<\/p>\n<p class=\"whitespace-pre-wrap\">Dok\u0142adny sk\u0142ad mo\u017ce si\u0119 r\u00f3\u017cni\u0107 w zale\u017cno\u015bci od metody produkcji. Inne elementy, takie jak Nb, Mo, Si, B, Ta, W, C i O s\u0105 cz\u0119sto dodawane w ma\u0142ych ilo\u015bciach w celu poprawy pewnych w\u0142a\u015bciwo\u015bci. Poni\u017csza tabela przedstawia typowy zakres sk\u0142adu:<\/p>\n<table>\n<thead>\n<tr>\n<th><strong>Element<\/strong><\/th>\n<th><strong>Waga %<\/strong><\/th>\n<\/tr>\n<\/thead>\n<tbody>\n<tr>\n<td>Tytan (Ti)<\/td>\n<td>69 &#8211; 76%<\/td>\n<\/tr>\n<tr>\n<td>Aluminium (Al)<\/td>\n<td>24 &#8211; 31%<\/td>\n<\/tr>\n<tr>\n<td>Niob (Nb)<\/td>\n<td>0 &#8211; 6%<\/td>\n<\/tr>\n<tr>\n<td>Molybden (Mo)<\/td>\n<td>0 &#8211; 4%<\/td>\n<\/tr>\n<tr>\n<td>Krzem (Si)<\/td>\n<td>0 &#8211; 2%<\/td>\n<\/tr>\n<tr>\n<td>Bor (B)<\/td>\n<td>0 &#8211; 0.5%<\/td>\n<\/tr>\n<tr>\n<td>Tantal (Ta)<\/td>\n<td>0 &#8211; 5%<\/td>\n<\/tr>\n<tr>\n<td>Wolfram (W)<\/td>\n<td>0 &#8211; 5%<\/td>\n<\/tr>\n<tr>\n<td>W\u0119giel (C)<\/td>\n<td>0 &#8211; 0.1%<\/td>\n<\/tr>\n<tr>\n<td>Tlen (O)<\/td>\n<td>0 &#8211; 0.2%<\/td>\n<\/tr>\n<\/tbody>\n<\/table>\n<p class=\"whitespace-pre-wrap\">Kontrola tlenu i w\u0119gla jest krytyczna dla unikni\u0119cia krucho\u015bci i zachowania ci\u0105gliwo\u015bci. Mog\u0105 r\u00f3wnie\u017c wyst\u0119powa\u0107 inne pierwiastki \u015bladowe, w zale\u017cno\u015bci od surowc\u00f3w i procesu.<\/p>\n<h2><strong>W\u0142a\u015bciwo\u015bci sproszkowanego stopu Ti3Al<\/strong><\/h2>\n<p class=\"whitespace-pre-wrap\">Niepowtarzalne w\u0142a\u015bciwo\u015bci proszku Ti3Al wynikaj\u0105 z jego uporz\u0105dkowanej kryszta\u0142owej struktury metalopochodnej, z\u0142o\u017conej zar\u00f3wno z atom\u00f3w tytanu, jak i aluminium. Niekt\u00f3re z uwagi godnych w\u0142a\u015bciwo\u015bci obejmuj\u0105:<\/p>\n<h3>Wytrzyma\u0142o\u015b\u0107 wysokotemperaturowa<\/h3>\n<p class=\"whitespace-pre-wrap\">Ti3Al zachowuje stosunkowo wysok\u0105 wytrzyma\u0142o\u015b\u0107 do 750 \u00b0C, znacznie lepsz\u0105 ni\u017c sam tytan lub aluminium. Dzi\u0119ki temu nadaje si\u0119 do zastosowa\u0144 w podwy\u017cszonych temperaturach w silnikach, turbinach, zaworach itp. Poni\u017csza tabela por\u00f3wnuje wytrzyma\u0142o\u015b\u0107 Ti3Al z innymi stopami tytanu w r\u00f3\u017cnych temperaturach:<\/p>\n<table>\n<thead>\n<tr>\n<th><strong>Stop<\/strong><\/th>\n<th><strong>Wytrzyma\u0142o\u015b\u0107 przy temp. pokojowej (MPa)<\/strong><\/th>\n<th><strong>Wytrzyma\u0142o\u015b\u0107 przy 500\u00b0C (MPa)<\/strong><\/th>\n<th><strong>G\u0119sto\u015b\u0107 (g\/cm3)<\/strong><\/th>\n<\/tr>\n<\/thead>\n<tbody>\n<tr>\n<td>Ti3Al<\/td>\n<td>400<\/td>\n<td>260<\/td>\n<td>3.9<\/td>\n<\/tr>\n<tr>\n<td>Ti6Al4V<\/td>\n<td>900<\/td>\n<td>500<\/td>\n<td>4.5<\/td>\n<\/tr>\n<tr>\n<td>Ti64<\/td>\n<td>900<\/td>\n<td>400<\/td>\n<td>4.5<\/td>\n<\/tr>\n<\/tbody>\n<\/table>\n<h3>Niska g\u0119sto\u015b\u0107<\/h3>\n<p class=\"whitespace-pre-wrap\">Przy g\u0119sto\u015bci 3,7 &minus; 4,1 g\/cm3, Ti3Al jest znacznie l\u017cejsze ni\u017c nadstopy niklu oraz wi\u0119kszo\u015b\u0107 tytanu. Pomaga to ograniczy\u0107 mas\u0119 komponent\u00f3w, co ma znaczenie w zastosowaniach lotniczych.<\/p>\n<h3>Odporno\u015b\u0107 na utlenianie<\/h3>\n<p class=\"whitespace-pre-wrap\">Ti3Al ma dobr\u0105 odporno\u015b\u0107 na utlenianie w powietrzu do 700 \u00b0C, lepsz\u0105 ni\u017c niealiowany tytan. Dzi\u0119ki temu mo\u017ce pracowa\u0107 w wysokich temperaturach bez nadmiernej utraty materia\u0142u.<\/p>\n<h3>Odporno\u015b\u0107 przeciwkorozyjna<\/h3>\n<p class=\"whitespace-pre-wrap\">Zawarto\u015b\u0107 tytanu zapewnia Ti3Al doskona\u0142\u0105 odporno\u015b\u0107 na korozj\u0119 w wielu rodzajach kwas\u00f3w, zasad, a tak\u017ce w \u015brodowiskach zasolonych. Sprawia to, \u017ce jest przydatny w sprz\u0119cie do przetw\u00f3rstwa chemicznego.<\/p>\n<h3>Odporno\u015b\u0107 na zu\u017cycie<\/h3>\n<p class=\"whitespace-pre-wrap\">Ti3Al posiada dobr\u0105 odporno\u015b\u0107 na zu\u017cycie \u015bcierne i erozyjne por\u00f3wnywaln\u0105 do stali, dzi\u0119ki czemu nadaje si\u0119 do zastosowa\u0144 po\u0142\u0105czonych z du\u017cym zu\u017cyciem, takich jak zawory, pompy i matryce do wyt\u0142aczania.<\/p>\n<p class=\"whitespace-pre-wrap\">Ti3Al ma jednak te\u017c wady, jak na przyk\u0142ad:<\/p>\n<ul class=\"list-disc pl-8 space-y-2\">\n<li class=\"whitespace-normal\">Niska plastyczno\u015b\u0107 w temperaturze pokojowej i odporno\u015b\u0107 na p\u0119kanie<\/li>\n<li class=\"whitespace-normal\">Trudne do produkcji i obr\u00f3bki<\/li>\n<li class=\"whitespace-normal\">S\u0142aba spawalno\u015b\u0107 ze wzgl\u0119du na podatno\u015b\u0107 na p\u0119kanie<\/li>\n<\/ul>\n<p class=\"whitespace-pre-wrap\">Aby zoptymalizowa\u0107 bilans w\u0142a\u015bciwo\u015bci pod k\u0105tem zamierzonego zastosowania, wymagane jest w\u0142a\u015bciwe przetwarzanie i dodawanie stop\u00f3w.<\/p>\n<h2><strong>Zastosowania proszku Ti3Al<\/strong><\/h2>\n<p class=\"whitespace-pre-wrap\">Unikalne w\u0142a\u015bciwo\u015bci proszku Ti3Al sprawiaj\u0105, \u017ce nadaje si\u0119 on do nast\u0119puj\u0105cych zastosowa\u0144:<\/p>\n<h3>Astronautyka<\/h3>\n<p class=\"whitespace-pre-wrap\">Przemys\u0142 lotniczy jest najwi\u0119kszym konsumentem wyrob\u00f3w z Ti3Al ze wzgl\u0119du na potrzeb\u0119 oszcz\u0119dzania wagi, wytrzyma\u0142o\u015bci w wysokiej temperaturze i odporno\u015bci na utlenianie. Typowe zastosowania obejmuj\u0105:<\/p>\n<ul class=\"list-disc pl-8 space-y-2\">\n<li class=\"whitespace-normal\">Wirnik \u0142opatki, \u0142opatki, dyski<\/li>\n<li class=\"whitespace-normal\">Komory spalania, dopalacze<\/li>\n<li class=\"whitespace-normal\">Konstrukcje p\u0142atowc\u00f3w, elementy konstrukcyjne<\/li>\n<li class=\"whitespace-normal\">Rurki, zawory hydrauliczne<\/li>\n<\/ul>\n<h3>Motoryzacja<\/h3>\n<p class=\"whitespace-pre-wrap\">Przemys\u0142 motoryzacyjny wykorzystuje Ti3Al do produkcji cz\u0119\u015bci turbospr\u0119\u017carki, zawor\u00f3w, spr\u0119\u017cyn, element\u00f3w z\u0142\u0105cznych i uk\u0142ad\u00f3w wydechowych, kt\u00f3re wymagaj\u0105 wysokiej wytrzyma\u0142o\u015bci temperaturowej i niskiej wagi.<\/p>\n<h3>Przetw\u00f3rstwo chemiczne<\/h3>\n<p class=\"whitespace-pre-wrap\">Ti3Al jest stosowany w komponentach takich jak zawory, pompy, kszta\u0142tki rur, zbiorniki reaktorowe, kt\u00f3re wymagaj\u0105 odporno\u015bci na korozj\u0119 w po\u0142\u0105czeniu z w\u0142a\u015bciwo\u015bciami mechanicznymi w wysokiej temperaturze.<\/p>\n<h3>Biomedycyna<\/h3>\n<p class=\"whitespace-pre-wrap\">Biokompatybilno\u015b\u0107, odporno\u015b\u0107 na korozj\u0119 i wytrzyma\u0142o\u015b\u0107 Ti3Al sprawiaj\u0105, \u017ce nadaje si\u0119 on do implant\u00f3w ortopedycznych, takich jak sztuczne stawy biodrowe.<\/p>\n<p class=\"whitespace-pre-wrap\">Inne zastosowania obejmuj\u0105 wysokowydajne zawory, trzpienie ekstruzyjne, elementy grzejne i sprz\u0119t sportowy. Ti3Al jest r\u00f3wnie\u017c u\u017cywany jako proszek do produkcji przyrostowej.<\/p>\n<h2><strong>Specyfikacja Ti3Al Powder<\/strong><\/h2>\n<p class=\"whitespace-pre-wrap\">Proszek Ti3Al ma r\u00f3\u017cne zakresy wymiar\u00f3w, morfologii i poziomy czysto\u015bci w zale\u017cno\u015bci od procesu produkcji. Poni\u017cej podano kluczowe specyfikacje:<\/p>\n<table>\n<thead>\n<tr>\n<th><strong>Specyfikacja<\/strong><\/th>\n<th><strong>Szczeg\u00f3\u0142y<\/strong><\/th>\n<\/tr>\n<\/thead>\n<tbody>\n<tr>\n<td>Wielko\u015b\u0107 cz\u0105steczek<\/td>\n<td>15\u2013150 mikron\u00f3w<\/td>\n<\/tr>\n<tr>\n<td>Morfologia<\/td>\n<td>Kuliste, kanciaste, mieszane<\/td>\n<\/tr>\n<tr>\n<td>G\u0119sto\u015b\u0107 Nasypowa<\/td>\n<td>2 &#8211; 3,5 g\/cm3<\/td>\n<\/tr>\n<tr>\n<td>G\u0119sto\u015b\u0107 usypu<\/td>\n<td>3&#8211;4,5 g\/cm3<\/td>\n<\/tr>\n<tr>\n<td>Czysto\u015b\u0107<\/td>\n<td>\u00a1\u00d499%, \u00a1\u00d499.9%<\/td>\n<\/tr>\n<tr>\n<td>Zawarto\u015b\u0107 tlenu<\/td>\n<td>\u00a8P 0,2% wag.<\/td>\n<\/tr>\n<tr>\n<td>Zawarto\u015b\u0107 azotu<\/td>\n<td>\u00a8P 0,05 % wag.<\/td>\n<\/tr>\n<tr>\n<td>Zawarto\u015b\u0107 w\u0119gla<\/td>\n<td>P% 0,08 wag<\/td>\n<\/tr>\n<tr>\n<td>Zawarto\u015b\u0107 \u017celaza<\/td>\n<td>\u00a8P 0,30% wag<\/td>\n<\/tr>\n<tr>\n<td>Zawarto\u015b\u0107 niklu<\/td>\n<td>\u00a8P 0,10 %wag<\/td>\n<\/tr>\n<tr>\n<td>Pakiety standardowe<\/td>\n<td>5 kg, 10 kg, 25 kg<\/td>\n<\/tr>\n<\/tbody>\n<\/table>\n<p class=\"whitespace-pre-wrap\">Drobniejsze rozmiary cz\u0105stek og\u00f3lnie zapewniaj\u0105 lepsz\u0105 sypko\u015b\u0107, g\u0119sto\u015b\u0107 upakowania i reaktywno\u015b\u0107. Kuliste morfologie r\u00f3wnie\u017c poprawiaj\u0105 sypko\u015b\u0107 proszku. Wi\u0119ksza czysto\u015b\u0107 ogranicza zanieczyszczenia i poprawia w\u0142a\u015bciwo\u015bci.<\/p>\n<h2><strong>Produkcja proszku Ti3Al<\/strong><\/h2>\n<p class=\"whitespace-pre-wrap\">Istnieje kilka metod produkcji proszku Ti3Al, w tym:<\/p>\n<ul class=\"list-disc pl-8 space-y-2\">\n<li class=\"whitespace-normal\"><strong>Atomizacja gazu<\/strong>?- Roztopiona stop Ti-Al jest rozpylana gazem oboj\u0119tnym na drobne kropelki, kt\u00f3re po zestaleniu staj\u0105 si\u0119 proszkiem. W ten spos\u00f3b powstaj\u0105 kuliste cz\u0105stki o dobrej p\u0142ynno\u015bci.<\/li>\n<li class=\"whitespace-normal\"><strong>Mechaniczne stopowanie<\/strong>?- Elementarne proszki Ti i Al s\u0105 mielone kulowe, aby zsyntetyzowa\u0107 intermetaliczny zwi\u0105zek mechanicznie. Cz\u0105stki proszku maj\u0105 nieregularne kszta\u0142ty.<\/li>\n<li class=\"whitespace-normal\"><strong>Sferoidalizacja plazmy<\/strong>?- Nieregularny proszek Ti3Al z mechanicznego stopowania przetapia si\u0119 w plazmie, aby uzyska\u0107 proszek kulisty.<\/li>\n<li class=\"whitespace-normal\"><strong>Atomizacja gazowa elektroindukcyjnego topienia (EIGA)<\/strong>?- bezpos\u0301rednio topi i atomizuje elektrode\u0328 Ti3Al, aby wytworzyc\u0301 proszek.<\/li>\n<\/ul>\n<p class=\"whitespace-pre-wrap\">Atomizacja gazowa i obr\u00f3bka plazmowa zapewniaj\u0105 lepsz\u0105 kontrol\u0119 nad rozk\u0142adem wielko\u015bci cz\u0105stek, morfologi\u0105, poborem tlenu i mikrostruktur\u0105. Zwykle konieczne jest przesiewanie proszku w celu uzyskania okre\u015blonych frakcji wielko\u015bci na podstawie wymog\u00f3w aplikacji.<\/p>\n<h2><strong>Koszt proszku Ti3Al<\/strong><\/h2>\n<p class=\"whitespace-pre-wrap\">Proszek Ti3Al jest znacznie dro\u017cszy ni\u017c czyste proszki tytanu lub aluminium. Koszty wahaj\u0105 si\u0119 w granicach:<\/p>\n<ul class=\"list-disc pl-8 space-y-2\">\n<li class=\"whitespace-normal\">$100 - $500 za kg dla proszku atomizowanego gazem o czysto\u015bci 99%.<\/li>\n<li class=\"whitespace-normal\">50-250 USD za kg za 99% proszek stopu mechanicznie stopowanego<\/li>\n<li class=\"whitespace-normal\">300\u20131000 USD\/kg za 99.9% proszku plazmowego sferoidyzowanego<\/li>\n<\/ul>\n<p class=\"whitespace-pre-wrap\">Ceny zale\u017c\u0105 od wielko\u015bci cz\u0105steczek, morfologii, poziomu czysto\u015bci, ilo\u015bci zam\u00f3wienia i producenta. Niestandardowe stopy o specjalnym sk\u0142adzie mog\u0105 kosztowa\u0107 jeszcze wi\u0119cej. Koszty malej\u0105 dzi\u0119ki zwi\u0119kszeniu obj\u0119to\u015bci produkcji i ulepszeniu proces\u00f3w.<\/p>\n<h2><strong>Dostawcy proszku Ti3Al<\/strong><\/h2>\n<p class=\"whitespace-pre-wrap\">Niekt\u00f3rzy z g\u0142\u00f3wnych \u015bwiatowych dostawc\u00f3w proszku Ti3Al obejmuj\u0105:<\/p>\n<table>\n<thead>\n<tr>\n<th><strong>Firma<\/strong><\/th>\n<th><strong>Lokalizacja<\/strong><\/th>\n<\/tr>\n<\/thead>\n<tbody>\n<tr>\n<td>AP&amp;C<\/td>\n<td>Kanada<\/td>\n<\/tr>\n<tr>\n<td>TLS Technik GmbH<\/td>\n<td>Niemcy<\/td>\n<\/tr>\n<tr>\n<td>Technologia metalu<\/td>\n<td>Wielka Brytania<\/td>\n<\/tr>\n<tr>\n<td>ATI Powder Metals<\/td>\n<td>USA<\/td>\n<\/tr>\n<tr>\n<td>Carpenter Additive<\/td>\n<td>USA<\/td>\n<\/tr>\n<tr>\n<td><a href=\"https:\/\/met3dp.com\/\" target=\"_blank\" rel=\"noopener\">Met3DP<\/a><\/td>\n<td>Chiny<\/td>\n<\/tr>\n<tr>\n<td>Tekna<\/td>\n<td>Kanada<\/td>\n<\/tr>\n<\/tbody>\n<\/table>\n<p class=\"whitespace-pre-wrap\">Istniej\u0105 tak\u017ce kilku producent\u00f3w w Chinach. Zaleca si\u0119 zamawianie proszku od uznanych producent\u00f3w wykorzystuj\u0105cych pewne procesy produkcji, aby zapewni\u0107 niezawodn\u0105 jako\u015b\u0107 i w\u0142a\u015bciwo\u015bci.<\/p>\n<h2><strong>Ti3Al contra alternatywy<\/strong><\/h2>\n<p class=\"whitespace-pre-wrap\">Ti3Al jest konkurencj\u0105 dla kilku innych materia\u0142\u00f3w w zastosowaniach konstrukcyjnych w wysokich temperaturach:<\/p>\n<p class=\"whitespace-pre-wrap\"><strong>Tabela: Por\u00f3wnanie stopu Ti3Al z innymi stopami wysokotemperaturowymi<\/strong><\/p>\n<table>\n<thead>\n<tr>\n<th>Stop<\/th>\n<th>G\u0119sto\u015b\u0107<\/th>\n<th>Maksymalna temperatura<\/th>\n<th>Si\u0142a<\/th>\n<th>Kowalno\u015b\u0107<\/th>\n<th>Odporno\u015b\u0107 na utlenianie<\/th>\n<th>Koszt<\/th>\n<\/tr>\n<\/thead>\n<tbody>\n<tr>\n<td><strong>Ti3Al<\/strong><\/td>\n<td>Niski<\/td>\n<td>Bardzo wysokie<\/td>\n<td>Wysoki<\/td>\n<td>Niski<\/td>\n<td>Dobrze<\/td>\n<td>Wysoki<\/td>\n<\/tr>\n<tr>\n<td>Inconel 718<\/td>\n<td>Wysoki<\/td>\n<td>Wysoki<\/td>\n<td>\u015arednie<\/td>\n<td>\u015arednie<\/td>\n<td>Dobrze<\/td>\n<td>\u015arednie<\/td>\n<\/tr>\n<tr>\n<td>Haynes 230<\/td>\n<td>Wysoki<\/td>\n<td>Bardzo wysokie<\/td>\n<td>Wysoki<\/td>\n<td>Niski<\/td>\n<td>Wy\u015bmienicie<\/td>\n<td>Bardzo wysokie<\/td>\n<\/tr>\n<tr>\n<td>Ti6Al4V<\/td>\n<td>\u015arednie<\/td>\n<td>\u015arednie<\/td>\n<td>\u015arednie<\/td>\n<td>\u015arednie<\/td>\n<td>Wy\u015bmienicie<\/td>\n<td>\u015arednie<\/td>\n<\/tr>\n<tr>\n<td>Stale nierdzewne ferrytyczne<\/td>\n<td>\u015arednie<\/td>\n<td>\u015arednie<\/td>\n<td>Niski<\/td>\n<td>Wysoki<\/td>\n<td>Biedny<\/td>\n<td>Niski<\/td>\n<\/tr>\n<\/tbody>\n<\/table>\n<p class=\"whitespace-pre-wrap\">Do maksymalnych temperatur pracy Ti3Al i stopy na bazie niklu takie jak Haynes 230 s\u0105 lepsze. Jednak\u017ce ni\u017csza g\u0119sto\u015b\u0107 i koszt Ti3Al s\u0105 korzystne w przypadku zastosowa\u0144 krytycznych pod wzgl\u0119dem wagi, takich jak lotnictwo.<\/p>\n<p class=\"whitespace-pre-wrap\">S\u0142aba podatno\u015b\u0107 na odkszta\u0142cenie Ti3Al w temperaturze pokojowej pozostaje kluczowym ograniczeniem w por\u00f3wnaniu ze stalami i Ti6Al4V. Rozw\u00f3j stop\u00f3w i proces\u00f3w nadal poprawia obrabialno\u015b\u0107 i podatno\u015b\u0107 na obr\u00f3bk\u0119.<\/p>\n<h2><strong>Zalety proszku Ti3Al<\/strong><\/h2>\n<p class=\"whitespace-pre-wrap\">G\u0142\u00f3wne korzy\u015bci wynikaj\u0105ce z u\u017cywania proszku Ti3Al obejmuj\u0105:<\/p>\n<ul class=\"list-disc pl-8 space-y-2\">\n<li class=\"whitespace-normal\">Wysoka wytrzyma\u0142o\u015b\u0107 utrzymywana do 800\u00a1\u00abC<\/li>\n<li class=\"whitespace-normal\">G\u0119sto\u015b\u0107 o 40% ni\u017csza ni\u017c stop\u00f3w na bazie niklu<\/li>\n<li class=\"whitespace-normal\">Doskona\u0142a odporno\u015b\u0107 na pe\u0142zanie<\/li>\n<li class=\"whitespace-normal\">Dobra odporno\u015b\u0107 na utlenianie i korozj\u0119<\/li>\n<li class=\"whitespace-normal\">Zast\u0119powanie metali ogniotrwa\u0142ych bez strategicznego ryzyka materia\u0142owego<\/li>\n<li class=\"whitespace-normal\">Produkcja kszta\u0142tu zbli\u017conego do ko\u0144cowego za pomoc\u0105 metalurgii proszk\u00f3w<\/li>\n<li class=\"whitespace-normal\">Elementy mog\u0105 dzia\u0142a\u0107 przy wy\u017cszych temperaturach<\/li>\n<li class=\"whitespace-normal\">Oszcz\u0119dno\u015bci masy w cz\u0119\u015bciach obrotowych, takich jak \u0142opatki turbin<\/li>\n<li class=\"whitespace-normal\">Poprawiona wydajno\u015b\u0107 dzi\u0119ki wy\u017cszym parametrom operacyjnym<\/li>\n<\/ul>\n<p class=\"whitespace-pre-wrap\">Unikalna r\u00f3wnowaga w\u0142a\u015bciwo\u015bci mechanicznych, ma\u0142ej g\u0119sto\u015bci i stabilno\u015bci termicznej sprawia, \u017ce Ti3Al jest materia\u0142em umo\u017cliwiaj\u0105cym zastosowanie uk\u0142ad\u00f3w wspomagania lotnictwa, motoryzacji i zasilania nowej generacji.<\/p>\n<h2><strong>Ograniczenia proszku Ti3Al<\/strong><\/h2>\n<p class=\"whitespace-pre-wrap\">Mimo oczywistych zalet Ti3Al wykazuje r\u00f3wnie\u017c pewne wady:<\/p>\n<ul class=\"list-disc pl-8 space-y-2\">\n<li class=\"whitespace-normal\">Kruche w temperaturze pokojowej, ci\u0105gliwo\u015b\u0107 ulega poprawie powy\u017cej 500\u00a1\u00abC<\/li>\n<li class=\"whitespace-normal\">Proces wytw\u00f3rczy i obr\u00f3bka s\u0105 wymagaj\u0105ce<\/li>\n<li class=\"whitespace-normal\">Szybka utrata w\u0142a\u015bciwo\u015bci poni\u017cej 400\u00b0C<\/li>\n<li class=\"whitespace-normal\">Koszty surowc\u00f3w i przetw\u00f3rstwa s\u0105 bardzo wysokie<\/li>\n<li class=\"whitespace-normal\">\u0141a\u0144cuch dostaw jest ograniczony przez niewielk\u0105 liczb\u0119 producent\u00f3w<\/li>\n<li class=\"whitespace-normal\">Projektowanie komponent\u00f3w wymaga specjalistycznej wiedzy in\u017cynierskiej<\/li>\n<li class=\"whitespace-normal\">Trudno spawalne lub \u0142\u0105czone za pomoc\u0105 konwencjonalnych technik<\/li>\n<li class=\"whitespace-normal\">Trudne do przetworzenia i ponownego u\u017cycia<\/li>\n<\/ul>\n<p class=\"whitespace-pre-wrap\">Dotychczasowe trudno\u015bci produkcyjne i kosztowe spowolni\u0142y szerokie zastosowanie handlowe Ti3Al. Jednak jego mo\u017cliwo\u015bci nadal nap\u0119dzaj\u0105 dzia\u0142ania rozwojowe maj\u0105ce na celu przezwyci\u0119\u017cenie tych ogranicze\u0144 poprzez ulepszon\u0105 chemi\u0119 stop\u00f3w, jako\u015b\u0107 proszku i konstrukcj\u0119 komponentu.<\/p>\n<h2><strong>Perspektywy dla proszku Ti3Al<\/strong><\/h2>\n<p class=\"whitespace-pre-wrap\">Prognozuje si\u0119, \u017ce Ti3Al znajdzie szersze zastosowanie w sektorach lotnictwa i kosmonautyki, motoryzacji, turbin gazowych przemys\u0142owych i generacji energii z powodu:<\/p>\n<ul class=\"list-disc pl-8 space-y-2\">\n<li class=\"whitespace-normal\">Rosn\u0105ce zapotrzebowanie na paliwo lotnicze o wysokiej sprawno\u015bci paliwowej i niskiej emisji<\/li>\n<li class=\"whitespace-normal\">Wysokotemperaturowe materia\u0142y potrzebne do turbodo\u0142adowa\u0144 elektrycznych<\/li>\n<li class=\"whitespace-normal\">Wzrostowy rynek dla technologii produkcji przyrostowej<\/li>\n<li class=\"whitespace-normal\">Skupi\u0107 si\u0119 na strategicznym zast\u0119powaniu materia\u0142\u00f3w ziem rzadkich i metali ogniotrwa\u0142ych<\/li>\n<li class=\"whitespace-normal\">Redukcja koszt\u00f3w dzi\u0119ki zwi\u0119kszeniu wydajno\u015bci produkcji<\/li>\n<\/ul>\n<p class=\"whitespace-pre-wrap\">W przypadku rynk\u00f3w samochodowych i przemys\u0142owych klienci s\u0105 bardziej wra\u017cliwi na cen\u0119 i wymagaj\u0105 wyra\u017anych korzy\u015bci cenowo-u\u017cytkowych w por\u00f3wnaniu z istniej\u0105cymi stopami. Sektor lotniczy jest bardziej sk\u0142onny zap\u0142aci\u0107 premi\u0119 za maksymaln\u0105 wydajno\u015b\u0107.<\/p>\n<p class=\"whitespace-pre-wrap\">Inicjatywy rz\u0105dowe w Stanach Zjednoczonych, UE i Japonii przyspieszaj\u0105 prace w zakresie bada\u0144 i rozwoju produkcji proszku Ti3Al, wytwarzania komponent\u00f3w, metod \u0142\u0105czenia i rozwoju stop\u00f3w. To poszerzy zakres zastosowania i przyspieszy tempo wdra\u017cania.<\/p>\n<h2><strong>Cz\u0119sto zadawane pytania<\/strong><\/h2>\n<p class=\"whitespace-pre-wrap\"><strong>P: Do czego jest stosowany proszek Ti3Al?<\/strong><\/p>\n<p class=\"whitespace-pre-wrap\">A: Proszek Ti3Al jest wykorzystywany do produkcji wysokotemperaturowych element\u00f3w, takich jak \u0142opatki turbinowe, ko\u0142a turbospr\u0119\u017carek, wymienniki ciep\u0142a i inne cz\u0119\u015bci, kt\u00f3re pracuj\u0105 w temperaturach od 500 do 800\u00a1\u00abC. Zapewnia on doskona\u0142\u0105 r\u00f3wnowag\u0119 wysokiej wytrzyma\u0142o\u015bci, niskiej g\u0119sto\u015bci i dobrej odporno\u015bci na utlenianie.<\/p>\n<p class=\"whitespace-pre-wrap\"><strong>P: Jak powstaje proszek Ti3Al?<\/strong><\/p>\n<p class=\"whitespace-pre-wrap\">A: Do powszechnych metod wytwarzania nale\u017c\u0105 atomizacja gazowa, atomizacja plazmowa, atomizacja gazowa w elektrodzie indukcyjnej (EIGA) i stopowanie mechaniczne. Ka\u017cdy proces skutkuje innymi w\u0142a\u015bciwo\u015bciami proszku dostosowanymi do okre\u015blonych zastosowa\u0144.<\/p>\n<p class=\"whitespace-pre-wrap\"><strong>Pytanie: Czy proszek Ti3Al jest lepszy ni\u017c Inconel 718?<\/strong><\/p>\n<p class=\"whitespace-pre-wrap\">A: Ti3Al ma mniejsz\u0105 g\u0119sto\u015b\u0107, dzi\u0119ki czemu zapewnia oszcz\u0119dno\u015b\u0107 wagi w por\u00f3wnaniu z Inconelem 718. Posiada wi\u0119ksz\u0105 wytrzyma\u0142o\u015b\u0107 w temperaturach powy\u017cej 700 \u00b0C. Jednak\u017ce ci\u0105gliwo\u015b\u0107 w temperaturze pokojowej Ti3Al jest do\u015b\u0107 niska, podczas gdy Inconel 718 mo\u017ce by\u0107 \u0142atwo obrabiany i frezowany.<\/p>\n<p class=\"whitespace-pre-wrap\"><strong>P: Jaki jest koszt proszku Ti3Al?<\/strong><\/p>\n<p class=\"whitespace-pre-wrap\">A: Ti3Al kosztuje oko\u0142o 450-750 dolar\u00f3w za kg, co jest prawie 5 razy wi\u0119cej ni\u017c superstopy niklu i 10 razy wi\u0119cej ni\u017c tytan lub proszek aluminium. Wysoki koszt wynika ze z\u0142o\u017conego przetwarzania i ograniczonego popytu rynkowego.<\/p>\n<p class=\"whitespace-pre-wrap\"><strong>Q: Jak post\u0119powa\u0107 z proszkiem Ti3Al i przechowywa\u0107 go?<\/strong><\/p>\n<p class=\"whitespace-pre-wrap\">A: Podobnie jak inne reaktywne proszki stop\u00f3w, Ti3Al wymaga kocowania gazami oboj\u0119tnymi i przechowywania w \u015brodowisku wolnym od wilgoci. Nale\u017cy stosowa\u0107 wy\u0142\u0105cznie pojemniki ceramiczne, szklane lub ze stali nierdzewnej. \u015arodki ostro\u017cno\u015bci obejmuj\u0105 uziemienie, wentylacj\u0119 i \u015brodki ochrony osobistej dr\u00f3g oddechowych.<\/p>\n<p class=\"whitespace-pre-wrap\"><strong>P: Jaka jest trudno\u015b\u0107 ze stosowaniem proszku Ti3Al?<\/strong><\/p>\n<p class=\"whitespace-pre-wrap\">A: G\u0142\u00f3wnymi ograniczeniami s\u0105 niska ci\u0105gliwo\u015b\u0107 w temperaturze pokojowej, wysokie koszty materia\u0142owe, ograniczona liczba dostawc\u00f3w, trudno\u015bci w obr\u00f3bce maszynowej\/produkcji oraz brak technologii \u0142\u0105czenia. Niezb\u0119dne s\u0105 usprawnienia stop\u00f3w, rozw\u00f3j proces\u00f3w i optymalizacja projektu komponent\u00f3w, aby zwi\u0119kszy\u0107 komercyjne zastosowanie.<\/p>\n<p class=\"whitespace-pre-wrap\"><strong>P: Jakie s\u0105 przysz\u0142e perspektywy dla proszku Ti3Al?<\/strong><\/p>\n<p class=\"whitespace-pre-wrap\">A: Przewidywany jest znaczny wzrost wykorzystania proszku Ti3Al w silnikach lotniczych, turbospr\u0119\u017carkach samochodowych i wysokich temperaturach zastosowa\u0144 przemys\u0142owych. Inicjatywy maj\u0105ce na celu obni\u017cenie koszt\u00f3w, popraw\u0119 w\u0142a\u015bciwo\u015bci i dojrza\u0142\u0105 produkcj\u0119 umo\u017cliwi\u0105 szersz\u0105 akceptacj\u0119.<\/p>\n<p><\/span><\/span><\/p>","protected":false},"excerpt":{"rendered":"<p>Proszek Ti3Al: Sk\u0142ad, w\u0142a\u015bciwo\u015bci, zastosowania i nie tylko Niekt\u00f3re z kluczowych w\u0142a\u015bciwo\u015bci i cech proszku Ti3Al obejmuj\u0105: Wysoka wytrzyma\u0142o\u015b\u0107 w podwy\u017cszonych temperaturach do 750\u00b0C G\u0119sto\u015b\u0107 o oko\u0142o po\u0142ow\u0119 mniejsza ni\u017c w przypadku nadstop\u00f3w niklu Wyj\u0105tkowa odporno\u015b\u0107 na korozj\u0119 Niska g\u0119sto\u015b\u0107 w por\u00f3wnaniu do innych stop\u00f3w tytanu Odporno\u015b\u0107 na utlenianie do oko\u0142o 700\u00b0C Odporno\u015b\u0107 na zu\u017cycie Biokompatybilno\u015b\u0107 Jednak Ti3Al...<\/p>","protected":false},"featured_media":1956,"parent":0,"template":"","meta":{"_acf_changed":false,"_kad_blocks_custom_css":"","_kad_blocks_head_custom_js":"","_kad_blocks_body_custom_js":"","_kad_blocks_footer_custom_js":"","_kad_post_transparent":"","_kad_post_title":"","_kad_post_layout":"","_kad_post_sidebar_id":"","_kad_post_content_style":"","_kad_post_vertical_padding":"","_kad_post_feature":"","_kad_post_feature_position":"","_kad_post_header":false,"_kad_post_footer":false,"_kad_post_classname":""},"product-category":[119,128],"class_list":["post-3947","product","type-product","status-publish","has-post-thumbnail","hentry","product-category-3d-printing-metal-powder","product-category-imcintermetallic-compound-powder"],"acf":[],"taxonomy_info":{"product-category":[{"value":119,"label":"3D Printing Metal Powder"},{"value":128,"label":"IMC(Intermetallic Compound Powder)"}]},"featured_image_src_large":["https:\/\/3dpmetal.com\/wp-content\/uploads\/2024\/02\/A100.jpg",549,423,false],"author_info":[],"comment_info":"","_links":{"self":[{"href":"https:\/\/3dpmetal.com\/pl\/wp-json\/wp\/v2\/product\/3947","targetHints":{"allow":["GET"]}}],"collection":[{"href":"https:\/\/3dpmetal.com\/pl\/wp-json\/wp\/v2\/product"}],"about":[{"href":"https:\/\/3dpmetal.com\/pl\/wp-json\/wp\/v2\/types\/product"}],"wp:featuredmedia":[{"embeddable":true,"href":"https:\/\/3dpmetal.com\/pl\/wp-json\/wp\/v2\/media\/1956"}],"wp:attachment":[{"href":"https:\/\/3dpmetal.com\/pl\/wp-json\/wp\/v2\/media?parent=3947"}],"wp:term":[{"taxonomy":"product-category","embeddable":true,"href":"https:\/\/3dpmetal.com\/pl\/wp-json\/wp\/v2\/product-category?post=3947"}],"curies":[{"name":"wp","href":"https:\/\/api.w.org\/{rel}","templated":true}]}}