{"id":3949,"date":"2024-03-18T06:10:15","date_gmt":"2024-03-18T06:10:15","guid":{"rendered":"https:\/\/3dp.45612300.xyz\/product\/tial3-powder\/"},"modified":"2024-03-18T06:10:15","modified_gmt":"2024-03-18T06:10:15","slug":"tial3-powder","status":"publish","type":"product","link":"https:\/\/3dpmetal.com\/pl\/product\/tial3-powder\/","title":{"rendered":"Proszek TiAl3"},"content":{"rendered":"<p><span style=\"vertical-align: inherit;\"><span style=\"vertical-align: inherit;\"><\/p>\n<p class=\"whitespace-pre-wrap\">Proszek TiAl3 jest zwi\u0105zkiem mi\u0119dzymetalicznym sk\u0142adaj\u0105cym si\u0119 z tytanu i aluminium. Jest lekki, odporny na utlenianie i wytrzymuje wysokie temperatury. Dzi\u0119ki temu nadaje si\u0119 do zastosowania w przemy\u015ble kosmicznym, motoryzacyjnym, energetycznym i innych wysokiej klasy aplikacjach.<\/p>\n<p class=\"whitespace-pre-wrap\">Kluczowe w\u0142a\u015bciwo\u015bci i cechy proszku TiAl3:<\/p>\n<p class=\"whitespace-pre-wrap\"><strong>W\u0142a\u015bciwo\u015bci i charakterystyka proszku TiAl3<\/strong><\/p>\n<table>\n<thead>\n<tr>\n<th><\/th>\n<th><\/th>\n<\/tr>\n<\/thead>\n<tbody>\n<tr>\n<td>Wz\u00f3r chemiczny<\/td>\n<td>TiAl3<\/td>\n<\/tr>\n<tr>\n<td>G\u0119sto\u015b\u0107<\/td>\n<td>3,4 g\/cm\u00b3<\/td>\n<\/tr>\n<tr>\n<td>Temperatura topnienia<\/td>\n<td>1395\u00a1\u00abC<\/td>\n<\/tr>\n<tr>\n<td>Modu\u0142 Younga<\/td>\n<td>170 GPa<\/td>\n<\/tr>\n<tr>\n<td>Wsp\u00f3\u0142czynnik rozszerzalno\u015bci cieplnej<\/td>\n<td>11 x 10-6 K-1<\/td>\n<\/tr>\n<tr>\n<td>Przewodno\u015b\u0107 cieplna<\/td>\n<td>29 W\/(m\u00b7K)<\/td>\n<\/tr>\n<tr>\n<td>Op\u00f3r elektryczny<\/td>\n<td>125 \u00c3\u2014\u00c2\u00b9\u00c3\u00b3\u00c2\u00b7cm<\/td>\n<\/tr>\n<tr>\n<td>Odporno\u015b\u0107 na utlenianie<\/td>\n<td>Doskona\u0142y do 1000\u00a1\u00abC<\/td>\n<\/tr>\n<\/tbody>\n<\/table>\n<p class=\"whitespace-pre-wrap\">Proszek TiAl3 mo\u017ce by\u0107 produkowany r\u00f3\u017cnymi metodami, z kt\u00f3rych mo\u017cna wymieni\u0107 atomizacj\u0119 gazow\u0105, proces elektrody wiruj\u0105cej plazmowej (PREP) i stopowanie mechaniczne. Wielko\u015b\u0107 cz\u0105steczek proszku, morfologia, sk\u0142ad, mikrostruktura i inne w\u0142a\u015bciwo\u015bci zale\u017c\u0105 od metody produkcji.<\/p>\n<p class=\"whitespace-pre-wrap\">Zawarto\u015b\u0107 tytanu wynosi zazwyczaj od 55 do 65% wagowych, a reszt\u0119 stanowi aluminium. Mog\u0105 wyst\u0119powa\u0107 niewielkie ilo\u015bci chromu, niobu, w\u0119gla lub tlenu do maksymalnie 1%. Stosunek tytanu do aluminium mo\u017cna dostosowa\u0107 w celu optymalizacji w\u0142a\u015bciwo\u015bci.<\/p>\n<h3><strong>W\u0142a\u015bciwo\u015bci proszku TiAl3<\/strong><\/h3>\n<table>\n<thead>\n<tr>\n<th>Nieruchomo\u015b\u0107<\/th>\n<th>Warto\u015b\u0107<\/th>\n<\/tr>\n<\/thead>\n<tbody>\n<tr>\n<td>G\u0119sto\u015b\u0107<\/td>\n<td>3,7-4,0 g\/cm3<\/td>\n<\/tr>\n<tr>\n<td>Temperatura topnienia<\/td>\n<td>1350 r. p.n.e.<\/td>\n<\/tr>\n<tr>\n<td>Przewodno\u015b\u0107 cieplna<\/td>\n<td>~20 W\/m-K<\/td>\n<\/tr>\n<tr>\n<td>Op\u00f3r elektryczny<\/td>\n<td>125-185 \u00d7\u00b4\u00ce-cm<\/td>\n<\/tr>\n<tr>\n<td>Modu\u0142 Younga<\/td>\n<td>160\u2013180 GPa<\/td>\n<\/tr>\n<tr>\n<td>Wsp\u00f3\u0142czynnik Poissona<\/td>\n<td>0.25-0.35<\/td>\n<\/tr>\n<tr>\n<td>Wsp\u00f3\u0142czynnik rozszerzalno\u015bci cieplnej<\/td>\n<td>11-13 x 10&lt;sup&gt;-6&lt;\/sup&gt;?\/MPs<\/td>\n<\/tr>\n<\/tbody>\n<\/table>\n<p class=\"whitespace-pre-wrap\">Kluczowe w\u0142a\u015bciwo\u015bci to ma\u0142a g\u0119sto\u015b\u0107 w por\u00f3wnaniu do stop\u00f3w tytanu, wysoka temperatura topnienia, umiarkowane przewodnictwo cieplne oraz zachowanie wytrzyma\u0142o\u015bci i sztywno\u015bci w wysokich temperaturach.<\/p>\n<h3><strong>Charakterystyka proszku TiAl3<\/strong><\/h3>\n<table>\n<thead>\n<tr>\n<th>Atrybut<\/th>\n<th>Szczeg\u00f3\u0142y<\/th>\n<\/tr>\n<\/thead>\n<tbody>\n<tr>\n<td>Kszta\u0142t cz\u0105stki<\/td>\n<td>W przewa\u017caj\u0105cej mierze sferyczne<\/td>\n<\/tr>\n<tr>\n<td>Wielko\u015b\u0107 cz\u0105stek<\/td>\n<td>10-150 x\u03bcm<\/td>\n<\/tr>\n<tr>\n<td>P\u0142ynno\u015b\u0107<\/td>\n<td>Dobrze<\/td>\n<\/tr>\n<tr>\n<td>G\u0119sto\u015b\u0107 Nasypowa<\/td>\n<td>~2,5 g\/cm3<\/td>\n<\/tr>\n<tr>\n<td>G\u0119sto\u015b\u0107 usypu<\/td>\n<td>~3.5 g\/cm3<\/td>\n<\/tr>\n<tr>\n<td>Pole powierzchni<\/td>\n<td>0,1-0,3 m2\/g<\/td>\n<\/tr>\n<tr>\n<td>Czysto\u015b\u0107<\/td>\n<td>&gt;99,5%<\/td>\n<\/tr>\n<\/tbody>\n<\/table>\n<p class=\"whitespace-pre-wrap\">Proszek TiAl3 ma kulist\u0105 morfologi\u0119 z g\u0142adk\u0105 powierzchni\u0105, dobry przep\u0142yw i charakteryzuje si\u0119 dobrym zag\u0119szczeniem. Charakteryzuje si\u0119 nisk\u0105 zawarto\u015bci\u0105 tlenu i azotu, co zapobiega krucho\u015bci.<\/p>\n<h2>Zastosowanie proszku TiAl3<\/h2>\n<p class=\"whitespace-pre-wrap\">Do g\u0142\u00f3wnych zastosowa\u0144 wykorzystuj\u0105cych w\u0142a\u015bciwo\u015bci TiAl3 zaliczamy:<\/p>\n<h3><strong>Zastosowania proszku TiAl3 w produkcji addytywnej<\/strong><\/h3>\n<ul class=\"list-disc pl-8 space-y-2\">\n<li class=\"whitespace-normal\">Proszek TiAl3 jest stosowany w procesach \u0142\u0105czenia warstw proszku, takich jak wytop selektywny (SLM) i wytop wi\u0105zk\u0105 elektron\u00f3w (EBM) w celu wytwarzania z\u0142o\u017conych sk\u0142adnik\u00f3w z aluminidu tytanu do zastosowa\u0144 lotniczych i motoryzacyjnych.<\/li>\n<li class=\"whitespace-normal\">W por\u00f3wnaniu z Ti6Al4V w proszkowym AM ma mniejsz\u0105 reaktywno\u015b\u0107 i jest \u0142atwiejszy w drukowaniu. Cz\u0119\u015bci z TiAl3 maj\u0105 drobn\u0105 mikrostruktur\u0119 i w\u0142a\u015bciwo\u015bci mechaniczne por\u00f3wnywalne do stop\u00f3w odlewanych i obrabianych plastycznie.<\/li>\n<li class=\"whitespace-normal\">AM z TiAl3 umo\u017cliwia l\u017cejsze projekty, redukcj\u0119 liczby cz\u0119\u015bci i konsolidacj\u0119 zestaw\u00f3w \u0142opatek turbin, k\u00f3\u0142 turbospr\u0119\u017carki, cz\u0119\u015bci wydechowych itd.<\/li>\n<\/ul>\n<h3><strong>Zastosowania proszku TiAl3 w natryskiwaniu cieplnym<\/strong><\/h3>\n<ul class=\"list-disc pl-8 space-y-2\">\n<li class=\"whitespace-normal\">Pow\u0142oki natryskowe TiAl3 zapewniaj\u0105 odporno\u015b\u0107 na utlenianie i korozj\u0119 w wysokich temperaturach na \u0142opatkach turbin, \u0142opatkach kierunkowych, skrzyniach spalania itp.<\/li>\n<li class=\"whitespace-normal\">Ma lepsze w\u0142a\u015bciwo\u015bci cieplne ni\u017c stopy niklowe i pow\u0142oki tytanowe. Pow\u0142oki z TiAl3 mog\u0105 pracowa\u0107 w zakresie 700-900\u00a1\u00abC.<\/li>\n<li class=\"whitespace-normal\">Pow\u0142oki nak\u0142adane s\u0105 poprzez natryskiwanie plazmowe, natryskiwanie tlenowo-paliwowe o wysokiej pr\u0119dko\u015bci (HVOF) lub ciep\u0142y proces natryskiwania. Typowa grubo\u015b\u0107 pow\u0142oki wynosi 150-500 mikron\u00f3w.<\/li>\n<\/ul>\n<h3><strong>Zastosowania proszku TiAl3 w nak\u0142adaniu laserowym<\/strong><\/h3>\n<ul class=\"list-disc pl-8 space-y-2\">\n<li class=\"whitespace-normal\">Proszek TiAl3 mo\u017cna nak\u0142ada\u0107 laserowo na pod\u0142o\u017ca wykonane ze stopu tytanu lub niklu w celu wytworzenia ochronnej warstwy stopowej na powierzchni.<\/li>\n<li class=\"whitespace-normal\">Warstwa ok\u0142adziny nadaje ulepszon\u0105 wytrzyma\u0142o\u015b\u0107 w wysokich temperaturach, odporno\u015b\u0107 na utlenianie i zu\u017cycie.<\/li>\n<li class=\"whitespace-normal\">Pow\u0142oki nak\u0142adane laserowo stosuje si\u0119 w komponentach silnik\u00f3w odrzutowych i turbin l\u0105dowych nara\u017conych na warunki wysokiej korozji.<\/li>\n<\/ul>\n<h2>Specyfikacja proszku TiAl3<\/h2>\n<p class=\"whitespace-pre-wrap\">Proszek TiAl3 jest dost\u0119pny w kilku standardowych gatunkach, kt\u00f3re spe\u0142niaj\u0105 specyfikacje takie jak:<\/p>\n<h3><strong>Sk\u0142ady proszk\u00f3w TiAl3<\/strong><\/h3>\n<table>\n<thead>\n<tr>\n<th>Stopie\u0144<\/th>\n<th>U\u0142amek wagowy Ti<\/th>\n<th>% wag.<\/th>\n<th>Inne<\/th>\n<\/tr>\n<\/thead>\n<tbody>\n<tr>\n<td>Ti-45Al-3Nb<\/td>\n<td>45%<\/td>\n<td>R\u00f3wnowaga<\/td>\n<td>3% Nb<\/td>\n<\/tr>\n<tr>\n<td>Ti-55Al<\/td>\n<td>55%<\/td>\n<td>R\u00f3wnowaga<\/td>\n<td>&#8211;<\/td>\n<\/tr>\n<tr>\n<td>Ti-62Al<\/td>\n<td>62%<\/td>\n<td>R\u00f3wnowaga<\/td>\n<td>&#8211;<\/td>\n<\/tr>\n<\/tbody>\n<\/table>\n<p class=\"whitespace-pre-wrap\">Typowe kompozycje s\u0105 oparte o zawarto\u015b\u0107 tytanu, takiej jak Ti-45Al, Ti-55Al lub Ti-62Al stanowi\u0105cej procentow\u0105 zawarto\u015b\u0107 tytanu. Mog\u0105 by\u0107 obecne niewielkie ilo\u015bci chromu lub niobu.<\/p>\n<h3><strong>Rozmieszczenie rozmiar\u00f3w cz\u0105stek proszku TiAl3<\/strong><\/h3>\n<table>\n<thead>\n<tr>\n<th>Wielko\u015b\u0107 cz\u0105stek<\/th>\n<th>Dystrybucja<\/th>\n<\/tr>\n<\/thead>\n<tbody>\n<tr>\n<td>-150 + 45 \u00c3\u2014 m<\/td>\n<td>5% maks<\/td>\n<\/tr>\n<tr>\n<td>-45 +22 \u00c3\u2014 m<\/td>\n<td>40-60%<\/td>\n<\/tr>\n<tr>\n<td>-22 \u00c3\u00d7m<\/td>\n<td>R\u00f3wnowaga<\/td>\n<\/tr>\n<\/tbody>\n<\/table>\n<p class=\"whitespace-pre-wrap\">Typowe rozk\u0142ady wielko\u015bci dla proces\u00f3w AM s\u0105 wy\u015brodkowane wok\u00f3\u0142 22-45 \u00c3\u2014m z minimaln\u0105 ilo\u015bci\u0105 drobin poni\u017cej 22 \u00c3\u2014m. Wi\u0119ksze rozmiary do 150 \u00c3\u2014m s\u0105 u\u017cywane do natryskiwania termicznego.<\/p>\n<h3><strong>Standardy proszk\u00f3w TiAl3<\/strong><\/h3>\n<ul class=\"list-disc pl-8 space-y-2\">\n<li class=\"whitespace-normal\">ASTM B821 \u2014 norma dotycz\u0105ca przygotowywania proszk\u00f3w i kompozyt\u00f3w ze stop\u00f3w ogniotrwa\u0142ych za pomoc\u0105 technik plazmowych<\/li>\n<li class=\"whitespace-normal\">AMS 4982 \u2014 Materia\u0142y eksploatacyjne w postaci proszku, tytanowo-glinowe, do plazmowego natryskiwania pr\u00f3\u017cniowego<\/li>\n<li class=\"whitespace-normal\">AMS 7008 - Proszek z stopu tytanu i aluminu dla pow\u0142ok natryskowych termicznych.<\/li>\n<\/ul>\n<p class=\"whitespace-pre-wrap\">Produkcja proszk\u00f3w, pobieranie pr\u00f3bek, testowanie i akceptacja odbywaj\u0105 si\u0119 zgodnie z normami przemys\u0142owymi dotycz\u0105cymi stop\u00f3w ogniotrwa\u0142ych i aluminid\u00f3w tytanu.<\/p>\n<p class=\"whitespace-pre-wrap\">Proszek TiAl3 cechuje kilka zalet i wad w por\u00f3wnaniu z innymi, powszechnie stosowanymi proszkami:<\/p>\n<p class=\"whitespace-pre-wrap\"><strong>Por\u00f3wnanie TiAl3 Powder z innymi proszkami<\/strong><\/p>\n<table>\n<thead>\n<tr>\n<th>Parametr<\/th>\n<th>TiAl3<\/th>\n<th>Ti6Al4V<\/th>\n<th>AlSi10Mg<\/th>\n<\/tr>\n<\/thead>\n<tbody>\n<tr>\n<td>G\u0119sto\u015b\u0107<\/td>\n<td>Ni\u017cej<\/td>\n<td>Wy\u017cej<\/td>\n<td>Ni\u017cej<\/td>\n<\/tr>\n<tr>\n<td>Wytrzyma\u0142o\u015b\u0107 w wysokiej temperaturze<\/td>\n<td>Wy\u017cej<\/td>\n<td>Ni\u017cej<\/td>\n<td>Znacznie ni\u017cszy<\/td>\n<\/tr>\n<tr>\n<td>Odporno\u015b\u0107 na utlenianie<\/td>\n<td>Wy\u015bmienicie<\/td>\n<td>\u015arednia<\/td>\n<td>Biedny<\/td>\n<\/tr>\n<tr>\n<td>Przewodno\u015b\u0107 cieplna<\/td>\n<td>Wy\u017cej<\/td>\n<td>Ni\u017cej<\/td>\n<td>Wy\u017cej<\/td>\n<\/tr>\n<tr>\n<td>Koszt<\/td>\n<td>Wy\u017cej<\/td>\n<td>Ni\u017cej<\/td>\n<td>Ni\u017cej<\/td>\n<\/tr>\n<tr>\n<td>Wykonalno\u015b\u0107<\/td>\n<td>trudniejszy<\/td>\n<td>\u0141atwiejszy<\/td>\n<td>\u0141atwiejszy<\/td>\n<\/tr>\n<tr>\n<td>APLIKACJE<\/td>\n<td>Lotnictwo, motoryzacja<\/td>\n<td>Lotnictwo, medycyna<\/td>\n<td>Motoryzacja, og\u00f3lne<\/td>\n<\/tr>\n<\/tbody>\n<\/table>\n<ul class=\"list-disc pl-8 space-y-2\">\n<li class=\"whitespace-normal\">TiAl3 ma wi\u0119ksz\u0105 wytrzyma\u0142o\u015b\u0107 ni\u017c stopy tytanu, takie jak Ti6Al4V, w temperaturach powy\u017cej 600\u00a1\u00abC<\/li>\n<li class=\"whitespace-normal\">Wykazuje lepsz\u0105 odporno\u015b\u0107 na utlenianie w por\u00f3wnaniu do stop\u00f3w tytanu i aluminium<\/li>\n<li class=\"whitespace-normal\">Dro\u017csze ni\u017c stopy tytanu ze wzgl\u0119du na wysok\u0105 zawarto\u015b\u0107 aluminum<\/li>\n<li class=\"whitespace-normal\">Nie tak \u0142atwo obrabiane lub formowane jak stopy tytanu w temperaturze pokojowej<\/li>\n<li class=\"whitespace-normal\">Najlepsze do zastosowa\u0144 konstrukcyjnych w wysokich temperaturach<\/li>\n<\/ul>\n<p class=\"whitespace-pre-wrap\">Poprzez zrozumienie, w jakich aspektach TiAl3 przewy\u017csza lub ust\u0119puje innym uk\u0142adom stop\u00f3w, mo\u017cna zidentyfikowa\u0107 idealne zastosowania, kt\u00f3re wykorzystaj\u0105 jego zalety.<\/p>\n<h2>Dostawcy proszku TiAl3<\/h2>\n<p class=\"whitespace-pre-wrap\">Proszek TiAl3 jest dost\u0119pny w sprzeda\u017cy w ramach oferty handlowej wielu dostawc\u00f3w na ca\u0142ym \u015bwiecie. Niekt\u00f3rzy z g\u0142\u00f3wnych producent\u00f3w to:<\/p>\n<p class=\"whitespace-pre-wrap\"><strong>Producenci proszk\u00f3w TiAl3<\/strong><\/p>\n<table>\n<thead>\n<tr>\n<th>Firma<\/th>\n<th>Klasy produktu<\/th>\n<th>Lokalizacja<\/th>\n<\/tr>\n<\/thead>\n<tbody>\n<tr>\n<td>AMETEK<\/td>\n<td>TiAl3-100A, TiAl3-500<\/td>\n<td>USA<\/td>\n<\/tr>\n<tr>\n<td>AP&amp;C<\/td>\n<td>TiAl3-230, TiAl3-360<\/td>\n<td>Kanada<\/td>\n<\/tr>\n<tr>\n<td>Sandvik<\/td>\n<td>TiAl3 Osprey Powder<\/td>\n<td>Szwecja<\/td>\n<\/tr>\n<tr>\n<td>TLS Technik<\/td>\n<td>TiAl3-100A<\/td>\n<td>Niemcy<\/td>\n<\/tr>\n<tr>\n<td>Praxair<\/td>\n<td>TiAl3-100A<\/td>\n<td>USA<\/td>\n<\/tr>\n<\/tbody>\n<\/table>\n<p class=\"whitespace-pre-wrap\"><strong>Cennik proszku TiAl3<\/strong><\/p>\n<table>\n<thead>\n<tr>\n<th>Stopie\u0144<\/th>\n<th>Wielko\u015b\u0107 cz\u0105stek<\/th>\n<th>Przedzia\u0142 cenowy<\/th>\n<\/tr>\n<\/thead>\n<tbody>\n<tr>\n<td>TiAl3-100A<\/td>\n<td>15-45 \u00b5m<\/td>\n<td>450-550 z\u0142\/kg<\/td>\n<\/tr>\n<tr>\n<td>TiAl3-230<\/td>\n<td>45-180 \u00c3\u2014m<\/td>\n<td>$350\u2013450\/kg<\/td>\n<\/tr>\n<tr>\n<td>TiAl3-500<\/td>\n<td>10-45 \u00c3\u2014m<\/td>\n<td>500-600 USD\/kg<\/td>\n<\/tr>\n<\/tbody>\n<\/table>\n<p class=\"whitespace-pre-wrap\">Ceny zale\u017c\u0105 od ilo\u015bci zakupu, poziomu czysto\u015bci, rozk\u0142adu wielko\u015bci cz\u0105stek i morfologii. Dost\u0119pne s\u0105 r\u00f3wnie\u017c spersonalizowane sk\u0142ady stop\u00f3w, ale s\u0105 one dro\u017csze.<\/p>\n<h2>Cz\u0119sto zadawane pytania (FAQ)<\/h2>\n<p class=\"whitespace-pre-wrap\"><strong>P: Jakie metody mog\u0105 by\u0107 u\u017cyte do wyprodukowania proszku TiAl3?<\/strong><\/p>\n<p class=\"whitespace-pre-wrap\">A: G\u0142\u00f3wne metody produkcji to atomizacja gazowa, proces z wykorzystaniem elektrody plazmowej i stopowanie mechaniczne. Ka\u017cda metoda daje inne w\u0142a\u015bciwo\u015bci proszku, kt\u00f3ry nadaje si\u0119 do r\u00f3\u017cnych zastosowa\u0144.<\/p>\n<p class=\"whitespace-pre-wrap\"><strong>P: Czy TiAl3 jest kompatybilny ze stopami tytanu?<\/strong><\/p>\n<p class=\"whitespace-pre-wrap\">A: TiAl3 ma bardzo ograniczon\u0105 rozpuszczalno\u015b\u0107 w stopach tytanu takich jak Ti6Al4V. Nie zaleca si\u0119 mieszania proszku TiAl3 z proszkami stopu tytanu ze wzgl\u0119du na powstawanie kruchych faz mi\u0119dzymetalicznych.<\/p>\n<p class=\"whitespace-pre-wrap\"><strong>P: Jakie pierwiastki stopowe mog\u0105 by\u0107 dodawane do TiAl3?<\/strong><\/p>\n<p class=\"whitespace-pre-wrap\">A: Pierwiastki takie jak Nb, Cr, Ni i Cu stopowano za pomoc\u0105 TiAl3, aby zmodyfikowa\u0107 mikrostruktur\u0119 i w\u0142a\u015bciwo\u015bci mechaniczne. Jednak zbytnie stopowanie mo\u017ce negatywnie wp\u0142yn\u0105\u0107 na odporno\u015b\u0107 na utlenianie.<\/p>\n<p class=\"whitespace-pre-wrap\"><strong>P: Jak\u00e1 je diference mezi PREP a plynem atomizovan\u00fdm TiAl3 pr\u00e1\u0161kem?<\/strong><\/p>\n<p class=\"whitespace-pre-wrap\">A: Proszek PREP ma drobinki o precyzyjnym kulistym kszta\u0142cie, kt\u00f3ry jest optymalnym rozwi\u0105zaniem produkuj\u0105cym dodatki, podczas gdy proszek rozpylany w gazie ma odrobin\u0119 grubsze, wydajniejsze kosztowo drobiny dostosowane do prasowania i spiekania.<\/p>\n<p class=\"whitespace-pre-wrap\"><strong>P: Jakie \u015brodki ostro\u017cno\u015bci nale\u017cy podj\u0105\u0107 podczas post\u0119powania z proszkiem TiAl3?<\/strong><\/p>\n<p class=\"whitespace-pre-wrap\">A: Proszek TiAl3 jest \u0142atwopalny i podatny na utlenianie. Nale\u017cy nosi\u0107 odpowiedni sprz\u0119t ochrony osobistej i obchodzi\u0107 si\u0119 z proszkiem w atmosferze oboj\u0119tnej, aby zapobiec zanieczyszczeniu. Kontakt z wilgoci\u0105 i tlenem pogarsza jako\u015b\u0107 proszku.<\/p>\n<h2>Wniosek<\/h2>\n<p class=\"whitespace-pre-wrap\">Podsumowuj\u0105c, TiAl3 to wa\u017cny materia\u0142 mi\u0119dzymetaliczny w postaci proszku, dost\u0119pny do r\u00f3\u017cnych zastosowa\u0144 w wysokich temperaturach. Jego w\u0142a\u015bciwo\u015bci, takie jak niska g\u0119sto\u015b\u0107, wytrzyma\u0142o\u015b\u0107 i odporno\u015b\u0107 na utlenianie w podwy\u017cszonych temperaturach sprawiaj\u0105, \u017ce nadaje si\u0119 do zastosowa\u0144 w przemy\u015ble lotniczym, motoryzacyjnym i energetycznym. Odpowiednie obchodzenie si\u0119 z proszkiem, jego przechowywanie i testowanie jest kluczowe dla uzyskania w\u0142a\u015bciwo\u015bci ko\u0144cowej cz\u0119\u015bci. TiAl3 ma przewag\u0119 nad konwencjonalnymi stopami tytanu w przypadku zastosowa\u0144 konstrukcyjnych w wysokich temperaturach, pomimo pewnych ogranicze\u0144 w zakresie obr\u00f3bki i gi\u0119tko\u015bci w temperaturze pokojowej. Trwaj\u0105ce badania maj\u0105 na celu dalsz\u0105 popraw\u0119 materia\u0142u poprzez dodatki stopowe i innowacyjne techniki przetwarzania.<\/p>\n<p><\/span><\/span><\/p>","protected":false},"excerpt":{"rendered":"<p>Proszek TiAl3 jest zwi\u0105zkiem mi\u0119dzymetalicznym sk\u0142adaj\u0105cym si\u0119 z tytanu i aluminium. Jest lekki, odporny na utlenianie i wytrzymuje wysokie temperatury. Dzi\u0119ki temu nadaje si\u0119 do stosowania w przemy\u015ble lotniczym, motoryzacyjnym, energetycznym i innych zastosowaniach wymagaj\u0105cych wysokiej wydajno\u015bci. Niekt\u00f3re kluczowe w\u0142a\u015bciwo\u015bci i cechy proszku TiAl3: W\u0142a\u015bciwo\u015bci i cechy proszku TiAl3 Wz\u00f3r chemiczny TiAl3 G\u0119sto\u015b\u0107 3,4 g\/cm3...<\/p>","protected":false},"featured_media":1960,"parent":0,"template":"","meta":{"_acf_changed":false,"_kad_blocks_custom_css":"","_kad_blocks_head_custom_js":"","_kad_blocks_body_custom_js":"","_kad_blocks_footer_custom_js":"","_kad_post_transparent":"","_kad_post_title":"","_kad_post_layout":"","_kad_post_sidebar_id":"","_kad_post_content_style":"","_kad_post_vertical_padding":"","_kad_post_feature":"","_kad_post_feature_position":"","_kad_post_header":false,"_kad_post_footer":false,"_kad_post_classname":""},"product-category":[119,128],"class_list":["post-3949","product","type-product","status-publish","has-post-thumbnail","hentry","product-category-3d-printing-metal-powder","product-category-imcintermetallic-compound-powder"],"acf":[],"taxonomy_info":{"product-category":[{"value":119,"label":"3D Printing Metal Powder"},{"value":128,"label":"IMC(Intermetallic Compound Powder)"}]},"featured_image_src_large":["https:\/\/3dpmetal.com\/wp-content\/uploads\/2024\/02\/TC18.jpg",600,600,false],"author_info":[],"comment_info":"","_links":{"self":[{"href":"https:\/\/3dpmetal.com\/pl\/wp-json\/wp\/v2\/product\/3949","targetHints":{"allow":["GET"]}}],"collection":[{"href":"https:\/\/3dpmetal.com\/pl\/wp-json\/wp\/v2\/product"}],"about":[{"href":"https:\/\/3dpmetal.com\/pl\/wp-json\/wp\/v2\/types\/product"}],"wp:featuredmedia":[{"embeddable":true,"href":"https:\/\/3dpmetal.com\/pl\/wp-json\/wp\/v2\/media\/1960"}],"wp:attachment":[{"href":"https:\/\/3dpmetal.com\/pl\/wp-json\/wp\/v2\/media?parent=3949"}],"wp:term":[{"taxonomy":"product-category","embeddable":true,"href":"https:\/\/3dpmetal.com\/pl\/wp-json\/wp\/v2\/product-category?post=3949"}],"curies":[{"name":"wp","href":"https:\/\/api.w.org\/{rel}","templated":true}]}}