{"id":3950,"date":"2024-03-18T06:10:15","date_gmt":"2024-03-18T06:10:15","guid":{"rendered":"https:\/\/3dp.45612300.xyz\/product\/cocrfeni-powder\/"},"modified":"2024-03-18T06:10:15","modified_gmt":"2024-03-18T06:10:15","slug":"cocrfeni-powder","status":"publish","type":"product","link":"https:\/\/3dpmetal.com\/pl\/product\/cocrfeni-powder\/","title":{"rendered":"Proszek CoCrFeNi"},"content":{"rendered":"<p><span style=\"vertical-align: inherit;\"><span style=\"vertical-align: inherit;\"><\/p>\n<h2>Przegl\u0105d proszku CoCrFeNi<\/h2>\n<p class=\"whitespace-pre-wrap\">Proszek CoCrFeNi, znany r\u00f3wnie\u017c jako proszek CoCrFeNiMn lub proszek ze stopu o wysokiej entropii (HEA), odnosi si\u0119 do materia\u0142u sk\u0142adaj\u0105cego si\u0119 z kobaltu, chromu, \u017celaza i niklu w niemal ekwiatonicznych proporcjach. Ten nowy stop w postaci proszku wykazuje wyj\u0105tkowe w\u0142a\u015bciwo\u015bci w por\u00f3wnaniu do tradycyjnych stop\u00f3w i wzbudza du\u017ce zainteresowanie z uwagi na r\u00f3\u017cne zastosowania.<\/p>\n<p class=\"whitespace-pre-wrap\">Niekt\u00f3re kluczowe cechy proszku CoCrFeNi obejmuj\u0105:<\/p>\n<ul class=\"list-disc pl-8 space-y-2\">\n<li class=\"whitespace-normal\">Wysoka entropia konfiguracyjna prowadz\u0105ca do wyj\u0105tkowej wytrzyma\u0142o\u015bci, twardo\u015bci, stabilno\u015bci cieplnej i odporno\u015bci na korozj\u0119<\/li>\n<li class=\"whitespace-normal\">Struktura mikrofazowa jednofazowej FCC z pojedynczym roztworem sta\u0142ym<\/li>\n<li class=\"whitespace-normal\">Doskona\u0142e po\u0142\u0105czenie wytrzyma\u0142o\u015bci i plastyczno\u015bci<\/li>\n<li class=\"whitespace-normal\">Wysoka odporno\u015b\u0107 na p\u0119kanie<\/li>\n<li class=\"whitespace-normal\">Dobra obrabialno\u015b\u0107 i kszta\u0142towalno\u015b\u0107<\/li>\n<li class=\"whitespace-normal\">Odporno\u015b\u0107 na zmi\u0119kczenie w podwy\u017cszonych temperaturach<\/li>\n<li class=\"whitespace-normal\">Dostosowywalne dzi\u0119ki dodatkowemu u\u017cyciu niewielkich ilo\u015bci pierwiastk\u00f3w, takich jak mangan<\/li>\n<\/ul>\n<p class=\"whitespace-pre-wrap\">Unikalne nieuporz\u0105dkowanie w uk\u0142adzie atom\u00f3w CoCrFeNi zapewnia doskona\u0142e osi\u0105gi mechaniczne. Prawie r\u00f3wne st\u0119\u017cenia g\u0142\u00f3wnych pierwiastk\u00f3w utrudniaj\u0105 ruch dyslokacji, poprawiaj\u0105c twardo\u015b\u0107. Struktura wielofazowa zapewnia wzmocnienie roztworu sta\u0142ego przez odkszta\u0142cenia sieci przestrzennej.<\/p>\n<h3>Sk\u0142ad proszku CoCrFeNi<\/h3>\n<p class=\"whitespace-pre-wrap\">Sk\u0142ad proszku CoCrFeNi HEA mo\u017ce by\u0107 modyfikowany, ale og\u00f3lnie obejmuje:<\/p>\n<table>\n<thead>\n<tr>\n<th>Element<\/th>\n<th>Typowy Zakres Sk\u0142adu<\/th>\n<\/tr>\n<\/thead>\n<tbody>\n<tr>\n<td>Kobalt (Co)<\/td>\n<td>20-35 at.%<\/td>\n<\/tr>\n<tr>\n<td>Chrom (Cr)<\/td>\n<td>20-35 at.%<\/td>\n<\/tr>\n<tr>\n<td>\u017belazo (Fe)<\/td>\n<td>20-35 at.%<\/td>\n<\/tr>\n<tr>\n<td>Nikiel (Ni)<\/td>\n<td>20-35 at.%<\/td>\n<\/tr>\n<\/tbody>\n<\/table>\n<p class=\"whitespace-pre-wrap\">Ciasteczkowy stosunek zapewnia maksymaln\u0105 entropi\u0119 konfiguracyjn\u0105, ale niewielkie dewiacje nie maj\u0105 istotnego wp\u0142ywu na w\u0142a\u015bciwo\u015bci. Dodanie 1-2 at% manganu jest powszechne w celu dalszej poprawy w\u0142a\u015bciwo\u015bci poprzez ziaren i wzmocnienie wydzielania.<\/p>\n<h3>W\u0142a\u015bciwo\u015bci proszk\u00f3w CoCrFeNi<\/h3>\n<p class=\"whitespace-pre-wrap\">Proszek stopowy CoCrFeNi wykazuje wyj\u0105tkowe po\u0142\u0105czenie w\u0142a\u015bciwo\u015bci znakomitych:<\/p>\n<table>\n<thead>\n<tr>\n<th>Nieruchomo\u015b\u0107<\/th>\n<th>Warto\u015bci<\/th>\n<\/tr>\n<\/thead>\n<tbody>\n<tr>\n<td>G\u0119sto\u015b\u0107<\/td>\n<td>7,5-8,3 g\/cm\u00b3<\/td>\n<\/tr>\n<tr>\n<td>Temperatura topnienia<\/td>\n<td>1200 r. p.n.e<\/td>\n<\/tr>\n<tr>\n<td>Mikrotwardo\u015b\u0107<\/td>\n<td>2.5-4 GPa<\/td>\n<\/tr>\n<tr>\n<td>Maksymalna wytrzyma\u0142o\u015b\u0107 na rozci\u0105ganie<\/td>\n<td>500-1300 MPa<\/td>\n<\/tr>\n<tr>\n<td>Wytrzyma\u0142o\u015b\u0107 graniczna<\/td>\n<td>200-1100 MPa<\/td>\n<\/tr>\n<tr>\n<td>Wyd\u0142u\u017cenie<\/td>\n<td>10-60%<\/td>\n<\/tr>\n<tr>\n<td>Modu\u0142 Younga<\/td>\n<td>150\u2013250 GPa<\/td>\n<\/tr>\n<tr>\n<td>Modu\u0142 \u015bcinania<\/td>\n<td>65-85 GPa<\/td>\n<\/tr>\n<tr>\n<td>Wsp\u00f3\u0142czynnik Poissona<\/td>\n<td>0.21-0.33<\/td>\n<\/tr>\n<tr>\n<td>Wytrzyma\u0142o\u015b\u0107 z\u0142amania<\/td>\n<td>&gt;100 MPa|m<\/td>\n<\/tr>\n<tr>\n<td>Przewodno\u015b\u0107 cieplna<\/td>\n<td>10-30 W\/mK<\/td>\n<\/tr>\n<tr>\n<td>Op\u00f3r elektryczny<\/td>\n<td>70-100 n\u00b4\u00cem<\/td>\n<\/tr>\n<tr>\n<td>Odporno\u015b\u0107 przeciwkorozyjna<\/td>\n<td>Wysoka wydajno\u015b\u0107 w r\u00f3\u017cnych \u015brodowiskach<\/td>\n<\/tr>\n<\/tbody>\n<\/table>\n<p class=\"whitespace-pre-wrap\">Wysoka twardo\u015b\u0107 wynika ze wzmocnienia roztworu sta\u0142ego, podczas gdy struktura FCC zapewnia dobr\u0105 ci\u0105gliwo\u015b\u0107. W\u0142a\u015bciwo\u015bci mo\u017cna dostosowa\u0107 za pomoc\u0105 regulacji sk\u0142adu i przetwarzania.<\/p>\n<h3>Charakterystyka proszk\u00f3w CoCrFeNi<\/h3>\n<p class=\"whitespace-pre-wrap\">Niekt\u00f3re wa\u017cne cechy py\u0142u stopowego CoCrFeNi obejmuj\u0105:<\/p>\n<ul class=\"list-disc pl-8 space-y-2\">\n<li class=\"whitespace-normal\">Jednofazowa struktura FCC bez faz mi\u0119dzymetalicznych<\/li>\n<li class=\"whitespace-normal\">Odpr\u00f3\u017cnienia wy\u017carzania i usterki u\u0142o\u017cenia obecnych<\/li>\n<li class=\"whitespace-normal\">Morfologia proszku o regularnym kszta\u0142cie z dobr\u0105 p\u0142ynno\u015bci\u0105<\/li>\n<li class=\"whitespace-normal\">Zakres dystrybucji wielko\u015bci cz\u0105steczek od 15\u2013150 \u00c5<\/li>\n<li class=\"whitespace-normal\">Wysoka czysto\u015b\u0107 z nisk\u0105 zawarto\u015bci\u0105 tlenu<\/li>\n<li class=\"whitespace-normal\">Kuliste kszta\u0142ty py\u0142u i g\u0142adka powierzchnia<\/li>\n<li class=\"whitespace-normal\">Mo\u017cliwo\u015b\u0107 dostosowania wielko\u015bci, kszta\u0142tu i sk\u0142adu proszku<\/li>\n<\/ul>\n<p class=\"whitespace-pre-wrap\">Proszek wykazuje wysok\u0105 jednorodno\u015b\u0107 chemiczn\u0105 z jednorodnym rozmieszczeniem stopowych element\u00f3w. Sferyczny kszta\u0142t zapewnia dobre w\u0142a\u015bciwo\u015bci pakowania i przep\u0142ywu.<\/p>\n<h2>Zastosowania proszku CoCrFeNi<\/h2>\n<p class=\"whitespace-pre-wrap\">Wyj\u0105tkowe po\u0142\u0105czenie wytrzyma\u0142o\u015bci, odporno\u015bci i zdolno\u015bci przetwarzania proszku CoCrFeNi powoduje, \u017ce jest odpowiedni do:<\/p>\n<p class=\"whitespace-pre-wrap\"><strong>Produkcja przyrostowa:<\/strong> Doskona\u0142a zdolno\u015b\u0107 drukowania dzi\u0119ki dobrym parametrom p\u0142ynno\u015bci i topliwo\u015bci. Stosowany w przemy\u015ble lotniczym, narz\u0119dziowym i do implant\u00f3w biomedycznych.<\/p>\n<p class=\"whitespace-pre-wrap\"><strong>Pow\u0142oki metod\u0105 natrysku termicznego.<\/strong> Odporno\u015b\u0107 na zu\u017cycie, korozj\u0119 i zmi\u0119kczanie cieplne. Pow\u0142oki do zastosowa\u0144 mechanicznych, morskich i chemicznych.<\/p>\n<p class=\"whitespace-pre-wrap\"><strong>Alloy Development:<\/strong> Materia\u0142 bazowy dla nowych stop\u00f3w wysokoentropowych z dodatkiem Al, Ti itp.<\/p>\n<p class=\"whitespace-pre-wrap\"><strong>Odlewanie Metali pod Ci\u015bnieniem:<\/strong> Sztywne cz\u0119\u015bci o dobrej stabilno\u015bci wymiarowej dla lotnictwa i motoryzacji.<\/p>\n<p class=\"whitespace-pre-wrap\"><strong>Metalurgia proszk\u00f3w:<\/strong> Wysokosprawne cz\u0119\u015bci P\/M o zr\u00f3wnowa\u017conej wytrzyma\u0142o\u015bci i ci\u0105gliwo\u015bci.<\/p>\n<p class=\"whitespace-pre-wrap\"><strong>Zastosowania kriogeniczne:<\/strong> Zachowanie podatno\u015bci i wytrzyma\u0142o\u015bci na niskie temperatury.<\/p>\n<h2>Specyfikacja proszku CoCrFeNi<\/h2>\n<p class=\"whitespace-pre-wrap\">Proszek stopowy CoCrFeNi jest dost\u0119pny w r\u00f3\u017cnych zakresach wielko\u015bci, w r\u00f3\u017cnych sk\u0142adach i formach:<\/p>\n<table>\n<thead>\n<tr>\n<th>Parametr<\/th>\n<th>Warianty<\/th>\n<\/tr>\n<\/thead>\n<tbody>\n<tr>\n<td>Zakres rozmiar\u00f3w<\/td>\n<td>15-25 \u00c3\u2014m, 25-45 \u00c3\u2014m, 45-75 \u00c3\u2014m, 75-105 \u00c3\u2014m, 105-150 \u00c3\u2014m<\/td>\n<\/tr>\n<tr>\n<td>Kompozycja<\/td>\n<td>R\u00f3wnowagowe, niestandardowe ilo\u015bci pierwiastk\u00f3w<\/td>\n<\/tr>\n<tr>\n<td>Kszta\u0142t proszku<\/td>\n<td>Kulisty, nieregularny<\/td>\n<\/tr>\n<tr>\n<td>Metoda produkcji<\/td>\n<td>Atomizacja gazowo\/wodna, mechaniczna przer\u00f3bka plastyczna<\/td>\n<\/tr>\n<tr>\n<td>Formularz dostawy<\/td>\n<td>Lu\u017any proszek, spieki wst\u0119pne<\/td>\n<\/tr>\n<\/tbody>\n<\/table>\n<p class=\"whitespace-pre-wrap\">Wi\u0119ksze rozmiary proszku 45-150 \u00c3\u00d7m s\u0105 preferowane do natryskiwania cieplnego i odlewania metalu wtryskowego. Drobniejsze rozmiary 15-45 \u00c3\u00d7m s\u0105 u\u017cywane do wytwarzania przyrostowego. Mo\u017cliwe jest dostosowywanie proszk\u00f3w pod wzgl\u0119dem kszta\u0142tu, rozmiaru, zawarto\u015bci tlenu i zdolno\u015bci przep\u0142ywu.<\/p>\n<h2>Dostawcy proszku CoCrFeNi<\/h2>\n<p class=\"whitespace-pre-wrap\">Do wiod\u0105cych globalnych dostawc\u00f3w proszku stopu wysokoentropijnego CoCrFeNi nale\u017c\u0105:<\/p>\n<table>\n<thead>\n<tr>\n<th>Firma<\/th>\n<th>mocy produkcyjne<\/th>\n<th>Lokalizacja<\/th>\n<\/tr>\n<\/thead>\n<tbody>\n<tr>\n<td>Sandvik<\/td>\n<td>200 ton rocznie<\/td>\n<td>Szwecja<\/td>\n<\/tr>\n<tr>\n<td>Praxair<\/td>\n<td>150 ton rocznie<\/td>\n<td>USA<\/td>\n<\/tr>\n<tr>\n<td>Hoganas<\/td>\n<td>100 ton rocznie<\/td>\n<td>Szwecja<\/td>\n<\/tr>\n<tr>\n<td>CNPC Powder<\/td>\n<td>50 ton rocznie<\/td>\n<td>Chiny<\/td>\n<\/tr>\n<tr>\n<td>Carpenter Technologies<\/td>\n<td>40 ton na rok<\/td>\n<td>USA<\/td>\n<\/tr>\n<\/tbody>\n<\/table>\n<p class=\"whitespace-pre-wrap\">Prochy s\u0105 na og\u00f3\u0142 wytwarzane metod\u0105 rozpylania gazowego lub wodnego. Dostawcy ci mog\u0105 zapewni\u0107 specjalne sk\u0142ady i rozmiary proszk\u00f3w.<\/p>\n<h3>cennik<\/h3>\n<table>\n<thead>\n<tr>\n<th>Rozmiar proszku<\/th>\n<th>Przedzia\u0142 cenowy<\/th>\n<\/tr>\n<\/thead>\n<tbody>\n<tr>\n<td>15-45 mikron\u00f3w<\/td>\n<td>150-200 PLN za kg<\/td>\n<\/tr>\n<tr>\n<td>45-105 mikron\u00f3w<\/td>\n<td>100-150 z\u0142 za kg<\/td>\n<\/tr>\n<tr>\n<td>105-150+ mikron\u00f3w<\/td>\n<td>80\u2013120 PLN za kg<\/td>\n<\/tr>\n<\/tbody>\n<\/table>\n<p class=\"whitespace-pre-wrap\">Wi\u0119ksze rozmiary proszk\u00f3w s\u0105 ta\u0144sze ze wzgl\u0119du na wy\u017csze wsp\u00f3\u0142czynniki produkcji w rozpylaniu. Dostosowane stopy i sk\u0142ady maj\u0105 wy\u017csz\u0105 cen\u0119. Ceny proszk\u00f3w spada\u0142y z powodu rosn\u0105cej konkurencyjno\u015bci rynku i pojemno\u015bci.<\/p>\n<h2>Zalety i wady proszku CoCrFeNi<\/h2>\n<table>\n<thead>\n<tr>\n<th>Zalety<\/th>\n<th>Ograniczenia<\/th>\n<\/tr>\n<\/thead>\n<tbody>\n<tr>\n<td>Wyj\u0105tkowa wytrzyma\u0142o\u015b\u0107 i twardo\u015b\u0107<\/td>\n<td>Wysokie koszty materia\u0142owe spowodowane przez Co i Ni<\/td>\n<\/tr>\n<tr>\n<td>Znakomita plastyczno\u015b\u0107 i twardo\u015b\u0107<\/td>\n<td>Ograniczone dane na temat d\u0142ugoterminowej wydajno\u015bci<\/td>\n<\/tr>\n<tr>\n<td>Dobra zdolno\u015b\u0107 wytwarzania przez AM, MIM, PM<\/td>\n<td>Przetwarzanie wyzwa\u0144 z kontrol\u0105 mikrostrukturaln\u0105<\/td>\n<\/tr>\n<tr>\n<td>Stabilno\u015b\u0107 cieplna i mikrostrukturalna<\/td>\n<td>Sk\u0142ad musi by\u0107 precyzyjnie kontrolowany<\/td>\n<\/tr>\n<tr>\n<td>Wysoka odporno\u015b\u0107 na korozj\u0119 i zu\u017cycie<\/td>\n<td>Ni\u017csza podatno\u015b\u0107 na obr\u00f3bk\u0119 ni\u017c stop\u00f3w konwencjonalnych<\/td>\n<\/tr>\n<tr>\n<td>Zachowuje wytrzyma\u0142o\u015b\u0107 w podwy\u017cszonej temperaturze<\/td>\n<td>Cz\u0119sto wymaga postprocessingu HIP<\/td>\n<\/tr>\n<\/tbody>\n<\/table>\n<p class=\"whitespace-pre-wrap\">Proszek HEA CoCrFeNi umo\u017cliwia tworzenie komponent\u00f3w z niedo\u015bcignionymi kombinacjami w\u0142a\u015bciwo\u015bci. Ale materia\u0142 i koszty produkcji s\u0105 wysokie. Mikrostruktura i w\u0142a\u015bciwo\u015bci w du\u017cej mierze zale\u017c\u0105 od precyzyjnej kontroli sk\u0142adu.<\/p>\n<h2>Por\u00f3wnanie z alternatywami<\/h2>\n<p class=\"whitespace-pre-wrap\"><strong>Vs. Stalowe proszki nierdzewne<\/strong><\/p>\n<ul class=\"list-disc pl-8 space-y-2\">\n<li class=\"whitespace-normal\">Wi\u0119ksza wytrzyma\u0142o\u015b\u0107 i twardo\u015b\u0107<\/li>\n<li class=\"whitespace-normal\">Doskona\u0142a odporno\u015b\u0107 na zu\u017cycie i korozj\u0119<\/li>\n<li class=\"whitespace-normal\">Dro\u017cszy materia\u0142 podstawowy<\/li>\n<li class=\"whitespace-normal\">Ni\u017csza obrabialno\u015b\u0107 i spawalno\u015b\u0107<\/li>\n<\/ul>\n<p class=\"whitespace-pre-wrap\"><strong>Vs. narz\u0119dzie proszk\u00f3w stali<\/strong><\/p>\n<ul class=\"list-disc pl-8 space-y-2\">\n<li class=\"whitespace-normal\">Wy\u017csza ci\u0105gliwo\u015b\u0107 i odporno\u015b\u0107 na p\u0119kanie<\/li>\n<li class=\"whitespace-normal\">Gorsza wytrzyma\u0142o\u015b\u0107 przy wysokiej temperaturze<\/li>\n<li class=\"whitespace-normal\">Mniej rozpowszechnione metody przetwarzania<\/li>\n<li class=\"whitespace-normal\">Ograniczona liczba rozmiar\u00f3w i dost\u0119pno\u015b\u0107 wariant\u00f3w stop\u00f3w<\/li>\n<\/ul>\n<p class=\"whitespace-pre-wrap\"><strong>W por\u00f3wnaniu do proszk\u00f3w stop\u00f3w Inconel Superalloy<\/strong><\/p>\n<ul class=\"list-disc pl-8 space-y-2\">\n<li class=\"whitespace-normal\">Por\u00f3wnywalna wysokotemperaturowa wytrzyma\u0142o\u015b\u0107<\/li>\n<li class=\"whitespace-normal\">Materia\u0142y o ni\u017cszej warto\u015bci<\/li>\n<li class=\"whitespace-normal\">Kr\u00f3tsza historia wynik\u00f3w<\/li>\n<li class=\"whitespace-normal\">Ograniczona stabilno\u015b\u0107 mikrostrukturalna w bardzo wysokich temperaturach<\/li>\n<\/ul>\n<h2>Cz\u0119sto zadawane pytania (FAQ)<\/h2>\n<p class=\"whitespace-pre-wrap\"><strong>P: Czym jest proszek ze stopu wysokoentropowego (HEA)?<\/strong><\/p>\n<p class=\"whitespace-pre-wrap\">A: Proszek HEA zawiera wiele pierwiastk\u00f3w g\u0142\u00f3wnych w niemal ekwiatomowych proporcjach, aby uzyska\u0107 nadzwyczajne w\u0142a\u015bciwo\u015bci wytrzyma\u0142o\u015bci, ci\u0105gliwo\u015bci i stabilno\u015bci. Proszek CoCrFeNi jest wiod\u0105cym HEA.<\/p>\n<p class=\"whitespace-pre-wrap\"><strong>P: Jakie s\u0105 typowe rozmiary dost\u0119pnych proszk\u00f3w CoCrFeNi?<\/strong><\/p>\n<p class=\"whitespace-pre-wrap\">A: Typowe rozmiary sk\u0142adnik\u00f3w wynosz\u0105 15\u201345 \u00c3\u00d7m w przypadku AM, 45\u2013105 \u00c3\u00d7m w przypadku natryskiwania cieplnego oraz 105\u2013150 \u00c3\u00d7m w przypadku MIM i innych zastosowa\u0144. Mo\u017cliwe jest dostosowanie drobniejszych i grubszych rozmiar\u00f3w.<\/p>\n<p class=\"whitespace-pre-wrap\"><strong>P: Co ma wp\u0142yw na cen\u0119 stopu CoCrFeNi?<\/strong><\/p>\n<p class=\"whitespace-pre-wrap\">A: Cena jest zale\u017cna od wielko\u015bci proszku, sk\u0142adu, czysto\u015bci, metody produkcji i wielko\u015bci zam\u00f3wienia. Wi\u0119ksze rozmiary powy\u017cej 100 \u00c3 \u00d7 m s\u0105 ta\u0144sze. Nawet drobne dodatki lub \u015bci\u015blejsze zakresy sk\u0142adu powoduj\u0105 wzrost koszt\u00f3w.<\/p>\n<p class=\"whitespace-pre-wrap\"><strong>P: Jak produkowany jest proszek HEA CoCrFeNi?<\/strong><\/p>\n<p class=\"whitespace-pre-wrap\">A: G\u0142\u00f3wn\u0105 metod\u0105 produkcji jest atomizacja gazowa i atomizacja wodna. Proszek mo\u017cna uzyska\u0107 r\u00f3wnie\u017c poprzez stopowanie mechaniczne lub m\u0142ynek kriogeniczny z wcze\u015bniej stopowych wlewk\u00f3w.<\/p>\n<p class=\"whitespace-pre-wrap\"><strong>Pytanie: Jakie s\u0105 przyk\u0142adowe zastosowania proszku CoCrFeNi?<\/strong><\/p>\n<p class=\"whitespace-pre-wrap\">A: G\u0142\u00f3wne zastosowania to wytwarzanie dodatk\u00f3w w przemy\u015ble narz\u0119dziowym i w cz\u0119\u015bciach konstrukcyjnych w przemy\u015ble lotniczym, pow\u0142oki natryskiwane termicznie dla zwi\u0119kszenia odporno\u015bci na zu\u017cycie\/korozj\u0119, opracowywanie stop\u00f3w, metalurgia proszk\u00f3w w kszta\u0142towaniu wtryskowym cz\u0119\u015bci zamiennych w motoryzacji i w metalurgii proszk\u00f3w w kszta\u0142towaniu wysoce wydajnych cz\u0119\u015bci.<\/p>\n<p class=\"whitespace-pre-wrap\"><strong>P: Jakie s\u0105 kluczowe w\u0142a\u015bciwo\u015bci proszku CoCrFeNi HEA?<\/strong><\/p>\n<p class=\"whitespace-pre-wrap\">A: W por\u00f3wnaniu ze zwyk\u0142ymi stopami, wykazuje on wyj\u0105tkowe po\u0142\u0105czenie du\u017cej wytrzyma\u0142o\u015bci, twardo\u015bci, plastyczno\u015bci, wytrzyma\u0142o\u015bci na p\u0119kanie, stabilno\u015bci cieplnej i odporno\u015bci na korozj\u0119.<\/p>\n<p class=\"whitespace-pre-wrap\"><strong>Q: Jakie s\u0105 ograniczenia proszku CoCrFeNi?<\/strong><\/p>\n<p class=\"whitespace-pre-wrap\">A: Niekt\u00f3re wady to wysoki koszt materia\u0142\u00f3w bazowych, trudno\u015bci w kontrolowaniu mikrostruktury w procesie, ograniczone dane dotycz\u0105ce d\u0142ugoterminowej wydajno\u015bci, s\u0142absza spawalno\u015b\u0107 w por\u00f3wnaniu ze stal\u0105<\/p>\n<p class=\"whitespace-pre-wrap\"><strong>P: Jak proszek CoCrFeNi wypada w por\u00f3wnaniu ze stalami narz\u0119dziowymi i stalami nierdzewnymi?<\/strong><\/p>\n<p class=\"whitespace-pre-wrap\">A: Ma znacznie wy\u017csz\u0105 wytrzyma\u0142o\u015b\u0107 i twardo\u015b\u0107, lecz gorsz\u0105 przetwarzalno\u015b\u0107 ni\u017c stal nierdzewna. W por\u00f3wnaniu ze stalami narz\u0119dziowymi ma lepsz\u0105 udarno\u015b\u0107 i plastyczno\u015b\u0107.<\/p>\n<p class=\"whitespace-pre-wrap\"><strong>P: Czy CoCrFeNi jest odpowiedni do zastosowa\u0144 kriogenicznych?<\/strong><\/p>\n<p class=\"whitespace-pre-wrap\">A:Tak, zachowuje dobr\u0105 ci\u0105gliwo\u015b\u0107 i odporno\u015b\u0107 w temperaturach ujemnych, podczas gdy konwencjonalne stopy staj\u0105 si\u0119 kruche. Sprawia to, \u017ce nadaje si\u0119 do urz\u0105dze\u0144 kriogenicznych.<\/p>\n<p class=\"whitespace-pre-wrap\"><strong>Q: Czy sk\u0142ad proszk\u00f3w CoCrFeNi mo\u017ce by\u0107 dostosowany?<\/strong><\/p>\n<p class=\"whitespace-pre-wrap\">Odp: Tak, dostawcy mog\u0105 dostarczy\u0107 w\u0142asne proporcje pierwiastk\u00f3w wykraczaj\u0105ce poza sk\u0142ad ekwiatomowy. Typowe regulacje to dodatki 1-2 at.% Mn lub Co w celu dostosowania w\u0142a\u015bciwo\u015bci.<\/p>\n<p><\/span><\/span><\/p>","protected":false},"excerpt":{"rendered":"<p>Przegl\u0105d proszku CoCrFeNi Proszek CoCrFeNi, znany r\u00f3wnie\u017c jako proszek CoCrFeNiMn lub proszek stopu o wysokiej entropii (HEA), odnosi si\u0119 do materia\u0142u sk\u0142adaj\u0105cego si\u0119 z kobaltu, chromu, \u017celaza i niklu w proporcjach zbli\u017conych do r\u00f3wnomolowych. Ten nowy proszek stopowy wykazuje wyj\u0105tkowe w\u0142a\u015bciwo\u015bci w por\u00f3wnaniu do konwencjonalnych stop\u00f3w i wzbudzi\u0142 du\u017ce zainteresowanie w r\u00f3\u017cnych zastosowaniach. Niekt\u00f3re kluczowe cechy...<\/p>","protected":false},"featured_media":1789,"parent":0,"template":"","meta":{"_acf_changed":false,"_kad_blocks_custom_css":"","_kad_blocks_head_custom_js":"","_kad_blocks_body_custom_js":"","_kad_blocks_footer_custom_js":"","_kad_post_transparent":"","_kad_post_title":"","_kad_post_layout":"","_kad_post_sidebar_id":"","_kad_post_content_style":"","_kad_post_vertical_padding":"","_kad_post_feature":"","_kad_post_feature_position":"","_kad_post_header":false,"_kad_post_footer":false,"_kad_post_classname":""},"product-category":[119,127],"class_list":["post-3950","product","type-product","status-publish","has-post-thumbnail","hentry","product-category-3d-printing-metal-powder","product-category-high-entropy-alloy-powder"],"acf":[],"taxonomy_info":{"product-category":[{"value":119,"label":"3D Printing Metal Powder"},{"value":127,"label":"High Entropy Alloy Powder"}]},"featured_image_src_large":["https:\/\/3dpmetal.com\/wp-content\/uploads\/2024\/02\/FeCoNiCrAl-powder.jpg",600,600,false],"author_info":[],"comment_info":"","_links":{"self":[{"href":"https:\/\/3dpmetal.com\/pl\/wp-json\/wp\/v2\/product\/3950","targetHints":{"allow":["GET"]}}],"collection":[{"href":"https:\/\/3dpmetal.com\/pl\/wp-json\/wp\/v2\/product"}],"about":[{"href":"https:\/\/3dpmetal.com\/pl\/wp-json\/wp\/v2\/types\/product"}],"wp:featuredmedia":[{"embeddable":true,"href":"https:\/\/3dpmetal.com\/pl\/wp-json\/wp\/v2\/media\/1789"}],"wp:attachment":[{"href":"https:\/\/3dpmetal.com\/pl\/wp-json\/wp\/v2\/media?parent=3950"}],"wp:term":[{"taxonomy":"product-category","embeddable":true,"href":"https:\/\/3dpmetal.com\/pl\/wp-json\/wp\/v2\/product-category?post=3950"}],"curies":[{"name":"wp","href":"https:\/\/api.w.org\/{rel}","templated":true}]}}