{"id":4294,"date":"2024-04-07T08:17:04","date_gmt":"2024-04-07T08:17:04","guid":{"rendered":"https:\/\/3dpmetal.com\/product\/titanium-ti1023-powder\/"},"modified":"2024-04-08T00:50:22","modified_gmt":"2024-04-08T00:50:22","slug":"titanium-ti1023-powder","status":"publish","type":"product","link":"https:\/\/3dpmetal.com\/pl\/product\/titanium-ti1023-powder\/","title":{"rendered":"Tytan Ti1023 w proszku"},"content":{"rendered":"<h2>Tytan Ti1023 w proszku: Przegl\u0105d<\/h2>\n<p>Tytan <a href=\"https:\/\/en.wikipedia.org\/wiki\/Metal_powder\" target=\"_blank\" rel=\"noopener\">Proszek Ti1023<\/a> to bardzo poszukiwany proszek na bazie stopu tytanu, znany ze swojej wyj\u0105tkowej wytrzyma\u0142o\u015bci, odporno\u015bci na korozj\u0119 i odporno\u015bci na ciep\u0142o. Powszechnie stosowany w r\u00f3\u017cnych ga\u0142\u0119ziach przemys\u0142u, w szczeg\u00f3lno\u015bci w przemy\u015ble lotniczym, motoryzacyjnym i medycznym, proszek ten odgrywa kluczow\u0105 rol\u0119 w zastosowaniach wymagaj\u0105cych doskona\u0142ej wydajno\u015bci w wymagaj\u0105cych warunkach.<\/p>\n<h2>Kompozycja<\/h2>\n<p>Tytan Ti1023 Powder jest skrupulatnie wykonany z precyzyjnych pierwiastk\u00f3w stopowych, aby osi\u0105gn\u0105\u0107 jego wyj\u0105tkowe w\u0142a\u015bciwo\u015bci:<\/p>\n<table>\n<thead>\n<tr>\n<th>Element<\/th>\n<th>Waga %<\/th>\n<\/tr>\n<\/thead>\n<tbody>\n<tr>\n<td>Tytan (Ti)<\/td>\n<td>89.0-91.0<\/td>\n<\/tr>\n<tr>\n<td>Aluminium (Al)<\/td>\n<td>5.5-6.5<\/td>\n<\/tr>\n<tr>\n<td>Wanad (V)<\/td>\n<td>2.0-3.0<\/td>\n<\/tr>\n<tr>\n<td>\u017belazo (Fe)<\/td>\n<td>\u22640.25<\/td>\n<\/tr>\n<tr>\n<td>W\u0119giel (C)<\/td>\n<td>\u22640.08<\/td>\n<\/tr>\n<tr>\n<td>Azot (N)<\/td>\n<td>\u22640.05<\/td>\n<\/tr>\n<tr>\n<td>Wod\u00f3r (H)<\/td>\n<td>\u22640.015<\/td>\n<\/tr>\n<tr>\n<td>Tlen (O)<\/td>\n<td>\u22640.18<\/td>\n<\/tr>\n<\/tbody>\n<\/table>\n<p>Te pierwiastki stopowe synergicznie przyczyniaj\u0105 si\u0119 do wytrzyma\u0142o\u015bci stopu, odporno\u015bci na korozj\u0119 i odporno\u015bci na ciep\u0142o.<\/p>\n<h2>W\u0142a\u015bciwo\u015bci<\/h2>\n<p>Tytan Ti1023 Powder wykazuje niezwyk\u0142e w\u0142a\u015bciwo\u015bci niezb\u0119dne w wymagaj\u0105cych zastosowaniach:<\/p>\n<table>\n<thead>\n<tr>\n<th>Nieruchomo\u015b\u0107<\/th>\n<th>Warto\u015b\u0107<\/th>\n<\/tr>\n<\/thead>\n<tbody>\n<tr>\n<td>G\u0119sto\u015b\u0107<\/td>\n<td>4,51 g\/cm\u00b3<\/td>\n<\/tr>\n<tr>\n<td>Twardo\u015b\u0107 (HB)<\/td>\n<td>340-380<\/td>\n<\/tr>\n<tr>\n<td>Odporno\u015b\u0107 na rozci\u0105ganie<\/td>\n<td>900-1000 MPa<\/td>\n<\/tr>\n<tr>\n<td>Wytrzyma\u0142o\u015b\u0107 graniczna<\/td>\n<td>800-900 MPa<\/td>\n<\/tr>\n<tr>\n<td>Wyd\u0142u\u017cenie<\/td>\n<td>10-15%<\/td>\n<\/tr>\n<tr>\n<td>Temperatura topnienia<\/td>\n<td>1600-1650\u00b0C<\/td>\n<\/tr>\n<tr>\n<td>Przewodno\u015b\u0107 cieplna<\/td>\n<td>6,7 W\/m-K<\/td>\n<\/tr>\n<tr>\n<td>Wsp\u00f3\u0142czynnik rozszerzalno\u015bci<\/td>\n<td>8,6 \u00b5m\/m-K<\/td>\n<\/tr>\n<\/tbody>\n<\/table>\n<p>Te wyj\u0105tkowe w\u0142a\u015bciwo\u015bci sprawiaj\u0105, \u017ce proszek tytanowy Ti1023 nadaje si\u0119 do szerokiego zakresu zastosowa\u0144 wymagaj\u0105cych wysokiej wytrzyma\u0142o\u015bci, odporno\u015bci na korozj\u0119 i odporno\u015bci na ciep\u0142o.<\/p>\n<h2>APLIKACJE<\/h2>\n<p>Tytan Ti1023 Powder znajduje szerokie zastosowanie w r\u00f3\u017cnych ga\u0142\u0119ziach przemys\u0142u:<\/p>\n<ul>\n<li>Lotnictwo i kosmonautyka: cz\u0119\u015bci samolot\u00f3w, cz\u0119\u015bci silnik\u00f3w<\/li>\n<li>Motoryzacja: lekkie komponenty, uk\u0142ady wydechowe<\/li>\n<li>Medycyna: implanty chirurgiczne, urz\u0105dzenia ortopedyczne<\/li>\n<li>Sprz\u0119t sportowy: ramy rowerowe, kije golfowe<\/li>\n<li>Przetwarzanie chemiczne: reaktory, wymienniki ciep\u0142a<\/li>\n<\/ul>\n<p>Po\u0142\u0105czenie jego doskona\u0142ych w\u0142a\u015bciwo\u015bci sprawia, \u017ce idealnie nadaje si\u0119 do krytycznych komponent\u00f3w nara\u017conych na dzia\u0142anie \u015brodowisk korozyjnych, wysokich temperatur i du\u017cych napr\u0119\u017ce\u0144.<\/p>\n<h2>Proces wytwarzania przyrostowego<\/h2>\n<p>Proszek tytanowy Ti1023 jest zwykle wytwarzany za pomoc\u0105 zaawansowanych technik produkcyjnych, takich jak atomizacja plazmowa lub atomizacja gazowa, w wyniku czego powstaj\u0105 kuliste cz\u0105stki odpowiednie dla technik produkcji addytywnej, takich jak selektywne topienie laserowe (SLM) i topienie wi\u0105zk\u0105 elektron\u00f3w (EBM).<\/p>\n<h2>Specyfikacja proszku<\/h2>\n<p>Proszek tytanowy Ti1023 jest dost\u0119pny w r\u00f3\u017cnych specyfikacjach dostosowanych do konkretnych wymaga\u0144 aplikacji, obejmuj\u0105cych rozk\u0142ad wielko\u015bci cz\u0105stek, morfologi\u0119, g\u0119sto\u015b\u0107 pozorn\u0105, czysto\u015b\u0107 i zawarto\u015b\u0107 tlenu.<\/p>\n<h2>Standardy i oceny<\/h2>\n<p>Tytan Ti1023 w proszku jest zgodny z normami bran\u017cowymi, takimi jak ASTM B348 i AMS 4902, co zapewnia jego jako\u015b\u0107 i przydatno\u015b\u0107 do r\u00f3\u017cnych zastosowa\u0144.<\/p>\n<h2>Kontrola jako\u015bci<\/h2>\n<p>Aby zapewni\u0107 sp\u00f3jno\u015b\u0107 i niezawodno\u015b\u0107, w przypadku proszku Titanium Ti1023 wdra\u017cane s\u0105 rygorystyczne \u015brodki kontroli jako\u015bci, w tym analiza chemiczna, analiza wielko\u015bci cz\u0105stek, ocena morfologii proszku, badanie g\u0119sto\u015bci, ocena czysto\u015bci i analiza zawarto\u015bci tlenu.<\/p>\n<h2>Analiza koszt\u00f3w<\/h2>\n<p>Koszt proszku tytanowego Ti1023 r\u00f3\u017cni si\u0119 w zale\u017cno\u015bci od kilku czynnik\u00f3w, w tym wielko\u015bci zam\u00f3wienia, zakresu wielko\u015bci cz\u0105stek, morfologii proszku, poziom\u00f3w czysto\u015bci oraz mar\u017c producenta\/dystrybutora.<\/p>\n<h2>Przechowywanie i obs\u0142uga proszk\u00f3w<\/h2>\n<p>Aby zachowa\u0107 integralno\u015b\u0107 proszku Titanium Ti1023, konieczne s\u0105 odpowiednie praktyki przechowywania i obs\u0142ugi, w tym przechowywanie w szczelnych pojemnikach w kontrolowanym \u015brodowisku i przestrzeganie odpowiednich protoko\u0142\u00f3w obs\u0142ugi.<\/p>\n<h2>Zdrowie i bezpiecze\u0144stwo<\/h2>\n<p>Tytan Ti1023 w proszku stwarza minimalne zagro\u017cenie dla zdrowia przy prawid\u0142owym obchodzeniu si\u0119 z nim, wymagaj\u0105c stosowania \u015brodk\u00f3w ochrony osobistej i przestrzegania protoko\u0142\u00f3w bezpiecze\u0144stwa podczas obs\u0142ugi i przetwarzania.<\/p>\n<h2>FAQ<\/h2>\n<ol>\n<li><strong>Jakie s\u0105 g\u0142\u00f3wne zalety proszku tytanowego Ti1023?<\/strong> Tytan Ti1023 Powder oferuje wyj\u0105tkow\u0105 wytrzyma\u0142o\u015b\u0107, odporno\u015b\u0107 na korozj\u0119 i odporno\u015b\u0107 na ciep\u0142o, dzi\u0119ki czemu nadaje si\u0119 do szerokiego zakresu zastosowa\u0144 w przemy\u015ble lotniczym, motoryzacyjnym i medycznym.<\/li>\n<li><strong>Czy proszek tytanowy Ti1023 nadaje si\u0119 do implant\u00f3w medycznych?<\/strong> Tak, tytan Ti1023 Powder jest powszechnie stosowany w medycynie ze wzgl\u0119du na swoj\u0105 biokompatybilno\u015b\u0107, wytrzyma\u0142o\u015b\u0107 i odporno\u015b\u0107 na korozj\u0119, dzi\u0119ki czemu idealnie nadaje si\u0119 do implant\u00f3w chirurgicznych i urz\u0105dze\u0144 ortopedycznych.<\/li>\n<li><strong>Czy proszek tytanowy Ti1023 mo\u017ce by\u0107 stosowany w przemy\u015ble lotniczym?<\/strong> Tak, proszek tytanowy Ti1023 nadaje si\u0119 do zastosowa\u0144 w przemy\u015ble lotniczym, w tym do komponent\u00f3w samolot\u00f3w i cz\u0119\u015bci silnik\u00f3w, ze wzgl\u0119du na wysok\u0105 wytrzyma\u0142o\u015b\u0107 i odporno\u015b\u0107 na korozj\u0119.<\/li>\n<li><strong>Jakie procesy wytwarzania przyrostowego mog\u0105 wykorzystywa\u0107 proszek tytanowy Ti1023?<\/strong> Tytan Ti1023 Powder mo\u017ce by\u0107 przetwarzany przy u\u017cyciu technik produkcji addytywnej, takich jak selektywne topienie laserowe (SLM) i topienie wi\u0105zk\u0105 elektron\u00f3w (EBM) w celu wytwarzania z\u0142o\u017conych komponent\u00f3w z wysok\u0105 precyzj\u0105.<\/li>\n<li><strong>Jakie s\u0105 typowe koszty zwi\u0105zane z proszkiem Titanium Ti1023?<\/strong> Koszty proszku tytanowego Ti1023 r\u00f3\u017cni\u0105 si\u0119 w zale\u017cno\u015bci od takich czynnik\u00f3w, jak obj\u0119to\u015b\u0107, zakres wielko\u015bci cz\u0105stek, poziomy czysto\u015bci i warunki rynkowe.<\/li>\n<\/ol>","protected":false},"excerpt":{"rendered":"<p>Tytan Ti1023 w proszku: Przegl\u0105d Proszek tytanowy Ti1023 to bardzo poszukiwany proszek stopowy na bazie tytanu, znany z wyj\u0105tkowej wytrzyma\u0142o\u015bci, odporno\u015bci na korozj\u0119 i odporno\u015bci na ciep\u0142o. Powszechnie stosowany w r\u00f3\u017cnych ga\u0142\u0119ziach przemys\u0142u, w szczeg\u00f3lno\u015bci w przemy\u015ble lotniczym, motoryzacyjnym i medycznym, proszek ten odgrywa kluczow\u0105 rol\u0119 w zastosowaniach wymagaj\u0105cych doskona\u0142ej wydajno\u015bci w wymagaj\u0105cych warunkach. Sk\u0142ad Proszek tytanowy Ti1023 jest starannie wykonany...<\/p>","protected":false},"featured_media":1792,"parent":0,"template":"","meta":{"_acf_changed":false,"_kad_blocks_custom_css":"","_kad_blocks_head_custom_js":"","_kad_blocks_body_custom_js":"","_kad_blocks_footer_custom_js":"","_kad_post_transparent":"","_kad_post_title":"","_kad_post_layout":"","_kad_post_sidebar_id":"","_kad_post_content_style":"","_kad_post_vertical_padding":"","_kad_post_feature":"","_kad_post_feature_position":"","_kad_post_header":false,"_kad_post_footer":false,"_kad_post_classname":""},"product-category":[119],"class_list":["post-4294","product","type-product","status-publish","has-post-thumbnail","hentry","product-category-3d-printing-metal-powder"],"acf":[],"taxonomy_info":{"product-category":[{"value":119,"label":"3D Printing Metal Powder"}]},"featured_image_src_large":["https:\/\/3dpmetal.com\/wp-content\/uploads\/2024\/02\/FeCoNiCrMo.jpg",500,432,false],"author_info":[],"comment_info":"","_links":{"self":[{"href":"https:\/\/3dpmetal.com\/pl\/wp-json\/wp\/v2\/product\/4294","targetHints":{"allow":["GET"]}}],"collection":[{"href":"https:\/\/3dpmetal.com\/pl\/wp-json\/wp\/v2\/product"}],"about":[{"href":"https:\/\/3dpmetal.com\/pl\/wp-json\/wp\/v2\/types\/product"}],"wp:featuredmedia":[{"embeddable":true,"href":"https:\/\/3dpmetal.com\/pl\/wp-json\/wp\/v2\/media\/1792"}],"wp:attachment":[{"href":"https:\/\/3dpmetal.com\/pl\/wp-json\/wp\/v2\/media?parent=4294"}],"wp:term":[{"taxonomy":"product-category","embeddable":true,"href":"https:\/\/3dpmetal.com\/pl\/wp-json\/wp\/v2\/product-category?post=4294"}],"curies":[{"name":"wp","href":"https:\/\/api.w.org\/{rel}","templated":true}]}}