{"id":4304,"date":"2024-04-07T08:17:24","date_gmt":"2024-04-07T08:17:24","guid":{"rendered":"https:\/\/3dpmetal.com\/product\/copper-c17510-powder\/"},"modified":"2024-04-08T01:16:42","modified_gmt":"2024-04-08T01:16:42","slug":"copper-c17510-powder","status":"publish","type":"product","link":"https:\/\/3dpmetal.com\/pl\/product\/copper-c17510-powder\/","title":{"rendered":"Mied\u017a C17510 w proszku"},"content":{"rendered":"<h2>Mied\u017a C17510 w proszku: Przegl\u0105d<\/h2>\n<p><a href=\"https:\/\/en.wikipedia.org\/wiki\/Metal_powder\" target=\"_blank\" rel=\"noopener\">Mied\u017a C17510 w proszku<\/a> to wysoko ceniony proszek ze stopu miedzi znany z wyj\u0105tkowej przewodno\u015bci elektrycznej, przewodno\u015bci cieplnej i odporno\u015bci na korozj\u0119. Powszechnie stosowany w r\u00f3\u017cnych ga\u0142\u0119ziach przemys\u0142u, zw\u0142aszcza w zastosowaniach elektrycznych i elektronicznych, proszek ten odgrywa kluczow\u0105 rol\u0119 w produkcji komponent\u00f3w wymagaj\u0105cych doskona\u0142ej przewodno\u015bci i niezawodno\u015bci.<\/p>\n<h2>Kompozycja<\/h2>\n<p>Mied\u017a C17510 w proszku jest skrupulatnie wytwarzana przy u\u017cyciu precyzyjnych pierwiastk\u00f3w stopowych w celu uzyskania wyj\u0105tkowych w\u0142a\u015bciwo\u015bci:<\/p>\n<table>\n<thead>\n<tr>\n<th>Element<\/th>\n<th>Waga %<\/th>\n<\/tr>\n<\/thead>\n<tbody>\n<tr>\n<td>Mied\u017a (Cu)<\/td>\n<td>97,5 min<\/td>\n<\/tr>\n<tr>\n<td>Kobalt (Co)<\/td>\n<td>0.40-0.70<\/td>\n<\/tr>\n<tr>\n<td>Beryl (Be)<\/td>\n<td>0.20-0.60<\/td>\n<\/tr>\n<tr>\n<td>Nikiel (Ni)<\/td>\n<td>0.20-0.60<\/td>\n<\/tr>\n<tr>\n<td>Krzem (Si)<\/td>\n<td>0,20 maks<\/td>\n<\/tr>\n<tr>\n<td>\u017belazo (Fe)<\/td>\n<td>0,20 maks<\/td>\n<\/tr>\n<tr>\n<td>O\u0142\u00f3w (Pb)<\/td>\n<td>0.05 max<\/td>\n<\/tr>\n<tr>\n<td>Inni<\/td>\n<td>0.50 max<\/td>\n<\/tr>\n<\/tbody>\n<\/table>\n<p>Te pierwiastki stopowe dzia\u0142aj\u0105 synergicznie w celu zwi\u0119kszenia przewodno\u015bci elektrycznej, przewodno\u015bci cieplnej i odporno\u015bci na korozj\u0119.<\/p>\n<h2>W\u0142a\u015bciwo\u015bci<\/h2>\n<p>Mied\u017a C17510 Powder wykazuje niezwyk\u0142e w\u0142a\u015bciwo\u015bci niezb\u0119dne w wymagaj\u0105cych zastosowaniach:<\/p>\n<table>\n<thead>\n<tr>\n<th>Nieruchomo\u015b\u0107<\/th>\n<th>Warto\u015b\u0107<\/th>\n<\/tr>\n<\/thead>\n<tbody>\n<tr>\n<td>G\u0119sto\u015b\u0107<\/td>\n<td>8,95 g\/cm\u00b3<\/td>\n<\/tr>\n<tr>\n<td>Przewodnictwo elektryczne<\/td>\n<td>80% IACS<\/td>\n<\/tr>\n<tr>\n<td>Przewodno\u015b\u0107 cieplna<\/td>\n<td>390 W\/m-K<\/td>\n<\/tr>\n<tr>\n<td>Odporno\u015b\u0107 na rozci\u0105ganie<\/td>\n<td>480 MPa<\/td>\n<\/tr>\n<tr>\n<td>Wytrzyma\u0142o\u015b\u0107 graniczna<\/td>\n<td>340 MPa<\/td>\n<\/tr>\n<tr>\n<td>Wyd\u0142u\u017cenie<\/td>\n<td>10%<\/td>\n<\/tr>\n<tr>\n<td>Twardo\u015b\u0107 (HRB)<\/td>\n<td>90 HRB<\/td>\n<\/tr>\n<tr>\n<td>Temperatura topnienia<\/td>\n<td>~1083\u00b0C<\/td>\n<\/tr>\n<\/tbody>\n<\/table>\n<p>Te wyj\u0105tkowe w\u0142a\u015bciwo\u015bci sprawiaj\u0105, \u017ce proszek Copper C17510 nadaje si\u0119 do szerokiego zakresu zastosowa\u0144 wymagaj\u0105cych wysokiej przewodno\u015bci elektrycznej i cieplnej, a tak\u017ce odporno\u015bci na korozj\u0119.<\/p>\n<h2>APLIKACJE<\/h2>\n<p>Mied\u017a C17510 Powder znajduje szerokie zastosowanie w r\u00f3\u017cnych ga\u0142\u0119ziach przemys\u0142u:<\/p>\n<ul>\n<li>Elektryka i elektronika: z\u0142\u0105cza elektryczne, prze\u0142\u0105czniki, terminale<\/li>\n<li>Motoryzacja: wi\u0105zki przewod\u00f3w, komponenty elektryczne<\/li>\n<li>Lotnictwo i kosmonautyka: systemy elektryczne samolot\u00f3w, awionika<\/li>\n<li>Telekomunikacja: anteny, z\u0142\u0105cza<\/li>\n<li>Maszyny przemys\u0142owe: wymienniki ciep\u0142a, systemy ch\u0142odzenia<\/li>\n<\/ul>\n<p>Po\u0142\u0105czenie doskona\u0142ych w\u0142a\u015bciwo\u015bci sprawia, \u017ce idealnie nadaje si\u0119 do krytycznych komponent\u00f3w wymagaj\u0105cych doskona\u0142ej przewodno\u015bci i niezawodno\u015bci.<\/p>\n<h2>Proces wytwarzania przyrostowego<\/h2>\n<p>Proszek Copper C17510 jest zwykle wytwarzany w procesie atomizacji gazowej lub wodnej, w wyniku czego powstaj\u0105 kuliste cz\u0105stki odpowiednie dla technik produkcji addytywnej, takich jak selektywne topienie laserowe (SLM) i topienie wi\u0105zk\u0105 elektron\u00f3w (EBM).<\/p>\n<h2>Specyfikacja proszku<\/h2>\n<p>Mied\u017a C17510 Powder jest dost\u0119pna w r\u00f3\u017cnych zakresach rozmiar\u00f3w, morfologii i poziom\u00f3w jako\u015bci, spe\u0142niaj\u0105c okre\u015blone wymagania aplikacji.<\/p>\n<h2>Standardy i oceny<\/h2>\n<p>Mied\u017a C17510 Powder jest zgodna z normami bran\u017cowymi, takimi jak ASTM B311 i ASTM B441, zapewniaj\u0105c jej jako\u015b\u0107 i przydatno\u015b\u0107 do r\u00f3\u017cnych zastosowa\u0144.<\/p>\n<h2>Kontrola jako\u015bci<\/h2>\n<p>W przypadku proszku Copper C17510 wdra\u017cane s\u0105 rygorystyczne \u015brodki kontroli jako\u015bci, w tym analiza chemiczna, analiza wielko\u015bci cz\u0105stek, ocena morfologii proszku, badanie g\u0119sto\u015bci, ocena czysto\u015bci i analiza zawarto\u015bci tlenu, aby zapewni\u0107 sp\u00f3jno\u015b\u0107 i niezawodno\u015b\u0107.<\/p>\n<h2>Analiza koszt\u00f3w<\/h2>\n<p>Koszt proszku Copper C17510 r\u00f3\u017cni si\u0119 w zale\u017cno\u015bci od kilku czynnik\u00f3w, w tym wielko\u015bci zam\u00f3wienia, zakresu wielko\u015bci cz\u0105stek, morfologii proszku, poziom\u00f3w czysto\u015bci i mar\u017c producenta\/dystrybutora.<\/p>\n<h2>Przechowywanie i obs\u0142uga proszk\u00f3w<\/h2>\n<p>W\u0142a\u015bciwe praktyki przechowywania i obs\u0142ugi s\u0105 niezb\u0119dne do zachowania integralno\u015bci proszku Copper C17510, w tym przechowywania w szczelnych pojemnikach w kontrolowanym \u015brodowisku i przestrzegania odpowiednich protoko\u0142\u00f3w obs\u0142ugi.<\/p>\n<h2>Zdrowie i bezpiecze\u0144stwo<\/h2>\n<p>Mied\u017a C17510 w proszku stwarza minimalne zagro\u017cenie dla zdrowia przy prawid\u0142owym obchodzeniu si\u0119 z ni\u0105, wymagaj\u0105c stosowania \u015brodk\u00f3w ochrony osobistej i przestrzegania protoko\u0142\u00f3w bezpiecze\u0144stwa podczas obs\u0142ugi i przetwarzania.<\/p>\n<h2>FAQ<\/h2>\n<ol>\n<li><strong>Jakie s\u0105 g\u0142\u00f3wne zalety proszku Copper C17510?<\/strong> Mied\u017a C17510 Powder oferuje wyj\u0105tkow\u0105 przewodno\u015b\u0107 elektryczn\u0105, przewodno\u015b\u0107 ciepln\u0105 i odporno\u015b\u0107 na korozj\u0119, dzi\u0119ki czemu nadaje si\u0119 do szerokiego zakresu zastosowa\u0144 w przemy\u015ble elektrycznym i elektronicznym.<\/li>\n<li><strong>Czy proszek Copper C17510 mo\u017ce by\u0107 stosowany w produkcji addytywnej?<\/strong> Tak, proszek Copper C17510 jest powszechnie stosowany w technikach produkcji addytywnej, takich jak selektywne topienie laserowe (SLM) i topienie wi\u0105zk\u0105 elektron\u00f3w (EBM) w celu wytwarzania z\u0142o\u017conych komponent\u00f3w o wysokiej przewodno\u015bci elektrycznej i cieplnej.<\/li>\n<li><strong>Czy proszek Copper C17510 nadaje si\u0119 do zastosowa\u0144 motoryzacyjnych?<\/strong> Tak, mied\u017a C17510 w proszku nadaje si\u0119 do zastosowa\u0144 motoryzacyjnych, w tym wi\u0105zek przewod\u00f3w i komponent\u00f3w elektrycznych, ze wzgl\u0119du na wysok\u0105 przewodno\u015b\u0107 elektryczn\u0105 i odporno\u015b\u0107 na korozj\u0119.<\/li>\n<li><strong>Jakie s\u0105 typowe koszty zwi\u0105zane z proszkiem Copper C17510?<\/strong> Koszty proszku Copper C17510 r\u00f3\u017cni\u0105 si\u0119 w zale\u017cno\u015bci od takich czynnik\u00f3w, jak obj\u0119to\u015b\u0107, zakres wielko\u015bci cz\u0105stek, poziomy czysto\u015bci i warunki rynkowe.<\/li>\n<\/ol>","protected":false},"excerpt":{"rendered":"<p>Mied\u017a C17510 w proszku: Przegl\u0105d Proszek miedzi C17510 to wysoko ceniony proszek ze stopu miedzi znany z wyj\u0105tkowej przewodno\u015bci elektrycznej, przewodno\u015bci cieplnej i odporno\u015bci na korozj\u0119. Powszechnie stosowany w r\u00f3\u017cnych ga\u0142\u0119ziach przemys\u0142u, szczeg\u00f3lnie w zastosowaniach elektrycznych i elektronicznych, proszek ten odgrywa kluczow\u0105 rol\u0119 w produkcji komponent\u00f3w wymagaj\u0105cych doskona\u0142ej przewodno\u015bci i niezawodno\u015bci. Sk\u0142ad Proszek miedzi C17510 jest...<\/p>","protected":false},"featured_media":1808,"parent":0,"template":"","meta":{"_acf_changed":false,"_kad_blocks_custom_css":"","_kad_blocks_head_custom_js":"","_kad_blocks_body_custom_js":"","_kad_blocks_footer_custom_js":"","_kad_post_transparent":"","_kad_post_title":"","_kad_post_layout":"","_kad_post_sidebar_id":"","_kad_post_content_style":"","_kad_post_vertical_padding":"","_kad_post_feature":"","_kad_post_feature_position":"","_kad_post_header":false,"_kad_post_footer":false,"_kad_post_classname":""},"product-category":[119],"class_list":["post-4304","product","type-product","status-publish","has-post-thumbnail","hentry","product-category-3d-printing-metal-powder"],"acf":[],"taxonomy_info":{"product-category":[{"value":119,"label":"3D Printing Metal Powder"}]},"featured_image_src_large":["https:\/\/3dpmetal.com\/wp-content\/uploads\/2024\/02\/Al-3003-powder.png",385,318,false],"author_info":[],"comment_info":"","_links":{"self":[{"href":"https:\/\/3dpmetal.com\/pl\/wp-json\/wp\/v2\/product\/4304","targetHints":{"allow":["GET"]}}],"collection":[{"href":"https:\/\/3dpmetal.com\/pl\/wp-json\/wp\/v2\/product"}],"about":[{"href":"https:\/\/3dpmetal.com\/pl\/wp-json\/wp\/v2\/types\/product"}],"wp:featuredmedia":[{"embeddable":true,"href":"https:\/\/3dpmetal.com\/pl\/wp-json\/wp\/v2\/media\/1808"}],"wp:attachment":[{"href":"https:\/\/3dpmetal.com\/pl\/wp-json\/wp\/v2\/media?parent=4304"}],"wp:term":[{"taxonomy":"product-category","embeddable":true,"href":"https:\/\/3dpmetal.com\/pl\/wp-json\/wp\/v2\/product-category?post=4304"}],"curies":[{"name":"wp","href":"https:\/\/api.w.org\/{rel}","templated":true}]}}