{"id":4306,"date":"2024-04-07T08:17:24","date_gmt":"2024-04-07T08:17:24","guid":{"rendered":"https:\/\/3dpmetal.com\/product\/copper-c11000-powder\/"},"modified":"2024-04-08T01:18:53","modified_gmt":"2024-04-08T01:18:53","slug":"copper-c11000-powder","status":"publish","type":"product","link":"https:\/\/3dpmetal.com\/pl\/product\/copper-c11000-powder\/","title":{"rendered":"Mied\u017a C11000 w proszku"},"content":{"rendered":"<h2>Mied\u017a C11000 w proszku: Przegl\u0105d<\/h2>\n<p><a href=\"https:\/\/en.wikipedia.org\/wiki\/Metal_powder\" target=\"_blank\" rel=\"noopener\">Mied\u017a C11000 w proszku<\/a> to wysoko ceniony proszek ze stopu miedzi znany z wyj\u0105tkowej przewodno\u015bci elektrycznej, przewodno\u015bci cieplnej i odporno\u015bci na korozj\u0119. Znajduje szerokie zastosowanie w r\u00f3\u017cnych ga\u0142\u0119ziach przemys\u0142u, w szczeg\u00f3lno\u015bci w sektorze elektrycznym i elektronicznym, gdzie wysoka przewodno\u015b\u0107 i niezawodno\u015b\u0107 s\u0105 najwa\u017cniejsze.<\/p>\n<h2>Kompozycja<\/h2>\n<p>Mied\u017a C11000 w proszku jest skrupulatnie wytwarzana przy u\u017cyciu precyzyjnych pierwiastk\u00f3w stopowych w celu uzyskania wyj\u0105tkowych w\u0142a\u015bciwo\u015bci:<\/p>\n<table>\n<thead>\n<tr>\n<th>Element<\/th>\n<th>Waga %<\/th>\n<\/tr>\n<\/thead>\n<tbody>\n<tr>\n<td>Mied\u017a (Cu)<\/td>\n<td>99,9 min<\/td>\n<\/tr>\n<tr>\n<td>Tlen (O)<\/td>\n<td>\u22640.04<\/td>\n<\/tr>\n<tr>\n<td>Fosfor (P)<\/td>\n<td>\u22640.015<\/td>\n<\/tr>\n<\/tbody>\n<\/table>\n<p>Ten proszek miedzi o wysokiej czysto\u015bci jest dostosowany do zapewnienia doskona\u0142ej przewodno\u015bci elektrycznej i cieplnej.<\/p>\n<h2>W\u0142a\u015bciwo\u015bci<\/h2>\n<p>Mied\u017a C11000 Powder wykazuje niezwyk\u0142e w\u0142a\u015bciwo\u015bci niezb\u0119dne w wymagaj\u0105cych zastosowaniach:<\/p>\n<table>\n<thead>\n<tr>\n<th>Nieruchomo\u015b\u0107<\/th>\n<th>Warto\u015b\u0107<\/th>\n<\/tr>\n<\/thead>\n<tbody>\n<tr>\n<td>G\u0119sto\u015b\u0107<\/td>\n<td>8,96 g\/cm\u00b3<\/td>\n<\/tr>\n<tr>\n<td>Przewodnictwo elektryczne<\/td>\n<td>100% IACS<\/td>\n<\/tr>\n<tr>\n<td>Przewodno\u015b\u0107 cieplna<\/td>\n<td>401 W\/m-K<\/td>\n<\/tr>\n<tr>\n<td>Odporno\u015b\u0107 na rozci\u0105ganie<\/td>\n<td>210 MPa<\/td>\n<\/tr>\n<tr>\n<td>Wytrzyma\u0142o\u015b\u0107 graniczna<\/td>\n<td>70 MPa<\/td>\n<\/tr>\n<tr>\n<td>Wyd\u0142u\u017cenie<\/td>\n<td>45%<\/td>\n<\/tr>\n<tr>\n<td>Twardo\u015b\u0107 (HRB)<\/td>\n<td>45 HRB<\/td>\n<\/tr>\n<tr>\n<td>Temperatura topnienia<\/td>\n<td>~1084\u00b0C<\/td>\n<\/tr>\n<\/tbody>\n<\/table>\n<p>Te wyj\u0105tkowe w\u0142a\u015bciwo\u015bci sprawiaj\u0105, \u017ce proszek Copper C11000 jest idealny do zastosowa\u0144 wymagaj\u0105cych wysokiej przewodno\u015bci i odporno\u015bci na korozj\u0119.<\/p>\n<h2>APLIKACJE<\/h2>\n<p>Mied\u017a C11000 Powder znajduje r\u00f3\u017cnorodne zastosowania w r\u00f3\u017cnych bran\u017cach:<\/p>\n<ul>\n<li>Elektryka i elektronika: okablowanie, szyny zbiorcze, styki elektryczne<\/li>\n<li>Motoryzacja: ch\u0142odnice, wymienniki ciep\u0142a, z\u0142\u0105cza<\/li>\n<li>Telekomunikacja: kable, anteny<\/li>\n<li>Maszyny przemys\u0142owe: radiatory, przewodniki cieplne<\/li>\n<li>Konstrukcja: pokrycie dachowe, rynny, ochrona odgromowa<\/li>\n<\/ul>\n<p>Jego wyj\u0105tkowa przewodno\u015b\u0107 i odporno\u015b\u0107 na korozj\u0119 sprawiaj\u0105, \u017ce jest niezast\u0105piony w komponentach elektrycznych i elektronicznych.<\/p>\n<h2>Proces wytwarzania przyrostowego<\/h2>\n<p>Proszek miedziowy C11000 jest zwykle wytwarzany w procesie atomizacji gazowej lub wodnej, w wyniku czego powstaj\u0105 kuliste cz\u0105stki odpowiednie dla technik wytwarzania przyrostowego, takich jak selektywne topienie laserowe (SLM) i topienie wi\u0105zk\u0105 elektron\u00f3w (EBM).<\/p>\n<h2>Specyfikacja proszku<\/h2>\n<p>Mied\u017a C11000 Powder jest dost\u0119pna w r\u00f3\u017cnych zakresach wielko\u015bci, morfologii i poziomach jako\u015bci, spe\u0142niaj\u0105c okre\u015blone wymagania aplikacji.<\/p>\n<h2>Standardy i oceny<\/h2>\n<p>Mied\u017a C11000 Powder jest zgodna z normami bran\u017cowymi, takimi jak ASTM B311 i ASTM B441, co zapewnia jej jako\u015b\u0107 i przydatno\u015b\u0107 do r\u00f3\u017cnych zastosowa\u0144.<\/p>\n<h2>Kontrola jako\u015bci<\/h2>\n<p>Aby zapewni\u0107 sp\u00f3jno\u015b\u0107 i niezawodno\u015b\u0107, w przypadku proszku Copper C11000 wdra\u017cane s\u0105 rygorystyczne \u015brodki kontroli jako\u015bci, w tym analiza chemiczna, analiza wielko\u015bci cz\u0105stek, ocena morfologii proszku, badanie g\u0119sto\u015bci, ocena czysto\u015bci i analiza zawarto\u015bci tlenu.<\/p>\n<h2>Analiza koszt\u00f3w<\/h2>\n<p>Koszt miedzi w proszku C11000 r\u00f3\u017cni si\u0119 w zale\u017cno\u015bci od kilku czynnik\u00f3w, w tym wielko\u015bci zam\u00f3wienia, zakresu wielko\u015bci cz\u0105stek, morfologii proszku, poziom\u00f3w czysto\u015bci i mar\u017c producenta\/dystrybutora.<\/p>\n<h2>Przechowywanie i obs\u0142uga proszk\u00f3w<\/h2>\n<p>W\u0142a\u015bciwe praktyki przechowywania i obs\u0142ugi s\u0105 niezb\u0119dne do zachowania integralno\u015bci proszku Copper C11000, w tym przechowywania w szczelnych pojemnikach w kontrolowanym \u015brodowisku i przestrzegania odpowiednich protoko\u0142\u00f3w obs\u0142ugi.<\/p>\n<h2>Zdrowie i bezpiecze\u0144stwo<\/h2>\n<p>Mied\u017a C11000 w proszku stwarza minimalne zagro\u017cenie dla zdrowia przy prawid\u0142owym obchodzeniu si\u0119 z ni\u0105, wymagaj\u0105c stosowania \u015brodk\u00f3w ochrony osobistej i przestrzegania protoko\u0142\u00f3w bezpiecze\u0144stwa podczas obs\u0142ugi i przetwarzania.<\/p>\n<h2>FAQ<\/h2>\n<ol>\n<li><strong>Jakie s\u0105 g\u0142\u00f3wne zalety proszku miedzianego C11000?<\/strong> Mied\u017a C11000 Powder oferuje wyj\u0105tkow\u0105 przewodno\u015b\u0107 elektryczn\u0105, przewodno\u015b\u0107 ciepln\u0105 i odporno\u015b\u0107 na korozj\u0119, dzi\u0119ki czemu nadaje si\u0119 do szerokiego zakresu zastosowa\u0144 w przemy\u015ble elektrycznym i elektronicznym.<\/li>\n<li><strong>Czy proszek Copper C11000 mo\u017ce by\u0107 stosowany w produkcji addytywnej?<\/strong> Tak, proszek miedziany C11000 jest powszechnie stosowany w technikach wytwarzania przyrostowego, takich jak selektywne topienie laserowe (SLM) i topienie wi\u0105zk\u0105 elektron\u00f3w (EBM) w celu produkcji komponent\u00f3w o wysokiej przewodno\u015bci i niezawodno\u015bci.<\/li>\n<li><strong>Czy proszek Copper C11000 nadaje si\u0119 do zastosowa\u0144 motoryzacyjnych?<\/strong> Tak, mied\u017a w proszku C11000 nadaje si\u0119 do zastosowa\u0144 motoryzacyjnych, w tym do ch\u0142odnic, wymiennik\u00f3w ciep\u0142a i z\u0142\u0105czy, ze wzgl\u0119du na wysok\u0105 przewodno\u015b\u0107 i odporno\u015b\u0107 na korozj\u0119.<\/li>\n<li><strong>Jakie s\u0105 typowe koszty zwi\u0105zane z Copper C11000 Powder?<\/strong> Koszty miedzi C11000 w proszku r\u00f3\u017cni\u0105 si\u0119 w zale\u017cno\u015bci od czynnik\u00f3w takich jak obj\u0119to\u015b\u0107, zakres wielko\u015bci cz\u0105stek, poziomy czysto\u015bci i warunki rynkowe.<\/li>\n<\/ol>","protected":false},"excerpt":{"rendered":"<p>Mied\u017a C11000 w proszku: Przegl\u0105d Mied\u017a C11000 w proszku to bardzo ceniony proszek ze stopu miedzi znany z wyj\u0105tkowej przewodno\u015bci elektrycznej, przewodno\u015bci cieplnej i odporno\u015bci na korozj\u0119. Znajduje szerokie zastosowanie w r\u00f3\u017cnych ga\u0142\u0119ziach przemys\u0142u, w szczeg\u00f3lno\u015bci w sektorze elektrycznym i elektronicznym, gdzie wysoka przewodno\u015b\u0107 i niezawodno\u015b\u0107 s\u0105 najwa\u017cniejsze. Kompozycja Copper C11000 Powder jest skrupulatnie wykonana z precyzyjnie dobranego stopu...<\/p>","protected":false},"featured_media":1858,"parent":0,"template":"","meta":{"_acf_changed":false,"_kad_blocks_custom_css":"","_kad_blocks_head_custom_js":"","_kad_blocks_body_custom_js":"","_kad_blocks_footer_custom_js":"","_kad_post_transparent":"","_kad_post_title":"","_kad_post_layout":"","_kad_post_sidebar_id":"","_kad_post_content_style":"","_kad_post_vertical_padding":"","_kad_post_feature":"","_kad_post_feature_position":"","_kad_post_header":false,"_kad_post_footer":false,"_kad_post_classname":""},"product-category":[119],"class_list":["post-4306","product","type-product","status-publish","has-post-thumbnail","hentry","product-category-3d-printing-metal-powder"],"acf":[],"taxonomy_info":{"product-category":[{"value":119,"label":"3D Printing Metal Powder"}]},"featured_image_src_large":["https:\/\/3dpmetal.com\/wp-content\/uploads\/2024\/02\/GH3230-Powder.jpg",600,600,false],"author_info":[],"comment_info":"","_links":{"self":[{"href":"https:\/\/3dpmetal.com\/pl\/wp-json\/wp\/v2\/product\/4306","targetHints":{"allow":["GET"]}}],"collection":[{"href":"https:\/\/3dpmetal.com\/pl\/wp-json\/wp\/v2\/product"}],"about":[{"href":"https:\/\/3dpmetal.com\/pl\/wp-json\/wp\/v2\/types\/product"}],"wp:featuredmedia":[{"embeddable":true,"href":"https:\/\/3dpmetal.com\/pl\/wp-json\/wp\/v2\/media\/1858"}],"wp:attachment":[{"href":"https:\/\/3dpmetal.com\/pl\/wp-json\/wp\/v2\/media?parent=4306"}],"wp:term":[{"taxonomy":"product-category","embeddable":true,"href":"https:\/\/3dpmetal.com\/pl\/wp-json\/wp\/v2\/product-category?post=4306"}],"curies":[{"name":"wp","href":"https:\/\/api.w.org\/{rel}","templated":true}]}}