{"id":4311,"date":"2024-04-07T08:17:24","date_gmt":"2024-04-07T08:17:24","guid":{"rendered":"https:\/\/3dpmetal.com\/product\/nickel-alloy-52-powder\/"},"modified":"2024-04-08T01:25:33","modified_gmt":"2024-04-08T01:25:33","slug":"nickel-alloy-52-powder","status":"publish","type":"product","link":"https:\/\/3dpmetal.com\/pl\/product\/nickel-alloy-52-powder\/","title":{"rendered":"Proszek ze stopu niklu 52"},"content":{"rendered":"<h2>Proszek ze stopu niklu 52: Przegl\u0105d<\/h2>\n<p><a href=\"https:\/\/en.wikipedia.org\/wiki\/Metal_powder\" target=\"_blank\" rel=\"noopener\">Proszek ze stopu niklu 52<\/a> to wysoko ceniony proszek ze stopu niklu i \u017celaza, znany z wyj\u0105tkowych w\u0142a\u015bciwo\u015bci rozszerzalno\u015bci cieplnej, niskiej przewodno\u015bci cieplnej i wysokiej rezystywno\u015bci elektrycznej. Powszechnie wykorzystywany w zastosowaniach elektronicznych i elektrycznych, proszek ten odgrywa kluczow\u0105 rol\u0119 w produkcji komponent\u00f3w wymagaj\u0105cych precyzyjnej kontroli rozszerzalno\u015bci cieplnej i wysokiej niezawodno\u015bci.<\/p>\n<h2>Kompozycja<\/h2>\n<p>Proszek Nickel Alloy 52 jest starannie wykonany z precyzyjnych pierwiastk\u00f3w stopowych, aby osi\u0105gn\u0105\u0107 jego wyj\u0105tkowe w\u0142a\u015bciwo\u015bci:<\/p>\n<table>\n<thead>\n<tr>\n<th>Element<\/th>\n<th>Waga %<\/th>\n<\/tr>\n<\/thead>\n<tbody>\n<tr>\n<td>Nikiel (Ni)<\/td>\n<td>49.0-51.0<\/td>\n<\/tr>\n<tr>\n<td>\u017belazo (Fe)<\/td>\n<td>R\u00f3wnowaga<\/td>\n<\/tr>\n<tr>\n<td>Mangan (Mn)<\/td>\n<td>\u22640.60<\/td>\n<\/tr>\n<tr>\n<td>Krzem (Si)<\/td>\n<td>\u22640.30<\/td>\n<\/tr>\n<tr>\n<td>W\u0119giel (C)<\/td>\n<td>\u22640.05<\/td>\n<\/tr>\n<tr>\n<td>Siarka (S)<\/td>\n<td>\u22640.02<\/td>\n<\/tr>\n<tr>\n<td>Fosfor (P)<\/td>\n<td>\u22640.02<\/td>\n<\/tr>\n<\/tbody>\n<\/table>\n<p>Te pierwiastki stopowe dzia\u0142aj\u0105 synergicznie w celu poprawy w\u0142a\u015bciwo\u015bci rozszerzalno\u015bci cieplnej stopu i rezystywno\u015bci elektrycznej.<\/p>\n<h2>W\u0142a\u015bciwo\u015bci<\/h2>\n<p>Nickel Alloy 52 Powder wykazuje niezwyk\u0142e w\u0142a\u015bciwo\u015bci niezb\u0119dne w wymagaj\u0105cych zastosowaniach:<\/p>\n<table>\n<thead>\n<tr>\n<th>Nieruchomo\u015b\u0107<\/th>\n<th>Warto\u015b\u0107<\/th>\n<\/tr>\n<\/thead>\n<tbody>\n<tr>\n<td>G\u0119sto\u015b\u0107<\/td>\n<td>8,25 g\/cm\u00b3<\/td>\n<\/tr>\n<tr>\n<td>Wsp\u00f3\u0142czynnik rozszerzalno\u015bci<\/td>\n<td>10,9 \u00b5m\/m-K<\/td>\n<\/tr>\n<tr>\n<td>Przewodno\u015b\u0107 cieplna<\/td>\n<td>17,1 W\/m-K<\/td>\n<\/tr>\n<tr>\n<td>Op\u00f3r elektryczny<\/td>\n<td>0,44 \u00b5\u03a9-m<\/td>\n<\/tr>\n<tr>\n<td>Odporno\u015b\u0107 na rozci\u0105ganie<\/td>\n<td>450 MPa<\/td>\n<\/tr>\n<tr>\n<td>Wytrzyma\u0142o\u015b\u0107 graniczna<\/td>\n<td>175 MPa<\/td>\n<\/tr>\n<tr>\n<td>Wyd\u0142u\u017cenie<\/td>\n<td>40%<\/td>\n<\/tr>\n<tr>\n<td>Temperatura topnienia<\/td>\n<td>~1330-1370\u00b0C<\/td>\n<\/tr>\n<\/tbody>\n<\/table>\n<p>Te wyj\u0105tkowe w\u0142a\u015bciwo\u015bci sprawiaj\u0105, \u017ce proszek Nickel Alloy 52 nadaje si\u0119 do szerokiego zakresu zastosowa\u0144 wymagaj\u0105cych precyzyjnej kontroli rozszerzalno\u015bci cieplnej i wysokiej rezystywno\u015bci elektrycznej.<\/p>\n<h2>APLIKACJE<\/h2>\n<p>Proszek Nickel Alloy 52 znajduje szerokie zastosowanie w r\u00f3\u017cnych ga\u0142\u0119ziach przemys\u0142u:<\/p>\n<ul>\n<li>Elektronika: ramki o\u0142owiane, uszczelnienia ceramiczno-metalowe, uszczelnienia szk\u0142o-metal<\/li>\n<li>Elektryczne: rezystory drutowe, przyrz\u0105dy precyzyjne, termopary<\/li>\n<li>Motoryzacja: elementy czujnik\u00f3w, elementy przeka\u017anik\u00f3w<\/li>\n<li>Lotnictwo i kosmonautyka: komponenty satelitarne, elektronika lotnicza i kosmiczna<\/li>\n<\/ul>\n<p>Po\u0142\u0105czenie doskona\u0142ych w\u0142a\u015bciwo\u015bci sprawia, \u017ce jest to idealne rozwi\u0105zanie dla krytycznych komponent\u00f3w wymagaj\u0105cych precyzyjnego zarz\u0105dzania temperatur\u0105 i wysokiej niezawodno\u015bci.<\/p>\n<h2>Proces wytwarzania przyrostowego<\/h2>\n<p>Proszek Nickel Alloy 52 jest zwykle wytwarzany w procesach atomizacji gazowej lub plazmowej, w wyniku czego powstaj\u0105 kuliste cz\u0105stki odpowiednie dla technik produkcji addytywnej, takich jak selektywne topienie laserowe (SLM) i topienie wi\u0105zk\u0105 elektron\u00f3w (EBM).<\/p>\n<h2>Specyfikacja proszku<\/h2>\n<p>Proszek Nickel Alloy 52 jest dost\u0119pny w r\u00f3\u017cnych zakresach rozmiar\u00f3w, morfologii i poziom\u00f3w jako\u015bci, spe\u0142niaj\u0105c okre\u015blone wymagania aplikacji.<\/p>\n<h2>Standardy i oceny<\/h2>\n<p>Proszek Nickel Alloy 52 jest zgodny z normami bran\u017cowymi, takimi jak ASTM F i AMS 4, co zapewnia jego jako\u015b\u0107 i przydatno\u015b\u0107 do r\u00f3\u017cnych zastosowa\u0144.<\/p>\n<h2>Kontrola jako\u015bci<\/h2>\n<p>W przypadku proszku Nickel Alloy 52 wdra\u017cane s\u0105 rygorystyczne \u015brodki kontroli jako\u015bci, w tym analiza chemiczna, analiza wielko\u015bci cz\u0105stek, ocena morfologii proszku, badanie g\u0119sto\u015bci, ocena czysto\u015bci i analiza zawarto\u015bci tlenu, aby zapewni\u0107 sp\u00f3jno\u015b\u0107 i niezawodno\u015b\u0107.<\/p>\n<h2>Analiza koszt\u00f3w<\/h2>\n<p>Koszt proszku Nickel Alloy 52 r\u00f3\u017cni si\u0119 w zale\u017cno\u015bci od kilku czynnik\u00f3w, w tym wielko\u015bci zam\u00f3wienia, zakresu wielko\u015bci cz\u0105stek, morfologii proszku, poziom\u00f3w czysto\u015bci i warunk\u00f3w rynkowych.<\/p>\n<h2>Przechowywanie i obs\u0142uga proszk\u00f3w<\/h2>\n<p>W\u0142a\u015bciwe praktyki przechowywania i obs\u0142ugi s\u0105 niezb\u0119dne do zachowania integralno\u015bci proszku Nickel Alloy 52, w tym przechowywania w szczelnych pojemnikach w kontrolowanym \u015brodowisku i przestrzegania odpowiednich protoko\u0142\u00f3w obs\u0142ugi.<\/p>\n<h2>Zdrowie i bezpiecze\u0144stwo<\/h2>\n<p>Proszek Nickel Alloy 52 stanowi minimalne zagro\u017cenie dla zdrowia przy prawid\u0142owym obchodzeniu si\u0119 z nim, wymagaj\u0105c stosowania \u015brodk\u00f3w ochrony osobistej i przestrzegania protoko\u0142\u00f3w bezpiecze\u0144stwa podczas obs\u0142ugi i przetwarzania.<\/p>","protected":false},"excerpt":{"rendered":"<p>Proszek ze stopu niklu 52: Przegl\u0105d Nickel Alloy 52 Powder to wysoko ceniony proszek ze stopu niklu i \u017celaza, znany z wyj\u0105tkowych w\u0142a\u015bciwo\u015bci rozszerzalno\u015bci cieplnej, niskiej przewodno\u015bci cieplnej i wysokiej rezystywno\u015bci elektrycznej. Powszechnie wykorzystywany w zastosowaniach elektronicznych i elektrycznych, proszek ten odgrywa kluczow\u0105 rol\u0119 w produkcji komponent\u00f3w wymagaj\u0105cych precyzyjnej kontroli rozszerzalno\u015bci cieplnej i wysokiej niezawodno\u015bci. Sk\u0142ad...<\/p>","protected":false},"featured_media":1798,"parent":0,"template":"","meta":{"_acf_changed":false,"_kad_blocks_custom_css":"","_kad_blocks_head_custom_js":"","_kad_blocks_body_custom_js":"","_kad_blocks_footer_custom_js":"","_kad_post_transparent":"","_kad_post_title":"","_kad_post_layout":"","_kad_post_sidebar_id":"","_kad_post_content_style":"","_kad_post_vertical_padding":"","_kad_post_feature":"","_kad_post_feature_position":"","_kad_post_header":false,"_kad_post_footer":false,"_kad_post_classname":""},"product-category":[119],"class_list":["post-4311","product","type-product","status-publish","has-post-thumbnail","hentry","product-category-3d-printing-metal-powder"],"acf":[],"taxonomy_info":{"product-category":[{"value":119,"label":"3D Printing Metal Powder"}]},"featured_image_src_large":["https:\/\/3dpmetal.com\/wp-content\/uploads\/2024\/02\/GH-3625-Powder.jpg",600,600,false],"author_info":[],"comment_info":"","_links":{"self":[{"href":"https:\/\/3dpmetal.com\/pl\/wp-json\/wp\/v2\/product\/4311","targetHints":{"allow":["GET"]}}],"collection":[{"href":"https:\/\/3dpmetal.com\/pl\/wp-json\/wp\/v2\/product"}],"about":[{"href":"https:\/\/3dpmetal.com\/pl\/wp-json\/wp\/v2\/types\/product"}],"wp:featuredmedia":[{"embeddable":true,"href":"https:\/\/3dpmetal.com\/pl\/wp-json\/wp\/v2\/media\/1798"}],"wp:attachment":[{"href":"https:\/\/3dpmetal.com\/pl\/wp-json\/wp\/v2\/media?parent=4311"}],"wp:term":[{"taxonomy":"product-category","embeddable":true,"href":"https:\/\/3dpmetal.com\/pl\/wp-json\/wp\/v2\/product-category?post=4311"}],"curies":[{"name":"wp","href":"https:\/\/api.w.org\/{rel}","templated":true}]}}