{"id":4312,"date":"2024-04-07T08:17:24","date_gmt":"2024-04-07T08:17:24","guid":{"rendered":"https:\/\/3dpmetal.com\/product\/inconel-600-powder\/"},"modified":"2024-04-08T01:31:11","modified_gmt":"2024-04-08T01:31:11","slug":"inconel-600-powder","status":"publish","type":"product","link":"https:\/\/3dpmetal.com\/pl\/product\/inconel-600-powder\/","title":{"rendered":"Proszek Inconel 600"},"content":{"rendered":"<h2>Proszek Inconel 600: Przegl\u0105d<\/h2>\n<p><a href=\"https:\/\/en.wikipedia.org\/wiki\/Metal_powder\" target=\"_blank\" rel=\"noopener\">Proszek Inconel 600<\/a> jest wysoko ceniony za wyj\u0105tkow\u0105 odporno\u015b\u0107 na wysokie temperatury i korozj\u0119, co czyni go cennym materia\u0142em w r\u00f3\u017cnych ga\u0142\u0119ziach przemys\u0142u. Jego doskona\u0142a wytrzyma\u0142o\u015b\u0107 i niezawodno\u015b\u0107 w ekstremalnych warunkach sprawiaj\u0105, \u017ce jest to preferowany wyb\u00f3r do krytycznych zastosowa\u0144.<\/p>\n<h2>Kompozycja<\/h2>\n<p>Proszek Inconel 600 sk\u0142ada si\u0119 z precyzyjnych pierwiastk\u00f3w stopowych:<\/p>\n<table>\n<thead>\n<tr>\n<th>Element<\/th>\n<th>Waga %<\/th>\n<\/tr>\n<\/thead>\n<tbody>\n<tr>\n<td>Nikiel (Ni)<\/td>\n<td>72,0 min<\/td>\n<\/tr>\n<tr>\n<td>Chrom (Cr)<\/td>\n<td>14.0-17.0<\/td>\n<\/tr>\n<tr>\n<td>\u017belazo (Fe)<\/td>\n<td>6.0-10.0<\/td>\n<\/tr>\n<tr>\n<td>Mied\u017a (Cu)<\/td>\n<td>\u22640.50<\/td>\n<\/tr>\n<tr>\n<td>Mangan (Mn)<\/td>\n<td>\u22641.00<\/td>\n<\/tr>\n<tr>\n<td>Krzem (Si)<\/td>\n<td>\u22640.50<\/td>\n<\/tr>\n<tr>\n<td>W\u0119giel (C)<\/td>\n<td>\u22640.15<\/td>\n<\/tr>\n<\/tbody>\n<\/table>\n<h2>W\u0142a\u015bciwo\u015bci<\/h2>\n<p>Proszek Inconel 600 posiada niezwyk\u0142e w\u0142a\u015bciwo\u015bci:<\/p>\n<table>\n<thead>\n<tr>\n<th>Nieruchomo\u015b\u0107<\/th>\n<th>Warto\u015b\u0107<\/th>\n<\/tr>\n<\/thead>\n<tbody>\n<tr>\n<td>G\u0119sto\u015b\u0107<\/td>\n<td>8,47 g\/cm\u00b3<\/td>\n<\/tr>\n<tr>\n<td>Odporno\u015b\u0107 na rozci\u0105ganie<\/td>\n<td>550-690 MPa<\/td>\n<\/tr>\n<tr>\n<td>Wytrzyma\u0142o\u015b\u0107 graniczna<\/td>\n<td>240-310 MPa<\/td>\n<\/tr>\n<tr>\n<td>Wyd\u0142u\u017cenie<\/td>\n<td>30-35%<\/td>\n<\/tr>\n<tr>\n<td>Twardo\u015b\u0107 (HRB)<\/td>\n<td>65-85 HRB<\/td>\n<\/tr>\n<tr>\n<td>Temperatura topnienia<\/td>\n<td>~1350-1410\u00b0C<\/td>\n<\/tr>\n<tr>\n<td>Przewodno\u015b\u0107 cieplna<\/td>\n<td>14,9 W\/m-K<\/td>\n<\/tr>\n<tr>\n<td>Op\u00f3r elektryczny<\/td>\n<td>1,03 \u00b5\u03a9-m<\/td>\n<\/tr>\n<\/tbody>\n<\/table>\n<h2>APLIKACJE<\/h2>\n<p>Inconel 600 Powder znajduje szerokie zastosowanie w przemy\u015ble lotniczym, chemicznym, j\u0105drowym i morskim do produkcji komponent\u00f3w, takich jak cz\u0119\u015bci silnik\u00f3w odrzutowych, elementy rdzenia reaktora i sprz\u0119t wiertniczy na morzu.<\/p>\n<h2>Proces wytwarzania przyrostowego<\/h2>\n<p>Proszek Inconel 600 jest wytwarzany w procesach atomizacji gazowej lub plazmowej, odpowiednich dla technik produkcji addytywnej, takich jak selektywne topienie laserowe (SLM) i topienie wi\u0105zk\u0105 elektron\u00f3w (EBM).<\/p>\n<h2>Specyfikacja proszku<\/h2>\n<p>Dost\u0119pny w r\u00f3\u017cnych zakresach rozmiar\u00f3w, morfologii i poziom\u00f3w jako\u015bci, proszek Inconel 600 spe\u0142nia okre\u015blone wymagania aplikacji.<\/p>\n<h2>Standardy i oceny<\/h2>\n<p>Inconel 600 Powder jest zgodny z normami bran\u017cowymi, takimi jak ASTM B i AMS 4, zapewniaj\u0105c jako\u015b\u0107 i przydatno\u015b\u0107 do r\u00f3\u017cnych zastosowa\u0144.<\/p>\n<h2>Kontrola jako\u015bci<\/h2>\n<p>Rygorystyczne \u015brodki kontroli jako\u015bci, w tym analiza chemiczna i analiza wielko\u015bci cz\u0105stek, zapewniaj\u0105 sp\u00f3jno\u015b\u0107 i niezawodno\u015b\u0107 proszku Inconel 600.<\/p>\n<h2>Analiza koszt\u00f3w<\/h2>\n<p>Koszty r\u00f3\u017cni\u0105 si\u0119 w zale\u017cno\u015bci od takich czynnik\u00f3w jak obj\u0119to\u015b\u0107, zakres wielko\u015bci cz\u0105stek i warunki rynkowe.<\/p>\n<h2>Przechowywanie i obs\u0142uga proszk\u00f3w<\/h2>\n<p>W\u0142a\u015bciwe przechowywanie w szczelnie zamkni\u0119tych pojemnikach i przestrzeganie protoko\u0142\u00f3w obs\u0142ugi maj\u0105 kluczowe znaczenie dla zachowania integralno\u015bci proszku Inconel 600.<\/p>\n<h2>Zdrowie i bezpiecze\u0144stwo<\/h2>\n<p>Inconel 600 Powder wi\u0105\u017ce si\u0119 z minimalnym ryzykiem dla zdrowia, wymagaj\u0105c stosowania \u015brodk\u00f3w ochrony osobistej podczas obs\u0142ugi i przetwarzania.<\/p>\n<h2>FAQ<\/h2>\n<ol>\n<li><strong>Jakie s\u0105 g\u0142\u00f3wne zalety proszku Inconel 600?<\/strong> Inconel 600 Powder oferuje wyj\u0105tkow\u0105 odporno\u015b\u0107 na wysokie temperatury i korozj\u0119, dzi\u0119ki czemu nadaje si\u0119 do wymagaj\u0105cych zastosowa\u0144 w przemy\u015ble lotniczym, chemicznym i j\u0105drowym.<\/li>\n<li><strong>Czy proszek Inconel 600 mo\u017ce by\u0107 stosowany w produkcji addytywnej?<\/strong> Tak, proszek Inconel 600 jest powszechnie stosowany w technikach wytwarzania przyrostowego, takich jak selektywne topienie laserowe (SLM) i topienie wi\u0105zk\u0105 elektron\u00f3w (EBM) w celu produkcji komponent\u00f3w o doskona\u0142ej wytrzyma\u0142o\u015bci i odporno\u015bci na ekstremalne warunki.<\/li>\n<li><strong>Czy proszek Inconel 600 nadaje si\u0119 do zastosowa\u0144 lotniczych?<\/strong> Tak, Inconel 600 Powder jest szeroko stosowany w przemy\u015ble lotniczym, w tym w komponentach silnik\u00f3w odrzutowych, silnikach rakietowych i uk\u0142adach wydechowych samolot\u00f3w, ze wzgl\u0119du na doskona\u0142\u0105 odporno\u015b\u0107 na wysokie temperatury i korozj\u0119.<\/li>\n<li><strong>Jakie s\u0105 typowe koszty zwi\u0105zane z proszkiem Inconel 600?<\/strong> Koszty proszku Inconel 600 r\u00f3\u017cni\u0105 si\u0119 w zale\u017cno\u015bci od takich czynnik\u00f3w, jak obj\u0119to\u015b\u0107, zakres wielko\u015bci cz\u0105stek, morfologia proszku, poziomy czysto\u015bci i warunki rynkowe.<\/li>\n<\/ol>","protected":false},"excerpt":{"rendered":"<p>Proszek Inconel 600: Inconel 600 Powder jest wysoko ceniony za wyj\u0105tkow\u0105 odporno\u015b\u0107 na wysokie temperatury i korozj\u0119, co czyni go cennym materia\u0142em w r\u00f3\u017cnych ga\u0142\u0119ziach przemys\u0142u. Jego doskona\u0142a wytrzyma\u0142o\u015b\u0107 i niezawodno\u015b\u0107 w ekstremalnych warunkach sprawiaj\u0105, \u017ce jest to preferowany wyb\u00f3r do krytycznych zastosowa\u0144. Sk\u0142ad Proszek Inconel 600 sk\u0142ada si\u0119 z precyzyjnych pierwiastk\u00f3w stopowych: Masa pierwiastka %...<\/p>","protected":false},"featured_media":1740,"parent":0,"template":"","meta":{"_acf_changed":false,"_kad_blocks_custom_css":"","_kad_blocks_head_custom_js":"","_kad_blocks_body_custom_js":"","_kad_blocks_footer_custom_js":"","_kad_post_transparent":"","_kad_post_title":"","_kad_post_layout":"","_kad_post_sidebar_id":"","_kad_post_content_style":"","_kad_post_vertical_padding":"","_kad_post_feature":"","_kad_post_feature_position":"","_kad_post_header":false,"_kad_post_footer":false,"_kad_post_classname":""},"product-category":[119],"class_list":["post-4312","product","type-product","status-publish","has-post-thumbnail","hentry","product-category-3d-printing-metal-powder"],"acf":[],"taxonomy_info":{"product-category":[{"value":119,"label":"3D Printing Metal Powder"}]},"featured_image_src_large":["https:\/\/3dpmetal.com\/wp-content\/uploads\/2024\/02\/Pure-Titanium-Powder.jpg",600,600,false],"author_info":[],"comment_info":"","_links":{"self":[{"href":"https:\/\/3dpmetal.com\/pl\/wp-json\/wp\/v2\/product\/4312","targetHints":{"allow":["GET"]}}],"collection":[{"href":"https:\/\/3dpmetal.com\/pl\/wp-json\/wp\/v2\/product"}],"about":[{"href":"https:\/\/3dpmetal.com\/pl\/wp-json\/wp\/v2\/types\/product"}],"wp:featuredmedia":[{"embeddable":true,"href":"https:\/\/3dpmetal.com\/pl\/wp-json\/wp\/v2\/media\/1740"}],"wp:attachment":[{"href":"https:\/\/3dpmetal.com\/pl\/wp-json\/wp\/v2\/media?parent=4312"}],"wp:term":[{"taxonomy":"product-category","embeddable":true,"href":"https:\/\/3dpmetal.com\/pl\/wp-json\/wp\/v2\/product-category?post=4312"}],"curies":[{"name":"wp","href":"https:\/\/api.w.org\/{rel}","templated":true}]}}