{"id":4321,"date":"2024-04-07T08:17:24","date_gmt":"2024-04-07T08:17:24","guid":{"rendered":"https:\/\/3dpmetal.com\/product\/nickel-alloy-601-powder\/"},"modified":"2024-04-08T01:43:58","modified_gmt":"2024-04-08T01:43:58","slug":"nickel-alloy-601-powder","status":"publish","type":"product","link":"https:\/\/3dpmetal.com\/pl\/product\/nickel-alloy-601-powder\/","title":{"rendered":"Proszek ze stopu niklu 601"},"content":{"rendered":"<h2>Proszek ze stopu niklu 601: Przegl\u0105d<\/h2>\n<p><a href=\"https:\/\/en.wikipedia.org\/wiki\/Metal_powder\" target=\"_blank\" rel=\"noopener\">Proszek ze stopu niklu 601<\/a> jest wysoko ceniony za wyj\u0105tkow\u0105 wytrzyma\u0142o\u015b\u0107 w wysokich temperaturach, odporno\u015b\u0107 na utlenianie i korozj\u0119, co czyni go kluczowym materia\u0142em w r\u00f3\u017cnych ga\u0142\u0119ziach przemys\u0142u. Unikalna kombinacja jego w\u0142a\u015bciwo\u015bci sprawia, \u017ce nadaje si\u0119 do zastosowa\u0144, w kt\u00f3rych niezb\u0119dna jest odporno\u015b\u0107 na ekstremalne temperatury i agresywne \u015brodowisko.<\/p>\n<h2>Kompozycja<\/h2>\n<p>Proszek Nickel Alloy 601 jest starannie opracowany z precyzyjnymi pierwiastkami stopowymi:<\/p>\n<table>\n<thead>\n<tr>\n<th>Element<\/th>\n<th>Waga %<\/th>\n<\/tr>\n<\/thead>\n<tbody>\n<tr>\n<td>Nikiel (Ni)<\/td>\n<td>58.0-63.0<\/td>\n<\/tr>\n<tr>\n<td>Chrom (Cr)<\/td>\n<td>21.0-25.0<\/td>\n<\/tr>\n<tr>\n<td>\u017belazo (Fe)<\/td>\n<td>14.0-17.0<\/td>\n<\/tr>\n<tr>\n<td>Aluminium (Al)<\/td>\n<td>1.0 max<\/td>\n<\/tr>\n<tr>\n<td>W\u0119giel (C)<\/td>\n<td>0,10 maks<\/td>\n<\/tr>\n<tr>\n<td>Mangan (Mn)<\/td>\n<td>1.0 max<\/td>\n<\/tr>\n<tr>\n<td>Siarka (S)<\/td>\n<td>0,015 maks<\/td>\n<\/tr>\n<\/tbody>\n<\/table>\n<h2>W\u0142a\u015bciwo\u015bci<\/h2>\n<p>Proszek Nickel Alloy 601 posiada wyj\u0105tkowe w\u0142a\u015bciwo\u015bci:<\/p>\n<table>\n<thead>\n<tr>\n<th>Nieruchomo\u015b\u0107<\/th>\n<th>Warto\u015b\u0107<\/th>\n<\/tr>\n<\/thead>\n<tbody>\n<tr>\n<td>G\u0119sto\u015b\u0107<\/td>\n<td>8,1 g\/cm\u00b3<\/td>\n<\/tr>\n<tr>\n<td>Odporno\u015b\u0107 na rozci\u0105ganie<\/td>\n<td>650 MPa (min)<\/td>\n<\/tr>\n<tr>\n<td>Wytrzyma\u0142o\u015b\u0107 graniczna<\/td>\n<td>240 MPa (min)<\/td>\n<\/tr>\n<tr>\n<td>Wyd\u0142u\u017cenie<\/td>\n<td>30% (min)<\/td>\n<\/tr>\n<tr>\n<td>Twardo\u015b\u0107 (HRB)<\/td>\n<td>65 HRB<\/td>\n<\/tr>\n<tr>\n<td>Temperatura topnienia<\/td>\n<td>1320-1370\u00b0C<\/td>\n<\/tr>\n<tr>\n<td>Przewodno\u015b\u0107 cieplna<\/td>\n<td>11,8 W\/m-K<\/td>\n<\/tr>\n<tr>\n<td>Op\u00f3r elektryczny<\/td>\n<td>1,13 \u00b5\u03a9-m<\/td>\n<\/tr>\n<\/tbody>\n<\/table>\n<h2>APLIKACJE<\/h2>\n<p>Proszek Nickel Alloy 601 znajduje szerokie zastosowanie w przetw\u00f3rstwie chemicznym, przemy\u015ble lotniczym i energetycznym do produkcji element\u00f3w takich jak mufle piecowe, rury promieniuj\u0105ce i wymienniki ciep\u0142a.<\/p>\n<h2>Proces wytwarzania przyrostowego<\/h2>\n<p>Wytwarzany w procesach atomizacji gazowej lub plazmowej, proszek Nickel Alloy 601 nadaje si\u0119 do stosowania w technikach produkcji addytywnej, takich jak selektywne topienie laserowe (SLM) i topienie wi\u0105zk\u0105 elektron\u00f3w (EBM).<\/p>\n<h2>Specyfikacja proszku<\/h2>\n<p>Dost\u0119pny w r\u00f3\u017cnych rozmiarach, morfologiach i poziomach jako\u015bci, proszek Nickel Alloy 601 spe\u0142nia okre\u015blone wymagania aplikacji.<\/p>\n<h2>Standardy i oceny<\/h2>\n<p>Proszek Nickel Alloy 601 jest zgodny z normami bran\u017cowymi, takimi jak ASTM B163, zapewniaj\u0105c jako\u015b\u0107 i przydatno\u015b\u0107 do r\u00f3\u017cnych zastosowa\u0144.<\/p>\n<h2>Kontrola jako\u015bci<\/h2>\n<p>Rygorystyczne \u015brodki kontroli jako\u015bci, w tym analiza chemiczna i analiza wielko\u015bci cz\u0105stek, zapewniaj\u0105 sp\u00f3jno\u015b\u0107 i niezawodno\u015b\u0107 proszku Nickel Alloy 601.<\/p>\n<h2>Analiza koszt\u00f3w<\/h2>\n<p>Koszt proszku Nickel Alloy 601 r\u00f3\u017cni si\u0119 w zale\u017cno\u015bci od czynnik\u00f3w takich jak obj\u0119to\u015b\u0107, zakres wielko\u015bci cz\u0105stek i warunki rynkowe.<\/p>\n<h2>Przechowywanie i obs\u0142uga proszk\u00f3w<\/h2>\n<p>W\u0142a\u015bciwe przechowywanie w szczelnie zamkni\u0119tych pojemnikach i przestrzeganie protoko\u0142\u00f3w obs\u0142ugi s\u0105 niezb\u0119dne do zachowania integralno\u015bci proszku Nickel Alloy 601.<\/p>\n<h2>Zdrowie i bezpiecze\u0144stwo<\/h2>\n<p>Proszek Nickel Alloy 601 stanowi minimalne zagro\u017cenie dla zdrowia, ale wymaga stosowania \u015brodk\u00f3w ochrony osobistej podczas obs\u0142ugi i przetwarzania.<\/p>\n<h2>FAQ<\/h2>\n<ol>\n<li><strong>Jakie s\u0105 g\u0142\u00f3wne zalety proszku Nickel Alloy 601?<\/strong> Nickel Alloy 601 Powder oferuje wyj\u0105tkow\u0105 wytrzyma\u0142o\u015b\u0107 w wysokich temperaturach, odporno\u015b\u0107 na utlenianie i korozj\u0119, dzi\u0119ki czemu nadaje si\u0119 do zastosowa\u0144 w przetw\u00f3rstwie chemicznym, przemy\u015ble lotniczym i energetycznym.<\/li>\n<li><strong>Czy proszek Nickel Alloy 601 mo\u017ce by\u0107 stosowany w produkcji addytywnej?<\/strong> Tak, proszek Nickel Alloy 601 jest powszechnie stosowany w technikach wytwarzania przyrostowego, takich jak selektywne topienie laserowe (SLM) i topienie wi\u0105zk\u0105 elektron\u00f3w (EBM) w celu produkcji komponent\u00f3w o doskona\u0142ych w\u0142a\u015bciwo\u015bciach wysokotemperaturowych.<\/li>\n<li><strong>Czy proszek Nickel Alloy 601 nadaje si\u0119 do zastosowa\u0144 piecowych?<\/strong> Tak, stop niklu 601 w proszku jest szeroko stosowany w elementach piec\u00f3w, takich jak mufle piecowe i rury promieniuj\u0105ce, ze wzgl\u0119du na doskona\u0142\u0105 wytrzyma\u0142o\u015b\u0107 w wysokich temperaturach i odporno\u015b\u0107 na korozj\u0119.<\/li>\n<li><strong>Jakie s\u0105 typowe koszty zwi\u0105zane z proszkiem Nickel Alloy 601?<\/strong> Koszty proszku Nickel Alloy 601 r\u00f3\u017cni\u0105 si\u0119 w zale\u017cno\u015bci od takich czynnik\u00f3w, jak obj\u0119to\u015b\u0107, zakres wielko\u015bci cz\u0105stek, morfologia proszku, poziomy czysto\u015bci i warunki rynkowe.<\/li>\n<\/ol>","protected":false},"excerpt":{"rendered":"<p>Stop niklu 601 w proszku: Przegl\u0105d Proszek Nickel Alloy 601 jest wysoko ceniony za wyj\u0105tkow\u0105 wytrzyma\u0142o\u015b\u0107 w wysokich temperaturach, odporno\u015b\u0107 na utlenianie i korozj\u0119, co czyni go kluczowym materia\u0142em w r\u00f3\u017cnych ga\u0142\u0119ziach przemys\u0142u. Jego unikalne po\u0142\u0105czenie w\u0142a\u015bciwo\u015bci sprawia, \u017ce nadaje si\u0119 do zastosowa\u0144, w kt\u00f3rych niezb\u0119dna jest odporno\u015b\u0107 na ekstremalne temperatury i agresywne \u015brodowisko. Sk\u0142ad Nickel Alloy 601 Powder...<\/p>","protected":false},"featured_media":1960,"parent":0,"template":"","meta":{"_acf_changed":false,"_kad_blocks_custom_css":"","_kad_blocks_head_custom_js":"","_kad_blocks_body_custom_js":"","_kad_blocks_footer_custom_js":"","_kad_post_transparent":"","_kad_post_title":"","_kad_post_layout":"","_kad_post_sidebar_id":"","_kad_post_content_style":"","_kad_post_vertical_padding":"","_kad_post_feature":"","_kad_post_feature_position":"","_kad_post_header":false,"_kad_post_footer":false,"_kad_post_classname":""},"product-category":[119],"class_list":["post-4321","product","type-product","status-publish","has-post-thumbnail","hentry","product-category-3d-printing-metal-powder"],"acf":[],"taxonomy_info":{"product-category":[{"value":119,"label":"3D Printing Metal Powder"}]},"featured_image_src_large":["https:\/\/3dpmetal.com\/wp-content\/uploads\/2024\/02\/TC18.jpg",600,600,false],"author_info":[],"comment_info":"","_links":{"self":[{"href":"https:\/\/3dpmetal.com\/pl\/wp-json\/wp\/v2\/product\/4321","targetHints":{"allow":["GET"]}}],"collection":[{"href":"https:\/\/3dpmetal.com\/pl\/wp-json\/wp\/v2\/product"}],"about":[{"href":"https:\/\/3dpmetal.com\/pl\/wp-json\/wp\/v2\/types\/product"}],"wp:featuredmedia":[{"embeddable":true,"href":"https:\/\/3dpmetal.com\/pl\/wp-json\/wp\/v2\/media\/1960"}],"wp:attachment":[{"href":"https:\/\/3dpmetal.com\/pl\/wp-json\/wp\/v2\/media?parent=4321"}],"wp:term":[{"taxonomy":"product-category","embeddable":true,"href":"https:\/\/3dpmetal.com\/pl\/wp-json\/wp\/v2\/product-category?post=4321"}],"curies":[{"name":"wp","href":"https:\/\/api.w.org\/{rel}","templated":true}]}}