{"id":4323,"date":"2024-04-07T08:17:24","date_gmt":"2024-04-07T08:17:24","guid":{"rendered":"https:\/\/3dpmetal.com\/product\/inconel-602ca-powder\/"},"modified":"2024-04-08T01:46:06","modified_gmt":"2024-04-08T01:46:06","slug":"inconel-602ca-powder","status":"publish","type":"product","link":"https:\/\/3dpmetal.com\/pl\/product\/inconel-602ca-powder\/","title":{"rendered":"Proszek Inconel 602CA"},"content":{"rendered":"<h2>Proszek Inconel 602CA: Przegl\u0105d<\/h2>\n<p><a href=\"https:\/\/en.wikipedia.org\/wiki\/Metal_powder\" target=\"_blank\" rel=\"noopener\">Proszek Inconel 602CA<\/a> jest wysoko ceniony za wyj\u0105tkow\u0105 wytrzyma\u0142o\u015b\u0107 w wysokich temperaturach, odporno\u015b\u0107 na utlenianie i naw\u0119glanie, co czyni go niezast\u0105pionym w r\u00f3\u017cnych wymagaj\u0105cych zastosowaniach. Unikalna kombinacja jego w\u0142a\u015bciwo\u015bci sprawia, \u017ce idealnie nadaje si\u0119 do \u015brodowisk, w kt\u00f3rych dominuj\u0105 ekstremalne temperatury i agresywne atmosfery.<\/p>\n<h2>Kompozycja<\/h2>\n<p>Proszek Inconel 602CA jest skrupulatnie zaprojektowany z precyzyjnymi pierwiastkami stopowymi:<\/p>\n<table>\n<thead>\n<tr>\n<th>Element<\/th>\n<th>Waga %<\/th>\n<\/tr>\n<\/thead>\n<tbody>\n<tr>\n<td>Nikiel (Ni)<\/td>\n<td>70,0 min<\/td>\n<\/tr>\n<tr>\n<td>Chrom (Cr)<\/td>\n<td>24.0-27.0<\/td>\n<\/tr>\n<tr>\n<td>\u017belazo (Fe)<\/td>\n<td>5.0-9.0<\/td>\n<\/tr>\n<tr>\n<td>Mangan (Mn)<\/td>\n<td>1.0 max<\/td>\n<\/tr>\n<tr>\n<td>Krzem (Si)<\/td>\n<td>1.0 max<\/td>\n<\/tr>\n<tr>\n<td>W\u0119giel (C)<\/td>\n<td>0,15 maks<\/td>\n<\/tr>\n<tr>\n<td>Siarka (S)<\/td>\n<td>0,015 maks<\/td>\n<\/tr>\n<\/tbody>\n<\/table>\n<h2>W\u0142a\u015bciwo\u015bci<\/h2>\n<p>Proszek Inconel 602CA posiada wyj\u0105tkowe w\u0142a\u015bciwo\u015bci:<\/p>\n<table>\n<thead>\n<tr>\n<th>Nieruchomo\u015b\u0107<\/th>\n<th>Warto\u015b\u0107<\/th>\n<\/tr>\n<\/thead>\n<tbody>\n<tr>\n<td>G\u0119sto\u015b\u0107<\/td>\n<td>8,1 g\/cm\u00b3<\/td>\n<\/tr>\n<tr>\n<td>Odporno\u015b\u0107 na rozci\u0105ganie<\/td>\n<td>655 MPa (min)<\/td>\n<\/tr>\n<tr>\n<td>Wytrzyma\u0142o\u015b\u0107 graniczna<\/td>\n<td>285 MPa (min)<\/td>\n<\/tr>\n<tr>\n<td>Wyd\u0142u\u017cenie<\/td>\n<td>35% (min)<\/td>\n<\/tr>\n<tr>\n<td>Twardo\u015b\u0107 (HRB)<\/td>\n<td>85 HRB<\/td>\n<\/tr>\n<tr>\n<td>Temperatura topnienia<\/td>\n<td>1340-1380\u00b0C<\/td>\n<\/tr>\n<tr>\n<td>Przewodno\u015b\u0107 cieplna<\/td>\n<td>12,2 W\/m-K<\/td>\n<\/tr>\n<tr>\n<td>Op\u00f3r elektryczny<\/td>\n<td>1,18 \u00b5\u03a9-m<\/td>\n<\/tr>\n<\/tbody>\n<\/table>\n<h2>APLIKACJE<\/h2>\n<p>Proszek Inconel 602CA znajduje szerokie zastosowanie w przemy\u015ble petrochemicznym, obr\u00f3bce cieplnej i wytwarzaniu energii dla komponent\u00f3w takich jak rury reformera, cewki promiennikowe i mufle piecowe.<\/p>\n<h2>Proces wytwarzania przyrostowego<\/h2>\n<p>Wytwarzany w procesach atomizacji gazowej lub plazmowej proszek Inconel 602CA nadaje si\u0119 do stosowania w technikach produkcji addytywnej, takich jak selektywne topienie laserowe (SLM) i topienie wi\u0105zk\u0105 elektron\u00f3w (EBM).<\/p>\n<h2>Specyfikacja proszku<\/h2>\n<p>Dost\u0119pny w r\u00f3\u017cnych zakresach rozmiar\u00f3w, morfologii i poziom\u00f3w jako\u015bci, proszek Inconel 602CA spe\u0142nia okre\u015blone wymagania aplikacji.<\/p>\n<h2>Standardy i oceny<\/h2>\n<p>Proszek Inconel 602CA jest zgodny z normami bran\u017cowymi, takimi jak ASTM B166, zapewniaj\u0105c jako\u015b\u0107 i przydatno\u015b\u0107 do r\u00f3\u017cnych zastosowa\u0144.<\/p>\n<h2>Kontrola jako\u015bci<\/h2>\n<p>Rygorystyczne \u015brodki kontroli jako\u015bci, w tym analiza chemiczna i analiza wielko\u015bci cz\u0105stek, zapewniaj\u0105 sp\u00f3jno\u015b\u0107 i niezawodno\u015b\u0107 proszku Inconel 602CA.<\/p>\n<h2>Analiza koszt\u00f3w<\/h2>\n<p>Koszt proszku Inconel 602CA r\u00f3\u017cni si\u0119 w zale\u017cno\u015bci od czynnik\u00f3w takich jak obj\u0119to\u015b\u0107, zakres wielko\u015bci cz\u0105stek i warunki rynkowe.<\/p>\n<h2>Przechowywanie i obs\u0142uga proszk\u00f3w<\/h2>\n<p>W\u0142a\u015bciwe przechowywanie w szczelnie zamkni\u0119tych pojemnikach i przestrzeganie protoko\u0142\u00f3w obs\u0142ugi s\u0105 niezb\u0119dne do zachowania integralno\u015bci proszku Inconel 602CA.<\/p>\n<h2>Zdrowie i bezpiecze\u0144stwo<\/h2>\n<p>Proszek Inconel 602CA stwarza minimalne zagro\u017cenie dla zdrowia, ale wymaga stosowania \u015brodk\u00f3w ochrony osobistej podczas obs\u0142ugi i przetwarzania.<\/p>\n<h2>FAQ<\/h2>\n<ol>\n<li><strong>Jakie s\u0105 g\u0142\u00f3wne zalety proszku Inconel 602CA?<\/strong> Inconel 602CA Powder oferuje wyj\u0105tkow\u0105 wytrzyma\u0142o\u015b\u0107 w wysokich temperaturach, odporno\u015b\u0107 na utlenianie i naw\u0119glanie, dzi\u0119ki czemu nadaje si\u0119 do wymagaj\u0105cych zastosowa\u0144 w przemy\u015ble petrochemicznym, obr\u00f3bce cieplnej i wytwarzaniu energii.<\/li>\n<li><strong>Czy proszek Inconel 602CA mo\u017ce by\u0107 stosowany w produkcji addytywnej?<\/strong> Tak, proszek Inconel 602CA jest powszechnie stosowany w technikach wytwarzania przyrostowego, takich jak selektywne topienie laserowe (SLM) i topienie wi\u0105zk\u0105 elektron\u00f3w (EBM) w celu produkcji komponent\u00f3w o doskona\u0142ych w\u0142a\u015bciwo\u015bciach wysokotemperaturowych.<\/li>\n<li><strong>Czy proszek Inconel 602CA nadaje si\u0119 do zastosowa\u0144 w rurach reformera?<\/strong> Tak, proszek Inconel 602CA jest szeroko stosowany w rurach reformera ze wzgl\u0119du na doskona\u0142\u0105 wytrzyma\u0142o\u015b\u0107 w wysokich temperaturach oraz odporno\u015b\u0107 na utlenianie i naw\u0119glanie.<\/li>\n<li><strong>Jakie s\u0105 typowe koszty zwi\u0105zane z proszkiem Inconel 602CA?<\/strong> Koszty proszku Inconel 602CA r\u00f3\u017cni\u0105 si\u0119 w zale\u017cno\u015bci od takich czynnik\u00f3w, jak obj\u0119to\u015b\u0107, zakres wielko\u015bci cz\u0105stek, morfologia proszku, poziom czysto\u015bci i warunki rynkowe.<\/li>\n<\/ol>","protected":false},"excerpt":{"rendered":"<p>Proszek Inconel 602CA: Przegl\u0105d Proszek Inconel 602CA jest wysoko ceniony za wyj\u0105tkow\u0105 wytrzyma\u0142o\u015b\u0107 w wysokich temperaturach, odporno\u015b\u0107 na utlenianie i naw\u0119glanie, co czyni go niezb\u0119dnym w r\u00f3\u017cnych wymagaj\u0105cych zastosowaniach. Unikalna kombinacja jego w\u0142a\u015bciwo\u015bci sprawia, \u017ce idealnie sprawdza si\u0119 w \u015brodowiskach, w kt\u00f3rych dominuj\u0105 ekstremalne temperatury i agresywne atmosfery. Sk\u0142ad proszku Inconel 602CA jest skrupulatnie opracowany przy u\u017cyciu precyzyjnych...<\/p>","protected":false},"featured_media":1855,"parent":0,"template":"","meta":{"_acf_changed":false,"_kad_blocks_custom_css":"","_kad_blocks_head_custom_js":"","_kad_blocks_body_custom_js":"","_kad_blocks_footer_custom_js":"","_kad_post_transparent":"","_kad_post_title":"","_kad_post_layout":"","_kad_post_sidebar_id":"","_kad_post_content_style":"","_kad_post_vertical_padding":"","_kad_post_feature":"","_kad_post_feature_position":"","_kad_post_header":false,"_kad_post_footer":false,"_kad_post_classname":""},"product-category":[119],"class_list":["post-4323","product","type-product","status-publish","has-post-thumbnail","hentry","product-category-3d-printing-metal-powder"],"acf":[],"taxonomy_info":{"product-category":[{"value":119,"label":"3D Printing Metal Powder"}]},"featured_image_src_large":["https:\/\/3dpmetal.com\/wp-content\/uploads\/2024\/02\/High-temperature-alloy.jpg",600,600,false],"author_info":[],"comment_info":"","_links":{"self":[{"href":"https:\/\/3dpmetal.com\/pl\/wp-json\/wp\/v2\/product\/4323","targetHints":{"allow":["GET"]}}],"collection":[{"href":"https:\/\/3dpmetal.com\/pl\/wp-json\/wp\/v2\/product"}],"about":[{"href":"https:\/\/3dpmetal.com\/pl\/wp-json\/wp\/v2\/types\/product"}],"wp:featuredmedia":[{"embeddable":true,"href":"https:\/\/3dpmetal.com\/pl\/wp-json\/wp\/v2\/media\/1855"}],"wp:attachment":[{"href":"https:\/\/3dpmetal.com\/pl\/wp-json\/wp\/v2\/media?parent=4323"}],"wp:term":[{"taxonomy":"product-category","embeddable":true,"href":"https:\/\/3dpmetal.com\/pl\/wp-json\/wp\/v2\/product-category?post=4323"}],"curies":[{"name":"wp","href":"https:\/\/api.w.org\/{rel}","templated":true}]}}