{"id":4324,"date":"2024-04-07T08:17:41","date_gmt":"2024-04-07T08:17:41","guid":{"rendered":"https:\/\/3dpmetal.com\/product\/feni42-powder\/"},"modified":"2024-04-08T01:47:04","modified_gmt":"2024-04-08T01:47:04","slug":"feni42-powder","status":"publish","type":"product","link":"https:\/\/3dpmetal.com\/pl\/product\/feni42-powder\/","title":{"rendered":"Proszek FeNi42"},"content":{"rendered":"<h2>Proszek FeNi42: Przegl\u0105d<\/h2>\n<p><a href=\"https:\/\/en.wikipedia.org\/wiki\/Metal_powder\" target=\"_blank\" rel=\"noopener\">Proszek FeNi42<\/a> jest wysoko ceniony za swoje doskona\u0142e w\u0142a\u015bciwo\u015bci magnetyczne, wysok\u0105 rezystywno\u015b\u0107 elektryczn\u0105 i odporno\u015b\u0107 na korozj\u0119, co czyni go istotnym materia\u0142em w r\u00f3\u017cnych ga\u0142\u0119ziach przemys\u0142u. Unikalna kombinacja jego w\u0142a\u015bciwo\u015bci sprawia, \u017ce idealnie nadaje si\u0119 do zastosowa\u0144, w kt\u00f3rych istotne s\u0105 w\u0142a\u015bciwo\u015bci magnetyczne i elektryczne.<\/p>\n<h2>Kompozycja<\/h2>\n<p>Proszek FeNi42 jest starannie opracowany z precyzyjnymi pierwiastkami stopowymi:<\/p>\n<table>\n<thead>\n<tr>\n<th>Element<\/th>\n<th>Waga %<\/th>\n<\/tr>\n<\/thead>\n<tbody>\n<tr>\n<td>\u017belazo (Fe)<\/td>\n<td>41-43<\/td>\n<\/tr>\n<tr>\n<td>Nikiel (Ni)<\/td>\n<td>41-43<\/td>\n<\/tr>\n<tr>\n<td>Mangan (Mn)<\/td>\n<td>1.0 max<\/td>\n<\/tr>\n<tr>\n<td>Krzem (Si)<\/td>\n<td>0,3 maks<\/td>\n<\/tr>\n<tr>\n<td>W\u0119giel (C)<\/td>\n<td>0,03 maks<\/td>\n<\/tr>\n<tr>\n<td>Siarka (S)<\/td>\n<td>0,02 maks<\/td>\n<\/tr>\n<tr>\n<td>Fosfor (P)<\/td>\n<td>0,02 maks<\/td>\n<\/tr>\n<\/tbody>\n<\/table>\n<h2>W\u0142a\u015bciwo\u015bci<\/h2>\n<p>Proszek FeNi42 posiada wyj\u0105tkowe w\u0142a\u015bciwo\u015bci:<\/p>\n<table>\n<thead>\n<tr>\n<th>Nieruchomo\u015b\u0107<\/th>\n<th>Warto\u015b\u0107<\/th>\n<\/tr>\n<\/thead>\n<tbody>\n<tr>\n<td>G\u0119sto\u015b\u0107<\/td>\n<td>8,15 g\/cm\u00b3<\/td>\n<\/tr>\n<tr>\n<td>Odporno\u015b\u0107 na rozci\u0105ganie<\/td>\n<td>550 MPa (min)<\/td>\n<\/tr>\n<tr>\n<td>Wytrzyma\u0142o\u015b\u0107 graniczna<\/td>\n<td>250 MPa (min)<\/td>\n<\/tr>\n<tr>\n<td>Wyd\u0142u\u017cenie<\/td>\n<td>30% (min)<\/td>\n<\/tr>\n<tr>\n<td>Twardo\u015b\u0107 (HRB)<\/td>\n<td>90 HRB<\/td>\n<\/tr>\n<tr>\n<td>Temperatura topnienia<\/td>\n<td>1420-1460\u00b0C<\/td>\n<\/tr>\n<tr>\n<td>Przewodno\u015b\u0107 cieplna<\/td>\n<td>11,5 W\/m-K<\/td>\n<\/tr>\n<tr>\n<td>Op\u00f3r elektryczny<\/td>\n<td>0,60 \u00b5\u03a9-m<\/td>\n<\/tr>\n<\/tbody>\n<\/table>\n<h2>APLIKACJE<\/h2>\n<p>Proszek FeNi42 znajduje szerokie zastosowanie w przemy\u015ble elektrycznym i elektronicznym do produkcji element\u00f3w takich jak ekrany magnetyczne, rdzenie transformator\u00f3w i cewki indukcyjne.<\/p>\n<h2>Proces wytwarzania przyrostowego<\/h2>\n<p>Wytwarzany w procesach atomizacji gazowej lub plazmowej proszek FeNi42 nadaje si\u0119 do stosowania w technikach produkcji addytywnej, takich jak stapianie w z\u0142o\u017cu proszkowym i rozpylanie spoiwa.<\/p>\n<h2>Specyfikacja proszku<\/h2>\n<p>Dost\u0119pny w r\u00f3\u017cnych zakresach rozmiar\u00f3w, morfologii i poziom\u00f3w jako\u015bci, proszek FeNi42 spe\u0142nia okre\u015blone wymagania aplikacji.<\/p>\n<h2>Standardy i oceny<\/h2>\n<p>Proszek FeNi42 jest zgodny z normami bran\u017cowymi, takimi jak ASTM A801, zapewniaj\u0105c jako\u015b\u0107 i przydatno\u015b\u0107 do r\u00f3\u017cnych zastosowa\u0144.<\/p>\n<h2>Kontrola jako\u015bci<\/h2>\n<p>Rygorystyczne \u015brodki kontroli jako\u015bci, w tym analiza chemiczna i analiza wielko\u015bci cz\u0105stek, zapewniaj\u0105 sp\u00f3jno\u015b\u0107 i niezawodno\u015b\u0107 proszku FeNi42.<\/p>\n<h2>Analiza koszt\u00f3w<\/h2>\n<p>Koszt proszku FeNi42 r\u00f3\u017cni si\u0119 w zale\u017cno\u015bci od czynnik\u00f3w takich jak obj\u0119to\u015b\u0107, zakres wielko\u015bci cz\u0105stek i warunki rynkowe.<\/p>\n<h2>Przechowywanie i obs\u0142uga proszk\u00f3w<\/h2>\n<p>W\u0142a\u015bciwe przechowywanie w szczelnie zamkni\u0119tych pojemnikach i przestrzeganie protoko\u0142\u00f3w post\u0119powania s\u0105 niezb\u0119dne do zachowania integralno\u015bci proszku FeNi42.<\/p>\n<h2>Zdrowie i bezpiecze\u0144stwo<\/h2>\n<p>Proszek FeNi42 stwarza minimalne zagro\u017cenie dla zdrowia, ale wymaga stosowania \u015brodk\u00f3w ochrony osobistej podczas obs\u0142ugi i przetwarzania.<\/p>\n<h2>FAQ<\/h2>\n<ol>\n<li><strong>Jakie s\u0105 g\u0142\u00f3wne zalety proszku FeNi42?<\/strong> Proszek FeNi42 oferuje doskona\u0142e w\u0142a\u015bciwo\u015bci magnetyczne, wysok\u0105 oporno\u015b\u0107 elektryczn\u0105 i odporno\u015b\u0107 na korozj\u0119, dzi\u0119ki czemu idealnie nadaje si\u0119 do zastosowa\u0144 w przemy\u015ble elektrycznym i elektronicznym.<\/li>\n<li><strong>Czy proszek FeNi42 mo\u017ce by\u0107 stosowany w produkcji addytywnej?<\/strong> Tak, proszek FeNi42 jest powszechnie stosowany w technikach produkcji addytywnej, takich jak stapianie w z\u0142o\u017cu proszkowym i rozpylanie spoiwa w celu wytworzenia komponent\u00f3w o doskona\u0142ych w\u0142a\u015bciwo\u015bciach magnetycznych i elektrycznych.<\/li>\n<li><strong>Czy proszek FeNi42 nadaje si\u0119 do zastosowa\u0144 w rdzeniach transformator\u00f3w?<\/strong> Tak, proszek FeNi42 jest szeroko stosowany w rdzeniach transformator\u00f3w ze wzgl\u0119du na jego doskona\u0142e w\u0142a\u015bciwo\u015bci magnetyczne i wysok\u0105 rezystywno\u015b\u0107 elektryczn\u0105.<\/li>\n<li><strong>Jakie s\u0105 typowe koszty zwi\u0105zane z proszkiem FeNi42?<\/strong> Koszty proszku FeNi42 r\u00f3\u017cni\u0105 si\u0119 w zale\u017cno\u015bci od takich czynnik\u00f3w, jak obj\u0119to\u015b\u0107, zakres wielko\u015bci cz\u0105stek, morfologia proszku, poziomy czysto\u015bci i warunki rynkowe.<\/li>\n<\/ol>","protected":false},"excerpt":{"rendered":"<p>Proszek FeNi42: Przegl\u0105d Proszek FeNi42 jest wysoko ceniony za doskona\u0142e w\u0142a\u015bciwo\u015bci magnetyczne, wysok\u0105 rezystywno\u015b\u0107 elektryczn\u0105 i odporno\u015b\u0107 na korozj\u0119, co czyni go istotnym materia\u0142em w r\u00f3\u017cnych ga\u0142\u0119ziach przemys\u0142u. Jego unikalne po\u0142\u0105czenie w\u0142a\u015bciwo\u015bci sprawia, \u017ce jest idealny do zastosowa\u0144, w kt\u00f3rych istotne s\u0105 w\u0142a\u015bciwo\u015bci magnetyczne i elektryczne. Sk\u0142ad Proszek FeNi42 jest starannie opracowany z precyzyjnymi pierwiastkami stopowymi: Pierwiastek...<\/p>","protected":false},"featured_media":1837,"parent":0,"template":"","meta":{"_acf_changed":false,"_kad_blocks_custom_css":"","_kad_blocks_head_custom_js":"","_kad_blocks_body_custom_js":"","_kad_blocks_footer_custom_js":"","_kad_post_transparent":"","_kad_post_title":"","_kad_post_layout":"","_kad_post_sidebar_id":"","_kad_post_content_style":"","_kad_post_vertical_padding":"","_kad_post_feature":"","_kad_post_feature_position":"","_kad_post_header":false,"_kad_post_footer":false,"_kad_post_classname":""},"product-category":[119],"class_list":["post-4324","product","type-product","status-publish","has-post-thumbnail","hentry","product-category-3d-printing-metal-powder"],"acf":[],"taxonomy_info":{"product-category":[{"value":119,"label":"3D Printing Metal Powder"}]},"featured_image_src_large":["https:\/\/3dpmetal.com\/wp-content\/uploads\/2024\/02\/317L-Powder.jpg",600,600,false],"author_info":[],"comment_info":"","_links":{"self":[{"href":"https:\/\/3dpmetal.com\/pl\/wp-json\/wp\/v2\/product\/4324","targetHints":{"allow":["GET"]}}],"collection":[{"href":"https:\/\/3dpmetal.com\/pl\/wp-json\/wp\/v2\/product"}],"about":[{"href":"https:\/\/3dpmetal.com\/pl\/wp-json\/wp\/v2\/types\/product"}],"wp:featuredmedia":[{"embeddable":true,"href":"https:\/\/3dpmetal.com\/pl\/wp-json\/wp\/v2\/media\/1837"}],"wp:attachment":[{"href":"https:\/\/3dpmetal.com\/pl\/wp-json\/wp\/v2\/media?parent=4324"}],"wp:term":[{"taxonomy":"product-category","embeddable":true,"href":"https:\/\/3dpmetal.com\/pl\/wp-json\/wp\/v2\/product-category?post=4324"}],"curies":[{"name":"wp","href":"https:\/\/api.w.org\/{rel}","templated":true}]}}