{"id":4327,"date":"2024-04-07T08:17:41","date_gmt":"2024-04-07T08:17:41","guid":{"rendered":"https:\/\/3dpmetal.com\/product\/410l-stainless-steel-powder\/"},"modified":"2024-04-08T01:50:58","modified_gmt":"2024-04-08T01:50:58","slug":"410l-stainless-steel-powder","status":"publish","type":"product","link":"https:\/\/3dpmetal.com\/pl\/product\/410l-stainless-steel-powder\/","title":{"rendered":"Proszek ze stali nierdzewnej 410L"},"content":{"rendered":"<h2>Proszek ze stali nierdzewnej 410L: Przegl\u0105d<\/h2>\n<p><a href=\"https:\/\/en.wikipedia.org\/wiki\/Stainless_steel\" target=\"_blank\" rel=\"noopener\">Proszek ze stali nierdzewnej 410L<\/a> jest wysoko ceniony ze wzgl\u0119du na wyj\u0105tkow\u0105 odporno\u015b\u0107 na korozj\u0119, ciep\u0142o i zu\u017cycie, co czyni go istotnym materia\u0142em w r\u00f3\u017cnych ga\u0142\u0119ziach przemys\u0142u. Unikalna kombinacja jego w\u0142a\u015bciwo\u015bci sprawia, \u017ce nadaje si\u0119 do zastosowa\u0144, w kt\u00f3rych wymagana jest wysoka wytrzyma\u0142o\u015b\u0107 i trwa\u0142o\u015b\u0107.<\/p>\n<h2>Kompozycja<\/h2>\n<p>Proszek ze stali nierdzewnej 410L jest starannie wykonany z precyzyjnych pierwiastk\u00f3w stopowych:<\/p>\n<table>\n<thead>\n<tr>\n<th>Element<\/th>\n<th>Waga %<\/th>\n<\/tr>\n<\/thead>\n<tbody>\n<tr>\n<td>Chrom (Cr)<\/td>\n<td>11.5-13.5<\/td>\n<\/tr>\n<tr>\n<td>Nikiel (Ni)<\/td>\n<td>0,60 maks<\/td>\n<\/tr>\n<tr>\n<td>Mangan (Mn)<\/td>\n<td>1.0 max<\/td>\n<\/tr>\n<tr>\n<td>Krzem (Si)<\/td>\n<td>1.0 max<\/td>\n<\/tr>\n<tr>\n<td>W\u0119giel (C)<\/td>\n<td>0,03 maks<\/td>\n<\/tr>\n<tr>\n<td>Siarka (S)<\/td>\n<td>0,03 maks<\/td>\n<\/tr>\n<tr>\n<td>Fosfor (P)<\/td>\n<td>0,040 maks<\/td>\n<\/tr>\n<tr>\n<td>\u017belazo (Fe)<\/td>\n<td>R\u00f3wnowaga<\/td>\n<\/tr>\n<\/tbody>\n<\/table>\n<h2>W\u0142a\u015bciwo\u015bci<\/h2>\n<p>Proszek ze stali nierdzewnej 410L posiada wyj\u0105tkowe w\u0142a\u015bciwo\u015bci:<\/p>\n<table>\n<thead>\n<tr>\n<th>Nieruchomo\u015b\u0107<\/th>\n<th>Warto\u015b\u0107<\/th>\n<\/tr>\n<\/thead>\n<tbody>\n<tr>\n<td>G\u0119sto\u015b\u0107<\/td>\n<td>7,7 g\/cm\u00b3<\/td>\n<\/tr>\n<tr>\n<td>Odporno\u015b\u0107 na rozci\u0105ganie<\/td>\n<td>450 MPa (min)<\/td>\n<\/tr>\n<tr>\n<td>Wytrzyma\u0142o\u015b\u0107 graniczna<\/td>\n<td>205 MPa (min)<\/td>\n<\/tr>\n<tr>\n<td>Wyd\u0142u\u017cenie<\/td>\n<td>20% (min)<\/td>\n<\/tr>\n<tr>\n<td>Twardo\u015b\u0107 (HRB)<\/td>\n<td>80 HRB<\/td>\n<\/tr>\n<tr>\n<td>Temperatura topnienia<\/td>\n<td>1480-1530\u00b0C<\/td>\n<\/tr>\n<tr>\n<td>Przewodno\u015b\u0107 cieplna<\/td>\n<td>24,9 W\/m-K<\/td>\n<\/tr>\n<tr>\n<td>Op\u00f3r elektryczny<\/td>\n<td>0,06 \u00b5\u03a9-m<\/td>\n<\/tr>\n<\/tbody>\n<\/table>\n<h2>APLIKACJE<\/h2>\n<p>Proszek ze stali nierdzewnej 410L znajduje szerokie zastosowanie w przemy\u015ble motoryzacyjnym, lotniczym i budowlanym do produkcji element\u00f3w takich jak uk\u0142ady wydechowe, elementy z\u0142\u0105czne i cz\u0119\u015bci konstrukcyjne.<\/p>\n<h2>Proces wytwarzania przyrostowego<\/h2>\n<p>Wytwarzany w procesach atomizacji gazowej lub plazmowej, proszek ze stali nierdzewnej 410L nadaje si\u0119 do stosowania w technikach produkcji addytywnej, takich jak stapianie w z\u0142o\u017cu proszkowym i rozpylanie spoiwa.<\/p>\n<h2>Specyfikacja proszku<\/h2>\n<p>Dost\u0119pny w r\u00f3\u017cnych zakresach rozmiar\u00f3w, morfologii i poziom\u00f3w jako\u015bci, proszek ze stali nierdzewnej 410L spe\u0142nia okre\u015blone wymagania aplikacji.<\/p>\n<h2>Standardy i oceny<\/h2>\n<p>Proszek ze stali nierdzewnej 410L jest zgodny z normami bran\u017cowymi, takimi jak ASTM A240, zapewniaj\u0105c jako\u015b\u0107 i przydatno\u015b\u0107 do r\u00f3\u017cnych zastosowa\u0144.<\/p>\n<h2>Kontrola jako\u015bci<\/h2>\n<p>Rygorystyczne \u015brodki kontroli jako\u015bci, w tym analiza chemiczna i analiza wielko\u015bci cz\u0105stek, zapewniaj\u0105 sp\u00f3jno\u015b\u0107 i niezawodno\u015b\u0107 proszku ze stali nierdzewnej 410L.<\/p>\n<h2>Analiza koszt\u00f3w<\/h2>\n<p>Koszt proszku ze stali nierdzewnej 410L r\u00f3\u017cni si\u0119 w zale\u017cno\u015bci od czynnik\u00f3w takich jak obj\u0119to\u015b\u0107, zakres wielko\u015bci cz\u0105stek i warunki rynkowe.<\/p>\n<h2>Przechowywanie i obs\u0142uga proszk\u00f3w<\/h2>\n<p>W\u0142a\u015bciwe przechowywanie w szczelnie zamkni\u0119tych pojemnikach i przestrzeganie protoko\u0142\u00f3w obs\u0142ugi s\u0105 niezb\u0119dne do zachowania integralno\u015bci proszku ze stali nierdzewnej 410L.<\/p>\n<h2>Zdrowie i bezpiecze\u0144stwo<\/h2>\n<p>Proszek ze stali nierdzewnej 410L stwarza minimalne zagro\u017cenie dla zdrowia, ale wymaga stosowania \u015brodk\u00f3w ochrony osobistej podczas obs\u0142ugi i przetwarzania.<\/p>\n<h2>FAQ<\/h2>\n<ol>\n<li><strong>Jakie s\u0105 g\u0142\u00f3wne zalety proszku ze stali nierdzewnej 410L?<\/strong> Proszek ze stali nierdzewnej 410L oferuje wyj\u0105tkow\u0105 odporno\u015b\u0107 na korozj\u0119, ciep\u0142o i zu\u017cycie, dzi\u0119ki czemu idealnie nadaje si\u0119 do zastosowa\u0144, w kt\u00f3rych wymagana jest wysoka wytrzyma\u0142o\u015b\u0107 i trwa\u0142o\u015b\u0107.<\/li>\n<li><strong>Czy proszek ze stali nierdzewnej 410L mo\u017ce by\u0107 stosowany w produkcji addytywnej?<\/strong> Tak, proszek ze stali nierdzewnej 410L jest powszechnie stosowany w technikach produkcji addytywnej, takich jak stapianie w z\u0142o\u017cu proszkowym i rozpylanie spoiwa w celu wytworzenia komponent\u00f3w o doskona\u0142ych w\u0142a\u015bciwo\u015bciach mechanicznych.<\/li>\n<li><strong>Czy proszek ze stali nierdzewnej 410L nadaje si\u0119 do zastosowa\u0144 motoryzacyjnych?<\/strong> Tak, proszek ze stali nierdzewnej 410L jest szeroko stosowany w przemy\u015ble motoryzacyjnym ze wzgl\u0119du na doskona\u0142\u0105 odporno\u015b\u0107 na korozj\u0119 i wysok\u0105 temperatur\u0119, dzi\u0119ki czemu idealnie nadaje si\u0119 do uk\u0142ad\u00f3w wydechowych i cz\u0119\u015bci konstrukcyjnych.<\/li>\n<li><strong>Jakie s\u0105 typowe koszty zwi\u0105zane z proszkiem ze stali nierdzewnej 410L?<\/strong> Koszty proszku ze stali nierdzewnej 410L r\u00f3\u017cni\u0105 si\u0119 w zale\u017cno\u015bci od takich czynnik\u00f3w, jak obj\u0119to\u015b\u0107, zakres wielko\u015bci cz\u0105stek, morfologia proszku, poziomy czysto\u015bci i warunki rynkowe.<\/li>\n<\/ol>","protected":false},"excerpt":{"rendered":"<p>Proszek ze stali nierdzewnej 410L: Przegl\u0105d Proszek ze stali nierdzewnej 410L jest wysoko ceniony ze wzgl\u0119du na wyj\u0105tkow\u0105 odporno\u015b\u0107 na korozj\u0119, odporno\u015b\u0107 na ciep\u0142o i odporno\u015b\u0107 na zu\u017cycie, co czyni go istotnym materia\u0142em w r\u00f3\u017cnych ga\u0142\u0119ziach przemys\u0142u. Unikalna kombinacja w\u0142a\u015bciwo\u015bci sprawia, \u017ce nadaje si\u0119 on do zastosowa\u0144, w kt\u00f3rych wymagana jest wysoka wytrzyma\u0142o\u015b\u0107 i trwa\u0142o\u015b\u0107. Sk\u0142ad proszku ze stali nierdzewnej 410L jest skrupulatnie...<\/p>","protected":false},"featured_media":4167,"parent":0,"template":"","meta":{"_acf_changed":false,"_kad_blocks_custom_css":"","_kad_blocks_head_custom_js":"","_kad_blocks_body_custom_js":"","_kad_blocks_footer_custom_js":"","_kad_post_transparent":"","_kad_post_title":"","_kad_post_layout":"","_kad_post_sidebar_id":"","_kad_post_content_style":"","_kad_post_vertical_padding":"","_kad_post_feature":"","_kad_post_feature_position":"","_kad_post_header":false,"_kad_post_footer":false,"_kad_post_classname":""},"product-category":[119],"class_list":["post-4327","product","type-product","status-publish","has-post-thumbnail","hentry","product-category-3d-printing-metal-powder"],"acf":[],"taxonomy_info":{"product-category":[{"value":119,"label":"3D Printing Metal Powder"}]},"featured_image_src_large":["https:\/\/3dpmetal.com\/wp-content\/uploads\/2024\/04\/718-powder.jpg",600,600,false],"author_info":[],"comment_info":"","_links":{"self":[{"href":"https:\/\/3dpmetal.com\/pl\/wp-json\/wp\/v2\/product\/4327","targetHints":{"allow":["GET"]}}],"collection":[{"href":"https:\/\/3dpmetal.com\/pl\/wp-json\/wp\/v2\/product"}],"about":[{"href":"https:\/\/3dpmetal.com\/pl\/wp-json\/wp\/v2\/types\/product"}],"wp:featuredmedia":[{"embeddable":true,"href":"https:\/\/3dpmetal.com\/pl\/wp-json\/wp\/v2\/media\/4167"}],"wp:attachment":[{"href":"https:\/\/3dpmetal.com\/pl\/wp-json\/wp\/v2\/media?parent=4327"}],"wp:term":[{"taxonomy":"product-category","embeddable":true,"href":"https:\/\/3dpmetal.com\/pl\/wp-json\/wp\/v2\/product-category?post=4327"}],"curies":[{"name":"wp","href":"https:\/\/api.w.org\/{rel}","templated":true}]}}