{"id":4328,"date":"2024-04-07T08:17:41","date_gmt":"2024-04-07T08:17:41","guid":{"rendered":"https:\/\/3dpmetal.com\/product\/spherical-stainless-steel-powder-15-5ph\/"},"modified":"2024-04-08T00:41:35","modified_gmt":"2024-04-08T00:41:35","slug":"spherical-stainless-steel-powder-15-5ph","status":"publish","type":"product","link":"https:\/\/3dpmetal.com\/pl\/product\/spherical-stainless-steel-powder-15-5ph\/","title":{"rendered":"Sferyczny proszek ze stali nierdzewnej 15-5PH"},"content":{"rendered":"<h2>Sferyczny proszek ze stali nierdzewnej 15-5PH: Przegl\u0105d<\/h2>\n<p>Sferyczna stal nierdzewna <a href=\"https:\/\/en.wikipedia.org\/wiki\/Metal_powder\" target=\"_blank\" rel=\"noopener\">Proszek 15-5PH<\/a> to wysokowytrzyma\u0142a, odporna na korozj\u0119 stal nierdzewna w proszku, znana z doskona\u0142ych w\u0142a\u015bciwo\u015bci mechanicznych i przydatno\u015bci do szerokiego zakresu zastosowa\u0144. Jest szczeg\u00f3lnie ceniony w przemy\u015ble lotniczym, medycznym i motoryzacyjnym ze wzgl\u0119du na wyj\u0105tkowe po\u0142\u0105czenie wytrzyma\u0142o\u015bci, twardo\u015bci i odporno\u015bci na korozj\u0119.<\/p>\n<h2>Kompozycja<\/h2>\n<p>Sferyczny proszek ze stali nierdzewnej 15-5PH sk\u0142ada si\u0119 z precyzyjnych pierwiastk\u00f3w stopowych w celu uzyskania doskona\u0142ych w\u0142a\u015bciwo\u015bci:<\/p>\n<table>\n<thead>\n<tr>\n<th>Element<\/th>\n<th>Waga %<\/th>\n<\/tr>\n<\/thead>\n<tbody>\n<tr>\n<td>Chrom (Cr)<\/td>\n<td>14.0-15.5<\/td>\n<\/tr>\n<tr>\n<td>Nikiel (Ni)<\/td>\n<td>3.5-5.5<\/td>\n<\/tr>\n<tr>\n<td>Mied\u017a (Cu)<\/td>\n<td>3.5-5.5<\/td>\n<\/tr>\n<tr>\n<td>Mangan (Mn)<\/td>\n<td>\u22641.0<\/td>\n<\/tr>\n<tr>\n<td>Krzem (Si)<\/td>\n<td>\u22641.0<\/td>\n<\/tr>\n<tr>\n<td>Fosfor (P)<\/td>\n<td>\u22640.04<\/td>\n<\/tr>\n<tr>\n<td>Siarka (S)<\/td>\n<td>\u22640.03<\/td>\n<\/tr>\n<tr>\n<td>W\u0119giel (C)<\/td>\n<td>\u22640.07<\/td>\n<\/tr>\n<tr>\n<td>Azot (N)<\/td>\n<td>\u22640.1<\/td>\n<\/tr>\n<tr>\n<td>\u017belazo (Fe)<\/td>\n<td>R\u00f3wnowaga<\/td>\n<\/tr>\n<\/tbody>\n<\/table>\n<p>Te pierwiastki stopowe przyczyniaj\u0105 si\u0119 do wytrzyma\u0142o\u015bci proszku ze stali nierdzewnej, odporno\u015bci na korozj\u0119 i skrawalno\u015bci.<\/p>\n<h2>W\u0142a\u015bciwo\u015bci<\/h2>\n<p>Sferyczny proszek ze stali nierdzewnej 15-5PH wykazuje wyj\u0105tkowe w\u0142a\u015bciwo\u015bci niezb\u0119dne w wymagaj\u0105cych zastosowaniach:<\/p>\n<table>\n<thead>\n<tr>\n<th>Nieruchomo\u015b\u0107<\/th>\n<th>Warto\u015b\u0107<\/th>\n<\/tr>\n<\/thead>\n<tbody>\n<tr>\n<td>G\u0119sto\u015b\u0107<\/td>\n<td>7,8-7,9 g\/cm\u00b3<\/td>\n<\/tr>\n<tr>\n<td>Twardo\u015b\u0107 (HRC)<\/td>\n<td>33-38<\/td>\n<\/tr>\n<tr>\n<td>Odporno\u015b\u0107 na rozci\u0105ganie<\/td>\n<td>1100-1300 MPa<\/td>\n<\/tr>\n<tr>\n<td>Wytrzyma\u0142o\u015b\u0107 graniczna<\/td>\n<td>1000-1200 MPa<\/td>\n<\/tr>\n<tr>\n<td>Wyd\u0142u\u017cenie<\/td>\n<td>6-10%<\/td>\n<\/tr>\n<tr>\n<td>Temperatura topnienia<\/td>\n<td>1400-1440\u00b0C<\/td>\n<\/tr>\n<tr>\n<td>Przewodno\u015b\u0107 cieplna<\/td>\n<td>16,3 W\/m-K<\/td>\n<\/tr>\n<tr>\n<td>Wsp\u00f3\u0142czynnik rozszerzalno\u015bci cieplnej<\/td>\n<td>10,5 \u00b5m\/m-K<\/td>\n<\/tr>\n<\/tbody>\n<\/table>\n<p>W\u0142a\u015bciwo\u015bci te sprawiaj\u0105, \u017ce sferyczny proszek ze stali nierdzewnej 15-5PH nadaje si\u0119 do r\u00f3\u017cnych zastosowa\u0144 wymagaj\u0105cych wysokiej wytrzyma\u0142o\u015bci, odporno\u015bci na korozj\u0119 i odporno\u015bci na ciep\u0142o.<\/p>\n<h2>APLIKACJE<\/h2>\n<p>Sferyczny proszek ze stali nierdzewnej 15-5PH znajduje r\u00f3\u017cnorodne zastosowania w r\u00f3\u017cnych bran\u017cach:<\/p>\n<ul>\n<li>Lotnictwo i kosmonautyka: komponenty lotnicze i kosmiczne, cz\u0119\u015bci podwozia<\/li>\n<li>Medycyna: narz\u0119dzia chirurgiczne, implanty ortopedyczne<\/li>\n<li>Motoryzacja: elementy silnika, wa\u0142y nap\u0119dowe<\/li>\n<li>Petrochemia: zawory, elementy pomp<\/li>\n<li>Artyku\u0142y sportowe: g\u0142\u00f3wki kij\u00f3w golfowych, cz\u0119\u015bci rowerowe<\/li>\n<\/ul>\n<p>Po\u0142\u0105czenie wysokiej wytrzyma\u0142o\u015bci, odporno\u015bci na korozj\u0119 i skrawalno\u015bci sprawia, \u017ce jest to idealne rozwi\u0105zanie dla krytycznych komponent\u00f3w nara\u017conych na trudne warunki \u015brodowiskowe.<\/p>\n<h2>Proces wytwarzania przyrostowego<\/h2>\n<p>Sferyczny proszek ze stali nierdzewnej 15-5PH jest zwykle wytwarzany w procesach atomizacji gazowej lub plazmowej, daj\u0105c kuliste cz\u0105stki odpowiednie dla technik produkcji addytywnej, takich jak selektywne topienie laserowe (SLM) i topienie wi\u0105zk\u0105 elektron\u00f3w (EBM).<\/p>\n<h2>Specyfikacja proszku<\/h2>\n<p>Sferyczny proszek ze stali nierdzewnej 15-5PH jest dost\u0119pny w r\u00f3\u017cnych specyfikacjach, aby spe\u0142ni\u0107 okre\u015blone wymagania aplikacji, w tym rozk\u0142ad wielko\u015bci cz\u0105stek, morfologi\u0119, g\u0119sto\u015b\u0107 pozorn\u0105, czysto\u015b\u0107 i zawarto\u015b\u0107 tlenu.<\/p>\n<h2>Standardy i oceny<\/h2>\n<p>Sferyczny proszek ze stali nierdzewnej 15-5PH jest zgodny z normami bran\u017cowymi, takimi jak ASTM A564 i AMS 5659, zapewniaj\u0105c jego jako\u015b\u0107 i przydatno\u015b\u0107 do r\u00f3\u017cnych zastosowa\u0144.<\/p>\n<h2>Kontrola jako\u015bci<\/h2>\n<p>\u015arodki kontroli jako\u015bci sferycznego proszku ze stali nierdzewnej 15-5PH obejmuj\u0105 analiz\u0119 chemiczn\u0105, analiz\u0119 wielko\u015bci cz\u0105stek, ocen\u0119 morfologii proszku, badanie g\u0119sto\u015bci, ocen\u0119 czysto\u015bci i analiz\u0119 zawarto\u015bci tlenu.<\/p>\n<h2>Analiza koszt\u00f3w<\/h2>\n<p>Koszt sferycznego proszku ze stali nierdzewnej 15-5PH r\u00f3\u017cni si\u0119 w zale\u017cno\u015bci od takich czynnik\u00f3w, jak wielko\u015b\u0107 zam\u00f3wienia, zakres wielko\u015bci cz\u0105stek, morfologia proszku, poziomy czysto\u015bci oraz mar\u017ce producenta\/dystrybutora.<\/p>\n<h2>Przechowywanie i obs\u0142uga proszk\u00f3w<\/h2>\n<p>Prawid\u0142owe przechowywanie i obs\u0142uga maj\u0105 kluczowe znaczenie dla zachowania integralno\u015bci Spherical Stainless Steel Powder 15-5PH, w tym przechowywanie w szczelnych pojemnikach w kontrolowanym \u015brodowisku i przy u\u017cyciu odpowiedniego sprz\u0119tu do obs\u0142ugi.<\/p>\n<h2>Zdrowie i bezpiecze\u0144stwo<\/h2>\n<p>Sferyczny proszek ze stali nierdzewnej 15-5PH stwarza minimalne zagro\u017cenie dla zdrowia przy prawid\u0142owym obchodzeniu si\u0119 z nim, wymagaj\u0105c stosowania \u015brodk\u00f3w ochrony osobistej i przestrzegania protoko\u0142\u00f3w bezpiecze\u0144stwa podczas obs\u0142ugi i przetwarzania.<\/p>\n<h2>FAQ<\/h2>\n<ol>\n<li><strong>Jakie s\u0105 g\u0142\u00f3wne zalety sferycznego proszku ze stali nierdzewnej 15-5PH?<\/strong> Sferyczna stal nierdzewna w proszku 15-5PH oferuje wyj\u0105tkow\u0105 wytrzyma\u0142o\u015b\u0107, odporno\u015b\u0107 na korozj\u0119 i skrawalno\u015b\u0107, dzi\u0119ki czemu nadaje si\u0119 do r\u00f3\u017cnych wymagaj\u0105cych zastosowa\u0144.<\/li>\n<li><strong>Czy sferyczny proszek ze stali nierdzewnej 15-5PH nadaje si\u0119 do zastosowa\u0144 lotniczych?<\/strong> Tak, sferyczny proszek ze stali nierdzewnej 15-5PH jest powszechnie stosowany w przemy\u015ble lotniczym ze wzgl\u0119du na wysok\u0105 wytrzyma\u0142o\u015b\u0107 i odporno\u015b\u0107 na korozj\u0119, dzi\u0119ki czemu idealnie nadaje si\u0119 do komponent\u00f3w lotniczych i cz\u0119\u015bci podwozia.<\/li>\n<li><strong>Czy sferyczny proszek ze stali nierdzewnej 15-5PH mo\u017ce by\u0107 stosowany w medycynie?<\/strong> Tak, sferyczna stal nierdzewna w proszku 15-5PH jest odpowiednia do zastosowa\u0144 medycznych, w tym narz\u0119dzi chirurgicznych i implant\u00f3w ortopedycznych, ze wzgl\u0119du na swoj\u0105 biokompatybilno\u015b\u0107 i odporno\u015b\u0107 na korozj\u0119.<\/li>\n<li><strong>Jakie procesy wytwarzania przyrostowego mog\u0105 wykorzystywa\u0107 sferyczny proszek ze stali nierdzewnej 15-5PH?<\/strong> Sferyczny proszek ze stali nierdzewnej 15-5PH mo\u017ce by\u0107 przetwarzany przy u\u017cyciu technik produkcji addytywnej, takich jak selektywne topienie laserowe (SLM) i topienie wi\u0105zk\u0105 elektron\u00f3w (EBM) w celu wytwarzania z\u0142o\u017conych komponent\u00f3w z wysok\u0105 precyzj\u0105.<\/li>\n<li><strong>Jakie s\u0105 typowe koszty zwi\u0105zane z kulistym proszkiem ze stali nierdzewnej 15-5PH?<\/strong> Koszty sferycznego proszku ze stali nierdzewnej 15-5PH r\u00f3\u017cni\u0105 si\u0119 w zale\u017cno\u015bci od takich czynnik\u00f3w, jak obj\u0119to\u015b\u0107, zakres wielko\u015bci cz\u0105stek, poziomy czysto\u015bci i warunki rynkowe.<\/li>\n<\/ol>","protected":false},"excerpt":{"rendered":"<p>Sferyczny proszek ze stali nierdzewnej 15-5PH: Przegl\u0105d Sferyczny proszek ze stali nierdzewnej 15-5PH to wysokowytrzyma\u0142y, odporny na korozj\u0119 proszek ze stali nierdzewnej znany z doskona\u0142ych w\u0142a\u015bciwo\u015bci mechanicznych i przydatno\u015bci do szerokiego zakresu zastosowa\u0144. Jest szczeg\u00f3lnie ceniony w przemy\u015ble lotniczym, medycznym i motoryzacyjnym ze wzgl\u0119du na wyj\u0105tkowe po\u0142\u0105czenie wytrzyma\u0142o\u015bci, ci\u0105gliwo\u015bci i odporno\u015bci na korozj\u0119. Sk\u0142ad Sferyczna stal nierdzewna...<\/p>","protected":false},"featured_media":1738,"parent":0,"template":"","meta":{"_acf_changed":false,"_kad_blocks_custom_css":"","_kad_blocks_head_custom_js":"","_kad_blocks_body_custom_js":"","_kad_blocks_footer_custom_js":"","_kad_post_transparent":"","_kad_post_title":"","_kad_post_layout":"","_kad_post_sidebar_id":"","_kad_post_content_style":"","_kad_post_vertical_padding":"","_kad_post_feature":"","_kad_post_feature_position":"","_kad_post_header":false,"_kad_post_footer":false,"_kad_post_classname":""},"product-category":[119],"class_list":["post-4328","product","type-product","status-publish","has-post-thumbnail","hentry","product-category-3d-printing-metal-powder"],"acf":[],"taxonomy_info":{"product-category":[{"value":119,"label":"3D Printing Metal Powder"}]},"featured_image_src_large":["https:\/\/3dpmetal.com\/wp-content\/uploads\/2024\/02\/CoCrW-Powder.jpg",600,600,false],"author_info":[],"comment_info":"","_links":{"self":[{"href":"https:\/\/3dpmetal.com\/pl\/wp-json\/wp\/v2\/product\/4328","targetHints":{"allow":["GET"]}}],"collection":[{"href":"https:\/\/3dpmetal.com\/pl\/wp-json\/wp\/v2\/product"}],"about":[{"href":"https:\/\/3dpmetal.com\/pl\/wp-json\/wp\/v2\/types\/product"}],"wp:featuredmedia":[{"embeddable":true,"href":"https:\/\/3dpmetal.com\/pl\/wp-json\/wp\/v2\/media\/1738"}],"wp:attachment":[{"href":"https:\/\/3dpmetal.com\/pl\/wp-json\/wp\/v2\/media?parent=4328"}],"wp:term":[{"taxonomy":"product-category","embeddable":true,"href":"https:\/\/3dpmetal.com\/pl\/wp-json\/wp\/v2\/product-category?post=4328"}],"curies":[{"name":"wp","href":"https:\/\/api.w.org\/{rel}","templated":true}]}}