{"id":4329,"date":"2024-04-07T08:17:41","date_gmt":"2024-04-07T08:17:41","guid":{"rendered":"https:\/\/3dpmetal.com\/product\/ti45nb-powder-for-additive-manufacturing\/"},"modified":"2024-04-08T01:53:47","modified_gmt":"2024-04-08T01:53:47","slug":"ti45nb-powder-for-additive-manufacturing","status":"publish","type":"product","link":"https:\/\/3dpmetal.com\/pl\/product\/ti45nb-powder-for-additive-manufacturing\/","title":{"rendered":"Proszek Ti45Nb do wytwarzania przyrostowego"},"content":{"rendered":"<h2>Proszek Ti45Nb: Przegl\u0105d<\/h2>\n<p><a href=\"https:\/\/en.wikipedia.org\/wiki\/Metal_powder\" target=\"_blank\" rel=\"noopener\">Proszek Ti45Nb<\/a> jest wysoko ceniony za wyj\u0105tkow\u0105 biokompatybilno\u015b\u0107, odporno\u015b\u0107 na korozj\u0119 i w\u0142a\u015bciwo\u015bci mechaniczne, co czyni go kluczowym materia\u0142em w r\u00f3\u017cnych zastosowaniach biomedycznych i lotniczych. Unikalna kombinacja jego w\u0142a\u015bciwo\u015bci sprawia, \u017ce nadaje si\u0119 do \u015brodowisk, w kt\u00f3rych niezb\u0119dna jest wysoka wytrzyma\u0142o\u015b\u0107 i biokompatybilno\u015b\u0107.<\/p>\n<h2>Kompozycja<\/h2>\n<p>Proszek Ti45Nb jest starannie wykonany z precyzyjnych pierwiastk\u00f3w stopowych:<\/p>\n<table>\n<thead>\n<tr>\n<th>Element<\/th>\n<th>Waga %<\/th>\n<\/tr>\n<\/thead>\n<tbody>\n<tr>\n<td>Tytan (Ti)<\/td>\n<td>55.0-57.0<\/td>\n<\/tr>\n<tr>\n<td>Niob (Nb)<\/td>\n<td>43.0-45.0<\/td>\n<\/tr>\n<\/tbody>\n<\/table>\n<h2>W\u0142a\u015bciwo\u015bci<\/h2>\n<p>Proszek Ti45Nb posiada wyj\u0105tkowe w\u0142a\u015bciwo\u015bci:<\/p>\n<table>\n<thead>\n<tr>\n<th>Nieruchomo\u015b\u0107<\/th>\n<th>Warto\u015b\u0107<\/th>\n<\/tr>\n<\/thead>\n<tbody>\n<tr>\n<td>G\u0119sto\u015b\u0107<\/td>\n<td>4,85 g\/cm\u00b3<\/td>\n<\/tr>\n<tr>\n<td>Odporno\u015b\u0107 na rozci\u0105ganie<\/td>\n<td>900 MPa (min)<\/td>\n<\/tr>\n<tr>\n<td>Wytrzyma\u0142o\u015b\u0107 graniczna<\/td>\n<td>800 MPa (min)<\/td>\n<\/tr>\n<tr>\n<td>Wyd\u0142u\u017cenie<\/td>\n<td>10% (min)<\/td>\n<\/tr>\n<tr>\n<td>Twardo\u015b\u0107 (HRB)<\/td>\n<td>90 HRB<\/td>\n<\/tr>\n<tr>\n<td>Temperatura topnienia<\/td>\n<td>1472-1510\u00b0C<\/td>\n<\/tr>\n<tr>\n<td>Przewodno\u015b\u0107 cieplna<\/td>\n<td>6,7 W\/m-K<\/td>\n<\/tr>\n<tr>\n<td>Op\u00f3r elektryczny<\/td>\n<td>0,56 \u00b5\u03a9-m<\/td>\n<\/tr>\n<\/tbody>\n<\/table>\n<h2>APLIKACJE<\/h2>\n<p>Wszechstronno\u015b\u0107 proszku Ti45Nb sprawia, \u017ce nadaje si\u0119 on do szerokiego spektrum zastosowa\u0144 w wielu bran\u017cach. Znajduje szerokie zastosowanie w:<\/p>\n<ul>\n<li><strong>Biomedycyna<\/strong>: Proszek Ti45Nb jest szeroko stosowany w produkcji implant\u00f3w medycznych, takich jak implanty ortopedyczne, osprz\u0119t dentystyczny i urz\u0105dzenia sercowo-naczyniowe, ze wzgl\u0119du na wyj\u0105tkow\u0105 biokompatybilno\u015b\u0107 i odporno\u015b\u0107 na korozj\u0119.<\/li>\n<li><strong>Astronautyka<\/strong>: W sektorze lotniczym proszek Ti45Nb jest wykorzystywany do produkcji element\u00f3w samolot\u00f3w, w tym cz\u0119\u015bci konstrukcyjnych i element\u00f3w silnika, ze wzgl\u0119du na wysoki stosunek wytrzyma\u0142o\u015bci do masy i odporno\u015b\u0107 na korozj\u0119.<\/li>\n<li><strong>Chemiczny<\/strong>: Proszek Ti45Nb jest r\u00f3wnie\u017c wykorzystywany w urz\u0105dzeniach do przetwarzania chemicznego, gdzie jego odporno\u015b\u0107 na \u015brodowiska korozyjne i wysokie temperatury jest nieoceniona.<\/li>\n<\/ul>\n<h2>Proces wytwarzania przyrostowego<\/h2>\n<p>Proszek Ti45Nb jest wytwarzany przy u\u017cyciu zaawansowanych proces\u00f3w atomizacji gazowej, zapewniaj\u0105cych precyzyjn\u0105 kontrol\u0119 nad rozmiarem i morfologi\u0105 cz\u0105stek. Doskonale nadaje si\u0119 do stosowania w technikach produkcji addytywnej, takich jak stapianie w z\u0142o\u017cu proszku i topienie wi\u0105zk\u0105 elektron\u00f3w, umo\u017cliwiaj\u0105c wytwarzanie z\u0142o\u017conych, wysokowydajnych komponent\u00f3w o doskona\u0142ych w\u0142a\u015bciwo\u015bciach mechanicznych.<\/p>\n<h2>Specyfikacja proszku<\/h2>\n<p>Dost\u0119pny w r\u00f3\u017cnych zakresach rozmiar\u00f3w, morfologiach i poziomach jako\u015bci, proszek Ti45Nb mo\u017cna dostosowa\u0107 do konkretnych wymaga\u0144 aplikacji, zapewniaj\u0105c producentom elastyczno\u015b\u0107 i opcje dostosowywania.<\/p>\n<h2>Standardy i oceny<\/h2>\n<p>Proszek Ti45Nb jest zgodny z normami bran\u017cowymi, takimi jak ASTM F2989, co gwarantuje jego jako\u015b\u0107 i przydatno\u015b\u0107 do szerokiego zakresu zastosowa\u0144. Spe\u0142nia rygorystyczne wymogi prawne i wykazuje sta\u0142\u0105 charakterystyk\u0119 dzia\u0142ania.<\/p>\n<h2>Kontrola jako\u015bci<\/h2>\n<p>Rygorystyczne \u015brodki kontroli jako\u015bci, w tym kompleksowa analiza chemiczna i analiza wielko\u015bci cz\u0105stek, zapewniaj\u0105 jednorodno\u015b\u0107 i niezawodno\u015b\u0107 proszku Ti45Nb, daj\u0105c pewno\u015b\u0107 zar\u00f3wno u\u017cytkownikom ko\u0144cowym, jak i producentom.<\/p>\n<h2>Analiza koszt\u00f3w<\/h2>\n<p>Koszt proszku Ti45Nb r\u00f3\u017cni si\u0119 w zale\u017cno\u015bci od czynnik\u00f3w takich jak obj\u0119to\u015b\u0107, rozk\u0142ad wielko\u015bci cz\u0105stek i popyt na rynku. Chocia\u017c pocz\u0105tkowa inwestycja mo\u017ce by\u0107 wy\u017csza, doskona\u0142a wydajno\u015b\u0107 i trwa\u0142o\u015b\u0107 komponent\u00f3w wykonanych z proszku Ti45Nb cz\u0119sto uzasadniaj\u0105 ten wydatek w d\u0142u\u017cszej perspektywie.<\/p>\n<h2>Przechowywanie i obs\u0142uga proszk\u00f3w<\/h2>\n<p>W\u0142a\u015bciwe przechowywanie i obchodzenie si\u0119 z proszkiem Ti45Nb jest niezb\u0119dne do zachowania jego integralno\u015bci i wydajno\u015bci. Szczelne pojemniki i kontrolowane \u015brodowisko zmniejszaj\u0105 ryzyko zanieczyszczenia i zapewniaj\u0105 sp\u00f3jno\u015b\u0107 w\u0142a\u015bciwo\u015bci proszku.<\/p>\n<h2>Zdrowie i bezpiecze\u0144stwo<\/h2>\n<p>Podczas gdy proszek Ti45Nb stanowi minimalne zagro\u017cenie dla zdrowia przy prawid\u0142owym obchodzeniu si\u0119 z nim, przestrzeganie protoko\u0142\u00f3w bezpiecze\u0144stwa i stosowanie \u015brodk\u00f3w ochrony osobistej ma zasadnicze znaczenie dla zminimalizowania potencjalnych zagro\u017ce\u0144 zwi\u0105zanych z obs\u0142ug\u0105 i przetwarzaniem proszku.<\/p>\n<h2>FAQ<\/h2>\n<ol>\n<li><strong>Jakie s\u0105 g\u0142\u00f3wne zalety proszku Ti45Nb?<\/strong> Proszek Ti45Nb oferuje wyj\u0105tkow\u0105 biokompatybilno\u015b\u0107, odporno\u015b\u0107 na korozj\u0119 i w\u0142a\u015bciwo\u015bci mechaniczne, dzi\u0119ki czemu idealnie nadaje si\u0119 do krytycznych zastosowa\u0144 w przemy\u015ble biomedycznym i lotniczym.<\/li>\n<li><strong>Czy proszek Ti45Nb mo\u017ce by\u0107 stosowany w produkcji addytywnej?<\/strong> Tak, proszek Ti45Nb doskonale nadaje si\u0119 do stosowania w technikach wytwarzania addytywnego, takich jak stapianie w z\u0142o\u017cu proszku i topienie wi\u0105zk\u0105 elektron\u00f3w, umo\u017cliwiaj\u0105c produkcj\u0119 z\u0142o\u017conych, wysokowydajnych komponent\u00f3w o precyzyjnej geometrii i doskona\u0142ych w\u0142a\u015bciwo\u015bciach mechanicznych.<\/li>\n<li><strong>Czy proszek Ti45Nb nadaje si\u0119 do zastosowa\u0144 zwi\u0105zanych z implantami medycznymi?<\/strong> Absolutnie. Proszek Ti45Nb jest szeroko stosowany w implantach medycznych, w tym implantach ortopedycznych, osprz\u0119cie dentystycznym i urz\u0105dzeniach sercowo-naczyniowych, ze wzgl\u0119du na jego doskona\u0142\u0105 biokompatybilno\u015b\u0107, odporno\u015b\u0107 na korozj\u0119 i w\u0142a\u015bciwo\u015bci mechaniczne.<\/li>\n<li><strong>Jakie czynniki wp\u0142ywaj\u0105 na koszt proszku Ti45Nb?<\/strong> Koszt proszku Ti45Nb zale\u017cy od r\u00f3\u017cnych czynnik\u00f3w, w tym wielko\u015bci produkcji, rozk\u0142adu wielko\u015bci cz\u0105stek, morfologii proszku i dynamiki rynku. Wy\u017csze klasy czysto\u015bci i specjalistyczne przetwarzanie mog\u0105 wi\u0105za\u0107 si\u0119 z dodatkowymi kosztami, ale cz\u0119sto skutkuj\u0105 wy\u017csz\u0105 wydajno\u015bci\u0105 i niezawodno\u015bci\u0105.<\/li>\n<\/ol>","protected":false},"excerpt":{"rendered":"<p>Proszek Ti45Nb: Przegl\u0105d Proszek Ti45Nb jest wysoko ceniony za wyj\u0105tkow\u0105 biokompatybilno\u015b\u0107, odporno\u015b\u0107 na korozj\u0119 i w\u0142a\u015bciwo\u015bci mechaniczne, co czyni go kluczowym materia\u0142em w r\u00f3\u017cnych zastosowaniach biomedycznych i lotniczych. Unikalna kombinacja jego w\u0142a\u015bciwo\u015bci sprawia, \u017ce nadaje si\u0119 on do \u015brodowisk, w kt\u00f3rych niezb\u0119dna jest wysoka wytrzyma\u0142o\u015b\u0107 i biokompatybilno\u015b\u0107. Sk\u0142ad Ti45Nb Powder jest starannie wykonany z precyzyjnych pierwiastk\u00f3w stopowych:...<\/p>","protected":false},"featured_media":1766,"parent":0,"template":"","meta":{"_acf_changed":false,"_kad_blocks_custom_css":"","_kad_blocks_head_custom_js":"","_kad_blocks_body_custom_js":"","_kad_blocks_footer_custom_js":"","_kad_post_transparent":"","_kad_post_title":"","_kad_post_layout":"","_kad_post_sidebar_id":"","_kad_post_content_style":"","_kad_post_vertical_padding":"","_kad_post_feature":"","_kad_post_feature_position":"","_kad_post_header":false,"_kad_post_footer":false,"_kad_post_classname":""},"product-category":[119],"class_list":["post-4329","product","type-product","status-publish","has-post-thumbnail","hentry","product-category-3d-printing-metal-powder"],"acf":[],"taxonomy_info":{"product-category":[{"value":119,"label":"3D Printing Metal Powder"}]},"featured_image_src_large":["https:\/\/3dpmetal.com\/wp-content\/uploads\/2024\/02\/FeCoNiCrTi-Powder.png",600,600,false],"author_info":[],"comment_info":"","_links":{"self":[{"href":"https:\/\/3dpmetal.com\/pl\/wp-json\/wp\/v2\/product\/4329","targetHints":{"allow":["GET"]}}],"collection":[{"href":"https:\/\/3dpmetal.com\/pl\/wp-json\/wp\/v2\/product"}],"about":[{"href":"https:\/\/3dpmetal.com\/pl\/wp-json\/wp\/v2\/types\/product"}],"wp:featuredmedia":[{"embeddable":true,"href":"https:\/\/3dpmetal.com\/pl\/wp-json\/wp\/v2\/media\/1766"}],"wp:attachment":[{"href":"https:\/\/3dpmetal.com\/pl\/wp-json\/wp\/v2\/media?parent=4329"}],"wp:term":[{"taxonomy":"product-category","embeddable":true,"href":"https:\/\/3dpmetal.com\/pl\/wp-json\/wp\/v2\/product-category?post=4329"}],"curies":[{"name":"wp","href":"https:\/\/api.w.org\/{rel}","templated":true}]}}