{"id":2883,"date":"2024-03-07T06:46:18","date_gmt":"2024-03-07T06:46:18","guid":{"rendered":"https:\/\/3dp.45612300.xyz\/?page_id=2883"},"modified":"2024-04-01T06:16:18","modified_gmt":"2024-04-01T06:16:18","slug":"aerospace-industry","status":"publish","type":"page","link":"https:\/\/3dpmetal.com\/pt\/aerospace-industry\/","title":{"rendered":"Ind\u00fastria aeroespacial"},"content":{"rendered":"<style>.kadence-column2883_72d4ef-ee > .kt-inside-inner-col{display:flex;}.kadence-column2883_72d4ef-ee > .kt-inside-inner-col{min-height:300px;}.kadence-column2883_72d4ef-ee > .kt-inside-inner-col,.kadence-column2883_72d4ef-ee > .kt-inside-inner-col:before{border-top-left-radius:0px;border-top-right-radius:0px;border-bottom-right-radius:0px;border-bottom-left-radius:0px;}.kadence-column2883_72d4ef-ee > .kt-inside-inner-col{column-gap:var(--global-kb-gap-sm, 1rem);}.kadence-column2883_72d4ef-ee > .kt-inside-inner-col{flex-direction:column;justify-content:center;align-items:center;}.kadence-column2883_72d4ef-ee > .kt-inside-inner-col > .kb-image-is-ratio-size{align-self:stretch;}.kadence-column2883_72d4ef-ee > .kt-inside-inner-col > .wp-block-kadence-advancedgallery{align-self:stretch;}.kadence-column2883_72d4ef-ee > .kt-inside-inner-col > .aligncenter{width:100%;}.kt-row-column-wrap > .kadence-column2883_72d4ef-ee{align-self:center;}.kt-inner-column-height-full:not(.kt-has-1-columns) > .wp-block-kadence-column.kadence-column2883_72d4ef-ee{align-self:auto;}.kt-inner-column-height-full:not(.kt-has-1-columns) > .wp-block-kadence-column.kadence-column2883_72d4ef-ee > .kt-inside-inner-col{flex-direction:column;justify-content:center;}.kadence-column2883_72d4ef-ee > .kt-inside-inner-col{background-image:url('https:\/\/3dpmetal.com\/wp-content\/uploads\/2024\/02\/663f499e-1c8a-4d2f-9a72-f23b2ce6a317.png');background-size:cover;background-position:50% 0%;background-attachment:scroll;background-repeat:no-repeat;}.kadence-column2883_72d4ef-ee > .kt-inside-inner-col:before{opacity:0.63;background-color:#000000;}.kadence-column2883_72d4ef-ee{position:relative;}@media all and (max-width: 1024px){.kt-row-column-wrap > .kadence-column2883_72d4ef-ee{align-self:center;}}@media all and (max-width: 1024px){.kt-inner-column-height-full:not(.kt-has-1-columns) > .wp-block-kadence-column.kadence-column2883_72d4ef-ee{align-self:auto;}}@media all and (max-width: 1024px){.kt-inner-column-height-full:not(.kt-has-1-columns) > .wp-block-kadence-column.kadence-column2883_72d4ef-ee > .kt-inside-inner-col{flex-direction:column;justify-content:center;}}@media all and (max-width: 1024px){.kadence-column2883_72d4ef-ee > .kt-inside-inner-col{flex-direction:column;justify-content:center;align-items:center;}}@media all and (max-width: 767px){.kt-row-column-wrap > .kadence-column2883_72d4ef-ee{align-self:center;}.kt-inner-column-height-full:not(.kt-has-1-columns) > .wp-block-kadence-column.kadence-column2883_72d4ef-ee{align-self:auto;}.kt-inner-column-height-full:not(.kt-has-1-columns) > .wp-block-kadence-column.kadence-column2883_72d4ef-ee > .kt-inside-inner-col{flex-direction:column;justify-content:center;}.kadence-column2883_72d4ef-ee > .kt-inside-inner-col{flex-direction:column;justify-content:center;align-items:center;}}<\/style>\n<div class=\"wp-block-kadence-column kadence-column2883_72d4ef-ee kb-section-has-overlay\"><div class=\"kt-inside-inner-col\"><style>.wp-block-kadence-advancedheading.kt-adv-heading2883_4ebecb-1a, .wp-block-kadence-advancedheading.kt-adv-heading2883_4ebecb-1a[data-kb-block=\"kb-adv-heading2883_4ebecb-1a\"]{font-size:40px;font-style:normal;color:#fff9f9;}.wp-block-kadence-advancedheading.kt-adv-heading2883_4ebecb-1a mark.kt-highlight, .wp-block-kadence-advancedheading.kt-adv-heading2883_4ebecb-1a[data-kb-block=\"kb-adv-heading2883_4ebecb-1a\"] mark.kt-highlight{font-style:normal;color:#f76a0c;-webkit-box-decoration-break:clone;box-decoration-break:clone;padding-top:0px;padding-right:0px;padding-bottom:0px;padding-left:0px;}.wp-block-kadence-advancedheading.kt-adv-heading2883_4ebecb-1a img.kb-inline-image, .wp-block-kadence-advancedheading.kt-adv-heading2883_4ebecb-1a[data-kb-block=\"kb-adv-heading2883_4ebecb-1a\"] img.kb-inline-image{width:150px;vertical-align:baseline;}@media all and (max-width: 767px){.wp-block-kadence-advancedheading.kt-adv-heading2883_4ebecb-1a, .wp-block-kadence-advancedheading.kt-adv-heading2883_4ebecb-1a[data-kb-block=\"kb-adv-heading2883_4ebecb-1a\"]{font-size:var(--global-kb-font-size-lg, 2rem);}}<\/style>\n<h1 class=\"kt-adv-heading2883_4ebecb-1a wp-block-kadence-advancedheading\" data-kb-block=\"kb-adv-heading2883_4ebecb-1a\">Ind\u00fastria aeroespacial<\/h1>\n<\/div><\/div>\n\n\n<style>.kb-row-layout-id2883_b463d7-7d > .kt-row-column-wrap{align-content:start;}:where(.kb-row-layout-id2883_b463d7-7d > .kt-row-column-wrap) > .wp-block-kadence-column{justify-content:start;}.kb-row-layout-id2883_b463d7-7d > .kt-row-column-wrap{column-gap:var(--global-kb-gap-lg, 4rem);row-gap:var(--global-kb-gap-md, 2rem);max-width:var( --global-content-width, 1600px );padding-left:var(--global-content-edge-padding);padding-right:var(--global-content-edge-padding);padding-top:var(--global-kb-spacing-xxl, 5rem);padding-bottom:var(--global-kb-spacing-sm, 1.5rem);grid-template-columns:minmax(0, calc(40% - ((var(--global-kb-gap-lg, 4rem) * 1 )\/2)))minmax(0, calc(60% - ((var(--global-kb-gap-lg, 4rem) * 1 )\/2)));}.kb-row-layout-id2883_b463d7-7d > .kt-row-layout-overlay{opacity:0.30;}@media all and (max-width: 1024px){.kb-row-layout-id2883_b463d7-7d > .kt-row-column-wrap{grid-template-columns:minmax(0, 1fr) minmax(0, 2fr);}}@media all and (max-width: 767px){.kb-row-layout-id2883_b463d7-7d > .kt-row-column-wrap{row-gap:var(--global-kb-gap-none, 0rem );padding-top:var(--global-kb-spacing-lg, 3rem);grid-template-columns:minmax(0, 1fr);}}<\/style><div class=\"kb-row-layout-wrap kb-row-layout-id2883_b463d7-7d alignnone wp-block-kadence-rowlayout\"><div class=\"kt-row-column-wrap kt-has-2-columns kt-row-layout-right-golden kt-tab-layout-inherit kt-mobile-layout-row kt-row-valign-top kb-theme-content-width\">\n<style>.kadence-column2883_5b5535-60 > .kt-inside-inner-col{display:flex;}.kadence-column2883_5b5535-60 > .kt-inside-inner-col,.kadence-column2883_5b5535-60 > .kt-inside-inner-col:before{border-top-left-radius:0px;border-top-right-radius:0px;border-bottom-right-radius:0px;border-bottom-left-radius:0px;}.kadence-column2883_5b5535-60 > .kt-inside-inner-col{column-gap:var(--global-kb-gap-sm, 1rem);}.kadence-column2883_5b5535-60 > .kt-inside-inner-col{flex-direction:column;justify-content:center;}.kadence-column2883_5b5535-60 > .kt-inside-inner-col > .aligncenter{width:100%;}.kt-row-column-wrap > .kadence-column2883_5b5535-60{align-self:center;}.kt-inner-column-height-full:not(.kt-has-1-columns) > .wp-block-kadence-column.kadence-column2883_5b5535-60{align-self:auto;}.kt-inner-column-height-full:not(.kt-has-1-columns) > .wp-block-kadence-column.kadence-column2883_5b5535-60 > .kt-inside-inner-col{flex-direction:column;justify-content:center;}.kadence-column2883_5b5535-60 > .kt-inside-inner-col:before{opacity:0.3;}.kadence-column2883_5b5535-60{position:relative;}@media all and (max-width: 1024px){.kt-row-column-wrap > .kadence-column2883_5b5535-60{align-self:center;}}@media all and (max-width: 1024px){.kt-inner-column-height-full:not(.kt-has-1-columns) > .wp-block-kadence-column.kadence-column2883_5b5535-60{align-self:auto;}}@media all and (max-width: 1024px){.kt-inner-column-height-full:not(.kt-has-1-columns) > .wp-block-kadence-column.kadence-column2883_5b5535-60 > .kt-inside-inner-col{flex-direction:column;justify-content:center;}}@media all and (max-width: 1024px){.kadence-column2883_5b5535-60 > .kt-inside-inner-col{flex-direction:column;justify-content:center;}}@media all and (max-width: 767px){.kt-row-column-wrap > .kadence-column2883_5b5535-60{align-self:center;}.kt-inner-column-height-full:not(.kt-has-1-columns) > .wp-block-kadence-column.kadence-column2883_5b5535-60{align-self:auto;}.kt-inner-column-height-full:not(.kt-has-1-columns) > .wp-block-kadence-column.kadence-column2883_5b5535-60 > .kt-inside-inner-col{flex-direction:column;justify-content:center;}.kadence-column2883_5b5535-60 > .kt-inside-inner-col{flex-direction:column;justify-content:center;}}<\/style>\n<div class=\"wp-block-kadence-column kadence-column2883_5b5535-60\"><div class=\"kt-inside-inner-col\">\n<figure class=\"wp-block-image size-full\"><img loading=\"lazy\" decoding=\"async\" width=\"600\" height=\"600\" src=\"https:\/\/3dpmetal.com\/wp-content\/uploads\/2024\/03\/airplane.jpg\" alt=\"\" class=\"wp-image-2875\" title=\"\" srcset=\"https:\/\/3dpmetal.com\/wp-content\/uploads\/2024\/03\/airplane.jpg 600w, https:\/\/3dpmetal.com\/wp-content\/uploads\/2024\/03\/airplane-300x300.jpg 300w, https:\/\/3dpmetal.com\/wp-content\/uploads\/2024\/03\/airplane-150x150.jpg 150w\" sizes=\"auto, (max-width: 600px) 100vw, 600px\" \/><\/figure>\n<\/div><\/div>\n\n\n<style>.kadence-column2883_00fca4-0c > .kt-inside-inner-col{display:flex;}.kadence-column2883_00fca4-0c > .kt-inside-inner-col,.kadence-column2883_00fca4-0c > .kt-inside-inner-col:before{border-top-left-radius:0px;border-top-right-radius:0px;border-bottom-right-radius:0px;border-bottom-left-radius:0px;}.kadence-column2883_00fca4-0c > .kt-inside-inner-col{column-gap:var(--global-kb-gap-sm, 1rem);}.kadence-column2883_00fca4-0c > .kt-inside-inner-col{flex-direction:column;justify-content:center;}.kadence-column2883_00fca4-0c > .kt-inside-inner-col > .aligncenter{width:100%;}.kt-row-column-wrap > .kadence-column2883_00fca4-0c{align-self:center;}.kt-inner-column-height-full:not(.kt-has-1-columns) > .wp-block-kadence-column.kadence-column2883_00fca4-0c{align-self:auto;}.kt-inner-column-height-full:not(.kt-has-1-columns) > .wp-block-kadence-column.kadence-column2883_00fca4-0c > .kt-inside-inner-col{flex-direction:column;justify-content:center;}.kadence-column2883_00fca4-0c > .kt-inside-inner-col:before{opacity:0.3;}.kadence-column2883_00fca4-0c{position:relative;}@media all and (max-width: 1024px){.kt-row-column-wrap > .kadence-column2883_00fca4-0c{align-self:center;}}@media all and (max-width: 1024px){.kt-inner-column-height-full:not(.kt-has-1-columns) > .wp-block-kadence-column.kadence-column2883_00fca4-0c{align-self:auto;}}@media all and (max-width: 1024px){.kt-inner-column-height-full:not(.kt-has-1-columns) > .wp-block-kadence-column.kadence-column2883_00fca4-0c > .kt-inside-inner-col{flex-direction:column;justify-content:center;}}@media all and (max-width: 1024px){.kadence-column2883_00fca4-0c > .kt-inside-inner-col{flex-direction:column;justify-content:center;}}@media all and (max-width: 767px){.kt-row-column-wrap > .kadence-column2883_00fca4-0c{align-self:center;}.kt-inner-column-height-full:not(.kt-has-1-columns) > .wp-block-kadence-column.kadence-column2883_00fca4-0c{align-self:auto;}.kt-inner-column-height-full:not(.kt-has-1-columns) > .wp-block-kadence-column.kadence-column2883_00fca4-0c > .kt-inside-inner-col{flex-direction:column;justify-content:center;}.kadence-column2883_00fca4-0c > .kt-inside-inner-col{flex-direction:column;justify-content:center;}}<\/style>\n<div class=\"wp-block-kadence-column kadence-column2883_00fca4-0c\"><div class=\"kt-inside-inner-col\"><style>.wp-block-kadence-advancedheading.kt-adv-heading2883_087fda-f3, .wp-block-kadence-advancedheading.kt-adv-heading2883_087fda-f3[data-kb-block=\"kb-adv-heading2883_087fda-f3\"]{font-style:normal;}.wp-block-kadence-advancedheading.kt-adv-heading2883_087fda-f3 mark.kt-highlight, .wp-block-kadence-advancedheading.kt-adv-heading2883_087fda-f3[data-kb-block=\"kb-adv-heading2883_087fda-f3\"] mark.kt-highlight{font-style:normal;color:#f76a0c;-webkit-box-decoration-break:clone;box-decoration-break:clone;padding-top:0px;padding-right:0px;padding-bottom:0px;padding-left:0px;}.wp-block-kadence-advancedheading.kt-adv-heading2883_087fda-f3 img.kb-inline-image, .wp-block-kadence-advancedheading.kt-adv-heading2883_087fda-f3[data-kb-block=\"kb-adv-heading2883_087fda-f3\"] img.kb-inline-image{width:150px;vertical-align:baseline;}@media all and (max-width: 767px){.wp-block-kadence-advancedheading.kt-adv-heading2883_087fda-f3, .wp-block-kadence-advancedheading.kt-adv-heading2883_087fda-f3[data-kb-block=\"kb-adv-heading2883_087fda-f3\"]{font-size:20px;}}<\/style>\n<h2 class=\"kt-adv-heading2883_087fda-f3 wp-block-kadence-advancedheading\" data-kb-block=\"kb-adv-heading2883_087fda-f3\">A ind\u00fastria espacial \u00e9 uma de constante mudan\u00e7a.<\/h2>\n\n\n\n<p>O setor aeroespacial \u00e9 um grande adotante da impress\u00e3o 3D em metal, aproveitando a tecnologia para produzir componentes leves e de alto desempenho. A fabrica\u00e7\u00e3o aditiva de metal permite geometrias complexas e montagens consolidadas, reduzindo o peso e a quantidade de pe\u00e7as em compara\u00e7\u00e3o com a fabrica\u00e7\u00e3o tradicional. Isso \u00e9 fundamental para as aeronaves, pois cada quilograma reduzido se traduz diretamente em economia de combust\u00edvel.<\/p>\n\n\n\n<p>A Meituo \u00e9 um parceiro ideal para empresas aeroespaciais que exploram t\u00e9cnicas aditivas. Nossos avan\u00e7ados sistemas de fus\u00e3o por feixe de el\u00e9trons seletivos s\u00e3o excelentes na impress\u00e3o de metais reativos como tit\u00e2nio e ligas de n\u00edquel usadas normalmente em motores, quadros estruturais e componentes. O processo alcan\u00e7a propriedades mec\u00e2nicas excepcionais que atendem aos padr\u00f5es aeroespaciais. Nossos sistemas tamb\u00e9m oferecem volumes grandes de fabrica\u00e7\u00e3o de pe\u00e7as em escala.<\/p>\n\n\n\n<p>Al\u00e9m disso, a Meituo fornece um extenso portf\u00f3lio de p\u00f3s met\u00e1licos esf\u00e9ricos otimizados para nossas impressoras. Isso inclui tit\u00e2nio, alum\u00ednio, cobalto-cromo, superligas de n\u00edquel e muito mais. Nossos p\u00f3s garantem impress\u00f5es densas e de qualidade para pe\u00e7as de aeronaves que operam sob tens\u00e3o extrema. Com ampla experi\u00eancia em aeroespacial, a Meituo ajuda os clientes a implementar metal AM e valida pe\u00e7as impressas de alto desempenho para voo.<\/p>\n\n\n\n<p>Ao aproveitar nossas principais impressoras que derretem um feixe de el\u00e9trons seletivo e nossos p\u00f3s met\u00e1licos personalizados, os fabricantes do setor aeroespacial podem adotar a fabrica\u00e7\u00e3o aditiva para agilizar a produ\u00e7\u00e3o e criar projetos de aeronaves de \u00faltima gera\u00e7\u00e3o. A Meituo fornece solu\u00e7\u00f5es abrangentes para aperfei\u00e7oar a impress\u00e3o em 3D de metal na avia\u00e7\u00e3o.<\/p>\n<\/div><\/div>\n\n<\/div><\/div>","protected":false},"excerpt":{"rendered":"<p>Aerospace Industry The Aerospace Industry Is One Of Constant Change. The aerospace sector is a major adopter of metal 3D printing, leveraging the technology to produce lightweight, high-performance components. Metal additive manufacturing enables complex geometries and consolidated assemblies, reducing weight and part count versus traditional manufacturing. This is critical for aircraft as every kilogram reduced&#8230;<\/p>","protected":false},"author":1,"featured_media":0,"parent":0,"menu_order":0,"comment_status":"closed","ping_status":"closed","template":"","meta":{"_acf_changed":false,"_kad_blocks_custom_css":"","_kad_blocks_head_custom_js":"","_kad_blocks_body_custom_js":"","_kad_blocks_footer_custom_js":"","_kad_post_transparent":"","_kad_post_title":"","_kad_post_layout":"fullwidth","_kad_post_sidebar_id":"","_kad_post_content_style":"unboxed","_kad_post_vertical_padding":"","_kad_post_feature":"","_kad_post_feature_position":"","_kad_post_header":false,"_kad_post_footer":false,"_kad_post_classname":"","footnotes":""},"class_list":["post-2883","page","type-page","status-publish","hentry"],"acf":[],"taxonomy_info":[],"featured_image_src_large":false,"author_info":{"display_name":"demo","author_link":"https:\/\/3dpmetal.com\/pt\/author\/demo\/"},"comment_info":0,"_links":{"self":[{"href":"https:\/\/3dpmetal.com\/pt\/wp-json\/wp\/v2\/pages\/2883","targetHints":{"allow":["GET"]}}],"collection":[{"href":"https:\/\/3dpmetal.com\/pt\/wp-json\/wp\/v2\/pages"}],"about":[{"href":"https:\/\/3dpmetal.com\/pt\/wp-json\/wp\/v2\/types\/page"}],"author":[{"embeddable":true,"href":"https:\/\/3dpmetal.com\/pt\/wp-json\/wp\/v2\/users\/1"}],"replies":[{"embeddable":true,"href":"https:\/\/3dpmetal.com\/pt\/wp-json\/wp\/v2\/comments?post=2883"}],"version-history":[{"count":4,"href":"https:\/\/3dpmetal.com\/pt\/wp-json\/wp\/v2\/pages\/2883\/revisions"}],"predecessor-version":[{"id":4066,"href":"https:\/\/3dpmetal.com\/pt\/wp-json\/wp\/v2\/pages\/2883\/revisions\/4066"}],"wp:attachment":[{"href":"https:\/\/3dpmetal.com\/pt\/wp-json\/wp\/v2\/media?parent=2883"}],"curies":[{"name":"wp","href":"https:\/\/api.w.org\/{rel}","templated":true}]}}