{"id":2886,"date":"2024-03-07T06:59:41","date_gmt":"2024-03-07T06:59:41","guid":{"rendered":"https:\/\/3dp.45612300.xyz\/?page_id=2886"},"modified":"2024-04-01T06:17:06","modified_gmt":"2024-04-01T06:17:06","slug":"healthcare-sector","status":"publish","type":"page","link":"https:\/\/3dpmetal.com\/pt\/healthcare-sector\/","title":{"rendered":"Setor de Sa\u00fade"},"content":{"rendered":"<style>.kadence-column2886_bdc41f-10 > .kt-inside-inner-col{display:flex;}.kadence-column2886_bdc41f-10 > .kt-inside-inner-col{min-height:300px;}.kadence-column2886_bdc41f-10 > .kt-inside-inner-col,.kadence-column2886_bdc41f-10 > .kt-inside-inner-col:before{border-top-left-radius:0px;border-top-right-radius:0px;border-bottom-right-radius:0px;border-bottom-left-radius:0px;}.kadence-column2886_bdc41f-10 > .kt-inside-inner-col{column-gap:var(--global-kb-gap-sm, 1rem);}.kadence-column2886_bdc41f-10 > .kt-inside-inner-col{flex-direction:column;justify-content:center;align-items:center;}.kadence-column2886_bdc41f-10 > .kt-inside-inner-col > .kb-image-is-ratio-size{align-self:stretch;}.kadence-column2886_bdc41f-10 > .kt-inside-inner-col > .wp-block-kadence-advancedgallery{align-self:stretch;}.kadence-column2886_bdc41f-10 > .kt-inside-inner-col > .aligncenter{width:100%;}.kt-row-column-wrap > .kadence-column2886_bdc41f-10{align-self:center;}.kt-inner-column-height-full:not(.kt-has-1-columns) > .wp-block-kadence-column.kadence-column2886_bdc41f-10{align-self:auto;}.kt-inner-column-height-full:not(.kt-has-1-columns) > .wp-block-kadence-column.kadence-column2886_bdc41f-10 > .kt-inside-inner-col{flex-direction:column;justify-content:center;}.kadence-column2886_bdc41f-10 > .kt-inside-inner-col{background-image:url('https:\/\/3dpmetal.com\/wp-content\/uploads\/2024\/02\/663f499e-1c8a-4d2f-9a72-f23b2ce6a317.png');background-size:cover;background-position:50% 0%;background-attachment:scroll;background-repeat:no-repeat;}.kadence-column2886_bdc41f-10 > .kt-inside-inner-col:before{opacity:0.63;background-color:#000000;}.kadence-column2886_bdc41f-10{position:relative;}@media all and (max-width: 1024px){.kt-row-column-wrap > .kadence-column2886_bdc41f-10{align-self:center;}}@media all and (max-width: 1024px){.kt-inner-column-height-full:not(.kt-has-1-columns) > .wp-block-kadence-column.kadence-column2886_bdc41f-10{align-self:auto;}}@media all and (max-width: 1024px){.kt-inner-column-height-full:not(.kt-has-1-columns) > .wp-block-kadence-column.kadence-column2886_bdc41f-10 > .kt-inside-inner-col{flex-direction:column;justify-content:center;}}@media all and (max-width: 1024px){.kadence-column2886_bdc41f-10 > .kt-inside-inner-col{flex-direction:column;justify-content:center;align-items:center;}}@media all and (max-width: 767px){.kt-row-column-wrap > .kadence-column2886_bdc41f-10{align-self:center;}.kt-inner-column-height-full:not(.kt-has-1-columns) > .wp-block-kadence-column.kadence-column2886_bdc41f-10{align-self:auto;}.kt-inner-column-height-full:not(.kt-has-1-columns) > .wp-block-kadence-column.kadence-column2886_bdc41f-10 > .kt-inside-inner-col{flex-direction:column;justify-content:center;}.kadence-column2886_bdc41f-10 > .kt-inside-inner-col{flex-direction:column;justify-content:center;align-items:center;}}<\/style>\n<div class=\"wp-block-kadence-column kadence-column2886_bdc41f-10 kb-section-has-overlay\"><div class=\"kt-inside-inner-col\"><style>.wp-block-kadence-advancedheading.kt-adv-heading2886_cabb8d-de, .wp-block-kadence-advancedheading.kt-adv-heading2886_cabb8d-de[data-kb-block=\"kb-adv-heading2886_cabb8d-de\"]{font-size:40px;font-style:normal;color:#fff9f9;}.wp-block-kadence-advancedheading.kt-adv-heading2886_cabb8d-de mark.kt-highlight, .wp-block-kadence-advancedheading.kt-adv-heading2886_cabb8d-de[data-kb-block=\"kb-adv-heading2886_cabb8d-de\"] mark.kt-highlight{font-style:normal;color:#f76a0c;-webkit-box-decoration-break:clone;box-decoration-break:clone;padding-top:0px;padding-right:0px;padding-bottom:0px;padding-left:0px;}.wp-block-kadence-advancedheading.kt-adv-heading2886_cabb8d-de img.kb-inline-image, .wp-block-kadence-advancedheading.kt-adv-heading2886_cabb8d-de[data-kb-block=\"kb-adv-heading2886_cabb8d-de\"] img.kb-inline-image{width:150px;vertical-align:baseline;}@media all and (max-width: 767px){.wp-block-kadence-advancedheading.kt-adv-heading2886_cabb8d-de, .wp-block-kadence-advancedheading.kt-adv-heading2886_cabb8d-de[data-kb-block=\"kb-adv-heading2886_cabb8d-de\"]{font-size:var(--global-kb-font-size-lg, 2rem);}}<\/style>\n<h1 class=\"kt-adv-heading2886_cabb8d-de wp-block-kadence-advancedheading\" data-kb-block=\"kb-adv-heading2886_cabb8d-de\">Setor de Sa\u00fade<\/h1>\n<\/div><\/div>\n\n\n<style>.kb-row-layout-id2886_ff0ba9-f1 > .kt-row-column-wrap{align-content:start;}:where(.kb-row-layout-id2886_ff0ba9-f1 > .kt-row-column-wrap) > .wp-block-kadence-column{justify-content:start;}.kb-row-layout-id2886_ff0ba9-f1 > .kt-row-column-wrap{column-gap:var(--global-kb-gap-lg, 4rem);row-gap:var(--global-kb-gap-md, 2rem);max-width:var( --global-content-width, 1600px );padding-left:var(--global-content-edge-padding);padding-right:var(--global-content-edge-padding);padding-top:var(--global-kb-spacing-xxl, 5rem);padding-bottom:var(--global-kb-spacing-sm, 1.5rem);grid-template-columns:minmax(0, calc(40% - ((var(--global-kb-gap-lg, 4rem) * 1 )\/2)))minmax(0, calc(60% - ((var(--global-kb-gap-lg, 4rem) * 1 )\/2)));}.kb-row-layout-id2886_ff0ba9-f1 > .kt-row-layout-overlay{opacity:0.30;}@media all and (max-width: 1024px){.kb-row-layout-id2886_ff0ba9-f1 > .kt-row-column-wrap{grid-template-columns:minmax(0, 1fr) minmax(0, 2fr);}}@media all and (max-width: 767px){.kb-row-layout-id2886_ff0ba9-f1 > .kt-row-column-wrap{row-gap:var(--global-kb-gap-none, 0rem );padding-top:var(--global-kb-spacing-lg, 3rem);grid-template-columns:minmax(0, 1fr);}}<\/style><div class=\"kb-row-layout-wrap kb-row-layout-id2886_ff0ba9-f1 alignnone wp-block-kadence-rowlayout\"><div class=\"kt-row-column-wrap kt-has-2-columns kt-row-layout-right-golden kt-tab-layout-inherit kt-mobile-layout-row kt-row-valign-top kb-theme-content-width\">\n<style>.kadence-column2886_633ab8-b2 > .kt-inside-inner-col{display:flex;}.kadence-column2886_633ab8-b2 > .kt-inside-inner-col,.kadence-column2886_633ab8-b2 > .kt-inside-inner-col:before{border-top-left-radius:0px;border-top-right-radius:0px;border-bottom-right-radius:0px;border-bottom-left-radius:0px;}.kadence-column2886_633ab8-b2 > .kt-inside-inner-col{column-gap:var(--global-kb-gap-sm, 1rem);}.kadence-column2886_633ab8-b2 > .kt-inside-inner-col{flex-direction:column;justify-content:center;}.kadence-column2886_633ab8-b2 > .kt-inside-inner-col > .aligncenter{width:100%;}.kt-row-column-wrap > .kadence-column2886_633ab8-b2{align-self:center;}.kt-inner-column-height-full:not(.kt-has-1-columns) > .wp-block-kadence-column.kadence-column2886_633ab8-b2{align-self:auto;}.kt-inner-column-height-full:not(.kt-has-1-columns) > .wp-block-kadence-column.kadence-column2886_633ab8-b2 > .kt-inside-inner-col{flex-direction:column;justify-content:center;}.kadence-column2886_633ab8-b2 > .kt-inside-inner-col:before{opacity:0.3;}.kadence-column2886_633ab8-b2{position:relative;}@media all and (max-width: 1024px){.kt-row-column-wrap > .kadence-column2886_633ab8-b2{align-self:center;}}@media all and (max-width: 1024px){.kt-inner-column-height-full:not(.kt-has-1-columns) > .wp-block-kadence-column.kadence-column2886_633ab8-b2{align-self:auto;}}@media all and (max-width: 1024px){.kt-inner-column-height-full:not(.kt-has-1-columns) > .wp-block-kadence-column.kadence-column2886_633ab8-b2 > .kt-inside-inner-col{flex-direction:column;justify-content:center;}}@media all and (max-width: 1024px){.kadence-column2886_633ab8-b2 > .kt-inside-inner-col{flex-direction:column;justify-content:center;}}@media all and (max-width: 767px){.kt-row-column-wrap > .kadence-column2886_633ab8-b2{align-self:center;}.kt-inner-column-height-full:not(.kt-has-1-columns) > .wp-block-kadence-column.kadence-column2886_633ab8-b2{align-self:auto;}.kt-inner-column-height-full:not(.kt-has-1-columns) > .wp-block-kadence-column.kadence-column2886_633ab8-b2 > .kt-inside-inner-col{flex-direction:column;justify-content:center;}.kadence-column2886_633ab8-b2 > .kt-inside-inner-col{flex-direction:column;justify-content:center;}}<\/style>\n<div class=\"wp-block-kadence-column kadence-column2886_633ab8-b2\"><div class=\"kt-inside-inner-col\">\n<figure class=\"wp-block-image size-full\"><img loading=\"lazy\" decoding=\"async\" width=\"600\" height=\"600\" src=\"https:\/\/3dpmetal.com\/wp-content\/uploads\/2024\/03\/implants.jpg\" alt=\"\" class=\"wp-image-2874\" title=\"\" srcset=\"https:\/\/3dpmetal.com\/wp-content\/uploads\/2024\/03\/implants.jpg 600w, https:\/\/3dpmetal.com\/wp-content\/uploads\/2024\/03\/implants-300x300.jpg 300w, https:\/\/3dpmetal.com\/wp-content\/uploads\/2024\/03\/implants-150x150.jpg 150w\" sizes=\"auto, (max-width: 600px) 100vw, 600px\" \/><\/figure>\n<\/div><\/div>\n\n\n<style>.kadence-column2886_3f5ce1-e6 > .kt-inside-inner-col{display:flex;}.kadence-column2886_3f5ce1-e6 > .kt-inside-inner-col,.kadence-column2886_3f5ce1-e6 > .kt-inside-inner-col:before{border-top-left-radius:0px;border-top-right-radius:0px;border-bottom-right-radius:0px;border-bottom-left-radius:0px;}.kadence-column2886_3f5ce1-e6 > .kt-inside-inner-col{column-gap:var(--global-kb-gap-sm, 1rem);}.kadence-column2886_3f5ce1-e6 > .kt-inside-inner-col{flex-direction:column;justify-content:center;}.kadence-column2886_3f5ce1-e6 > .kt-inside-inner-col > .aligncenter{width:100%;}.kt-row-column-wrap > .kadence-column2886_3f5ce1-e6{align-self:center;}.kt-inner-column-height-full:not(.kt-has-1-columns) > .wp-block-kadence-column.kadence-column2886_3f5ce1-e6{align-self:auto;}.kt-inner-column-height-full:not(.kt-has-1-columns) > .wp-block-kadence-column.kadence-column2886_3f5ce1-e6 > .kt-inside-inner-col{flex-direction:column;justify-content:center;}.kadence-column2886_3f5ce1-e6 > .kt-inside-inner-col:before{opacity:0.3;}.kadence-column2886_3f5ce1-e6{position:relative;}@media all and (max-width: 1024px){.kt-row-column-wrap > .kadence-column2886_3f5ce1-e6{align-self:center;}}@media all and (max-width: 1024px){.kt-inner-column-height-full:not(.kt-has-1-columns) > .wp-block-kadence-column.kadence-column2886_3f5ce1-e6{align-self:auto;}}@media all and (max-width: 1024px){.kt-inner-column-height-full:not(.kt-has-1-columns) > .wp-block-kadence-column.kadence-column2886_3f5ce1-e6 > .kt-inside-inner-col{flex-direction:column;justify-content:center;}}@media all and (max-width: 1024px){.kadence-column2886_3f5ce1-e6 > .kt-inside-inner-col{flex-direction:column;justify-content:center;}}@media all and (max-width: 767px){.kt-row-column-wrap > .kadence-column2886_3f5ce1-e6{align-self:center;}.kt-inner-column-height-full:not(.kt-has-1-columns) > .wp-block-kadence-column.kadence-column2886_3f5ce1-e6{align-self:auto;}.kt-inner-column-height-full:not(.kt-has-1-columns) > .wp-block-kadence-column.kadence-column2886_3f5ce1-e6 > .kt-inside-inner-col{flex-direction:column;justify-content:center;}.kadence-column2886_3f5ce1-e6 > .kt-inside-inner-col{flex-direction:column;justify-content:center;}}<\/style>\n<div class=\"wp-block-kadence-column kadence-column2886_3f5ce1-e6\"><div class=\"kt-inside-inner-col\"><style>.wp-block-kadence-advancedheading.kt-adv-heading2886_15f5f7-c0, .wp-block-kadence-advancedheading.kt-adv-heading2886_15f5f7-c0[data-kb-block=\"kb-adv-heading2886_15f5f7-c0\"]{font-style:normal;}.wp-block-kadence-advancedheading.kt-adv-heading2886_15f5f7-c0 mark.kt-highlight, .wp-block-kadence-advancedheading.kt-adv-heading2886_15f5f7-c0[data-kb-block=\"kb-adv-heading2886_15f5f7-c0\"] mark.kt-highlight{font-style:normal;color:#f76a0c;-webkit-box-decoration-break:clone;box-decoration-break:clone;padding-top:0px;padding-right:0px;padding-bottom:0px;padding-left:0px;}.wp-block-kadence-advancedheading.kt-adv-heading2886_15f5f7-c0 img.kb-inline-image, .wp-block-kadence-advancedheading.kt-adv-heading2886_15f5f7-c0[data-kb-block=\"kb-adv-heading2886_15f5f7-c0\"] img.kb-inline-image{width:150px;vertical-align:baseline;}@media all and (max-width: 767px){.wp-block-kadence-advancedheading.kt-adv-heading2886_15f5f7-c0, .wp-block-kadence-advancedheading.kt-adv-heading2886_15f5f7-c0[data-kb-block=\"kb-adv-heading2886_15f5f7-c0\"]{font-size:20px;}}<\/style>\n<h2 class=\"kt-adv-heading2886_15f5f7-c0 wp-block-kadence-advancedheading\" data-kb-block=\"kb-adv-heading2886_15f5f7-c0\">O Setor da Sa\u00fade \u00c9 Um de Mudan\u00e7a Constante.<\/h2>\n\n\n\n<p>A fabrica\u00e7\u00e3o aditiva est\u00e1 transformando a produ\u00e7\u00e3o de dispositivo m\u00e9dico, permitindo implantes e instrumentos personalizados. A impress\u00e3o 3D em metal facilita geometrias complexas, imposs\u00edveis de serem feitas com t\u00e9cnicas convencionais. Isso permite um melhor desempenho e ajuste anat\u00f4mico de implantes. Ela tamb\u00e9m possibilita a consolida\u00e7\u00e3o de componentes em pe\u00e7as impressas \u00fanicas.<\/p>\n\n\n\n<p>A Meituo \u00e9 uma parceira ideal para empresas m\u00e9dicas que adotam as solu\u00e7\u00f5es de metal de AM. Nossos sistemas avan\u00e7ados de derretimento por feixe de el\u00e9trons seletivos se destacam ao imprimir as ligas de tit\u00e2nio e cromo de cobalto comumente usadas para implantes ortop\u00e9dicos e dent\u00e1rios. Nosso processo alcan\u00e7a propriedades mec\u00e2nicas e biocompatibilidade excepcionais necess\u00e1rias para aplica\u00e7\u00f5es de grau cir\u00fargico. Nossas impressoras tamb\u00e9m fornecem a precis\u00e3o e o acabamento de superf\u00edcie necess\u00e1rios para pe\u00e7as m\u00e9dicas pequenas e complexas.<\/p>\n\n\n\n<p>Al\u00e9m disso, a Meituo oferece uma ampla gama de p\u00f3s met\u00e1licos biocompat\u00edveis otimizados para nossos sistemas. Isso inclui tit\u00e2nio, cromo cobalto, a\u00e7o inoxid\u00e1vel e muito mais. Nossos p\u00f3s de alta qualidade garantem impress\u00e3o confi\u00e1vel e repet\u00edvel de componentes densos e fortes. Com expertise em ambientes regulamentados, a Meituo ajuda os clientes a validar pe\u00e7as m\u00e9dicas impressas que atendem a padr\u00f5es rigorosos.<\/p>\n\n\n\n<p>Ao aproveitar nossos recursos l\u00edderes de fabrica\u00e7\u00e3o de aditivos de metal, os fabricantes de dispositivos m\u00e9dicos podem adotar impress\u00e3o 3D para melhorar os resultados dos pacientes. A Meituo faz parcerias com organiza\u00e7\u00f5es de sa\u00fade para implementar AM de metal e liberar seus benef\u00edcios para a medicina personalizada.<\/p>\n<\/div><\/div>\n\n<\/div><\/div>","protected":false},"excerpt":{"rendered":"<p>Healthcare Sector The Healthcare Sector Is One Of Constant Change. Additive manufacturing is transforming medical device production, enabling personalized implants and instruments. Metal 3D printing facilitates complex geometries not possible with conventional techniques. This allows more anatomical fit and performance for implants. It also permits consolidation of components into single printed parts. Meituo is an&#8230;<\/p>","protected":false},"author":1,"featured_media":0,"parent":0,"menu_order":0,"comment_status":"closed","ping_status":"closed","template":"","meta":{"_acf_changed":false,"_kad_blocks_custom_css":"","_kad_blocks_head_custom_js":"","_kad_blocks_body_custom_js":"","_kad_blocks_footer_custom_js":"","_kad_post_transparent":"","_kad_post_title":"","_kad_post_layout":"fullwidth","_kad_post_sidebar_id":"","_kad_post_content_style":"unboxed","_kad_post_vertical_padding":"","_kad_post_feature":"","_kad_post_feature_position":"","_kad_post_header":false,"_kad_post_footer":false,"_kad_post_classname":"","footnotes":""},"class_list":["post-2886","page","type-page","status-publish","hentry"],"acf":[],"taxonomy_info":[],"featured_image_src_large":false,"author_info":{"display_name":"demo","author_link":"https:\/\/3dpmetal.com\/pt\/author\/demo\/"},"comment_info":0,"_links":{"self":[{"href":"https:\/\/3dpmetal.com\/pt\/wp-json\/wp\/v2\/pages\/2886","targetHints":{"allow":["GET"]}}],"collection":[{"href":"https:\/\/3dpmetal.com\/pt\/wp-json\/wp\/v2\/pages"}],"about":[{"href":"https:\/\/3dpmetal.com\/pt\/wp-json\/wp\/v2\/types\/page"}],"author":[{"embeddable":true,"href":"https:\/\/3dpmetal.com\/pt\/wp-json\/wp\/v2\/users\/1"}],"replies":[{"embeddable":true,"href":"https:\/\/3dpmetal.com\/pt\/wp-json\/wp\/v2\/comments?post=2886"}],"version-history":[{"count":3,"href":"https:\/\/3dpmetal.com\/pt\/wp-json\/wp\/v2\/pages\/2886\/revisions"}],"predecessor-version":[{"id":4069,"href":"https:\/\/3dpmetal.com\/pt\/wp-json\/wp\/v2\/pages\/2886\/revisions\/4069"}],"wp:attachment":[{"href":"https:\/\/3dpmetal.com\/pt\/wp-json\/wp\/v2\/media?parent=2886"}],"curies":[{"name":"wp","href":"https:\/\/api.w.org\/{rel}","templated":true}]}}