{"id":3867,"date":"2024-03-18T06:10:08","date_gmt":"2024-03-18T06:10:08","guid":{"rendered":"https:\/\/3dp.45612300.xyz\/product\/niobium-powder\/"},"modified":"2024-03-18T06:10:08","modified_gmt":"2024-03-18T06:10:08","slug":"niobium-powder","status":"publish","type":"product","link":"https:\/\/3dpmetal.com\/pt\/product\/niobium-powder\/","title":{"rendered":"Ni\u00f3bio em p\u00f3"},"content":{"rendered":"<p><span style=\"vertical-align: inherit;\"><span style=\"vertical-align: inherit;\"><\/p>\n<h2>Vis\u00e3o geral do p\u00f3 de ni\u00f3bio<\/h2>\n<p class=\"whitespace-pre-wrap\">O ni\u00f3bio \u00e9 um metal de transi\u00e7\u00e3o refrat\u00e1rio, branco e brilhante, com uma excelente resist\u00eancia ao calor e um ponto de fus\u00e3o muito elevado. Na forma de p\u00f3, apresenta uma excelente estabilidade t\u00e9rmica, el\u00e9ctrica e qu\u00edmica.<\/p>\n<p class=\"whitespace-pre-wrap\">As principais propriedades do p\u00f3 de ni\u00f3bio incluem:<\/p>\n<ul class=\"list-disc pl-8 space-y-2\">\n<li class=\"whitespace-normal\">Elevada resist\u00eancia ao calor e natureza refract\u00e1ria<\/li>\n<li class=\"whitespace-normal\">Excelente resist\u00eancia \u00e0 corros\u00e3o<\/li>\n<li class=\"whitespace-normal\">Supercondutor abaixo de 9,2K (-264\u00a1\"C)<\/li>\n<li class=\"whitespace-normal\">Estabilidade t\u00e9rmica e el\u00e9ctrica<\/li>\n<li class=\"whitespace-normal\">Baixa absor\u00e7\u00e3o de neutr\u00f5es<\/li>\n<li class=\"whitespace-normal\">P\u00f3 de alta densidade com boa pureza qu\u00edmica<\/li>\n<li class=\"whitespace-normal\">Dispon\u00edvel em v\u00e1rias gamas de tamanho de part\u00edculas<\/li>\n<\/ul>\n<p class=\"whitespace-pre-wrap\">O p\u00f3 de ni\u00f3bio \u00e9 utilizado onde as suas propriedades refract\u00e1rias, condutoras e supercondutoras podem ser utilizadas. As principais aplica\u00e7\u00f5es incluem eletr\u00f3nica, supercondutores, ligas, componentes resistentes a qu\u00edmicos\/calor, revestimentos \u00f3pticos e pirotecnia.<\/p>\n<h2>Composi\u00e7\u00e3o do p\u00f3 de ni\u00f3bio<\/h2>\n<p class=\"whitespace-pre-wrap\">O p\u00f3 de ni\u00f3bio tem a seguinte composi\u00e7\u00e3o t\u00edpica<\/p>\n<table>\n<thead>\n<tr>\n<th>Elemento<\/th>\n<th>Pureza<\/th>\n<\/tr>\n<\/thead>\n<tbody>\n<tr>\n<td>Ni\u00f3bio (Nb)<\/td>\n<td>M\u00ednimo de 99%<\/td>\n<\/tr>\n<tr>\n<td>T\u00e2ntalo (Ta)<\/td>\n<td>M\u00e1x. 0,5 %<\/td>\n<\/tr>\n<tr>\n<td>H\u00e1fnio (Hf)<\/td>\n<td>m\u00e1ximo de 0,01%<\/td>\n<\/tr>\n<tr>\n<td>Nitrog\u00eanio (N)<\/td>\n<td>0,03% m\u00e1x.<\/td>\n<\/tr>\n<tr>\n<td>Carbono (C)<\/td>\n<td>M\u00e1x. de 0,05%<\/td>\n<\/tr>\n<tr>\n<td>Oxig\u00eanio (O)<\/td>\n<td>0.1-0.2%<\/td>\n<\/tr>\n<tr>\n<td>Hidrog\u00e9nio (H)<\/td>\n<td>0,0015% max<\/td>\n<\/tr>\n<\/tbody>\n<\/table>\n<p class=\"whitespace-pre-wrap\">O p\u00f3 de ni\u00f3bio de elevada pureza cont\u00e9m mais de 99% de ni\u00f3bio met\u00e1lico com baixos n\u00edveis de impurezas. As qualidades comerciais t\u00eam impurezas admiss\u00edveis mais elevadas.<\/p>\n<h2>Propriedades do ni\u00f3bio em p\u00f3<\/h2>\n<p class=\"whitespace-pre-wrap\">O p\u00f3 de ni\u00f3bio apresenta as seguintes propriedades<\/p>\n<table>\n<thead>\n<tr>\n<th>Propriedade<\/th>\n<th>Valor<\/th>\n<\/tr>\n<\/thead>\n<tbody>\n<tr>\n<td>Densidade<\/td>\n<td>8,57 g\/cm3<\/td>\n<\/tr>\n<tr>\n<td>Ponto de Fus\u00e3o<\/td>\n<td>2477\u00a1\"C<\/td>\n<\/tr>\n<tr>\n<td>Condutividade t\u00e9rmica<\/td>\n<td>53 W\/m?K<\/td>\n<\/tr>\n<tr>\n<td>Resistividade el\u00e9trica<\/td>\n<td>15 \u00d7'\u00ce?cm<\/td>\n<\/tr>\n<tr>\n<td>M\u00f3dulo de Young<\/td>\n<td>105 GPa<\/td>\n<\/tr>\n<tr>\n<td>Coeficiente de Poisson<\/td>\n<td>0.40<\/td>\n<\/tr>\n<tr>\n<td>Resist\u00eancia \u00e0 tra\u00e7\u00e3o<\/td>\n<td>550 MPa<\/td>\n<\/tr>\n<tr>\n<td>Resist\u00eancia \u00e0 Compress\u00e3o<\/td>\n<td>200 MPa<\/td>\n<\/tr>\n<tr>\n<td>Dureza Vickers<\/td>\n<td>600 HV<\/td>\n<\/tr>\n<\/tbody>\n<\/table>\n<p class=\"whitespace-pre-wrap\">O ni\u00f3bio tem um ponto de fus\u00e3o extremamente elevado e uma condutividade muito boa. Oferece uma elevada resist\u00eancia a baixas e altas temperaturas. A temperatura de transi\u00e7\u00e3o supercondutora \u00e9 de 9,2K.<\/p>\n<p><img loading=\"lazy\" decoding=\"async\" class=\"size-medium wp-image-1409 aligncenter\" src=\"https:\/\/met3dp.com\/wp-content\/uploads\/2023\/09\/ed7a94ec-3c10-4b1b-87ed--300x300.jpg\" alt=\"Ni\u00f3bio em p\u00f3\" width=\"300\" height=\"300\" title=\"\"><\/p>\n<h2>M\u00e9todos de produ\u00e7\u00e3o de p\u00f3 de ni\u00f3bio<\/h2>\n<p class=\"whitespace-pre-wrap\">O p\u00f3 de ni\u00f3bio pode ser produzido por m\u00e9todos como:<\/p>\n<ul class=\"list-disc pl-8 space-y-2\">\n<li class=\"whitespace-normal\"><strong>Hidrida\u00e7\u00e3o-Desidrida\u00e7\u00e3o<\/strong>?- Lingotes de ni\u00f3bio triturados em p\u00f3 grosso e hidratados. O hidreto de ni\u00f3bio \u00e9 desidratado sob v\u00e1cuo e mo\u00eddo em p\u00f3 fino.<\/li>\n<li class=\"whitespace-normal\"><strong>Redu\u00e7\u00e3o Calciot\u00e9rmica<\/strong>?- Redu\u00e7\u00e3o do \u00f3xido de ni\u00f3bio com c\u00e1lcio, seguida de consolida\u00e7\u00e3o e tritura\u00e7\u00e3o at\u00e9 \u00e0 obten\u00e7\u00e3o de p\u00f3.<\/li>\n<li class=\"whitespace-normal\"><strong>Eletr\u00f3lises<\/strong>?- Eletr\u00f3lise de sal fundido do \u00f3xido de ni\u00f3bio para produzir uma esponja de ni\u00f3bio que \u00e9 triturada em p\u00f3.<\/li>\n<li class=\"whitespace-normal\"><strong>Redu\u00e7\u00e3o das emiss\u00f5es de carbono<\/strong>?- O \u00f3xido de ni\u00f3bio \u00e9 reduzido com carbono e transformado em p\u00f3.<\/li>\n<\/ul>\n<p class=\"whitespace-pre-wrap\">O processo de hidreta\u00e7\u00e3o \u00e9 o mais comum, mas o carbono e a redu\u00e7\u00e3o electrot\u00e9rmica oferecem um p\u00f3 de maior pureza.<\/p>\n<h2>Aplica\u00e7\u00f5es do p\u00f3 de ni\u00f3bio<\/h2>\n<p class=\"whitespace-pre-wrap\">O p\u00f3 de ni\u00f3bio \u00e9 utilizado nas seguintes aplica\u00e7\u00f5es principais:<\/p>\n<ul class=\"list-disc pl-8 space-y-2\">\n<li class=\"whitespace-normal\"><strong>Eletr\u00f4nica<\/strong>?- Condensadores, cavidades supercondutoras de radiofrequ\u00eancia, jun\u00e7\u00f5es Josephson, circuitos integrados.<\/li>\n<li class=\"whitespace-normal\"><strong>Ligas met\u00e1licas<\/strong>?- Adicionado aos a\u00e7os e \u00e0s ligas \u00e0 base de n\u00edquel para obter for\u00e7a e resist\u00eancia ao calor.<\/li>\n<li class=\"whitespace-normal\"><strong>Revestimentos e tintas<\/strong>?- Utilizado em revestimentos condutores, tintas resistentes a fa\u00edscas, revestimentos \u00f3pticos.<\/li>\n<li class=\"whitespace-normal\"><strong>Soldadura<\/strong>?- Como material de enchimento para a\u00e7o inoxid\u00e1vel, ligas de n\u00edquel e metais refract\u00e1rios.<\/li>\n<li class=\"whitespace-normal\"><strong>Ind\u00fastria Qu\u00edmica<\/strong>?- Componentes como permutadores de calor, vasos de reactores que utilizam a estabilidade do ni\u00f3bio.<\/li>\n<li class=\"whitespace-normal\"><strong>Pirotecnia<\/strong>?- Como combust\u00edvel e oxidante em formula\u00e7\u00f5es pirot\u00e9cnicas.<\/li>\n<\/ul>\n<h2>Especifica\u00e7\u00f5es do p\u00f3 de ni\u00f3bio<\/h2>\n<p class=\"whitespace-pre-wrap\">O p\u00f3 de ni\u00f3bio est\u00e1 dispon\u00edvel em v\u00e1rias especifica\u00e7\u00f5es:<\/p>\n<ul class=\"list-disc pl-8 space-y-2\">\n<li class=\"whitespace-normal\"><strong>Graus de pureza<\/strong>?- De pureza comercial a pureza ultra-alta (99,99%) com base nas impurezas.<\/li>\n<li class=\"whitespace-normal\"><strong>Tamanhos de part\u00edculas<\/strong>?- De 1 m\u00edcron a 150 m\u00edcrones para v\u00e1rias aplica\u00e7\u00f5es.<\/li>\n<li class=\"whitespace-normal\"><strong>Morfologia<\/strong>?- Formas de p\u00f3 irregulares, esf\u00e9ricas, nodulares e em flocos.<\/li>\n<li class=\"whitespace-normal\"><strong>\u00c1rea da Superf\u00edcie<\/strong>?- Desde a \u00e1rea de superf\u00edcie baixa at\u00e9 aos graus de p\u00f3 de \u00e1rea de superf\u00edcie elevada.<\/li>\n<li class=\"whitespace-normal\"><strong>Teor de Oxig\u00eanio<\/strong>?- Tamb\u00e9m est\u00e3o dispon\u00edveis graus de p\u00f3 fino com baixo teor de oxig\u00e9nio.<\/li>\n<li class=\"whitespace-normal\"><strong>Notas personalizadas<\/strong>?- Caracter\u00edsticas e pureza das part\u00edculas espec\u00edficas do cliente.<\/li>\n<\/ul>\n<h2>Fornecedores globais de ni\u00f3bio em p\u00f3<\/h2>\n<p class=\"whitespace-pre-wrap\">Alguns dos principais fornecedores mundiais de p\u00f3 de ni\u00f3bio incluem:<\/p>\n<ul class=\"list-disc pl-8 space-y-2\">\n<li class=\"whitespace-normal\">H.C. Starck (Alemanha)<\/li>\n<li class=\"whitespace-normal\">CBMM (Brasil)<\/li>\n<li class=\"whitespace-normal\">Niobec (Canad\u00e1)<\/li>\n<li class=\"whitespace-normal\">ESPI Metals (EUA)<\/li>\n<li class=\"whitespace-normal\">Continental Steel &amp; Tube (EUA)<\/li>\n<li class=\"whitespace-normal\">ZhuZhou Oriental Powder Metallurgy (China)<\/li>\n<\/ul>\n<p class=\"whitespace-pre-wrap\">Estas empresas produzem v\u00e1rios graus de p\u00f3 de ni\u00f3bio utilizando diferentes m\u00e9todos de produ\u00e7\u00e3o com n\u00edveis de pureza comerciais a elevados.<\/p>\n<h2>Pre\u00e7os do p\u00f3 de ni\u00f3bio<\/h2>\n<p class=\"whitespace-pre-wrap\">Os pre\u00e7os do p\u00f3 de ni\u00f3bio dependem de factores como:<\/p>\n<ul class=\"list-disc pl-8 space-y-2\">\n<li class=\"whitespace-normal\"><strong>Grau de pureza<\/strong>?- De $50\/kg para pureza comercial a mais de $500\/kg para graus de pureza ultra-elevados.<\/li>\n<li class=\"whitespace-normal\"><strong>Tamanho da part\u00edcula<\/strong>?- Os p\u00f3s nanom\u00e9tricos e sub-micr\u00f3nicos t\u00eam pre\u00e7os mais elevados.<\/li>\n<li class=\"whitespace-normal\"><strong>Morfologia<\/strong>?- Os p\u00f3s esf\u00e9ricos e lisos t\u00eam um pre\u00e7o mais elevado.<\/li>\n<li class=\"whitespace-normal\"><strong>Quantidade<\/strong>?- Os pre\u00e7os s\u00e3o reduzidos para quantidades a granel devido \u00e0 economia de escala.<\/li>\n<li class=\"whitespace-normal\"><strong>Fabricante<\/strong>?- Os principais fornecedores mundiais oferecem pre\u00e7os mais competitivos.<\/li>\n<li class=\"whitespace-normal\"><strong>Geografia<\/strong>?- Os pre\u00e7os variam consoante a regi\u00e3o do mundo.<\/li>\n<\/ul>\n<h2>Armazenamento e manuseamento do p\u00f3 de ni\u00f3bio<\/h2>\n<p class=\"whitespace-pre-wrap\">O p\u00f3 de ni\u00f3bio requer armazenamento e manuseamento controlados:<\/p>\n<ul class=\"list-disc pl-8 space-y-2\">\n<li class=\"whitespace-normal\">Evitar a exposi\u00e7\u00e3o ao ar e \u00e0 humidade para minimizar a oxida\u00e7\u00e3o<\/li>\n<li class=\"whitespace-normal\">Evitar os riscos de igni\u00e7\u00e3o e de explos\u00e3o provocados pelo p\u00f3 fino<\/li>\n<li class=\"whitespace-normal\">Utilizar ventila\u00e7\u00e3o e prote\u00e7\u00e3o respirat\u00f3ria adequadas durante o manuseamento<\/li>\n<li class=\"whitespace-normal\">Seguir as precau\u00e7\u00f5es da ficha de dados de seguran\u00e7a do fornecedor<\/li>\n<li class=\"whitespace-normal\">Armazenar os recipientes selados num local fresco e seco, afastado de subst\u00e2ncias incompat\u00edveis<\/li>\n<\/ul>\n<p class=\"whitespace-pre-wrap\">Devem ser utilizadas caixas de luvas de g\u00e1s inerte, liga\u00e7\u00e3o \u00e0 terra adequada e EPI ao manusear p\u00f3 de ni\u00f3bio.<\/p>\n<h2>Inspe\u00e7\u00e3o e ensaio do p\u00f3 de ni\u00f3bio<\/h2>\n<p class=\"whitespace-pre-wrap\">As seguintes inspec\u00e7\u00f5es e ensaios s\u00e3o normalmente realizados no p\u00f3 de ni\u00f3bio:<\/p>\n<ul class=\"list-disc pl-8 space-y-2\">\n<li class=\"whitespace-normal\"><strong>An\u00e1lise qu\u00edmica<\/strong>?- T\u00e9cnicas de plasma indutivamente acoplado ou de fluoresc\u00eancia de raios X utilizadas para o controlo da composi\u00e7\u00e3o e da pureza.<\/li>\n<li class=\"whitespace-normal\"><strong>Ensaio de tamanho de part\u00edculas<\/strong>?- Realizado de acordo com a norma ASTM B822 utilizando a t\u00e9cnica de difra\u00e7\u00e3o laser.<\/li>\n<li class=\"whitespace-normal\"><strong>Morfologia<\/strong>?- Microscopia eletr\u00f3nica de varrimento utilizada para determinar a forma e a \u00e1rea de superf\u00edcie.<\/li>\n<li class=\"whitespace-normal\"><strong>\u00c1rea de superf\u00edcie espec\u00edfica<\/strong>?- M\u00e9todo de absor\u00e7\u00e3o de g\u00e1s BET utilizado para medir a \u00e1rea de superf\u00edcie por unidade de massa.<\/li>\n<li class=\"whitespace-normal\"><strong>Teste de impurezas<\/strong>?- ICP-MS utilizado para quantificar os n\u00edveis de t\u00e2ntalo, oxig\u00e9nio, azoto e outras impurezas.<\/li>\n<li class=\"whitespace-normal\"><strong>Fluxo de p\u00f3<\/strong>?- Testado com o medidor de caudal Hall, de acordo com a norma ASTM B213.<\/li>\n<\/ul>\n<h2>Compara\u00e7\u00e3o do p\u00f3 de ni\u00f3bio e t\u00e2ntalo<\/h2>\n<p class=\"whitespace-pre-wrap\">Os p\u00f3s de ni\u00f3bio e de t\u00e2ntalo s\u00e3o dois p\u00f3s met\u00e1licos refract\u00e1rios semelhantes:<\/p>\n<table>\n<thead>\n<tr>\n<th>Par\u00e2metros<\/th>\n<th>Ni\u00f3bio em p\u00f3<\/th>\n<th>T\u00e2ntalo em p\u00f3<\/th>\n<\/tr>\n<\/thead>\n<tbody>\n<tr>\n<td>Densidade<\/td>\n<td>8,57 g\/cm3<\/td>\n<td>16,6 g\/cm3<\/td>\n<\/tr>\n<tr>\n<td>Ponto de Fus\u00e3o<\/td>\n<td>2477\u00a1\"C<\/td>\n<td>2996\u00a1\"C<\/td>\n<\/tr>\n<tr>\n<td>Resistividade el\u00e9trica<\/td>\n<td>15 \u00c3\u00d7'\u00ce.cm<\/td>\n<td>13 \u00c3\u00d7'\u00ce.cm<\/td>\n<\/tr>\n<tr>\n<td>Resist\u00eancia \u00e0 tra\u00e7\u00e3o<\/td>\n<td>550 MPa<\/td>\n<td>400 MPa<\/td>\n<\/tr>\n<tr>\n<td>Resist\u00eancia \u00e0 oxida\u00e7\u00e3o<\/td>\n<td>Moderada<\/td>\n<td>Melhor<\/td>\n<\/tr>\n<tr>\n<td>Custo<\/td>\n<td>Baixo<\/td>\n<td>Maior<\/td>\n<\/tr>\n<tr>\n<td>APLICA\u00c7\u00d5ES<\/td>\n<td>Ligas, condensadores<\/td>\n<td>Medicina, eletr\u00f3nica<\/td>\n<\/tr>\n<\/tbody>\n<\/table>\n<p class=\"whitespace-pre-wrap\">O t\u00e2ntalo tem maior densidade, ponto de fus\u00e3o e melhor resist\u00eancia \u00e0 oxida\u00e7\u00e3o, mas \u00e9 mais caro do que o ni\u00f3bio.<\/p>\n<h2>FAQs sobre o ni\u00f3bio em p\u00f3<\/h2>\n<p class=\"whitespace-pre-wrap\"><strong>P: Como \u00e9 produzido o p\u00f3 de ni\u00f3bio?<\/strong><\/p>\n<p class=\"whitespace-pre-wrap\">R: Os principais m\u00e9todos de produ\u00e7\u00e3o de p\u00f3 de ni\u00f3bio s\u00e3o a hidreta\u00e7\u00e3o-desidreta\u00e7\u00e3o, a redu\u00e7\u00e3o calciot\u00e9rmica, a eletr\u00f3lise e a redu\u00e7\u00e3o de carbono de fontes de \u00f3xido de ni\u00f3bio.<\/p>\n<p class=\"whitespace-pre-wrap\"><strong>P: Para que \u00e9 utilizado o p\u00f3 de ni\u00f3bio?<\/strong><\/p>\n<p class=\"whitespace-pre-wrap\">R: As principais aplica\u00e7\u00f5es do p\u00f3 de ni\u00f3bio incluem a eletr\u00f3nica, as ligas met\u00e1licas, os revestimentos, a ind\u00fastria qu\u00edmica, a soldadura, a pirotecnia e os supercondutores.<\/p>\n<p class=\"whitespace-pre-wrap\"><strong>P: Qual \u00e9 o tamanho t\u00edpico do p\u00f3 de ni\u00f3bio para revestimentos por pulveriza\u00e7\u00e3o t\u00e9rmica?<\/strong><\/p>\n<p class=\"whitespace-pre-wrap\">R: Para processos de pulveriza\u00e7\u00e3o t\u00e9rmica, o p\u00f3 de ni\u00f3bio \u00e9 normalmente utilizado em intervalos de tamanho de part\u00edculas de 45-150 microns. Um p\u00f3 mais fino pode levar a problemas de oxida\u00e7\u00e3o.<\/p>\n<p class=\"whitespace-pre-wrap\"><strong>P: O p\u00f3 de ni\u00f3bio \u00e9 inflam\u00e1vel ou explosivo?<\/strong><\/p>\n<p class=\"whitespace-pre-wrap\">R: Sim, tal como outros metais finamente divididos, o p\u00f3 de ni\u00f3bio pode ser potencialmente inflam\u00e1vel ou explosivo. S\u00e3o necess\u00e1rias precau\u00e7\u00f5es adequadas para um manuseamento e armazenamento seguros.<\/p>\n<p class=\"whitespace-pre-wrap\"><strong>P: Onde posso comprar p\u00f3 de ni\u00f3bio de elevada pureza para aplica\u00e7\u00f5es de supercondutores?<\/strong><\/p>\n<p class=\"whitespace-pre-wrap\">R: O p\u00f3 de ni\u00f3bio de pureza ultra elevada (99,99%) adequado para aplica\u00e7\u00f5es de supercondutores pode ser adquirido junto dos principais fornecedores, incluindo a HC Starck, a CBMM e a ESPI Metals.<\/p>\n<p><\/span><\/span><\/p>","protected":false},"excerpt":{"rendered":"<p>Vis\u00e3o geral do p\u00f3 de ni\u00f3bio O ni\u00f3bio \u00e9 um metal de transi\u00e7\u00e3o refrat\u00e1rio branco e brilhante, com excelente resist\u00eancia ao calor e ponto de fus\u00e3o muito alto. Na forma de p\u00f3, apresenta uma excelente estabilidade t\u00e9rmica, el\u00e9ctrica e qu\u00edmica. As principais propriedades do p\u00f3 de ni\u00f3bio incluem: Alta resist\u00eancia ao calor e natureza refract\u00e1ria Excelente resist\u00eancia \u00e0 corros\u00e3o Supercondutor abaixo de 9,2K (-264\u00a1\"C) Estabilidade t\u00e9rmica e el\u00e9ctrica...<\/p>","protected":false},"featured_media":1742,"parent":0,"template":"","meta":{"_acf_changed":false,"_kad_blocks_custom_css":"","_kad_blocks_head_custom_js":"","_kad_blocks_body_custom_js":"","_kad_blocks_footer_custom_js":"","_kad_post_transparent":"","_kad_post_title":"","_kad_post_layout":"","_kad_post_sidebar_id":"","_kad_post_content_style":"","_kad_post_vertical_padding":"","_kad_post_feature":"","_kad_post_feature_position":"","_kad_post_header":false,"_kad_post_footer":false,"_kad_post_classname":""},"product-category":[119,125],"class_list":["post-3867","product","type-product","status-publish","has-post-thumbnail","hentry","product-category-3d-printing-metal-powder","product-category-refractory-metal-powder"],"acf":[],"taxonomy_info":{"product-category":[{"value":119,"label":"3D Printing Metal Powder"},{"value":125,"label":"Refractory Metal Powder"}]},"featured_image_src_large":["https:\/\/3dpmetal.com\/wp-content\/uploads\/2024\/02\/Niobium-Powder.jpg",600,600,false],"author_info":[],"comment_info":"","_links":{"self":[{"href":"https:\/\/3dpmetal.com\/pt\/wp-json\/wp\/v2\/product\/3867","targetHints":{"allow":["GET"]}}],"collection":[{"href":"https:\/\/3dpmetal.com\/pt\/wp-json\/wp\/v2\/product"}],"about":[{"href":"https:\/\/3dpmetal.com\/pt\/wp-json\/wp\/v2\/types\/product"}],"wp:featuredmedia":[{"embeddable":true,"href":"https:\/\/3dpmetal.com\/pt\/wp-json\/wp\/v2\/media\/1742"}],"wp:attachment":[{"href":"https:\/\/3dpmetal.com\/pt\/wp-json\/wp\/v2\/media?parent=3867"}],"wp:term":[{"taxonomy":"product-category","embeddable":true,"href":"https:\/\/3dpmetal.com\/pt\/wp-json\/wp\/v2\/product-category?post=3867"}],"curies":[{"name":"wp","href":"https:\/\/api.w.org\/{rel}","templated":true}]}}