{"id":3884,"date":"2024-03-18T06:10:10","date_gmt":"2024-03-18T06:10:10","guid":{"rendered":"https:\/\/3dp.45612300.xyz\/product\/titanium-and-aluminum-ta7-powder\/"},"modified":"2024-03-18T06:10:10","modified_gmt":"2024-03-18T06:10:10","slug":"titanium-and-aluminum-ta7-powder","status":"publish","type":"product","link":"https:\/\/3dpmetal.com\/pt\/product\/titanium-and-aluminum-ta7-powder\/","title":{"rendered":"P\u00f3 de tit\u00e2nio e alum\u00ednio TA7"},"content":{"rendered":"<p><span style=\"vertical-align: inherit;\"><span style=\"vertical-align: inherit;\"><\/p>\n<h2>Vis\u00e3o geral do p\u00f3 de tit\u00e2nio e alum\u00ednio TA7<\/h2>\n<p class=\"whitespace-pre-wrap\">O TA7 pertence ao sistema de ligas intermet\u00e1licas de tit\u00e2nio-alumineto, combinando as propriedades de leveza do alum\u00ednio com a for\u00e7a e a resist\u00eancia \u00e0 corros\u00e3o do tit\u00e2nio. A rela\u00e7\u00e3o quase equat\u00f3mica de Ti e Al proporciona um excelente equil\u00edbrio de propriedades para aplica\u00e7\u00f5es a temperaturas elevadas.<\/p>\n<p class=\"whitespace-pre-wrap\">As principais carater\u00edsticas do p\u00f3 TA7 incluem:<\/p>\n<ul class=\"list-disc pl-8 space-y-2\">\n<li class=\"whitespace-normal\">Resist\u00eancia espec\u00edfica muito elevada (rela\u00e7\u00e3o resist\u00eancia\/peso)<\/li>\n<li class=\"whitespace-normal\">Excelente resist\u00eancia \u00e0 tra\u00e7\u00e3o e \u00e0 flu\u00eancia a altas temperaturas<\/li>\n<li class=\"whitespace-normal\">Baixa densidade em compara\u00e7\u00e3o com as ligas de n\u00edquel ou de a\u00e7o<\/li>\n<li class=\"whitespace-normal\">Boa resist\u00eancia \u00e0 corros\u00e3o em v\u00e1rios ambientes<\/li>\n<li class=\"whitespace-normal\">Dispon\u00edvel numa gama de tamanhos e morfologias de part\u00edculas<\/li>\n<\/ul>\n<p class=\"whitespace-pre-wrap\">O p\u00f3 de TA7 surgiu como uma excelente op\u00e7\u00e3o para reduzir o peso e melhorar a efici\u00eancia dos motores aeroespaciais e das c\u00e9lulas que funcionam a altas temperaturas.<\/p>\n<h2>Composi\u00e7\u00e3o qu\u00edmica do p\u00f3 de TA7<\/h2>\n<p class=\"whitespace-pre-wrap\">O p\u00f3 TA7 tem a seguinte composi\u00e7\u00e3o nominal:<\/p>\n<table>\n<thead>\n<tr>\n<th>Elemento<\/th>\n<th>Peso %<\/th>\n<\/tr>\n<\/thead>\n<tbody>\n<tr>\n<td>Tit\u00e2nio (Ti)<\/td>\n<td>Equil\u00edbrio<\/td>\n<\/tr>\n<tr>\n<td>Alum\u00ednio (Al)<\/td>\n<td>7%<\/td>\n<\/tr>\n<tr>\n<td>Estanho (Sn)<\/td>\n<td>2-5%<\/td>\n<\/tr>\n<tr>\n<td>Zirc\u00f4nio (Zr)<\/td>\n<td>1-4%<\/td>\n<\/tr>\n<tr>\n<td>Sil\u00edcio (Si)<\/td>\n<td>M\u00e1x. 0,5 %<\/td>\n<\/tr>\n<tr>\n<td>Carbono (C)<\/td>\n<td>0,1% m\u00e1x.<\/td>\n<\/tr>\n<tr>\n<td>Oxig\u00eanio (O)<\/td>\n<td>0,13% m\u00e1x<\/td>\n<\/tr>\n<\/tbody>\n<\/table>\n<p><img loading=\"lazy\" decoding=\"async\" class=\"size-medium wp-image-1409 aligncenter\" src=\"https:\/\/met3dp.com\/wp-content\/uploads\/2023\/09\/ed7a94ec-3c10-4b1b-87ed--300x300.jpg\" alt=\"P\u00f3 de tit\u00e2nio e alum\u00ednio TA7\" width=\"300\" height=\"300\" title=\"\"><\/p>\n<p class=\"whitespace-pre-wrap\">A quantidade de estanho e zirc\u00f3nio pode ser variada para otimizar as propriedades mec\u00e2nicas a altas temperaturas. Os n\u00edveis de impureza de Si, C, O s\u00e3o minimizados.<\/p>\n<h2>Propriedades do TA7 em p\u00f3<\/h2>\n<p class=\"whitespace-pre-wrap\">As principais propriedades do p\u00f3 TA7 incluem:<\/p>\n<table>\n<thead>\n<tr>\n<th>Propriedade<\/th>\n<th>Valor<\/th>\n<\/tr>\n<\/thead>\n<tbody>\n<tr>\n<td>Densidade<\/td>\n<td>3,7-4,0 g\/cm3<\/td>\n<\/tr>\n<tr>\n<td>Ponto de Fus\u00e3o<\/td>\n<td>1460\u00a1\u00abC<\/td>\n<\/tr>\n<tr>\n<td>Condutividade t\u00e9rmica<\/td>\n<td>6,7 W\/mK<\/td>\n<\/tr>\n<tr>\n<td>Resistividade el\u00e9trica<\/td>\n<td>1.78 \u00c3\u00d7'\u00ce.cm<\/td>\n<\/tr>\n<tr>\n<td>M\u00f3dulo de Young<\/td>\n<td>110 GPa<\/td>\n<\/tr>\n<tr>\n<td>Coeficiente de Poisson<\/td>\n<td>0.32<\/td>\n<\/tr>\n<tr>\n<td>Resist\u00eancia \u00e0 tra\u00e7\u00e3o<\/td>\n<td>800 MPa<\/td>\n<\/tr>\n<tr>\n<td>Resist\u00eancia ao escoamento<\/td>\n<td>760 MPa<\/td>\n<\/tr>\n<tr>\n<td>Elonga\u00e7\u00e3o<\/td>\n<td>1-2%<\/td>\n<\/tr>\n<tr>\n<td>Resist\u00eancia \u00e0 flu\u00eancia<\/td>\n<td>190 MPa a 700\u00a1\"C<\/td>\n<\/tr>\n<\/tbody>\n<\/table>\n<p>&nbsp;<\/p>\n<p class=\"whitespace-pre-wrap\">As propriedades como a elevada resist\u00eancia, a baixa densidade, a resist\u00eancia \u00e0 oxida\u00e7\u00e3o e a estabilidade t\u00e9rmica tornam o TA7 adequado para as aplica\u00e7\u00f5es mais exigentes a temperaturas elevadas.<\/p>\n<h2>M\u00e9todo de produ\u00e7\u00e3o de TA7 em p\u00f3<\/h2>\n<p class=\"whitespace-pre-wrap\">O p\u00f3 de TA7 pode ser produzido atrav\u00e9s de m\u00e9todos como:<\/p>\n<ul class=\"list-disc pl-8 space-y-2\">\n<li class=\"whitespace-normal\"><strong>Atomiza\u00e7\u00e3o de g\u00e1s<\/strong>?- G\u00e1s inerte de alta press\u00e3o utilizado para atomizar a liga TA7 fundida, resultando num p\u00f3 esf\u00e9rico ideal para AM.<\/li>\n<li class=\"whitespace-normal\"><strong>Processo de el\u00e9trodo rotativo de plasma<\/strong>?- A desintegra\u00e7\u00e3o centr\u00edfuga de um fluxo de metal fundido em rota\u00e7\u00e3o r\u00e1pida produz um p\u00f3 esf\u00e9rico.<\/li>\n<li class=\"whitespace-normal\"><strong>Liga\u00e7\u00e3o Mec\u00e2nica<\/strong>?- Moagem com bolas de alta energia de p\u00f3s de Ti e Al elementares misturados, seguida de recozimento.<\/li>\n<\/ul>\n<p class=\"whitespace-pre-wrap\">A atomiza\u00e7\u00e3o por g\u00e1s permite um excelente controlo das carater\u00edsticas do p\u00f3, como a distribui\u00e7\u00e3o do tamanho das part\u00edculas, a morfologia, a micro-limpeza e a fluidez.<\/p>\n<h2>Aplica\u00e7\u00f5es do p\u00f3 TA7<\/h2>\n<p class=\"whitespace-pre-wrap\">O p\u00f3 TA7 \u00e9 normalmente utilizado em:<\/p>\n<ul class=\"list-disc pl-8 space-y-2\">\n<li class=\"whitespace-normal\"><strong>fabrica\u00e7\u00e3o aditiva<\/strong>?- Fus\u00e3o selectiva a laser para produzir formas complexas de aerof\u00f3lios, impulsores e p\u00e1s de turbinas.<\/li>\n<li class=\"whitespace-normal\"><strong>Moldagem por Inje\u00e7\u00e3o de Metal<\/strong>?- Para fabricar pe\u00e7as pequenas e complexas em forma de rede, como componentes de turbocompressores que necessitem de elevada for\u00e7a e resist\u00eancia \u00e0 temperatura.<\/li>\n<li class=\"whitespace-normal\"><strong>Revestimentos por Proje\u00e7\u00e3o T\u00e9rmica<\/strong>?- Aplicado por plasma ou pulveriza\u00e7\u00e3o HVOF em superf\u00edcies de v\u00e1lvulas, rolamentos, componentes de trens de aterragem que necessitem de resist\u00eancia ao desgaste\/corros\u00e3o a altas temperaturas.<\/li>\n<li class=\"whitespace-normal\"><strong>**Metalurgia do P\u00f3**<\/strong>?- Prensagem e sinteriza\u00e7\u00e3o para criar pe\u00e7as estruturais leves e de alta resist\u00eancia para aplica\u00e7\u00f5es aeroespaciais.<\/li>\n<\/ul>\n<h2>Especifica\u00e7\u00f5es do p\u00f3 TA7<\/h2>\n<p class=\"whitespace-pre-wrap\">O p\u00f3 de TA7 est\u00e1 dispon\u00edvel em v\u00e1rias gamas de tamanhos, formas e n\u00edveis de pureza:<\/p>\n<ul class=\"list-disc pl-8 space-y-2\">\n<li class=\"whitespace-normal\"><strong>Tamanho de part\u00edcula:<\/strong>De 15-45 \u00d7m para m\u00e9todos AM, at\u00e9 100 \u00d7m para processos de pulveriza\u00e7\u00e3o t\u00e9rmica.<\/li>\n<li class=\"whitespace-normal\"><strong>Morfologia:<\/strong>A forma quase esf\u00e9rica do p\u00f3 proporciona um fluxo e uma densidade de empacotamento \u00f3ptimos.<\/li>\n<li class=\"whitespace-normal\"><strong>Pureza:<\/strong>Desde a pureza comercial at\u00e9 n\u00edveis de pureza ultra-elevados com base nos limites de impureza e nos requisitos do processo.<\/li>\n<li class=\"whitespace-normal\"><strong>Teor de Oxig\u00eanio:<\/strong>N\u00edveis mantidos abaixo de 2000 ppm para a maioria das aplica\u00e7\u00f5es.<\/li>\n<li class=\"whitespace-normal\"><strong>Caudal:<\/strong>P\u00f3 personalizado para excelentes taxas de fluxo acima de 25 s\/50 g.<\/li>\n<\/ul>\n<h2>Fornecedores globais de TA7 em p\u00f3<\/h2>\n<p class=\"whitespace-pre-wrap\">Alguns dos principais fornecedores mundiais de p\u00f3 de TA7 incluem:<\/p>\n<ul class=\"list-disc pl-8 space-y-2\">\n<li class=\"whitespace-normal\">AP&amp;C (Canad\u00e1)<\/li>\n<li class=\"whitespace-normal\">TLS Technik (Alemanha)<\/li>\n<li class=\"whitespace-normal\">Sandvik Osprey (Reino Unido)<\/li>\n<li class=\"whitespace-normal\">Tekna (Canad\u00e1)<\/li>\n<li class=\"whitespace-normal\">ECKA Granulados (Alemanha)<\/li>\n<li class=\"whitespace-normal\">Metal Technology (Reino Unido)<\/li>\n<\/ul>\n<p class=\"whitespace-pre-wrap\">Estas empresas produzem v\u00e1rios tipos de p\u00f3 TA7 adaptados ao fabrico de aditivos, \u00e0 pulveriza\u00e7\u00e3o t\u00e9rmica, \u00e0 metalurgia do p\u00f3 e a outras aplica\u00e7\u00f5es a altas temperaturas.<\/p>\n<h2>Pre\u00e7os do p\u00f3 TA7<\/h2>\n<p class=\"whitespace-pre-wrap\">O pre\u00e7o do p\u00f3 de TA7 \u00e9 mais elevado do que o dos a\u00e7os e das ligas de n\u00edquel:<\/p>\n<ul class=\"list-disc pl-8 space-y-2\">\n<li class=\"whitespace-normal\"><strong>Quantidade<\/strong>?- $100-150 por kg para encomendas a granel superiores a 500 kg. As quantidades mais pequenas t\u00eam um pre\u00e7o significativamente mais elevado.<\/li>\n<li class=\"whitespace-normal\"><strong>Qualidade<\/strong>?- P\u00f3 esf\u00e9rico de elevada pureza, fabricado em condi\u00e7\u00f5es rigorosamente controladas, utilizando processos avan\u00e7ados, exige um pre\u00e7o superior.<\/li>\n<li class=\"whitespace-normal\"><strong>Fornecedor<\/strong>?- Os grandes fornecedores mundiais oferecem vantagens em termos de custos em compara\u00e7\u00e3o com os fabricantes mais pequenos devido a volumes de produ\u00e7\u00e3o mais elevados.<\/li>\n<li class=\"whitespace-normal\"><strong>Geografia<\/strong>?- Os pre\u00e7os variam consoante as regi\u00f5es, sendo a Europa e a Am\u00e9rica do Norte mercados com pre\u00e7os mais elevados do que a \u00c1sia.<\/li>\n<\/ul>\n<p class=\"whitespace-pre-wrap\">Para aplica\u00e7\u00f5es cr\u00edticas, os compradores devem centrar-se na qualidade do p\u00f3 e n\u00e3o no custo mais baixo ao adquirirem o p\u00f3 de TA7.<\/p>\n<h2>Armazenamento e manuseamento do p\u00f3 TA7<\/h2>\n<p class=\"whitespace-pre-wrap\">O p\u00f3 TA7 requer um armazenamento e manuseamento cuidadosos:<\/p>\n<ul class=\"list-disc pl-8 space-y-2\">\n<li class=\"whitespace-normal\">Deve ser armazenado em recipientes fechados sob g\u00e1s inerte, como o \u00e1rgon, para evitar a oxida\u00e7\u00e3o.<\/li>\n<li class=\"whitespace-normal\">Evitar a acumula\u00e7\u00e3o de p\u00f3 fino para minimizar o risco de explos\u00f5es de poeiras.<\/li>\n<li class=\"whitespace-normal\">Utilizar EPI, ventila\u00e7\u00e3o, liga\u00e7\u00e3o \u00e0 terra e pr\u00e1ticas de seguran\u00e7a adequadas durante o manuseamento do p\u00f3.<\/li>\n<li class=\"whitespace-normal\">Evitar o contacto entre o p\u00f3 e fontes de igni\u00e7\u00e3o devido ao risco de inflamabilidade.<\/li>\n<li class=\"whitespace-normal\">Seguir as directrizes de seguran\u00e7a aplic\u00e1veis da FDS do fornecedor.<\/li>\n<\/ul>\n<p class=\"whitespace-pre-wrap\">Deve-se ter cuidado ao manusear este p\u00f3 de liga altamente reativo.<\/p>\n<h2>Inspe\u00e7\u00e3o e ensaio do p\u00f3 TA7<\/h2>\n<p class=\"whitespace-pre-wrap\">Principais testes de controlo de qualidade realizados no p\u00f3 TA7:<\/p>\n<ul class=\"list-disc pl-8 space-y-2\">\n<li class=\"whitespace-normal\">An\u00e1lise qu\u00edmica utilizando ICP-OES ou XRF para garantir que a composi\u00e7\u00e3o cumpre as especifica\u00e7\u00f5es.<\/li>\n<li class=\"whitespace-normal\">Distribui\u00e7\u00e3o do tamanho das part\u00edculas utilizando a difra\u00e7\u00e3o laser de acordo com a norma ASTM B822.<\/li>\n<li class=\"whitespace-normal\">An\u00e1lise morfol\u00f3gica atrav\u00e9s de imagens SEM.<\/li>\n<li class=\"whitespace-normal\">Medi\u00e7\u00e3o do caudal de p\u00f3 utilizando o medidor de caudal Hall de acordo com a norma ASTM B213.<\/li>\n<li class=\"whitespace-normal\">Medi\u00e7\u00e3o da densidade por picnometria de h\u00e9lio.<\/li>\n<li class=\"whitespace-normal\">An\u00e1lise de impurezas por fus\u00e3o de g\u00e1s inerte ou ICP-MS.<\/li>\n<li class=\"whitespace-normal\">Caracteriza\u00e7\u00e3o de microestrutura por difra\u00e7\u00e3o de raios X.<\/li>\n<\/ul>\n<p class=\"whitespace-pre-wrap\">Testes exaustivos garantem a consist\u00eancia dos lotes e a qualidade do p\u00f3 para a aplica\u00e7\u00e3o pretendida.<\/p>\n<h2>Compara\u00e7\u00e3o entre os p\u00f3s TA7 e Inconel 718<\/h2>\n<p class=\"whitespace-pre-wrap\">Compara\u00e7\u00e3o entre os p\u00f3s TA7 e Inconel 718:<\/p>\n<table>\n<thead>\n<tr>\n<th>Par\u00e2metros<\/th>\n<th>TA7<\/th>\n<th>Inconel 718<\/th>\n<\/tr>\n<\/thead>\n<tbody>\n<tr>\n<td>Densidade<\/td>\n<td>3,7-4,0 g\/cm3<\/td>\n<td>8,2 g\/cm3<\/td>\n<\/tr>\n<tr>\n<td>Alta resist\u00eancia \u00e0 temperatura<\/td>\n<td>Compar\u00e1vel<\/td>\n<td>Compar\u00e1vel<\/td>\n<\/tr>\n<tr>\n<td>Resist\u00eancia \u00e0 oxida\u00e7\u00e3o<\/td>\n<td>Melhor<\/td>\n<td>Bom<\/td>\n<\/tr>\n<tr>\n<td>Custo<\/td>\n<td>Maior<\/td>\n<td>Baixo<\/td>\n<\/tr>\n<tr>\n<td>Trabalhabilidade<\/td>\n<td>Pobre<\/td>\n<td>Excelente<\/td>\n<\/tr>\n<tr>\n<td>APLICA\u00c7\u00d5ES<\/td>\n<td>Componentes Aeroespaciais<\/td>\n<td>Aeroespacial, automotivo<\/td>\n<\/tr>\n<tr>\n<td>Disponibilidade<\/td>\n<td>Baixo<\/td>\n<td>Prontamente dispon\u00edvel<\/td>\n<\/tr>\n<\/tbody>\n<\/table>\n<p>&nbsp;<\/p>\n<p class=\"whitespace-pre-wrap\">O TA7 oferece poupan\u00e7as de peso em rela\u00e7\u00e3o ao Inconel 718. Mas a trabalhabilidade \u00e9 fraca e a disponibilidade \u00e9 menor para o p\u00f3 de alumineto de tit\u00e2nio.<\/p>\n<h2>FAQs sobre o p\u00f3 TA7<\/h2>\n<p class=\"whitespace-pre-wrap\"><strong>P: Como \u00e9 produzido o p\u00f3 de TA7?<\/strong><\/p>\n<p class=\"whitespace-pre-wrap\">R: O p\u00f3 de TA7 \u00e9 produzido comercialmente utilizando a atomiza\u00e7\u00e3o de g\u00e1s, o processo de el\u00e9trodo rotativo de plasma e a liga mec\u00e2nica seguida de recozimento. A atomiza\u00e7\u00e3o a g\u00e1s oferece o melhor controlo das carater\u00edsticas do p\u00f3.<\/p>\n<p class=\"whitespace-pre-wrap\"><strong>P: Quais s\u00e3o as principais aplica\u00e7\u00f5es do p\u00f3 TA7?<\/strong><\/p>\n<p class=\"whitespace-pre-wrap\">R: As principais aplica\u00e7\u00f5es do p\u00f3 TA7 incluem o fabrico de aditivos, os revestimentos por pulveriza\u00e7\u00e3o t\u00e9rmica, a moldagem por inje\u00e7\u00e3o de metal e a metalurgia do p\u00f3 para fabricar pe\u00e7as estruturais leves que necessitem de capacidade para altas temperaturas.<\/p>\n<p class=\"whitespace-pre-wrap\"><strong>P: Qual \u00e9 o tamanho t\u00edpico do p\u00f3 TA7 utilizado para a fus\u00e3o selectiva a laser?<\/strong><\/p>\n<p class=\"whitespace-pre-wrap\">R: Para o processo SLM, o intervalo ideal de tamanho do p\u00f3 TA7 \u00e9 de 15-45 microns com morfologia esf\u00e9rica e bom fluxo de p\u00f3 e densidade de embalagem.<\/p>\n<p class=\"whitespace-pre-wrap\"><strong>P: O p\u00f3 TA7 requer precau\u00e7\u00f5es especiais de manuseamento?<\/strong><\/p>\n<p class=\"whitespace-pre-wrap\">R: Sim, \u00e9 altamente reativo e requer um manuseamento cuidadoso em atmosfera inerte, utilizando ventila\u00e7\u00e3o adequada, liga\u00e7\u00e3o \u00e0 terra e EPI para evitar o risco de inc\u00eandio ou explos\u00e3o.<\/p>\n<p class=\"whitespace-pre-wrap\"><strong>P: Onde posso comprar p\u00f3 TA7 adequado para pe\u00e7as aeroespaciais?<\/strong><\/p>\n<p class=\"whitespace-pre-wrap\">R: Para aplica\u00e7\u00f5es aeroespaciais que necessitem de leveza e elevada resist\u00eancia, o p\u00f3 TA7 pode ser adquirido junto dos principais fabricantes, incluindo AP&amp;C, TLS Technik, Sandvik Osprey e Tekna.<\/p>\n<p><\/span><\/span><\/p>","protected":false},"excerpt":{"rendered":"<p>Vis\u00e3o geral do p\u00f3 de tit\u00e2nio e alum\u00ednio TA7 O TA7 pertence ao sistema de ligas intermet\u00e1licas de tit\u00e2nio-alumineto que combina as propriedades de leveza do alum\u00ednio com a for\u00e7a e a resist\u00eancia \u00e0 corros\u00e3o do tit\u00e2nio. A rela\u00e7\u00e3o quase equat\u00f3mica de Ti e Al proporciona um excelente equil\u00edbrio de propriedades para aplica\u00e7\u00f5es a temperaturas elevadas. As principais caracter\u00edsticas do p\u00f3 TA7 incluem: Elevada resist\u00eancia espec\u00edfica...<\/p>","protected":false},"featured_media":1772,"parent":0,"template":"","meta":{"_acf_changed":false,"_kad_blocks_custom_css":"","_kad_blocks_head_custom_js":"","_kad_blocks_body_custom_js":"","_kad_blocks_footer_custom_js":"","_kad_post_transparent":"","_kad_post_title":"","_kad_post_layout":"","_kad_post_sidebar_id":"","_kad_post_content_style":"","_kad_post_vertical_padding":"","_kad_post_feature":"","_kad_post_feature_position":"","_kad_post_header":false,"_kad_post_footer":false,"_kad_post_classname":""},"product-category":[119,123],"class_list":["post-3884","product","type-product","status-publish","has-post-thumbnail","hentry","product-category-3d-printing-metal-powder","product-category-titanium-based-alloy-powder"],"acf":[],"taxonomy_info":{"product-category":[{"value":119,"label":"3D Printing Metal Powder"},{"value":123,"label":"Titanium Based Alloy Powder"}]},"featured_image_src_large":["https:\/\/3dpmetal.com\/wp-content\/uploads\/2024\/02\/TA7.jpg",216,216,false],"author_info":[],"comment_info":"","_links":{"self":[{"href":"https:\/\/3dpmetal.com\/pt\/wp-json\/wp\/v2\/product\/3884","targetHints":{"allow":["GET"]}}],"collection":[{"href":"https:\/\/3dpmetal.com\/pt\/wp-json\/wp\/v2\/product"}],"about":[{"href":"https:\/\/3dpmetal.com\/pt\/wp-json\/wp\/v2\/types\/product"}],"wp:featuredmedia":[{"embeddable":true,"href":"https:\/\/3dpmetal.com\/pt\/wp-json\/wp\/v2\/media\/1772"}],"wp:attachment":[{"href":"https:\/\/3dpmetal.com\/pt\/wp-json\/wp\/v2\/media?parent=3884"}],"wp:term":[{"taxonomy":"product-category","embeddable":true,"href":"https:\/\/3dpmetal.com\/pt\/wp-json\/wp\/v2\/product-category?post=3884"}],"curies":[{"name":"wp","href":"https:\/\/api.w.org\/{rel}","templated":true}]}}