{"id":3894,"date":"2024-03-18T06:10:12","date_gmt":"2024-03-18T06:10:12","guid":{"rendered":"https:\/\/3dp.45612300.xyz\/product\/feconicrti-powder\/"},"modified":"2024-03-18T06:10:12","modified_gmt":"2024-03-18T06:10:12","slug":"feconicrti-powder","status":"publish","type":"product","link":"https:\/\/3dpmetal.com\/pt\/product\/feconicrti-powder\/","title":{"rendered":"P\u00f3 de FeCoNiCrTi"},"content":{"rendered":"<p><span style=\"vertical-align: inherit;\"><span style=\"vertical-align: inherit;\"><\/p>\n<h2>Vis\u00e3o geral do p\u00f3 FeCoNiCrTi<\/h2>\n<p class=\"whitespace-pre-wrap\">FeCoNiCrTi \u00e9 uma liga de alto desempenho que exibe boas propriedades mec\u00e2nicas e resist\u00eancia \u00e0 corros\u00e3o em temperaturas elevadas. O ferro e o cobalto conferem excelente resist\u00eancia a altas temperaturas. O n\u00edquel aumenta a ductilidade e a tenacidade. O cromo oferece excelente resist\u00eancia \u00e0 corros\u00e3o e \u00e0 oxida\u00e7\u00e3o.<\/p>\n<p class=\"whitespace-pre-wrap\">As principais caracter\u00edsticas do p\u00f3 de FeCoNiCrTi incluem:<\/p>\n<ul class=\"list-disc pl-8 space-y-2\">\n<li class=\"whitespace-normal\">Excelente resist\u00eancia de alta temperatura e resist\u00eancia \u00e0 flu\u00eancia<\/li>\n<li class=\"whitespace-normal\">Boa ductilidade, resist\u00eancia e fabricabilidade<\/li>\n<li class=\"whitespace-normal\">Excelente resist\u00eancia a oxida\u00e7\u00e3o e corros\u00e3o<\/li>\n<li class=\"whitespace-normal\">Alta estabilidade t\u00e9rmica e estabilidade microestrutural<\/li>\n<li class=\"whitespace-normal\">Dispon\u00edvel em diversas distribui\u00e7\u00f5es de tamanhos de part\u00edculas e morfologias<\/li>\n<\/ul>\n<p class=\"whitespace-pre-wrap\">O p\u00f3 de FeCoNiCrTi \u00e9 adequado para pe\u00e7as estruturais de alta temperatura, revestimentos de prote\u00e7\u00e3o e outras aplica\u00e7\u00f5es exigentes que exigem capacidade de temperatura, resist\u00eancia e resist\u00eancia ambiental.<\/p>\n<h2>Composi\u00e7\u00e3o do p\u00f3 de FeCoNiCrTi<\/h2>\n<p class=\"whitespace-pre-wrap\">O p\u00f3 FeCoNiCrTi tem a seguinte composi\u00e7\u00e3o nominal:<\/p>\n<table>\n<thead>\n<tr>\n<th>Elemento<\/th>\n<th>Composi\u00e7\u00e3o<\/th>\n<\/tr>\n<\/thead>\n<tbody>\n<tr>\n<td>Ferro (Fe)<\/td>\n<td>Equil\u00edbrio<\/td>\n<\/tr>\n<tr>\n<td>Cobalto (Co)<\/td>\n<td>35-50%<\/td>\n<\/tr>\n<tr>\n<td>N\u00edquel (Ni)<\/td>\n<td>10-30%<\/td>\n<\/tr>\n<tr>\n<td>Cr\u00f3mio (Cr)<\/td>\n<td>8-12%<\/td>\n<\/tr>\n<tr>\n<td>Tit\u00e2nio (Ti)<\/td>\n<td>0.5-2%<\/td>\n<\/tr>\n<tr>\n<td>Carbono (C)<\/td>\n<td>M\u00e1x. 0,5 %<\/td>\n<\/tr>\n<tr>\n<td>Sil\u00edcio (Si)<\/td>\n<td>M\u00e1ximo 1%<\/td>\n<\/tr>\n<tr>\n<td>Mangan\u00eas (Mn)<\/td>\n<td>M\u00e1ximo 1%<\/td>\n<\/tr>\n<\/tbody>\n<\/table>\n<p><img loading=\"lazy\" decoding=\"async\" class=\"aligncenter wp-image-1409 size-medium\" src=\"https:\/\/met3dp.com\/wp-content\/uploads\/2023\/09\/ed7a94ec-3c10-4b1b-87ed--300x300.jpg\" alt=\"P\u00f3 de FeCoNiCrTi\" width=\"300\" height=\"300\" title=\"\"><\/p>\n<p class=\"whitespace-pre-wrap\">Os n\u00edveis de cobalto, n\u00edquel, cr\u00f4mio e tit\u00e2nio podem ser ajustados de acordo com as exig\u00eancias da aplica\u00e7\u00e3o. As impurezas como carbono, sil\u00edcio e mangan\u00eas s\u00e3o minimizadas.<\/p>\n<h2>Propriedades do p\u00f3 FeCoNiCrTi<\/h2>\n<p class=\"whitespace-pre-wrap\">P\u00f3 de FeCoNiCrTi possui as seguintes propriedades:<\/p>\n<table>\n<thead>\n<tr>\n<th>Propriedade<\/th>\n<th>Valor<\/th>\n<\/tr>\n<\/thead>\n<tbody>\n<tr>\n<td>Densidade<\/td>\n<td>8,0-8,5 g\/cm3<\/td>\n<\/tr>\n<tr>\n<td>Ponto de Fus\u00e3o<\/td>\n<td>1300-1400 \u00aaC<\/td>\n<\/tr>\n<tr>\n<td>Condutividade t\u00e9rmica<\/td>\n<td>10-30 W\/mK<\/td>\n<\/tr>\n<tr>\n<td>Resistividade el\u00e9trica<\/td>\n<td>70-90 cm x 90 cm<\/td>\n<\/tr>\n<tr>\n<td>M\u00f3dulo de Young<\/td>\n<td>180-220 GPa<\/td>\n<\/tr>\n<tr>\n<td>Coeficiente de Poisson<\/td>\n<td>0.28-0.32<\/td>\n<\/tr>\n<tr>\n<td>Resist\u00eancia \u00e0 tra\u00e7\u00e3o<\/td>\n<td>650-1100 MPa<\/td>\n<\/tr>\n<tr>\n<td>Resist\u00eancia ao escoamento<\/td>\n<td>450-750 MPa<\/td>\n<\/tr>\n<tr>\n<td>Elonga\u00e7\u00e3o<\/td>\n<td>10-30%<\/td>\n<\/tr>\n<tr>\n<td>Dureza<\/td>\n<td>25-50 HRC<\/td>\n<\/tr>\n<\/tbody>\n<\/table>\n<p>&nbsp;<\/p>\n<p class=\"whitespace-pre-wrap\">As propriedades, como resist\u00eancia \u00e0 tra\u00e7\u00e3o, resist\u00eancia \u00e0 flu\u00eancia e estabilidade microestrutural, s\u00e3o mantidas em temperaturas superiores a 1000\u00b0C, o que a torna adequada para aplica\u00e7\u00f5es de alta temperatura.<\/p>\n<h2>M\u00e9todo de Produ\u00e7\u00e3o para o P\u00f3 FeCoNiCrTi<\/h2>\n<p class=\"whitespace-pre-wrap\">M\u00e9todos comuns de produ\u00e7\u00e3o de p\u00f3 FeCoNiCrTi incluem:<\/p>\n<ul class=\"list-disc pl-8 space-y-2\">\n<li class=\"whitespace-normal\"><strong>Atomiza\u00e7\u00e3o de g\u00e1s<\/strong>- Jato de g\u00e1s inerte a alta press\u00e3o usado para desintegrar o fluxo de liga fundida em part\u00edculas de p\u00f3 esf\u00e9ricas finas, fornecendo bom fluxo e densidade de empacotamento.<\/li>\n<li class=\"whitespace-normal\"><strong>Atomiza\u00e7\u00e3o da \u00c1gua<\/strong>Jatos de \u00e1gua de alta velocidade impactam e desintegram o fluxo derretido para produzir p\u00f3s finos irregulares. Custo mais baixo, mas maior capta\u00e7\u00e3o de oxig\u00eanio.<\/li>\n<li class=\"whitespace-normal\"><strong>Liga\u00e7\u00e3o Mec\u00e2nica<\/strong>?- Moagem em bolas de p\u00f3s de metais elementares seguido de sinteriza\u00e7\u00e3o para sintetizar o p\u00f3 da liga.<\/li>\n<\/ul>\n<p class=\"whitespace-pre-wrap\">A atomiza\u00e7\u00e3o de gases fornece o melhor controle sobre as caracter\u00edsticas do p\u00f3. A distribui\u00e7\u00e3o de tamanho das part\u00edculas pode ser ajustada conforme os requisitos da aplica\u00e7\u00e3o.<\/p>\n<h2>Aplica\u00e7\u00f5es do p\u00f3 de FeCoNiCrTi<\/h2>\n<p class=\"whitespace-pre-wrap\">O p\u00f3 de FeCoNiCrTi \u00e9 usado em aplica\u00e7\u00f5es de alta temperatura, como:<\/p>\n<ul class=\"list-disc pl-8 space-y-2\">\n<li class=\"whitespace-normal\"><strong>fabrica\u00e7\u00e3o aditiva<\/strong>?- Fus\u00e3o a laser seletiva, fus\u00e3o por feixe de el\u00e9trons para produzir pe\u00e7as complexas para ambientes extremos que requerem resist\u00eancia a altas temperaturas.<\/li>\n<li class=\"whitespace-normal\"><strong>Revestimentos por Proje\u00e7\u00e3o T\u00e9rmica<\/strong>?- Proje\u00e7\u00e3o de arco de arame para depositar revestimentos espessos fornecendo resist\u00eancia a desgaste e corros\u00e3o em temperaturas elevadas.<\/li>\n<li class=\"whitespace-normal\"><strong>\"Material de adi\u00e7\u00e3o para brasagem.\"<\/strong>?- Para unir ligas e cer\u00e2micas de alta temperatura que requerem resist\u00eancia \u00e0 oxida\u00e7\u00e3o.<\/li>\n<li class=\"whitespace-normal\"><strong>Processamento de Vidro<\/strong>? - Rolos transportadores de metalurgia de p\u00f3 com alta resist\u00eancia a temperatura, usados em fornos de fundi\u00e7\u00e3o de vidro.<\/li>\n<li class=\"whitespace-normal\"><strong>**Metalurgia do P\u00f3**<\/strong>- Partes estruturais de alta resist\u00eancia como p\u00e1s de turbina e palhetas produzidas pelo processo de prensa e sinteriza\u00e7\u00e3o.<\/li>\n<li class=\"whitespace-normal\"><strong>Consum\u00edveis para Soldagem<\/strong>? - Usado como material de preenchimento para oferecer excelente resist\u00eancia \u00e0 solda e corros\u00e3o.<\/li>\n<\/ul>\n<h2>Especifica\u00e7\u00f5es do p\u00f3 de FeCoNiCrTi<\/h2>\n<p class=\"whitespace-pre-wrap\">O p\u00f3 de FeCoNiCrTi est\u00e1 dispon\u00edvel em v\u00e1rias faixas granulom\u00e9tricas, morfologias e graus:<\/p>\n<ul class=\"list-disc pl-8 space-y-2\">\n<li class=\"whitespace-normal\"><strong>Tamanho de part\u00edcula:<\/strong>?Variando de 10 a 45 m\u00edcrons para m\u00e9todos AM, at\u00e9 150 m\u00edcrons para processos de pulveriza\u00e7\u00e3o t\u00e9rmica.<\/li>\n<li class=\"whitespace-normal\"><strong>Morfologia:<\/strong>?Formas esf\u00e9ricas, irregulares e mescladas de p\u00f3. O p\u00f3 esf\u00e9rico fornece fluxo e embalagem ideais.<\/li>\n<li class=\"whitespace-normal\"><strong>Pureza:<\/strong>?De grau comercial para alto grau de pureza com base em n\u00edveis de impurezas e requisitos de aplica\u00e7\u00e3o.<\/li>\n<li class=\"whitespace-normal\"><strong>\u00c1rea de superf\u00edcie:<\/strong>? \u00c1rea de superf\u00edcie baixa preferida para minimizar a oxida\u00e7\u00e3o durante manuseio e armazenamento.<\/li>\n<li class=\"whitespace-normal\"><strong>Graus:<\/strong>? Composi\u00e7\u00e3o personalizada e caracter\u00edsticas de p\u00f3 com base no m\u00e9todo de processamento e aplica\u00e7\u00e3o pretendidos.<\/li>\n<\/ul>\n<h2>Fornecedores globais de p\u00f3 FeCoNiCrTi<\/h2>\n<p class=\"whitespace-pre-wrap\">Alguns dos principais fornecedores globais de p\u00f3 FeCoNiCrTi incluem:<\/p>\n<ul class=\"list-disc pl-8 space-y-2\">\n<li class=\"whitespace-normal\">Sandvik Osprey (Reino Unido)<\/li>\n<li class=\"whitespace-normal\">Hoganas (Su\u00e9cia)<\/li>\n<li class=\"whitespace-normal\">Praxair (EUA)<\/li>\n<li class=\"whitespace-normal\">CNPC P\u00f3 (China)<\/li>\n<li class=\"whitespace-normal\">Erasteel (Fran\u00e7a)<\/li>\n<li class=\"whitespace-normal\">Tekna (Canad\u00e1)<\/li>\n<li class=\"whitespace-normal\">AMETEK (EUA)<\/li>\n<\/ul>\n<p class=\"whitespace-pre-wrap\">Essas empresas produzem v\u00e1rios tipos de p\u00f3 de FeCoNiCrTi usando atomiza\u00e7\u00e3o de g\u00e1s, atomiza\u00e7\u00e3o de \u00e1gua e outras t\u00e9cnicas desenvolvidas para fabrica\u00e7\u00e3o aditiva, pulveriza\u00e7\u00e3o t\u00e9rmica, brasagem e outras aplica\u00e7\u00f5es de alta temperatura.<\/p>\n<h2>Pre\u00e7o do P\u00f3 de FeCoNiCrTi<\/h2>\n<p class=\"whitespace-pre-wrap\">Os pre\u00e7os do p\u00f3 FeCoNiCrTi dependem de factores como:<\/p>\n<ul class=\"list-disc pl-8 space-y-2\">\n<li class=\"whitespace-normal\">Composi\u00e7\u00e3o e n\u00edvel de pureza<\/li>\n<li class=\"whitespace-normal\">Distribui\u00e7\u00e3o do tamanho das part\u00edculas e morfologia<\/li>\n<li class=\"whitespace-normal\">M\u00e9todo de produ\u00e7\u00e3o<\/li>\n<li class=\"whitespace-normal\">Quantidade do Pedido<\/li>\n<li class=\"whitespace-normal\">Fornecedor e localiza\u00e7\u00e3o<\/li>\n<\/ul>\n<table>\n<thead>\n<tr>\n<th>Grau<\/th>\n<th>Intervalo de Pre\u00e7os<\/th>\n<\/tr>\n<\/thead>\n<tbody>\n<tr>\n<td>Comercial<\/td>\n<td>$50-100 por kg<\/td>\n<\/tr>\n<tr>\n<td>Alta pureza<\/td>\n<td>US$ 100-250 por quilograma<\/td>\n<\/tr>\n<tr>\n<td>Ultrafino<\/td>\n<td>$ 250-450 o kg<\/td>\n<\/tr>\n<tr>\n<td>Tipo especial<\/td>\n<td>$450-850 por kg<\/td>\n<\/tr>\n<\/tbody>\n<\/table>\n<p>&nbsp;<\/p>\n<p class=\"whitespace-pre-wrap\">Tamanhos de \u00e1tomo gasoso, alta pureza e p\u00f3 fino t\u00eam pre\u00e7os muito maiores comparados aos de tipos comerciais simples.<\/p>\n<h2>Armazenamento e Manuseio de P\u00f3 de FeCoNiCrTi<\/h2>\n<p class=\"whitespace-pre-wrap\">O p\u00f3 de FeCoNiCrTi requer um manuseio e armazenamento cuidadosos:<\/p>\n<ul class=\"list-disc pl-8 space-y-2\">\n<li class=\"whitespace-normal\">Deve ser armazenado em recipientes lacrados sob g\u00e1s inerte para prevenir oxida\u00e7\u00e3o<\/li>\n<li class=\"whitespace-normal\">Evite ac\u00famulo de p\u00f3s finos para minimizar o risco de explos\u00f5es de poeira<\/li>\n<li class=\"whitespace-normal\">Use o EPI apropriado, ventila\u00e7\u00e3o e pr\u00e1ticas de seguran\u00e7a prim\u00e1rias ao manusear mat\u00e9rias-primas<\/li>\n<li class=\"whitespace-normal\">Evite o contato entre o p\u00f3 e materiais incompat\u00edveis<\/li>\n<li class=\"whitespace-normal\">Seguir a ficha de dados de seguran\u00e7a aplic\u00e1vel do fornecedor<\/li>\n<\/ul>\n<p class=\"whitespace-pre-wrap\">Deve-se exercer aterramento, cobertura e cuidados adequados ao manusear este p\u00f3 de liga reativa.<\/p>\n<h2>Inspe\u00e7\u00e3o e Teste do P\u00f3 de FeCoNiCrTi<\/h2>\n<p class=\"whitespace-pre-wrap\">Os principais testes usados para o controle de qualidade do p\u00f3 de FeCoNiCrTi incluem:<\/p>\n<ul class=\"list-disc pl-8 space-y-2\">\n<li class=\"whitespace-normal\">An\u00e1lise qu\u00edmica usando OES ou XRF para garantir que a composi\u00e7\u00e3o atende \u00e0s especifica\u00e7\u00f5es<\/li>\n<li class=\"whitespace-normal\">An\u00e1lise de distribui\u00e7\u00e3o de tamanho de part\u00edculas de acordo com ASTM B822 padr\u00e3o<\/li>\n<li class=\"whitespace-normal\">An\u00e1lise morfol\u00f3gica por meio de imagens de MEV<\/li>\n<li class=\"whitespace-normal\">Medi\u00e7\u00e3o da taxa de fluxo de p\u00f3 usando o flux\u00f4metro Hall conforme ASTM B213<\/li>\n<li class=\"whitespace-normal\">Medi\u00e7\u00e3o de densidade por picnometria de h\u00e9lio<\/li>\n<li class=\"whitespace-normal\">Teste de Impureza Utilizando ICP-MS<\/li>\n<li class=\"whitespace-normal\">Caracteriza\u00e7\u00e3o microestrutural por difra\u00e7\u00e3o de raios X<\/li>\n<\/ul>\n<p class=\"whitespace-pre-wrap\">Testes aprofundados e inspe\u00e7\u00f5es garantem uma alta qualidade e consist\u00eancia no p\u00f3 que atende requisitos de desempenho.<\/p>\n<h2>Compara\u00e7\u00e3o entre p\u00f3 de FeCoNiCrTi e Inconel 718<\/h2>\n<p class=\"whitespace-pre-wrap\">FeCoNiCrTi e Inconel 718 s\u00e3o dois p\u00f3s de liga de alta temperatura comparados:<\/p>\n<table>\n<thead>\n<tr>\n<th>Par\u00e2metros<\/th>\n<th>FeCoNiCrTi<\/th>\n<th>Inconel 718<\/th>\n<\/tr>\n<\/thead>\n<tbody>\n<tr>\n<td>Composi\u00e7\u00e3o<\/td>\n<td>Liga quin\u00e1ria<\/td>\n<td>Liga Ni-Cr-Fe-Nb<\/td>\n<\/tr>\n<tr>\n<td>Custo<\/td>\n<td>Maior<\/td>\n<td>Baixo<\/td>\n<\/tr>\n<tr>\n<td>For\u00e7a<\/td>\n<td>Mais alto em temperaturas muito altas<\/td>\n<td>Excelente at\u00e9 700\u00a1\u00abC<\/td>\n<\/tr>\n<tr>\n<td>Resist\u00eancia \u00e0 oxida\u00e7\u00e3o<\/td>\n<td>Compar\u00e1vel<\/td>\n<td>Compar\u00e1vel<\/td>\n<\/tr>\n<tr>\n<td>Trabalhabilidade<\/td>\n<td>Moderada<\/td>\n<td>Excelente<\/td>\n<\/tr>\n<tr>\n<td>APLICA\u00c7\u00d5ES<\/td>\n<td>Revestimento t\u00e9rmico, soldagem<\/td>\n<td>Componentes aeroespaciais, molas<\/td>\n<\/tr>\n<tr>\n<td>Disponibilidade<\/td>\n<td>Moderada<\/td>\n<td>Prontamente dispon\u00edvel<\/td>\n<\/tr>\n<\/tbody>\n<\/table>\n<p>&nbsp;<\/p>\n<p class=\"whitespace-pre-wrap\">O FeCoNiCrTi oferece melhor resist\u00eancia a altas temperaturas, enquanto o Inconel 718 apresenta boa fabricabilidade e disponibilidade.<\/p>\n<h2>FAQs sobre p\u00f3 de FeCoNiCrTi<\/h2>\n<p class=\"whitespace-pre-wrap\"><strong>P: Como \u00e9 produzido o p\u00f3 FeCoNiCrTi?<\/strong><\/p>\n<p class=\"whitespace-pre-wrap\">R: O p\u00f3 de FeCoNiCrTi \u00e9 produzido comercialmente usando atomiza\u00e7\u00e3o de g\u00e1s, atomiza\u00e7\u00e3o de \u00e1gua e liga\u00e7\u00f5es mec\u00e2nicas seguidas de sinteriza\u00e7\u00e3o. A atomiza\u00e7\u00e3o de g\u00e1s fornece o melhor controle das caracter\u00edsticas das part\u00edculas.<\/p>\n<p class=\"whitespace-pre-wrap\"><strong>P: Para que \u00e9 usado o p\u00f3 de FeCoNiCrTi?<\/strong><\/p>\n<p class=\"whitespace-pre-wrap\">A: FeCoNiCrTi \u00e9 usado em aplica\u00e7\u00f5es de alta temperatura como fabrica\u00e7\u00e3o aditiva, revestimentos de jato t\u00e9rmico, solda de brasagem, pe\u00e7as de metalurgia do p\u00f3, consum\u00edveis de soldagem onde s\u00e3o necess\u00e1rias resist\u00eancia de temperatura, for\u00e7a e resist\u00eancia ambiental.<\/p>\n<p class=\"whitespace-pre-wrap\"><strong>Q: Qual \u00e9 o tamanho de p\u00f3 recomendado para pulveriza\u00e7\u00e3o t\u00e9rmica?<\/strong><\/p>\n<p class=\"whitespace-pre-wrap\">R: Para a maioria dos processos de pulveriza\u00e7\u00e3o t\u00e9rmica, uma faixa de tamanho de part\u00edcula de 45-150 m\u00edcrons \u00e9 preferida para o p\u00f3 FeCoNiCrTi para maximizar a efici\u00eancia de deposi\u00e7\u00e3o e as propriedades do revestimento.<\/p>\n<p class=\"whitespace-pre-wrap\"><strong>P: O p\u00f3 de FeCoNiCrTi requer precau\u00e7\u00f5es especiais de manuseamento?<\/strong><\/p>\n<p class=\"whitespace-pre-wrap\">R: Sim, \u00e9 recomend\u00e1vel manusear cuidadosamente esse p\u00f3 de liga reativa fina usando atmosfera inerte, aterramento adequado, ventila\u00e7\u00e3o e EPI para controlar os riscos.<\/p>\n<p class=\"whitespace-pre-wrap\"><strong>P: Onde posso comprar p\u00f3 FeCoNiCrTi ideal para fabrica\u00e7\u00e3o aditiva?<\/strong><\/p>\n<p class=\"whitespace-pre-wrap\">A: A p\u00f3 de FeCoNiCrTi atomizado a g\u00e1s fino que atende aos requisitos do FA pode ser adquirido de fabricantes l\u00edderes como Sandvik, Hoganas, Praxair e Erasteel.<\/p>\n<p><\/span><\/span><\/p>","protected":false},"excerpt":{"rendered":"<p>Overview of FeCoNiCrTi Powder FeCoNiCrTi is a high-performance alloy exhibiting good mechanical properties and corrosion resistance at elevated temperatures. Iron and cobalt impart excellent high temperature strength. Nickel enhances ductility and toughness. Chromium provides outstanding oxidation and corrosion resistance. Key characteristics of FeCoNiCrTi powder include: Excellent high temperature strength and creep resistance Good ductility, toughness&#8230;<\/p>","protected":false},"featured_media":1766,"parent":0,"template":"","meta":{"_acf_changed":false,"_kad_blocks_custom_css":"","_kad_blocks_head_custom_js":"","_kad_blocks_body_custom_js":"","_kad_blocks_footer_custom_js":"","_kad_post_transparent":"","_kad_post_title":"","_kad_post_layout":"","_kad_post_sidebar_id":"","_kad_post_content_style":"","_kad_post_vertical_padding":"","_kad_post_feature":"","_kad_post_feature_position":"","_kad_post_header":false,"_kad_post_footer":false,"_kad_post_classname":""},"product-category":[119,127],"class_list":["post-3894","product","type-product","status-publish","has-post-thumbnail","hentry","product-category-3d-printing-metal-powder","product-category-high-entropy-alloy-powder"],"acf":[],"taxonomy_info":{"product-category":[{"value":119,"label":"3D Printing Metal Powder"},{"value":127,"label":"High Entropy Alloy Powder"}]},"featured_image_src_large":["https:\/\/3dpmetal.com\/wp-content\/uploads\/2024\/02\/FeCoNiCrTi-Powder.png",600,600,false],"author_info":[],"comment_info":"","_links":{"self":[{"href":"https:\/\/3dpmetal.com\/pt\/wp-json\/wp\/v2\/product\/3894","targetHints":{"allow":["GET"]}}],"collection":[{"href":"https:\/\/3dpmetal.com\/pt\/wp-json\/wp\/v2\/product"}],"about":[{"href":"https:\/\/3dpmetal.com\/pt\/wp-json\/wp\/v2\/types\/product"}],"wp:featuredmedia":[{"embeddable":true,"href":"https:\/\/3dpmetal.com\/pt\/wp-json\/wp\/v2\/media\/1766"}],"wp:attachment":[{"href":"https:\/\/3dpmetal.com\/pt\/wp-json\/wp\/v2\/media?parent=3894"}],"wp:term":[{"taxonomy":"product-category","embeddable":true,"href":"https:\/\/3dpmetal.com\/pt\/wp-json\/wp\/v2\/product-category?post=3894"}],"curies":[{"name":"wp","href":"https:\/\/api.w.org\/{rel}","templated":true}]}}