{"id":3895,"date":"2024-03-18T06:10:12","date_gmt":"2024-03-18T06:10:12","guid":{"rendered":"https:\/\/3dp.45612300.xyz\/product\/feconicr-powder\/"},"modified":"2024-03-18T06:10:12","modified_gmt":"2024-03-18T06:10:12","slug":"feconicr-powder","status":"publish","type":"product","link":"https:\/\/3dpmetal.com\/pt\/product\/feconicr-powder\/","title":{"rendered":"P\u00f3 de FeCoNiCr"},"content":{"rendered":"<p><span style=\"vertical-align: inherit;\"><span style=\"vertical-align: inherit;\"><\/p>\n<h2>Vis\u00e3o geral do p\u00f3 de FeCoNiCr<\/h2>\n<p class=\"whitespace-pre-wrap\">FeCoNiCr pertence a uma classe de ligas de alta performance que exibem boas propriedades mec\u00e2nicas, estabilidade microestrutural e resist\u00eancia ambiental em altas temperaturas acima de 750 \u00baC. Ferro e cobalto proporcionam resist\u00eancia. N\u00edquel aumenta ductilidade e tenacidade. Cromo proporciona resist\u00eancia \u00e0 oxida\u00e7\u00e3o e corros\u00e3o.<\/p>\n<p class=\"whitespace-pre-wrap\">Caracter\u00edsticas fundamentais do p\u00f3 FeCoNiCr incluem:<\/p>\n<ul class=\"list-disc pl-8 space-y-2\">\n<li class=\"whitespace-normal\">Excelente resist\u00eancia de alta temperatura e resist\u00eancia \u00e0 flu\u00eancia<\/li>\n<li class=\"whitespace-normal\">Boa resist\u00eancia \u00e0 fadiga e tenacidade<\/li>\n<li class=\"whitespace-normal\">Alta dureza, resist\u00eancia ao desgaste e \u00e0 abras\u00e3o<\/li>\n<li class=\"whitespace-normal\">Resist\u00eancia excepcional \u00e0 corros\u00e3o e oxida\u00e7\u00e3o<\/li>\n<li class=\"whitespace-normal\">Dispon\u00edvel em diversas distribui\u00e7\u00f5es de tamanhos de part\u00edculas e morfologias<\/li>\n<\/ul>\n<p class=\"whitespace-pre-wrap\">O p\u00f3 de FeCoNiCr \u00e9 projetado para revestimentos protetores, spray t\u00e9rmico, soldagem, fabrica\u00e7\u00e3o aditiva e outras aplica\u00e7\u00f5es de alta temperatura que exigem resist\u00eancia, dureza e resist\u00eancia ambiental.<\/p>\n<h2>Composi\u00e7\u00e3o do P\u00f3 FeCoNiCr<\/h2>\n<p class=\"whitespace-pre-wrap\">P\u00f3 de FeCoNiCr tem a seguinte composi\u00e7\u00e3o nominal:<\/p>\n<table>\n<thead>\n<tr>\n<th>Elemento<\/th>\n<th>Composi\u00e7\u00e3o<\/th>\n<\/tr>\n<\/thead>\n<tbody>\n<tr>\n<td>Ferro (Fe)<\/td>\n<td>Equil\u00edbrio<\/td>\n<\/tr>\n<tr>\n<td>Cobalto (Co)<\/td>\n<td>35-50%<\/td>\n<\/tr>\n<tr>\n<td>N\u00edquel (Ni)<\/td>\n<td>10-30%<\/td>\n<\/tr>\n<tr>\n<td>Cr\u00f3mio (Cr)<\/td>\n<td>8-12%<\/td>\n<\/tr>\n<tr>\n<td>Carbono (C)<\/td>\n<td>&lt; 0,5%<\/td>\n<\/tr>\n<tr>\n<td>Sil\u00edcio (Si)<\/td>\n<td>&lt;1,5%<\/td>\n<\/tr>\n<tr>\n<td>Mangan\u00eas (Mn)<\/td>\n<td>&lt;1%<\/td>\n<\/tr>\n<\/tbody>\n<\/table>\n<p><img loading=\"lazy\" decoding=\"async\" class=\"size-medium wp-image-1409 aligncenter\" src=\"https:\/\/met3dp.com\/wp-content\/uploads\/2023\/09\/ed7a94ec-3c10-4b1b-87ed--300x300.jpg\" alt=\"P\u00f3 de FeCoNiCr\" width=\"300\" height=\"300\" title=\"\"><\/p>\n<p class=\"whitespace-pre-wrap\">Os n\u00edveis de cobalto, n\u00edquel e cromo podem ser ajustados com base nas exig\u00eancias para otimizar as propriedades mec\u00e2nicas e a resist\u00eancia ambiental. As impurezas s\u00e3o minimizadas.<\/p>\n<h2>Propriedades do p\u00f3 FeCoNiCr<\/h2>\n<p class=\"whitespace-pre-wrap\">As propriedades principais do p\u00f3 FeCoNiCr incluem:<\/p>\n<table>\n<thead>\n<tr>\n<th>Propriedade<\/th>\n<th>Valor<\/th>\n<\/tr>\n<\/thead>\n<tbody>\n<tr>\n<td>Densidade<\/td>\n<td>7,5-8,2 g\/cm\u00b3<\/td>\n<\/tr>\n<tr>\n<td>Ponto de Fus\u00e3o<\/td>\n<td>1300-1400 \u00aaC<\/td>\n<\/tr>\n<tr>\n<td>Condutividade t\u00e9rmica<\/td>\n<td>10-30 W\/mK<\/td>\n<\/tr>\n<tr>\n<td>Resistividade el\u00e9trica<\/td>\n<td>65-85 kg x 188 cm<\/td>\n<\/tr>\n<tr>\n<td>M\u00f3dulo de Young<\/td>\n<td>190-220 GPa<\/td>\n<\/tr>\n<tr>\n<td>Coeficiente de Poisson<\/td>\n<td>0.28-0.32<\/td>\n<\/tr>\n<tr>\n<td>Resist\u00eancia \u00e0 tra\u00e7\u00e3o<\/td>\n<td>600-1100 MPa<\/td>\n<\/tr>\n<tr>\n<td>Resist\u00eancia ao escoamento<\/td>\n<td>450-800 MPa<\/td>\n<\/tr>\n<tr>\n<td>Elonga\u00e7\u00e3o<\/td>\n<td>15-30%<\/td>\n<\/tr>\n<tr>\n<td>Dureza<\/td>\n<td>30-50 HRC<\/td>\n<\/tr>\n<\/tbody>\n<\/table>\n<p>&nbsp;<\/p>\n<p class=\"whitespace-pre-wrap\">As propriedades, tais como resist\u00eancia a altas temperaturas, dureza, resist\u00eancia ao desgaste e corros\u00e3o, a tornam adequada para as aplica\u00e7\u00f5es mais exigentes.<\/p>\n<h2>M\u00e9todo de Produ\u00e7\u00e3o do P\u00f3 de FeCoNiCr<\/h2>\n<p class=\"whitespace-pre-wrap\">O p\u00f3 de FeCoNiCr pode ser produzido por:<\/p>\n<ul class=\"list-disc pl-8 space-y-2\">\n<li class=\"whitespace-normal\"><strong>Atomiza\u00e7\u00e3o de g\u00e1s<\/strong>- G\u00e1s inerte de alta press\u00e3o utilizado para atomizar liga fundida, resultando em p\u00f3 esf\u00e9rico fino ideal para FA.<\/li>\n<li class=\"whitespace-normal\"><strong>Atomiza\u00e7\u00e3o da \u00c1gua<\/strong>?- Jato de \u00e1gua em alta velocidade quebra metal fundido em finas part\u00edculas de p\u00f3 irregulares. Econ\u00f4mico, mas com maior absor\u00e7\u00e3o de oxig\u00eanio.<\/li>\n<li class=\"whitespace-normal\"><strong>Liga\u00e7\u00e3o Mec\u00e2nica<\/strong>?- Moagem por bolas de p\u00f3s elementares misturados seguida de sinteriza\u00e7\u00e3o e atomiza\u00e7\u00e3o secund\u00e1ria.<\/li>\n<\/ul>\n<p class=\"whitespace-pre-wrap\">Gaseifica\u00e7\u00e3o de \u00e1tomo oferece o melhor controle sobre tamanho de part\u00edculas, formato, pureza e microestrutura.<\/p>\n<h2>Aplica\u00e7\u00f5es de P\u00f3 FeCoNiCr<\/h2>\n<p class=\"whitespace-pre-wrap\">Entre as aplica\u00e7\u00f5es t\u00edpicas de p\u00f3 FeCoNiCr est\u00e3o:<\/p>\n<ul class=\"list-disc pl-8 space-y-2\">\n<li class=\"whitespace-normal\"><strong>Revestimentos por Proje\u00e7\u00e3o T\u00e9rmica<\/strong>?- HVOF ou plasma pulverizado para depositar revestimentos espessos resistentes a desgaste e corros\u00e3o em ferramentas, moldes, v\u00e1lvulas, rolamentos etc.<\/li>\n<li class=\"whitespace-normal\"><strong>fabrica\u00e7\u00e3o aditiva<\/strong>- Fus\u00e3o seletiva a laser para produzir componentes complexos para ambientes de alta temperatura.<\/li>\n<li class=\"whitespace-normal\"><strong>Material de Solda<\/strong>?- Proporciona excelente resist\u00eancia \u00e0 temperatura elevada, dureza e resist\u00eancia \u00e0 corros\u00e3o na zona de solda.<\/li>\n<li class=\"whitespace-normal\"><strong>\"Material de adi\u00e7\u00e3o para brasagem.\"<\/strong>?- Usado para ligar componentes que operam em temperaturas muito elevadas e que necessitem de resist\u00eancia contra oxida\u00e7\u00e3o.<\/li>\n<li class=\"whitespace-normal\"><strong>Processamento de Vidro<\/strong>? - Rolos transportadores de metalurgia de p\u00f3 com alta resist\u00eancia a temperatura, usados em fornos de fundi\u00e7\u00e3o de vidro.<\/li>\n<\/ul>\n<h2>Especifica\u00e7\u00f5es do p\u00f3 de FeCoNiCr<\/h2>\n<p class=\"whitespace-pre-wrap\">O p\u00f3 de FeCoNiCr est\u00e1 dispon\u00edvel em v\u00e1rias faixas de tamanho, formas, graus e n\u00edveis de pureza:<\/p>\n<ul class=\"list-disc pl-8 space-y-2\">\n<li class=\"whitespace-normal\"><strong>Tamanho de part\u00edcula:<\/strong>?De 15-45 \u03bcm para m\u00e9todos AM, at\u00e9 150 \u03bcm para processos de pulveriza\u00e7\u00e3o t\u00e9rmica.<\/li>\n<li class=\"whitespace-normal\"><strong>Morfologia:<\/strong>?Formas esf\u00e9ricas, irregulares e mistas. O p\u00f3 esf\u00e9rico proporciona fluxo e enchimento ideais.<\/li>\n<li class=\"whitespace-normal\"><strong>Pureza:<\/strong>Da pureza comercial a graus de pureza ultraelevada com base em requisitos rigorosos de an\u00e1lise qu\u00edmica e aplica\u00e7\u00e3o.<\/li>\n<li class=\"whitespace-normal\"><strong>\u00c1rea de superf\u00edcie:<\/strong>? \u00c1rea de superf\u00edcie baixa preferida para minimizar a oxida\u00e7\u00e3o durante manuseio e armazenamento.<\/li>\n<li class=\"whitespace-normal\"><strong>Graus:<\/strong>Composi\u00e7\u00e3o customizada e metalurgia do p\u00f3 sob medida para aplica\u00e7\u00e3o e m\u00e9todo de processamento pretendidos.<\/li>\n<\/ul>\n<h2>Fornecedores Globais de P\u00f3 de FeCoNiCr<\/h2>\n<p class=\"whitespace-pre-wrap\">Alguns dos principais fornecedores globais de p\u00f3 FeCoNiCr incluem:<\/p>\n<ul class=\"list-disc pl-8 space-y-2\">\n<li class=\"whitespace-normal\">Sandvik Osprey (Reino Unido)<\/li>\n<li class=\"whitespace-normal\">Erasteel (Fran\u00e7a)<\/li>\n<li class=\"whitespace-normal\">Tekna (Canad\u00e1)<\/li>\n<li class=\"whitespace-normal\">Edgetech Industries (EUA)<\/li>\n<li class=\"whitespace-normal\">Hoganas (Su\u00e9cia)<\/li>\n<li class=\"whitespace-normal\">CNPC P\u00f3 (China)<\/li>\n<\/ul>\n<p class=\"whitespace-pre-wrap\">As empresas produzem v\u00e1rios graus de p\u00f3 de FeCoNiCr usando atomiza\u00e7\u00e3o de g\u00e1s, atomiza\u00e7\u00e3o de \u00e1gua e processos de liga mec\u00e2nica adaptados para aplica\u00e7\u00f5es espec\u00edficas.<\/p>\n<h2>Precifica\u00e7\u00e3o de p\u00f3 de FeCoNiCr<\/h2>\n<p class=\"whitespace-pre-wrap\">Os pre\u00e7os do p\u00f3 de FeCoNiCr dependem de fatores como:<\/p>\n<ul class=\"list-disc pl-8 space-y-2\">\n<li class=\"whitespace-normal\">Composi\u00e7\u00e3o, n\u00edveis de pureza<\/li>\n<li class=\"whitespace-normal\">Tamanho e morfologia dos p\u00f3s<\/li>\n<li class=\"whitespace-normal\">M\u00e9todo de produ\u00e7\u00e3o<\/li>\n<li class=\"whitespace-normal\">Volume da ordem<\/li>\n<li class=\"whitespace-normal\">Fabricante e localiza\u00e7\u00e3o<\/li>\n<\/ul>\n<table>\n<thead>\n<tr>\n<th>Grau<\/th>\n<th>Intervalo de Pre\u00e7os<\/th>\n<\/tr>\n<\/thead>\n<tbody>\n<tr>\n<td>Comercial<\/td>\n<td>US$ 60-120 por kg<\/td>\n<\/tr>\n<tr>\n<td>Alta pureza<\/td>\n<td>$ 120-250 o quilo<\/td>\n<\/tr>\n<tr>\n<td>Ultrafino<\/td>\n<td>$ 250-450 o kg<\/td>\n<\/tr>\n<tr>\n<td>Tipo especial<\/td>\n<td>$450-850 por kg<\/td>\n<\/tr>\n<\/tbody>\n<\/table>\n<p>&nbsp;<\/p>\n<p class=\"whitespace-pre-wrap\">Os p\u00f3s com granulometria controlada, atomizados por g\u00e1s e com alta pureza exigem pre\u00e7os muito mais altos que os tipos comerciais.<\/p>\n<h2>Armazenamento e Manuseio de P\u00f3 FeCoNiCr<\/h2>\n<p class=\"whitespace-pre-wrap\">Armazenamento e procedimentos de manipula\u00e7\u00e3o adequados do p\u00f3 de FeCoNiCr incluem:<\/p>\n<ul class=\"list-disc pl-8 space-y-2\">\n<li class=\"whitespace-normal\">Guardar emrecipientes lacrados sob g\u00e1s inerte para evitar a oxida\u00e7\u00e3o<\/li>\n<li class=\"whitespace-normal\">Evitar a acumula\u00e7\u00e3o de p\u00f3 fino no controle de riscos de explos\u00e3o<\/li>\n<li class=\"whitespace-normal\">Use o EPI adequado, ventila\u00e7\u00e3o e pr\u00e1ticas de seguran\u00e7a ao manusear<\/li>\n<li class=\"whitespace-normal\">Evite o contato entre o p\u00f3 e materiais incompat\u00edveis<\/li>\n<li class=\"whitespace-normal\">Siga as diretrizes de seguran\u00e7a aplic\u00e1veis da SDS do fornecedor<\/li>\n<\/ul>\n<p class=\"whitespace-pre-wrap\">Cuidado e medidas de protec\u00e7\u00e3o s\u00e3o essenciais ao manusear este reactivo em p\u00f3 de liga.<\/p>\n<h2>Inspe\u00e7\u00e3o e teste de p\u00f3 FeCoNiCr<\/h2>\n<p class=\"whitespace-pre-wrap\">Principais testes de controle de qualidade realizados no p\u00f3 FeCoNiCr:<\/p>\n<ul class=\"list-disc pl-8 space-y-2\">\n<li class=\"whitespace-normal\">An\u00e1lise qu\u00edmica por meio de OES ou XRF para garantir que a composi\u00e7\u00e3o esteja dentro dos limites especificados<\/li>\n<li class=\"whitespace-normal\">Distribui\u00e7\u00e3o de tamanho de part\u00edcula usando difra\u00e7\u00e3o a laser conforme norma ASTM B822<\/li>\n<li class=\"whitespace-normal\">An\u00e1lise morfol\u00f3gica por meio de imagens de MEV<\/li>\n<li class=\"whitespace-normal\">Medi\u00e7\u00e3o da taxa de fluxo de p\u00f3 de acordo com a norma ASTM B213<\/li>\n<li class=\"whitespace-normal\">Determina\u00e7\u00e3o da densidade por picnometria de h\u00e9lio<\/li>\n<li class=\"whitespace-normal\">Teste de Impureza Utilizando ICP-MS<\/li>\n<li class=\"whitespace-normal\">Caracteriza\u00e7\u00e3o microestrutural por an\u00e1lise de fase de DRX<\/li>\n<\/ul>\n<p class=\"whitespace-pre-wrap\">Testes completos verificam a qualidade e consist\u00eancia do p\u00f3 para a aplica\u00e7\u00e3o em alta temperatura pretendida.<\/p>\n<h2>Compara\u00e7\u00e3o Entre P\u00f3s de A\u00e7o Inoxid\u00e1vel FeCoNiCr e 316L<\/h2>\n<p class=\"whitespace-pre-wrap\">Compara\u00e7\u00e3o dos p\u00f3s de a\u00e7o inoxid\u00e1vel FeCoNiCr e 316L:<\/p>\n<table>\n<thead>\n<tr>\n<th>Par\u00e2metros<\/th>\n<th>FeCoNiCr<\/th>\n<th>316L SS<\/th>\n<\/tr>\n<\/thead>\n<tbody>\n<tr>\n<td>Composi\u00e7\u00e3o<\/td>\n<td>Liga quatern\u00e1ria de alta temperatura<\/td>\n<td>Liga de a\u00e7o inoxid\u00e1vel Fe-Cr-Ni<\/td>\n<\/tr>\n<tr>\n<td>Custo<\/td>\n<td>Maior<\/td>\n<td>Baixo<\/td>\n<\/tr>\n<tr>\n<td>Alta resist\u00eancia \u00e0 temperatura<\/td>\n<td>Muito melhor<\/td>\n<td>Moderada<\/td>\n<\/tr>\n<tr>\n<td>Resist\u00eancia \u00e0 corros\u00e3o<\/td>\n<td>Compar\u00e1vel<\/td>\n<td>Melhor<\/td>\n<\/tr>\n<tr>\n<td>Condutividade t\u00e9rmica<\/td>\n<td>Maior<\/td>\n<td>Baixo<\/td>\n<\/tr>\n<tr>\n<td>Trabalhabilidade<\/td>\n<td>Moderada<\/td>\n<td>Excelente<\/td>\n<\/tr>\n<tr>\n<td>APLICA\u00c7\u00d5ES<\/td>\n<td>Asper\u00e7\u00e3o t\u00e9rmica, FA<\/td>\n<td>Automotivo, constru\u00e7\u00e3o<\/td>\n<\/tr>\n<\/tbody>\n<\/table>\n<p>&nbsp;<\/p>\n<p class=\"whitespace-pre-wrap\">FeCoNiCr oferece com folga uma resist\u00eancia muito superior em altas temperaturas, enquanto que a 316L fornece melhores caracter\u00edsticas de fabrica\u00e7\u00e3o e resist\u00eancia \u00e0 corros\u00e3o por um custo mais baixo.<\/p>\n<h2>Perguntas frequentes sobre p\u00f3s FeCoNiCr<\/h2>\n<p class=\"whitespace-pre-wrap\"><strong>P: Como \u00e9 produzido o p\u00f3 de FeCoNiCr?<\/strong><\/p>\n<p class=\"whitespace-pre-wrap\">R: O p\u00f3 FeCoNiCr \u00e9 produzido comercialmente utilizando atomiza\u00e7\u00e3o a g\u00e1s, atomiza\u00e7\u00e3o de \u00e1gua e liga mec\u00e2nica seguida de sinteriza\u00e7\u00e3o. A atomiza\u00e7\u00e3o a g\u00e1s proporciona as melhores caracter\u00edsticas para o p\u00f3.<\/p>\n<p class=\"whitespace-pre-wrap\"><strong>P: Quais s\u00e3o as principais aplica\u00e7\u00f5es de p\u00f3 FeCoNiCr?<\/strong><\/p>\n<p class=\"whitespace-pre-wrap\">R: As principais aplica\u00e7\u00f5es incluem revestimentos de pulveriza\u00e7\u00e3o t\u00e9rmica, manufatura aditiva, material de enchimento de brasagem, ferramentas de trabalho a quente de metalurgia do p\u00f3, equipamentos de processamento de vidro onde s\u00e3o necess\u00e1rias resist\u00eancia e for\u00e7a em alta temperatura.<\/p>\n<p class=\"whitespace-pre-wrap\"><strong>P: Qual o tamanho de part\u00edcula recomendado para pulveriza\u00e7\u00e3o t\u00e9rmica?<\/strong><\/p>\n<p class=\"whitespace-pre-wrap\">R: Para a maioria dos processos de pulveriza\u00e7\u00e3o t\u00e9rmica, uma gama de tamanho de part\u00edcula de 45-150 microns \u00e9 preferida para p\u00f3 de FeCoNiCr para maximizar a efici\u00eancia de deposi\u00e7\u00e3o e as propriedades do revestimento.<\/p>\n<p class=\"whitespace-pre-wrap\"><strong>P: O p\u00f3 de FeCoNiCr requer precau\u00e7\u00f5es especiais de manuseio?<\/strong><\/p>\n<p class=\"whitespace-pre-wrap\">A: Sim, medidas de prote\u00e7\u00e3o adequadas s\u00e3o essenciais ao manusear esse p\u00f3 de liga fina e reativo, incluindo atmosfera inerte, aterramento, ventila\u00e7\u00e3o e EPI.<\/p>\n<p class=\"whitespace-pre-wrap\"><strong>P: Onde posso adquirir p\u00f3 de FeCoNiCr adequado para fabrica\u00e7\u00e3o aditiva?<\/strong><\/p>\n<p class=\"whitespace-pre-wrap\">A: Para aplica\u00e7\u00f5es de AM que requerem resist\u00eancia a alta temperatura, p\u00f3 fino de FeCoNiCr pode ser adquirido de fabricantes l\u00edderes como Sandvik, Erasteel, Tekna e Edgetech Industries.<\/p>\n<p><\/span><\/span><\/p>","protected":false},"excerpt":{"rendered":"<p>Vis\u00e3o geral do p\u00f3 de FeCoNiCr O FeCoNiCr pertence a uma classe de ligas de alto desempenho que apresentam boas propriedades mec\u00e2nicas, estabilidade microestrutural e resist\u00eancia ambiental a temperaturas elevadas superiores a 750\u00a1\"C. O ferro e o cobalto proporcionam resist\u00eancia. O n\u00edquel aumenta a ductilidade e a tenacidade. O cr\u00f3mio proporciona resist\u00eancia \u00e0 oxida\u00e7\u00e3o e \u00e0 corros\u00e3o. As principais caracter\u00edsticas do p\u00f3 FeCoNiCr incluem: Excelente resist\u00eancia a altas temperaturas e...<\/p>","protected":false},"featured_media":1792,"parent":0,"template":"","meta":{"_acf_changed":false,"_kad_blocks_custom_css":"","_kad_blocks_head_custom_js":"","_kad_blocks_body_custom_js":"","_kad_blocks_footer_custom_js":"","_kad_post_transparent":"","_kad_post_title":"","_kad_post_layout":"","_kad_post_sidebar_id":"","_kad_post_content_style":"","_kad_post_vertical_padding":"","_kad_post_feature":"","_kad_post_feature_position":"","_kad_post_header":false,"_kad_post_footer":false,"_kad_post_classname":""},"product-category":[119,127],"class_list":["post-3895","product","type-product","status-publish","has-post-thumbnail","hentry","product-category-3d-printing-metal-powder","product-category-high-entropy-alloy-powder"],"acf":[],"taxonomy_info":{"product-category":[{"value":119,"label":"3D Printing Metal Powder"},{"value":127,"label":"High Entropy Alloy Powder"}]},"featured_image_src_large":["https:\/\/3dpmetal.com\/wp-content\/uploads\/2024\/02\/FeCoNiCrMo.jpg",500,432,false],"author_info":[],"comment_info":"","_links":{"self":[{"href":"https:\/\/3dpmetal.com\/pt\/wp-json\/wp\/v2\/product\/3895","targetHints":{"allow":["GET"]}}],"collection":[{"href":"https:\/\/3dpmetal.com\/pt\/wp-json\/wp\/v2\/product"}],"about":[{"href":"https:\/\/3dpmetal.com\/pt\/wp-json\/wp\/v2\/types\/product"}],"wp:featuredmedia":[{"embeddable":true,"href":"https:\/\/3dpmetal.com\/pt\/wp-json\/wp\/v2\/media\/1792"}],"wp:attachment":[{"href":"https:\/\/3dpmetal.com\/pt\/wp-json\/wp\/v2\/media?parent=3895"}],"wp:term":[{"taxonomy":"product-category","embeddable":true,"href":"https:\/\/3dpmetal.com\/pt\/wp-json\/wp\/v2\/product-category?post=3895"}],"curies":[{"name":"wp","href":"https:\/\/api.w.org\/{rel}","templated":true}]}}