{"id":3896,"date":"2024-03-18T06:10:14","date_gmt":"2024-03-18T06:10:14","guid":{"rendered":"https:\/\/3dp.45612300.xyz\/product\/pure-aluminum-powder\/"},"modified":"2024-03-18T06:10:14","modified_gmt":"2024-03-18T06:10:14","slug":"pure-aluminum-powder","status":"publish","type":"product","link":"https:\/\/3dpmetal.com\/pt\/product\/pure-aluminum-powder\/","title":{"rendered":"P\u00f3 de alum\u00ednio puro"},"content":{"rendered":"<p><span style=\"vertical-align: inherit;\"><span style=\"vertical-align: inherit;\"><\/p>\n<h2>Vis\u00e3o geral do p\u00f3 de alum\u00ednio puro<\/h2>\n<p class=\"whitespace-pre-wrap\">O p\u00f3 de alum\u00ednio puro cont\u00e9m 99% ou mais de teor de alum\u00ednio. Oferece baixa densidade combinada com boa ductilidade, condutividade e resist\u00eancia \u00e0 corros\u00e3o.<\/p>\n<p class=\"whitespace-pre-wrap\">Propriedades importantes e vantagens do p\u00f3 de alum\u00ednio puro:<\/p>\n<p class=\"whitespace-pre-wrap\"><strong>Propriedades e caracter\u00edsticas do p\u00f3 de alum\u00ednio puro<\/strong><\/p>\n<table>\n<thead>\n<tr>\n<th>Propriedades<\/th>\n<th>Detalhes<\/th>\n<\/tr>\n<\/thead>\n<tbody>\n<tr>\n<td>Composi\u00e7\u00e3o<\/td>\n<td>Teor de Al de 99% ou mais<\/td>\n<\/tr>\n<tr>\n<td>Densidade<\/td>\n<td>2,7 g\/cm\u00b3<\/td>\n<\/tr>\n<tr>\n<td>Forma da part\u00edcula<\/td>\n<td>Esf\u00e9rica, irregular<\/td>\n<\/tr>\n<tr>\n<td>Intervalo de tamanho<\/td>\n<td>1-150 microns<\/td>\n<\/tr>\n<tr>\n<td>Densidade Aparente<\/td>\n<td>At\u00e9 50% da verdadeira densidade<\/td>\n<\/tr>\n<tr>\n<td>Condutividade<\/td>\n<td>Excelente condutividade el\u00e9trica e t\u00e9rmica<\/td>\n<\/tr>\n<tr>\n<td>Resist\u00eancia \u00e0 corros\u00e3o<\/td>\n<td>Boa devido \u00e0 camada de \u00f3xido protetora<\/td>\n<\/tr>\n<\/tbody>\n<\/table>\n<p class=\"whitespace-pre-wrap\">O p\u00f3 de alum\u00ednio puro \u00e9 adequado para aplica\u00e7\u00f5es como soldagem aluminot\u00e9rmica, ferramentas de diamante, revestimentos condutores, pirotecnia e moldagem por inje\u00e7\u00e3o de metal.<\/p>\n<h2>Composi\u00e7\u00e3o do P\u00f3 de Alum\u00ednio<\/h2>\n<p class=\"whitespace-pre-wrap\">Composi\u00e7\u00e3o t\u00edpica do p\u00f3 de alum\u00ednio puro:<\/p>\n<p class=\"whitespace-pre-wrap\"><strong>Composi\u00e7\u00e3o do P\u00f3 de Alum\u00ednio<\/strong><\/p>\n<table>\n<thead>\n<tr>\n<th>Elemento<\/th>\n<th>Peso %<\/th>\n<\/tr>\n<\/thead>\n<tbody>\n<tr>\n<td>Alum\u00ednio (Al)<\/td>\n<td>M\u00ednimo de 99%<\/td>\n<\/tr>\n<tr>\n<td>Sil\u00edcio (Si)<\/td>\n<td>M\u00e1x. 0,5 %<\/td>\n<\/tr>\n<tr>\n<td>Ferro (Fe)<\/td>\n<td>M\u00e1x. 0,5 %<\/td>\n<\/tr>\n<tr>\n<td>Cobre (Cu)<\/td>\n<td>M\u00e1x. de 0,05%<\/td>\n<\/tr>\n<tr>\n<td>Mangan\u00eas (Mn)<\/td>\n<td>M\u00e1x. de 0,05%<\/td>\n<\/tr>\n<tr>\n<td>Magn\u00e9sio (Mg)<\/td>\n<td>M\u00e1x. de 0,05%<\/td>\n<\/tr>\n<tr>\n<td>Outras impurezas<\/td>\n<td>M\u00e1x. de 0,05%<\/td>\n<\/tr>\n<\/tbody>\n<\/table>\n<ul class=\"list-disc pl-8 space-y-2\">\n<li class=\"whitespace-normal\">O alum\u00ednio oferece baixa densidade, ductilidade e condutividade<\/li>\n<li class=\"whitespace-normal\">Os n\u00edveis de impureza de outros elementos s\u00e3o controlados cuidadosamente<\/li>\n<li class=\"whitespace-normal\">Alta pureza de alum\u00ednio oferece condutividade el\u00e9trica e t\u00e9rmica ideais<\/li>\n<\/ul>\n<p class=\"whitespace-pre-wrap\">O alto conte\u00fado de alum\u00ednio garante excelente condutividade combinada com boa resist\u00eancia \u00e0 corros\u00e3o e moderada resist\u00eancia.<\/p>\n<p><img loading=\"lazy\" decoding=\"async\" class=\"size-medium wp-image-1409 aligncenter\" src=\"https:\/\/met3dp.com\/wp-content\/uploads\/2023\/09\/ed7a94ec-3c10-4b1b-87ed--300x300.jpg\" alt=\"P\u00f3 de alum\u00ednio puro\" width=\"300\" height=\"300\" title=\"\"><\/p>\n<h2>Propriedades F\u00edsicas do P\u00f3 de Alum\u00ednio Puro<\/h2>\n<p class=\"whitespace-pre-wrap\"><strong>Propriedades F\u00edsicas do P\u00f3 de Alum\u00ednio Puro<\/strong><\/p>\n<table>\n<thead>\n<tr>\n<th>Propriedade<\/th>\n<th>Valores<\/th>\n<\/tr>\n<\/thead>\n<tbody>\n<tr>\n<td>Densidade<\/td>\n<td>2,7 g\/cm\u00b3<\/td>\n<\/tr>\n<tr>\n<td>Ponto de Fus\u00e3o<\/td>\n<td>660\u00a1\u00abC<\/td>\n<\/tr>\n<tr>\n<td>Condutividade t\u00e9rmica<\/td>\n<td>237 W\/mK<\/td>\n<\/tr>\n<tr>\n<td>Resistividade el\u00e9trica<\/td>\n<td>2,65 \u00c3\u2014\u00b4\u00ce-cm<\/td>\n<\/tr>\n<tr>\n<td>CTE<\/td>\n<td>23,1 x 10^-6 \/K<\/td>\n<\/tr>\n<tr>\n<td>Refletividade<\/td>\n<td>87% a 400 nm de comprimento de onda<\/td>\n<\/tr>\n<\/tbody>\n<\/table>\n<ul class=\"list-disc pl-8 space-y-2\">\n<li class=\"whitespace-normal\">Densidade muito baixa em compara\u00e7\u00e3o com a maioria dos metais<\/li>\n<li class=\"whitespace-normal\">Alta refletividade e condutividade t\u00e9rmica<\/li>\n<li class=\"whitespace-normal\">A baixa resistividade el\u00e9trica fornece alta condutividade<\/li>\n<li class=\"whitespace-normal\">CTE relativamente alto exige considera\u00e7\u00f5es de design<\/li>\n<li class=\"whitespace-normal\">Mant\u00e9m a resist\u00eancia em temperaturas at\u00e9 moderadamente altas<\/li>\n<\/ul>\n<p class=\"whitespace-pre-wrap\">As propriedades tornam o alum\u00ednio puro adequado para aplica\u00e7\u00f5es leves que precisam de condutividade el\u00e9trica\/t\u00e9rmica.<\/p>\n<h2>Propriedades Mec\u00e2nicas do P\u00f3 de Alum\u00ednio Puro<\/h2>\n<p class=\"whitespace-pre-wrap\"><strong>Propriedades Mec\u00e2nicas do P\u00f3 de Alum\u00ednio Puro<\/strong><\/p>\n<table>\n<thead>\n<tr>\n<th>Propriedade<\/th>\n<th>Valores<\/th>\n<\/tr>\n<\/thead>\n<tbody>\n<tr>\n<td>Resist\u00eancia \u00e0 tra\u00e7\u00e3o<\/td>\n<td>90-100 MPa<\/td>\n<\/tr>\n<tr>\n<td>Resist\u00eancia ao escoamento<\/td>\n<td>35-45 MPa<\/td>\n<\/tr>\n<tr>\n<td>Elonga\u00e7\u00e3o<\/td>\n<td>35-40%<\/td>\n<\/tr>\n<tr>\n<td>Dureza<\/td>\n<td>25-35 HB<\/td>\n<\/tr>\n<tr>\n<td>Resist\u00eancia \u00e0 fadiga<\/td>\n<td>50-90 MPa<\/td>\n<\/tr>\n<tr>\n<td>Resist\u00eancia ao cisalhamento<\/td>\n<td>60-65 MPa<\/td>\n<\/tr>\n<\/tbody>\n<\/table>\n<ul class=\"list-disc pl-8 space-y-2\">\n<li class=\"whitespace-normal\">Resist\u00eancia \u00e0 tra\u00e7\u00e3o e escoamento relativamente baixas<\/li>\n<li class=\"whitespace-normal\">Alongamento muito alto oferece ductibilidade excelente<\/li>\n<li class=\"whitespace-normal\">Baixa dureza quando comparada \u00e0 maioria dos metais<\/li>\n<li class=\"whitespace-normal\">Alta resist\u00eancia \u00e0 fadiga adequada para carregamento c\u00edclico<\/li>\n<li class=\"whitespace-normal\">Propriedades podem ser aprimoradas atrav\u00e9s da adi\u00e7\u00e3o de ligas<\/li>\n<\/ul>\n<p class=\"whitespace-pre-wrap\">As propriedades tornam o alum\u00ednio puro adequado para aplica\u00e7\u00f5es macias e d\u00fateis que requerem condutividade e maleabilidade.<\/p>\n<h2>Aplica\u00e7\u00f5es do p\u00f3 de alum\u00ednio puro<\/h2>\n<p class=\"whitespace-pre-wrap\">Aplica\u00e7\u00f5es t\u00edpicas de p\u00f3 de alum\u00ednio puro incluem:<\/p>\n<p class=\"whitespace-pre-wrap\"><strong>Aplica\u00e7\u00f5es do p\u00f3 de alum\u00ednio puro<\/strong><\/p>\n<table>\n<thead>\n<tr>\n<th>Ind\u00fastria<\/th>\n<th>Uso<\/th>\n<\/tr>\n<\/thead>\n<tbody>\n<tr>\n<td>Soldadura aluminot\u00e9rmica<\/td>\n<td>Soldagem de trilhos, jun\u00e7\u00e3o de metais<\/td>\n<\/tr>\n<tr>\n<td>fabrica\u00e7\u00e3o aditiva<\/td>\n<td>Componentes de baixa resist\u00eancia<\/td>\n<\/tr>\n<tr>\n<td>Explosivos e pirotecnia.<\/td>\n<td>Composi\u00e7\u00f5es de Termite<\/td>\n<\/tr>\n<tr>\n<td>Revestimentos em p\u00f3<\/td>\n<td>Revestimentos condutivos e resistentes<\/td>\n<\/tr>\n<tr>\n<td>Ferramentas diamantadas<\/td>\n<td>Matriz met\u00e1lica com part\u00edculas de diamante<\/td>\n<\/tr>\n<tr>\n<td>Fogos de artif\u00edcio<\/td>\n<td>Composi\u00e7\u00f5es de combust\u00edvel e pirot\u00e9cnica.<\/td>\n<\/tr>\n<\/tbody>\n<\/table>\n<p class=\"whitespace-pre-wrap\">Alguns usos espec\u00edficos do produto:<\/p>\n<ul class=\"list-disc pl-8 space-y-2\">\n<li class=\"whitespace-normal\">Misturas termitas para uni\u00e3o de metais in-situ e soldagem.<\/li>\n<li class=\"whitespace-normal\">Ligas de fus\u00e3o de baixo ponto de fus\u00e3o<\/li>\n<li class=\"whitespace-normal\">Revestimento eletricamente condutor e de blindagem de RF<\/li>\n<li class=\"whitespace-normal\">Ferramentas de alum\u00ednio-diamante para corte de pedra<\/li>\n<li class=\"whitespace-normal\">P\u00f3lvora de flash e composi\u00e7\u00f5es pirot\u00e9cnicas<\/li>\n<li class=\"whitespace-normal\">Moldagem por inje\u00e7\u00e3o de metal de pe\u00e7as n\u00e3o estruturais<\/li>\n<\/ul>\n<p class=\"whitespace-pre-wrap\">A ductilidade, condutividade e reatividade tornam o alum\u00ednio puro adequado para essas aplica\u00e7\u00f5es de nicho.<\/p>\n<h2>Especifica\u00e7\u00f5es do P\u00f3 de Alum\u00ednio Puro<\/h2>\n<p class=\"whitespace-pre-wrap\">Especifica\u00e7\u00f5es fundamentais para p\u00f3 de alum\u00ednio puro incluem:<\/p>\n<p class=\"whitespace-pre-wrap\"><strong>Especifica\u00e7\u00f5es do P\u00f3 de Alum\u00ednio Puro<\/strong><\/p>\n<table>\n<thead>\n<tr>\n<th>Padr\u00e3o<\/th>\n<th>Descri\u00e7\u00e3o<\/th>\n<\/tr>\n<\/thead>\n<tbody>\n<tr>\n<td>ASTM B787<\/td>\n<td>Norma para p\u00f3s de alum\u00ednio puro<\/td>\n<\/tr>\n<tr>\n<td>ASTM B859<\/td>\n<td>Especifica\u00e7\u00f5es para p\u00f3s de alum\u00ednio e ligas de alum\u00ednio<\/td>\n<\/tr>\n<tr>\n<td>DIN 1718-1<\/td>\n<td>Sistema de designa\u00e7\u00e3o para o alum\u00ednio e liga de alum\u00ednio<\/td>\n<\/tr>\n<tr>\n<td>GJB320B<\/td>\n<td>Padr\u00e3o militar chin\u00eas para p\u00f3s de alum\u00ednio e liga de alum\u00ednio<\/td>\n<\/tr>\n<\/tbody>\n<\/table>\n<p class=\"whitespace-pre-wrap\">Esses definem:<\/p>\n<ul class=\"list-disc pl-8 space-y-2\">\n<li class=\"whitespace-normal\">M\u00ednimo 99% de conte\u00fado de alum\u00ednio<\/li>\n<li class=\"whitespace-normal\">Limites de impurezas como Fe e Si<\/li>\n<li class=\"whitespace-normal\">Caracter\u00edsticas da p\u00f3lvora como distribui\u00e7\u00e3o de densidade aparente e tamanho de part\u00edculas<\/li>\n<li class=\"whitespace-normal\">M\u00e9todos de produ\u00e7\u00e3o aprovados, tais como atomiza\u00e7\u00e3o<\/li>\n<li class=\"whitespace-normal\">Protocolos de amostragem e teste<\/li>\n<\/ul>\n<p class=\"whitespace-pre-wrap\">O atendimento aos padr\u00f5es garante a adequa\u00e7\u00e3o para aplica\u00e7\u00f5es que necessitam de p\u00f3 de alum\u00ednio de alta pureza.<\/p>\n<h2>Tamanhos de Part\u00edcula de P\u00f3 de Alum\u00ednio Puro<\/h2>\n<p class=\"whitespace-pre-wrap\"><strong>Distribui\u00e7\u00e3o de tamanho de part\u00edculas de p\u00f3 de alum\u00ednio puro<\/strong><\/p>\n<table>\n<thead>\n<tr>\n<th>Tamanho<\/th>\n<th>Caracter\u00edsticas<\/th>\n<\/tr>\n<\/thead>\n<tbody>\n<tr>\n<td>1-10 micrometros<\/td>\n<td>Grau ultra fino usado em pastas de impress\u00e3o<\/td>\n<\/tr>\n<tr>\n<td>10-45 m\u00edcrons<\/td>\n<td>Granulometria fina adequada para revestimentos e prensagem<\/td>\n<\/tr>\n<tr>\n<td>45 - 150 microns<\/td>\n<td>A granula\u00e7\u00e3o grossa proporciona melhor fluidez<\/td>\n<\/tr>\n<\/tbody>\n<\/table>\n<ul class=\"list-disc pl-8 space-y-2\">\n<li class=\"whitespace-normal\">Tamanhos mais finos proporcionam um acabamento suave e alta reatividade<\/li>\n<li class=\"whitespace-normal\">P\u00f3 mais grosso tem melhor fluxo para processamento automatizado<\/li>\n<li class=\"whitespace-normal\">Est\u00e3o dispon\u00edveis formatos de part\u00edculas tanto esferoidais como irregulares<\/li>\n<li class=\"whitespace-normal\">A distribui\u00e7\u00e3o do tamanho depende do uso alvo<\/li>\n<\/ul>\n<p class=\"whitespace-pre-wrap\">O controle da distribui\u00e7\u00e3o do tamanho das part\u00edculas otimiza o comportamento de processamento, a densidade, a reatividade e o acabamento.<\/p>\n<h2>Densidade aparente do p\u00f3 de alum\u00ednio puro<\/h2>\n<p class=\"whitespace-pre-wrap\"><strong>Densidade aparente do p\u00f3 de alum\u00ednio puro<\/strong><\/p>\n<table>\n<thead>\n<tr>\n<th>Densidade Aparente<\/th>\n<th>Detalhes<\/th>\n<\/tr>\n<\/thead>\n<tbody>\n<tr>\n<td>At\u00e9 50% da verdadeira densidade<\/td>\n<td>Para p\u00f3 de morfologia irregular<\/td>\n<\/tr>\n<tr>\n<td>1,3-1,7 g\/cc<\/td>\n<td>Maior para p\u00f3 esf\u00e9rico<\/td>\n<\/tr>\n<\/tbody>\n<\/table>\n<ul class=\"list-disc pl-8 space-y-2\">\n<li class=\"whitespace-normal\">Forma esf\u00e9rica do p\u00f3 fornece maior densidade aparente<\/li>\n<li class=\"whitespace-normal\">Part\u00edculas irregulares possuem densidade mais baixa em torno de 30-40%<\/li>\n<li class=\"whitespace-normal\">Maior densidade melhora o fluxo do p\u00f3 e a compactabilidade<\/li>\n<li class=\"whitespace-normal\">\u00c9 poss\u00edvel trabalhar com valores de at\u00e9 60% com p\u00f3 esf\u00e9rico otimizado<\/li>\n<\/ul>\n<p class=\"whitespace-pre-wrap\">Densidade aparente mais alta promove melhor produtividade de fabrica\u00e7\u00e3o e qualidade da pe\u00e7a.<\/p>\n<h2>Produ\u00e7\u00e3o de P\u00f3 de Alum\u00ednio Puro<\/h2>\n<p class=\"whitespace-pre-wrap\"><strong>Produ\u00e7\u00e3o de P\u00f3 de Alum\u00ednio Puro<\/strong><\/p>\n<table>\n<thead>\n<tr>\n<th>M\u00e9todo<\/th>\n<th>Detalhes<\/th>\n<\/tr>\n<\/thead>\n<tbody>\n<tr>\n<td>Atomiza\u00e7\u00e3o<\/td>\n<td>Fluxo de alum\u00ednio fundido partido em gotinhas finas que se solidificam em p\u00f3<\/td>\n<\/tr>\n<tr>\n<td>\"Milling de bolas\"<\/td>\n<td>Moagem mec\u00e2nica classifica p\u00f3s grosseiros em p\u00f3s finos<\/td>\n<\/tr>\n<tr>\n<td>Recozimento<\/td>\n<td>Remove tens\u00f5es internas e melhora a compressibilidade do p\u00f3<\/td>\n<\/tr>\n<tr>\n<td>Peneira\u00e7\u00e3o<\/td>\n<td>Classifica o p\u00f3 em diferentes fra\u00e7\u00f5es de tamanho<\/td>\n<\/tr>\n<\/tbody>\n<\/table>\n<ul class=\"list-disc pl-8 space-y-2\">\n<li class=\"whitespace-normal\">A atomiza\u00e7\u00e3o possibilita a produ\u00e7\u00e3o de grandes volumes com tamanhos de part\u00edculas controlados<\/li>\n<li class=\"whitespace-normal\">A fresagem oferece redu\u00e7\u00e3o de custo da granulometria de p\u00f3s grosseiros<\/li>\n<li class=\"whitespace-normal\">Recozimento e peneiramento fornecem tamanhos e formatos de p\u00f3 personalizados<\/li>\n<\/ul>\n<p class=\"whitespace-pre-wrap\">A combina\u00e7\u00e3o de m\u00e9todos produz p\u00f3 de alum\u00ednio de alta pureza com caracter\u00edsticas espec\u00edficas para cada aplica\u00e7\u00e3o.<\/p>\n<h2>Pre\u00e7os do p\u00f3 de alum\u00ednio puro<\/h2>\n<p class=\"whitespace-pre-wrap\"><strong>Pre\u00e7os do p\u00f3 de alum\u00ednio puro<\/strong><\/p>\n<table>\n<thead>\n<tr>\n<th>Fator<\/th>\n<th>Impacto no pre\u00e7o<\/th>\n<\/tr>\n<\/thead>\n<tbody>\n<tr>\n<td>Pureza<\/td>\n<td>Graus de pureza maiores custam mais<\/td>\n<\/tr>\n<tr>\n<td>Tamanho da part\u00edcula<\/td>\n<td>P\u00f3 ultrafino \u00e9 mais caro<\/td>\n<\/tr>\n<tr>\n<td>Volume da ordem<\/td>\n<td>Pedidos em massa obt\u00eam descontos<\/td>\n<\/tr>\n<tr>\n<td>M\u00e9todo de produ\u00e7\u00e3o<\/td>\n<td>M\u00e9todos complexos aumentam custo<\/td>\n<\/tr>\n<tr>\n<td>Embalagem<\/td>\n<td>Embalagem especial aumenta o custo<\/td>\n<\/tr>\n<\/tbody>\n<\/table>\n<p class=\"whitespace-pre-wrap\"><strong>Pre\u00e7o Indicativo<\/strong><\/p>\n<ul class=\"list-disc pl-8 space-y-2\">\n<li class=\"whitespace-normal\">P\u00f3 fino de alum\u00ednio puro: US$ 3 a 6 por kg<\/li>\n<li class=\"whitespace-normal\">P\u00f3 de alum\u00ednio puro grosso: $2-4 o kg<\/li>\n<li class=\"whitespace-normal\">Pre\u00e7os por grandes quantidades podem ser at\u00e9 30% mais baixos<\/li>\n<\/ul>\n<p class=\"whitespace-pre-wrap\">O pre\u00e7o depende da pureza, tamanho de part\u00edcula, quantidade do pedido, m\u00e9todo de produ\u00e7\u00e3o e requisitos de personaliza\u00e7\u00e3o.<\/p>\n<h2>Fornecedores de P\u00f3 de Alum\u00ednio Puro<\/h2>\n<p class=\"whitespace-pre-wrap\"><strong>Fornecedores de P\u00f3 de Alum\u00ednio Puro<\/strong><\/p>\n<table>\n<thead>\n<tr>\n<th>Empresa<\/th>\n<th>Local<\/th>\n<\/tr>\n<\/thead>\n<tbody>\n<tr>\n<td>Advanced Chemical Company<\/td>\n<td>EUA<\/td>\n<\/tr>\n<tr>\n<td>Micron Metals<\/td>\n<td>EUA<\/td>\n<\/tr>\n<tr>\n<td>Materia prima de metal Baohua<\/td>\n<td>China<\/td>\n<\/tr>\n<tr>\n<td>Hengxing Metall\u00fargica<\/td>\n<td>China<\/td>\n<\/tr>\n<tr>\n<td>Xangai ShuiDing P\u00f3 Material<\/td>\n<td>China<\/td>\n<\/tr>\n<tr>\n<td>Reade Advanced Materials<\/td>\n<td>EUA<\/td>\n<\/tr>\n<\/tbody>\n<\/table>\n<p class=\"whitespace-pre-wrap\">Fatores de sele\u00e7\u00e3o para fornecedores:<\/p>\n<ul class=\"list-disc pl-8 space-y-2\">\n<li class=\"whitespace-normal\">N\u00edveis de pureza e graus dispon\u00edveis<\/li>\n<li class=\"whitespace-normal\">Capacidades de produ\u00e7\u00e3o e prazos de entrega<\/li>\n<li class=\"whitespace-normal\">Intervalos de tamanho m\u00e9dio das part\u00edculas<\/li>\n<li class=\"whitespace-normal\">Personaliza\u00e7\u00e3o da distribui\u00e7\u00e3o de part\u00edculas<\/li>\n<li class=\"whitespace-normal\">op\u00e7\u00f5es de embalagem<\/li>\n<li class=\"whitespace-normal\">N\u00edveis de pre\u00e7os baseados nas quantidades de pedidos<\/li>\n<li class=\"whitespace-normal\">Conformidade com padr\u00f5es internacionais<\/li>\n<\/ul>\n<h2>Manuseio e Armazenamento de P\u00f3 de Alum\u00ednio Puro<\/h2>\n<p class=\"whitespace-pre-wrap\"><strong>Manuseio de P\u00f3 de Alum\u00ednio Puro<\/strong><\/p>\n<table>\n<thead>\n<tr>\n<th>Recomenda\u00e7\u00e3o<\/th>\n<th>Raz\u00e3o<\/th>\n<\/tr>\n<\/thead>\n<tbody>\n<tr>\n<td>Utilize ventila\u00e7\u00e3o adequada<\/td>\n<td>Evite ambientes com p\u00f3 concentrado<\/td>\n<\/tr>\n<tr>\n<td>Empregue sistemas de aterramento<\/td>\n<td>Evite descargas est\u00e1ticas durante o manuseio<\/td>\n<\/tr>\n<tr>\n<td>Limite a exposi\u00e7\u00e3o \u00e0 umidade<\/td>\n<td>Evita a oxida\u00e7\u00e3o de part\u00edculas<\/td>\n<\/tr>\n<tr>\n<td>Siga protocolos seguros<\/td>\n<td>Reduza riscos de sa\u00fade e inc\u00eandio<\/td>\n<\/tr>\n<tr>\n<td>Evite fontes de igni\u00e7\u00e3o<\/td>\n<td>Risco de p\u00f3 inflam\u00e1vel<\/td>\n<\/tr>\n<tr>\n<td>Utilize ferramentas antifa\u00edsca<\/td>\n<td>Prevenir possibilidade de igni\u00e7\u00e3o<\/td>\n<\/tr>\n<\/tbody>\n<\/table>\n<p class=\"whitespace-pre-wrap\"><strong>Recomenda\u00e7\u00f5es de Armazenamento<\/strong><\/p>\n<ul class=\"list-disc pl-8 space-y-2\">\n<li class=\"whitespace-normal\">Armazene em recipientes secos e inertes selados<\/li>\n<li class=\"whitespace-normal\">Manter temperaturas de armazenamento abaixo de 27 \u00a1\u00abC<\/li>\n<li class=\"whitespace-normal\">Limite a exposi\u00e7\u00e3o a oxidantes como \u00e1cido n\u00edtrico.<\/li>\n<\/ul>\n<p class=\"whitespace-pre-wrap\">Precau\u00e7\u00f5es adequadas durante o manuseio e armazenamento ajudam a preservar a pureza e prevenir riscos de oxida\u00e7\u00e3o ou igni\u00e7\u00e3o.<\/p>\n<h2>Inspe\u00e7\u00e3o e Teste de P\u00f3 de Alum\u00ednio Puro<\/h2>\n<p class=\"whitespace-pre-wrap\"><strong>Teste de P\u00f3 de Alum\u00ednio Puro<\/strong><\/p>\n<table>\n<thead>\n<tr>\n<th>Teste<\/th>\n<th>Detalhes<\/th>\n<\/tr>\n<\/thead>\n<tbody>\n<tr>\n<td>An\u00e1lises qu\u00edmicas<\/td>\n<td>Testes XRF ou ICP verificam a composi\u00e7\u00e3o<\/td>\n<\/tr>\n<tr>\n<td>Distribui\u00e7\u00e3o de Tamanho de Part\u00edculas<\/td>\n<td>An\u00e1lise por difra\u00e7\u00e3o a laser<\/td>\n<\/tr>\n<tr>\n<td>Densidade Aparente<\/td>\n<td>Teste de flux\u00f4metro de Hall conforme ao padr\u00e3o ASTM B212<\/td>\n<\/tr>\n<tr>\n<td>Morfologia de p\u00f3<\/td>\n<td>Imagem de MEV da forma de part\u00edcula<\/td>\n<\/tr>\n<tr>\n<td>An\u00e1lise da taxa de fluxo<\/td>\n<td>Taxa de fluxo gravitacional por funil especificado<\/td>\n<\/tr>\n<tr>\n<td>Medi\u00e7\u00e3o de humidade<\/td>\n<td>Teste de perda na secagem<\/td>\n<\/tr>\n<\/tbody>\n<\/table>\n<p class=\"whitespace-pre-wrap\">Os testes garantem que o p\u00f3 atenda aos n\u00edveis de pureza exigidos, \u00e0s caracter\u00edsticas das part\u00edculas, \u00e0s especifica\u00e7\u00f5es de densidade, \u00e0 morfologia e \u00e0 fluidez por padr\u00f5es aplic\u00e1veis.<\/p>\n<h2>Pr\u00f3s e contras do p\u00f3 de alum\u00ednio puro<\/h2>\n<p class=\"whitespace-pre-wrap\"><strong>Vantagens do P\u00f3 de Alum\u00ednio Puro<\/strong><\/p>\n<ul class=\"list-disc pl-8 space-y-2\">\n<li class=\"whitespace-normal\">Baixa densidade oferece propriedades com peso leve<\/li>\n<li class=\"whitespace-normal\">Excelente condutividade el\u00e9trica e t\u00e9rmica<\/li>\n<li class=\"whitespace-normal\">Boa resist\u00eancia \u00e0 corros\u00e3o<\/li>\n<li class=\"whitespace-normal\">Alta ductilidade e excelente maleabilidade<\/li>\n<li class=\"whitespace-normal\">Recicl\u00e1vel e amigo do ambiente<\/li>\n<li class=\"whitespace-normal\">Econ\u00f4mico em compara\u00e7\u00e3o a outros p\u00f3s condutivos<\/li>\n<\/ul>\n<p class=\"whitespace-pre-wrap\"><strong>Limita\u00e7\u00f5es do p\u00f3 de alum\u00ednio puro<\/strong><\/p>\n<ul class=\"list-disc pl-8 space-y-2\">\n<li class=\"whitespace-normal\">Baixa resist\u00eancia limita usos estruturais de suporte de carga<\/li>\n<li class=\"whitespace-normal\">Resist\u00eancia mec\u00e2nica de temperatura moderadamente alta<\/li>\n<li class=\"whitespace-normal\">Requerem revestimentos protetores em ambientes corrosivos<\/li>\n<li class=\"whitespace-normal\">Sens\u00edvel \u00e0 contamina\u00e7\u00e3o por humidade e outros p\u00f3s<\/li>\n<li class=\"whitespace-normal\">Natureza pirof\u00f3rica requer manuseio cuidadoso<\/li>\n<li class=\"whitespace-normal\">Oxida gradualmente ao longo do tempo se n\u00e3o estiver revestida<\/li>\n<\/ul>\n<h2>Compara\u00e7\u00e3o com P\u00f3 de Liga de Al-Mg<\/h2>\n<p class=\"whitespace-pre-wrap\"><strong>P\u00f3 de liga pura de alum\u00ednio em compara\u00e7\u00e3o ao p\u00f3 de liga de alum\u00ednio-magn\u00e9sio<\/strong><\/p>\n<table>\n<thead>\n<tr>\n<th>Par\u00e2metros<\/th>\n<th>Al puro<\/th>\n<th>Al-Mg<\/th>\n<\/tr>\n<\/thead>\n<tbody>\n<tr>\n<td>Densidade<\/td>\n<td>2,7 g\/cm\u00b3<\/td>\n<td>2,7 g\/cm\u00b3<\/td>\n<\/tr>\n<tr>\n<td>For\u00e7a<\/td>\n<td>90-100 MPa<\/td>\n<td>150-220 MPa<\/td>\n<\/tr>\n<tr>\n<td>Condutividade<\/td>\n<td>Excelente<\/td>\n<td>Bom<\/td>\n<\/tr>\n<tr>\n<td>Resist\u00eancia \u00e0 corros\u00e3o<\/td>\n<td>Bom<\/td>\n<td>Excelente<\/td>\n<\/tr>\n<tr>\n<td>Custo<\/td>\n<td>Baixo<\/td>\n<td>Alto<\/td>\n<\/tr>\n<tr>\n<td>Uso<\/td>\n<td>Soldagem termitica, pirotecnia<\/td>\n<td>Componentes estruturais<\/td>\n<\/tr>\n<\/tbody>\n<\/table>\n<ul class=\"list-disc pl-8 space-y-2\">\n<li class=\"whitespace-normal\">Al puro oferece melhor condutividade e menor custo<\/li>\n<li class=\"whitespace-normal\">A liga de Al-Mg fornece maior resist\u00eancia<\/li>\n<li class=\"whitespace-normal\">O Al puro \u00e9 adequado para aplica\u00e7\u00f5es el\u00e9tricas e pirotecnias<\/li>\n<li class=\"whitespace-normal\">Al-Mg preferido para componentes estruturais leves<\/li>\n<\/ul>\n<h2>Perguntas frequentes sobre o p\u00f3 de alum\u00ednio puro<\/h2>\n<p class=\"whitespace-pre-wrap\"><strong>P: Quais s\u00e3o as principais aplica\u00e7\u00f5es do p\u00f3 de alum\u00ednio puro?<\/strong><\/p>\n<p class=\"whitespace-pre-wrap\">A: As principais aplica\u00e7\u00f5es incluem soldagem termite, revestimentos condutivos, composi\u00e7\u00f5es pirot\u00e9cnicas, ferramentas de diamante, moldagem por inje\u00e7\u00e3o de metal de pe\u00e7as n\u00e3o estruturais e ligas de fundi\u00e7\u00e3o de baixo ponto de fus\u00e3o.<\/p>\n<p class=\"whitespace-pre-wrap\"><strong>Pergunta: Quais as precau\u00e7\u00f5es que devem ser tomadas ao trabalhar com p\u00f3 de alum\u00ednio puro?<\/strong><\/p>\n<p class=\"whitespace-pre-wrap\">A: As precau\u00e7\u00f5es recomendadas incluem ventila\u00e7\u00e3o adequada, evitando fontes de igni\u00e7\u00e3o, equipamentos \u00e0 prova de explos\u00e3o, sistemas de aterramento, ferramentas antifaiscantes, equipamentos de prote\u00e7\u00e3o, protocolos seguros e armazenamento inerte lacrado longe de contaminantes.<\/p>\n<p class=\"whitespace-pre-wrap\"><strong>P: Como o p\u00f3 de alum\u00ednio puro difere dos p\u00f3s de ligas de alum\u00ednio?<\/strong><\/p>\n<p class=\"whitespace-pre-wrap\">A: O alum\u00ednio puro possui 99% ou mais de conte\u00fado de alum\u00ednio, enquanto os p\u00f3s de ligas cont\u00eam outros elementos, como magn\u00e9sio, sil\u00edcio e zinco. O alum\u00ednio puro oferece maior condutividade, por\u00e9m for\u00e7a inferior em compara\u00e7\u00e3o \u00e0s ligas.<\/p>\n<p class=\"whitespace-pre-wrap\"><strong>P: O que afeta as propriedades dos componentes do p\u00f3 de alum\u00ednio puro?<\/strong><\/p>\n<p class=\"whitespace-pre-wrap\">R: Fatores chave s\u00e3o densidade aparente, distribui\u00e7\u00e3o do tamanho das part\u00edculas, press\u00e3o de compacta\u00e7\u00e3o, par\u00e2metros de sinteriza\u00e7\u00e3o, impurezas e porosidade final da pe\u00e7a.<\/p>\n<p><\/span><\/span><\/p>","protected":false},"excerpt":{"rendered":"<p>Vis\u00e3o geral do p\u00f3 de alum\u00ednio puro O p\u00f3 de alum\u00ednio puro cont\u00e9m 99% ou teor de alum\u00ednio superior. Proporciona baixa densidade combinada com boa ductilidade, condutividade e resist\u00eancia \u00e0 corros\u00e3o. As principais propriedades e vantagens do p\u00f3 de alum\u00ednio puro incluem: Propriedades e caracter\u00edsticas do p\u00f3 de alum\u00ednio puro Propriedades Detalhes Composi\u00e7\u00e3o 99% ou teor de Al superior Densidade 2,7 g\/cc Forma da part\u00edcula Esf\u00e9rica,...<\/p>","protected":false},"featured_media":1853,"parent":0,"template":"","meta":{"_acf_changed":false,"_kad_blocks_custom_css":"","_kad_blocks_head_custom_js":"","_kad_blocks_body_custom_js":"","_kad_blocks_footer_custom_js":"","_kad_post_transparent":"","_kad_post_title":"","_kad_post_layout":"","_kad_post_sidebar_id":"","_kad_post_content_style":"","_kad_post_vertical_padding":"","_kad_post_feature":"","_kad_post_feature_position":"","_kad_post_header":false,"_kad_post_footer":false,"_kad_post_classname":""},"product-category":[119,124],"class_list":["post-3896","product","type-product","status-publish","has-post-thumbnail","hentry","product-category-3d-printing-metal-powder","product-category-aluminum-based-alloy-powder"],"acf":[],"taxonomy_info":{"product-category":[{"value":119,"label":"3D Printing Metal Powder"},{"value":124,"label":"Aluminum Based Alloy Powder"}]},"featured_image_src_large":["https:\/\/3dpmetal.com\/wp-content\/uploads\/2024\/02\/Pure-aluminum-powder.jpg",600,600,false],"author_info":[],"comment_info":"","_links":{"self":[{"href":"https:\/\/3dpmetal.com\/pt\/wp-json\/wp\/v2\/product\/3896","targetHints":{"allow":["GET"]}}],"collection":[{"href":"https:\/\/3dpmetal.com\/pt\/wp-json\/wp\/v2\/product"}],"about":[{"href":"https:\/\/3dpmetal.com\/pt\/wp-json\/wp\/v2\/types\/product"}],"wp:featuredmedia":[{"embeddable":true,"href":"https:\/\/3dpmetal.com\/pt\/wp-json\/wp\/v2\/media\/1853"}],"wp:attachment":[{"href":"https:\/\/3dpmetal.com\/pt\/wp-json\/wp\/v2\/media?parent=3896"}],"wp:term":[{"taxonomy":"product-category","embeddable":true,"href":"https:\/\/3dpmetal.com\/pt\/wp-json\/wp\/v2\/product-category?post=3896"}],"curies":[{"name":"wp","href":"https:\/\/api.w.org\/{rel}","templated":true}]}}