{"id":3901,"date":"2024-03-18T06:10:12","date_gmt":"2024-03-18T06:10:12","guid":{"rendered":"https:\/\/3dp.45612300.xyz\/product\/al-6061-powder\/"},"modified":"2024-03-18T06:10:12","modified_gmt":"2024-03-18T06:10:12","slug":"al-6061-powder","status":"publish","type":"product","link":"https:\/\/3dpmetal.com\/pt\/product\/al-6061-powder\/","title":{"rendered":"P\u00f3 de Al 6061"},"content":{"rendered":"<p><span style=\"vertical-align: inherit;\"><span style=\"vertical-align: inherit;\"><\/p>\n<h2>Vis\u00e3o Geral do P\u00f3 Al 6061<\/h2>\n<p class=\"whitespace-pre-wrap\">A liga de alum\u00ednio 6061 \u00e9 uma das ligas de alum\u00ednio trat\u00e1veis termicamente mais vers\u00e1teis. Adi\u00e7\u00f5es de magn\u00e9sio e sil\u00edcio permitem que seja refor\u00e7ada por meio do endurecimento por precipita\u00e7\u00e3o. A liga se tornou imensamente popular devido \u00e0 sua excelente resist\u00eancia \u00e0 corros\u00e3o, usinabilidade, soldabilidade e resist\u00eancia m\u00e9dia a alta.<\/p>\n<p class=\"whitespace-pre-wrap\">Principais caracter\u00edsticas do p\u00f3 Al 6061 incluem:<\/p>\n<ul class=\"list-disc pl-8 space-y-2\">\n<li class=\"whitespace-normal\">Resist\u00eancia m\u00e9dia a alta com excelente ductilidade e tenacidade<\/li>\n<li class=\"whitespace-normal\">Resist\u00eancia \u00e0 corros\u00e3o e acabamento excelentes<\/li>\n<li class=\"whitespace-normal\">Excelente soldabilidade e usinabilidade<\/li>\n<li class=\"whitespace-normal\">Condutividade t\u00e9rmica e el\u00e9trica elevada<\/li>\n<li class=\"whitespace-normal\">Baixa Densidade<\/li>\n<li class=\"whitespace-normal\">Dispon\u00edvel numa vasta gama de tamanhos e formatos de p\u00f3<\/li>\n<\/ul>\n<p class=\"whitespace-pre-wrap\">O p\u00f3 de Al 6061 \u00e9 amplamente utilizado para aplica\u00e7\u00f5es aeroespaciais, navais, automotivas, de constru\u00e7\u00e3o e de engenharia geral que precisam de propriedades mec\u00e2nicas leves e boas.<\/p>\n<h2>Composi\u00e7\u00e3o qu\u00edmica de p\u00f3 de Al 6061<\/h2>\n<p class=\"whitespace-pre-wrap\">A composi\u00e7\u00e3o qu\u00edmica t\u00edpica do p\u00f3 do Al 6061 \u00e9:<\/p>\n<table>\n<thead>\n<tr>\n<th>Elemento<\/th>\n<th>Peso %<\/th>\n<\/tr>\n<\/thead>\n<tbody>\n<tr>\n<td>Alum\u00ednio (Al)<\/td>\n<td>Equil\u00edbrio<\/td>\n<\/tr>\n<tr>\n<td>Sil\u00edcio (Si)<\/td>\n<td>0.4-0.8%<\/td>\n<\/tr>\n<tr>\n<td>Ferro (Fe)<\/td>\n<td>0-0.7%<\/td>\n<\/tr>\n<tr>\n<td>Cobre (Cu)<\/td>\n<td>0.15-0.4%<\/td>\n<\/tr>\n<tr>\n<td>Mangan\u00eas (Mn)<\/td>\n<td>0-0.15%<\/td>\n<\/tr>\n<tr>\n<td>Magn\u00e9sio (Mg)<\/td>\n<td>0.8-1.2%<\/td>\n<\/tr>\n<tr>\n<td>Cr\u00f3mio (Cr)<\/td>\n<td>0.04-0.35%<\/td>\n<\/tr>\n<tr>\n<td>Zinco (Zn)<\/td>\n<td>0-0.25%<\/td>\n<\/tr>\n<tr>\n<td>Tit\u00e2nio (Ti)<\/td>\n<td>0-0.15%<\/td>\n<\/tr>\n<\/tbody>\n<\/table>\n<p><img loading=\"lazy\" decoding=\"async\" class=\"size-medium wp-image-1409 aligncenter\" src=\"https:\/\/met3dp.com\/wp-content\/uploads\/2023\/09\/ed7a94ec-3c10-4b1b-87ed--300x300.jpg\" alt=\"P\u00f3 de Al 6061\" width=\"300\" height=\"300\" title=\"\"><\/p>\n<p class=\"whitespace-pre-wrap\">Magn\u00e9sio e sil\u00edcio s\u00e3o os principais elementos de liga. Tra\u00e7os de ferro, cobre, mangan\u00eas e cr\u00f4mio tamb\u00e9m t\u00eam efeitos menores nas propriedades da liga.<\/p>\n<h2>Propriedades de p\u00f3 Al 6061<\/h2>\n<p class=\"whitespace-pre-wrap\">Principais propriedades do p\u00f3 de Al 6061 incluem:<\/p>\n<table>\n<thead>\n<tr>\n<th>Propriedade<\/th>\n<th>Valor<\/th>\n<\/tr>\n<\/thead>\n<tbody>\n<tr>\n<td>Densidade<\/td>\n<td>2,7 g\/cm3<\/td>\n<\/tr>\n<tr>\n<td>Ponto de Fus\u00e3o<\/td>\n<td>582-652 &lt;!\u00bb<\/td>\n<\/tr>\n<tr>\n<td>Condutividade t\u00e9rmica<\/td>\n<td>167 W\/mK<\/td>\n<\/tr>\n<tr>\n<td>Condutividade El\u00e9trica<\/td>\n<td>IACS de 43-45%<\/td>\n<\/tr>\n<tr>\n<td>M\u00f3dulo de Young<\/td>\n<td>68-72 GPa<\/td>\n<\/tr>\n<tr>\n<td>Coeficiente de Poisson<\/td>\n<td>0.33<\/td>\n<\/tr>\n<tr>\n<td>Resist\u00eancia \u00e0 tra\u00e7\u00e3o<\/td>\n<td>124-290 MPa<\/td>\n<\/tr>\n<tr>\n<td>Resist\u00eancia ao escoamento<\/td>\n<td>55-250 MPa<\/td>\n<\/tr>\n<tr>\n<td>Elonga\u00e7\u00e3o<\/td>\n<td>10-25%<\/td>\n<\/tr>\n<tr>\n<td>Dureza<\/td>\n<td>40-95 Brinell<\/td>\n<\/tr>\n<\/tbody>\n<\/table>\n<p>&nbsp;<\/p>\n<p class=\"whitespace-pre-wrap\">A Al 6061 oferece resist\u00eancia m\u00e9dia a alta que pode ser ainda mais aprimorada atrav\u00e9s de tratamento t\u00e9rmico. Possui excelente resist\u00eancia \u00e0 corros\u00e3o e acabamento.<\/p>\n<h2>M\u00e9todo de Produ\u00e7\u00e3o de P\u00f3 de Al 6061<\/h2>\n<p class=\"whitespace-pre-wrap\">Os m\u00e9todos de produ\u00e7\u00e3o comercial para p\u00f3 de Al 6061 incluem:<\/p>\n<ul class=\"list-disc pl-8 space-y-2\">\n<li class=\"whitespace-normal\"><strong>Atomiza\u00e7\u00e3o de g\u00e1s<\/strong>?- O g\u00e1s inerte de alta press\u00e3o desintegra a liga fundida em p\u00f3 esf\u00e9rico fino, com distribui\u00e7\u00e3o controlada de tamanho.<\/li>\n<li class=\"whitespace-normal\"><strong>Atomiza\u00e7\u00e3o da \u00c1gua<\/strong>?- Jatos de \u00e1gua de alta velocidade atingem e desintegram o metal fundido para produzir part\u00edculas finas e irregulares de p\u00f3.<\/li>\n<li class=\"whitespace-normal\"><strong>Liga\u00e7\u00e3o Mec\u00e2nica<\/strong>?- Moagem de bola de uma mistura de p\u00f3 de alum\u00ednio e elemento de liga seguido por compacta\u00e7\u00e3o e sinteriza\u00e7\u00e3o.<\/li>\n<\/ul>\n<p class=\"whitespace-pre-wrap\">Atomiza\u00e7\u00e3o por g\u00e1s fornece controle superior sobre as caracter\u00edsticas do p\u00f3.<\/p>\n<h2>Aplica\u00e7\u00f5es do P\u00f3 de Al 6061<\/h2>\n<p class=\"whitespace-pre-wrap\">Aplica\u00e7\u00f5es t\u00edpicas do p\u00f3 Al 6061 incluem:<\/p>\n<ul class=\"list-disc pl-8 space-y-2\">\n<li class=\"whitespace-normal\"><strong>fabrica\u00e7\u00e3o aditiva<\/strong>?- Used in selective laser melting, electron beam melting and binder jetting para produzir componentes complexos.<\/li>\n<li class=\"whitespace-normal\"><strong>Moldagem por Inje\u00e7\u00e3o de Metal<\/strong>?- Para fabricar pequenas pe\u00e7as complexas com toler\u00e2ncias apertadas e propriedades excelentes.<\/li>\n<li class=\"whitespace-normal\"><strong>**Metalurgia do P\u00f3**<\/strong>?- Processo de prensa e sinteriza\u00e7\u00e3o para criar pe\u00e7as mec\u00e2nicas e automotivas de alto desempenho.<\/li>\n<li class=\"whitespace-normal\"><strong>Pintura T\u00e9rmica<\/strong>?- Proje\u00e7\u00e3o por arco de arame para depositar revestimentos de prote\u00e7\u00e3o de Al 6061 oferecendo resist\u00eancia \u00e0 corros\u00e3o e ao desgaste.<\/li>\n<li class=\"whitespace-normal\"><strong>Material de Solda<\/strong>?- \u00c9 usado como fio de preenchimento para fornecer resist\u00eancia de solda semelhante \u00e0 do metal de base.<\/li>\n<li class=\"whitespace-normal\"><strong>Pigmentos<\/strong>?- Adicionado a tintas e pol\u00edmeros para fornecer prote\u00e7\u00e3o contra corros\u00e3o e brilho.<\/li>\n<\/ul>\n<h2>Especifica\u00e7\u00f5es de Al 6061 em P\u00f3<\/h2>\n<p class=\"whitespace-pre-wrap\">O p\u00f3 de Al 6061 est\u00e1 dispon\u00edvel em diferentes faixas de tamanhos, formatos, classes e n\u00edveis de pureza:<\/p>\n<ul class=\"list-disc pl-8 space-y-2\">\n<li class=\"whitespace-normal\"><strong>Tamanho de part\u00edcula:<\/strong>De 10 a 150 micr\u00f4metros para m\u00e9todos AM, de at\u00e9 300 micr\u00f4metros para os processos de pulveriza\u00e7\u00e3o t\u00e9rmica.<\/li>\n<li class=\"whitespace-normal\"><strong>Morfologia:<\/strong>?Part\u00edculas esf\u00e9ricas, granulares, dendr\u00edticas e de formato irregular. O p\u00f3 liso flui melhor.<\/li>\n<li class=\"whitespace-normal\"><strong>Pureza:<\/strong>De comercial at\u00e9 alta pureza (99,9%) adaptada para atender \u00e0s necessidades.<\/li>\n<li class=\"whitespace-normal\"><strong>Graus:<\/strong>Em conformidade com especifica\u00e7\u00f5es ASTM B221, EN 573 e ISO 209. Classes especiais oferecidas.<\/li>\n<li class=\"whitespace-normal\"><strong>Fluidez:<\/strong>?O p\u00f3 pode ser personalizado para vaz\u00f5es espec\u00edficas com base na aplica\u00e7\u00e3o.<\/li>\n<\/ul>\n<h2>Fornecedores globais de p\u00f3 de alum\u00ednio Al 6061<\/h2>\n<p class=\"whitespace-pre-wrap\">Alguns dos principais fornecedores globais s\u00e3o:<\/p>\n<ul class=\"list-disc pl-8 space-y-2\">\n<li class=\"whitespace-normal\">Valimet Inc. (EUA)<\/li>\n<li class=\"whitespace-normal\">Makin Metal Powders (RU)<\/li>\n<li class=\"whitespace-normal\">Metal Powder Company (EUA)<\/li>\n<li class=\"whitespace-normal\">Grupo CNPC Powder (China)<\/li>\n<li class=\"whitespace-normal\">SCM Metal Products (EUA)<\/li>\n<li class=\"whitespace-normal\">Nanotecnologia Shanghai Chaowei (China)<\/li>\n<li class=\"whitespace-normal\">P\u00f3 de Tit\u00e2nio (R\u00fassia)<\/li>\n<\/ul>\n<p class=\"whitespace-pre-wrap\">Essas empresas produzem p\u00f3 de Al 6061 adequado para AM, pulveriza\u00e7\u00e3o t\u00e9rmica, aeroespacial, automotivo e outras aplica\u00e7\u00f5es exigentes usando v\u00e1rios m\u00e9todos.<\/p>\n<h2>Pre\u00e7os do p\u00f3 de Al 6061<\/h2>\n<p class=\"whitespace-pre-wrap\">A precifica\u00e7\u00e3o do p\u00f3 de Al 6061 depende de v\u00e1rios fatores:<\/p>\n<ul class=\"list-disc pl-8 space-y-2\">\n<li class=\"whitespace-normal\">N\u00edveis de pureza<\/li>\n<li class=\"whitespace-normal\">Caracter\u00edsticas de part\u00edcula<\/li>\n<li class=\"whitespace-normal\">M\u00e9todo de produ\u00e7\u00e3o de p\u00f3<\/li>\n<li class=\"whitespace-normal\">Volume da ordem<\/li>\n<li class=\"whitespace-normal\">Fornecedor e posi\u00e7\u00e3o geogr\u00e1fica<\/li>\n<\/ul>\n<table>\n<thead>\n<tr>\n<th>Grau<\/th>\n<th>Intervalo de Pre\u00e7os<\/th>\n<\/tr>\n<\/thead>\n<tbody>\n<tr>\n<td>Comercial<\/td>\n<td>US$ 5-15 por kg<\/td>\n<\/tr>\n<tr>\n<td>Alta pureza<\/td>\n<td>$ 15 a 30 por quilo<\/td>\n<\/tr>\n<tr>\n<td>Ultrafino<\/td>\n<td>US$ 30-60 por kg<\/td>\n<\/tr>\n<tr>\n<td>Tipo especial<\/td>\n<td>US$ 60-120 por kg<\/td>\n<\/tr>\n<\/tbody>\n<\/table>\n<p>&nbsp;<\/p>\n<p class=\"whitespace-pre-wrap\">P\u00f3s esf\u00e9ricos, de tamanho de part\u00edcula controlado e alta pureza t\u00eam pre\u00e7os muito mais altos do que os graus comerciais regulares de p\u00f3 Al 6061.<\/p>\n<h2>Armazenamento e Manuseio de P\u00f3 de Al 6061<\/h2>\n<p class=\"whitespace-pre-wrap\">O p\u00f3 de Al 6061 deve ser manuseado e armazenado de forma adequada para evitar:<\/p>\n<ul class=\"list-disc pl-8 space-y-2\">\n<li class=\"whitespace-normal\">Oxida\u00e7\u00e3o e rea\u00e7\u00e3o com umidade<\/li>\n<li class=\"whitespace-normal\">Perigos de explos\u00e3o de p\u00f3 de p\u00f3 fino<\/li>\n<li class=\"whitespace-normal\">Problemas de sa\u00fade relacionados com a inala\u00e7\u00e3o<\/li>\n<li class=\"whitespace-normal\">Devem ser seguidas as pr\u00e1ticas de seguran\u00e7a do SDS do fornecedor<\/li>\n<\/ul>\n<p class=\"whitespace-pre-wrap\">Armazenamento em g\u00e1s inerte, ventila\u00e7\u00e3o adequada, aterramento e EPI s\u00e3o recomendados quando lidar com o p\u00f3.<\/p>\n<h2>M\u00e9todos de Teste e Caracteriza\u00e7\u00e3o<\/h2>\n<p class=\"whitespace-pre-wrap\">Principais m\u00e9todos de teste usados para p\u00f3 de Al 6061 incluem:<\/p>\n<ul class=\"list-disc pl-8 space-y-2\">\n<li class=\"whitespace-normal\">An\u00e1lise qu\u00edmica usando OES ou XRF para composi\u00e7\u00e3o<\/li>\n<li class=\"whitespace-normal\">Distribui\u00e7\u00e3o de tamanho de part\u00edculas de acordo com o padr\u00e3o ASTM B822<\/li>\n<li class=\"whitespace-normal\">An\u00e1lise Morfol\u00f3gica atrav\u00e9s de MEV<\/li>\n<li class=\"whitespace-normal\">Taxa de fluxo da p\u00f3 medida por funis de fluxo Hall<\/li>\n<li class=\"whitespace-normal\">Determina\u00e7\u00e3o da densidade por picnometria de h\u00e9lio<\/li>\n<li class=\"whitespace-normal\">Testes de impurezas por EICP-MS<\/li>\n<li class=\"whitespace-normal\">Estudos de microestrutura pelo difra\u00e7\u00e3o de raios X<\/li>\n<\/ul>\n<p class=\"whitespace-pre-wrap\">Esses testes garantem consist\u00eancia de lote e conformidade com requisitos de aplicativo.<\/p>\n<h2>Compara\u00e7\u00e3o entre p\u00f3s de Al 6061 e Al 7075<\/h2>\n<p class=\"whitespace-pre-wrap\">Al 6061 e Al 7075 s\u00e3o dois p\u00f3s de liga de alum\u00ednio comparados:<\/p>\n<table>\n<thead>\n<tr>\n<th>Par\u00e2metros<\/th>\n<th>Al 6061<\/th>\n<th>Al 7075<\/th>\n<\/tr>\n<\/thead>\n<tbody>\n<tr>\n<td>Tipo de liga<\/td>\n<td>Trat\u00e1vel termicamente<\/td>\n<td>Trat\u00e1vel termicamente<\/td>\n<\/tr>\n<tr>\n<td>Conte\u00fado de Mg<\/td>\n<td>0.8-1.2%<\/td>\n<td>2.1-2.9%<\/td>\n<\/tr>\n<tr>\n<td>For\u00e7a<\/td>\n<td>M\u00e9dio<\/td>\n<td>Muito alto<\/td>\n<\/tr>\n<tr>\n<td>Usinabilidade<\/td>\n<td>Excelente<\/td>\n<td>Pobre<\/td>\n<\/tr>\n<tr>\n<td>Soldabilidade<\/td>\n<td>Excelente<\/td>\n<td>Pobre<\/td>\n<\/tr>\n<tr>\n<td>Resist\u00eancia \u00e0 corros\u00e3o<\/td>\n<td>Excelente<\/td>\n<td>Bom<\/td>\n<\/tr>\n<tr>\n<td>Custo<\/td>\n<td>Baixo<\/td>\n<td>Maior<\/td>\n<\/tr>\n<\/tbody>\n<\/table>\n<p>&nbsp;<\/p>\n<p class=\"whitespace-pre-wrap\">O alum\u00ednio 6061 oferece melhor resist\u00eancia \u00e0 corros\u00e3o e usinabilidade, enquanto o alum\u00ednio 7075 fornece uma resist\u00eancia muito maior ap\u00f3s tratamento t\u00e9rmico.<\/p>\n<h2>Perguntas frequentes sobre o p\u00f3 de Al 6061<\/h2>\n<p class=\"whitespace-pre-wrap\"><strong>Q: Como \u00e9 produzido o p\u00f3 de Al 6061?<\/strong><\/p>\n<p class=\"whitespace-pre-wrap\">R: O p\u00f3 de Al 6061 \u00e9 comercialmente produzido por meio de t\u00e9cnicas de atomiza\u00e7\u00e3o de g\u00e1s, atomiza\u00e7\u00e3o por \u00e1gua, liga mec\u00e2nica e eletr\u00f3lise. A atomiza\u00e7\u00e3o por g\u00e1s oferece controle ideal das caracter\u00edsticas do p\u00f3.<\/p>\n<p class=\"whitespace-pre-wrap\"><strong>P: Quais s\u00e3o as principais aplica\u00e7\u00f5es do p\u00f3 de Al 6061?<\/strong><\/p>\n<p class=\"whitespace-pre-wrap\">R: As principais aplica\u00e7\u00f5es para o p\u00f3 de AI 6061 incluem manufatura aditiva, revestimentos de pulveriza\u00e7\u00e3o t\u00e9rmica, pe\u00e7as de metalurgia do p\u00f3, moldagem por inje\u00e7\u00e3o de metal, pigmentos e arame de solda que requer resist\u00eancia m\u00e9dia e excelente resist\u00eancia \u00e0 corros\u00e3o.<\/p>\n<p class=\"whitespace-pre-wrap\"><strong>P: Qual \u00e9 o tamanho de p\u00f3 recomendado de Al 6061 para jato de liga\u00e7\u00e3o?<\/strong><\/p>\n<p class=\"whitespace-pre-wrap\">R: No processo de jato de aglutinante, o tamanho de p\u00f3 de Al 6061 t\u00edpico varia entre 20-45 m\u00edcrons com morfologia esf\u00e9rica para possibilitar boa densidade de leito de p\u00f3 e infiltra\u00e7\u00e3o de aglutinante.<\/p>\n<p class=\"whitespace-pre-wrap\"><strong>P: O p\u00f3 de alum\u00ednio 6061 requer algum cuidado especial no manuseio?<\/strong><\/p>\n<p class=\"whitespace-pre-wrap\">R: Sim, \u00e9 recomendado manusear p\u00f3s de liga de alum\u00ednio cuidadosamente sob atmosfera inerte com aterramento, ventila\u00e7\u00e3o e EPI adequados para evitar riscos de inc\u00eandio ou explos\u00e3o.<\/p>\n<p class=\"whitespace-pre-wrap\"><strong>P: Onde posso comprar p\u00f3 de Al 6061 adequado para aplica\u00e7\u00f5es aeroespaciais?<\/strong><\/p>\n<p class=\"whitespace-pre-wrap\">A: P\u00f3 de liga de alum\u00ednio 6061 de alta pureza atomizado a g\u00e1s que atende aos padr\u00f5es aeroespaciais pode ser adquirido de fabricantes l\u00edderes, como Valimet, Makin Metal Powders e AMETEK.<\/p>\n<p><\/span><\/span><\/p>","protected":false},"excerpt":{"rendered":"<p>Vis\u00e3o geral do p\u00f3 de Al 6061 O Al 6061 \u00e9 uma das ligas de alum\u00ednio trat\u00e1veis termicamente mais vers\u00e1teis. As adi\u00e7\u00f5es de magn\u00e9sio e sil\u00edcio permitem-lhe ser refor\u00e7ada atrav\u00e9s do endurecimento por precipita\u00e7\u00e3o. A liga tornou-se imensamente popular devido \u00e0 sua excelente resist\u00eancia \u00e0 corros\u00e3o, maquinabilidade, soldabilidade e resist\u00eancia m\u00e9dia a alta. As principais caracter\u00edsticas do p\u00f3 de Al 6061 incluem:...<\/p>","protected":false},"featured_media":1804,"parent":0,"template":"","meta":{"_acf_changed":false,"_kad_blocks_custom_css":"","_kad_blocks_head_custom_js":"","_kad_blocks_body_custom_js":"","_kad_blocks_footer_custom_js":"","_kad_post_transparent":"","_kad_post_title":"","_kad_post_layout":"","_kad_post_sidebar_id":"","_kad_post_content_style":"","_kad_post_vertical_padding":"","_kad_post_feature":"","_kad_post_feature_position":"","_kad_post_header":false,"_kad_post_footer":false,"_kad_post_classname":""},"product-category":[119,124],"class_list":["post-3901","product","type-product","status-publish","has-post-thumbnail","hentry","product-category-3d-printing-metal-powder","product-category-aluminum-based-alloy-powder"],"acf":[],"taxonomy_info":{"product-category":[{"value":119,"label":"3D Printing Metal Powder"},{"value":124,"label":"Aluminum Based Alloy Powder"}]},"featured_image_src_large":["https:\/\/3dpmetal.com\/wp-content\/uploads\/2024\/02\/Al-6061-powder.png",422,316,false],"author_info":[],"comment_info":"","_links":{"self":[{"href":"https:\/\/3dpmetal.com\/pt\/wp-json\/wp\/v2\/product\/3901","targetHints":{"allow":["GET"]}}],"collection":[{"href":"https:\/\/3dpmetal.com\/pt\/wp-json\/wp\/v2\/product"}],"about":[{"href":"https:\/\/3dpmetal.com\/pt\/wp-json\/wp\/v2\/types\/product"}],"wp:featuredmedia":[{"embeddable":true,"href":"https:\/\/3dpmetal.com\/pt\/wp-json\/wp\/v2\/media\/1804"}],"wp:attachment":[{"href":"https:\/\/3dpmetal.com\/pt\/wp-json\/wp\/v2\/media?parent=3901"}],"wp:term":[{"taxonomy":"product-category","embeddable":true,"href":"https:\/\/3dpmetal.com\/pt\/wp-json\/wp\/v2\/product-category?post=3901"}],"curies":[{"name":"wp","href":"https:\/\/api.w.org\/{rel}","templated":true}]}}