{"id":3904,"date":"2024-03-18T06:10:12","date_gmt":"2024-03-18T06:10:12","guid":{"rendered":"https:\/\/3dp.45612300.xyz\/product\/al-3103-powder\/"},"modified":"2024-03-18T06:10:12","modified_gmt":"2024-03-18T06:10:12","slug":"al-3103-powder","status":"publish","type":"product","link":"https:\/\/3dpmetal.com\/pt\/product\/al-3103-powder\/","title":{"rendered":"Al 3103 em p\u00f3"},"content":{"rendered":"<p><span style=\"vertical-align: inherit;\"><span style=\"vertical-align: inherit;\"><\/p>\n<h2>Vis\u00e3o Geral do P\u00f3 de Al 3103<\/h2>\n<p class=\"whitespace-pre-wrap\">A Al 3103 \u00e9 uma liga de alum\u00ednio trabalh\u00e1vel n\u00e3o trat\u00e1vel termicamente, conhecida por sua excelente resist\u00eancia \u00e0 corros\u00e3o, boa formabilidade e soldabilidade. Adi\u00e7\u00f5es de mangan\u00eas melhoram a resist\u00eancia atrav\u00e9s do fortalecimento da solu\u00e7\u00e3o s\u00f3lida, mantendo excelente ductilidade.<\/p>\n<p class=\"whitespace-pre-wrap\">As principais caracter\u00edsticas do p\u00f3 de Al 3103 incluem:<\/p>\n<ul class=\"list-disc pl-8 space-y-2\">\n<li class=\"whitespace-normal\">For\u00e7a moderada com alta ductilidade e tenacidade<\/li>\n<li class=\"whitespace-normal\">Excelente soldabilidade e conformabilidade<\/li>\n<li class=\"whitespace-normal\">Resist\u00eancia a corros\u00e3o muito boa<\/li>\n<li class=\"whitespace-normal\">Condutividade t\u00e9rmica e el\u00e9trica elevada<\/li>\n<li class=\"whitespace-normal\">Baixa Densidade<\/li>\n<li class=\"whitespace-normal\">Dispon\u00edvel em v\u00e1rias distribui\u00e7\u00f5es de tamanho de part\u00edcula<\/li>\n<\/ul>\n<p class=\"whitespace-pre-wrap\">O p\u00f3 de Al 3103 \u00e9 adequado para aplica\u00e7\u00f5es como tanques qu\u00edmicos, equipamentos de processamento de alimentos, trocadores de calor, caminh\u00f5es-tanque, utens\u00edlios etc. que precisam de resist\u00eancia moderada combinada com excelente resist\u00eancia \u00e0 corros\u00e3o.<\/p>\n<h2>Composi\u00e7\u00e3o Qu\u00edmica do P\u00f3 de Al 3103<\/h2>\n<p class=\"whitespace-pre-wrap\">A composi\u00e7\u00e3o qu\u00edmica t\u00edpica do p\u00f3 Al 3103 \u00e9:<\/p>\n<table>\n<thead>\n<tr>\n<th>Elemento<\/th>\n<th>Peso %<\/th>\n<\/tr>\n<\/thead>\n<tbody>\n<tr>\n<td>Alum\u00ednio (Al)<\/td>\n<td>Equil\u00edbrio<\/td>\n<\/tr>\n<tr>\n<td>Mangan\u00eas (Mn)<\/td>\n<td>1.0-1.5%<\/td>\n<\/tr>\n<tr>\n<td>Sil\u00edcio (Si)<\/td>\n<td>m\u00e1ximo de 0,6%<\/td>\n<\/tr>\n<tr>\n<td>Ferro (Fe)<\/td>\n<td>M\u00e1x. 0,7%<\/td>\n<\/tr>\n<tr>\n<td>Cobre (Cu)<\/td>\n<td>0,10% m\u00e1x.<\/td>\n<\/tr>\n<tr>\n<td>Magn\u00e9sio (Mg)<\/td>\n<td>0,10% m\u00e1x.<\/td>\n<\/tr>\n<tr>\n<td>Zinco (Zn)<\/td>\n<td>0,10% m\u00e1x.<\/td>\n<\/tr>\n<tr>\n<td>Cr\u00f3mio (Cr)<\/td>\n<td>0.05-0.20%<\/td>\n<\/tr>\n<\/tbody>\n<\/table>\n<p>&nbsp;<\/p>\n<p class=\"whitespace-pre-wrap\">O mangan\u00eas \u00e9 o principal elemento de liga na liga de alum\u00ednio 3103. Ferro, sil\u00edcio, cobre e zinco est\u00e3o presentes como elementos de impureza com limites espec\u00edficos.<\/p>\n<h2>Propriedades do p\u00f3 Al 3103<\/h2>\n<p class=\"whitespace-pre-wrap\">Propriedades fundamentais do p\u00f3 de Al 3103 incluem:<\/p>\n<table>\n<thead>\n<tr>\n<th>Propriedade<\/th>\n<th>Valor<\/th>\n<\/tr>\n<\/thead>\n<tbody>\n<tr>\n<td>Densidade<\/td>\n<td>2,73 g\/cm3<\/td>\n<\/tr>\n<tr>\n<td>Ponto de Fus\u00e3o<\/td>\n<td>630-654\u00a1\u00abC<\/td>\n<\/tr>\n<tr>\n<td>Condutividade t\u00e9rmica<\/td>\n<td>130 W\/mK<\/td>\n<\/tr>\n<tr>\n<td>Condutividade El\u00e9trica<\/td>\n<td>41\u201343% IACS<\/td>\n<\/tr>\n<tr>\n<td>M\u00f3dulo de Young<\/td>\n<td>70 GPa<\/td>\n<\/tr>\n<tr>\n<td>Coeficiente de Poisson<\/td>\n<td>0.33<\/td>\n<\/tr>\n<tr>\n<td>Resist\u00eancia \u00e0 tra\u00e7\u00e3o<\/td>\n<td>110 a 180 MPa<\/td>\n<\/tr>\n<tr>\n<td>Resist\u00eancia ao escoamento<\/td>\n<td>55-110 MPa<\/td>\n<\/tr>\n<tr>\n<td>Elonga\u00e7\u00e3o<\/td>\n<td>18-30%<\/td>\n<\/tr>\n<tr>\n<td>Dureza<\/td>\n<td>25-55 Brinell<\/td>\n<\/tr>\n<\/tbody>\n<\/table>\n<p>&nbsp;<\/p>\n<p class=\"whitespace-pre-wrap\">A liga oferece resist\u00eancia moderada com excelente ductilidade, tenacidade e formabilidade. Tem uma boa resist\u00eancia a ambientes atmosf\u00e9ricos e marinhos.<\/p>\n<p><img loading=\"lazy\" decoding=\"async\" class=\"alignnone size-medium wp-image-1409\" src=\"https:\/\/met3dp.com\/wp-content\/uploads\/2023\/09\/ed7a94ec-3c10-4b1b-87ed--300x300.jpg\" alt=\"Al 3103 em p\u00f3\" width=\"300\" height=\"300\" title=\"\"><\/p>\n<h2>M\u00e9todo de Produ\u00e7\u00e3o para P\u00f3 de Al 3103<\/h2>\n<p class=\"whitespace-pre-wrap\">Os m\u00e9todos de produ\u00e7\u00e3o comuns para o p\u00f3 de Al 3103 incluem:<\/p>\n<ul class=\"list-disc pl-8 space-y-2\">\n<li class=\"whitespace-normal\"><strong>Atomiza\u00e7\u00e3o de g\u00e1s<\/strong>?- Fluxo de liga fundida desintegrado por jactos de g\u00e1s inerte em pequeno p\u00f3 esf\u00e9rico com distribui\u00e7\u00e3o de tamanho controlada.<\/li>\n<li class=\"whitespace-normal\"><strong>Atomiza\u00e7\u00e3o da \u00c1gua<\/strong>?- Jato d'\u00e1gua de alta velocidade usado para produzir finas part\u00edculas irregulares de Al 3103. Mais econ\u00f4mico, mas com maior teor de oxig\u00eanio.<\/li>\n<li class=\"whitespace-normal\"><strong>Liga\u00e7\u00e3o Mec\u00e2nica<\/strong>? - Moagem de bolas de p\u00f3s de alumina e mangan\u00eas seguido de compacta\u00e7\u00e3o a frio e sinteriza\u00e7\u00e3o.<\/li>\n<\/ul>\n<p class=\"whitespace-pre-wrap\">A atomiza\u00e7\u00e3o a g\u00e1s permite o melhor controlo poss\u00edvel sobre as caracter\u00edsticas do p\u00f3, como o tamanho das part\u00edculas, a forma e a microestrutura.<\/p>\n<h2>Aplica\u00e7\u00f5es de P\u00f3 Al 3103<\/h2>\n<p class=\"whitespace-pre-wrap\">Aplica\u00e7\u00f5es t\u00edpicas para o p\u00f3 de Al 3103 incluem:<\/p>\n<ul class=\"list-disc pl-8 space-y-2\">\n<li class=\"whitespace-normal\"><strong>fabrica\u00e7\u00e3o aditiva<\/strong>?- Adequado para processos de jateamento de aglomerante e fus\u00e3o seletiva a laser para produzir pe\u00e7as complexas de alum\u00ednio.<\/li>\n<li class=\"whitespace-normal\"><strong>**Metalurgia do P\u00f3**<\/strong>?- Processo de prensagem e sinteriza\u00e7\u00e3o para criar pe\u00e7as com boas propriedades mec\u00e2nicas e usinabilidade.<\/li>\n<li class=\"whitespace-normal\"><strong>Moldagem por Inje\u00e7\u00e3o de Metal<\/strong>? - Fabrico de pequenos componentes complexos que necessitem de resist\u00eancia moderada e resist\u00eancia \u00e0 corros\u00e3o.<\/li>\n<li class=\"whitespace-normal\"><strong>Pintura T\u00e9rmica<\/strong>?- Proje\u00e7\u00e3o a arco de arame para produzir revestimentos de prote\u00e7\u00e3o com resist\u00eancia moderada a desgaste e corros\u00e3o.<\/li>\n<li class=\"whitespace-normal\"><strong>Material de Solda<\/strong>?- Usada como arame de enchimento, fornecendo uma resist\u00eancia \u00e0 solda semelhante \u00e0 do metal base.<\/li>\n<li class=\"whitespace-normal\"><strong>Pigmentos<\/strong>?- Adicionado a tintas e revestimentos para oferecer brilho e prote\u00e7\u00e3o contra corros\u00e3o.<\/li>\n<\/ul>\n<h2>Especifica\u00e7\u00f5es do P\u00f3 Al 3103<\/h2>\n<p class=\"whitespace-pre-wrap\">O p\u00f3 Al 3103 est\u00e1 dispon\u00edvel em diferentes faixas de tamanho, formas, n\u00edveis de pureza e graus:<\/p>\n<ul class=\"list-disc pl-8 space-y-2\">\n<li class=\"whitespace-normal\"><strong>Tamanho de part\u00edcula:<\/strong>De 10 a 150 micr\u00f4metros para m\u00e9todos AM, de at\u00e9 300 micr\u00f4metros para os processos de pulveriza\u00e7\u00e3o t\u00e9rmica.<\/li>\n<li class=\"whitespace-normal\"><strong>Morfologia:<\/strong>?Part\u00edculas esf\u00e9ricas, granulares, dendr\u00edticas e de formato irregular. O p\u00f3 liso flui melhor.<\/li>\n<li class=\"whitespace-normal\"><strong>Pureza:<\/strong>?De comercial a alta pureza (99,8%), graus adaptados para aplica\u00e7\u00f5es.<\/li>\n<li class=\"whitespace-normal\"><strong>Graus:<\/strong>?Adequa\u00e7\u00e3o \u00e0s especifica\u00e7\u00f5es ASTM B209, EN 573, ISO. N\u00edveis personalizados oferecidos.<\/li>\n<li class=\"whitespace-normal\"><strong>Fluidez:<\/strong>? Taxas de fluxo de p\u00f3 excelentes acima de 25 s\/50g podem ser personalizadas.<\/li>\n<\/ul>\n<h2>Fornecedores globais de p\u00f3 de Al 3103<\/h2>\n<p class=\"whitespace-pre-wrap\">Alguns dos principais fornecedores globais s\u00e3o:<\/p>\n<ul class=\"list-disc pl-8 space-y-2\">\n<li class=\"whitespace-normal\">Valimet Inc. (EUA)<\/li>\n<li class=\"whitespace-normal\">Makin Metal Powders (RU)<\/li>\n<li class=\"whitespace-normal\">Micron Metals (EUA)<\/li>\n<li class=\"whitespace-normal\">Nanotecnologia Shanghai Chaowei (China)<\/li>\n<li class=\"whitespace-normal\">Nanotecnologia Shandong Yamei (China)<\/li>\n<li class=\"whitespace-normal\">Grupo CNPC Powder (China)<\/li>\n<li class=\"whitespace-normal\">P\u00f3 de Tit\u00e2nio (R\u00fassia)<\/li>\n<\/ul>\n<p class=\"whitespace-pre-wrap\">Estas empresas produzem o p\u00f3 de Al 3103 adequado para AM, MIM, aspers\u00e3o t\u00e9rmica, automotivo, mar\u00edtimo e outras aplica\u00e7\u00f5es usando v\u00e1rios m\u00e9todos.<\/p>\n<h2>Al 3103 Pre\u00e7o do p\u00f3<\/h2>\n<p class=\"whitespace-pre-wrap\">O pre\u00e7o do p\u00f3 de Al 3103 depende de v\u00e1rios fatores:<\/p>\n<ul class=\"list-disc pl-8 space-y-2\">\n<li class=\"whitespace-normal\">N\u00edveis de pureza<\/li>\n<li class=\"whitespace-normal\">Caracter\u00edsticas do p\u00f3<\/li>\n<li class=\"whitespace-normal\">M\u00e9todo de produ\u00e7\u00e3o<\/li>\n<li class=\"whitespace-normal\">Volume da ordem<\/li>\n<li class=\"whitespace-normal\">Fornecedor e localiza\u00e7\u00e3o<\/li>\n<\/ul>\n<table>\n<thead>\n<tr>\n<th>Grau<\/th>\n<th>Intervalo de Pre\u00e7os<\/th>\n<\/tr>\n<\/thead>\n<tbody>\n<tr>\n<td>Comercial<\/td>\n<td>US$ 5-15 por kg<\/td>\n<\/tr>\n<tr>\n<td>Alta pureza<\/td>\n<td>$15-25 por kg<\/td>\n<\/tr>\n<tr>\n<td>Ultrafino<\/td>\n<td>$25-45 por kg<\/td>\n<\/tr>\n<tr>\n<td>Tipo especial<\/td>\n<td>45-90 por Kg<\/td>\n<\/tr>\n<\/tbody>\n<\/table>\n<p>&nbsp;<\/p>\n<p class=\"whitespace-pre-wrap\">P\u00f3s de alta pureza, esf\u00e9ricos e com tamanho de part\u00edculas controlado t\u00eam pre\u00e7os mais altos que os de classes comerciais comuns de p\u00f3 de Al 3103.<\/p>\n<h2>Armazenamento e manuseamento do p\u00f3 de Al 3103<\/h2>\n<p class=\"whitespace-pre-wrap\">O p\u00f3 Al 3103 deve ser manuseado e armazenado adequadamente para prevenir:<\/p>\n<ul class=\"list-disc pl-8 space-y-2\">\n<li class=\"whitespace-normal\">Oxida\u00e7\u00e3o e rea\u00e7\u00e3o com umidade<\/li>\n<li class=\"whitespace-normal\">Perigos de explos\u00e3o de p\u00f3 de p\u00f3 fino<\/li>\n<li class=\"whitespace-normal\">Problemas de sa\u00fade relacionados \u00e0 inala\u00e7\u00e3o<\/li>\n<li class=\"whitespace-normal\">Devem ser seguidas as pr\u00e1ticas de seguran\u00e7a do SDS do fornecedor<\/li>\n<\/ul>\n<p class=\"whitespace-pre-wrap\">\u00c9 recomend\u00e1vel a cobertura com g\u00e1s inerte, aterramento adequado, ventila\u00e7\u00e3o e EPI ao manusear o p\u00f3.<\/p>\n<h2>M\u00e9todos de Teste e Caracteriza\u00e7\u00e3o<\/h2>\n<p class=\"whitespace-pre-wrap\">Os principais m\u00e9todos de teste utilizados para o p\u00f3 Al 3103 incluem:<\/p>\n<ul class=\"list-disc pl-8 space-y-2\">\n<li class=\"whitespace-normal\">An\u00e1lise qu\u00edmica usando OES ou XRF para composi\u00e7\u00e3o<\/li>\n<li class=\"whitespace-normal\">Distribui\u00e7\u00e3o de tamanho de part\u00edculas de acordo com o padr\u00e3o ASTM B822<\/li>\n<li class=\"whitespace-normal\">An\u00e1lise Morfol\u00f3gica atrav\u00e9s de MEV<\/li>\n<li class=\"whitespace-normal\">Taxa de fluxo da p\u00f3 medida por funis de fluxo Hall<\/li>\n<li class=\"whitespace-normal\">Determina\u00e7\u00e3o da densidade por picnometria de h\u00e9lio<\/li>\n<li class=\"whitespace-normal\">Testes de impurezas por EICP-MS<\/li>\n<li class=\"whitespace-normal\">Estudos de microestrutura pelo difra\u00e7\u00e3o de raios X<\/li>\n<\/ul>\n<p class=\"whitespace-pre-wrap\">Esses testes garantem consist\u00eancia e conformidade de lote com as especifica\u00e7\u00f5es.<\/p>\n<h2>Compara\u00e7\u00e3o entre os p\u00f3s Al 3103 e Al 3003<\/h2>\n<p class=\"whitespace-pre-wrap\">O Al 3103 e o Al 3003 s\u00e3o dois p\u00f3s de liga de alum\u00ednio comparados:<\/p>\n<table>\n<thead>\n<tr>\n<th>Par\u00e2metros<\/th>\n<th>Al 3103<\/th>\n<th>Al 3003<\/th>\n<\/tr>\n<\/thead>\n<tbody>\n<tr>\n<td>Tipo de liga<\/td>\n<td>N\u00e3o trat\u00e1vel ao calor<\/td>\n<td>N\u00e3o trat\u00e1vel ao calor<\/td>\n<\/tr>\n<tr>\n<td>Conte\u00fado de Mn<\/td>\n<td>1.0-1.5%<\/td>\n<td>1.0-1.5%<\/td>\n<\/tr>\n<tr>\n<td>For\u00e7a<\/td>\n<td>Ligeiramente mais baixo<\/td>\n<td>Um pouco mais alto<\/td>\n<\/tr>\n<tr>\n<td>Resist\u00eancia \u00e0 corros\u00e3o<\/td>\n<td>Excelente<\/td>\n<td>Excelente<\/td>\n<\/tr>\n<tr>\n<td>Soldabilidade<\/td>\n<td>Excelente<\/td>\n<td>Excelente<\/td>\n<\/tr>\n<tr>\n<td>Custo<\/td>\n<td>Baixo<\/td>\n<td>Maior<\/td>\n<\/tr>\n<\/tbody>\n<\/table>\n<p>&nbsp;<\/p>\n<p class=\"whitespace-pre-wrap\">A Al 3103 oferece uma melhor conformabilidade, enquanto que a Al 3003 oferece uma resist\u00eancia marginalmente mais alta. Ambas oferecem excelente resist\u00eancia \u00e0 corros\u00e3o.<\/p>\n<h2>Perguntas mais frequentes sobre o Al 3103 Powder<\/h2>\n<p class=\"whitespace-pre-wrap\"><strong>P: Como o p\u00f3 de Al 3103 \u00e9 produzido?<\/strong><\/p>\n<p class=\"whitespace-pre-wrap\">R: O p\u00f3 3103 \u00e9 produzido comercialmente usando atomiza\u00e7\u00e3o de g\u00e1s, atomiza\u00e7\u00e3o de \u00e1gua e liga mec\u00e2nica, seguido de sinteriza\u00e7\u00e3o. A atomiza\u00e7\u00e3o de g\u00e1s fornece o melhor controle das caracter\u00edsticas das part\u00edculas.<\/p>\n<p class=\"whitespace-pre-wrap\"><strong>P: Quais s\u00e3o as principais aplica\u00e7\u00f5es do p\u00f3 de Al 3103?<\/strong><\/p>\n<p class=\"whitespace-pre-wrap\">R: As principais aplica\u00e7\u00f5es do p\u00f3 Al 3103 incluem fabrica\u00e7\u00e3o aditiva, moldagem por inje\u00e7\u00e3o de metal, revestimentos de pulveriza\u00e7\u00e3o t\u00e9rmica, pe\u00e7as de metalurgia do p\u00f3, pigmentos e fio de solda.<\/p>\n<p class=\"whitespace-pre-wrap\"><strong>P: Qual \u00e9 o tamanho t\u00edpico do p\u00f3 de Al 3103 usado para a fus\u00e3o seletiva a laser?<\/strong><\/p>\n<p class=\"whitespace-pre-wrap\">A: Para o processo SLM, o intervalo de tamanho de p\u00f3 ideal de Al 3103 \u00e9 de 20 a 45 m\u00edcrons com morfologia esf\u00e9rica para permitir uma boa densidade do leito de p\u00f3 e forma\u00e7\u00e3o de po\u00e7a de fus\u00e3o.<\/p>\n<p class=\"whitespace-pre-wrap\"><strong>P: O p\u00f3 de Al 3103 requer alguma precau\u00e7\u00e3o especial no manuseio?<\/strong><\/p>\n<p class=\"whitespace-pre-wrap\">R: Sim, recomenda-se o manuseio cuidadoso de p\u00f3s de alum\u00ednio sob atmosfera inerte, utilizando aterramento, ventila\u00e7\u00e3o e EPIs adequados para evitar riscos de inc\u00eandio ou explos\u00e3o.<\/p>\n<p class=\"whitespace-pre-wrap\"><strong>P: Onde posso comprar p\u00f3 Al 3103 adequado para aplica\u00e7\u00f5es mar\u00edtimas?<\/strong><\/p>\n<p class=\"whitespace-pre-wrap\">R: Os p\u00f3s Al 3103 com alta resist\u00eancia \u00e0 corros\u00e3o, personalizados para ambientes marinhos, podem ser adquiridos de fabricantes l\u00edderes como Valimet, Makin Metal Powders e Micron Metals.<\/p>\n<p><\/span><\/span><\/p>","protected":false},"excerpt":{"rendered":"<p>Vis\u00e3o geral do p\u00f3 Al 3103 O Al 3103 \u00e9 uma liga de alum\u00ednio forjado n\u00e3o trat\u00e1vel termicamente, conhecida pela sua excelente resist\u00eancia \u00e0 corros\u00e3o, boa formabilidade e soldabilidade. As adi\u00e7\u00f5es de mangan\u00eas melhoram a for\u00e7a atrav\u00e9s do fortalecimento da solu\u00e7\u00e3o s\u00f3lida, mantendo excelente ductilidade. As principais caracter\u00edsticas do p\u00f3 de Al 3103 incluem: Resist\u00eancia moderada com elevada ductilidade e tenacidade Excelente soldabilidade e formabilidade Muito...<\/p>","protected":false},"featured_media":1810,"parent":0,"template":"","meta":{"_acf_changed":false,"_kad_blocks_custom_css":"","_kad_blocks_head_custom_js":"","_kad_blocks_body_custom_js":"","_kad_blocks_footer_custom_js":"","_kad_post_transparent":"","_kad_post_title":"","_kad_post_layout":"","_kad_post_sidebar_id":"","_kad_post_content_style":"","_kad_post_vertical_padding":"","_kad_post_feature":"","_kad_post_feature_position":"","_kad_post_header":false,"_kad_post_footer":false,"_kad_post_classname":""},"product-category":[119,124],"class_list":["post-3904","product","type-product","status-publish","has-post-thumbnail","hentry","product-category-3d-printing-metal-powder","product-category-aluminum-based-alloy-powder"],"acf":[],"taxonomy_info":{"product-category":[{"value":119,"label":"3D Printing Metal Powder"},{"value":124,"label":"Aluminum Based Alloy Powder"}]},"featured_image_src_large":["https:\/\/3dpmetal.com\/wp-content\/uploads\/2024\/02\/Ti22Al25Nb.jpg",406,304,false],"author_info":[],"comment_info":"","_links":{"self":[{"href":"https:\/\/3dpmetal.com\/pt\/wp-json\/wp\/v2\/product\/3904","targetHints":{"allow":["GET"]}}],"collection":[{"href":"https:\/\/3dpmetal.com\/pt\/wp-json\/wp\/v2\/product"}],"about":[{"href":"https:\/\/3dpmetal.com\/pt\/wp-json\/wp\/v2\/types\/product"}],"wp:featuredmedia":[{"embeddable":true,"href":"https:\/\/3dpmetal.com\/pt\/wp-json\/wp\/v2\/media\/1810"}],"wp:attachment":[{"href":"https:\/\/3dpmetal.com\/pt\/wp-json\/wp\/v2\/media?parent=3904"}],"wp:term":[{"taxonomy":"product-category","embeddable":true,"href":"https:\/\/3dpmetal.com\/pt\/wp-json\/wp\/v2\/product-category?post=3904"}],"curies":[{"name":"wp","href":"https:\/\/api.w.org\/{rel}","templated":true}]}}