{"id":3906,"date":"2024-03-18T06:10:12","date_gmt":"2024-03-18T06:10:12","guid":{"rendered":"https:\/\/3dp.45612300.xyz\/product\/al-3004-powder\/"},"modified":"2024-03-18T06:10:12","modified_gmt":"2024-03-18T06:10:12","slug":"al-3004-powder","status":"publish","type":"product","link":"https:\/\/3dpmetal.com\/pt\/product\/al-3004-powder\/","title":{"rendered":"Al 3004 em p\u00f3"},"content":{"rendered":"<p><span style=\"vertical-align: inherit;\"><span style=\"vertical-align: inherit;\"><\/p>\n<h2>Vis\u00e3o geral do p\u00f3 de Al 3004<\/h2>\n<p class=\"whitespace-pre-wrap\">O Al 3004 \u00e9 uma liga de alum\u00ednio forjado conhecida pela sua resist\u00eancia moderada, excelente resist\u00eancia \u00e0 corros\u00e3o, boa formabilidade e soldabilidade. O mangan\u00eas aumenta a resist\u00eancia atrav\u00e9s do fortalecimento da solu\u00e7\u00e3o s\u00f3lida, enquanto o magn\u00e9sio melhora a resist\u00eancia atrav\u00e9s do endurecimento por precipita\u00e7\u00e3o.<\/p>\n<p class=\"whitespace-pre-wrap\">As principais carater\u00edsticas do p\u00f3 de Al 3004 incluem<\/p>\n<ul class=\"list-disc pl-8 space-y-2\">\n<li class=\"whitespace-normal\">Resist\u00eancia moderada \u00e0 tra\u00e7\u00e3o com excelente ductilidade<\/li>\n<li class=\"whitespace-normal\">Muito boa conformabilidade e soldabilidade<\/li>\n<li class=\"whitespace-normal\">Excelente resist\u00eancia \u00e0 corros\u00e3o<\/li>\n<li class=\"whitespace-normal\">Condutividade t\u00e9rmica e el\u00e9trica elevada<\/li>\n<li class=\"whitespace-normal\">Baixa Densidade<\/li>\n<li class=\"whitespace-normal\">Dispon\u00edvel em v\u00e1rias distribui\u00e7\u00f5es de tamanho de part\u00edcula<\/li>\n<\/ul>\n<p class=\"whitespace-pre-wrap\">O p\u00f3 de Al 3004 \u00e9 adequado para aplica\u00e7\u00f5es que requerem uma resist\u00eancia moderada combinada com uma boa soldabilidade, maquinabilidade e resist\u00eancia \u00e0 corros\u00e3o.<\/p>\n<h2>Composi\u00e7\u00e3o qu\u00edmica do p\u00f3 de Al 3004<\/h2>\n<p class=\"whitespace-pre-wrap\">A composi\u00e7\u00e3o t\u00edpica do p\u00f3 de Al 3004 \u00e9 a seguinte<\/p>\n<table>\n<thead>\n<tr>\n<th>Elemento<\/th>\n<th>Peso %<\/th>\n<\/tr>\n<\/thead>\n<tbody>\n<tr>\n<td>Alum\u00ednio (Al)<\/td>\n<td>Equil\u00edbrio<\/td>\n<\/tr>\n<tr>\n<td>Mangan\u00eas (Mn)<\/td>\n<td>1.0-1.5%<\/td>\n<\/tr>\n<tr>\n<td>Magn\u00e9sio (Mg)<\/td>\n<td>0.2-0.8%<\/td>\n<\/tr>\n<tr>\n<td>Sil\u00edcio (Si)<\/td>\n<td>0-0.6%<\/td>\n<\/tr>\n<tr>\n<td>Ferro (Fe)<\/td>\n<td>0-0.7%<\/td>\n<\/tr>\n<tr>\n<td>Cobre (Cu)<\/td>\n<td>0-0.25%<\/td>\n<\/tr>\n<tr>\n<td>Cr\u00f3mio (Cr)<\/td>\n<td>0-0.10%<\/td>\n<\/tr>\n<tr>\n<td>Zinco (Zn)<\/td>\n<td>0-0.10%<\/td>\n<\/tr>\n<\/tbody>\n<\/table>\n<p><img loading=\"lazy\" decoding=\"async\" class=\"size-medium wp-image-1409 aligncenter\" src=\"https:\/\/met3dp.com\/wp-content\/uploads\/2023\/09\/ed7a94ec-3c10-4b1b-87ed--300x300.jpg\" alt=\"Al 3004 em p\u00f3\" width=\"300\" height=\"300\" title=\"\"><\/p>\n<p class=\"whitespace-pre-wrap\">O mangan\u00eas e o magn\u00e9sio s\u00e3o elementos de liga adicionados intencionalmente, enquanto o sil\u00edcio, o ferro, o cobre e o zinco est\u00e3o presentes como impurezas.<\/p>\n<h2>Propriedades do p\u00f3 de Al 3004<\/h2>\n<p class=\"whitespace-pre-wrap\">As principais propriedades do p\u00f3 de Al 3004 incluem:<\/p>\n<table>\n<thead>\n<tr>\n<th>Propriedade<\/th>\n<th>Valor<\/th>\n<\/tr>\n<\/thead>\n<tbody>\n<tr>\n<td>Densidade<\/td>\n<td>2,73 g\/cm3<\/td>\n<\/tr>\n<tr>\n<td>Ponto de Fus\u00e3o<\/td>\n<td>630-655\u00a1\"C<\/td>\n<\/tr>\n<tr>\n<td>Condutividade t\u00e9rmica<\/td>\n<td>180 W\/mK<\/td>\n<\/tr>\n<tr>\n<td>Condutividade El\u00e9trica<\/td>\n<td>41-43 %IACS<\/td>\n<\/tr>\n<tr>\n<td>M\u00f3dulo de Young<\/td>\n<td>68-72 GPa<\/td>\n<\/tr>\n<tr>\n<td>Coeficiente de Poisson<\/td>\n<td>0.33<\/td>\n<\/tr>\n<tr>\n<td>Resist\u00eancia \u00e0 tra\u00e7\u00e3o<\/td>\n<td>190-240 MPa<\/td>\n<\/tr>\n<tr>\n<td>Resist\u00eancia ao escoamento<\/td>\n<td>110-170 MPa<\/td>\n<\/tr>\n<tr>\n<td>Elonga\u00e7\u00e3o<\/td>\n<td>10-20%<\/td>\n<\/tr>\n<tr>\n<td>Dureza<\/td>\n<td>50-65 Brinell<\/td>\n<\/tr>\n<\/tbody>\n<\/table>\n<p>&nbsp;<\/p>\n<p class=\"whitespace-pre-wrap\">A liga oferece uma resist\u00eancia moderada com excelente ductilidade e formabilidade. Tem boa resist\u00eancia \u00e0 corros\u00e3o atmosf\u00e9rica. A condutividade t\u00e9rmica e el\u00e9ctrica \u00e9 elevada.<\/p>\n<h2>M\u00e9todo de produ\u00e7\u00e3o de p\u00f3 de Al 3004<\/h2>\n<p class=\"whitespace-pre-wrap\">Os m\u00e9todos de produ\u00e7\u00e3o comuns para o p\u00f3 de Al 3004 incluem<\/p>\n<ul class=\"list-disc pl-8 space-y-2\">\n<li class=\"whitespace-normal\"><strong>Atomiza\u00e7\u00e3o de g\u00e1s<\/strong>?- Fluxo de liga fundida desintegrado por jactos de g\u00e1s inerte em p\u00f3 esf\u00e9rico fino com distribui\u00e7\u00e3o controlada de part\u00edculas.<\/li>\n<li class=\"whitespace-normal\"><strong>Atomiza\u00e7\u00e3o da \u00c1gua<\/strong>?- Jato de \u00e1gua de alta velocidade utilizado para produzir part\u00edculas finas e irregulares de Al 3004. Custo mais baixo, mas maior teor de oxig\u00e9nio.<\/li>\n<li class=\"whitespace-normal\"><strong>Liga\u00e7\u00e3o Mec\u00e2nica<\/strong>?- Moagem de uma mistura de alum\u00ednio e p\u00f3s de liga, seguida de compacta\u00e7\u00e3o a frio e sinteriza\u00e7\u00e3o.<\/li>\n<\/ul>\n<p class=\"whitespace-pre-wrap\">A atomiza\u00e7\u00e3o a g\u00e1s proporciona um controlo superior sobre as carater\u00edsticas do p\u00f3, essenciais para aplica\u00e7\u00f5es avan\u00e7adas.<\/p>\n<h2>Aplica\u00e7\u00f5es do p\u00f3 de Al 3004<\/h2>\n<p class=\"whitespace-pre-wrap\">As aplica\u00e7\u00f5es t\u00edpicas do p\u00f3 de Al 3004 incluem:<\/p>\n<ul class=\"list-disc pl-8 space-y-2\">\n<li class=\"whitespace-normal\"><strong>fabrica\u00e7\u00e3o aditiva<\/strong>?- Utilizado em processos de jato de aglutinante, fus\u00e3o a laser e fus\u00e3o por feixe de electr\u00f5es para produzir pe\u00e7as de alum\u00ednio complexas.<\/li>\n<li class=\"whitespace-normal\"><strong>Moldagem por Inje\u00e7\u00e3o de Metal<\/strong>?- Para o fabrico de pequenos componentes complexos que necessitam de uma boa for\u00e7a e resist\u00eancia \u00e0 corros\u00e3o.<\/li>\n<li class=\"whitespace-normal\"><strong>**Metalurgia do P\u00f3**<\/strong>?- Processo de prensagem e sinteriza\u00e7\u00e3o para produzir pe\u00e7as para autom\u00f3veis e m\u00e1quinas de desempenho moderadamente elevado.<\/li>\n<li class=\"whitespace-normal\"><strong>Pintura T\u00e9rmica<\/strong>?- Deposi\u00e7\u00e3o por pulveriza\u00e7\u00e3o de arco de arame para produzir revestimentos protectores com resist\u00eancia moderada ao desgaste e \u00e0 corros\u00e3o.<\/li>\n<li class=\"whitespace-normal\"><strong>Material de Solda<\/strong>?- \u00c9 usado como fio de preenchimento para fornecer resist\u00eancia de solda semelhante \u00e0 do metal de base.<\/li>\n<li class=\"whitespace-normal\"><strong>Pigmentos<\/strong>?- Adicionado a tintas e revestimentos para oferecer brilho e prote\u00e7\u00e3o contra corros\u00e3o.<\/li>\n<\/ul>\n<h2>Especifica\u00e7\u00f5es do p\u00f3 de Al 3004<\/h2>\n<p class=\"whitespace-pre-wrap\">O p\u00f3 Al 3004 est\u00e1 dispon\u00edvel em diferentes gamas de tamanhos, formas, n\u00edveis de pureza e graus:<\/p>\n<ul class=\"list-disc pl-8 space-y-2\">\n<li class=\"whitespace-normal\"><strong>Tamanho de part\u00edcula:<\/strong>De 10 a 150 micr\u00f4metros para m\u00e9todos AM, de at\u00e9 300 micr\u00f4metros para os processos de pulveriza\u00e7\u00e3o t\u00e9rmica.<\/li>\n<li class=\"whitespace-normal\"><strong>Morfologia:<\/strong>Est\u00e3o dispon\u00edveis formas de p\u00f3 esf\u00e9ricas, granulares, irregulares e em flocos.<\/li>\n<li class=\"whitespace-normal\"><strong>Pureza:<\/strong>Desde graus comerciais at\u00e9 n\u00edveis de pureza elevados com base em limites de impureza.<\/li>\n<li class=\"whitespace-normal\"><strong>Graus:<\/strong>Em conformidade com as especifica\u00e7\u00f5es ASTM B209, EN 573 e ISO 209. S\u00e3o oferecidos graus personalizados.<\/li>\n<li class=\"whitespace-normal\"><strong>Fluidez:<\/strong>O p\u00f3 pode ser personalizado para caudais espec\u00edficos de acordo com os requisitos da aplica\u00e7\u00e3o.<\/li>\n<\/ul>\n<h2>Fornecedores globais de Al 3004 em p\u00f3<\/h2>\n<p class=\"whitespace-pre-wrap\">Alguns dos principais fornecedores globais s\u00e3o:<\/p>\n<ul class=\"list-disc pl-8 space-y-2\">\n<li class=\"whitespace-normal\">Valimet Inc. (EUA)<\/li>\n<li class=\"whitespace-normal\">Makin Metal Powders (RU)<\/li>\n<li class=\"whitespace-normal\">Atomization Systems Limited (Canad\u00e1)<\/li>\n<li class=\"whitespace-normal\">SCM Metal Products (EUA)<\/li>\n<li class=\"whitespace-normal\">Nanotecnologia Shanghai Chaowei (China)<\/li>\n<li class=\"whitespace-normal\">Agni Metal (EUA)<\/li>\n<li class=\"whitespace-normal\">P\u00f3 de Tit\u00e2nio (R\u00fassia)<\/li>\n<\/ul>\n<p class=\"whitespace-pre-wrap\">Estas empresas produzem p\u00f3 de Al 3004 adequado para aplica\u00e7\u00f5es de AM, pulveriza\u00e7\u00e3o t\u00e9rmica, autom\u00f3vel, aeroespacial e engenharia geral.<\/p>\n<h2>Al 3004 em p\u00f3 Pre\u00e7o<\/h2>\n<p class=\"whitespace-pre-wrap\">O pre\u00e7o do p\u00f3 de Al 3004 depende de factores como:<\/p>\n<ul class=\"list-disc pl-8 space-y-2\">\n<li class=\"whitespace-normal\">N\u00edveis de pureza<\/li>\n<li class=\"whitespace-normal\">Distribui\u00e7\u00e3o de Tamanho de Part\u00edculas<\/li>\n<li class=\"whitespace-normal\">Morfologia e forma do p\u00f3<\/li>\n<li class=\"whitespace-normal\">Quantidade do Pedido<\/li>\n<li class=\"whitespace-normal\">Fornecedor e posi\u00e7\u00e3o geogr\u00e1fica<\/li>\n<\/ul>\n<table>\n<thead>\n<tr>\n<th>Grau<\/th>\n<th>Intervalo de Pre\u00e7os<\/th>\n<\/tr>\n<\/thead>\n<tbody>\n<tr>\n<td>Comercial<\/td>\n<td>US$ 5-15 por kg<\/td>\n<\/tr>\n<tr>\n<td>Alta pureza<\/td>\n<td>$15-25 por kg<\/td>\n<\/tr>\n<tr>\n<td>Ultrafino<\/td>\n<td>$25-45 por kg<\/td>\n<\/tr>\n<tr>\n<td>Tipo especial<\/td>\n<td>45-90 por Kg<\/td>\n<\/tr>\n<\/tbody>\n<\/table>\n<p>&nbsp;<\/p>\n<p class=\"whitespace-pre-wrap\">As part\u00edculas esf\u00e9ricas, de tamanho controlado e de elevada pureza s\u00e3o mais caras do que o p\u00f3 comercial simples de Al 3004.<\/p>\n<h2>Armazenagem e manuseamento do p\u00f3 de Al 3004<\/h2>\n<p class=\"whitespace-pre-wrap\">O p\u00f3 de Al 3004 deve ser corretamente manuseado e armazenado para evitar:<\/p>\n<ul class=\"list-disc pl-8 space-y-2\">\n<li class=\"whitespace-normal\">Oxida\u00e7\u00e3o e rea\u00e7\u00e3o com umidade<\/li>\n<li class=\"whitespace-normal\">Perigos de explos\u00e3o de p\u00f3 de p\u00f3 fino<\/li>\n<li class=\"whitespace-normal\">Problemas de sa\u00fade relacionados com a inala\u00e7\u00e3o<\/li>\n<li class=\"whitespace-normal\">Devem ser seguidas as pr\u00e1ticas de seguran\u00e7a do SDS do fornecedor<\/li>\n<\/ul>\n<p class=\"whitespace-pre-wrap\">\u00c9 recomend\u00e1vel a cobertura com g\u00e1s inerte, aterramento adequado, ventila\u00e7\u00e3o e EPI ao manusear o p\u00f3.<\/p>\n<h2>M\u00e9todos de Teste e Caracteriza\u00e7\u00e3o<\/h2>\n<p class=\"whitespace-pre-wrap\">Os principais m\u00e9todos de ensaio utilizados para o p\u00f3 de Al 3004 incluem:<\/p>\n<ul class=\"list-disc pl-8 space-y-2\">\n<li class=\"whitespace-normal\">An\u00e1lise da composi\u00e7\u00e3o qu\u00edmica por OES ou XRF<\/li>\n<li class=\"whitespace-normal\">Distribui\u00e7\u00e3o de tamanho de part\u00edculas de acordo com o padr\u00e3o ASTM B822<\/li>\n<li class=\"whitespace-normal\">An\u00e1lise Morfol\u00f3gica atrav\u00e9s de MEV<\/li>\n<li class=\"whitespace-normal\">Caudal de p\u00f3 medido por um medidor de caudal Hall<\/li>\n<li class=\"whitespace-normal\">Densidade determinada por picnometria de h\u00e9lio<\/li>\n<li class=\"whitespace-normal\">Teste do n\u00edvel de impureza por ICP-MS<\/li>\n<li class=\"whitespace-normal\">Estudos de microestrutura pelo difra\u00e7\u00e3o de raios X<\/li>\n<\/ul>\n<p class=\"whitespace-pre-wrap\">Estes testes garantem a consist\u00eancia de lote para lote e que o p\u00f3 cumpre os requisitos da aplica\u00e7\u00e3o.<\/p>\n<h2>Compara\u00e7\u00e3o entre os p\u00f3s de Al 3004 e Al 6061<\/h2>\n<p class=\"whitespace-pre-wrap\">Al 3004 e Al 6061 s\u00e3o dois p\u00f3s de liga de alum\u00ednio comparados:<\/p>\n<table>\n<thead>\n<tr>\n<th>Par\u00e2metros<\/th>\n<th>Al 3004<\/th>\n<th>Al 6061<\/th>\n<\/tr>\n<\/thead>\n<tbody>\n<tr>\n<td>Tipo de liga<\/td>\n<td>N\u00e3o trat\u00e1vel ao calor<\/td>\n<td>Trat\u00e1vel termicamente<\/td>\n<\/tr>\n<tr>\n<td>Conte\u00fado de Mg<\/td>\n<td>0.2-0.8%<\/td>\n<td>0.8-1.2%<\/td>\n<\/tr>\n<tr>\n<td>For\u00e7a<\/td>\n<td>Moderada<\/td>\n<td>Maior<\/td>\n<\/tr>\n<tr>\n<td>Resist\u00eancia \u00e0 corros\u00e3o<\/td>\n<td>Excelente<\/td>\n<td>Excelente<\/td>\n<\/tr>\n<tr>\n<td>Soldabilidade<\/td>\n<td>Excelente<\/td>\n<td>Bom<\/td>\n<\/tr>\n<tr>\n<td>Usinabilidade<\/td>\n<td>Bom<\/td>\n<td>Excelente<\/td>\n<\/tr>\n<tr>\n<td>Custo<\/td>\n<td>Baixo<\/td>\n<td>Maior<\/td>\n<\/tr>\n<\/tbody>\n<\/table>\n<p>&nbsp;<\/p>\n<p class=\"whitespace-pre-wrap\">O Al 3004 oferece melhor soldabilidade, enquanto o Al 6061 tem maior resist\u00eancia. Ambos oferecem uma excelente resist\u00eancia \u00e0 corros\u00e3o.<\/p>\n<h2>FAQs sobre o p\u00f3 de Al 3004<\/h2>\n<p class=\"whitespace-pre-wrap\"><strong>Q: Como \u00e9 produzido o p\u00f3 de Al 3004?<\/strong><\/p>\n<p class=\"whitespace-pre-wrap\">R: O p\u00f3 de Al 3004 \u00e9 produzido comercialmente utilizando a atomiza\u00e7\u00e3o de g\u00e1s, a atomiza\u00e7\u00e3o de \u00e1gua e a liga mec\u00e2nica seguida de sinteriza\u00e7\u00e3o. A atomiza\u00e7\u00e3o a g\u00e1s proporciona o melhor controlo das carater\u00edsticas das part\u00edculas.<\/p>\n<p class=\"whitespace-pre-wrap\"><strong>Q: Quais s\u00e3o as principais aplica\u00e7\u00f5es do p\u00f3 de Al 3004?<\/strong><\/p>\n<p class=\"whitespace-pre-wrap\">R: As principais aplica\u00e7\u00f5es do p\u00f3 Al 3004 incluem fabrico de aditivos, revestimentos por pulveriza\u00e7\u00e3o t\u00e9rmica, fabrico de pe\u00e7as de metalurgia do p\u00f3, moldagem por inje\u00e7\u00e3o de metal, pigmentos e fio de enchimento para soldadura.<\/p>\n<p class=\"whitespace-pre-wrap\"><strong>Q: Qual \u00e9 o tamanho de part\u00edcula recomendado para o p\u00f3 Al 3004 para impress\u00e3o 3D por jato de aglutinante?<\/strong><\/p>\n<p class=\"whitespace-pre-wrap\">R: Para o processo de jato de ligante, o tamanho t\u00edpico do p\u00f3 Al 3004 \u00e9 de 20-45 microns com morfologia quase esf\u00e9rica para proporcionar uma boa densidade do leito de p\u00f3 e infiltra\u00e7\u00e3o do ligante.<\/p>\n<p class=\"whitespace-pre-wrap\"><strong>P: O p\u00f3 de Al 3004 requer algumas precau\u00e7\u00f5es especiais de manuseamento?<\/strong><\/p>\n<p class=\"whitespace-pre-wrap\">R: Sim, recomenda-se o manuseio cuidadoso de p\u00f3s de alum\u00ednio sob atmosfera inerte, utilizando aterramento, ventila\u00e7\u00e3o e EPIs adequados para evitar riscos de inc\u00eandio ou explos\u00e3o.<\/p>\n<p class=\"whitespace-pre-wrap\"><strong>Q: Onde posso comprar p\u00f3 Al 3004 adequado para fio de soldadura aeroespacial?<\/strong><\/p>\n<p class=\"whitespace-pre-wrap\">R: O p\u00f3 de Al 3004 atomizado a g\u00e1s de elevada pureza que cumpre as normas aeroespaciais pode ser adquirido a fabricantes l\u00edderes como a Valimet, Makin Metal Powders e ASL.<\/p>\n<p><\/span><\/span><\/p>","protected":false},"excerpt":{"rendered":"<p>Vis\u00e3o geral do Al 3004 em p\u00f3 O Al 3004 \u00e9 uma liga de alum\u00ednio forjado conhecida por sua resist\u00eancia moderada, excelente resist\u00eancia \u00e0 corros\u00e3o, boa conformabilidade e soldabilidade. O mangan\u00eas aumenta a resist\u00eancia atrav\u00e9s do fortalecimento da solu\u00e7\u00e3o s\u00f3lida, enquanto o magn\u00e9sio melhora a resist\u00eancia atrav\u00e9s do endurecimento por precipita\u00e7\u00e3o. As principais caracter\u00edsticas do p\u00f3 de Al 3004 incluem Resist\u00eancia moderada \u00e0 tra\u00e7\u00e3o com excelente ductilidade Muito boa formabilidade e...<\/p>","protected":false},"featured_media":1814,"parent":0,"template":"","meta":{"_acf_changed":false,"_kad_blocks_custom_css":"","_kad_blocks_head_custom_js":"","_kad_blocks_body_custom_js":"","_kad_blocks_footer_custom_js":"","_kad_post_transparent":"","_kad_post_title":"","_kad_post_layout":"","_kad_post_sidebar_id":"","_kad_post_content_style":"","_kad_post_vertical_padding":"","_kad_post_feature":"","_kad_post_feature_position":"","_kad_post_header":false,"_kad_post_footer":false,"_kad_post_classname":""},"product-category":[119,124],"class_list":["post-3906","product","type-product","status-publish","has-post-thumbnail","hentry","product-category-3d-printing-metal-powder","product-category-aluminum-based-alloy-powder"],"acf":[],"taxonomy_info":{"product-category":[{"value":119,"label":"3D Printing Metal Powder"},{"value":124,"label":"Aluminum Based Alloy Powder"}]},"featured_image_src_large":["https:\/\/3dpmetal.com\/wp-content\/uploads\/2024\/02\/Al-3004-powder.png",412,318,false],"author_info":[],"comment_info":"","_links":{"self":[{"href":"https:\/\/3dpmetal.com\/pt\/wp-json\/wp\/v2\/product\/3906","targetHints":{"allow":["GET"]}}],"collection":[{"href":"https:\/\/3dpmetal.com\/pt\/wp-json\/wp\/v2\/product"}],"about":[{"href":"https:\/\/3dpmetal.com\/pt\/wp-json\/wp\/v2\/types\/product"}],"wp:featuredmedia":[{"embeddable":true,"href":"https:\/\/3dpmetal.com\/pt\/wp-json\/wp\/v2\/media\/1814"}],"wp:attachment":[{"href":"https:\/\/3dpmetal.com\/pt\/wp-json\/wp\/v2\/media?parent=3906"}],"wp:term":[{"taxonomy":"product-category","embeddable":true,"href":"https:\/\/3dpmetal.com\/pt\/wp-json\/wp\/v2\/product-category?post=3906"}],"curies":[{"name":"wp","href":"https:\/\/api.w.org\/{rel}","templated":true}]}}