{"id":3909,"date":"2024-03-18T06:10:12","date_gmt":"2024-03-18T06:10:12","guid":{"rendered":"https:\/\/3dp.45612300.xyz\/product\/nickel-based-k403-powder\/"},"modified":"2024-03-18T06:10:12","modified_gmt":"2024-03-18T06:10:12","slug":"nickel-based-k403-powder","status":"publish","type":"product","link":"https:\/\/3dpmetal.com\/pt\/product\/nickel-based-k403-powder\/","title":{"rendered":"P\u00f3 K403 \u00e0 base de n\u00edquel"},"content":{"rendered":"<p><span style=\"vertical-align: inherit;\"><span style=\"vertical-align: inherit;\"><\/p>\n<h2>Vis\u00e3o geral do p\u00f3 K403 \u00e0 base de n\u00edquel<\/h2>\n<p><img loading=\"lazy\" decoding=\"async\" class=\"wp-image-2098 size-full aligncenter\" src=\"https:\/\/met3dp.com\/wp-content\/uploads\/2023\/10\/K403-Powder.jpg\" alt=\"inconel para impress\u00e3o 3d P\u00f3 K403\" width=\"600\" height=\"600\" title=\"\"><\/p>\n<p class=\"whitespace-pre-wrap\">O p\u00f3 K403 \u00e9 um p\u00f3 de liga de n\u00edquel-cr\u00f3mio-ferro-molibd\u00e9nio. Oferece uma excelente resist\u00eancia \u00e0 oxida\u00e7\u00e3o, \u00e0 corros\u00e3o e \u00e0 fissura\u00e7\u00e3o por fadiga t\u00e9rmica. O K403 tem uma boa estabilidade de fase a temperaturas elevadas.<\/p>\n<p class=\"whitespace-pre-wrap\">As principais caracter\u00edsticas do p\u00f3 K403 incluem:<\/p>\n<ul class=\"list-disc pl-8 space-y-2\">\n<li class=\"whitespace-normal\">Excelente resist\u00eancia a altas temperaturas e resist\u00eancia \u00e0 flu\u00eancia<\/li>\n<li class=\"whitespace-normal\">Resiste \u00e0 oxida\u00e7\u00e3o e \u00e0 corros\u00e3o a quente at\u00e9 1150\u00a1\"C<\/li>\n<li class=\"whitespace-normal\">Mant\u00e9m as propriedades em condi\u00e7\u00f5es de aquecimento c\u00edclico<\/li>\n<li class=\"whitespace-normal\">Coeficiente de expans\u00e3o compat\u00edvel com ligas comuns<\/li>\n<li class=\"whitespace-normal\">Dispon\u00edvel em v\u00e1rias gamas de tamanhos e morfologias<\/li>\n<\/ul>\n<p class=\"whitespace-pre-wrap\">O p\u00f3 K403 foi concebido para revestimentos de prote\u00e7\u00e3o, pulveriza\u00e7\u00e3o t\u00e9rmica, soldadura, brasagem e outras aplica\u00e7\u00f5es a altas temperaturas.<\/p>\n<p class=\"whitespace-pre-wrap\">Este artigo fornece uma vis\u00e3o detalhada da composi\u00e7\u00e3o, propriedades, aplica\u00e7\u00f5es, especifica\u00e7\u00f5es, pre\u00e7os, seguran\u00e7a e outras informa\u00e7\u00f5es essenciais sobre o p\u00f3 K403 \u00e0 base de n\u00edquel.<\/p>\n<h2>Composi\u00e7\u00e3o do p\u00f3 K403 \u00e0 base de n\u00edquel<\/h2>\n<p class=\"whitespace-pre-wrap\">A composi\u00e7\u00e3o t\u00edpica do p\u00f3 K403 \u00e0 base de n\u00edquel \u00e9 a seguinte<\/p>\n<table>\n<thead>\n<tr>\n<th>Elemento<\/th>\n<th>Composi\u00e7\u00e3o<\/th>\n<\/tr>\n<\/thead>\n<tbody>\n<tr>\n<td>N\u00edquel (Ni)<\/td>\n<td>Equil\u00edbrio<\/td>\n<\/tr>\n<tr>\n<td>Cr\u00f3mio (Cr)<\/td>\n<td>21-23%<\/td>\n<\/tr>\n<tr>\n<td>Ferro (Fe)<\/td>\n<td>17-20%<\/td>\n<\/tr>\n<tr>\n<td>Molibd\u00eanio (Mo)<\/td>\n<td>8-10%<\/td>\n<\/tr>\n<tr>\n<td>Tungst\u00eanio (W)<\/td>\n<td>1-2%<\/td>\n<\/tr>\n<tr>\n<td>Mangan\u00eas (Mn)<\/td>\n<td>\u00a8P0.5%<\/td>\n<\/tr>\n<tr>\n<td>Sil\u00edcio (Si)<\/td>\n<td>\u00a8P0.5%<\/td>\n<\/tr>\n<tr>\n<td>Carbono (C)<\/td>\n<td>\u00a8P0.1%<\/td>\n<\/tr>\n<\/tbody>\n<\/table>\n<p>&nbsp;<\/p>\n<p class=\"whitespace-pre-wrap\">O n\u00edquel confere resist\u00eancia \u00e0 corros\u00e3o. O cr\u00f3mio e o ferro conferem resist\u00eancia \u00e0 oxida\u00e7\u00e3o. O molibd\u00e9nio e o tungst\u00e9nio conferem resist\u00eancia a altas temperaturas.<\/p>\n<p class=\"whitespace-pre-wrap\">A composi\u00e7\u00e3o exacta \u00e9 adaptada com base no m\u00e9todo de produ\u00e7\u00e3o do p\u00f3 e nos requisitos da aplica\u00e7\u00e3o.<\/p>\n<h2>Propriedades do p\u00f3 K403 \u00e0 base de n\u00edquel<\/h2>\n<p class=\"whitespace-pre-wrap\">O p\u00f3 K403 apresenta as seguintes propriedades:<\/p>\n<table>\n<thead>\n<tr>\n<th>Propriedade<\/th>\n<th>Detalhes<\/th>\n<\/tr>\n<\/thead>\n<tbody>\n<tr>\n<td>Densidade<\/td>\n<td>8,2 g\/cm3<\/td>\n<\/tr>\n<tr>\n<td>Ponto de Fus\u00e3o<\/td>\n<td>1350-1400 D.C.<\/td>\n<\/tr>\n<tr>\n<td>Condutividade t\u00e9rmica<\/td>\n<td>11 W\/m.K<\/td>\n<\/tr>\n<tr>\n<td>Resistividade el\u00e9trica<\/td>\n<td>94 microhm-cm<\/td>\n<\/tr>\n<tr>\n<td>M\u00f3dulo de Young<\/td>\n<td>207 GPa<\/td>\n<\/tr>\n<tr>\n<td>Coeficiente de Poisson<\/td>\n<td>0.29-0.30<\/td>\n<\/tr>\n<tr>\n<td>Resist\u00eancia \u00e0 tra\u00e7\u00e3o<\/td>\n<td>\u00a1\u00d4 550 MPa at\u00e9 1050\u00a1\"C<\/td>\n<\/tr>\n<tr>\n<td>Elonga\u00e7\u00e3o<\/td>\n<td>15-25%<\/td>\n<\/tr>\n<tr>\n<td>Dureza<\/td>\n<td>30-35 HRC<\/td>\n<\/tr>\n<tr>\n<td>Resist\u00eancia \u00e0 oxida\u00e7\u00e3o<\/td>\n<td>Excelente isot\u00e9rmica at\u00e9 1150\u00a1\"C<\/td>\n<\/tr>\n<\/tbody>\n<\/table>\n<p>&nbsp;<\/p>\n<p class=\"whitespace-pre-wrap\">A liga mant\u00e9m uma elevada resist\u00eancia e dureza a temperaturas elevadas. Tem boa ductilidade para o processamento de deforma\u00e7\u00e3o. O material resiste \u00e0 fissura\u00e7\u00e3o por fadiga t\u00e9rmica.<\/p>\n<h2>Aplica\u00e7\u00f5es do p\u00f3 K403 \u00e0 base de n\u00edquel<\/h2>\n<p class=\"whitespace-pre-wrap\">O p\u00f3 K403 \u00e0 base de n\u00edquel foi concebido para utiliza\u00e7\u00e3o em ambientes de alta temperatura. As aplica\u00e7\u00f5es t\u00edpicas incluem:<\/p>\n<p class=\"whitespace-pre-wrap\"><strong>Revestimentos de Proje\u00e7\u00e3o T\u00e9rmica:<\/strong> Utilizado para aplicar revestimentos espessos resistentes ao desgaste, \u00e0 corros\u00e3o e \u00e0 oxida\u00e7\u00e3o a altas temperaturas atrav\u00e9s de chama de arame\/p\u00f3 ou pulveriza\u00e7\u00e3o por arco el\u00e9trico.<\/p>\n<p class=\"whitespace-pre-wrap\"><strong>Soldadura:<\/strong> Utilizado como material de enchimento para unir ligas de alta temperatura, proporcionando resist\u00eancia \u00e0 oxida\u00e7\u00e3o e \u00e0 corros\u00e3o.<\/p>\n<p class=\"whitespace-pre-wrap\"><strong>Brasagem:<\/strong> Excelente liga de enchimento para conjuntos de brasagem que funcionam a mais de 1000\u00a1\"C, como componentes de turbinas, permutadores de calor, etc.<\/p>\n<p class=\"whitespace-pre-wrap\"><strong>Manufatura Aditiva:<\/strong> A fus\u00e3o selectiva a laser e outros processos de fus\u00e3o em leito de p\u00f3 podem utilizar o p\u00f3 K403 para fabricar pe\u00e7as.<\/p>\n<p class=\"whitespace-pre-wrap\"><strong>Turbinas a g\u00e1s:<\/strong> Componentes de turbinas com metalurgia do p\u00f3 expostos a traject\u00f3rias de g\u00e1s quente, como l\u00e2minas, palhetas e vedantes.<\/p>\n<p class=\"whitespace-pre-wrap\"><strong>Ind\u00fastria qu\u00edmica:<\/strong> Componentes revestidos com K403 em reactores de leito fluidizado, permutadores de calor, separadores de ciclones.<\/p>\n<p class=\"whitespace-pre-wrap\"><strong>Ind\u00fastria do vidro:<\/strong> Rolos, guias e deflectores pulverizados com p\u00f3, utilizados em fornos de fus\u00e3o de vidro e fornos de soleira.<\/p>\n<p class=\"whitespace-pre-wrap\"><strong>Tratamento t\u00e9rmico:<\/strong> Dispositivos, tabuleiros, cestos que funcionam a altas temperaturas.<\/p>\n<h2>Especifica\u00e7\u00f5es e graus do p\u00f3 K403<\/h2>\n<p class=\"whitespace-pre-wrap\">O p\u00f3 K403 est\u00e1 dispon\u00edvel em v\u00e1rias gamas de tamanhos, morfologias e graus:<\/p>\n<p class=\"whitespace-pre-wrap\"><strong>Tamanho de part\u00edcula:<\/strong> Entre 10-45 microns para m\u00e9todos AM, at\u00e9 150 microns para processos de pulveriza\u00e7\u00e3o t\u00e9rmica.<\/p>\n<p class=\"whitespace-pre-wrap\"><strong>Morfologia:<\/strong> Est\u00e3o dispon\u00edveis formas de part\u00edculas esf\u00e9ricas, irregulares e dendr\u00edticas. Os p\u00f3s esf\u00e9ricos t\u00eam melhor fluidez.<\/p>\n<p class=\"whitespace-pre-wrap\"><strong>Graus:<\/strong> O p\u00f3 pode ser adaptado de acordo com as especifica\u00e7\u00f5es AMS 7875, AMS 5887 ou outras ligas de alta temperatura.<\/p>\n<p class=\"whitespace-pre-wrap\"><strong>Pureza:<\/strong> P\u00f3 atomizado com g\u00e1s \u00e1rgon de elevada pureza dispon\u00edvel para aplica\u00e7\u00f5es cr\u00edticas.<\/p>\n<p class=\"whitespace-pre-wrap\"><strong>Personaliza\u00e7\u00e3o:<\/strong> A qu\u00edmica da liga e as caracter\u00edsticas das part\u00edculas podem ser personalizadas de acordo com os requisitos da aplica\u00e7\u00e3o.<\/p>\n<h2>Fornecedores globais de p\u00f3 de K403 \u00e0 base de n\u00edquel<\/h2>\n<p class=\"whitespace-pre-wrap\">Alguns dos principais fornecedores mundiais de p\u00f3 K403 \u00e0 base de n\u00edquel incluem:<\/p>\n<table>\n<thead>\n<tr>\n<th>Empresa<\/th>\n<th>Pa\u00eds<\/th>\n<\/tr>\n<\/thead>\n<tbody>\n<tr>\n<td>Sandvik<\/td>\n<td>Su\u00e9cia<\/td>\n<\/tr>\n<tr>\n<td>Tecnologia Carpinteiro<\/td>\n<td>EUA<\/td>\n<\/tr>\n<tr>\n<td>Hoganas<\/td>\n<td>Su\u00e9cia<\/td>\n<\/tr>\n<tr>\n<td>Praxair<\/td>\n<td>EUA<\/td>\n<\/tr>\n<tr>\n<td>CNP P\u00f3<\/td>\n<td>China<\/td>\n<\/tr>\n<tr>\n<td>Metais VDM<\/td>\n<td>Alemanha<\/td>\n<\/tr>\n<tr>\n<td>AMETEK<\/td>\n<td>EUA<\/td>\n<\/tr>\n<\/tbody>\n<\/table>\n<p>&nbsp;<\/p>\n<p class=\"whitespace-pre-wrap\">Estas empresas produzem p\u00f3 K403 utilizando v\u00e1rias t\u00e9cnicas, como a atomiza\u00e7\u00e3o com g\u00e1s \u00e1rgon, a atomiza\u00e7\u00e3o com plasma e a fus\u00e3o por indu\u00e7\u00e3o com el\u00e9ctrodos, para obter as caracter\u00edsticas desej\u00e1veis do p\u00f3.<\/p>\n<h2>Pre\u00e7os do p\u00f3 K403 \u00e0 base de n\u00edquel<\/h2>\n<p class=\"whitespace-pre-wrap\">O p\u00f3 K403 \u00e0 base de n\u00edquel \u00e9 mais caro do que os p\u00f3s de ligas simples devido \u00e0 qu\u00edmica e ao processamento complexos:<\/p>\n<ul class=\"list-disc pl-8 space-y-2\">\n<li class=\"whitespace-normal\"><strong>Quantidade<\/strong>?- Os pre\u00e7os variam entre $80-120\/kg para encomendas a granel superiores a 1000 kg. As quantidades mais pequenas t\u00eam um pre\u00e7o mais elevado.<\/li>\n<li class=\"whitespace-normal\"><strong>Qualidade<\/strong>?- P\u00f3 de alta pureza, de morfologia esf\u00e9rica, fabricado em condi\u00e7\u00f5es controladas, utilizando processos avan\u00e7ados, exige um pre\u00e7o superior.<\/li>\n<li class=\"whitespace-normal\"><strong>Fornecedor<\/strong>?- Os principais fornecedores mundiais tendem a oferecer pre\u00e7os competitivos devido aos volumes mais elevados.<\/li>\n<li class=\"whitespace-normal\"><strong>Geografia<\/strong>?- Os pre\u00e7os variam consoante as regi\u00f5es, sendo os EUA e a Europa mercados com pre\u00e7os mais elevados do que a China e a \u00cdndia.<\/li>\n<\/ul>\n<p class=\"whitespace-pre-wrap\">Para aplica\u00e7\u00f5es cr\u00edticas, os compradores devem concentrar-se na qualidade e n\u00e3o no custo mais baixo ao adquirir o p\u00f3 K403. O fornecimento de p\u00f3 que cumpre as especifica\u00e7\u00f5es \u00e9 vital para o desempenho.<\/p>\n<h2>Considera\u00e7\u00f5es sobre sa\u00fade e seguran\u00e7a para o p\u00f3 K403<\/h2>\n<p class=\"whitespace-pre-wrap\">Como p\u00f3 de liga met\u00e1lica, o K403 apresenta alguns riscos para a sa\u00fade e a seguran\u00e7a:<\/p>\n<ul class=\"list-disc pl-8 space-y-2\">\n<li class=\"whitespace-normal\">Os p\u00f3s finos podem representar um risco de explos\u00e3o de poeiras. Evitar a acumula\u00e7\u00e3o de poeiras e fontes de igni\u00e7\u00e3o.<\/li>\n<li class=\"whitespace-normal\">Pode provocar irrita\u00e7\u00e3o da pele e dos olhos em caso de exposi\u00e7\u00e3o prolongada. Utilizar equipamento de prote\u00e7\u00e3o individual.<\/li>\n<li class=\"whitespace-normal\">A inala\u00e7\u00e3o deve ser evitada. Utilizar prote\u00e7\u00e3o respirat\u00f3ria durante o manuseamento do p\u00f3.<\/li>\n<li class=\"whitespace-normal\">O p\u00f3 pode catalisar reac\u00e7\u00f5es com oxidantes. Evitar o contacto entre materiais incompat\u00edveis.<\/li>\n<li class=\"whitespace-normal\">A liga\u00e7\u00e3o \u00e0 terra adequada do equipamento, a ventila\u00e7\u00e3o e as pr\u00e1ticas de higiene s\u00e3o essenciais para o manuseamento do p\u00f3.<\/li>\n<li class=\"whitespace-normal\">Consultar as fichas de dados de seguran\u00e7a aplic\u00e1veis dos fornecedores para obter informa\u00e7\u00f5es completas sobre os perigos para a sa\u00fade.<\/li>\n<\/ul>\n<p class=\"whitespace-pre-wrap\">Para prote\u00e7\u00e3o dos trabalhadores, podem ser implementados procedimentos de seguran\u00e7a para os p\u00f3s met\u00e1licos, tais como caixas de luvas de g\u00e1s inerte e sistemas de supress\u00e3o de explos\u00f5es.<\/p>\n<h2>Inspe\u00e7\u00e3o e ensaio do p\u00f3 K403<\/h2>\n<p class=\"whitespace-pre-wrap\">Para garantir que o p\u00f3 de liga de n\u00edquel K403 est\u00e1 em conformidade com as especifica\u00e7\u00f5es, devem ser realizados v\u00e1rios testes e inspec\u00e7\u00f5es:<\/p>\n<ul class=\"list-disc pl-8 space-y-2\">\n<li class=\"whitespace-normal\"><strong>Composi\u00e7\u00e3o qu\u00edmica<\/strong>?- Verificar a composi\u00e7\u00e3o dos principais elementos de liga por espetroscopia de emiss\u00e3o \u00f3tica ou de fluoresc\u00eancia de raios X.<\/li>\n<li class=\"whitespace-normal\"><strong>Distribui\u00e7\u00e3o de Tamanho de Part\u00edculas<\/strong>?- Avaliar a gama de tamanhos de part\u00edculas de acordo com a norma ASTM B822 utilizando a difra\u00e7\u00e3o laser.<\/li>\n<li class=\"whitespace-normal\"><strong>Morfologia<\/strong>?- Inspecionar a forma das part\u00edculas e os defeitos de superf\u00edcie no MEV. Verificar a exist\u00eancia de sat\u00e9lites e porosidade.<\/li>\n<li class=\"whitespace-normal\"><strong>Caudal<\/strong>?- Avaliar a fluidez e a densidade aparente de acordo com a norma ASTM B213 utilizando o flux\u00f3metro Hall.<\/li>\n<li class=\"whitespace-normal\"><strong>Impurezas<\/strong>Medir o teor de oxig\u00e9nio e azoto utilizando a an\u00e1lise de fus\u00e3o de g\u00e1s inerte. Minimizar as impurezas.<\/li>\n<li class=\"whitespace-normal\"><strong>Microestrutura<\/strong>?- Verificar as fases presentes utilizando a an\u00e1lise de difra\u00e7\u00e3o de raios X.<\/li>\n<li class=\"whitespace-normal\"><strong>Propriedades Mec\u00e2nicas<\/strong>Efetuar ensaios de tra\u00e7\u00e3o e de dureza para pe\u00e7as de metalurgia do p\u00f3.<\/li>\n<\/ul>\n<p class=\"whitespace-pre-wrap\">Os testes de qualifica\u00e7\u00e3o e de lotes garantem uma qualidade e um desempenho consistentes do p\u00f3.<\/p>\n<h2>Compara\u00e7\u00e3o do p\u00f3 K403 com o p\u00f3 IN738<\/h2>\n<p class=\"whitespace-pre-wrap\">K403 e IN738 s\u00e3o duas ligas em p\u00f3 utilizadas em aplica\u00e7\u00f5es de alta temperatura:<\/p>\n<table>\n<thead>\n<tr>\n<th>Par\u00e2metros<\/th>\n<th>P\u00f3 K403<\/th>\n<th>IN738 P\u00f3<\/th>\n<\/tr>\n<\/thead>\n<tbody>\n<tr>\n<td>Composi\u00e7\u00e3o<\/td>\n<td>Ni-Cr-Fe-Mo<\/td>\n<td>Ni-Cr-Co-Al-Ti<\/td>\n<\/tr>\n<tr>\n<td>Resist\u00eancia \u00e0 oxida\u00e7\u00e3o<\/td>\n<td>Excelente at\u00e9 1150\u00a1\u00abC<\/td>\n<td>Muito bom at\u00e9 1100\u00a1\"C<\/td>\n<\/tr>\n<tr>\n<td>Custo<\/td>\n<td>Maior<\/td>\n<td>Baixo<\/td>\n<\/tr>\n<tr>\n<td>Estabilidade de fase<\/td>\n<td>Muito bom<\/td>\n<td>Pobre<\/td>\n<\/tr>\n<tr>\n<td>Resist\u00eancia mec\u00e2nica<\/td>\n<td>Elevada at\u00e9 1050\u00a1\"C<\/td>\n<td>Bom at\u00e9 750\u00a1\"C<\/td>\n<\/tr>\n<tr>\n<td>Fabrico<\/td>\n<td>M\u00e9dio<\/td>\n<td>F\u00e1cil<\/td>\n<\/tr>\n<tr>\n<td>APLICA\u00c7\u00d5ES<\/td>\n<td>Revestimento t\u00e9rmico, soldagem<\/td>\n<td>Componentes de turbinas, pe\u00e7as AM<\/td>\n<\/tr>\n<tr>\n<td>Disponibilidade<\/td>\n<td>Moderada<\/td>\n<td>Prontamente dispon\u00edvel<\/td>\n<\/tr>\n<\/tbody>\n<\/table>\n<p>&nbsp;<\/p>\n<p class=\"whitespace-pre-wrap\">Para temperaturas extremas superiores a 1100\u00a1\"C que exijam estabilidade de fase, \u00e9 prefer\u00edvel o K403, apesar do seu custo mais elevado. O IN738 oferece um fabrico mais f\u00e1cil e um custo mais baixo.<\/p>\n<h2>FAQs<\/h2>\n<p class=\"whitespace-pre-wrap\"><strong>P: Para que \u00e9 utilizado o p\u00f3 K403 \u00e0 base de n\u00edquel?<\/strong><\/p>\n<p class=\"whitespace-pre-wrap\">R: O p\u00f3 K403 foi concebido para aplica\u00e7\u00f5es a altas temperaturas, como revestimentos por pulveriza\u00e7\u00e3o t\u00e9rmica, brasagem, soldadura e fabrico de aditivos, em que \u00e9 necess\u00e1ria uma resist\u00eancia \u00e0 oxida\u00e7\u00e3o e \u00e0 corros\u00e3o at\u00e9 1150\u00a1\"C.<\/p>\n<p class=\"whitespace-pre-wrap\"><strong>P: Que tamanho de part\u00edcula \u00e9 utilizado para a pulveriza\u00e7\u00e3o t\u00e9rmica do p\u00f3 K403?<\/strong><\/p>\n<p class=\"whitespace-pre-wrap\">R: O p\u00f3 K403 mais grosso, at\u00e9 150 microns, \u00e9 normalmente utilizado em processos de pulveriza\u00e7\u00e3o t\u00e9rmica, como a pulveriza\u00e7\u00e3o por arco de arame, para maximizar a efici\u00eancia da deposi\u00e7\u00e3o e a espessura do revestimento.<\/p>\n<p class=\"whitespace-pre-wrap\"><strong>P: O K403 \u00e9 adequado para o fabrico aditivo por fus\u00e3o em leito de p\u00f3 a laser?<\/strong><\/p>\n<p class=\"whitespace-pre-wrap\">R: Sim, o p\u00f3 fino K403 pode ser utilizado em m\u00e1quinas de fus\u00e3o selectiva a laser para fabricar pe\u00e7as de geometria complexa com bom desempenho em ambientes de alta temperatura.<\/p>\n<p class=\"whitespace-pre-wrap\"><strong>P: Como \u00e9 que o K403 se compara com a liga Haynes 214?<\/strong><\/p>\n<p class=\"whitespace-pre-wrap\">R: O K403 tem uma resist\u00eancia a altas temperaturas e uma resist\u00eancia \u00e0 oxida\u00e7\u00e3o ligeiramente superiores \u00e0s do Haynes 214. Mas o Haynes 214 oferece excelentes caracter\u00edsticas de fabrico e um custo mais baixo.<\/p>\n<p class=\"whitespace-pre-wrap\"><strong>P: Quais s\u00e3o os principais perigos para a sa\u00fade do p\u00f3 K403?<\/strong><\/p>\n<p class=\"whitespace-pre-wrap\">R: O p\u00f3 fino K403 apresenta riscos de explos\u00e3o de poeiras. Pode tamb\u00e9m irritar a pele e os olhos. A inala\u00e7\u00e3o deve ser evitada. Utilizar equipamento de prote\u00e7\u00e3o adequado ao manusear o p\u00f3 K403.<\/p>\n<p class=\"whitespace-pre-wrap\"><strong>P: Onde posso comprar o p\u00f3 K403 para aplica\u00e7\u00f5es de brasagem a alta temperatura?<\/strong><\/p>\n<p class=\"whitespace-pre-wrap\">R: Os principais fornecedores, como a Sandvik, a Carpenter Powder Products e a Praxair Supply, t\u00eam p\u00f3 de liga de n\u00edquel K403 adequado para brasagem a alta temperatura. Considere o tamanho de part\u00edcula recomendado e os n\u00edveis de pureza com base na sua aplica\u00e7\u00e3o espec\u00edfica.<\/p>\n<p><\/span><\/span><\/p>","protected":false},"excerpt":{"rendered":"<p>Vis\u00e3o geral do p\u00f3 K403 \u00e0 base de n\u00edquel O p\u00f3 K403 \u00e9 um p\u00f3 de liga de n\u00edquel-cr\u00f3mio-ferro-molibd\u00e9nio. Oferece excelente resist\u00eancia \u00e0 oxida\u00e7\u00e3o, corros\u00e3o e fissura\u00e7\u00e3o por fadiga t\u00e9rmica. K403 tem boa estabilidade de fase em altas temperaturas. As principais caracter\u00edsticas do p\u00f3 K403 incluem: Excelente resist\u00eancia a altas temperaturas e resist\u00eancia \u00e0 flu\u00eancia Resiste \u00e0 oxida\u00e7\u00e3o e \u00e0 corros\u00e3o a quente at\u00e9 1150\u00a1\"C Mant\u00e9m as propriedades sob...<\/p>","protected":false},"featured_media":1820,"parent":0,"template":"","meta":{"_acf_changed":false,"_kad_blocks_custom_css":"","_kad_blocks_head_custom_js":"","_kad_blocks_body_custom_js":"","_kad_blocks_footer_custom_js":"","_kad_post_transparent":"","_kad_post_title":"","_kad_post_layout":"","_kad_post_sidebar_id":"","_kad_post_content_style":"","_kad_post_vertical_padding":"","_kad_post_feature":"","_kad_post_feature_position":"","_kad_post_header":false,"_kad_post_footer":false,"_kad_post_classname":""},"product-category":[119,120],"class_list":["post-3909","product","type-product","status-publish","has-post-thumbnail","hentry","product-category-3d-printing-metal-powder","product-category-high-temperature-alloy-powder"],"acf":[],"taxonomy_info":{"product-category":[{"value":119,"label":"3D Printing Metal Powder"},{"value":120,"label":"High Temperature Alloy Powder"}]},"featured_image_src_large":["https:\/\/3dpmetal.com\/wp-content\/uploads\/2024\/02\/K403-Powder.jpg",600,600,false],"author_info":[],"comment_info":"","_links":{"self":[{"href":"https:\/\/3dpmetal.com\/pt\/wp-json\/wp\/v2\/product\/3909","targetHints":{"allow":["GET"]}}],"collection":[{"href":"https:\/\/3dpmetal.com\/pt\/wp-json\/wp\/v2\/product"}],"about":[{"href":"https:\/\/3dpmetal.com\/pt\/wp-json\/wp\/v2\/types\/product"}],"wp:featuredmedia":[{"embeddable":true,"href":"https:\/\/3dpmetal.com\/pt\/wp-json\/wp\/v2\/media\/1820"}],"wp:attachment":[{"href":"https:\/\/3dpmetal.com\/pt\/wp-json\/wp\/v2\/media?parent=3909"}],"wp:term":[{"taxonomy":"product-category","embeddable":true,"href":"https:\/\/3dpmetal.com\/pt\/wp-json\/wp\/v2\/product-category?post=3909"}],"curies":[{"name":"wp","href":"https:\/\/api.w.org\/{rel}","templated":true}]}}