{"id":3914,"date":"2024-03-18T06:10:14","date_gmt":"2024-03-18T06:10:14","guid":{"rendered":"https:\/\/3dp.45612300.xyz\/product\/cu-99-95-powder\/"},"modified":"2024-03-18T06:10:14","modified_gmt":"2024-03-18T06:10:14","slug":"cu-99-95-powder","status":"publish","type":"product","link":"https:\/\/3dpmetal.com\/pt\/product\/cu-99-95-powder\/","title":{"rendered":"P\u00f3 Cu 99,95"},"content":{"rendered":"<p><span style=\"vertical-align: inherit;\"><span style=\"vertical-align: inherit;\"><\/p>\n<h2>Vis\u00e3o geral do p\u00f3 de Cu 99,95<\/h2>\n<p class=\"whitespace-pre-wrap\">P\u00f3 de Cu 99,95, tamb\u00e9m conhecido como p\u00f3 de cobre eletrol\u00edtico de alta resist\u00eancia (ETP), \u00e9 um p\u00f3 de cobre de alta pureza contendo um m\u00ednimo de 99,95% de cobre.<\/p>\n<p class=\"whitespace-pre-wrap\">Possui excelente condutividade el\u00e9trica e t\u00e9rmica, combinada com boas propriedades mec\u00e2nicas. As principais aplica\u00e7\u00f5es incluem contatos el\u00e9tricos, escovas, produtos para soldagem, brasagem, materiais de fric\u00e7\u00e3o e ferramentas diamantadas.<\/p>\n<p class=\"whitespace-pre-wrap\">Algumas propriedades e vantagens importantes do p\u00f3 de Cu 99,95 incluem:<\/p>\n<p class=\"whitespace-pre-wrap\"><strong>Propriedades e caracter\u00edsticas de Cu 99,95 em p\u00f3<\/strong><\/p>\n<table>\n<thead>\n<tr>\n<th>Propriedades<\/th>\n<th>Detalhes<\/th>\n<\/tr>\n<\/thead>\n<tbody>\n<tr>\n<td>Composi\u00e7\u00e3o<\/td>\n<td>M\u00ednimo 99,95% cobre<\/td>\n<\/tr>\n<tr>\n<td>Densidade<\/td>\n<td>8,94 g\/cc<\/td>\n<\/tr>\n<tr>\n<td>Forma da part\u00edcula<\/td>\n<td>Irregular e com \u00e2ngulos<\/td>\n<\/tr>\n<tr>\n<td>Intervalo de tamanho<\/td>\n<td>2-150 m\u00edcrons<\/td>\n<\/tr>\n<tr>\n<td>Densidade Aparente<\/td>\n<td>At\u00e9 50% da verdadeira densidade<\/td>\n<\/tr>\n<tr>\n<td>Capacidade de escoamento<\/td>\n<td>Leve a moderado<\/td>\n<\/tr>\n<tr>\n<td>Condutividade<\/td>\n<td>Excelente condutividade el\u00e9trica e t\u00e9rmica<\/td>\n<\/tr>\n<tr>\n<td>Sinterabilidade<\/td>\n<td>Boa sinteriza\u00e7\u00e3o em atmosfera de H2<\/td>\n<\/tr>\n<tr>\n<td>Pureza<\/td>\n<td>Cobre de alta pureza<\/td>\n<\/tr>\n<\/tbody>\n<\/table>\n<p class=\"whitespace-pre-wrap\">O Cu 99,95 oferece um balan\u00e7o ideal de condutividade, propriedades mec\u00e2nicas, caracter\u00edsticas de sinteriza\u00e7\u00e3o e custo para fabrica\u00e7\u00e3o de pe\u00e7as atrav\u00e9s de prensagem e sinteriza\u00e7\u00e3o.<\/p>\n<h2>Composi\u00e7\u00e3o do p\u00f3 Cu 99.95<\/h2>\n<p class=\"whitespace-pre-wrap\">Composi\u00e7\u00e3o t\u00edpica de Cu em p\u00f3 99,95:<\/p>\n<p class=\"whitespace-pre-wrap\"><strong>Composi\u00e7\u00e3o do p\u00f3 Cu 99.95<\/strong><\/p>\n<table>\n<thead>\n<tr>\n<th>Elemento<\/th>\n<th>Peso %<\/th>\n<\/tr>\n<\/thead>\n<tbody>\n<tr>\n<td>Cobre (Cu)<\/td>\n<td>99,95% min<\/td>\n<\/tr>\n<tr>\n<td>Oxig\u00eanio (O)<\/td>\n<td>M\u00e1x. de 0,05%<\/td>\n<\/tr>\n<tr>\n<td>Chumbo (Pb)<\/td>\n<td>M\u00e1x 0,005%<\/td>\n<\/tr>\n<tr>\n<td>Outras impurezas<\/td>\n<td>M\u00e1x 0,005%<\/td>\n<\/tr>\n<\/tbody>\n<\/table>\n<ul class=\"list-disc pl-8 space-y-2\">\n<li class=\"whitespace-normal\">O cobre oferece excelente condutividade e ductilidade<\/li>\n<li class=\"whitespace-normal\">Oxig\u00eanio presente como impureza afeta a condutividade e a sinteriza\u00e7\u00e3o<\/li>\n<li class=\"whitespace-normal\">Chumbo e outras impurezas cuidadosamente controladas<\/li>\n<\/ul>\n<p class=\"whitespace-pre-wrap\">Alto teor de cobre proporciona excelente condutividade el\u00e9trica e t\u00e9rmica combinando a boas propriedades mec\u00e2nicas ap\u00f3s a sinteriza\u00e7\u00e3o.<\/p>\n<p><img loading=\"lazy\" decoding=\"async\" class=\"size-medium wp-image-1409 aligncenter\" src=\"https:\/\/met3dp.com\/wp-content\/uploads\/2023\/09\/ed7a94ec-3c10-4b1b-87ed--300x300.jpg\" alt=\"P\u00f3 Cu 99,95\" width=\"300\" height=\"300\" title=\"\"><\/p>\n<h2>Propriedades f\u00edsicas do p\u00f3 de Cu 99,95<\/h2>\n<p class=\"whitespace-pre-wrap\"><strong>Propriedades f\u00edsicas do p\u00f3 de Cu 99,95<\/strong><\/p>\n<table>\n<thead>\n<tr>\n<th>Propriedades<\/th>\n<th>Valores<\/th>\n<\/tr>\n<\/thead>\n<tbody>\n<tr>\n<td>Densidade<\/td>\n<td>8,94 g\/cc<\/td>\n<\/tr>\n<tr>\n<td>Ponto de Fus\u00e3o<\/td>\n<td>1083\u00a1\u00abC<\/td>\n<\/tr>\n<tr>\n<td>Condutividade t\u00e9rmica<\/td>\n<td>400 W\/mK<\/td>\n<\/tr>\n<tr>\n<td>Resistividade el\u00e9trica<\/td>\n<td>1,72 \u00d7 10^-12 cm<\/td>\n<\/tr>\n<tr>\n<td>Temperatura de recristaliza\u00e7\u00e3o<\/td>\n<td>200-300 \u00baC<\/td>\n<\/tr>\n<tr>\n<td>Temperatura de Curie<\/td>\n<td>-269\u00a1\u00abC<\/td>\n<\/tr>\n<\/tbody>\n<\/table>\n<ul class=\"list-disc pl-8 space-y-2\">\n<li class=\"whitespace-normal\">Alta densidade em compara\u00e7\u00e3o com o ferro e o alum\u00ednio<\/li>\n<li class=\"whitespace-normal\">Excelente condutividade t\u00e9rmica para remo\u00e7\u00e3o de calor<\/li>\n<li class=\"whitespace-normal\">A baixa resistividade el\u00e9trica fornece alta condutividade<\/li>\n<li class=\"whitespace-normal\">A resistividade aumenta acima da temperatura de Curie<\/li>\n<li class=\"whitespace-normal\">Recristaliza\u00e7\u00e3o ativada por sinteriza\u00e7\u00e3o e melhora a ductilidade<\/li>\n<\/ul>\n<p class=\"whitespace-pre-wrap\">Propeidades f\u00edsicas tornam Cu 99,95 adequado a aplica\u00e7\u00f5es como contatos el\u00e9tricos e escovas que necessitam de alta condutividade.<\/p>\n<h2>Propriedades Mec\u00e2nicas do Cu 99.95 em P\u00f3<\/h2>\n<p class=\"whitespace-pre-wrap\"><strong>Propriedades Mec\u00e2nicas do Cu 99.95 em P\u00f3<\/strong><\/p>\n<table>\n<thead>\n<tr>\n<th>Propriedades<\/th>\n<th>Valores<\/th>\n<\/tr>\n<\/thead>\n<tbody>\n<tr>\n<td>Resist\u00eancia \u00e0 tra\u00e7\u00e3o<\/td>\n<td>220-340 MPa<\/td>\n<\/tr>\n<tr>\n<td>Resist\u00eancia ao escoamento<\/td>\n<td>70-190 MPa<\/td>\n<\/tr>\n<tr>\n<td>Elonga\u00e7\u00e3o<\/td>\n<td>35-60%<\/td>\n<\/tr>\n<tr>\n<td>Dureza<\/td>\n<td>45-90 HB<\/td>\n<\/tr>\n<tr>\n<td>M\u00f3dulo de elasticidade<\/td>\n<td>110-130 GPa<\/td>\n<\/tr>\n<tr>\n<td>Resist\u00eancia \u00e0 Compress\u00e3o<\/td>\n<td>500\u2013700 MPa<\/td>\n<\/tr>\n<\/tbody>\n<\/table>\n<ul class=\"list-disc pl-8 space-y-2\">\n<li class=\"whitespace-normal\">Boa combina\u00e7\u00e3o de for\u00e7a e alta ductilidade<\/li>\n<li class=\"whitespace-normal\">Dureza relativamente baixa e alta maleabilidade<\/li>\n<li class=\"whitespace-normal\">N\u00edveis de for\u00e7a moderada em compara\u00e7\u00e3o com ligas de alta resist\u00eancia<\/li>\n<li class=\"whitespace-normal\">As propriedades dependem de fatores como porosidade e tamanho do gr\u00e3o<\/li>\n<\/ul>\n<p class=\"whitespace-pre-wrap\">As propriedades mec\u00e2nicas tornam o Cu 99,95 adequado para componentes condutivos mais flex\u00edveis que exijam deforma\u00e7\u00e3o e for\u00e7a compressiva.<\/p>\n<h2>Aplica\u00e7\u00f5es de P\u00f3 de Cu 99,95<\/h2>\n<p class=\"whitespace-pre-wrap\">As aplica\u00e7\u00f5es t\u00edpicas do p\u00f3 de Cu 99,95 incluem:<\/p>\n<p class=\"whitespace-pre-wrap\"><strong>Aplica\u00e7\u00f5es de P\u00f3 de Cu 99,95<\/strong><\/p>\n<table>\n<thead>\n<tr>\n<th>Ind\u00fastria<\/th>\n<th>Exemplos de Aplica\u00e7\u00e3o<\/th>\n<\/tr>\n<\/thead>\n<tbody>\n<tr>\n<td>Eletrical e eletr\u00f4nica<\/td>\n<td>Contatos, conectores, escovas, Blindagem RF<\/td>\n<\/tr>\n<tr>\n<td>Automotivo<\/td>\n<td>Escovas, buchas, rolamentos<\/td>\n<\/tr>\n<tr>\n<td>Industrial<\/td>\n<td>El\u00e9trodos de soldagem, moldes de fundi\u00e7\u00e3o, comp\u00f3sitos de matriz met\u00e1lica<\/td>\n<\/tr>\n<tr>\n<td>Fabrica\u00e7\u00e3o<\/td>\n<td>Brasagem e soldagem, componentes de ferramentas<\/td>\n<\/tr>\n<tr>\n<td>Produtos de fric\u00e7\u00e3o<\/td>\n<td>Pastilhas de freio, discos de embreagem<\/td>\n<\/tr>\n<\/tbody>\n<\/table>\n<p class=\"whitespace-pre-wrap\">Algumas utiliza\u00e7\u00f5es espec\u00edficas:<\/p>\n<ul class=\"list-disc pl-8 space-y-2\">\n<li class=\"whitespace-normal\">Contatos e escovas el\u00e9tricas deslizantes<\/li>\n<li class=\"whitespace-normal\">Componentes estruturais que exigem condutividade<\/li>\n<li class=\"whitespace-normal\">Confec\u00e7\u00e3o de joias e produtos artesanais<\/li>\n<li class=\"whitespace-normal\">Ferramentas diamantadas com matriz de metal de cobre<\/li>\n<li class=\"whitespace-normal\">Formula\u00e7\u00f5es de Varetas de Solda e Pastas para Brasagem<\/li>\n<li class=\"whitespace-normal\">Revestimentos de molde para fundi\u00e7\u00e3o de ligas reativas<\/li>\n<\/ul>\n<p class=\"whitespace-pre-wrap\">O excelente equil\u00edbrio de condutividade, propriedades mec\u00e2nicas, conformabilidade e custo tornam o Cu 99,95 adequado para essa ampla gama de aplica\u00e7\u00f5es.<\/p>\n<h2>Especifica\u00e7\u00f5es de P\u00f3 de Cobre 99,95<\/h2>\n<p class=\"whitespace-pre-wrap\">Especifica\u00e7\u00f5es t\u00e9cnicas-chave para Cu 99,95 em p\u00f3 incluem:<\/p>\n<p class=\"whitespace-pre-wrap\"><strong>Especifica\u00e7\u00f5es de P\u00f3 de Cobre 99,95<\/strong><\/p>\n<table>\n<thead>\n<tr>\n<th>Padr\u00e3o<\/th>\n<th>Descri\u00e7\u00e3o<\/th>\n<\/tr>\n<\/thead>\n<tbody>\n<tr>\n<td>ASTM B602<\/td>\n<td>Especifica\u00e7\u00e3o padr\u00e3o para cobre eletrol\u00edtico cru, forjado e n\u00e3o deformado<\/td>\n<\/tr>\n<tr>\n<td>JIS H3125<\/td>\n<td>P\u00f3s de cobre eletrol\u00edtico e ligas de cobre<\/td>\n<\/tr>\n<tr>\n<td>ISO 3497<\/td>\n<td>P\u00f3s de Cobre para fins gerais<\/td>\n<\/tr>\n<tr>\n<td>Orienta\u00e7\u00f5es ASTM B<\/td>\n<td>Densidade aparente, taxa de fluxo, distribui\u00e7\u00e3o do tamanho das part\u00edculas<\/td>\n<\/tr>\n<\/tbody>\n<\/table>\n<p class=\"whitespace-pre-wrap\">Estas normas definem:<\/p>\n<ul class=\"list-disc pl-8 space-y-2\">\n<li class=\"whitespace-normal\">M\u00ednimo de 99,95% de teor de cobre<\/li>\n<li class=\"whitespace-normal\">Limites de impurezas como O, Pb<\/li>\n<li class=\"whitespace-normal\">Caracter\u00edsticas do p\u00f3 requerido<\/li>\n<li class=\"whitespace-normal\">M\u00e9todo de produ\u00e7\u00e3o &#8211; processo eletrol\u00edtico<\/li>\n<li class=\"whitespace-normal\">Distribui\u00e7\u00e3o aceit\u00e1vel do tamanho das part\u00edculas<\/li>\n<li class=\"whitespace-normal\">M\u00e9todos de teste para propriedades de p\u00f3s<\/li>\n<\/ul>\n<p class=\"whitespace-pre-wrap\">A conformidade garante que o p\u00f3 atenda aos requisitos de pureza e propriedades necess\u00e1rios para o uso pretendido.<\/p>\n<h2>Tamanhos de Part\u00edculas do P\u00f3 de Cu 99,95<\/h2>\n<p class=\"whitespace-pre-wrap\"><strong>Distribui\u00e7\u00e3o do tamanho de particula do Cu 99.95 em p\u00f3<\/strong><\/p>\n<table>\n<thead>\n<tr>\n<th>Tamanho da part\u00edcula<\/th>\n<th>Caracter\u00edsticas<\/th>\n<\/tr>\n<\/thead>\n<tbody>\n<tr>\n<td>2-20 m\u00edcrons<\/td>\n<td>P\u00f3 muito fino utilizado na microeletr\u00f4nica<\/td>\n<\/tr>\n<tr>\n<td>5-30 m\u00edcrons<\/td>\n<td>P\u00f3 fino para sinteriza\u00e7\u00e3o e moldagem por inje\u00e7\u00e3o<\/td>\n<\/tr>\n<tr>\n<td>15-150 micra<\/td>\n<td>P\u00f3 grosso pr\u00f3prio para compactar<\/td>\n<\/tr>\n<\/tbody>\n<\/table>\n<ul class=\"list-disc pl-8 space-y-2\">\n<li class=\"whitespace-normal\">Tamanhos de p\u00f3 mais finos fornecem maior densidade sinterizada<\/li>\n<li class=\"whitespace-normal\">P\u00f3 grosso tem melhor capacidade de fluxo para enchimento autom\u00e1tico<\/li>\n<li class=\"whitespace-normal\">O intervalo de tamanho ajustado com base nos requisitos da pe\u00e7a<\/li>\n<li class=\"whitespace-normal\">Est\u00e3o dispon\u00edveis formatos de p\u00f3 esf\u00e9rico e irregular<\/li>\n<\/ul>\n<p class=\"whitespace-pre-wrap\">O controle da distribui\u00e7\u00e3o do tamanho de part\u00edcula permite otimizar caracter\u00edsticas de prensagem, a densidade sinterizada e as propriedades.<\/p>\n<h2>densidade aparente do p\u00f3 de Cu 99.95<\/h2>\n<p class=\"whitespace-pre-wrap\"><strong>densidade aparente do p\u00f3 de Cu 99.95<\/strong><\/p>\n<table>\n<thead>\n<tr>\n<th>Densidade Aparente<\/th>\n<th>Detalhes<\/th>\n<\/tr>\n<\/thead>\n<tbody>\n<tr>\n<td>At\u00e9 50% da verdadeira densidade<\/td>\n<td>Para morfologia de p\u00f3 irregular<\/td>\n<\/tr>\n<tr>\n<td>3,5-5,0 g\/cc t\u00edpico<\/td>\n<td>Compacta \u00e0 quase densidade total ap\u00f3s prensagem e sinteriza\u00e7\u00e3o<\/td>\n<\/tr>\n<\/tbody>\n<\/table>\n<ul class=\"list-disc pl-8 space-y-2\">\n<li class=\"whitespace-normal\">Elevada densidade aparente melhora o fluxo e a compactabilidade do p\u00f3<\/li>\n<li class=\"whitespace-normal\">A morfologia irregular limita a densidade m\u00e1xima de compacta\u00e7\u00e3o<\/li>\n<li class=\"whitespace-normal\">\u00c9 poss\u00edvel trabalhar com valores de at\u00e9 60% com p\u00f3 esf\u00e9rico otimizado<\/li>\n<li class=\"whitespace-normal\">Alta densidade de verde ap\u00f3s a compacta\u00e7\u00e3o permite boa sinteriza\u00e7\u00e3o<\/li>\n<\/ul>\n<p class=\"whitespace-pre-wrap\">Uma densidade aparente mais alta melhora a produtividade da fabrica\u00e7\u00e3o e a qualidade da pe\u00e7a.<\/p>\n<h2>M\u00e9todo de Produ\u00e7\u00e3o de P\u00f3 Cu 99,95<\/h2>\n<p class=\"whitespace-pre-wrap\"><strong>Produ\u00e7\u00e3o do p\u00f3 Cu 99,95<\/strong><\/p>\n<table>\n<thead>\n<tr>\n<th>M\u00e9todo<\/th>\n<th>Detalhes<\/th>\n<\/tr>\n<\/thead>\n<tbody>\n<tr>\n<td>Eletr\u00f3lises<\/td>\n<td>Os c\u00e1todos de cobre dissolveram-se anodicamente em \u00edons Cu+ que s\u00e3o depositados nos c\u00e1todos de a\u00e7o inoxid\u00e1vel<\/td>\n<\/tr>\n<tr>\n<td>Moagem<\/td>\n<td>P\u00f3 grosso desfeito e classificado em faixas de tamanho espec\u00edficas<\/td>\n<\/tr>\n<tr>\n<td>Recozimento<\/td>\n<td>Amacia as part\u00edculas de p\u00f3 e melhora a compressibilidade<\/td>\n<\/tr>\n<tr>\n<td>Atmosfera redutora<\/td>\n<td>Impede a oxida\u00e7\u00e3o de part\u00edculas durante a produ\u00e7\u00e3o<\/td>\n<\/tr>\n<\/tbody>\n<\/table>\n<ul class=\"list-disc pl-8 space-y-2\">\n<li class=\"whitespace-normal\">O processo eletrol\u00edtico automatizado permite a produ\u00e7\u00e3o de p\u00f3 de alta pureza<\/li>\n<li class=\"whitespace-normal\">A moagem e peneiramento fornecem distribui\u00e7\u00e3o de granulometria controlada<\/li>\n<li class=\"whitespace-normal\">Recozimento permite compacta\u00e7\u00e3o f\u00e1cil em pe\u00e7as de alta densidade<\/li>\n<li class=\"whitespace-normal\">O controlo de processo rigoroso garante uma qualidade de p\u00f3 fi\u00e1vel e consistente<\/li>\n<\/ul>\n<h2>Fixa\u00e7\u00e3o de Pre\u00e7os para P\u00f3 de Cobre 99,95<\/h2>\n<p class=\"whitespace-pre-wrap\"><strong>Fixa\u00e7\u00e3o de Pre\u00e7os para P\u00f3 de Cobre 99,95<\/strong><\/p>\n<table>\n<thead>\n<tr>\n<th>Fator<\/th>\n<th>Impacto no pre\u00e7o<\/th>\n<\/tr>\n<\/thead>\n<tbody>\n<tr>\n<td>Grau de pureza<\/td>\n<td>Graus de pureza maiores custam mais<\/td>\n<\/tr>\n<tr>\n<td>Tamanho da part\u00edcula<\/td>\n<td>Ultrafinas s\u00e3o mais caras<\/td>\n<\/tr>\n<tr>\n<td>Quantidade do Pedido<\/td>\n<td>Diminui o pre\u00e7o com pedidos em s\u00e9rie<\/td>\n<\/tr>\n<tr>\n<td>M\u00e9todo de produ\u00e7\u00e3o<\/td>\n<td>Processamento adicional aumenta o custo<\/td>\n<\/tr>\n<tr>\n<td>Embalagem<\/td>\n<td>Embalagens especiais como selo a v\u00e1cuo agregam custo<\/td>\n<\/tr>\n<\/tbody>\n<\/table>\n<p class=\"whitespace-pre-wrap\"><strong>Pre\u00e7o Indicativo<\/strong><\/p>\n<ul class=\"list-disc pl-8 space-y-2\">\n<li class=\"whitespace-normal\">P\u00f3 fino Cu 99,95: US$ 8-12 por kg<\/li>\n<li class=\"whitespace-normal\">P\u00f3 grosso de Cu 99,95: 7 a 10 d\u00f3lares por kg<\/li>\n<li class=\"whitespace-normal\">Pre\u00e7os reduzidos aplic\u00e1veis para encomendas em quantidade superior a 500 kg<\/li>\n<\/ul>\n<p class=\"whitespace-pre-wrap\">A precifica\u00e7\u00e3o depende de volume do pedido, tamanho da part\u00edcula, m\u00e9todo de produ\u00e7\u00e3o, n\u00edvel de pureza e embalagem.<\/p>\n<h2>Fornecedores de p\u00f3 Cu 99,95<\/h2>\n<p class=\"whitespace-pre-wrap\"><strong>Fornecedores de p\u00f3 Cu 99,95<\/strong><\/p>\n<table>\n<thead>\n<tr>\n<th>Empresa<\/th>\n<th>Local<\/th>\n<\/tr>\n<\/thead>\n<tbody>\n<tr>\n<td>Kymera International<\/td>\n<td>EUA<\/td>\n<\/tr>\n<tr>\n<td>GGP Metalpowder<\/td>\n<td>Alemanha<\/td>\n<\/tr>\n<tr>\n<td>American Chemet Corporation<\/td>\n<td>EUA<\/td>\n<\/tr>\n<tr>\n<td>P\u00f3 Material CNPC de Xangai<\/td>\n<td>China<\/td>\n<\/tr>\n<tr>\n<td>Nuclead<\/td>\n<td>Fran\u00e7a<\/td>\n<\/tr>\n<tr>\n<td>Libo Metals<\/td>\n<td>China<\/td>\n<\/tr>\n<\/tbody>\n<\/table>\n<p class=\"whitespace-pre-wrap\">Fatores de sele\u00e7\u00e3o para fornecedores:<\/p>\n<ul class=\"list-disc pl-8 space-y-2\">\n<li class=\"whitespace-normal\">N\u00edveis e classes de pureza do p\u00f3 dispon\u00edveis<\/li>\n<li class=\"whitespace-normal\">Capacidades de produ\u00e7\u00e3o e prazos de entrega<\/li>\n<li class=\"whitespace-normal\">Intervalos de tamanho m\u00e9dio das part\u00edculas<\/li>\n<li class=\"whitespace-normal\">Customiza\u00e7\u00e3o da distribui\u00e7\u00e3o do tamanho<\/li>\n<li class=\"whitespace-normal\">Embalagem e quantidade m\u00ednima de pedidos<\/li>\n<li class=\"whitespace-normal\">N\u00edveis de pre\u00e7os com base no volume do pedido<\/li>\n<li class=\"whitespace-normal\">Em conformidade com as especifica\u00e7\u00f5es internacionais<\/li>\n<\/ul>\n<h2>Manuseio e armazenamento de p\u00f3 de Cu 99,95<\/h2>\n<p class=\"whitespace-pre-wrap\"><strong>Manuseio de Cobre em P\u00f3 99,95<\/strong><\/p>\n<table>\n<thead>\n<tr>\n<th>Recomenda\u00e7\u00e3o<\/th>\n<th>Raz\u00e3o<\/th>\n<\/tr>\n<\/thead>\n<tbody>\n<tr>\n<td>Evite inala\u00e7\u00e3o<\/td>\n<td>Potencial de irrita\u00e7\u00e3o respirat\u00f3ria<\/td>\n<\/tr>\n<tr>\n<td>Use m\u00e1scaras, luvas<\/td>\n<td>Prevenir ingest\u00e3o<\/td>\n<\/tr>\n<tr>\n<td>Garantir ventila\u00e7\u00e3o adequada<\/td>\n<td>Reduza as part\u00edculas no ar<\/td>\n<\/tr>\n<tr>\n<td>Evite fontes de igni\u00e7\u00e3o<\/td>\n<td>Perigo de p\u00f3 inflam\u00e1vel<\/td>\n<\/tr>\n<tr>\n<td>Siga procedimentos antiest\u00e1ticos<\/td>\n<td>Prevenir inc\u00eandio por descarga est\u00e1tica<\/td>\n<\/tr>\n<tr>\n<td>Utilize ferramentas antifa\u00edsca<\/td>\n<td>Evite a igni\u00e7\u00e3o durante o manuseio<\/td>\n<\/tr>\n<tr>\n<td>Conservar em local fresco e seco<\/td>\n<td>Evita a oxida\u00e7\u00e3o e absor\u00e7\u00e3o de humidade<\/td>\n<\/tr>\n<\/tbody>\n<\/table>\n<p class=\"whitespace-pre-wrap\"><strong>Recomenda\u00e7\u00f5es de Armazenamento<\/strong><\/p>\n<ul class=\"list-disc pl-8 space-y-2\">\n<li class=\"whitespace-normal\">Armazene em recipientes herm\u00e9ticos, longe de \u00e1cidos ou cloretos.<\/li>\n<li class=\"whitespace-normal\">Manter temperaturas inferiores a 27\u00b0C<\/li>\n<li class=\"whitespace-normal\">Limitar a exposi\u00e7\u00e3o a:\n<ul class=\"list-disc pl-8 space-y-2\">\n<li class=\"whitespace-normal\">\u00c1cidos oxidantes como o \u00e1cido n\u00edtrico.<\/li>\n<li class=\"whitespace-normal\">\u00c1cido sulf\u00farico a quente<\/li>\n<li class=\"whitespace-normal\">Sulfureto de hidrog\u00eanio<\/li>\n<li class=\"whitespace-normal\">Solu\u00e7\u00f5es de amon\u00edaco<\/li>\n<li class=\"whitespace-normal\">Hidrocarbonetos clorados<\/li>\n<\/ul>\n<\/li>\n<\/ul>\n<p class=\"whitespace-pre-wrap\">O manuseio e o armazenamento adequados ajudam a preservar a pureza e a prevenir riscos de reatividade ou inc\u00eandio.<\/p>\n<h2>Inspec\u00e7\u00e3o e Teste de P\u00f3 de Cu 99,95<\/h2>\n<p class=\"whitespace-pre-wrap\"><strong>Testes de p\u00f3 de Cu 99,95<\/strong><\/p>\n<table>\n<thead>\n<tr>\n<th>Tipo de teste<\/th>\n<th>Detalhes<\/th>\n<\/tr>\n<\/thead>\n<tbody>\n<tr>\n<td>An\u00e1lises qu\u00edmicas<\/td>\n<td>An\u00e1lise ICP para verificar a composi\u00e7\u00e3o<\/td>\n<\/tr>\n<tr>\n<td>Distribui\u00e7\u00e3o de Tamanho de Part\u00edculas<\/td>\n<td>An\u00e1lise por difra\u00e7\u00e3o a laser<\/td>\n<\/tr>\n<tr>\n<td>Densidade Aparente<\/td>\n<td>Teste de flux\u00f4metro Hall conforme ASTM B212<\/td>\n<\/tr>\n<tr>\n<td>Morfologia de p\u00f3<\/td>\n<td>Imagem SEM<\/td>\n<\/tr>\n<tr>\n<td>Densidade Batida<\/td>\n<td>Medido ap\u00f3s batidas mec\u00e2nicas<\/td>\n<\/tr>\n<tr>\n<td>An\u00e1lise da taxa de fluxo<\/td>\n<td>Vaz\u00e3o de fluxo por gravidade pelo bocal especificado<\/td>\n<\/tr>\n<\/tbody>\n<\/table>\n<p class=\"whitespace-pre-wrap\">Testes rigorosos garantem que o p\u00f3 atende \u00e0s especifica\u00e7\u00f5es qu\u00edmicas, fis\u00edcas e morfol\u00f3gicas necess\u00e1rias para a aplica\u00e7\u00e3o.<\/p>\n<h2>Pr\u00f3s e Contras do P\u00f3 de Cobre 99,95<\/h2>\n<p class=\"whitespace-pre-wrap\"><strong>Vantagens do p\u00f3 de Cu 99,95<\/strong><\/p>\n<ul class=\"list-disc pl-8 space-y-2\">\n<li class=\"whitespace-normal\">Excelente condutividade el\u00e9trica e t\u00e9rmica<\/li>\n<li class=\"whitespace-normal\">Boa ductilidade e maleabilidade<\/li>\n<li class=\"whitespace-normal\">Econ\u00f3mico em compara\u00e7\u00e3o com prata pura ou ouro<\/li>\n<li class=\"whitespace-normal\">Boa resist\u00eancia a corros\u00e3o e biocompatibilidade<\/li>\n<li class=\"whitespace-normal\">F\u00e1cil de serrar e de comprimir em pe\u00e7as de alta densidade<\/li>\n<li class=\"whitespace-normal\">Recicl\u00e1vel e amigo do ambiente<\/li>\n<\/ul>\n<p class=\"whitespace-pre-wrap\"><strong>Limita\u00e7\u00f5es do P\u00f3 de Cu 99,95<\/strong><\/p>\n<ul class=\"list-disc pl-8 space-y-2\">\n<li class=\"whitespace-normal\">Menor resist\u00eancia do que as ligas de alta resist\u00eancia<\/li>\n<li class=\"whitespace-normal\">Resist\u00eancia moderada \u00e0 oxida\u00e7\u00e3o a alta temperatura<\/li>\n<li class=\"whitespace-normal\">Pesado em compara\u00e7\u00e3o com magn\u00e9sio e alum\u00ednio<\/li>\n<li class=\"whitespace-normal\">N\u00e3o adequado para componentes altamente tensos e com suporte de carga<\/li>\n<li class=\"whitespace-normal\">A superf\u00edcie envelhece com o tempo se n\u00e3o for revestida<\/li>\n<li class=\"whitespace-normal\">Aplica\u00e7\u00f5es de contacto com alimentos restrito<\/li>\n<\/ul>\n<h2>Compara\u00e7\u00e3o com o P\u00f3 de CuCrZr<\/h2>\n<p class=\"whitespace-pre-wrap\"><strong>Cu 99,95 vs P\u00f3 CuCrZr<\/strong><\/p>\n<table>\n<thead>\n<tr>\n<th>Par\u00e2metros<\/th>\n<th>Cu 99,95<\/th>\n<th>CuCrZr<\/th>\n<\/tr>\n<\/thead>\n<tbody>\n<tr>\n<td>Densidade<\/td>\n<td>8,94 g\/cc<\/td>\n<td>8,8 g\/cc<\/td>\n<\/tr>\n<tr>\n<td>For\u00e7a<\/td>\n<td>220-340 MPa<\/td>\n<td>450-650 MPa<\/td>\n<\/tr>\n<tr>\n<td>Condutividade<\/td>\n<td>Excelente<\/td>\n<td>Moderada<\/td>\n<\/tr>\n<tr>\n<td>Estabilidade t\u00e9rmica<\/td>\n<td>Justo<\/td>\n<td>Excelente<\/td>\n<\/tr>\n<tr>\n<td>Custo<\/td>\n<td>Baixo<\/td>\n<td>Alto<\/td>\n<\/tr>\n<tr>\n<td>Uso<\/td>\n<td>Carga moderada el\u00e9trica, t\u00e9rmica<\/td>\n<td>Pe\u00e7as estruturais de alta resist\u00eancia<\/td>\n<\/tr>\n<\/tbody>\n<\/table>\n<ul class=\"list-disc pl-8 space-y-2\">\n<li class=\"whitespace-normal\">Cu 99,95 tem melhor condutividade e menor custo<\/li>\n<li class=\"whitespace-normal\">CuCrZr fornece maior for\u00e7a e estabilidade t\u00e9rmica<\/li>\n<li class=\"whitespace-normal\">Cu 99.95 apropriado para componentes condutivos mais macios<\/li>\n<li class=\"whitespace-normal\">CuCrZr preferida para pe\u00e7as estruturais de alta carga<\/li>\n<\/ul>\n<h2>Perguntas frequentes do p\u00f3 de Cu 99,95<\/h2>\n<p class=\"whitespace-pre-wrap\"><strong>P: Quais s\u00e3o as principais aplica\u00e7\u00f5es do Cu em p\u00f3 99.95?<\/strong><\/p>\n<p class=\"whitespace-pre-wrap\">As principais aplica\u00e7\u00f5es incluem contatos el\u00e9tricos, escovas, produtos de soldagem, ferramentas de diamante, ligas de brasagem, materiais de fric\u00e7\u00e3o e comp\u00f3sitos de matriz met\u00e1lica. S\u00e3o amplamente usados em produtos eletr\u00f4nicos, automotivos e industriais.<\/p>\n<p class=\"whitespace-pre-wrap\"><strong>P: O que afeta as propriedades das pe\u00e7as de p\u00f3 de Cu 99,95?<\/strong><\/p>\n<p class=\"whitespace-pre-wrap\">R: Os principais fatores que afetam as propriedades s\u00e3o a densidade aparente, a quantidade de lubrificante, a press\u00e3o de compacta\u00e7\u00e3o, o tempo\/temperatura de sinteriza\u00e7\u00e3o, a composi\u00e7\u00e3o do p\u00f3, distribui\u00e7\u00e3o de tamanho de part\u00edcula e presen\u00e7a de impurezas.<\/p>\n<p class=\"whitespace-pre-wrap\"><strong>P: Quais precau\u00e7\u00f5es devem ser tomadas ao manusear Cu 99,95 em p\u00f3?<\/strong><\/p>\n<p class=\"whitespace-pre-wrap\">A: As precau\u00e7\u00f5es recomendadas incluem evitar inala\u00e7\u00e3o, garantir ventila\u00e7\u00e3o adequada, usar equipamento de prote\u00e7\u00e3o, controlar descarga est\u00e1tica, usar ferramentas antifaiscantes, evitar fontes de igni\u00e7\u00e3o e armazenar em um local fresco e seco em recipientes selados.<\/p>\n<p class=\"whitespace-pre-wrap\"><strong>Q: Qual a diferen\u00e7a entre p\u00f3s de Cu 99,95 e p\u00f3s de bronze e lat\u00e3o?<\/strong><\/p>\n<p class=\"whitespace-pre-wrap\">R: Bronze e lat\u00e3o s\u00e3o ligas de cobre com estanho e zinco, enquanto Cu 99.95 \u00e9 cobre puro. Tem uma condutividade maior, mas menor resist\u00eancia do que bronze ou lat\u00e3o. Cu 99.95 \u00e9 mais rent\u00e1vel.<\/p>\n<p><\/span><\/span><\/p>","protected":false},"excerpt":{"rendered":"<p>Vis\u00e3o geral do p\u00f3 de Cu 99.95 O p\u00f3 de Cu 99.95, tamb\u00e9m referido como p\u00f3 de cobre de passo duro eletrol\u00edtico (ETP), \u00e9 um p\u00f3 de cobre de alta pureza que cont\u00e9m um m\u00ednimo de cobre 99.95%. Tem uma excelente condutividade el\u00e9ctrica e t\u00e9rmica combinada com boas propriedades mec\u00e2nicas. As principais aplica\u00e7\u00f5es incluem contactos el\u00e9ctricos, escovas, produtos de soldadura, brasagem, materiais de fric\u00e7\u00e3o e diamante...<\/p>","protected":false},"featured_media":1829,"parent":0,"template":"","meta":{"_acf_changed":false,"_kad_blocks_custom_css":"","_kad_blocks_head_custom_js":"","_kad_blocks_body_custom_js":"","_kad_blocks_footer_custom_js":"","_kad_post_transparent":"","_kad_post_title":"","_kad_post_layout":"","_kad_post_sidebar_id":"","_kad_post_content_style":"","_kad_post_vertical_padding":"","_kad_post_feature":"","_kad_post_feature_position":"","_kad_post_header":false,"_kad_post_footer":false,"_kad_post_classname":""},"product-category":[119,129],"class_list":["post-3914","product","type-product","status-publish","has-post-thumbnail","hentry","product-category-3d-printing-metal-powder","product-category-copper-alloy-powder"],"acf":[],"taxonomy_info":{"product-category":[{"value":119,"label":"3D Printing Metal Powder"},{"value":129,"label":"Copper Alloy Powder"}]},"featured_image_src_large":["https:\/\/3dpmetal.com\/wp-content\/uploads\/2024\/02\/Cu-99.95-Powder.jpg",600,600,false],"author_info":[],"comment_info":"","_links":{"self":[{"href":"https:\/\/3dpmetal.com\/pt\/wp-json\/wp\/v2\/product\/3914","targetHints":{"allow":["GET"]}}],"collection":[{"href":"https:\/\/3dpmetal.com\/pt\/wp-json\/wp\/v2\/product"}],"about":[{"href":"https:\/\/3dpmetal.com\/pt\/wp-json\/wp\/v2\/types\/product"}],"wp:featuredmedia":[{"embeddable":true,"href":"https:\/\/3dpmetal.com\/pt\/wp-json\/wp\/v2\/media\/1829"}],"wp:attachment":[{"href":"https:\/\/3dpmetal.com\/pt\/wp-json\/wp\/v2\/media?parent=3914"}],"wp:term":[{"taxonomy":"product-category","embeddable":true,"href":"https:\/\/3dpmetal.com\/pt\/wp-json\/wp\/v2\/product-category?post=3914"}],"curies":[{"name":"wp","href":"https:\/\/api.w.org\/{rel}","templated":true}]}}