{"id":3915,"date":"2024-03-18T06:10:14","date_gmt":"2024-03-18T06:10:14","guid":{"rendered":"https:\/\/3dp.45612300.xyz\/product\/cusn10-powder\/"},"modified":"2024-03-18T06:10:14","modified_gmt":"2024-03-18T06:10:14","slug":"cusn10-powder","status":"publish","type":"product","link":"https:\/\/3dpmetal.com\/pt\/product\/cusn10-powder\/","title":{"rendered":"P\u00f3 de CuSn10"},"content":{"rendered":"<p><span style=\"vertical-align: inherit;\"><span style=\"vertical-align: inherit;\"><\/p>\n<h2>Vis\u00e3o geral do p\u00f3 CuSn10<\/h2>\n<p class=\"whitespace-pre-wrap\">O p\u00f3 CuSn10 \u00e9 uma liga de cobre e estanho contendo aproximadamente 10% de estanho e o restante de cobre. Ele oferece uma excelente combina\u00e7\u00e3o de resist\u00eancia, ductilidade, resist\u00eancia \u00e0 corros\u00e3o, resist\u00eancia ao desgaste e propriedades antifric\u00e7\u00e3o.<\/p>\n<p class=\"whitespace-pre-wrap\">As principais propriedades e aplica\u00e7\u00f5es do p\u00f3 CuSn10 incluem:<\/p>\n<p class=\"whitespace-pre-wrap\"><strong>Propriedades e Caracter\u00edsticas do P\u00f3 CuSn10<\/strong><\/p>\n<table>\n<thead>\n<tr>\n<th>Propriedades<\/th>\n<th>Detalhes<\/th>\n<\/tr>\n<\/thead>\n<tbody>\n<tr>\n<td>Composi\u00e7\u00e3o<\/td>\n<td>90% de cobre, 10% de estanho<\/td>\n<\/tr>\n<tr>\n<td>Densidade<\/td>\n<td>8,8 g\/cc<\/td>\n<\/tr>\n<tr>\n<td>Forma da part\u00edcula<\/td>\n<td>Irregular e com \u00e2ngulos<\/td>\n<\/tr>\n<tr>\n<td>Intervalo de tamanho<\/td>\n<td>5-150 micra<\/td>\n<\/tr>\n<tr>\n<td>Densidade Aparente<\/td>\n<td>At\u00e9 50% da verdadeira densidade<\/td>\n<\/tr>\n<tr>\n<td>Capacidade de escoamento<\/td>\n<td>Moderada<\/td>\n<\/tr>\n<tr>\n<td>For\u00e7a<\/td>\n<td>Excelente para p\u00f3 de liga de Cu<\/td>\n<\/tr>\n<tr>\n<td>Ductilidade<\/td>\n<td>Bom<\/td>\n<\/tr>\n<tr>\n<td>Resist\u00eancia \u00e0 corros\u00e3o<\/td>\n<td>Muito bom<\/td>\n<\/tr>\n<\/tbody>\n<\/table>\n<p class=\"whitespace-pre-wrap\">CuSn10 \u00e9 amplamente utilizado em mancais, buchas, hastes de solda e pe\u00e7as de desgaste nos setores automotivo, el\u00e9trico e industrial.<\/p>\n<h2>Composi\u00e7\u00e3o do p\u00f3 de CuSn10<\/h2>\n<p class=\"whitespace-pre-wrap\">Composi\u00e7\u00e3o t\u00edpica do p\u00f3 de CuSn10:<\/p>\n<p class=\"whitespace-pre-wrap\"><strong>Composi\u00e7\u00e3o do p\u00f3 de CuSn10<\/strong><\/p>\n<table>\n<thead>\n<tr>\n<th>Elemento<\/th>\n<th>Peso %<\/th>\n<\/tr>\n<\/thead>\n<tbody>\n<tr>\n<td>Cobre (Cu)<\/td>\n<td>Sobras<\/td>\n<\/tr>\n<tr>\n<td>Estanho (Sn)<\/td>\n<td>9-11%<\/td>\n<\/tr>\n<tr>\n<td>Chumbo (Pb)<\/td>\n<td>M\u00e1x. 0.2%<\/td>\n<\/tr>\n<tr>\n<td>Zinco (Zn)<\/td>\n<td>M\u00e1x. 0,5 %<\/td>\n<\/tr>\n<tr>\n<td>Outras impurezas<\/td>\n<td>0,1% m\u00e1x.<\/td>\n<\/tr>\n<\/tbody>\n<\/table>\n<ul class=\"list-disc pl-8 space-y-2\">\n<li class=\"whitespace-normal\">O cobre fornece excelente condutividade, resist\u00eancia \u00e0 corros\u00e3o, ductilidade<\/li>\n<li class=\"whitespace-normal\">O estanho melhora a resist\u00eancia, a dureza e a resist\u00eancia ao desgaste<\/li>\n<li class=\"whitespace-normal\">Chumbo, zinco e outras impurezas cuidadosamente controladas<\/li>\n<\/ul>\n<p class=\"whitespace-pre-wrap\">A propor\u00e7\u00e3o otimizada entre Cu-Sn oferece uma excelente combina\u00e7\u00e3o de resist\u00eancua, dutilidade e fabrica\u00e7\u00e3o.<\/p>\n<p><img loading=\"lazy\" decoding=\"async\" class=\"size-medium wp-image-1409 aligncenter\" src=\"https:\/\/met3dp.com\/wp-content\/uploads\/2023\/09\/ed7a94ec-3c10-4b1b-87ed--300x300.jpg\" alt=\"CuSn10\" width=\"300\" height=\"300\" title=\"\"><\/p>\n<h2>Propriedades f\u00edsicas do p\u00f3 CuSn10<\/h2>\n<p class=\"whitespace-pre-wrap\"><strong>Propriedades f\u00edsicas do p\u00f3 CuSn10<\/strong><\/p>\n<table>\n<thead>\n<tr>\n<th>Propriedade<\/th>\n<th>Valor<\/th>\n<\/tr>\n<\/thead>\n<tbody>\n<tr>\n<td>Densidade<\/td>\n<td>8,8 g\/cc<\/td>\n<\/tr>\n<tr>\n<td>Ponto de Fus\u00e3o<\/td>\n<td>1020-1040 \u00abC<\/td>\n<\/tr>\n<tr>\n<td>Condutividade t\u00e9rmica<\/td>\n<td>55 W\/mK<\/td>\n<\/tr>\n<tr>\n<td>Resistividade el\u00e9trica<\/td>\n<td>7-9 \u00d7\u00a0\u00b9\u00b2\u00a0cm<\/td>\n<\/tr>\n<tr>\n<td>Temperatura de recristaliza\u00e7\u00e3o<\/td>\n<td>150-250\u00a1\u00abC<\/td>\n<\/tr>\n<tr>\n<td>Temperatura m\u00e1xima de servi\u00e7o<\/td>\n<td>250 \u00baC<\/td>\n<\/tr>\n<\/tbody>\n<\/table>\n<ul class=\"list-disc pl-8 space-y-2\">\n<li class=\"whitespace-normal\">Densidade superior \u00e0 do cobre<\/li>\n<li class=\"whitespace-normal\">Ponto de fus\u00e3o reduzido comparado ao cobre puro<\/li>\n<li class=\"whitespace-normal\">Mant\u00e9m boa condutividade<\/li>\n<li class=\"whitespace-normal\">A recristaliza\u00e7\u00e3o permite a compacta\u00e7\u00e3o de p\u00f3<\/li>\n<li class=\"whitespace-normal\">Suporta temperaturas operacionais moderadamente altas<\/li>\n<\/ul>\n<p class=\"whitespace-pre-wrap\">As propriedades f\u00edsicas permitem o uso de CuSn10 em componentes el\u00e9tricos que precisam de boa condutividade e resist\u00eancia.<\/p>\n<h2>Propriedades mec\u00e2nicas do p\u00f3 de CuSn10<\/h2>\n<p class=\"whitespace-pre-wrap\"><strong>Propriedades mec\u00e2nicas do p\u00f3 de CuSn10<\/strong><\/p>\n<table>\n<thead>\n<tr>\n<th>Propriedade<\/th>\n<th>Valores<\/th>\n<\/tr>\n<\/thead>\n<tbody>\n<tr>\n<td>Dureza<\/td>\n<td>80-110 HB<\/td>\n<\/tr>\n<tr>\n<td>Resist\u00eancia \u00e0 tra\u00e7\u00e3o<\/td>\n<td>350-550 MPa<\/td>\n<\/tr>\n<tr>\n<td>Resist\u00eancia ao escoamento<\/td>\n<td>220-320 MPa<\/td>\n<\/tr>\n<tr>\n<td>Elonga\u00e7\u00e3o<\/td>\n<td>10-20%<\/td>\n<\/tr>\n<tr>\n<td>M\u00f3dulo de elasticidade<\/td>\n<td>110-140 GPa<\/td>\n<\/tr>\n<\/tbody>\n<\/table>\n<ul class=\"list-disc pl-8 space-y-2\">\n<li class=\"whitespace-normal\">Excelente resist\u00eancia para um p\u00f3 de liga de cobre<\/li>\n<li class=\"whitespace-normal\">Significativamente mais alto que o p\u00f3 de cobre puro<\/li>\n<li class=\"whitespace-normal\">Boa ductilidade para 10% da composi\u00e7\u00e3o de estanho<\/li>\n<li class=\"whitespace-normal\">Valores de dureza apropriados para aplica\u00e7\u00f5es de desgaste<\/li>\n<li class=\"whitespace-normal\">Propriedades dependem do m\u00e9todo de produ\u00e7\u00e3o e da porosidade<\/li>\n<\/ul>\n<p class=\"whitespace-pre-wrap\">As propriedades mec\u00e2nicas permitem o uso do p\u00f3 CuSn10 em componentes el\u00e9tricos e de atrito de alta resist\u00eancia.<\/p>\n<h2>Aplica\u00e7\u00f5es de P\u00f3s CuSn10<\/h2>\n<p class=\"whitespace-pre-wrap\">Aplica\u00e7\u00f5es t\u00edpicas de CuSn10 em p\u00f3 incluem:<\/p>\n<p class=\"whitespace-pre-wrap\"><strong>Aplica\u00e7\u00f5es de P\u00f3s CuSn10<\/strong><\/p>\n<table>\n<thead>\n<tr>\n<th>Ind\u00fastria<\/th>\n<th>Exemplos de Aplica\u00e7\u00e3o<\/th>\n<\/tr>\n<\/thead>\n<tbody>\n<tr>\n<td>Automotivo<\/td>\n<td>Rolamentos, buchas, lonas de freio<\/td>\n<\/tr>\n<tr>\n<td>El\u00e9trico<\/td>\n<td>Electrodos de solda, conectores, contatos<\/td>\n<\/tr>\n<tr>\n<td>Industrial<\/td>\n<td>Gaiolas de rolamentos, veda\u00e7\u00f5es, impulsores<\/td>\n<\/tr>\n<tr>\n<td>Fabrica\u00e7\u00e3o<\/td>\n<td>Componentes de ferramentas sinterizadas<\/td>\n<\/tr>\n<tr>\n<td>Petr\u00f3leo e g\u00e1s<\/td>\n<td>Buchas, registros esf\u00e9ricos<\/td>\n<\/tr>\n<\/tbody>\n<\/table>\n<p class=\"whitespace-pre-wrap\">Alguns usos espec\u00edficos do produto:<\/p>\n<ul class=\"list-disc pl-8 space-y-2\">\n<li class=\"whitespace-normal\">Gaiolas de rolamentos que exigem propriedades antifric\u00e7\u00e3o<\/li>\n<li class=\"whitespace-normal\">Buchas e anilhas de encosto em aplica\u00e7\u00f5es de carga alta<\/li>\n<li class=\"whitespace-normal\">Pastilhas de freio e lonas de embreagem automotivas<\/li>\n<li class=\"whitespace-normal\">Conectores e pinos el\u00e9tricos<\/li>\n<li class=\"whitespace-normal\">Varetas de solda e metal de adi\u00e7\u00e3o de pasta de solda<\/li>\n<li class=\"whitespace-normal\">Componentes de tubula\u00e7\u00e3o como v\u00e1lvulas e flanges<\/li>\n<\/ul>\n<p class=\"whitespace-pre-wrap\">A combina\u00e7\u00e3o perfeita de resist\u00eancia, ductilidade e custo faz com que o CuSn10 seja uma escolha popular para essas aplica\u00e7\u00f5es.<\/p>\n<h2>Especifica\u00e7\u00f5es do CuSn10 Powder<\/h2>\n<p class=\"whitespace-pre-wrap\">As principais especifica\u00e7\u00f5es do p\u00f3 CuSn10 incluem:<\/p>\n<p class=\"whitespace-pre-wrap\"><strong>Especifica\u00e7\u00f5es do CuSn10 Powder<\/strong><\/p>\n<table>\n<thead>\n<tr>\n<th>Padr\u00e3o<\/th>\n<th>Descri\u00e7\u00e3o<\/th>\n<\/tr>\n<\/thead>\n<tbody>\n<tr>\n<td>ISO 44001<\/td>\n<td>P\u00f3s de cobre e ligas de cobre &#8211; Especifica\u00e7\u00f5es<\/td>\n<\/tr>\n<tr>\n<td>ASTM B602<\/td>\n<td>Especifica\u00e7\u00e3o padr\u00e3o para p\u00f3s de ligas de cobre<\/td>\n<\/tr>\n<tr>\n<td>PT 1982<\/td>\n<td>Especifica\u00e7\u00e3o de lingotes e fundidos de cobre e de ligas de cobre<\/td>\n<\/tr>\n<tr>\n<td>JIS H2111<\/td>\n<td>P\u00f3s de bronze<\/td>\n<\/tr>\n<\/tbody>\n<\/table>\n<p class=\"whitespace-pre-wrap\">Esses definem:<\/p>\n<ul class=\"list-disc pl-8 space-y-2\">\n<li class=\"whitespace-normal\">Limites de composi\u00e7\u00e3o qu\u00edmica<\/li>\n<li class=\"whitespace-normal\">M\u00e9todo de produ\u00e7\u00e3o \u2013 atomiza\u00e7\u00e3o<\/li>\n<li class=\"whitespace-normal\">Propriedades f\u00edsicas e mec\u00e2nicas requeridas<\/li>\n<li class=\"whitespace-normal\">N\u00edveis aceit\u00e1veis de impureza<\/li>\n<li class=\"whitespace-normal\">Distribui\u00e7\u00e3o de Tamanho de Part\u00edculas<\/li>\n<li class=\"whitespace-normal\">Protocolos de teste<\/li>\n<\/ul>\n<p class=\"whitespace-pre-wrap\">A conformidade garante a adequa\u00e7\u00e3o \u00e0s aplica\u00e7\u00f5es previstas nos mercados globais.<\/p>\n<h2>Tamanhos de Part\u00edcula de CuSn10 em P\u00f3<\/h2>\n<p class=\"whitespace-pre-wrap\"><strong>Distribui\u00e7\u00e3o Granulom\u00e9trica do P\u00f3 CuSn10<\/strong><\/p>\n<table>\n<thead>\n<tr>\n<th>Tamanho da part\u00edcula<\/th>\n<th>Caracter\u00edsticas<\/th>\n<\/tr>\n<\/thead>\n<tbody>\n<tr>\n<td>5-25 micr\u00f4metros<\/td>\n<td>Qualidade ultrafina para alta densidade e acabamento de superf\u00edcie<\/td>\n<\/tr>\n<tr>\n<td>15-45 micr\u00f4metros<\/td>\n<td>Tamanho comum para prensagem e sinteriza\u00e7\u00e3o<\/td>\n<\/tr>\n<tr>\n<td>45 - 150 microns<\/td>\n<td>Tamanhos maiores para melhor fluxo de p\u00f3<\/td>\n<\/tr>\n<\/tbody>\n<\/table>\n<ul class=\"list-disc pl-8 space-y-2\">\n<li class=\"whitespace-normal\">Part\u00edculas mais finas permitem maior densifica\u00e7\u00e3o<\/li>\n<li class=\"whitespace-normal\">Part\u00edculas maiores melhoram as propriedades de fluxo do p\u00f3<\/li>\n<li class=\"whitespace-normal\">O tamanho \u00e9 selecionado com base nas propriedades finais do componente necess\u00e1rias<\/li>\n<li class=\"whitespace-normal\">Est\u00e3o dispon\u00edveis formas esf\u00e9ricas e irregulares<\/li>\n<\/ul>\n<p class=\"whitespace-pre-wrap\">O controle da distribui\u00e7\u00e3o do tamanho das part\u00edculas otimiza as caracter\u00edsticas de prensagem e a densidade final sinterizada.<\/p>\n<h2>Densidade Aparente do P\u00f3 CuSn10<\/h2>\n<p class=\"whitespace-pre-wrap\"><strong>Densidade Aparente do P\u00f3 CuSn10<\/strong><\/p>\n<table>\n<thead>\n<tr>\n<th>Densidade Aparente<\/th>\n<th>Detalhes<\/th>\n<\/tr>\n<\/thead>\n<tbody>\n<tr>\n<td>At\u00e9 50% da verdadeira densidade<\/td>\n<td>Para p\u00f3 de morfologia irregular<\/td>\n<\/tr>\n<tr>\n<td>4,5\u20136,5 g\/cc<\/td>\n<td>Melhora com maior densidade da embalagem<\/td>\n<\/tr>\n<\/tbody>\n<\/table>\n<ul class=\"list-disc pl-8 space-y-2\">\n<li class=\"whitespace-normal\">Elevada densidade aparente melhora o fluxo e a compactabilidade do p\u00f3<\/li>\n<li class=\"whitespace-normal\">Densidade at\u00e9 60% poss\u00edvel com p\u00f3 esf\u00e9rico otimizado<\/li>\n<li class=\"whitespace-normal\">A alta densidade aparente possibilita uma compacta\u00e7\u00e3o mais f\u00e1cil em pe\u00e7as verdes<\/li>\n<\/ul>\n<p class=\"whitespace-pre-wrap\">Densidade aparente mais alta promove melhor produtividade de fabrica\u00e7\u00e3o e qualidade da pe\u00e7a.<\/p>\n<h2>M\u00e9todo de Produ\u00e7\u00e3o de P\u00f3 CuSn10<\/h2>\n<p class=\"whitespace-pre-wrap\"><strong>Produ\u00e7\u00e3o de P\u00f3 CuSn10<\/strong><\/p>\n<table>\n<thead>\n<tr>\n<th>M\u00e9todo<\/th>\n<th>Detalhes<\/th>\n<\/tr>\n<\/thead>\n<tbody>\n<tr>\n<td>Atomiza\u00e7\u00e3o<\/td>\n<td>Fluxo de liga fundida dividido em finas got\u00edculas que solidificam-se em p\u00f3<\/td>\n<\/tr>\n<tr>\n<td>Derretimento por indu\u00e7\u00e3o<\/td>\n<td>Cobre puro e estanho derretidos juntos sob atmosfera controlada.<\/td>\n<\/tr>\n<tr>\n<td>Atomiza\u00e7\u00e3o de g\u00e1s inerte<\/td>\n<td>Prevenir a oxida\u00e7\u00e3o de part\u00edculas durante a produ\u00e7\u00e3o<\/td>\n<\/tr>\n<tr>\n<td>Peneira\u00e7\u00e3o<\/td>\n<td>Classifica p\u00f3 em diferentes faixas de tamanho de part\u00edcula<\/td>\n<\/tr>\n<\/tbody>\n<\/table>\n<ul class=\"list-disc pl-8 space-y-2\">\n<li class=\"whitespace-normal\">Automa\u00e7\u00e3o atomizada permite produ\u00e7\u00e3o em grande escala<\/li>\n<li class=\"whitespace-normal\">A fus\u00e3o e atomiza\u00e7\u00e3o controlada minimiza impurezas<\/li>\n<li class=\"whitespace-normal\">G\u00e1s inerte previne a oxida\u00e7\u00e3o do p\u00f3<\/li>\n<li class=\"whitespace-normal\">O p\u00f3s-processamento permite a personaliza\u00e7\u00e3o dos tamanhos de part\u00edculas<\/li>\n<\/ul>\n<p class=\"whitespace-pre-wrap\">Controles rigorosos de processo resultam em qualidade do p\u00f3 e caracter\u00edsticas repet\u00edveis confi\u00e1veis.<\/p>\n<h2>Pre\u00e7os do CuSn10 em P\u00f3<\/h2>\n<p class=\"whitespace-pre-wrap\"><strong>Pre\u00e7os do CuSn10 em P\u00f3<\/strong><\/p>\n<table>\n<thead>\n<tr>\n<th>Fator<\/th>\n<th>Impacto no pre\u00e7o<\/th>\n<\/tr>\n<\/thead>\n<tbody>\n<tr>\n<td>Grau de pureza<\/td>\n<td>Maior pureza aumenta o pre\u00e7o<\/td>\n<\/tr>\n<tr>\n<td>Tamanho da part\u00edcula<\/td>\n<td>P\u00f3 mais fino \u00e9 mais caro<\/td>\n<\/tr>\n<tr>\n<td>Quantidade do Pedido<\/td>\n<td>Descontos para compras por atacado s\u00e3o aplicados<\/td>\n<\/tr>\n<tr>\n<td>M\u00e9todo de produ\u00e7\u00e3o<\/td>\n<td>Processos complexos aumentam os custos<\/td>\n<\/tr>\n<tr>\n<td>Servi\u00e7os adicionais<\/td>\n<td>Personaliza\u00e7\u00e3o adiciona custo<\/td>\n<\/tr>\n<\/tbody>\n<\/table>\n<p class=\"whitespace-pre-wrap\"><strong>Pre\u00e7o Indicativo<\/strong><\/p>\n<ul class=\"list-disc pl-8 space-y-2\">\n<li class=\"whitespace-normal\">P\u00f3 CuSn10: $8 a $12 por kg<\/li>\n<li class=\"whitespace-normal\">Pre\u00e7os mais baixos aplic\u00e1veis para encomendas a granel &gt;1000 kg<\/li>\n<\/ul>\n<p class=\"whitespace-pre-wrap\">O pre\u00e7o varia de acordo com os par\u00e2metros da encomenda, como a quantidade, o tamanho das part\u00edculas, o n\u00edvel de pureza, a composi\u00e7\u00e3o da liga, etc.<\/p>\n<h2>Fornecedores de p\u00f3 CuSn10<\/h2>\n<p class=\"whitespace-pre-wrap\"><strong>Fornecedores de p\u00f3 CuSn10<\/strong><\/p>\n<table>\n<thead>\n<tr>\n<th>Empresa<\/th>\n<th>Local<\/th>\n<\/tr>\n<\/thead>\n<tbody>\n<tr>\n<td>Kymera International<\/td>\n<td>EUA<\/td>\n<\/tr>\n<tr>\n<td>Hoganas<\/td>\n<td>Su\u00e9cia<\/td>\n<\/tr>\n<tr>\n<td>Grupo CNPC Powder<\/td>\n<td>China<\/td>\n<\/tr>\n<tr>\n<td>P\u00f3 Material CNPC de Xangai<\/td>\n<td>China<\/td>\n<\/tr>\n<tr>\n<td>Ind\u00fastrias de Reclama\u00e7\u00e3o de Gujarat<\/td>\n<td>\u00cdndia<\/td>\n<\/tr>\n<tr>\n<td>American Chemet Corporation<\/td>\n<td>EUA<\/td>\n<\/tr>\n<\/tbody>\n<\/table>\n<p class=\"whitespace-pre-wrap\">Fatores de sele\u00e7\u00e3o para fornecedores:<\/p>\n<ul class=\"list-disc pl-8 space-y-2\">\n<li class=\"whitespace-normal\">Tamanhos de p\u00f3 e prazo de entrega<\/li>\n<li class=\"whitespace-normal\">Capacidade de personaliza\u00e7\u00e3o<\/li>\n<li class=\"whitespace-normal\">capacidade de produ\u00e7\u00e3o<\/li>\n<li class=\"whitespace-normal\">op\u00e7\u00f5es de embalagem<\/li>\n<li class=\"whitespace-normal\">N\u00edveis de pre\u00e7os<\/li>\n<li class=\"whitespace-normal\">Certifica\u00e7\u00f5es de qualidade e conformidade<\/li>\n<\/ul>\n<h2>Manuseio e Armazenamento de P\u00f3 CuSn10<\/h2>\n<p class=\"whitespace-pre-wrap\"><strong>Manuseio de P\u00f3 CuSn10<\/strong><\/p>\n<table>\n<thead>\n<tr>\n<th>Recomenda\u00e7\u00e3o<\/th>\n<th>Raz\u00e3o<\/th>\n<\/tr>\n<\/thead>\n<tbody>\n<tr>\n<td>Evite inala\u00e7\u00e3o<\/td>\n<td>Potencial de irrita\u00e7\u00e3o respirat\u00f3ria<\/td>\n<\/tr>\n<tr>\n<td>Use m\u00e1scara e \u00f3culos protetores<\/td>\n<td>Evitar a ingest\u00e3o acidental<\/td>\n<\/tr>\n<tr>\n<td>Garantir ventila\u00e7\u00e3o adequada<\/td>\n<td>Reduza as part\u00edculas no ar<\/td>\n<\/tr>\n<tr>\n<td>Evite fontes de igni\u00e7\u00e3o<\/td>\n<td>Perigo de p\u00f3 inflam\u00e1vel<\/td>\n<\/tr>\n<tr>\n<td>Siga procedimentos antiest\u00e1ticos<\/td>\n<td>Prevenir inc\u00eandio por descarga est\u00e1tica<\/td>\n<\/tr>\n<tr>\n<td>Utilize ferramentas antifa\u00edsca<\/td>\n<td>Evitar fa\u00edscas durante manuseio<\/td>\n<\/tr>\n<tr>\n<td>Guarde os recipientes lacrados em local fresco e seco<\/td>\n<td>Evita a oxida\u00e7\u00e3o e absor\u00e7\u00e3o de humidade<\/td>\n<\/tr>\n<\/tbody>\n<\/table>\n<p class=\"whitespace-pre-wrap\"><strong>Recomenda\u00e7\u00f5es de Armazenamento<\/strong><\/p>\n<ul class=\"list-disc pl-8 space-y-2\">\n<li class=\"whitespace-normal\">Armazene em recipientes est\u00e1veis e inertes<\/li>\n<li class=\"whitespace-normal\">Manter afastado de \u00e1cidos, am\u00f3nia, acetileno<\/li>\n<li class=\"whitespace-normal\">Manter temperaturas inferiores a 27\u00b0C<\/li>\n<\/ul>\n<p class=\"whitespace-pre-wrap\">Manuseio e armazenamento adequados conservam a pureza do p\u00f3 e evitam riscos de rea\u00e7\u00e3o.<\/p>\n<h2>Inspe\u00e7\u00e3o e teste de p\u00f3 CuSn10<\/h2>\n<p class=\"whitespace-pre-wrap\"><strong>Teste de p\u00f3 CuSn10<\/strong><\/p>\n<table>\n<thead>\n<tr>\n<th>Teste<\/th>\n<th>Detalhes<\/th>\n<\/tr>\n<\/thead>\n<tbody>\n<tr>\n<td>An\u00e1lises qu\u00edmicas<\/td>\n<td>ICP e XRF para verificar a composi\u00e7\u00e3o<\/td>\n<\/tr>\n<tr>\n<td>Distribui\u00e7\u00e3o de Tamanho de Part\u00edculas<\/td>\n<td>An\u00e1lise granulom\u00e9trica ou difra\u00e7\u00e3o a laser<\/td>\n<\/tr>\n<tr>\n<td>Densidade Aparente<\/td>\n<td>Teste de flux\u00f4metro Hall conforme ASTM B212<\/td>\n<\/tr>\n<tr>\n<td>Morfologia de p\u00f3<\/td>\n<td>Imagem de MEV da forma de part\u00edcula<\/td>\n<\/tr>\n<tr>\n<td>Densidade Batida<\/td>\n<td>Densidade medida ap\u00f3s batimento mec\u00e2nico<\/td>\n<\/tr>\n<tr>\n<td>An\u00e1lise da taxa de fluxo<\/td>\n<td>Vaz\u00e3o de fluxo por gravidade pelo bocal especificado<\/td>\n<\/tr>\n<\/tbody>\n<\/table>\n<p class=\"whitespace-pre-wrap\">Testes rigorosos garantem que o p\u00f3 atenda \u00e0 composi\u00e7\u00e3o qu\u00edmica, propriedades f\u00edsicas e microestrutura exigidas para a aplica\u00e7\u00e3o.<\/p>\n<h2>Pr\u00f3s e contras do p\u00f3 CuSn10<\/h2>\n<p class=\"whitespace-pre-wrap\"><strong>Vantagens do P\u00f3 CuSn10<\/strong><\/p>\n<ul class=\"list-disc pl-8 space-y-2\">\n<li class=\"whitespace-normal\">Excelente resist\u00eancia para um p\u00f3 de liga de cobre<\/li>\n<li class=\"whitespace-normal\">Boa ductilidade e maleabilidade<\/li>\n<li class=\"whitespace-normal\">Resist\u00eancia a corros\u00e3o muito boa<\/li>\n<li class=\"whitespace-normal\">Custo-benef\u00edcio em compara\u00e7\u00e3o aos graus em bronze<\/li>\n<li class=\"whitespace-normal\">Boa condutividade el\u00e9trica e t\u00e9rmica<\/li>\n<li class=\"whitespace-normal\">Recicl\u00e1vel e amigo do ambiente<\/li>\n<\/ul>\n<p class=\"whitespace-pre-wrap\"><strong>Desvantagens do p\u00f3 CuSn10<\/strong><\/p>\n<ul class=\"list-disc pl-8 space-y-2\">\n<li class=\"whitespace-normal\">Condutividade inferior \u00e0 do p\u00f3 de cobre puro<\/li>\n<li class=\"whitespace-normal\">For\u00e7a moderada a altas temperaturas<\/li>\n<li class=\"whitespace-normal\">Pesado em compara\u00e7\u00e3o a ligas de alum\u00ednio ou magn\u00e9sio<\/li>\n<li class=\"whitespace-normal\">N\u00e3o \u00e9 indicado para aplica\u00e7\u00e3o estrutural em condi\u00e7\u00f5es de estresse elevado.<\/li>\n<li class=\"whitespace-normal\">Descolora\u00e7\u00e3o superficial ao longo do tempo se n\u00e3o for revestida<\/li>\n<li class=\"whitespace-normal\">Limita\u00e7\u00f5es para aplica\u00e7\u00f5es de contato com alimentos<\/li>\n<\/ul>\n<h2>Compara\u00e7\u00e3o com o P\u00f3 CuNi10<\/h2>\n<p class=\"whitespace-pre-wrap\"><strong>P\u00f3 CuSn10 versus CuNi10<\/strong><\/p>\n<table>\n<thead>\n<tr>\n<th>Par\u00e2metros<\/th>\n<th>CuSn10<\/th>\n<th>CuNi10<\/th>\n<\/tr>\n<\/thead>\n<tbody>\n<tr>\n<td>Densidade<\/td>\n<td>8,8 g\/cc<\/td>\n<td>8,9 g\/cc<\/td>\n<\/tr>\n<tr>\n<td>For\u00e7a<\/td>\n<td>350-550 MPa<\/td>\n<td>500-650 MPa<\/td>\n<\/tr>\n<tr>\n<td>Condutividade<\/td>\n<td>55 W\/mK<\/td>\n<td>20 W\/mK<\/td>\n<\/tr>\n<tr>\n<td>Resist\u00eancia \u00e0 corros\u00e3o<\/td>\n<td>Excelente<\/td>\n<td>Muito bom<\/td>\n<\/tr>\n<tr>\n<td>Custo<\/td>\n<td>Baixo<\/td>\n<td>Alto<\/td>\n<\/tr>\n<tr>\n<td>Uso<\/td>\n<td>El\u00e9trico, carga moderada<\/td>\n<td>Estruturas de alta resist\u00eancia<\/td>\n<\/tr>\n<\/tbody>\n<\/table>\n<ul class=\"list-disc pl-8 space-y-2\">\n<li class=\"whitespace-normal\">CuSn10 proporciona melhor condutividade e custo<\/li>\n<li class=\"whitespace-normal\">CuNi10 possui maior resist\u00eancia \u00e0 tra\u00e7\u00e3o<\/li>\n<li class=\"whitespace-normal\">CuSn10 preferencial para componentes el\u00e9tricos<\/li>\n<li class=\"whitespace-normal\">CuNi10 apropriado para pe\u00e7as estruturais de alta resist\u00eancia<\/li>\n<\/ul>\n<h2>FAQ sobre CuSn10 Powder<\/h2>\n<p class=\"whitespace-pre-wrap\"><strong>P: Quais s\u00e3o as principais aplica\u00e7\u00f5es do CuSn10 em p\u00f3?<\/strong><\/p>\n<p class=\"whitespace-pre-wrap\">A: As principais aplica\u00e7\u00f5es incluem gaiolas para rolamentos, buchas, varetas de solda, lonas de freio, componentes antifric\u00e7\u00e3o e contatos el\u00e9tricos, conectores e escovas. \u00c9 comumente usado em produtos el\u00e9tricos e automotivos.<\/p>\n<p class=\"whitespace-pre-wrap\"><strong>P: O p\u00f3 CuSn10 requer cuidados especiais de manuseio?<\/strong><\/p>\n<p class=\"whitespace-pre-wrap\">A: Precau\u00e7\u00f5es gerais s\u00e3o recomendadas, incluindo evitar inala\u00e7\u00e3o, garantir ventila\u00e7\u00e3o adequada, controlar a poeira, impedir fontes de igni\u00e7\u00e3o, evitar forma\u00e7\u00e3o de carga est\u00e1tica, usar ferramentas que n\u00e3o produzam fa\u00edsca e armazenar em uma atmosfera seca e inerte.<\/p>\n<p class=\"whitespace-pre-wrap\"><strong>P: O que afeta as propriedades das pe\u00e7as de p\u00f3 CuSn10?<\/strong><\/p>\n<p class=\"whitespace-pre-wrap\">R: Fatores-chave s\u00e3o densidade aparente, distribui\u00e7\u00e3o de tamanho de part\u00edcula, press\u00e3o de compacta\u00e7\u00e3o, temperatura e tempo de sinteriza\u00e7\u00e3o, composi\u00e7\u00e3o da liga, impurezas e porosidade.<\/p>\n<p class=\"whitespace-pre-wrap\"><strong>P: Qual \u00e9 a principal diferen\u00e7a entre os p\u00f3s de bronze e CuSn10?<\/strong><\/p>\n<p class=\"whitespace-pre-wrap\">A: Os p\u00f3s de bronze cont\u00e9m 90-95% de cobre, enquanto CuSn10 cont\u00e9m 90% de cobre e 10% de estanho. CuSn10 fornece uma combina\u00e7\u00e3o ideal de resist\u00eancia, ductilidade e custo.<\/p>\n<div id=\"gtx-trans\" style=\"position: absolute; left: -2px; top: 59.8125px;\">\n<div class=\"gtx-trans-icon\"><\/div>\n<\/div>\n<p><\/span><\/span><\/p>","protected":false},"excerpt":{"rendered":"<p>Vis\u00e3o geral do p\u00f3 CuSn10 O p\u00f3 CuSn10 \u00e9 uma liga de cobre-estanho que cont\u00e9m aproximadamente 10% de estanho e o restante de cobre. Ele oferece uma excelente combina\u00e7\u00e3o de for\u00e7a, ductilidade, resist\u00eancia \u00e0 corros\u00e3o, resist\u00eancia ao desgaste e propriedades antifric\u00e7\u00e3o. As principais propriedades e aplica\u00e7\u00f5es do p\u00f3 CuSn10 incluem: Propriedades e caracter\u00edsticas do p\u00f3 CuSn10 Propriedades Detalhes Composi\u00e7\u00e3o 90% cobre, 10% estanho Densidade 8,8...<\/p>","protected":false},"featured_media":1831,"parent":0,"template":"","meta":{"_acf_changed":false,"_kad_blocks_custom_css":"","_kad_blocks_head_custom_js":"","_kad_blocks_body_custom_js":"","_kad_blocks_footer_custom_js":"","_kad_post_transparent":"","_kad_post_title":"","_kad_post_layout":"","_kad_post_sidebar_id":"","_kad_post_content_style":"","_kad_post_vertical_padding":"","_kad_post_feature":"","_kad_post_feature_position":"","_kad_post_header":false,"_kad_post_footer":false,"_kad_post_classname":""},"product-category":[119,129],"class_list":["post-3915","product","type-product","status-publish","has-post-thumbnail","hentry","product-category-3d-printing-metal-powder","product-category-copper-alloy-powder"],"acf":[],"taxonomy_info":{"product-category":[{"value":119,"label":"3D Printing Metal Powder"},{"value":129,"label":"Copper Alloy Powder"}]},"featured_image_src_large":["https:\/\/3dpmetal.com\/wp-content\/uploads\/2024\/02\/CuSn10-Powder.jpg",600,600,false],"author_info":[],"comment_info":"","_links":{"self":[{"href":"https:\/\/3dpmetal.com\/pt\/wp-json\/wp\/v2\/product\/3915","targetHints":{"allow":["GET"]}}],"collection":[{"href":"https:\/\/3dpmetal.com\/pt\/wp-json\/wp\/v2\/product"}],"about":[{"href":"https:\/\/3dpmetal.com\/pt\/wp-json\/wp\/v2\/types\/product"}],"wp:featuredmedia":[{"embeddable":true,"href":"https:\/\/3dpmetal.com\/pt\/wp-json\/wp\/v2\/media\/1831"}],"wp:attachment":[{"href":"https:\/\/3dpmetal.com\/pt\/wp-json\/wp\/v2\/media?parent=3915"}],"wp:term":[{"taxonomy":"product-category","embeddable":true,"href":"https:\/\/3dpmetal.com\/pt\/wp-json\/wp\/v2\/product-category?post=3915"}],"curies":[{"name":"wp","href":"https:\/\/api.w.org\/{rel}","templated":true}]}}