{"id":3916,"date":"2024-03-18T06:10:14","date_gmt":"2024-03-18T06:10:14","guid":{"rendered":"https:\/\/3dp.45612300.xyz\/product\/copper-base-solder\/"},"modified":"2024-03-18T06:10:14","modified_gmt":"2024-03-18T06:10:14","slug":"copper-base-solder","status":"publish","type":"product","link":"https:\/\/3dpmetal.com\/pt\/product\/copper-base-solder\/","title":{"rendered":"Solda de base de cobre"},"content":{"rendered":"<p><span style=\"vertical-align: inherit;\"><span style=\"vertical-align: inherit;\"><\/p>\n<h2>Descri\u00e7\u00e3o do produto<\/h2>\n<p>Pasta de solda de cobre \u00e9 preparada por um processo especial a partir de solda em p\u00f3 \u00e0 base de cobre, componentes activos, solventes, portadores polim\u00e9ricos e outros aditivos.<\/p>\n<h2>Graus e especifica\u00e7\u00f5es<\/h2>\n<div>\n<table>\n<tbody>\n<tr>\n<td data-sheets-value=\"{&quot;1&quot;:2,&quot;2&quot;:&quot;Model&quot;}\">Modelo<\/td>\n<td data-sheets-value=\"{&quot;1&quot;:2,&quot;2&quot;:&quot;Product Type&quot;}\">Tipo de Produto<\/td>\n<td data-sheets-value=\"{&quot;1&quot;:2,&quot;2&quot;:&quot;Composition(wt%)&quot;}\">Composi\u00e7\u00e3o(wt%)<\/td>\n<td data-sheets-value=\"{&quot;1&quot;:2,&quot;2&quot;:&quot;Powder Size&quot;}\">Tamanho de P\u00f3 (M)<\/td>\n<td data-sheets-value=\"{&quot;1&quot;:2,&quot;2&quot;:&quot;Brazing temperature(C)&quot;}\">Temperatura de brasagem(\u00a1\u00cd)<\/td>\n<td data-sheets-value=\"{&quot;1&quot;:2,&quot;2&quot;:&quot;Brazing method&quot;}\">\n<div>\n<div>M\u00e9todo de brasagem<\/div>\n<\/div>\n<\/td>\n<\/tr>\n<tr>\n<td data-sheets-value=\"{&quot;1&quot;:2,&quot;2&quot;:&quot;YTCu-1&quot;}\">YTCu-1<\/td>\n<td data-sheets-value=\"{&quot;1&quot;:2,&quot;2&quot;:&quot;Paste&quot;}\">Colar<\/td>\n<td data-sheets-value=\"{&quot;1&quot;:2,&quot;2&quot;:&quot;Cu:93:P:7&quot;}\">Cu:93:P:7<\/td>\n<td data-sheets-value=\"{&quot;1&quot;:2,&quot;2&quot;:&quot;-200n-235&quot;}\">-200<br \/>\n-235<\/td>\n<td data-sheets-value=\"{&quot;1&quot;:2,&quot;2&quot;:&quot;743-840&quot;}\">743-840<\/td>\n<td colspan=\"1\" rowspan=\"5\" data-sheets-value=\"{&quot;1&quot;:2,&quot;2&quot;:&quot;FuranceflameresistancenHigh frequency brazing&quot;}\">\n<div>Forno, chama, resist\u00eancia<br \/>\nBrasagem de alta frequ\u00eancia<\/div>\n<\/td>\n<\/tr>\n<tr>\n<td data-sheets-value=\"{&quot;1&quot;:2,&quot;2&quot;:&quot;YTCu-2&quot;}\">YTCu-2<\/td>\n<td data-sheets-value=\"{&quot;1&quot;:2,&quot;2&quot;:&quot;Paste&quot;}\">Colar<\/td>\n<td data-sheets-value=\"{&quot;1&quot;:2,&quot;2&quot;:&quot;Cu:92.5;P:7.5&quot;}\">Cu: 92,5; P: 7,5<\/td>\n<td data-sheets-value=\"{&quot;1&quot;:2,&quot;2&quot;:&quot;-200n-235&quot;}\">-200<br \/>\n-235<\/td>\n<td data-sheets-value=\"{&quot;1&quot;:2,&quot;2&quot;:&quot;730-830&quot;}\">730-830<\/td>\n<\/tr>\n<tr>\n<td data-sheets-value=\"{&quot;1&quot;:2,&quot;2&quot;:&quot;YTCu-3&quot;}\">YTCu-3<\/td>\n<td data-sheets-value=\"{&quot;1&quot;:2,&quot;2&quot;:&quot;Paste&quot;}\">Colar<\/td>\n<td data-sheets-value=\"{&quot;1&quot;:2,&quot;2&quot;:&quot;Cu:86;P:7;Sn:7&quot;}\">Cu: 86%; P: 7%; Sn: 7%<\/td>\n<td data-sheets-value=\"{&quot;1&quot;:2,&quot;2&quot;:&quot;-200n-235&quot;}\">-200<br \/>\n-235<\/td>\n<td data-sheets-value=\"{&quot;1&quot;:2,&quot;2&quot;:&quot;700-750&quot;}\">700-750<\/td>\n<\/tr>\n<tr>\n<td data-sheets-value=\"{&quot;1&quot;:2,&quot;2&quot;:&quot;YTCu-4&quot;}\">YTCu-4<\/td>\n<td data-sheets-value=\"{&quot;1&quot;:2,&quot;2&quot;:&quot;Paste&quot;}\">Colar<\/td>\n<td data-sheets-value=\"{&quot;1&quot;:2,&quot;2&quot;:&quot;Cu:75;Sn;P;Ni, etc.&quot;}\">Cu:75;Sn;P;Ni, etc.<\/td>\n<td data-sheets-value=\"{&quot;1&quot;:2,&quot;2&quot;:&quot;-200n-235&quot;}\">-200<br \/>\n-235<\/td>\n<td data-sheets-value=\"{&quot;1&quot;:2,&quot;2&quot;:&quot;600-650&quot;}\">600-650<\/td>\n<\/tr>\n<tr>\n<td data-sheets-value=\"{&quot;1&quot;:3,&quot;3&quot;:9414}\">9414<\/td>\n<td data-sheets-value=\"{&quot;1&quot;:2,&quot;2&quot;:&quot;Powder&quot;}\">P\u00f3<\/td>\n<td data-sheets-value=\"{&quot;1&quot;:2,&quot;2&quot;:&quot;Cu:88;Ni:5;Sn:7&quot;}\">Cu:88; Ni:5; Sn:7<\/td>\n<td data-sheets-value=\"{&quot;1&quot;:2,&quot;2&quot;:&quot;-200n-235&quot;}\">-200<br \/>\n-235<\/td>\n<td data-sheets-value=\"{&quot;1&quot;:2,&quot;2&quot;:&quot;890-900&quot;}\">890-900<\/td>\n<\/tr>\n<\/tbody>\n<\/table>\n<\/div>\n<p>1. Adequado para soldagem \u00e0 chama, soldagem por resist\u00eancia, soldagem por alta frequ\u00eancia e soldagem em forno entre v\u00e1rios cobre e ligas de cobre.<\/p>\n<p>2. A pasta de solda pode ser aplicada manualmente na \u00e1rea a ser soldada e tamb\u00e9m pode ser usada para impress\u00e3o em est\u00eancil e inje\u00e7\u00e3o com agulha semiautom\u00e1tica e autom\u00e1tica. \u00c9 eficiente e simples e pode controlar quantitativamente a quantidade de pasta de solda usada, o que melhora muito a efici\u00eancia de trabalho e o rendimento do produto, al\u00e9m de melhorar o ambiente de trabalho.<\/p>\n<p>3. Pastas de solda \u00e0 base de cobre-f\u00f3sforo s\u00e3o amplamente s\u00e3o usadas em brasagem e produ\u00e7\u00e3o de produtos de cobre, como tubos de cobre, aquecedores el\u00e9tricos de liga de cobre, pe\u00e7as de ferragens e diversos radiadores de cobre. No campo de brasagem por resist\u00eancia, ela \u00e9 amplamente usada na brasagem por resist\u00eancia de diversos componentes eletr\u00f4nicos, como disjuntores, medidores el\u00e9tricos e outros.<\/p>\n<div id=\"gtx-trans\" style=\"position: absolute; left: 582px; top: 188.625px;\">\n<div class=\"gtx-trans-icon\"><\/div>\n<\/div>\n<p><\/span><\/span><\/p>","protected":false},"excerpt":{"rendered":"<p>Product description Copper solder paste is prepared by a special process from copper-based brazing powder, trace active components, solvents, polymer carriers and other additives. Grades and specifications Model Product Type Composition(wt%) Powder Size(M) Brazing temperature(\u00a1\u00cd) Brazing method YTCu-1 Paste Cu:93:P:7 -200 -235 743-840 Furance, flame, resistance, High frequency brazing YTCu-2 Paste Cu:92.5;P:7.5 -200 -235 730-830&#8230;<\/p>","protected":false},"featured_media":1833,"parent":0,"template":"","meta":{"_acf_changed":false,"_kad_blocks_custom_css":"","_kad_blocks_head_custom_js":"","_kad_blocks_body_custom_js":"","_kad_blocks_footer_custom_js":"","_kad_post_transparent":"","_kad_post_title":"","_kad_post_layout":"","_kad_post_sidebar_id":"","_kad_post_content_style":"","_kad_post_vertical_padding":"","_kad_post_feature":"","_kad_post_feature_position":"","_kad_post_header":false,"_kad_post_footer":false,"_kad_post_classname":""},"product-category":[119,129],"class_list":["post-3916","product","type-product","status-publish","has-post-thumbnail","hentry","product-category-3d-printing-metal-powder","product-category-copper-alloy-powder"],"acf":[],"taxonomy_info":{"product-category":[{"value":119,"label":"3D Printing Metal Powder"},{"value":129,"label":"Copper Alloy Powder"}]},"featured_image_src_large":["https:\/\/3dpmetal.com\/wp-content\/uploads\/2024\/02\/Copper-base-Solder.png",600,600,false],"author_info":[],"comment_info":"","_links":{"self":[{"href":"https:\/\/3dpmetal.com\/pt\/wp-json\/wp\/v2\/product\/3916","targetHints":{"allow":["GET"]}}],"collection":[{"href":"https:\/\/3dpmetal.com\/pt\/wp-json\/wp\/v2\/product"}],"about":[{"href":"https:\/\/3dpmetal.com\/pt\/wp-json\/wp\/v2\/types\/product"}],"wp:featuredmedia":[{"embeddable":true,"href":"https:\/\/3dpmetal.com\/pt\/wp-json\/wp\/v2\/media\/1833"}],"wp:attachment":[{"href":"https:\/\/3dpmetal.com\/pt\/wp-json\/wp\/v2\/media?parent=3916"}],"wp:term":[{"taxonomy":"product-category","embeddable":true,"href":"https:\/\/3dpmetal.com\/pt\/wp-json\/wp\/v2\/product-category?post=3916"}],"curies":[{"name":"wp","href":"https:\/\/api.w.org\/{rel}","templated":true}]}}