{"id":3917,"date":"2024-03-18T06:10:14","date_gmt":"2024-03-18T06:10:14","guid":{"rendered":"https:\/\/3dp.45612300.xyz\/product\/430l-powder\/"},"modified":"2024-03-18T06:10:14","modified_gmt":"2024-03-18T06:10:14","slug":"430l-powder","status":"publish","type":"product","link":"https:\/\/3dpmetal.com\/pt\/product\/430l-powder\/","title":{"rendered":"P\u00f3 de 430 L"},"content":{"rendered":"<p><span style=\"vertical-align: inherit;\"><span style=\"vertical-align: inherit;\"><\/p>\n<h2>Vis\u00e3o geral do p\u00f3 430L<\/h2>\n<p class=\"whitespace-pre-wrap\">O p\u00f3 430L \u00e9 um p\u00f3 de a\u00e7o inoxid\u00e1vel ferr\u00edtico contendo 17% de cromo com adi\u00e7\u00f5es de molibd\u00eanio e ni\u00f3bio para resist\u00eancia aprimorada \u00e0 corros\u00e3o. Ele oferece um equil\u00edbrio ideal de resist\u00eancia \u00e0 corros\u00e3o, resist\u00eancia, soldabilidade e custo.<\/p>\n<p class=\"whitespace-pre-wrap\">Principais Propriedades e Vantagens do P\u00f3 430L:<\/p>\n<p class=\"whitespace-pre-wrap\"><strong>430L Propriedades e Caracter\u00edsticas do P\u00f3<\/strong><\/p>\n<table>\n<thead>\n<tr>\n<th>Propriedades<\/th>\n<th>Detalhes<\/th>\n<\/tr>\n<\/thead>\n<tbody>\n<tr>\n<td>Composi\u00e7\u00e3o<\/td>\n<td>Liga Fe-17Cr-Nb-Mo<\/td>\n<\/tr>\n<tr>\n<td>Densidade<\/td>\n<td>7,7g\/cc<\/td>\n<\/tr>\n<tr>\n<td>Forma da part\u00edcula<\/td>\n<td>Irregular e com \u00e2ngulos<\/td>\n<\/tr>\n<tr>\n<td>Intervalo de tamanho<\/td>\n<td>10-150 m\u00edcrons<\/td>\n<\/tr>\n<tr>\n<td>Densidade Aparente<\/td>\n<td>At\u00e9 50% da verdadeira densidade<\/td>\n<\/tr>\n<tr>\n<td>Capacidade de escoamento<\/td>\n<td>Moderada<\/td>\n<\/tr>\n<tr>\n<td>Resist\u00eancia \u00e0 corros\u00e3o<\/td>\n<td>Excelente em muitos ambientes<\/td>\n<\/tr>\n<tr>\n<td>Fortalecimento<\/td>\n<td>Solu\u00e7\u00e3o s\u00f3lida e fortalecimento por precipita\u00e7\u00e3o<\/td>\n<\/tr>\n<\/tbody>\n<\/table>\n<p class=\"whitespace-pre-wrap\">O p\u00f3 430L \u00e9 bastante usado no processamento qu\u00edmico, ferragens navais, componentes de escapamento automotivo, flanges e v\u00e1lvulas industriais e partes estruturais que precisam resistir \u00e0 degrada\u00e7\u00e3o.<\/p>\n<h2>Composi\u00e7\u00e3o em P\u00f3 430L<\/h2>\n<p class=\"whitespace-pre-wrap\">Composi\u00e7\u00e3o t\u00edpica do p\u00f3 de a\u00e7o inoxid\u00e1vel 430L:<\/p>\n<p class=\"whitespace-pre-wrap\"><strong>Composi\u00e7\u00e3o em P\u00f3 430L<\/strong><\/p>\n<table>\n<thead>\n<tr>\n<th>Elemento<\/th>\n<th>Peso %<\/th>\n<\/tr>\n<\/thead>\n<tbody>\n<tr>\n<td>Ferro (Fe)<\/td>\n<td>Equil\u00edbrio<\/td>\n<\/tr>\n<tr>\n<td>Cr\u00f3mio (Cr)<\/td>\n<td>16-18%<\/td>\n<\/tr>\n<tr>\n<td>Carbono (C)<\/td>\n<td>M\u00e1x 0,12%<\/td>\n<\/tr>\n<tr>\n<td>Sil\u00edcio (Si)<\/td>\n<td>M\u00e1ximo 1%<\/td>\n<\/tr>\n<tr>\n<td>Mangan\u00eas (Mn)<\/td>\n<td>M\u00e1ximo 1%<\/td>\n<\/tr>\n<tr>\n<td>Molibd\u00eanio (Mo)<\/td>\n<td>M\u00e1x. 0,5 %<\/td>\n<\/tr>\n<tr>\n<td>Ni\u00f3bio (Nb)<\/td>\n<td>0.3-0.6%<\/td>\n<\/tr>\n<tr>\n<td>Nitrog\u00eanio (N)<\/td>\n<td>0,03% m\u00e1x.<\/td>\n<\/tr>\n<tr>\n<td>Enxofre (S)<\/td>\n<td>0,03% m\u00e1x.<\/td>\n<\/tr>\n<\/tbody>\n<\/table>\n<ul class=\"list-disc pl-8 space-y-2\">\n<li class=\"whitespace-normal\">O ferro fornece a matriz de base e ductilidade<\/li>\n<li class=\"whitespace-normal\">O Chromium aumenta a resist\u00eancia a corros\u00e3o e \u00e0 oxida\u00e7\u00e3o<\/li>\n<li class=\"whitespace-normal\">O Ni\u00f3bio e o Molibd\u00eanio fornecem o fortalecimento por precipita\u00e7\u00e3o<\/li>\n<li class=\"whitespace-normal\">Carbono, nitrog\u00eanio e enxofre s\u00e3o controlados como elementos residuais<\/li>\n<\/ul>\n<p class=\"whitespace-pre-wrap\">A composi\u00e7\u00e3o foi projetada para proporcionar resist\u00eancia \u00e0 corros\u00e3o ideal, mantendo ductilidade, tenacidade e soldabilidade adequadas.<\/p>\n<p><img loading=\"lazy\" decoding=\"async\" class=\"size-medium wp-image-1409 aligncenter\" src=\"https:\/\/met3dp.com\/wp-content\/uploads\/2023\/09\/ed7a94ec-3c10-4b1b-87ed--300x300.jpg\" alt=\"P\u00f3 de 430 L\" width=\"300\" height=\"300\" title=\"\"><\/p>\n<h2>430L Propiedades f\u00edsicas do p\u00f3<\/h2>\n<p class=\"whitespace-pre-wrap\"><strong>430L Propiedades f\u00edsicas do p\u00f3<\/strong><\/p>\n<table>\n<thead>\n<tr>\n<th>Propriedade<\/th>\n<th>Valores<\/th>\n<\/tr>\n<\/thead>\n<tbody>\n<tr>\n<td>Densidade<\/td>\n<td>7,7g\/cc<\/td>\n<\/tr>\n<tr>\n<td>Ponto de Fus\u00e3o<\/td>\n<td>1400-1450CE<\/td>\n<\/tr>\n<tr>\n<td>Resistividade el\u00e9trica<\/td>\n<td>0,6-0,7 cm\u00b2<\/td>\n<\/tr>\n<tr>\n<td>Condutividade t\u00e9rmica<\/td>\n<td>26 W\/mK<\/td>\n<\/tr>\n<tr>\n<td>Temperatura de Curie<\/td>\n<td>1440\u00a1\u00abC<\/td>\n<\/tr>\n<tr>\n<td>Temperatura m\u00e1xima de servi\u00e7o<\/td>\n<td>650-750<\/td>\n<\/tr>\n<\/tbody>\n<\/table>\n<ul class=\"list-disc pl-8 space-y-2\">\n<li class=\"whitespace-normal\">Densidade moderadamente alta para um a\u00e7o inoxid\u00e1vel<\/li>\n<li class=\"whitespace-normal\">Proporciona resist\u00eancia a altas temperaturas e corros\u00e3o<\/li>\n<li class=\"whitespace-normal\">Resistividade maior que ferro puro ou a\u00e7os de baixa liga<\/li>\n<li class=\"whitespace-normal\">Torna-se paramagn\u00e9tico acima do ponto de Curie<\/li>\n<li class=\"whitespace-normal\">Suporta temperaturas operacionais moderadamente altas<\/li>\n<\/ul>\n<p class=\"whitespace-pre-wrap\">As propriedades f\u00edsicas fazem com que o 430L seja adequado para ambientes corrosivos e aplica\u00e7\u00f5es de moderadamente alta temperatura exigindo resist\u00eancia \u00e0 oxida\u00e7\u00e3o.<\/p>\n<h2>Propriedades Mec\u00e2nicas de P\u00f3 430L<\/h2>\n<p class=\"whitespace-pre-wrap\"><strong>Propriedades Mec\u00e2nicas de P\u00f3 430L<\/strong><\/p>\n<table>\n<thead>\n<tr>\n<th>Propriedade<\/th>\n<th>Valores<\/th>\n<\/tr>\n<\/thead>\n<tbody>\n<tr>\n<td>Resist\u00eancia \u00e0 tra\u00e7\u00e3o<\/td>\n<td>450-650 MPa<\/td>\n<\/tr>\n<tr>\n<td>Resist\u00eancia ao escoamento<\/td>\n<td>250-350 MPa<\/td>\n<\/tr>\n<tr>\n<td>Elonga\u00e7\u00e3o<\/td>\n<td>35-45%<\/td>\n<\/tr>\n<tr>\n<td>M\u00f3dulo de elasticidade<\/td>\n<td>190-210 GPa<\/td>\n<\/tr>\n<tr>\n<td>Dureza<\/td>\n<td>80-90 HRB<\/td>\n<\/tr>\n<tr>\n<td>Resist\u00eancia ao impacto<\/td>\n<td>50-100 J<\/td>\n<\/tr>\n<\/tbody>\n<\/table>\n<ul class=\"list-disc pl-8 space-y-2\">\n<li class=\"whitespace-normal\">Fornece resist\u00eancia relativamente alta para um a\u00e7o inoxid\u00e1vel<\/li>\n<li class=\"whitespace-normal\">Excelente ductilidade e tenacidade de impacto<\/li>\n<li class=\"whitespace-normal\">A resist\u00eancia pode ser aumentada ainda mais atrav\u00e9s de tratamento t\u00e9rmico<\/li>\n<li class=\"whitespace-normal\">A dureza \u00e9 relativamente baixa quando comparada \u00e0 dureza das ligas martensiticas<\/li>\n<\/ul>\n<p class=\"whitespace-pre-wrap\">As propriedades fornecem uma boa combina\u00e7\u00e3o de resist\u00eancia, ductilidade e tenacidade requeridas para muitos ambientes corrosivos e condi\u00e7\u00f5es de carga.<\/p>\n<h2>Aplica\u00e7\u00f5es em P\u00f3 430L<\/h2>\n<p class=\"whitespace-pre-wrap\">Aplica\u00e7\u00f5es t\u00edpicas do p\u00f3 de a\u00e7o inoxid\u00e1vel 430L incluem:<\/p>\n<p class=\"whitespace-pre-wrap\"><strong>Aplica\u00e7\u00f5es em P\u00f3 430L<\/strong><\/p>\n<table>\n<thead>\n<tr>\n<th>Ind\u00fastria<\/th>\n<th>Usos de Exemplo<\/th>\n<\/tr>\n<\/thead>\n<tbody>\n<tr>\n<td>Qu\u00edmico<\/td>\n<td>Tanques, v\u00e1lvulas, tubula\u00e7\u00f5es, bombas<\/td>\n<\/tr>\n<tr>\n<td>Automotivo<\/td>\n<td>Componentes de escape, pe\u00e7as de inje\u00e7\u00e3o de combust\u00edvel<\/td>\n<\/tr>\n<tr>\n<td>Constru\u00e7\u00e3o<\/td>\n<td>Revestimentos, caracter\u00edsticas arquitet\u00f3nicas<\/td>\n<\/tr>\n<tr>\n<td>Petr\u00f3leo e g\u00e1s<\/td>\n<td>Equipamento de cabe\u00e7a de po\u00e7o, ferramentas de perfura\u00e7\u00e3o<\/td>\n<\/tr>\n<tr>\n<td>Fabrica\u00e7\u00e3o<\/td>\n<td>Ferramentas de prensagem, moldes, matrizes<\/td>\n<\/tr>\n<\/tbody>\n<\/table>\n<p class=\"whitespace-pre-wrap\">Alguns usos espec\u00edficos do produto:<\/p>\n<ul class=\"list-disc pl-8 space-y-2\">\n<li class=\"whitespace-normal\">Ferragens marinhas como guarda-corpos, dobradi\u00e7as, fixadores<\/li>\n<li class=\"whitespace-normal\">Manifolds de escape automotivos, silenciadores, conversores catal\u00edticos<\/li>\n<li class=\"whitespace-normal\">Equipamentos de processamento qu\u00edmico como v\u00e1lvulas e flanges<\/li>\n<li class=\"whitespace-normal\">Tubos tubulares para campos petrol\u00edferos para ambientes de fundo de po\u00e7o<\/li>\n<li class=\"whitespace-normal\">Pain\u00e9is arquitet\u00f4nicos, revestimentos e recursos decorativos<\/li>\n<\/ul>\n<p class=\"whitespace-pre-wrap\">A sua excelente resist\u00eancia \u00e0 corros\u00e3o, combinada com a \u00f3tima fabricabilidade, faz com que o 430L seja bastante utilizado em ind\u00fastrias que necessitem de resist\u00eancia ao intemperismo e \u00e0 oxida\u00e7\u00e3o.<\/p>\n<h2>Especifica\u00e7\u00f5es do p\u00f3 de leite 430L<\/h2>\n<p class=\"whitespace-pre-wrap\">Especifica\u00e7\u00f5es e normas relevantes:<\/p>\n<p class=\"whitespace-pre-wrap\"><strong>Padr\u00f5es de p\u00f3 430L<\/strong><\/p>\n<table>\n<thead>\n<tr>\n<th>Padr\u00e3o<\/th>\n<th>Descri\u00e7\u00e3o<\/th>\n<\/tr>\n<\/thead>\n<tbody>\n<tr>\n<td>ASTM A743<\/td>\n<td>Norma para fundidos de a\u00e7o inoxid\u00e1vel resistente \u00e0 corros\u00e3o<\/td>\n<\/tr>\n<tr>\n<td>ASTM A744<\/td>\n<td>Norma para chapas a\u00e7o cromo resistente a corros\u00e3o<\/td>\n<\/tr>\n<tr>\n<td>AMS 5759<\/td>\n<td>Barras de a\u00e7o resistentes \u00e0 corros\u00e3o recozidas, arames, pe\u00e7as forjadas<\/td>\n<\/tr>\n<tr>\n<td>SAE J405<\/td>\n<td>Chapa de a\u00e7o para intemp\u00e9ries automotiva<\/td>\n<\/tr>\n<tr>\n<td>DIN 17440<\/td>\n<td>A\u00e7os inoxid\u00e1veis para aplica\u00e7\u00f5es resistentes a corros\u00e3o<\/td>\n<\/tr>\n<\/tbody>\n<\/table>\n<p class=\"whitespace-pre-wrap\">Estas normas definem:<\/p>\n<ul class=\"list-disc pl-8 space-y-2\">\n<li class=\"whitespace-normal\">Limites de composi\u00e7\u00e3o qu\u00edmica da liga 430L<\/li>\n<li class=\"whitespace-normal\">N\u00edveis de impureza permitidos como S, P<\/li>\n<li class=\"whitespace-normal\">Propriedades mec\u00e2nicas necess\u00e1rias<\/li>\n<li class=\"whitespace-normal\">M\u00e9todos de Produ\u00e7\u00e3o Aprovados<\/li>\n<li class=\"whitespace-normal\">Protocolos de testes de conformidade<\/li>\n<li class=\"whitespace-normal\">Embalagem adequada, rotulagem e documenta\u00e7\u00e3o<\/li>\n<\/ul>\n<p class=\"whitespace-pre-wrap\">A certifica\u00e7\u00e3o de conformidade assegura a adequa\u00e7\u00e3o do p\u00f3 para as aplica\u00e7\u00f5es e mercados direcionados.<\/p>\n<h2>Tamanhos de Part\u00edculas de 430L em P\u00f3<\/h2>\n<p class=\"whitespace-pre-wrap\"><strong><span lang=\"pt\">Distribui\u00e7\u00e3o granulom\u00e9trica por part\u00edculas de 430L<\/span><\/strong><\/p>\n<table>\n<thead>\n<tr>\n<th>Tamanho da part\u00edcula<\/th>\n<th>Caracter\u00edsticas<\/th>\n<\/tr>\n<\/thead>\n<tbody>\n<tr>\n<td>10-45 m\u00edcrons<\/td>\n<td>Qualidade ultrafina para alta densidade e acabamento de superf\u00edcie<\/td>\n<\/tr>\n<tr>\n<td>45 - 150 microns<\/td>\n<td>A granulometria grossa proporciona boa fluidez<\/td>\n<\/tr>\n<tr>\n<td>15-150 micra<\/td>\n<td>Grau padr\u00e3o para prensagem e sinteriza\u00e7\u00e3o<\/td>\n<\/tr>\n<\/tbody>\n<\/table>\n<ul class=\"list-disc pl-8 space-y-2\">\n<li class=\"whitespace-normal\">Part\u00edculas mais finas permitem uma maior densifica\u00e7\u00e3o durante a sinteriza\u00e7\u00e3o<\/li>\n<li class=\"whitespace-normal\">P\u00f3s mais grossos fluem melhor e preenchem as cavidades da matriz uniformemente<\/li>\n<li class=\"whitespace-normal\">A escala de tamanho \u00e9 personalizada com base nas propriedades finais da pe\u00e7a<\/li>\n<li class=\"whitespace-normal\">P\u00f3s atomizados a g\u00e1s ou \u00e1gua est\u00e3o dispon\u00edveis<\/li>\n<\/ul>\n<p class=\"whitespace-pre-wrap\">Controlar a distribui\u00e7\u00e3o do tamanho das part\u00edculas permite otimizar o comportamento do processamento e o desempenho final da pe\u00e7a.<\/p>\n<h2>Densidade Aparente do P\u00f3 430 L<\/h2>\n<p class=\"whitespace-pre-wrap\"><strong>Densidade Aparente do P\u00f3 430 L<\/strong><\/p>\n<table>\n<thead>\n<tr>\n<th>Densidade Aparente<\/th>\n<th>Detalhes<\/th>\n<\/tr>\n<\/thead>\n<tbody>\n<tr>\n<td>At\u00e9 50% da verdadeira densidade<\/td>\n<td>Para morfologia de p\u00f3 irregular<\/td>\n<\/tr>\n<tr>\n<td>3,5-4,5 g\/cc t\u00edpico<\/td>\n<td>Melhora com maior densidade da embalagem<\/td>\n<\/tr>\n<\/tbody>\n<\/table>\n<ul class=\"list-disc pl-8 space-y-2\">\n<li class=\"whitespace-normal\">Densidade aparente maior, melhora o fluxo e a compressibilidade do p\u00f3<\/li>\n<li class=\"whitespace-normal\">A morfologia irregular limita a densidade m\u00e1xima de compacta\u00e7\u00e3o<\/li>\n<li class=\"whitespace-normal\">Valores de at\u00e9 60% s\u00e3o poss\u00edveis com p\u00f3s esf\u00e9ricos<\/li>\n<li class=\"whitespace-normal\">Alta densidade aparente melhora a efici\u00eancia do preenchimento da prensa<\/li>\n<\/ul>\n<p class=\"whitespace-pre-wrap\">Densidade aparente mais alta promove melhor produtividade de fabrica\u00e7\u00e3o e qualidade da pe\u00e7a.<\/p>\n<h2>M\u00e9todo de Produ\u00e7\u00e3o de P\u00f3 430L<\/h2>\n<p class=\"whitespace-pre-wrap\"><strong>Produ\u00e7\u00e3o de p\u00f3 430L<\/strong><\/p>\n<table>\n<thead>\n<tr>\n<th>M\u00e9todo<\/th>\n<th>Detalhes<\/th>\n<\/tr>\n<\/thead>\n<tbody>\n<tr>\n<td>Atomiza\u00e7\u00e3o de g\u00e1s<\/td>\n<td>G\u00e1s inerte de alta press\u00e3o quebra o fluxo de metal fundido em pequenas got\u00edculas.<\/td>\n<\/tr>\n<tr>\n<td>Atomiza\u00e7\u00e3o da \u00c1gua<\/td>\n<td>Jactos de \u00e1gua a alta press\u00e3o quebram o metal em part\u00edculas finas<\/td>\n<\/tr>\n<tr>\n<td>Fus\u00e3o por indu\u00e7\u00e3o a v\u00e1cuo<\/td>\n<td>Materiais de entrada de alta pureza derretidos sob v\u00e1cuo.<\/td>\n<\/tr>\n<tr>\n<td>Remelting m\u00faltiple<\/td>\n<td>Melhora a homogeneiza\u00e7\u00e3o qu\u00edmica<\/td>\n<\/tr>\n<tr>\n<td>Peneira\u00e7\u00e3o<\/td>\n<td>Classifica p\u00f3 em diferentes faixas de tamanho de part\u00edcula<\/td>\n<\/tr>\n<\/tbody>\n<\/table>\n<ul class=\"list-disc pl-8 space-y-2\">\n<li class=\"whitespace-normal\">Atomiza\u00e7\u00e3o de g\u00e1s proporciona morfologia de p\u00f3 esf\u00e9rico e limpo<\/li>\n<li class=\"whitespace-normal\">Atomiza\u00e7\u00e3o de \u00e1gua \u00e9 um processo de menor custo com part\u00edculas irregulares<\/li>\n<li class=\"whitespace-normal\">A fundi\u00e7\u00e3o e refus\u00e3o a v\u00e1cuo minimizam as impurezas gasosas<\/li>\n<li class=\"whitespace-normal\">O p\u00f3s-processamento permite a personaliza\u00e7\u00e3o dos tamanhos de part\u00edculas<\/li>\n<\/ul>\n<p class=\"whitespace-pre-wrap\">A produ\u00e7\u00e3o automatizada e o rigoroso controle de qualidade resultam em p\u00f3 consistente adequado para aplica\u00e7\u00f5es cr\u00edticas.<\/p>\n<h2>Pre\u00e7o do p\u00f3 de 430L<\/h2>\n<p class=\"whitespace-pre-wrap\"><strong>Pre\u00e7o do p\u00f3 de 430L<\/strong><\/p>\n<table>\n<thead>\n<tr>\n<th>Fator<\/th>\n<th>Impacto no pre\u00e7o<\/th>\n<\/tr>\n<\/thead>\n<tbody>\n<tr>\n<td>N\u00edvel de pureza<\/td>\n<td>Maior pureza aumenta o custo<\/td>\n<\/tr>\n<tr>\n<td>Morfologia de p\u00f3<\/td>\n<td>P\u00f3 esf\u00e9rico custa mais que irregular<\/td>\n<\/tr>\n<tr>\n<td>Tamanho da part\u00edcula<\/td>\n<td>P\u00f3 ultrafino mais caro<\/td>\n<\/tr>\n<tr>\n<td>Volume da ordem<\/td>\n<td>Maiores quantidades t\u00eam um pre\u00e7o unit\u00e1rio mais baixo<\/td>\n<\/tr>\n<tr>\n<td>Servi\u00e7os adicionais<\/td>\n<td>Personaliza\u00e7\u00e3o adiciona custo<\/td>\n<\/tr>\n<\/tbody>\n<\/table>\n<p class=\"whitespace-pre-wrap\"><strong>Pre\u00e7o Indicativo<\/strong><\/p>\n<ul class=\"list-disc pl-8 space-y-2\">\n<li class=\"whitespace-normal\">P\u00f3 Irregular 430L: $ 5-8 por kg<\/li>\n<li class=\"whitespace-normal\">P\u00f3 esf\u00e9rico de 430 l: 8-12 d\u00f3lares por kg<\/li>\n<li class=\"whitespace-normal\">Pre\u00e7os de grandes volumes podem ser 30-50% menores<\/li>\n<\/ul>\n<p class=\"whitespace-pre-wrap\">O pre\u00e7o depende da pureza, caracter\u00edsticas das part\u00edculas, volume do pedido e n\u00edvel de personaliza\u00e7\u00e3o necess\u00e1ria.<\/p>\n<h2>Fornecedores de 430L em p\u00f3<\/h2>\n<p class=\"whitespace-pre-wrap\"><strong>Fornecedores de 430L em p\u00f3<\/strong><\/p>\n<table>\n<thead>\n<tr>\n<th>Empresa<\/th>\n<th>Local<\/th>\n<\/tr>\n<\/thead>\n<tbody>\n<tr>\n<td>H?gan?s<\/td>\n<td>Su\u00e9cia<\/td>\n<\/tr>\n<tr>\n<td>Sandvik<\/td>\n<td>Alemanha<\/td>\n<\/tr>\n<tr>\n<td>Daido Steel<\/td>\n<td>Jap\u00e3o<\/td>\n<\/tr>\n<tr>\n<td>CNP P\u00f3<\/td>\n<td>China<\/td>\n<\/tr>\n<tr>\n<td>Produtos em P\u00f3 de Carpinteiro<\/td>\n<td>EUA<\/td>\n<\/tr>\n<tr>\n<td>Erasteel<\/td>\n<td>Fran\u00e7a<\/td>\n<\/tr>\n<\/tbody>\n<\/table>\n<p class=\"whitespace-pre-wrap\">Factores-chave para a sele\u00e7\u00e3o de fornecedores:<\/p>\n<ul class=\"list-disc pl-8 space-y-2\">\n<li class=\"whitespace-normal\">Graus de p\u00f3 oferecidos<\/li>\n<li class=\"whitespace-normal\">capacidade de produ\u00e7\u00e3o<\/li>\n<li class=\"whitespace-normal\">Faixa de tamanho e morfologia das part\u00edculas<\/li>\n<li class=\"whitespace-normal\">An\u00e1lise e certifica\u00e7\u00e3o de lote<\/li>\n<li class=\"whitespace-normal\">Pre\u00e7os e quantidade m\u00ednima do pedido<\/li>\n<li class=\"whitespace-normal\">Servi\u00e7os de personaliza\u00e7\u00e3o<\/li>\n<li class=\"whitespace-normal\">Tempos de entrega e confiabilidade<\/li>\n<\/ul>\n<h2>Manuseio e Armazenamento de 430L de P\u00f3<\/h2>\n<p class=\"whitespace-pre-wrap\"><strong>Manuseio de P\u00f3 430L<\/strong><\/p>\n<table>\n<thead>\n<tr>\n<th>Recomenda\u00e7\u00e3o<\/th>\n<th>Raz\u00e3o<\/th>\n<\/tr>\n<\/thead>\n<tbody>\n<tr>\n<td>Use EPI e ventila\u00e7\u00e3o<\/td>\n<td>Evite a exposi\u00e7\u00e3o a part\u00edculas met\u00e1licas finas<\/td>\n<\/tr>\n<tr>\n<td>Garantir aterramento adequado<\/td>\n<td>Impe\u00e7a descarga est\u00e1tica ao manusear<\/td>\n<\/tr>\n<tr>\n<td>Evite fontes de igni\u00e7\u00e3o<\/td>\n<td>Os p\u00f3s podem entrar em combust\u00e3o no ambiente com oxig\u00eanio<\/td>\n<\/tr>\n<tr>\n<td>Utilize ferramentas antifa\u00edsca<\/td>\n<td>Evitar a possibilidade de igni\u00e7\u00e3o durante o manuseio<\/td>\n<\/tr>\n<tr>\n<td>Siga os protocolos de seguran\u00e7a<\/td>\n<td>Reduza o risco de queimaduras, inala\u00e7\u00e3o e ingest\u00e3o<\/td>\n<\/tr>\n<tr>\n<td>Armazenar em recipientes est\u00e1veis<\/td>\n<td>Evite contamina\u00e7\u00e3o ou oxida\u00e7\u00e3o<\/td>\n<\/tr>\n<\/tbody>\n<\/table>\n<p class=\"whitespace-pre-wrap\">Como o p\u00f3 430L \u00e9 inflam\u00e1vel, riscos de igni\u00e7\u00e3o e explos\u00e3o devem ser controlados durante manuseio e armazenamento. Do contr\u00e1rio, \u00e9 relativamente seguro com as devidas precau\u00e7\u00f5es.<\/p>\n<h2>Inspe\u00e7\u00e3o e teste de p\u00f3 430L<\/h2>\n<p class=\"whitespace-pre-wrap\"><strong>Teste de p\u00f3 430L<\/strong><\/p>\n<table>\n<thead>\n<tr>\n<th>Teste<\/th>\n<th>Detalhes<\/th>\n<\/tr>\n<\/thead>\n<tbody>\n<tr>\n<td>An\u00e1lises qu\u00edmicas<\/td>\n<td>ICP e XRF comprovam composi\u00e7\u00e3o<\/td>\n<\/tr>\n<tr>\n<td>Distribui\u00e7\u00e3o de Tamanho de Part\u00edculas<\/td>\n<td>Difra\u00e7\u00e3o laser determina distribui\u00e7\u00e3o de tamanho<\/td>\n<\/tr>\n<tr>\n<td>Densidade Aparente<\/td>\n<td>Teste de flux\u00f4metro de Hall conforme ao padr\u00e3o ASTM B212<\/td>\n<\/tr>\n<tr>\n<td>Morfologia de p\u00f3<\/td>\n<td>Imagens de microscopia eletr\u00f4nica de varredura mostram a forma das part\u00edculas<\/td>\n<\/tr>\n<tr>\n<td>An\u00e1lise da taxa de fluxo<\/td>\n<td>Vaz\u00e3o de fluxo por gravidade pelo bocal especificado<\/td>\n<\/tr>\n<tr>\n<td>Perda por igni\u00e7\u00e3o<\/td>\n<td>Determina o conte\u00fado de umidade residual<\/td>\n<\/tr>\n<\/tbody>\n<\/table>\n<p class=\"whitespace-pre-wrap\">Testes rigorosos asseguram o p\u00f3 que atende os requisitos de pureza qu\u00edmica, caracter\u00edsticas de part\u00edculas, densidade, morfologia e fluidez por especifica\u00e7\u00f5es aplic\u00e1veis.<\/p>\n<h2>Pr\u00f3s e Contras do 430L Powder<\/h2>\n<p class=\"whitespace-pre-wrap\"><strong>Vantagens do 430L em P\u00f3<\/strong><\/p>\n<ul class=\"list-disc pl-8 space-y-2\">\n<li class=\"whitespace-normal\">Excelente resist\u00eancia \u00e0 corros\u00e3o em muitos ambientes<\/li>\n<li class=\"whitespace-normal\">Boa ductilidade, tenacidade e soldabilidade<\/li>\n<li class=\"whitespace-normal\">Econ\u00f4mico em compara\u00e7\u00e3o aos n\u00edveis austen\u00edticos<\/li>\n<li class=\"whitespace-normal\">Pode ser endurecido por precipita\u00e7\u00e3o para aumentar a resist\u00eancia<\/li>\n<li class=\"whitespace-normal\">Boa resist\u00eancia \u00e0 oxida\u00e7\u00e3o em altas temperaturas<\/li>\n<li class=\"whitespace-normal\">Ductilidade com facilidade por meio de t\u00e9cnicas convencionais<\/li>\n<\/ul>\n<p class=\"whitespace-pre-wrap\"><strong>Desvantagens do P\u00f3 430L<\/strong><\/p>\n<ul class=\"list-disc pl-8 space-y-2\">\n<li class=\"whitespace-normal\">Menor resist\u00eancia do que as classifica\u00e7\u00f5es martens\u00edticas ou ferr\u00edticas<\/li>\n<li class=\"whitespace-normal\">Exige cuidado durante a soldagem para evitar sensibiliza\u00e7\u00e3o<\/li>\n<li class=\"whitespace-normal\">Suscept\u00edvel ao cracking por corros\u00e3o sob tens\u00e3o por cloreto<\/li>\n<li class=\"whitespace-normal\">Resist\u00eancia limitada \u00e0 tra\u00e7\u00e3o \u00e0 alta temperatura<\/li>\n<li class=\"whitespace-normal\">Baixa dureza e resist\u00eancia ao desgaste que os graus austen\u00edticos<\/li>\n<li class=\"whitespace-normal\">Descolora\u00e7\u00e3o superficial ao longo do tempo em exposi\u00e7\u00e3o externa<\/li>\n<\/ul>\n<h2>Compara\u00e7\u00e3o com o p\u00f3 304L<\/h2>\n<p class=\"whitespace-pre-wrap\"><strong>P\u00f3 de A\u00e7o Inoxid\u00e1vel 430L vs. 304L<\/strong><\/p>\n<table>\n<thead>\n<tr>\n<th>Par\u00e2metros<\/th>\n<th>430L<\/th>\n<th>304L<\/th>\n<\/tr>\n<\/thead>\n<tbody>\n<tr>\n<td>Densidade<\/td>\n<td>7,7g\/cc<\/td>\n<td>8,0 g\/cc<\/td>\n<\/tr>\n<tr>\n<td>For\u00e7a<\/td>\n<td>450-650 MPa<\/td>\n<td>520-620 MPa<\/td>\n<\/tr>\n<tr>\n<td>Resist\u00eancia \u00e0 corros\u00e3o<\/td>\n<td>Excelente<\/td>\n<td>Excelente<\/td>\n<\/tr>\n<tr>\n<td>Resist\u00eancia ao calor<\/td>\n<td>Bom<\/td>\n<td>Excelente<\/td>\n<\/tr>\n<tr>\n<td>Soldabilidade<\/td>\n<td>Bom<\/td>\n<td>Excelente<\/td>\n<\/tr>\n<tr>\n<td>Custo<\/td>\n<td>Baixo<\/td>\n<td>Alto<\/td>\n<\/tr>\n<tr>\n<td>Uso<\/td>\n<td>Automotivo, constru\u00e7\u00e3o<\/td>\n<td>Processamento qu\u00edmico, marinho<\/td>\n<\/tr>\n<\/tbody>\n<\/table>\n<ul class=\"list-disc pl-8 space-y-2\">\n<li class=\"whitespace-normal\">430L possui resist\u00eancia levemente inferior, mas com um custo melhor<\/li>\n<li class=\"whitespace-normal\">304L possui resist\u00eancia superior \u00e0 corros\u00e3o e ao calor.<\/li>\n<li class=\"whitespace-normal\">430L apresenta melhor tenacidade em temperatura ambiente<\/li>\n<li class=\"whitespace-normal\">304L \u00e9 preferido para aplica\u00e7\u00f5es acima de 500\u00b0C<\/li>\n<li class=\"whitespace-normal\">430L adequado para estruturas externas e pe\u00e7as automotivas<\/li>\n<\/ul>\n<h2>430L Powder: Perguntas frequentes<\/h2>\n<p class=\"whitespace-pre-wrap\"><strong>P: Quais s\u00e3o as principais aplica\u00e7\u00f5es do p\u00f3 de a\u00e7o inoxid\u00e1vel 430L?<\/strong><\/p>\n<p class=\"whitespace-pre-wrap\">A: As principais aplica\u00e7\u00f5es incluem componentes de escapamento de autom\u00f3veis, equipamentos de processamento qu\u00edmico, ferramentas de \u00f3leo e g\u00e1s, pain\u00e9is e revestimentos arquitet\u00f4nicos, ferragens mar\u00edtimas e ferramentas de fabrica\u00e7\u00e3o.<\/p>\n<p class=\"whitespace-pre-wrap\"><strong>P: Quais cuidados devem ser tomados ao trabalhar com o p\u00f3 430L?<\/strong><\/p>\n<p class=\"whitespace-pre-wrap\">A: As precau\u00e7\u00f5es recomendadas incluem ventila\u00e7\u00e3o, EPI, aterramento adequado, atmosfera inerte, evitar fontes de igni\u00e7\u00e3o, usar ferramentas \u00e0 prova de fa\u00edscas e armazenamento seguro em recipientes est\u00e1veis.<\/p>\n<p class=\"whitespace-pre-wrap\"><strong>P: Qual o efeito da adi\u00e7\u00e3o de ni\u00f3bio ao a\u00e7o inoxid\u00e1vel 430L?<\/strong><\/p>\n<p class=\"whitespace-pre-wrap\">A: Ni\u00f3bio proporciona resist\u00eancia \u00e0 precipita\u00e7\u00e3o por meio da forma\u00e7\u00e3o de nitretos e carbonetos. Isso fortalece o a\u00e7o, mantendo boa resist\u00eancia \u00e0 corros\u00e3o e ductilidade.<\/p>\n<p class=\"whitespace-pre-wrap\"><strong>P: Em que o 430 L se diferencia das classes 409 e 439 de a\u00e7o inoxid\u00e1vel?<\/strong><\/p>\n<p class=\"whitespace-pre-wrap\">R: O 430L tem maior resist\u00eancia \u00e0 corros\u00e3o que o 409 e maior resist\u00eancia do que o 439. Ele oferece uma combina\u00e7\u00e3o \u00f3tima de resist\u00eancia \u00e0 corros\u00e3o, moldagem, soldabilidade e custo.<\/p>\n<div id=\"gtx-trans\" style=\"position: absolute; left: -8px; top: 59.8125px;\">\n<div class=\"gtx-trans-icon\"><\/div>\n<\/div>\n<p><\/span><\/span><\/p>","protected":false},"excerpt":{"rendered":"<p>Descri\u00e7\u00e3o geral do p\u00f3 430L O p\u00f3 430L \u00e9 um p\u00f3 de a\u00e7o inoxid\u00e1vel ferr\u00edtico que cont\u00e9m cr\u00f3mio 17% com adi\u00e7\u00f5es de molibd\u00e9nio e ni\u00f3bio para aumentar a resist\u00eancia \u00e0 corros\u00e3o. Proporciona um equil\u00edbrio \u00f3timo entre resist\u00eancia \u00e0 corros\u00e3o, for\u00e7a, soldabilidade e custo. Principais propriedades e vantagens do p\u00f3 430L: Propriedades e caracter\u00edsticas do p\u00f3 430L Propriedades Detalhes da propriedade Composi\u00e7\u00e3o da liga Fe-17Cr-Nb-Mo Densidade...<\/p>","protected":false},"featured_media":1835,"parent":0,"template":"","meta":{"_acf_changed":false,"_kad_blocks_custom_css":"","_kad_blocks_head_custom_js":"","_kad_blocks_body_custom_js":"","_kad_blocks_footer_custom_js":"","_kad_post_transparent":"","_kad_post_title":"","_kad_post_layout":"","_kad_post_sidebar_id":"","_kad_post_content_style":"","_kad_post_vertical_padding":"","_kad_post_feature":"","_kad_post_feature_position":"","_kad_post_header":false,"_kad_post_footer":false,"_kad_post_classname":""},"product-category":[119,122],"class_list":["post-3917","product","type-product","status-publish","has-post-thumbnail","hentry","product-category-3d-printing-metal-powder","product-category-iron-based-alloy-powder"],"acf":[],"taxonomy_info":{"product-category":[{"value":119,"label":"3D Printing Metal Powder"},{"value":122,"label":"Iron Based Alloy Powder"}]},"featured_image_src_large":["https:\/\/3dpmetal.com\/wp-content\/uploads\/2024\/02\/430L-Powder.jpg",600,600,false],"author_info":[],"comment_info":"","_links":{"self":[{"href":"https:\/\/3dpmetal.com\/pt\/wp-json\/wp\/v2\/product\/3917","targetHints":{"allow":["GET"]}}],"collection":[{"href":"https:\/\/3dpmetal.com\/pt\/wp-json\/wp\/v2\/product"}],"about":[{"href":"https:\/\/3dpmetal.com\/pt\/wp-json\/wp\/v2\/types\/product"}],"wp:featuredmedia":[{"embeddable":true,"href":"https:\/\/3dpmetal.com\/pt\/wp-json\/wp\/v2\/media\/1835"}],"wp:attachment":[{"href":"https:\/\/3dpmetal.com\/pt\/wp-json\/wp\/v2\/media?parent=3917"}],"wp:term":[{"taxonomy":"product-category","embeddable":true,"href":"https:\/\/3dpmetal.com\/pt\/wp-json\/wp\/v2\/product-category?post=3917"}],"curies":[{"name":"wp","href":"https:\/\/api.w.org\/{rel}","templated":true}]}}