{"id":3918,"date":"2024-03-18T06:10:14","date_gmt":"2024-03-18T06:10:14","guid":{"rendered":"https:\/\/3dp.45612300.xyz\/product\/317l-powder\/"},"modified":"2024-03-18T06:10:14","modified_gmt":"2024-03-18T06:10:14","slug":"317l-powder","status":"publish","type":"product","link":"https:\/\/3dpmetal.com\/pt\/product\/317l-powder\/","title":{"rendered":"P\u00f3 317L"},"content":{"rendered":"<p><span style=\"vertical-align: inherit;\"><span style=\"vertical-align: inherit;\"><\/p>\n<h2>Vis\u00e3o Geral do P\u00f3 317L<\/h2>\n<p class=\"whitespace-pre-wrap\">O p\u00f3 317L \u00e9 um p\u00f3 de a\u00e7o inoxid\u00e1vel austen\u00edtico contendo 18% de cromo, 3% de molibd\u00eanio e 0,08% de carbono. Ele oferece uma combina\u00e7\u00e3o excelente de resist\u00eancia \u00e0 corros\u00e3o, resist\u00eancia, soldabilidade e custo.<\/p>\n<p class=\"whitespace-pre-wrap\">As principais propriedades e vantagens do p\u00f3 317L incluem:<\/p>\n<p class=\"whitespace-pre-wrap\"><strong>Propriedades e Caracter\u00edsticas do P\u00f3 317L<\/strong><\/p>\n<table>\n<thead>\n<tr>\n<th>Propriedades<\/th>\n<th>Detalhes<\/th>\n<\/tr>\n<\/thead>\n<tbody>\n<tr>\n<td>Composi\u00e7\u00e3o<\/td>\n<td>Fe-18Cr-3Mo-0,08C<\/td>\n<\/tr>\n<tr>\n<td>Densidade<\/td>\n<td>8,0 g\/cc<\/td>\n<\/tr>\n<tr>\n<td>Forma da part\u00edcula<\/td>\n<td>Irregular e com \u00e2ngulos<\/td>\n<\/tr>\n<tr>\n<td>Intervalo de tamanho<\/td>\n<td>10-150 m\u00edcrons<\/td>\n<\/tr>\n<tr>\n<td>Densidade Aparente<\/td>\n<td>At\u00e9 50% da verdadeira densidade<\/td>\n<\/tr>\n<tr>\n<td>Capacidade de escoamento<\/td>\n<td>Moderada<\/td>\n<\/tr>\n<tr>\n<td>Resist\u00eancia \u00e0 corros\u00e3o<\/td>\n<td>Excelente em muitos ambientes<\/td>\n<\/tr>\n<tr>\n<td>Fortalecimento<\/td>\n<td>Trabalho a frio e fortalecimento da solu\u00e7\u00e3o s\u00f3lida<\/td>\n<\/tr>\n<\/tbody>\n<\/table>\n<p class=\"whitespace-pre-wrap\">O p\u00f3 317L \u00e9 amplamente usado no processamento qu\u00edmico, em aplica\u00e7\u00f5es marinhas, na ind\u00fastria de papel e celulose, em gera\u00e7\u00e3o de energia nuclear e em recursos arquitet\u00f4nicos que precisam de resist\u00eancia \u00e0 corros\u00e3o.<\/p>\n<h2>Composi\u00e7\u00e3o do p\u00f3 317L<\/h2>\n<p class=\"whitespace-pre-wrap\">Composi\u00e7\u00e3o t\u00edpica do p\u00f3 de a\u00e7o inoxid\u00e1vel 317L:<\/p>\n<p class=\"whitespace-pre-wrap\"><strong>Composi\u00e7\u00e3o do p\u00f3 317L<\/strong><\/p>\n<table>\n<thead>\n<tr>\n<th>Elemento<\/th>\n<th>Peso %<\/th>\n<\/tr>\n<\/thead>\n<tbody>\n<tr>\n<td>Ferro (Fe)<\/td>\n<td>Equil\u00edbrio<\/td>\n<\/tr>\n<tr>\n<td>Cr\u00f3mio (Cr)<\/td>\n<td>17-19%<\/td>\n<\/tr>\n<tr>\n<td>N\u00edquel (Ni)<\/td>\n<td>11-15%<\/td>\n<\/tr>\n<tr>\n<td>Molibd\u00eanio (Mo)<\/td>\n<td>2.5-3.5%<\/td>\n<\/tr>\n<tr>\n<td>Mangan\u00eas (Mn)<\/td>\n<td>&lt;2%<\/td>\n<\/tr>\n<tr>\n<td>Carbono (C)<\/td>\n<td>M\u00e1x. 0,08%<\/td>\n<\/tr>\n<tr>\n<td>Sil\u00edcio (Si)<\/td>\n<td>M\u00e1ximo 1%<\/td>\n<\/tr>\n<tr>\n<td>Nitrog\u00eanio (N)<\/td>\n<td>0,10% m\u00e1x.<\/td>\n<\/tr>\n<tr>\n<td>Enxofre (S)<\/td>\n<td>0,03% m\u00e1x.<\/td>\n<\/tr>\n<\/tbody>\n<\/table>\n<ul class=\"list-disc pl-8 space-y-2\">\n<li class=\"whitespace-normal\">O ferro garante a resist\u00eancia da matriz ferr\u00edtica e a ductilidade<\/li>\n<li class=\"whitespace-normal\">O Chromium aumenta a resist\u00eancia a corros\u00e3o e \u00e0 oxida\u00e7\u00e3o<\/li>\n<li class=\"whitespace-normal\">O n\u00edquel estabiliza a estrutura austen\u00edtica<\/li>\n<li class=\"whitespace-normal\">O molibd\u00eanio aumenta ainda mais a resist\u00eancia \u00e0 corros\u00e3o por pites<\/li>\n<li class=\"whitespace-normal\">Carbono, nitrog\u00eanio e enxofre controlados como elementos indesej\u00e1veis<\/li>\n<\/ul>\n<p class=\"whitespace-pre-wrap\">A composi\u00e7\u00e3o fornece um excelente equil\u00edbrio de resist\u00eancia \u00e0 corros\u00e3o, maleabilidade, soldabilidade e custo.<\/p>\n<p><img loading=\"lazy\" decoding=\"async\" class=\"size-medium wp-image-1409 aligncenter\" src=\"https:\/\/met3dp.com\/wp-content\/uploads\/2023\/09\/ed7a94ec-3c10-4b1b-87ed--300x300.jpg\" alt=\"P\u00f3 317L\" width=\"300\" height=\"300\" title=\"\"><\/p>\n<h2>Propriedades F\u00edsicas do P\u00f3 317L<\/h2>\n<p class=\"whitespace-pre-wrap\"><strong>Propriedades F\u00edsicas do P\u00f3 317L<\/strong><\/p>\n<table>\n<thead>\n<tr>\n<th>Propriedade<\/th>\n<th>Valores<\/th>\n<\/tr>\n<\/thead>\n<tbody>\n<tr>\n<td>Densidade<\/td>\n<td>8,0 g\/cc<\/td>\n<\/tr>\n<tr>\n<td>Ponto de Fus\u00e3o<\/td>\n<td>1370-1400\u00a1\u00abC<\/td>\n<\/tr>\n<tr>\n<td>Resistividade el\u00e9trica<\/td>\n<td>0,8 \u00c3\u2026\u00b4\u00ce-m<\/td>\n<\/tr>\n<tr>\n<td>Condutividade t\u00e9rmica<\/td>\n<td>16 W\/mK<\/td>\n<\/tr>\n<tr>\n<td>Expans\u00e3o t\u00e9rmica<\/td>\n<td>16 x 10^-6 \/K<\/td>\n<\/tr>\n<tr>\n<td>Temperatura m\u00e1xima de servi\u00e7o<\/td>\n<td>900\u00a1\u00abC<\/td>\n<\/tr>\n<\/tbody>\n<\/table>\n<ul class=\"list-disc pl-8 space-y-2\">\n<li class=\"whitespace-normal\">Dureza elevada em compara\u00e7\u00e3o aos a\u00e7os inoxid\u00e1veis ferr\u00edticos<\/li>\n<li class=\"whitespace-normal\">Mant\u00e9m resist\u00eancia e resist\u00eancia \u00e0 corros\u00e3o em temperaturas elevadas<\/li>\n<li class=\"whitespace-normal\">Resistividade superior ao ferro puro ou aos a\u00e7os de carbono<\/li>\n<li class=\"whitespace-normal\">Condutividade t\u00e9rmica menor que a do a\u00e7o carbono<\/li>\n<li class=\"whitespace-normal\">Pode suportar servi\u00e7os cont\u00ednuos de at\u00e9 900\u00a1\u00abC<\/li>\n<\/ul>\n<p class=\"whitespace-pre-wrap\">As propriedades f\u00edsicas tornam 317L adequado para aplica\u00e7\u00f5es em alta temperatura que necessitam de resist\u00eancia \u00e0 corros\u00e3o.<\/p>\n<h2>Propriedades mec\u00e2nicas do p\u00f3 317L<\/h2>\n<p class=\"whitespace-pre-wrap\"><strong>Propriedades mec\u00e2nicas do p\u00f3 317L<\/strong><\/p>\n<table>\n<thead>\n<tr>\n<th>Propriedade<\/th>\n<th>Valores<\/th>\n<\/tr>\n<\/thead>\n<tbody>\n<tr>\n<td>Resist\u00eancia \u00e0 tra\u00e7\u00e3o<\/td>\n<td>515-620 MPa<\/td>\n<\/tr>\n<tr>\n<td>Resist\u00eancia ao escoamento<\/td>\n<td>205-275 MPa<\/td>\n<\/tr>\n<tr>\n<td>Elonga\u00e7\u00e3o<\/td>\n<td>40-50%<\/td>\n<\/tr>\n<tr>\n<td>Dureza<\/td>\n<td>88-95 FC<\/td>\n<\/tr>\n<tr>\n<td>Resist\u00eancia ao impacto<\/td>\n<td>100-150 J<\/td>\n<\/tr>\n<tr>\n<td>M\u00f3dulo de elasticidade<\/td>\n<td>190-210 GPa<\/td>\n<\/tr>\n<\/tbody>\n<\/table>\n<ul class=\"list-disc pl-8 space-y-2\">\n<li class=\"whitespace-normal\">Excelente combina\u00e7\u00e3o de resist\u00eancia e ductilidade<\/li>\n<li class=\"whitespace-normal\">Pode ser endurecido significativamente para aumento da for\u00e7a<\/li>\n<li class=\"whitespace-normal\">Resist\u00eancia muito alta e resist\u00eancia a impacto<\/li>\n<li class=\"whitespace-normal\">A resist\u00eancia mec\u00e2nica pode ser aprimorada por meio de deforma\u00e7\u00e3o a frio<\/li>\n<li class=\"whitespace-normal\">A dureza \u00e9 relativamente baixa em condi\u00e7\u00e3o recozida<\/li>\n<\/ul>\n<p class=\"whitespace-pre-wrap\">As propriedades fornecem um excelente balan\u00e7o de resist\u00eancia, ductilidade e tenacidade exigidos por muitos ambientes corrosivos.<\/p>\n<h2>Aplica\u00e7\u00f5es em p\u00f3 317L<\/h2>\n<p class=\"whitespace-pre-wrap\">As aplica\u00e7\u00f5es t\u00edpicas do a\u00e7o inoxid\u00e1vel 317L em p\u00f3 incluem:<\/p>\n<p class=\"whitespace-pre-wrap\"><strong>Aplica\u00e7\u00f5es em p\u00f3 317L<\/strong><\/p>\n<table>\n<thead>\n<tr>\n<th>Ind\u00fastria<\/th>\n<th>Usos de Exemplo<\/th>\n<\/tr>\n<\/thead>\n<tbody>\n<tr>\n<td>Qu\u00edmico<\/td>\n<td>Tanques, v\u00e1lvulas, tubula\u00e7\u00f5es, bombas<\/td>\n<\/tr>\n<tr>\n<td>Petroqu\u00edmica<\/td>\n<td>Equipamentos de processo, tubula\u00e7\u00e3o, v\u00e1lvulas<\/td>\n<\/tr>\n<tr>\n<td>Marinha<\/td>\n<td>Eixos propulsores, parafusos e fixadores, equipamentos de conv\u00e9s<\/td>\n<\/tr>\n<tr>\n<td>Nuclear translates to \"nuclear\" in Portuguese.<\/td>\n<td>Vasos de reatores, revestimento do elemento combust\u00edvel<\/td>\n<\/tr>\n<tr>\n<td>Arquitet\u00f4nico<\/td>\n<td>Grades, Pain\u00e9is de Parede, Cobertura<\/td>\n<\/tr>\n<\/tbody>\n<\/table>\n<p class=\"whitespace-pre-wrap\">Alguns usos espec\u00edficos do produto:<\/p>\n<ul class=\"list-disc pl-8 space-y-2\">\n<li class=\"whitespace-normal\">Equipamento de controle de polui\u00e7\u00e3o que manipula \u00e1cidos quentes<\/li>\n<li class=\"whitespace-normal\">Estruturas internas do reator nuclear.<\/li>\n<li class=\"whitespace-normal\">Eixos de h\u00e9lices marinhas, acess\u00f3rios de conv\u00e9s<\/li>\n<li class=\"whitespace-normal\">Tubula\u00e7\u00e3o e v\u00e1lvulas da ind\u00fastria de papel e celulose<\/li>\n<li class=\"whitespace-normal\">Pain\u00e9is arquitet\u00f4nicos, telhados, revestimentos<\/li>\n<\/ul>\n<p class=\"whitespace-pre-wrap\">A sua excelente resist\u00eancia \u00e0 corros\u00e3o, combinada com uma boa capacidade de fabrica\u00e7\u00e3o, faz com que 317L seja amplamente usado em ind\u00fastrias exigentes.<\/p>\n<h2>Especifica\u00e7\u00f5es de p\u00f3 317L<\/h2>\n<p class=\"whitespace-pre-wrap\">Especifica\u00e7\u00f5es e normas relevantes:<\/p>\n<p class=\"whitespace-pre-wrap\"><strong>Padr\u00f5es de P\u00f3 317L<\/strong><\/p>\n<table>\n<thead>\n<tr>\n<th>Padr\u00e3o<\/th>\n<th>Descri\u00e7\u00e3o<\/th>\n<\/tr>\n<\/thead>\n<tbody>\n<tr>\n<td>ASTM A276<\/td>\n<td>Norma para barras e formas de a\u00e7o inoxid\u00e1vel<\/td>\n<\/tr>\n<tr>\n<td>ASTM A479<\/td>\n<td>Norma para tubos de a\u00e7o inoxid\u00e1vel<\/td>\n<\/tr>\n<tr>\n<td>AMS 5524<\/td>\n<td>Tarugos, fios e pe\u00e7as forjadas de a\u00e7o inoxid\u00e1vel recozidos<\/td>\n<\/tr>\n<tr>\n<td>ASME SA-276<\/td>\n<td>Especifica\u00e7\u00e3o para barras e perfis de a\u00e7o inoxid\u00e1vel<\/td>\n<\/tr>\n<tr>\n<td>SI 630<\/td>\n<td>Norma para a\u00e7o inoxid\u00e1vel endurec\u00edvel por precipita\u00e7\u00e3o 17Cr-4Ni<\/td>\n<\/tr>\n<\/tbody>\n<\/table>\n<p class=\"whitespace-pre-wrap\">Estas normas definem:<\/p>\n<ul class=\"list-disc pl-8 space-y-2\">\n<li class=\"whitespace-normal\">Limites de composi\u00e7\u00e3o qu\u00edmica da liga 317L<\/li>\n<li class=\"whitespace-normal\">N\u00edveis de impureza permitidos como S, P<\/li>\n<li class=\"whitespace-normal\">Propriedades mec\u00e2nicas necess\u00e1rias<\/li>\n<li class=\"whitespace-normal\">M\u00e9todos de Produ\u00e7\u00e3o Aprovados<\/li>\n<li class=\"whitespace-normal\">Protocolos de testes de conformidade<\/li>\n<li class=\"whitespace-normal\">Embalagem adequada, rotulagem e documenta\u00e7\u00e3o<\/li>\n<\/ul>\n<p class=\"whitespace-pre-wrap\">Encontrar os requisitos da certifica\u00e7\u00e3o garante o uso do p\u00f3 nas devidas aplica\u00e7\u00f5es.<\/p>\n<h2>317L Tamanhos de Part\u00edculas de P\u00f3<\/h2>\n<p class=\"whitespace-pre-wrap\"><strong>Distribui\u00e7\u00e3o granulom\u00e9trica de p\u00f3 317L<\/strong><\/p>\n<table>\n<thead>\n<tr>\n<th>Tamanho da part\u00edcula<\/th>\n<th>Caracter\u00edsticas<\/th>\n<\/tr>\n<\/thead>\n<tbody>\n<tr>\n<td>10-45 m\u00edcrons<\/td>\n<td>Qualidade ultrafina para alta densidade e acabamento de superf\u00edcie<\/td>\n<\/tr>\n<tr>\n<td>45 - 150 microns<\/td>\n<td>A granulometria grossa proporciona boa fluidez<\/td>\n<\/tr>\n<tr>\n<td>15-150 micra<\/td>\n<td>Grau padr\u00e3o para prensagem e sinteriza\u00e7\u00e3o<\/td>\n<\/tr>\n<\/tbody>\n<\/table>\n<ul class=\"list-disc pl-8 space-y-2\">\n<li class=\"whitespace-normal\">Part\u00edculas mais finas permitem uma maior densifica\u00e7\u00e3o durante a sinteriza\u00e7\u00e3o<\/li>\n<li class=\"whitespace-normal\">P\u00f3s mais grossos fluem melhor e preenchem as cavidades da matriz uniformemente<\/li>\n<li class=\"whitespace-normal\">A escala de tamanho \u00e9 personalizada com base nas propriedades finais da pe\u00e7a<\/li>\n<li class=\"whitespace-normal\">P\u00f3s atomizados a g\u00e1s ou \u00e1gua est\u00e3o dispon\u00edveis<\/li>\n<\/ul>\n<p class=\"whitespace-pre-wrap\">Controlar a distribui\u00e7\u00e3o do tamanho das part\u00edculas permite otimizar o comportamento do processamento e o desempenho final da pe\u00e7a.<\/p>\n<h2>Densidade Aparente do P\u00f3 317L<\/h2>\n<p class=\"whitespace-pre-wrap\"><strong>Densidade Aparente do P\u00f3 317L<\/strong><\/p>\n<table>\n<thead>\n<tr>\n<th>Densidade Aparente<\/th>\n<th>Detalhes<\/th>\n<\/tr>\n<\/thead>\n<tbody>\n<tr>\n<td>At\u00e9 50% da verdadeira densidade<\/td>\n<td>Para morfologia de p\u00f3 irregular<\/td>\n<\/tr>\n<tr>\n<td>4,5-5,5 g\/cc typical<\/td>\n<td>Melhora com maior densidade da embalagem<\/td>\n<\/tr>\n<\/tbody>\n<\/table>\n<ul class=\"list-disc pl-8 space-y-2\">\n<li class=\"whitespace-normal\">Densidade aparente maior, melhora o fluxo e a compressibilidade do p\u00f3<\/li>\n<li class=\"whitespace-normal\">A morfologia irregular limita a densidade m\u00e1xima de compacta\u00e7\u00e3o<\/li>\n<li class=\"whitespace-normal\">Valores de at\u00e9 60% s\u00e3o poss\u00edveis com p\u00f3 esf\u00e9rico<\/li>\n<li class=\"whitespace-normal\">Alta densidade aparente melhora a efici\u00eancia do preenchimento da prensa<\/li>\n<\/ul>\n<p class=\"whitespace-pre-wrap\">Densidade aparente mais alta promove melhor produtividade de fabrica\u00e7\u00e3o e qualidade da pe\u00e7a.<\/p>\n<h2>M\u00e9todo de Produ\u00e7\u00e3o de P\u00f3 317L<\/h2>\n<p class=\"whitespace-pre-wrap\"><strong>Produ\u00e7\u00e3o de p\u00f3 317L<\/strong><\/p>\n<table>\n<thead>\n<tr>\n<th>M\u00e9todo<\/th>\n<th>Detalhes<\/th>\n<\/tr>\n<\/thead>\n<tbody>\n<tr>\n<td>Atomiza\u00e7\u00e3o de g\u00e1s<\/td>\n<td>G\u00e1s inerte de alta press\u00e3o quebra o fluxo de metal fundido em pequenas got\u00edculas.<\/td>\n<\/tr>\n<tr>\n<td>Atomiza\u00e7\u00e3o da \u00c1gua<\/td>\n<td>Jactos de \u00e1gua a alta press\u00e3o quebram o metal em part\u00edculas finas<\/td>\n<\/tr>\n<tr>\n<td>Fus\u00e3o por indu\u00e7\u00e3o a v\u00e1cuo<\/td>\n<td>Materiais de entrada de alta pureza derretidos sob v\u00e1cuo.<\/td>\n<\/tr>\n<tr>\n<td>Remelting m\u00faltiple<\/td>\n<td>Melhora a homogeneiza\u00e7\u00e3o qu\u00edmica<\/td>\n<\/tr>\n<tr>\n<td>Peneira\u00e7\u00e3o<\/td>\n<td>Classifica p\u00f3 em diferentes faixas de tamanho de part\u00edcula<\/td>\n<\/tr>\n<\/tbody>\n<\/table>\n<ul class=\"list-disc pl-8 space-y-2\">\n<li class=\"whitespace-normal\">Atomiza\u00e7\u00e3o de g\u00e1s proporciona morfologia de p\u00f3 esf\u00e9rico e limpo<\/li>\n<li class=\"whitespace-normal\">Atomiza\u00e7\u00e3o de \u00e1gua \u00e9 um processo de menor custo com part\u00edculas irregulares<\/li>\n<li class=\"whitespace-normal\">A fundi\u00e7\u00e3o e refus\u00e3o a v\u00e1cuo minimizam as impurezas gasosas<\/li>\n<li class=\"whitespace-normal\">O p\u00f3s-processamento permite a personaliza\u00e7\u00e3o dos tamanhos de part\u00edculas<\/li>\n<\/ul>\n<p class=\"whitespace-pre-wrap\">A produ\u00e7\u00e3o automatizada e o rigoroso controle de qualidade resultam em p\u00f3 consistente adequado para aplica\u00e7\u00f5es cr\u00edticas.<\/p>\n<h2>Pre\u00e7o do p\u00f3 317L<\/h2>\n<p class=\"whitespace-pre-wrap\"><strong>Pre\u00e7o do p\u00f3 317L<\/strong><\/p>\n<table>\n<thead>\n<tr>\n<th>Fator<\/th>\n<th>Impacto no pre\u00e7o<\/th>\n<\/tr>\n<\/thead>\n<tbody>\n<tr>\n<td>N\u00edvel de pureza<\/td>\n<td>Maior pureza aumenta o custo<\/td>\n<\/tr>\n<tr>\n<td>Morfologia de p\u00f3<\/td>\n<td>P\u00f3 esf\u00e9rico custa mais que irregular<\/td>\n<\/tr>\n<tr>\n<td>Tamanho da part\u00edcula<\/td>\n<td>P\u00f3 ultrafino mais caro<\/td>\n<\/tr>\n<tr>\n<td>Volume da ordem<\/td>\n<td>Maiores quantidades t\u00eam um pre\u00e7o unit\u00e1rio mais baixo<\/td>\n<\/tr>\n<tr>\n<td>Servi\u00e7os adicionais<\/td>\n<td>Personaliza\u00e7\u00e3o adiciona custo<\/td>\n<\/tr>\n<\/tbody>\n<\/table>\n<p class=\"whitespace-pre-wrap\"><strong>Pre\u00e7o Indicativo<\/strong><\/p>\n<ul class=\"list-disc pl-8 space-y-2\">\n<li class=\"whitespace-normal\">P\u00f3 317L Irregular: $6-10 por kg<\/li>\n<li class=\"whitespace-normal\">P\u00f3 esf\u00e9rico 317L: $ 10-15 por kg<\/li>\n<li class=\"whitespace-normal\">Pre\u00e7os de grandes volumes podem ser 30-50% menores<\/li>\n<\/ul>\n<p class=\"whitespace-pre-wrap\">O pre\u00e7o depende da pureza, das caracter\u00edsticas das part\u00edculas, do volume do pedido e das necessidades de personaliza\u00e7\u00e3o.<\/p>\n<h2>Fornecedores de p\u00f3 317L<\/h2>\n<p class=\"whitespace-pre-wrap\"><strong>Fornecedores de p\u00f3 317L<\/strong><\/p>\n<table>\n<thead>\n<tr>\n<th>Empresa<\/th>\n<th>Local<\/th>\n<\/tr>\n<\/thead>\n<tbody>\n<tr>\n<td>H?gan?s<\/td>\n<td>Su\u00e9cia<\/td>\n<\/tr>\n<tr>\n<td>Sandvik<\/td>\n<td>Alemanha<\/td>\n<\/tr>\n<tr>\n<td>CNP P\u00f3<\/td>\n<td>China<\/td>\n<\/tr>\n<tr>\n<td>Produtos em P\u00f3 de Carpinteiro<\/td>\n<td>EUA<\/td>\n<\/tr>\n<tr>\n<td>Erasteel<\/td>\n<td>Fran\u00e7a<\/td>\n<\/tr>\n<tr>\n<td>Daido Steel<\/td>\n<td>Jap\u00e3o<\/td>\n<\/tr>\n<\/tbody>\n<\/table>\n<p class=\"whitespace-pre-wrap\">Factores-chave para a sele\u00e7\u00e3o de fornecedores:<\/p>\n<ul class=\"list-disc pl-8 space-y-2\">\n<li class=\"whitespace-normal\">Graus de p\u00f3 oferecidos<\/li>\n<li class=\"whitespace-normal\">capacidade de produ\u00e7\u00e3o<\/li>\n<li class=\"whitespace-normal\">Faixa de tamanho e morfologia das part\u00edculas<\/li>\n<li class=\"whitespace-normal\">Relat\u00f3rios de an\u00e1lise de lote<\/li>\n<li class=\"whitespace-normal\">Pre\u00e7os e quantidade m\u00ednima do pedido<\/li>\n<li class=\"whitespace-normal\">Servi\u00e7os de personaliza\u00e7\u00e3o<\/li>\n<li class=\"whitespace-normal\">Tempos de entrega e confiabilidade<\/li>\n<\/ul>\n<h2>Manuseio e Armazenamento de P\u00f3 317L<\/h2>\n<p class=\"whitespace-pre-wrap\"><strong>Manuseio de P\u00f3 317L<\/strong><\/p>\n<table>\n<thead>\n<tr>\n<th>Recomenda\u00e7\u00e3o<\/th>\n<th>Raz\u00e3o<\/th>\n<\/tr>\n<\/thead>\n<tbody>\n<tr>\n<td>Use EPI e ventila\u00e7\u00e3o<\/td>\n<td>Evite a exposi\u00e7\u00e3o a part\u00edculas met\u00e1licas finas<\/td>\n<\/tr>\n<tr>\n<td>Garantir aterramento adequado<\/td>\n<td>Impe\u00e7a descarga est\u00e1tica ao manusear<\/td>\n<\/tr>\n<tr>\n<td>Evite fontes de igni\u00e7\u00e3o<\/td>\n<td>Os p\u00f3s podem entrar em combust\u00e3o no ambiente com oxig\u00eanio<\/td>\n<\/tr>\n<tr>\n<td>Utilize ferramentas antifa\u00edsca<\/td>\n<td>Prevenir possibilidade de igni\u00e7\u00e3o<\/td>\n<\/tr>\n<tr>\n<td>Siga os protocolos de seguran\u00e7a<\/td>\n<td>Reduz o risco de queimaduras, inala\u00e7\u00e3o, ingest\u00e3o<\/td>\n<\/tr>\n<tr>\n<td>Armazenar em recipientes est\u00e1veis<\/td>\n<td>Evite contamina\u00e7\u00e3o ou oxida\u00e7\u00e3o<\/td>\n<\/tr>\n<\/tbody>\n<\/table>\n<p class=\"whitespace-pre-wrap\">Como o p\u00f3 317L \u00e9 inflam\u00e1vel, os riscos de igni\u00e7\u00e3o e explos\u00e3o devem ser controlados durante o manuseio e o armazenamento. Caso contr\u00e1rio, \u00e9 relativamente seguro com as devidas precau\u00e7\u00f5es.<\/p>\n<h2>Inspe\u00e7\u00e3o e Teste de P\u00f3 317L<\/h2>\n<p class=\"whitespace-pre-wrap\"><strong>Teste de P\u00f3 317L<\/strong><\/p>\n<table>\n<thead>\n<tr>\n<th>Teste<\/th>\n<th>Detalhes<\/th>\n<\/tr>\n<\/thead>\n<tbody>\n<tr>\n<td>An\u00e1lises qu\u00edmicas<\/td>\n<td>ICP e XRF comprovam composi\u00e7\u00e3o<\/td>\n<\/tr>\n<tr>\n<td>Distribui\u00e7\u00e3o de Tamanho de Part\u00edculas<\/td>\n<td>Difra\u00e7\u00e3o laser determina distribui\u00e7\u00e3o de tamanho<\/td>\n<\/tr>\n<tr>\n<td>Densidade Aparente<\/td>\n<td>Teste de flux\u00f4metro de Hall conforme ao padr\u00e3o ASTM B212<\/td>\n<\/tr>\n<tr>\n<td>Morfologia de p\u00f3<\/td>\n<td>Imagens de microscopia eletr\u00f4nica de varredura mostram a forma das part\u00edculas<\/td>\n<\/tr>\n<tr>\n<td>An\u00e1lise da taxa de fluxo<\/td>\n<td>Vaz\u00e3o de fluxo por gravidade pelo bocal especificado<\/td>\n<\/tr>\n<tr>\n<td>Perda por igni\u00e7\u00e3o<\/td>\n<td>Determina o conte\u00fado de umidade residual<\/td>\n<\/tr>\n<\/tbody>\n<\/table>\n<p class=\"whitespace-pre-wrap\">Testes rigorosos asseguram o p\u00f3 que atende os requisitos de pureza qu\u00edmica, caracter\u00edsticas de part\u00edculas, densidade, morfologia e fluidez por especifica\u00e7\u00f5es aplic\u00e1veis.<\/p>\n<h2>Pr\u00f3s e contras do p\u00f3 317L<\/h2>\n<p class=\"whitespace-pre-wrap\"><strong>Vantagens do P\u00f3 317L<\/strong><\/p>\n<ul class=\"list-disc pl-8 space-y-2\">\n<li class=\"whitespace-normal\">Excelente resist\u00eancia \u00e0 corros\u00e3o em muitos ambientes<\/li>\n<li class=\"whitespace-normal\">Resist\u00eancia \u00e0 oxida\u00e7\u00e3o e \u00e0 alta temperatura<\/li>\n<li class=\"whitespace-normal\">Boa ductilidade, tenacidade e soldabilidade<\/li>\n<li class=\"whitespace-normal\">Mais rent\u00e1vel do que os n\u00edquel austen\u00edtico de alto teor<\/li>\n<li class=\"whitespace-normal\">Ductilidade com facilidade por meio de t\u00e9cnicas convencionais<\/li>\n<li class=\"whitespace-normal\">Pode ser endurecido atrav\u00e9s de trabalho a frio\/quente<\/li>\n<\/ul>\n<p class=\"whitespace-pre-wrap\"><strong>**Desvantagens do p\u00f3 317L**<\/strong><\/p>\n<ul class=\"list-disc pl-8 space-y-2\">\n<li class=\"whitespace-normal\">Resist\u00eancia \u00e0 flu\u00eancia a altas temperaturas mais baixa que alguns padr\u00f5es ferr\u00edticos<\/li>\n<li class=\"whitespace-normal\">Menor dureza e resist\u00eancia ao desgaste que os graus martens\u00edticos<\/li>\n<li class=\"whitespace-normal\">Suscept\u00edvel ao cracking por corros\u00e3o sob tens\u00e3o por cloreto<\/li>\n<li class=\"whitespace-normal\">Requer recozimento p\u00f3s-soldagem para evitar sensibiliza\u00e7\u00e3o<\/li>\n<li class=\"whitespace-normal\">Capacidade limitada de conforma\u00e7\u00e3o e cabe\u00e7oteamento a frio<\/li>\n<li class=\"whitespace-normal\">Descolora\u00e7\u00e3o superficial ao longo do tempo em exposi\u00e7\u00e3o externa<\/li>\n<\/ul>\n<h2>Compara\u00e7\u00e3o com o p\u00f3 316L<\/h2>\n<p class=\"whitespace-pre-wrap\"><strong>P\u00f3 de a\u00e7o inoxid\u00e1vel 317L vs 316L<\/strong><\/p>\n<table>\n<thead>\n<tr>\n<th>Par\u00e2metros<\/th>\n<th>317L<\/th>\n<th>316L<\/th>\n<\/tr>\n<\/thead>\n<tbody>\n<tr>\n<td>Densidade<\/td>\n<td>8,0 g\/cc<\/td>\n<td>8,0 g\/cc<\/td>\n<\/tr>\n<tr>\n<td>For\u00e7a<\/td>\n<td>515-620 MPa<\/td>\n<td>485-550 MPa<\/td>\n<\/tr>\n<tr>\n<td>Resist\u00eancia \u00e0 corros\u00e3o<\/td>\n<td>Excelente<\/td>\n<td>Excelente<\/td>\n<\/tr>\n<tr>\n<td>A resist\u00eancia \u00e0 corros\u00e3o alveola<\/td>\n<td>Muito bom<\/td>\n<td>Excelente<\/td>\n<\/tr>\n<tr>\n<td>Custo<\/td>\n<td>Baixo<\/td>\n<td>Alto<\/td>\n<\/tr>\n<tr>\n<td>Uso<\/td>\n<td>Ind\u00fastria de processamento, marinho<\/td>\n<td>Qu\u00edmica, farmac\u00eautico<\/td>\n<\/tr>\n<\/tbody>\n<\/table>\n<ul class=\"list-disc pl-8 space-y-2\">\n<li class=\"whitespace-normal\">317L oferece maior resist\u00eancia a um custo menor<\/li>\n<li class=\"whitespace-normal\">316L oferece maior resist\u00eancia \u00e0 corros\u00e3o por pites<\/li>\n<li class=\"whitespace-normal\">317L apresenta boa resist\u00eancia \u00e0 corros\u00e3o sob tens\u00e3o de cloreto<\/li>\n<li class=\"whitespace-normal\">316L predileto para ambientes ultracorrosivos<\/li>\n<li class=\"whitespace-normal\">317L apropriado para as aplica\u00e7\u00f5es marinhas e ind\u00fastria nuclear<\/li>\n<\/ul>\n<h2>317L Powder - Perguntas frequentes<\/h2>\n<p class=\"whitespace-pre-wrap\"><strong>P: Quais s\u00e3o as principais aplica\u00e7\u00f5es do p\u00f3 de a\u00e7o inoxid\u00e1vel 317L?<\/strong><\/p>\n<p class=\"whitespace-pre-wrap\">R: As principais aplica\u00e7\u00f5es incluem processamento qu\u00edmico, petroqu\u00edmica, mar\u00edtimo, nuclear, celulose e papel e arquitetura. \u00c9 usado para equipamentos como tanques, v\u00e1lvulas, tubos, bombas, eixos e revestimentos.<\/p>\n<p class=\"whitespace-pre-wrap\"><strong>P: Quais precau\u00e7\u00f5es devem ser tomadas ao manusear o p\u00f3 317L?<\/strong><\/p>\n<p class=\"whitespace-pre-wrap\">A: As precau\u00e7\u00f5es recomendadas incluem ventila\u00e7\u00e3o, aterramento, evitar fontes de igni\u00e7\u00e3o, usar ferramentas que n\u00e3o produzam fa\u00edscas, equipamento de prote\u00e7\u00e3o, armazenamento seguro e controle da exposi\u00e7\u00e3o \u00e0 poeira.<\/p>\n<p class=\"whitespace-pre-wrap\"><strong>P: De que forma o molibd\u00eanio melhora a resist\u00eancia \u00e0 corros\u00e3o do 317L?<\/strong><\/p>\n<p class=\"whitespace-pre-wrap\">R: O molibd\u00eanio melhora o pitting e a resist\u00eancia \u00e0 corros\u00e3o por fresta em ambientes de cloreto. Ele estabiliza o filme passivo que protege a superf\u00edcie.<\/p>\n<p class=\"whitespace-pre-wrap\"><strong>P: Qual a principal diferen\u00e7a entre os p\u00f3s de a\u00e7o inoxid\u00e1vel 304L e 317L?<\/strong><\/p>\n<p class=\"whitespace-pre-wrap\">A: 317L cont\u00e9m 3% de molibd\u00eanio, o que lhe confere uma resist\u00eancia \u00e0 corros\u00e3o significativamente melhor em compara\u00e7\u00e3o com o 304L, especialmente em ambientes marinhos e de cloreto.<\/p>\n<p><\/span><\/span><\/p>","protected":false},"excerpt":{"rendered":"<p>Vis\u00e3o geral do p\u00f3 317L O p\u00f3 317L \u00e9 um p\u00f3 de a\u00e7o inoxid\u00e1vel austen\u00edtico que cont\u00e9m 18% de cr\u00f3mio, 3% de molibd\u00e9nio e 0,08% de carbono. Oferece uma excelente combina\u00e7\u00e3o de resist\u00eancia \u00e0 corros\u00e3o, for\u00e7a, soldabilidade e custo. As principais propriedades e vantagens do p\u00f3 317L incluem: Propriedades e caracter\u00edsticas do p\u00f3 317L Propriedades Detalhes da composi\u00e7\u00e3o Composi\u00e7\u00e3o da liga Fe-18Cr-3Mo-0.08C Densidade 8.0 g\/cc Forma da part\u00edcula...<\/p>","protected":false},"featured_media":1837,"parent":0,"template":"","meta":{"_acf_changed":false,"_kad_blocks_custom_css":"","_kad_blocks_head_custom_js":"","_kad_blocks_body_custom_js":"","_kad_blocks_footer_custom_js":"","_kad_post_transparent":"","_kad_post_title":"","_kad_post_layout":"","_kad_post_sidebar_id":"","_kad_post_content_style":"","_kad_post_vertical_padding":"","_kad_post_feature":"","_kad_post_feature_position":"","_kad_post_header":false,"_kad_post_footer":false,"_kad_post_classname":""},"product-category":[119,122],"class_list":["post-3918","product","type-product","status-publish","has-post-thumbnail","hentry","product-category-3d-printing-metal-powder","product-category-iron-based-alloy-powder"],"acf":[],"taxonomy_info":{"product-category":[{"value":119,"label":"3D Printing Metal Powder"},{"value":122,"label":"Iron Based Alloy Powder"}]},"featured_image_src_large":["https:\/\/3dpmetal.com\/wp-content\/uploads\/2024\/02\/317L-Powder.jpg",600,600,false],"author_info":[],"comment_info":"","_links":{"self":[{"href":"https:\/\/3dpmetal.com\/pt\/wp-json\/wp\/v2\/product\/3918","targetHints":{"allow":["GET"]}}],"collection":[{"href":"https:\/\/3dpmetal.com\/pt\/wp-json\/wp\/v2\/product"}],"about":[{"href":"https:\/\/3dpmetal.com\/pt\/wp-json\/wp\/v2\/types\/product"}],"wp:featuredmedia":[{"embeddable":true,"href":"https:\/\/3dpmetal.com\/pt\/wp-json\/wp\/v2\/media\/1837"}],"wp:attachment":[{"href":"https:\/\/3dpmetal.com\/pt\/wp-json\/wp\/v2\/media?parent=3918"}],"wp:term":[{"taxonomy":"product-category","embeddable":true,"href":"https:\/\/3dpmetal.com\/pt\/wp-json\/wp\/v2\/product-category?post=3918"}],"curies":[{"name":"wp","href":"https:\/\/api.w.org\/{rel}","templated":true}]}}