{"id":3919,"date":"2024-03-18T06:10:14","date_gmt":"2024-03-18T06:10:14","guid":{"rendered":"https:\/\/3dp.45612300.xyz\/product\/310-powder\/"},"modified":"2024-03-18T06:10:14","modified_gmt":"2024-03-18T06:10:14","slug":"310-powder","status":"publish","type":"product","link":"https:\/\/3dpmetal.com\/pt\/product\/310-powder\/","title":{"rendered":"P\u00f3 310"},"content":{"rendered":"<p><span style=\"vertical-align: inherit;\"><span style=\"vertical-align: inherit;\"><\/p>\n<h2>Vis\u00e3o geral do P\u00f3 310<\/h2>\n<p class=\"whitespace-pre-wrap\">O p\u00f3 310 \u00e9 um p\u00f3 de a\u00e7o inoxid\u00e1vel austen\u00edtico que cont\u00e9m altos n\u00edveis de cromo, n\u00edquel e nitrog\u00eanio para propriedades mec\u00e2nicas aprimoradas e resist\u00eancia \u00e0 corros\u00e3o. Ele oferece uma excelente combina\u00e7\u00e3o de resist\u00eancia, dureza, tenacidade e resist\u00eancia ao desgaste.<\/p>\n<p class=\"whitespace-pre-wrap\">As principais propriedades e vantagens do p\u00f3 310 incluem:<\/p>\n<p class=\"whitespace-pre-wrap\"><strong>310 Propriedades e Caracter\u00edsticas do P\u00f3<\/strong><\/p>\n<table>\n<thead>\n<tr>\n<th>Propriedades<\/th>\n<th>Detalhes<\/th>\n<\/tr>\n<\/thead>\n<tbody>\n<tr>\n<td>Composi\u00e7\u00e3o<\/td>\n<td>Liga Fe-25Cr-20Ni-0,25N<\/td>\n<\/tr>\n<tr>\n<td>Densidade<\/td>\n<td>8,1 g\/cc<\/td>\n<\/tr>\n<tr>\n<td>Forma da part\u00edcula<\/td>\n<td>Irregular e com \u00e2ngulos<\/td>\n<\/tr>\n<tr>\n<td>Intervalo de tamanho<\/td>\n<td>10-150 m\u00edcrons<\/td>\n<\/tr>\n<tr>\n<td>Densidade Aparente<\/td>\n<td>At\u00e9 50% da verdadeira densidade<\/td>\n<\/tr>\n<tr>\n<td>Capacidade de escoamento<\/td>\n<td>Moderada<\/td>\n<\/tr>\n<tr>\n<td>For\u00e7a<\/td>\n<td>Muito alta para um p\u00f3 da s\u00e9rie 300<\/td>\n<\/tr>\n<tr>\n<td>Resist\u00eancia ao desgaste<\/td>\n<td>Excelente devido a encruamento<\/td>\n<\/tr>\n<\/tbody>\n<\/table>\n<p class=\"whitespace-pre-wrap\">O p\u00f3 310 \u00e9 amplamente usado em aplica\u00e7\u00f5es que requerem dureza, resist\u00eancia ao desgaste e \u00e0 corros\u00e3o, tais como pe\u00e7as de v\u00e1lvulas, eixos, gaiolas de mancal, parafusos, instrumentos cir\u00fargicos etc.<\/p>\n<h2>Composi\u00e7\u00e3o do p\u00f3 310<\/h2>\n<p class=\"whitespace-pre-wrap\">Composi\u00e7\u00e3o t\u00edpica do p\u00f3 de a\u00e7o inoxid\u00e1vel 310:<\/p>\n<p class=\"whitespace-pre-wrap\"><strong>Composi\u00e7\u00e3o do p\u00f3 310<\/strong><\/p>\n<table>\n<thead>\n<tr>\n<th>Elemento<\/th>\n<th>Peso %<\/th>\n<\/tr>\n<\/thead>\n<tbody>\n<tr>\n<td>Ferro (Fe)<\/td>\n<td>Equil\u00edbrio<\/td>\n<\/tr>\n<tr>\n<td>Cr\u00f3mio (Cr)<\/td>\n<td>24-26%<\/td>\n<\/tr>\n<tr>\n<td>N\u00edquel (Ni)<\/td>\n<td>19-22%<\/td>\n<\/tr>\n<tr>\n<td>Nitrog\u00eanio (N)<\/td>\n<td>0.2-0.4%<\/td>\n<\/tr>\n<tr>\n<td>Carbono (C)<\/td>\n<td>0,25% m\u00e1x<\/td>\n<\/tr>\n<tr>\n<td>Sil\u00edcio (Si)<\/td>\n<td>1.5% m\u00e1ximo<\/td>\n<\/tr>\n<tr>\n<td>Mangan\u00eas (Mn)<\/td>\n<td>M\u00e1x 2%<\/td>\n<\/tr>\n<tr>\n<td>Enxofre (S)<\/td>\n<td>0,03% m\u00e1x.<\/td>\n<\/tr>\n<tr>\n<td>F\u00f3sforo (P)<\/td>\n<td>0,045% m\u00e1x<\/td>\n<\/tr>\n<\/tbody>\n<\/table>\n<ul class=\"list-disc pl-8 space-y-2\">\n<li class=\"whitespace-normal\">O ferro garante a resist\u00eancia da matriz ferr\u00edtica e a ductilidade<\/li>\n<li class=\"whitespace-normal\">O cromo e o n\u00edquel melhoram a resist\u00eancia \u00e0 corros\u00e3o<\/li>\n<li class=\"whitespace-normal\">O nitrog\u00eanio proporciona o fortalecimento da solu\u00e7\u00e3o s\u00f3lida<\/li>\n<li class=\"whitespace-normal\">Carbono, sil\u00edcio e mangan\u00eas controlados como elementos residuais<\/li>\n<\/ul>\n<p class=\"whitespace-pre-wrap\">A composi\u00e7\u00e3o otimizada fornece uma excelente combina\u00e7\u00e3o de resist\u00eancia, dureza, resist\u00eancia \u00e0 corros\u00e3o e custo.<\/p>\n<p><img loading=\"lazy\" decoding=\"async\" class=\"aligncenter wp-image-1409 size-medium\" src=\"https:\/\/met3dp.com\/wp-content\/uploads\/2023\/09\/ed7a94ec-3c10-4b1b-87ed--300x300.jpg\" alt=\"P\u00f3 310\" width=\"300\" height=\"300\" title=\"\"><\/p>\n<h2>Propriedades F\u00edsicas do P\u00f3 310<\/h2>\n<p class=\"whitespace-pre-wrap\"><strong>Propriedades F\u00edsicas do P\u00f3 310<\/strong><\/p>\n<table>\n<thead>\n<tr>\n<th>Propriedade<\/th>\n<th>Valores<\/th>\n<\/tr>\n<\/thead>\n<tbody>\n<tr>\n<td>Densidade<\/td>\n<td>8,1 g\/cc<\/td>\n<\/tr>\n<tr>\n<td>Ponto de Fus\u00e3o<\/td>\n<td>1370-1400\u00a1\u00abC<\/td>\n<\/tr>\n<tr>\n<td>Resistividade el\u00e9trica<\/td>\n<td>0,8 \u00c3\u2026\u00b4\u00ce-m<\/td>\n<\/tr>\n<tr>\n<td>Condutividade t\u00e9rmica<\/td>\n<td>12 W\/mK<\/td>\n<\/tr>\n<tr>\n<td>Expans\u00e3o t\u00e9rmica<\/td>\n<td>11 x 10^-6 \/K<\/td>\n<\/tr>\n<tr>\n<td>Temperatura m\u00e1xima de servi\u00e7o<\/td>\n<td>1150\u00a1\u00abC<\/td>\n<\/tr>\n<\/tbody>\n<\/table>\n<ul class=\"list-disc pl-8 space-y-2\">\n<li class=\"whitespace-normal\">Dureza elevada em compara\u00e7\u00e3o aos a\u00e7os inoxid\u00e1veis ferr\u00edticos<\/li>\n<li class=\"whitespace-normal\">Mant\u00e9m excelente resist\u00eancia a temperaturas elevadas<\/li>\n<li class=\"whitespace-normal\">Resistividade superior ao ferro puro ou aos a\u00e7os de carbono<\/li>\n<li class=\"whitespace-normal\">Condutividade t\u00e9rmica menor que a do a\u00e7o carbono<\/li>\n<li class=\"whitespace-normal\">Pode suportar servi\u00e7o cont\u00ednuo at\u00e9 1150 \u00b0C<\/li>\n<\/ul>\n<p class=\"whitespace-pre-wrap\">As propriedades f\u00edsicas fazem 310 adequado para aplica\u00e7\u00f5es de alta temperatura que requerem dureza, resist\u00eancia e resist\u00eancia \u00e0 corros\u00e3o.<\/p>\n<h2>Propriedades Mec\u00e2nicas do P\u00f3 310<\/h2>\n<p class=\"whitespace-pre-wrap\"><strong>Propriedades Mec\u00e2nicas do P\u00f3 310<\/strong><\/p>\n<table>\n<thead>\n<tr>\n<th>Propriedade<\/th>\n<th>Valores<\/th>\n<\/tr>\n<\/thead>\n<tbody>\n<tr>\n<td>Resist\u00eancia \u00e0 tra\u00e7\u00e3o<\/td>\n<td>760-900 MPa<\/td>\n<\/tr>\n<tr>\n<td>Resist\u00eancia ao escoamento<\/td>\n<td>450 a 550 MPa<\/td>\n<\/tr>\n<tr>\n<td>Elonga\u00e7\u00e3o<\/td>\n<td>35-40%<\/td>\n<\/tr>\n<tr>\n<td>Dureza<\/td>\n<td>32-38 HRC<\/td>\n<\/tr>\n<tr>\n<td>Resist\u00eancia ao impacto<\/td>\n<td>50-100 J<\/td>\n<\/tr>\n<tr>\n<td>M\u00f3dulo de elasticidade<\/td>\n<td>190-210 GPa<\/td>\n<\/tr>\n<\/tbody>\n<\/table>\n<ul class=\"list-disc pl-8 space-y-2\">\n<li class=\"whitespace-normal\">Resist\u00eancia muito alta para a\u00e7o inoxid\u00e1vel s\u00e9rie 300<\/li>\n<li class=\"whitespace-normal\">Excelente dureza e resist\u00eancia ao desgaste<\/li>\n<li class=\"whitespace-normal\">Alta resist\u00eancia e resist\u00eancia ao impacto<\/li>\n<li class=\"whitespace-normal\">A resist\u00eancia pode ser ainda mais aumentada atrav\u00e9s de martelagem a frio<\/li>\n<li class=\"whitespace-normal\">O trabalho a frio tamb\u00e9m aumenta significativamente a dureza<\/li>\n<\/ul>\n<p class=\"whitespace-pre-wrap\">As propriedades oferecem uma excelente combina\u00e7\u00e3o de resist\u00eancia, dureza e tenacidade necess\u00e1rias em muitas aplica\u00e7\u00f5es resistentes ao desgaste.<\/p>\n<h2>310 Aplica\u00e7\u00f5es em p\u00f3<\/h2>\n<p class=\"whitespace-pre-wrap\">As aplica\u00e7\u00f5es t\u00edpicas do p\u00f3 de a\u00e7o inoxid\u00e1vel 310 incluem:<\/p>\n<p class=\"whitespace-pre-wrap\"><strong>310 Aplica\u00e7\u00f5es em p\u00f3<\/strong><\/p>\n<table>\n<thead>\n<tr>\n<th>Ind\u00fastria<\/th>\n<th>Usos de Exemplo<\/th>\n<\/tr>\n<\/thead>\n<tbody>\n<tr>\n<td>Petroqu\u00edmica<\/td>\n<td>V\u00e1lvulas, bombas, eixos<\/td>\n<\/tr>\n<tr>\n<td>Processamento de alimentos<\/td>\n<td>Parafusos de extrusores, l\u00e2minas<\/td>\n<\/tr>\n<tr>\n<td>Automotivo<\/td>\n<td>Engrenagens, eixos, fixadores<\/td>\n<\/tr>\n<tr>\n<td>Fabrica\u00e7\u00e3o<\/td>\n<td>Ferramentas de prensagem, gaiolas de rolamentos<\/td>\n<\/tr>\n<tr>\n<td>M\u00e9dico<\/td>\n<td>Instrumentos cir\u00fargicos, implantes<\/td>\n<\/tr>\n<\/tbody>\n<\/table>\n<p class=\"whitespace-pre-wrap\">Alguns usos espec\u00edficos do produto:<\/p>\n<ul class=\"list-disc pl-8 space-y-2\">\n<li class=\"whitespace-normal\">Fixadores de alta resist\u00eancia, parafusos, porcas<\/li>\n<li class=\"whitespace-normal\">Componentes da bomba e da v\u00e1lvula, como selos e eixos<\/li>\n<li class=\"whitespace-normal\">Extrusoras e facas para processamento de alimentos<\/li>\n<li class=\"whitespace-normal\">Ferramentas de prensagem de alta dureza e moldes<\/li>\n<li class=\"whitespace-normal\">Equipamento para mistura, distribuidores requisitando resist\u00eancia ao desgaste<\/li>\n<\/ul>\n<p class=\"whitespace-pre-wrap\">Sua excelente combina\u00e7\u00e3o de propriedades fazem do 310 amplamente usado em aplica\u00e7\u00f5es especializadas entre as ind\u00fastrias.<\/p>\n<h2>Especifica\u00e7\u00f5es de P\u00f3 310<\/h2>\n<p class=\"whitespace-pre-wrap\">Especifica\u00e7\u00f5es e normas relevantes:<\/p>\n<p class=\"whitespace-pre-wrap\"><strong>310 Standards de p\u00f3<\/strong><\/p>\n<table>\n<thead>\n<tr>\n<th>Padr\u00e3o<\/th>\n<th>Descri\u00e7\u00e3o<\/th>\n<\/tr>\n<\/thead>\n<tbody>\n<tr>\n<td>ASTM A276<\/td>\n<td>Especifica\u00e7\u00e3o padr\u00e3o para barras e formatos de a\u00e7o inoxid\u00e1vel<\/td>\n<\/tr>\n<tr>\n<td>ASTM A314<\/td>\n<td>Norma para tubos e tubula\u00e7\u00f5es de a\u00e7o inoxid\u00e1vel encurvados<\/td>\n<\/tr>\n<tr>\n<td>ASME SA-479<\/td>\n<td>Especifica\u00e7\u00e3o para tubula\u00e7\u00e3o de a\u00e7o inoxid\u00e1vel<\/td>\n<\/tr>\n<tr>\n<td>AMS 5517<\/td>\n<td>Barras de a\u00e7o resistentes \u00e0 corros\u00e3o recozidas, arames, pe\u00e7as forjadas<\/td>\n<\/tr>\n<tr>\n<td>AMS 5903<\/td>\n<td>Barra, fio, forjados de a\u00e7o inoxid\u00e1vel endurecido por precipita\u00e7\u00e3o<\/td>\n<\/tr>\n<\/tbody>\n<\/table>\n<p class=\"whitespace-pre-wrap\">Estas normas definem:<\/p>\n<ul class=\"list-disc pl-8 space-y-2\">\n<li class=\"whitespace-normal\">Limites da composi\u00e7\u00e3o qu\u00edmica da liga 310<\/li>\n<li class=\"whitespace-normal\">N\u00edveis de impureza permitidos como S, P<\/li>\n<li class=\"whitespace-normal\">Propriedades mec\u00e2nicas necess\u00e1rias<\/li>\n<li class=\"whitespace-normal\">M\u00e9todos de Produ\u00e7\u00e3o Aprovados<\/li>\n<li class=\"whitespace-normal\">Protocolos de testes de conformidade<\/li>\n<li class=\"whitespace-normal\">Embalagem adequada, rotulagem e documenta\u00e7\u00e3o<\/li>\n<\/ul>\n<p class=\"whitespace-pre-wrap\">Atender os requisitos de certifica\u00e7\u00e3o garante a adequa\u00e7\u00e3o do p\u00f3.<\/p>\n<h2>Tamanhos de 310 Part\u00edculas de P\u00f3<\/h2>\n<p class=\"whitespace-pre-wrap\"><strong>310 Distribui\u00e7\u00e3o de tamanho das part\u00edculas em p\u00f3<\/strong><\/p>\n<table>\n<thead>\n<tr>\n<th>Tamanho da part\u00edcula<\/th>\n<th>Caracter\u00edsticas<\/th>\n<\/tr>\n<\/thead>\n<tbody>\n<tr>\n<td>10-45 m\u00edcrons<\/td>\n<td>Qualidade ultrafina para alta densidade e acabamento de superf\u00edcie<\/td>\n<\/tr>\n<tr>\n<td>45 - 150 microns<\/td>\n<td>A granulometria grossa proporciona boa fluidez<\/td>\n<\/tr>\n<tr>\n<td>15-150 micra<\/td>\n<td>Grau padr\u00e3o para prensagem e sinteriza\u00e7\u00e3o<\/td>\n<\/tr>\n<\/tbody>\n<\/table>\n<ul class=\"list-disc pl-8 space-y-2\">\n<li class=\"whitespace-normal\">Part\u00edculas mais finas permitem uma maior densifica\u00e7\u00e3o durante a sinteriza\u00e7\u00e3o<\/li>\n<li class=\"whitespace-normal\">P\u00f3s mais grossos fluem melhor e preenchem as cavidades da matriz uniformemente<\/li>\n<li class=\"whitespace-normal\">A escala de tamanho \u00e9 personalizada com base nas propriedades finais da pe\u00e7a<\/li>\n<li class=\"whitespace-normal\">P\u00f3s atomizados a g\u00e1s ou \u00e1gua est\u00e3o dispon\u00edveis<\/li>\n<\/ul>\n<p class=\"whitespace-pre-wrap\">Controlar a distribui\u00e7\u00e3o do tamanho das part\u00edculas permite otimizar o comportamento do processamento e o desempenho final da pe\u00e7a.<\/p>\n<h2>310 Densidade de P\u00f3s Aparente<\/h2>\n<p class=\"whitespace-pre-wrap\"><strong>310 Densidade de P\u00f3s Aparente<\/strong><\/p>\n<table>\n<thead>\n<tr>\n<th>Densidade Aparente<\/th>\n<th>Detalhes<\/th>\n<\/tr>\n<\/thead>\n<tbody>\n<tr>\n<td>At\u00e9 50% da verdadeira densidade<\/td>\n<td>Para morfologia de p\u00f3 irregular<\/td>\n<\/tr>\n<tr>\n<td>4,5-5,5 g\/cc typical<\/td>\n<td>Melhora com maior densidade da embalagem<\/td>\n<\/tr>\n<\/tbody>\n<\/table>\n<ul class=\"list-disc pl-8 space-y-2\">\n<li class=\"whitespace-normal\">Densidade aparente maior, melhora o fluxo e a compressibilidade do p\u00f3<\/li>\n<li class=\"whitespace-normal\">A morfologia irregular limita a densidade m\u00e1xima de compacta\u00e7\u00e3o<\/li>\n<li class=\"whitespace-normal\">Valores de at\u00e9 60% s\u00e3o poss\u00edveis com p\u00f3s esf\u00e9ricos<\/li>\n<li class=\"whitespace-normal\">Alta densidade aparente melhora a efici\u00eancia do preenchimento da prensa<\/li>\n<\/ul>\n<p class=\"whitespace-pre-wrap\">Densidade aparente mais alta promove melhor produtividade de fabrica\u00e7\u00e3o e qualidade da pe\u00e7a.<\/p>\n<h2>310 M\u00e9todo de produ\u00e7\u00e3o de p\u00f3<\/h2>\n<p class=\"whitespace-pre-wrap\"><strong>310 Produ\u00e7\u00e3o de P\u00f3s<\/strong><\/p>\n<table>\n<thead>\n<tr>\n<th>M\u00e9todo<\/th>\n<th>Detalhes<\/th>\n<\/tr>\n<\/thead>\n<tbody>\n<tr>\n<td>Atomiza\u00e7\u00e3o de g\u00e1s<\/td>\n<td>G\u00e1s inerte de alta press\u00e3o quebra o fluxo de metal fundido em pequenas got\u00edculas.<\/td>\n<\/tr>\n<tr>\n<td>Atomiza\u00e7\u00e3o da \u00c1gua<\/td>\n<td>Jactos de \u00e1gua a alta press\u00e3o quebram o metal em part\u00edculas finas<\/td>\n<\/tr>\n<tr>\n<td>Fus\u00e3o por indu\u00e7\u00e3o a v\u00e1cuo<\/td>\n<td>Materiais de entrada de alta pureza derretidos sob v\u00e1cuo.<\/td>\n<\/tr>\n<tr>\n<td>Remelting m\u00faltiple<\/td>\n<td>Melhora a homogeneiza\u00e7\u00e3o qu\u00edmica<\/td>\n<\/tr>\n<tr>\n<td>Peneira\u00e7\u00e3o<\/td>\n<td>Classifica p\u00f3 em diferentes faixas de tamanho de part\u00edcula<\/td>\n<\/tr>\n<\/tbody>\n<\/table>\n<ul class=\"list-disc pl-8 space-y-2\">\n<li class=\"whitespace-normal\">Atomiza\u00e7\u00e3o de g\u00e1s proporciona morfologia de p\u00f3 esf\u00e9rico e limpo<\/li>\n<li class=\"whitespace-normal\">Atomiza\u00e7\u00e3o de \u00e1gua \u00e9 um processo de menor custo com part\u00edculas irregulares<\/li>\n<li class=\"whitespace-normal\">A fundi\u00e7\u00e3o e refus\u00e3o a v\u00e1cuo minimizam as impurezas gasosas<\/li>\n<li class=\"whitespace-normal\">O p\u00f3s-processamento permite a personaliza\u00e7\u00e3o dos tamanhos de part\u00edculas<\/li>\n<\/ul>\n<p class=\"whitespace-pre-wrap\">A produ\u00e7\u00e3o automatizada e o rigoroso controle de qualidade resultam em p\u00f3 consistente adequado para aplica\u00e7\u00f5es cr\u00edticas.<\/p>\n<h2>310 Pre\u00e7os do p\u00f3<\/h2>\n<p class=\"whitespace-pre-wrap\"><strong>310 Pre\u00e7os do p\u00f3<\/strong><\/p>\n<table>\n<thead>\n<tr>\n<th>Fator<\/th>\n<th>Impacto no pre\u00e7o<\/th>\n<\/tr>\n<\/thead>\n<tbody>\n<tr>\n<td>N\u00edvel de pureza<\/td>\n<td>Maior pureza aumenta o custo<\/td>\n<\/tr>\n<tr>\n<td>Morfologia de p\u00f3<\/td>\n<td>P\u00f3 esf\u00e9rico custa mais caro<\/td>\n<\/tr>\n<tr>\n<td>Tamanho da part\u00edcula<\/td>\n<td>P\u00f3 ultrafino mais caro<\/td>\n<\/tr>\n<tr>\n<td>Volume da ordem<\/td>\n<td>Maiores quantidades t\u00eam um pre\u00e7o unit\u00e1rio mais baixo<\/td>\n<\/tr>\n<tr>\n<td>Servi\u00e7os adicionais<\/td>\n<td>Personaliza\u00e7\u00e3o adiciona custo<\/td>\n<\/tr>\n<\/tbody>\n<\/table>\n<p class=\"whitespace-pre-wrap\"><strong>Pre\u00e7o Indicativo<\/strong><\/p>\n<ul class=\"list-disc pl-8 space-y-2\">\n<li class=\"whitespace-normal\">P\u00f3 irregular 310: 8-12 US$ por kg<\/li>\n<li class=\"whitespace-normal\">P\u00f3 \u7403\u9762 310: $12-18 por kg<\/li>\n<li class=\"whitespace-normal\">Pre\u00e7os de grandes volumes podem ser 30-50% menores<\/li>\n<\/ul>\n<p class=\"whitespace-pre-wrap\">O pre\u00e7o depende da pureza, das caracter\u00edsticas das part\u00edculas, do volume do pedido e das necessidades de personaliza\u00e7\u00e3o.<\/p>\n<h2>310 Fornecedores de p\u00f3<\/h2>\n<p class=\"whitespace-pre-wrap\"><strong>310 Fornecedores de p\u00f3<\/strong><\/p>\n<table>\n<thead>\n<tr>\n<th>Empresa<\/th>\n<th>Local<\/th>\n<\/tr>\n<\/thead>\n<tbody>\n<tr>\n<td>H?gan?s<\/td>\n<td>Su\u00e9cia<\/td>\n<\/tr>\n<tr>\n<td>Sandvik<\/td>\n<td>Alemanha<\/td>\n<\/tr>\n<tr>\n<td>Daido Steel<\/td>\n<td>Jap\u00e3o<\/td>\n<\/tr>\n<tr>\n<td>CNP P\u00f3<\/td>\n<td>China<\/td>\n<\/tr>\n<tr>\n<td>Produtos em P\u00f3 de Carpinteiro<\/td>\n<td>EUA<\/td>\n<\/tr>\n<tr>\n<td>Erasteel<\/td>\n<td>Fran\u00e7a<\/td>\n<\/tr>\n<\/tbody>\n<\/table>\n<p class=\"whitespace-pre-wrap\">Factores-chave para a sele\u00e7\u00e3o de fornecedores:<\/p>\n<ul class=\"list-disc pl-8 space-y-2\">\n<li class=\"whitespace-normal\">Graus de p\u00f3 oferecidos<\/li>\n<li class=\"whitespace-normal\">capacidade de produ\u00e7\u00e3o<\/li>\n<li class=\"whitespace-normal\">Faixa de tamanho e morfologia das part\u00edculas<\/li>\n<li class=\"whitespace-normal\">Relat\u00f3rios de an\u00e1lise de lote<\/li>\n<li class=\"whitespace-normal\">Pre\u00e7os e quantidade m\u00ednima do pedido<\/li>\n<li class=\"whitespace-normal\">Servi\u00e7os de personaliza\u00e7\u00e3o<\/li>\n<li class=\"whitespace-normal\">Tempos de entrega e confiabilidade<\/li>\n<\/ul>\n<h2>310 Manipula\u00e7\u00e3o e Armazenamento de P\u00f3<\/h2>\n<p class=\"whitespace-pre-wrap\"><strong>310 Manuseio de p\u00f3<\/strong><\/p>\n<table>\n<thead>\n<tr>\n<th>Recomenda\u00e7\u00e3o<\/th>\n<th>Raz\u00e3o<\/th>\n<\/tr>\n<\/thead>\n<tbody>\n<tr>\n<td>Use EPI e ventila\u00e7\u00e3o<\/td>\n<td>Evite a exposi\u00e7\u00e3o a part\u00edculas met\u00e1licas finas<\/td>\n<\/tr>\n<tr>\n<td>Garantir aterramento adequado<\/td>\n<td>Impe\u00e7a descarga est\u00e1tica ao manusear<\/td>\n<\/tr>\n<tr>\n<td>Evite fontes de igni\u00e7\u00e3o<\/td>\n<td>Os p\u00f3s podem entrar em combust\u00e3o no ambiente com oxig\u00eanio<\/td>\n<\/tr>\n<tr>\n<td>Utilize ferramentas antifa\u00edsca<\/td>\n<td>Prevenir possibilidade de igni\u00e7\u00e3o<\/td>\n<\/tr>\n<tr>\n<td>Siga os protocolos de seguran\u00e7a<\/td>\n<td>Reduz o risco de queimaduras, inala\u00e7\u00e3o, ingest\u00e3o<\/td>\n<\/tr>\n<tr>\n<td>Armazenar em recipientes est\u00e1veis<\/td>\n<td>Evite contamina\u00e7\u00e3o ou oxida\u00e7\u00e3o<\/td>\n<\/tr>\n<\/tbody>\n<\/table>\n<p class=\"whitespace-pre-wrap\">Como o p\u00f3 310 \u00e9 inflam\u00e1vel, os riscos de igni\u00e7\u00e3o e explos\u00e3o devem ser controlados durante o manuseio e armazenamento. Caso contr\u00e1rio, \u00e9 relativamente seguro com precau\u00e7\u00f5es adequadas.<\/p>\n<h2>310 Inspe\u00e7\u00e3o e Testes de P\u00f3s<\/h2>\n<p class=\"whitespace-pre-wrap\"><strong>310 Testes de P\u00f3<\/strong><\/p>\n<table>\n<thead>\n<tr>\n<th>Teste<\/th>\n<th>Detalhes<\/th>\n<\/tr>\n<\/thead>\n<tbody>\n<tr>\n<td>An\u00e1lises qu\u00edmicas<\/td>\n<td>ICP e XRF comprovam composi\u00e7\u00e3o<\/td>\n<\/tr>\n<tr>\n<td>Distribui\u00e7\u00e3o de Tamanho de Part\u00edculas<\/td>\n<td>Difra\u00e7\u00e3o laser determina distribui\u00e7\u00e3o de tamanho<\/td>\n<\/tr>\n<tr>\n<td>Densidade Aparente<\/td>\n<td>Teste de flux\u00f4metro de Hall conforme ao padr\u00e3o ASTM B212<\/td>\n<\/tr>\n<tr>\n<td>Morfologia de p\u00f3<\/td>\n<td>Imagens de microscopia eletr\u00f4nica de varredura mostram a forma das part\u00edculas<\/td>\n<\/tr>\n<tr>\n<td>An\u00e1lise da taxa de fluxo<\/td>\n<td>Vaz\u00e3o de fluxo por gravidade pelo bocal especificado<\/td>\n<\/tr>\n<tr>\n<td>Perda por igni\u00e7\u00e3o<\/td>\n<td>Determina o conte\u00fado de umidade residual<\/td>\n<\/tr>\n<\/tbody>\n<\/table>\n<p class=\"whitespace-pre-wrap\">Testes rigorosos asseguram o p\u00f3 que atende os requisitos de pureza qu\u00edmica, caracter\u00edsticas de part\u00edculas, densidade, morfologia e fluidez por especifica\u00e7\u00f5es aplic\u00e1veis.<\/p>\n<h2>Pr\u00f3s e Contras do P\u00f3 310<\/h2>\n<p class=\"whitespace-pre-wrap\"><strong>Vantagens do P\u00f3 310<\/strong><\/p>\n<ul class=\"list-disc pl-8 space-y-2\">\n<li class=\"whitespace-normal\">Excelente resist\u00eancia e dureza para o a\u00e7o inoxid\u00e1vel em p\u00f3<\/li>\n<li class=\"whitespace-normal\">Alta resist\u00eancia a temperatura e \u00e0 corros\u00e3o<\/li>\n<li class=\"whitespace-normal\">Boa ductilidade, tenacidade e soldabilidade<\/li>\n<li class=\"whitespace-normal\">Excelente resist\u00eancia ao desgaste e \u00e0 abras\u00e3o<\/li>\n<li class=\"whitespace-normal\">Trabalhar arduamente endurece significativamente<\/li>\n<li class=\"whitespace-normal\">Mais econ\u00f4mico do que ligas ex\u00f3ticas ou de alto teor de n\u00edquel<\/li>\n<\/ul>\n<p class=\"whitespace-pre-wrap\"><strong>Desvantagens do P\u00f3 310<\/strong><\/p>\n<ul class=\"list-disc pl-8 space-y-2\">\n<li class=\"whitespace-normal\">Ductilidade menor que os graus austen\u00edticos em estado recozido<\/li>\n<li class=\"whitespace-normal\">Resist\u00eancia mais baixa \u00e0 corros\u00e3o por picada que o tipo 316<\/li>\n<li class=\"whitespace-normal\">Exige cuidado durante a soldagem para evitar sensibiliza\u00e7\u00e3o<\/li>\n<li class=\"whitespace-normal\">Capacidade limitada de conforma\u00e7\u00e3o e cabe\u00e7oteamento a frio<\/li>\n<li class=\"whitespace-normal\">Suscet\u00edvel \u00e0 fragiliza\u00e7\u00e3o da fase sigma em altas temperaturas<\/li>\n<li class=\"whitespace-normal\">Descolora\u00e7\u00e3o superficial ao longo do tempo em alguns ambientes<\/li>\n<\/ul>\n<h2>Compara\u00e7\u00e3o com o p\u00f3 316L<\/h2>\n<p class=\"whitespace-pre-wrap\"><strong>P\u00f3 de a\u00e7o inoxid\u00e1vel 310 vs 316L<\/strong><\/p>\n<table>\n<thead>\n<tr>\n<th>Par\u00e2metros<\/th>\n<th>310<\/th>\n<th>316L<\/th>\n<\/tr>\n<\/thead>\n<tbody>\n<tr>\n<td>Densidade<\/td>\n<td>8,1 g\/cc<\/td>\n<td>8,0 g\/cc<\/td>\n<\/tr>\n<tr>\n<td>For\u00e7a<\/td>\n<td>760-900 MPa<\/td>\n<td>485-550 MPa<\/td>\n<\/tr>\n<tr>\n<td>Dureza<\/td>\n<td>32-38 HRC<\/td>\n<td>79-95 HRB<\/td>\n<\/tr>\n<tr>\n<td>Resist\u00eancia \u00e0 corros\u00e3o<\/td>\n<td>Muito bom<\/td>\n<td>Excelente<\/td>\n<\/tr>\n<tr>\n<td>Custo<\/td>\n<td>Baixo<\/td>\n<td>Alto<\/td>\n<\/tr>\n<tr>\n<td>Uso<\/td>\n<td>Pe\u00e7as de desgaste, ferramentas<\/td>\n<td>Qu\u00edmicas, marinhas<\/td>\n<\/tr>\n<\/tbody>\n<\/table>\n<ul class=\"list-disc pl-8 space-y-2\">\n<li class=\"whitespace-normal\">310 tem uma resist\u00eancia e dureza bem maiores<\/li>\n<li class=\"whitespace-normal\">316L oferece melhor resist\u00eancia \u00e0 corros\u00e3o em geral<\/li>\n<li class=\"whitespace-normal\">310 tem melhor rela\u00e7\u00e3o custo-benef\u00edcio que 316L<\/li>\n<li class=\"whitespace-normal\">310 adequado para aplica\u00e7\u00f5es que precisam de dureza e resist\u00eancia ao desgaste<\/li>\n<li class=\"whitespace-normal\">316L preferido quando a corros\u00e3o \u00e9 a principal preocupa\u00e7\u00e3o<\/li>\n<\/ul>\n<h2>310 perguntas frequentes sobre p\u00f3<\/h2>\n<p class=\"whitespace-pre-wrap\"><strong>P: Quais s\u00e3o as principais aplica\u00e7\u00f5es do p\u00f3 de a\u00e7o inoxid\u00e1vel 310?<\/strong><\/p>\n<p class=\"whitespace-pre-wrap\">A: Os principais usos incluem fixadores de alta resist\u00eancia, componentes de bombas e v\u00e1lvulas, parafusos para extrusoras, ferramentaria de prensas, jaulas de rolamento, eixos e instrumentos cir\u00fargicos que requerem dureza, resist\u00eancia e resist\u00eancia ao desgaste.<\/p>\n<p class=\"whitespace-pre-wrap\"><strong>P: Qual \u00e9 o papel do nitrog\u00eanio no a\u00e7o inoxid\u00e1vel 310?<\/strong><\/p>\n<p class=\"whitespace-pre-wrap\">R: O nitrog\u00eanio fornece uma refor\u00e7o de solu\u00e7\u00e3o s\u00f3lida substancial que aumenta consideravelmente a resist\u00eancia e dureza do a\u00e7o inoxid\u00e1vel 310.<\/p>\n<p class=\"whitespace-pre-wrap\"><strong>P: Quais precau\u00e7\u00f5es s\u00e3o necess\u00e1rias ao trabalhar com p\u00f3 310?<\/strong><\/p>\n<p class=\"whitespace-pre-wrap\">A: As precau\u00e7\u00f5es recomendadas incluem ventila\u00e7\u00e3o, atmosfera inerte, aterramento, evitar fontes de igni\u00e7\u00e3o, equipamentos de prote\u00e7\u00e3o, uso de ferramentas antifa\u00edscas e armazenamento seguro em cont\u00eaineres est\u00e1veis.<\/p>\n<p class=\"whitespace-pre-wrap\"><strong>Q: Qual a diferen\u00e7a entre o a\u00e7o inoxid\u00e1vel 310 entre a categoria 304 e 316?<\/strong><\/p>\n<p class=\"whitespace-pre-wrap\">R: 310 tem muito mais resist\u00eancia e dureza do que 304 ou 316 devido ao seu alto conte\u00fado de nitrog\u00eanio. Ele oferece melhor resist\u00eancia ao desgaste, mas menor resist\u00eancia \u00e0 corros\u00e3o do que 316.<\/p>\n<p><\/span><\/span><\/p>","protected":false},"excerpt":{"rendered":"<p>Vis\u00e3o geral do p\u00f3 310 O p\u00f3 310 \u00e9 um p\u00f3 de a\u00e7o inoxid\u00e1vel austen\u00edtico que cont\u00e9m n\u00edveis elevados de cr\u00f3mio, n\u00edquel e azoto para melhorar as propriedades mec\u00e2nicas e a resist\u00eancia \u00e0 corros\u00e3o. Oferece uma excelente combina\u00e7\u00e3o de for\u00e7a, dureza, tenacidade e resist\u00eancia ao desgaste. As principais propriedades e vantagens do p\u00f3 310 incluem: Propriedades e caracter\u00edsticas do p\u00f3 310 Propriedades Detalhes das propriedades Composi\u00e7\u00e3o...<\/p>","protected":false},"featured_media":1839,"parent":0,"template":"","meta":{"_acf_changed":false,"_kad_blocks_custom_css":"","_kad_blocks_head_custom_js":"","_kad_blocks_body_custom_js":"","_kad_blocks_footer_custom_js":"","_kad_post_transparent":"","_kad_post_title":"","_kad_post_layout":"","_kad_post_sidebar_id":"","_kad_post_content_style":"","_kad_post_vertical_padding":"","_kad_post_feature":"","_kad_post_feature_position":"","_kad_post_header":false,"_kad_post_footer":false,"_kad_post_classname":""},"product-category":[119,122],"class_list":["post-3919","product","type-product","status-publish","has-post-thumbnail","hentry","product-category-3d-printing-metal-powder","product-category-iron-based-alloy-powder"],"acf":[],"taxonomy_info":{"product-category":[{"value":119,"label":"3D Printing Metal Powder"},{"value":122,"label":"Iron Based Alloy Powder"}]},"featured_image_src_large":["https:\/\/3dpmetal.com\/wp-content\/uploads\/2024\/02\/310-Powder.jpg",600,600,false],"author_info":[],"comment_info":"","_links":{"self":[{"href":"https:\/\/3dpmetal.com\/pt\/wp-json\/wp\/v2\/product\/3919","targetHints":{"allow":["GET"]}}],"collection":[{"href":"https:\/\/3dpmetal.com\/pt\/wp-json\/wp\/v2\/product"}],"about":[{"href":"https:\/\/3dpmetal.com\/pt\/wp-json\/wp\/v2\/types\/product"}],"wp:featuredmedia":[{"embeddable":true,"href":"https:\/\/3dpmetal.com\/pt\/wp-json\/wp\/v2\/media\/1839"}],"wp:attachment":[{"href":"https:\/\/3dpmetal.com\/pt\/wp-json\/wp\/v2\/media?parent=3919"}],"wp:term":[{"taxonomy":"product-category","embeddable":true,"href":"https:\/\/3dpmetal.com\/pt\/wp-json\/wp\/v2\/product-category?post=3919"}],"curies":[{"name":"wp","href":"https:\/\/api.w.org\/{rel}","templated":true}]}}