{"id":3921,"date":"2024-03-18T06:10:14","date_gmt":"2024-03-18T06:10:14","guid":{"rendered":"https:\/\/3dp.45612300.xyz\/product\/s2-powder\/"},"modified":"2024-03-18T06:10:14","modified_gmt":"2024-03-18T06:10:14","slug":"s2-powder","status":"publish","type":"product","link":"https:\/\/3dpmetal.com\/pt\/product\/s2-powder\/","title":{"rendered":"\"S2 Powder\" pode ser traduzido para o portugu\u00eas como \"P\u00f3 S2\"."},"content":{"rendered":"<p><span style=\"vertical-align: inherit;\"><span style=\"vertical-align: inherit;\"><\/p>\n<h2>Vis\u00e3o geral do S2 Powder<\/h2>\n<p class=\"whitespace-pre-wrap\">O p\u00f3 S2 \u00e9 um p\u00f3 de a\u00e7o ferramenta de alta velocidade, ideal para fabricar ferramentas de corte que requeiram alta dureza, resist\u00eancia e resist\u00eancia ao desgaste em temperaturas elevadas. Ele cont\u00e9m tungst\u00eanio, molibd\u00eanio, van\u00e1dio e outras ligas, fornecendo excelente dureza a quente e resist\u00eancia \u00e0 fadiga t\u00e9rmica.<\/p>\n<p class=\"whitespace-pre-wrap\">Principais propriedades e benef\u00edcios do p\u00f3 S2:<\/p>\n<p class=\"whitespace-pre-wrap\"><strong>S2 Propriedades e Caracter\u00edsticas do P\u00f3<\/strong><\/p>\n<table>\n<thead>\n<tr>\n<th>Propriedades<\/th>\n<th>Detalhes<\/th>\n<\/tr>\n<\/thead>\n<tbody>\n<tr>\n<td>Composi\u00e7\u00e3o<\/td>\n<td>Liga Fe-1C-5Cr-2,35Mo-6,4W-1,4V-2Si<\/td>\n<\/tr>\n<tr>\n<td>Densidade<\/td>\n<td>7,7g\/cc<\/td>\n<\/tr>\n<tr>\n<td>Forma da part\u00edcula<\/td>\n<td>Irregular e com \u00e2ngulos<\/td>\n<\/tr>\n<tr>\n<td>Intervalo de tamanho<\/td>\n<td>10-150 m\u00edcrons<\/td>\n<\/tr>\n<tr>\n<td>Densidade Aparente<\/td>\n<td>At\u00e9 50% da verdadeira densidade<\/td>\n<\/tr>\n<tr>\n<td>Capacidade de escoamento<\/td>\n<td>Leve a moderado<\/td>\n<\/tr>\n<tr>\n<td>Dureza<\/td>\n<td>62-64 HRC quando tratado termicamente<\/td>\n<\/tr>\n<tr>\n<td>Tenacidade<\/td>\n<td>Muito bom<\/td>\n<\/tr>\n<\/tbody>\n<\/table>\n<p class=\"whitespace-pre-wrap\">O p\u00f3 S2 produz ferramentas de corte, matrizes e componentes de m\u00e1quina com vida \u00fatil prolongada sob condi\u00e7\u00f5es de alta temperatura cont\u00ednua e de carga de choque intermitente.<\/p>\n<h2>Composi\u00e7\u00e3o em P\u00f3 de S2<\/h2>\n<p class=\"whitespace-pre-wrap\">Composi\u00e7\u00e3o t\u00edpica do p\u00f3 de a\u00e7o r\u00e1pido S2:<\/p>\n<p class=\"whitespace-pre-wrap\"><strong>Composi\u00e7\u00e3o em P\u00f3 de S2<\/strong><\/p>\n<table>\n<thead>\n<tr>\n<th>Elemento<\/th>\n<th>Peso %<\/th>\n<\/tr>\n<\/thead>\n<tbody>\n<tr>\n<td>Ferro (Fe)<\/td>\n<td>Equil\u00edbrio<\/td>\n<\/tr>\n<tr>\n<td>Carbono (C)<\/td>\n<td>0.9-1.2%<\/td>\n<\/tr>\n<tr>\n<td>Cr\u00f3mio (Cr)<\/td>\n<td>3.8-4.5%<\/td>\n<\/tr>\n<tr>\n<td>Tungst\u00eanio (W)<\/td>\n<td>6.4%<\/td>\n<\/tr>\n<tr>\n<td>Molibd\u00eanio (Mo)<\/td>\n<td>1.9-2.2%<\/td>\n<\/tr>\n<tr>\n<td>Van\u00e1dio (V)<\/td>\n<td>1.3-1.6%<\/td>\n<\/tr>\n<tr>\n<td>Mangan\u00eas (Mn)<\/td>\n<td>0.2-0.5%<\/td>\n<\/tr>\n<tr>\n<td>Sil\u00edcio (Si)<\/td>\n<td>0.9-1.4%<\/td>\n<\/tr>\n<\/tbody>\n<\/table>\n<ul class=\"list-disc pl-8 space-y-2\">\n<li class=\"whitespace-normal\">Ferro fornece a matriz ferr\u00edtica<\/li>\n<li class=\"whitespace-normal\">Carbono, tungst\u00eanio e cr\u00f4mio formam carbonetos duros<\/li>\n<li class=\"whitespace-normal\">Van\u00e1dio e molibd\u00eanio aumentam a resist\u00eancia ao desgaste<\/li>\n<li class=\"whitespace-normal\">Mangan\u00eas e sil\u00edcio facilitam a usinagem<\/li>\n<\/ul>\n<p class=\"whitespace-pre-wrap\">A composi\u00e7\u00e3o \u00e9 otimizada para alcan\u00e7ar uma combina\u00e7\u00e3o excepcional de dureza a quente, dureza a vermelho e tenacidade, necess\u00e1rias para aplica\u00e7\u00f5es de usinagem com alta velocidade.<\/p>\n<p><img loading=\"lazy\" decoding=\"async\" class=\"size-medium wp-image-1409 aligncenter\" src=\"https:\/\/met3dp.com\/wp-content\/uploads\/2023\/09\/ed7a94ec-3c10-4b1b-87ed--300x300.jpg\" alt=\"&quot;S2 Powder&quot; pode ser traduzido para o portugu\u00eas como &quot;P\u00f3 S2&quot;.\" width=\"300\" height=\"300\" title=\"\"><\/p>\n<h2>S2 P\u00f3 Propriedades F\u00edsicas<\/h2>\n<p class=\"whitespace-pre-wrap\"><strong>S2 P\u00f3 Propriedades F\u00edsicas<\/strong><\/p>\n<table>\n<thead>\n<tr>\n<th>Propriedade<\/th>\n<th>Valores<\/th>\n<\/tr>\n<\/thead>\n<tbody>\n<tr>\n<td>Densidade<\/td>\n<td>7,7g\/cc<\/td>\n<\/tr>\n<tr>\n<td>Ponto de Fus\u00e3o<\/td>\n<td>1320-1350\u00abC<\/td>\n<\/tr>\n<tr>\n<td>Condutividade t\u00e9rmica<\/td>\n<td>37 W\/mK<\/td>\n<\/tr>\n<tr>\n<td>Resistividade el\u00e9trica<\/td>\n<td>0,6 \u00c3 vezes 10<sup>\u22126<\/sup> m<\/td>\n<\/tr>\n<tr>\n<td>Temperatura m\u00e1xima de servi\u00e7o<\/td>\n<td>600 \"C<\/td>\n<\/tr>\n<tr>\n<td>Temperatura de Curie<\/td>\n<td>770\u00a1\u00abC<\/td>\n<\/tr>\n<\/tbody>\n<\/table>\n<ul class=\"list-disc pl-8 space-y-2\">\n<li class=\"whitespace-normal\">Alta densidade permite componentes miniaturizados<\/li>\n<li class=\"whitespace-normal\">Ret\u00e9m a dureza e a resist\u00eancia a temperaturas elevadas<\/li>\n<li class=\"whitespace-normal\">Torna-se paramagn\u00e9tico acima do ponto de Curie<\/li>\n<li class=\"whitespace-normal\">Pode suportar servi\u00e7o prolongado at\u00e9 600\u00a1\u00abC<\/li>\n<li class=\"whitespace-normal\">Boa condutividade t\u00e9rmica reduz tens\u00f5es de expans\u00e3o t\u00e9rmica<\/li>\n<\/ul>\n<p class=\"whitespace-pre-wrap\">Essas propriedades fornecem uma combina\u00e7\u00e3o equilibrada de dureza a quente e resist\u00eancia a choque t\u00e9rmico necess\u00e1rias em aplica\u00e7\u00f5es de usinagem de alta velocidade.<\/p>\n<h2>Propriedades Mec\u00e2nicas do P\u00f3 S2<\/h2>\n<p class=\"whitespace-pre-wrap\"><strong>Propriedades Mec\u00e2nicas do P\u00f3 S2<\/strong><\/p>\n<table>\n<thead>\n<tr>\n<th>Propriedade<\/th>\n<th>Valores<\/th>\n<\/tr>\n<\/thead>\n<tbody>\n<tr>\n<td>Dureza<\/td>\n<td>62-64 HRC<\/td>\n<\/tr>\n<tr>\n<td>Resist\u00eancia transversal \u00e0 ruptura<\/td>\n<td>4500-4800 MPa<\/td>\n<\/tr>\n<tr>\n<td>Resist\u00eancia \u00e0 Compress\u00e3o<\/td>\n<td>3800-4100 MPa<\/td>\n<\/tr>\n<tr>\n<td>Resist\u00eancia \u00e0 tra\u00e7\u00e3o<\/td>\n<td>2050-2250 MPa<\/td>\n<\/tr>\n<tr>\n<td>Resist\u00eancia ao escoamento<\/td>\n<td>1930-2050 MPa<\/td>\n<\/tr>\n<tr>\n<td>Elonga\u00e7\u00e3o<\/td>\n<td>8-10%<\/td>\n<\/tr>\n<tr>\n<td>Tenacidade ao impacto<\/td>\n<td>10-14 J\/cm2<\/td>\n<\/tr>\n<\/tbody>\n<\/table>\n<ul class=\"list-disc pl-8 space-y-2\">\n<li class=\"whitespace-normal\">Dureza excepcional quando tratada termicamente<\/li>\n<li class=\"whitespace-normal\">Alta resist\u00eancia com ductilidade razo\u00e1vel<\/li>\n<li class=\"whitespace-normal\">Resist\u00eancia \u00e0 ruptura compressiva e transversal muito boa<\/li>\n<li class=\"whitespace-normal\">Excelente dureza vermelha em temperaturas elevadas<\/li>\n<li class=\"whitespace-normal\">A resist\u00eancia depende do processo de tratamento t\u00e9rmico<\/li>\n<\/ul>\n<p class=\"whitespace-pre-wrap\">O p\u00f3 S2 produz ferramentas de corte e matrizes com a dureza, resist\u00eancia e propriedades t\u00e9rmicas necess\u00e1rias para usinar materiais dif\u00edceis em alta velocidade e temperatura.<\/p>\n<h2>Aplica\u00e7\u00f5es em p\u00f3 S2<\/h2>\n<p class=\"whitespace-pre-wrap\">As aplica\u00e7\u00f5es t\u00edpicas do a\u00e7o r\u00e1pido em p\u00f3 S2 incluem:<\/p>\n<p class=\"whitespace-pre-wrap\"><strong>Aplica\u00e7\u00f5es em p\u00f3 S2<\/strong><\/p>\n<table>\n<thead>\n<tr>\n<th>Ind\u00fastria<\/th>\n<th>Usos de Exemplo<\/th>\n<\/tr>\n<\/thead>\n<tbody>\n<tr>\n<td>Automotivo<\/td>\n<td>Ferramentas de corte e fresagem.<\/td>\n<\/tr>\n<tr>\n<td>Aeroespacial<\/td>\n<td>Brocas, fresas<\/td>\n<\/tr>\n<tr>\n<td>Fabrica\u00e7\u00e3o<\/td>\n<td>Socos, matrizes de forma\u00e7\u00e3o.<\/td>\n<\/tr>\n<tr>\n<td>Petr\u00f3leo e g\u00e1s<\/td>\n<td>Ferramentas de fundo de po\u00e7o, brocas<\/td>\n<\/tr>\n<tr>\n<td>Usinagem geral<\/td>\n<td>Ferramentas de torneamento, mandrilamento e aplainamento<\/td>\n<\/tr>\n<\/tbody>\n<\/table>\n<p class=\"whitespace-pre-wrap\">Alguns usos espec\u00edficos do produto:<\/p>\n<ul class=\"list-disc pl-8 space-y-2\">\n<li class=\"whitespace-normal\">Ferramentas de corte, ferramenta index\u00e1vel<\/li>\n<li class=\"whitespace-normal\">Brocas, alargadores, machos, tarrachas<\/li>\n<li class=\"whitespace-normal\">Serras de corte de metal e facas industriais.<\/li>\n<li class=\"whitespace-normal\">Ferramentas de extrus\u00e3o e moldes de trefila\u00e7\u00e3o<\/li>\n<li class=\"whitespace-normal\">Matrizes de embutimento a frio e forjamento<\/li>\n<li class=\"whitespace-normal\">Calibres, componentes resistentes ao desgaste<\/li>\n<\/ul>\n<p class=\"whitespace-pre-wrap\">As propriedades \u00fanicas do S2&#8217;s fazem dele a melhor escolha para ferramentas de corte e componentes confi\u00e1veis para aplica\u00e7\u00f5es de usinagem exigentes.<\/p>\n<h2>Especifica\u00e7\u00f5es do P\u00f3 S2<\/h2>\n<p class=\"whitespace-pre-wrap\">Especifica\u00e7\u00f5es da chave para S2 p\u00f3 de a\u00e7o de alta velocidade;<\/p>\n<p class=\"whitespace-pre-wrap\"><strong>Padr\u00f5es de P\u00f3 S2<\/strong><\/p>\n<table>\n<thead>\n<tr>\n<th>Padr\u00e3o<\/th>\n<th>Descri\u00e7\u00e3o<\/th>\n<\/tr>\n<\/thead>\n<tbody>\n<tr>\n<td>ASTM A600<\/td>\n<td>Especifica\u00e7\u00e3o para a\u00e7os para ferramentas, a\u00e7o r\u00e1pido<\/td>\n<\/tr>\n<tr>\n<td>JIS G4403<\/td>\n<td>A\u00e7os r\u00e1pidos para ferramentas<\/td>\n<\/tr>\n<tr>\n<td>DIN 1.2363<\/td>\n<td>Equivalentes ao a\u00e7o r\u00e1pido AISI S7<\/td>\n<\/tr>\n<tr>\n<td>UNS T11302<\/td>\n<td>Designa\u00e7\u00e3o para o grau AISI S2<\/td>\n<\/tr>\n<tr>\n<td>ISO 4957<\/td>\n<td>Especifica\u00e7\u00f5es sobre a\u00e7os para ferramentas<\/td>\n<\/tr>\n<\/tbody>\n<\/table>\n<p class=\"whitespace-pre-wrap\">Esses definem:<\/p>\n<ul class=\"list-disc pl-8 space-y-2\">\n<li class=\"whitespace-normal\">Limites de composi\u00e7\u00e3o qu\u00edmica do S2<\/li>\n<li class=\"whitespace-normal\">Propriedades mec\u00e2nicas ap\u00f3s tratamento t\u00e9rmico<\/li>\n<li class=\"whitespace-normal\">M\u00e9todos de produ\u00e7\u00e3o aprovados, como atomiza\u00e7\u00e3o por g\u00e1s<\/li>\n<li class=\"whitespace-normal\">Protocolos de testes de conformidade<\/li>\n<li class=\"whitespace-normal\">Requisitos de garantia de qualidade<\/li>\n<li class=\"whitespace-normal\">Embalagem e identifica\u00e7\u00e3o apropriadas<\/li>\n<\/ul>\n<p class=\"whitespace-pre-wrap\">P\u00f3 produzido para esses padr\u00f5es garante adequa\u00e7\u00e3o para aplica\u00e7\u00f5es de ferramentas de alta resist\u00eancia ao desgaste sob condi\u00e7\u00f5es de fadiga t\u00e9rmica.<\/p>\n<h2>S2 Tamanhos de part\u00edculas em p\u00f3<\/h2>\n<p class=\"whitespace-pre-wrap\"><strong>Distribui\u00e7\u00e3o do tamanho de part\u00edculas do p\u00f3 S2<\/strong><\/p>\n<table>\n<thead>\n<tr>\n<th>Tamanho da part\u00edcula<\/th>\n<th>Caracter\u00edsticas<\/th>\n<\/tr>\n<\/thead>\n<tbody>\n<tr>\n<td>10-22 m\u00edcrons<\/td>\n<td>O grau ultrafino fornece a maior densidade<\/td>\n<\/tr>\n<tr>\n<td>22-53 m\u00edcrons<\/td>\n<td>Faixa de tamanhos mais usada<\/td>\n<\/tr>\n<tr>\n<td>53-105 micr\u00f4metros<\/td>\n<td>Tamanho mais grosseiro proporciona boa fluidez<\/td>\n<\/tr>\n<\/tbody>\n<\/table>\n<ul class=\"list-disc pl-8 space-y-2\">\n<li class=\"whitespace-normal\">Part\u00edculas mais finas permitem uma maior densifica\u00e7\u00e3o durante a sinteriza\u00e7\u00e3o<\/li>\n<li class=\"whitespace-normal\">Part\u00edculas mais espessas melhoram o fluxo de p\u00f3 para as cavidades da matriz<\/li>\n<li class=\"whitespace-normal\">O tamanho \u00e9 selecionado com base nas propriedades finais do componente necess\u00e1rias<\/li>\n<li class=\"whitespace-normal\">Tanto g\u00e1s como particulas atomizadas de \u00e1gua s\u00e3o usados<\/li>\n<\/ul>\n<p class=\"whitespace-pre-wrap\">Controlando a distribui\u00e7\u00e3o de tamanhos otimiza o comportamento de prensagem, a densidade sinterizada e o desempenho final do componente.<\/p>\n<h2>Densidade Aparente do P\u00f3 S2<\/h2>\n<p class=\"whitespace-pre-wrap\"><strong>Densidade Aparente do P\u00f3 S2<\/strong><\/p>\n<table>\n<thead>\n<tr>\n<th>Densidade Aparente<\/th>\n<th>Detalhes<\/th>\n<\/tr>\n<\/thead>\n<tbody>\n<tr>\n<td>At\u00e9 50% da verdadeira densidade<\/td>\n<td>Para morfologia de p\u00f3 irregular<\/td>\n<\/tr>\n<tr>\n<td>4,0-5,0 g\/cc<\/td>\n<td>Mais alto para p\u00f3 esf\u00e9rico, menor para p\u00f3 irregular<\/td>\n<\/tr>\n<\/tbody>\n<\/table>\n<ul class=\"list-disc pl-8 space-y-2\">\n<li class=\"whitespace-normal\">Forma esf\u00e9rica do p\u00f3 fornece alta densidade aparente<\/li>\n<li class=\"whitespace-normal\">O p\u00f3 irregular tem uma densidade inferior em torno de 45-50%<\/li>\n<li class=\"whitespace-normal\">A maior densidade aparente melhora o enchimento do molde e a qualidade das pe\u00e7as<\/li>\n<li class=\"whitespace-normal\">Permite a compacta\u00e7\u00e3o geom\u00e9trica da ferramenta complexa<\/li>\n<\/ul>\n<p class=\"whitespace-pre-wrap\">Maior densidade aparente gera maior taxa de produ\u00e7\u00e3o de componentes e desempenho.<\/p>\n<h2>M\u00e9todo de Produ\u00e7\u00e3o de P\u00f3 S2<\/h2>\n<p class=\"whitespace-pre-wrap\"><strong>Produ\u00e7\u00e3o em P\u00f3 S2<\/strong><\/p>\n<table>\n<thead>\n<tr>\n<th>M\u00e9todo<\/th>\n<th>Detalhes<\/th>\n<\/tr>\n<\/thead>\n<tbody>\n<tr>\n<td>Atomiza\u00e7\u00e3o de g\u00e1s<\/td>\n<td>G\u00e1s inerte sob alta press\u00e3o fragmenta o fluxo derretido da liga em got\u00edculas finas<\/td>\n<\/tr>\n<tr>\n<td>Fus\u00e3o por indu\u00e7\u00e3o a v\u00e1cuo<\/td>\n<td>Materiais de entrada de alta pureza derretidos sob v\u00e1cuo.<\/td>\n<\/tr>\n<tr>\n<td>Remelting m\u00faltiple<\/td>\n<td>Aumenta a homogeneidade qu\u00edmica<\/td>\n<\/tr>\n<tr>\n<td>Peneira\u00e7\u00e3o<\/td>\n<td>Classifica p\u00f3 em diferentes fra\u00e7\u00f5es de tamanho de part\u00edculas<\/td>\n<\/tr>\n<\/tbody>\n<\/table>\n<ul class=\"list-disc pl-8 space-y-2\">\n<li class=\"whitespace-normal\">A atomiza\u00e7\u00e3o de g\u00e1s fornece forma esf\u00e9rica de p\u00f3<\/li>\n<li class=\"whitespace-normal\">A fus\u00e3o a v\u00e1cuo elimina impurezas gasosas<\/li>\n<li class=\"whitespace-normal\">A fus\u00e3o m\u00faltipla melhora a uniformidade<\/li>\n<li class=\"whitespace-normal\">P\u00f3s-processamento permite customiza\u00e7\u00e3o do tamanho de part\u00edculas<\/li>\n<\/ul>\n<p class=\"whitespace-pre-wrap\">Processos totalmente automatizados combinados com controle de qualidade rigoroso garantem propriedades confi\u00e1veis e consistentes para o p\u00f3 S2, essenciais para o desempenho da ferramenta.<\/p>\n<h2>Pre\u00e7o de P\u00f3s S2<\/h2>\n<p class=\"whitespace-pre-wrap\"><strong>Pre\u00e7o de P\u00f3s S2<\/strong><\/p>\n<table>\n<thead>\n<tr>\n<th>Fator<\/th>\n<th>Impacto no pre\u00e7o<\/th>\n<\/tr>\n<\/thead>\n<tbody>\n<tr>\n<td>N\u00edvel de pureza<\/td>\n<td>Graus de pureza maiores custam mais<\/td>\n<\/tr>\n<tr>\n<td>Tamanho da part\u00edcula<\/td>\n<td>P\u00f3 ultrafino mais caro<\/td>\n<\/tr>\n<tr>\n<td>Quantidade do Pedido<\/td>\n<td>O pre\u00e7o diminui com volumes maiores<\/td>\n<\/tr>\n<tr>\n<td>Servi\u00e7os adicionais<\/td>\n<td>Personaliza\u00e7\u00e3o adiciona custo<\/td>\n<\/tr>\n<\/tbody>\n<\/table>\n<p class=\"whitespace-pre-wrap\"><strong>Pre\u00e7o Indicativo<\/strong><\/p>\n<ul class=\"list-disc pl-8 space-y-2\">\n<li class=\"whitespace-normal\">S2 em p\u00f3 esf\u00e9rico: $18-22 por kg<\/li>\n<li class=\"whitespace-normal\">P\u00f3 irregular S2: $12-16 por kg<\/li>\n<li class=\"whitespace-normal\">Pre\u00e7os para grandes volumes at\u00e9 30% mais baixos<\/li>\n<\/ul>\n<p class=\"whitespace-pre-wrap\">O pre\u00e7o depende da pureza, das caracter\u00edsticas da part\u00edcula, da quantidade do pedido e de qualquer requisito de personaliza\u00e7\u00e3o adicional.<\/p>\n<h2>S2 fornecedores de p\u00f3<\/h2>\n<p class=\"whitespace-pre-wrap\"><strong>S2 fornecedores de p\u00f3<\/strong><\/p>\n<table>\n<thead>\n<tr>\n<th>Empresa<\/th>\n<th>Local<\/th>\n<\/tr>\n<\/thead>\n<tbody>\n<tr>\n<td>H?gan?s<\/td>\n<td>Su\u00e9cia<\/td>\n<\/tr>\n<tr>\n<td>Produtos em P\u00f3 de Carpinteiro<\/td>\n<td>EUA<\/td>\n<\/tr>\n<tr>\n<td>Erasteel<\/td>\n<td>EUA, Europa<\/td>\n<\/tr>\n<tr>\n<td>Crucible Industries<\/td>\n<td>EUA<\/td>\n<\/tr>\n<tr>\n<td>voxco<\/td>\n<td>Alemanha<\/td>\n<\/tr>\n<tr>\n<td>Jingdong Novos Materiais<\/td>\n<td>China<\/td>\n<\/tr>\n<\/tbody>\n<\/table>\n<p class=\"whitespace-pre-wrap\">Factores-chave para a sele\u00e7\u00e3o de fornecedores:<\/p>\n<ul class=\"list-disc pl-8 space-y-2\">\n<li class=\"whitespace-normal\">Graus de p\u00f3 oferecidos<\/li>\n<li class=\"whitespace-normal\">capacidade de produ\u00e7\u00e3o<\/li>\n<li class=\"whitespace-normal\">Caracter\u00edsticas das part\u00edculas e consist\u00eancia<\/li>\n<li class=\"whitespace-normal\">Teste de capacidade e controle de qualidade<\/li>\n<li class=\"whitespace-normal\">Pre\u00e7os e prazos de entrega<\/li>\n<li class=\"whitespace-normal\">Atendimento t\u00e9cnico ao cliente<\/li>\n<\/ul>\n<h2>S2 - Manuseio e Armazenagem de P\u00f3s<\/h2>\n<p class=\"whitespace-pre-wrap\"><strong>S2 Manuseamento de P\u00f3<\/strong><\/p>\n<table>\n<thead>\n<tr>\n<th>Recomenda\u00e7\u00e3o<\/th>\n<th>Raz\u00e3o<\/th>\n<\/tr>\n<\/thead>\n<tbody>\n<tr>\n<td>Garantir ventila\u00e7\u00e3o adequada<\/td>\n<td>Evite a exposi\u00e7\u00e3o a part\u00edculas de metal finas<\/td>\n<\/tr>\n<tr>\n<td>Use o EPI adequado<\/td>\n<td>Evite a ingest\u00e3o pelo nariz\/boca<\/td>\n<\/tr>\n<tr>\n<td>Equipamentos de solo<\/td>\n<td>Evite fa\u00edscas est\u00e1ticas<\/td>\n<\/tr>\n<tr>\n<td>Evite fontes de igni\u00e7\u00e3o<\/td>\n<td>Perigo de p\u00f3 inflam\u00e1vel<\/td>\n<\/tr>\n<tr>\n<td>Utilize ferramentas antifa\u00edsca<\/td>\n<td>Prevenir possibilidade de igni\u00e7\u00e3o<\/td>\n<\/tr>\n<tr>\n<td>Siga protocolos seguros<\/td>\n<td>Reduzir inc\u00eandios, explos\u00f5es e riscos \u00e0 sa\u00fade<\/td>\n<\/tr>\n<\/tbody>\n<\/table>\n<p class=\"whitespace-pre-wrap\"><strong>Recomenda\u00e7\u00f5es de Armazenamento<\/strong><\/p>\n<ul class=\"list-disc pl-8 space-y-2\">\n<li class=\"whitespace-normal\">Mantenha os recipientes lacrados longe de umidade ou contamina\u00e7\u00e3o<\/li>\n<li class=\"whitespace-normal\">Manter temperaturas de armazenamento abaixo de 27 \u00a1\u00abC<\/li>\n<li class=\"whitespace-normal\">Limite a exposi\u00e7\u00e3o a \u00e1cidos oxidantes e compostos de cloro.<\/li>\n<\/ul>\n<p class=\"whitespace-pre-wrap\">Precau\u00e7\u00f5es adequadas durante o manuseio e armazenamento ajudam a preservar a pureza e evitar perigos de seguran\u00e7a.<\/p>\n<h2>Inspe\u00e7\u00e3o e Teste de P\u00f3s S2<\/h2>\n<p class=\"whitespace-pre-wrap\"><strong>Teste do P\u00f3 S2<\/strong><\/p>\n<table>\n<thead>\n<tr>\n<th>Teste<\/th>\n<th>Detalhes<\/th>\n<\/tr>\n<\/thead>\n<tbody>\n<tr>\n<td>An\u00e1lises qu\u00edmicas<\/td>\n<td>Verifica a composi\u00e7\u00e3o com espectroscopia \u00f3tica\/ICP<\/td>\n<\/tr>\n<tr>\n<td>An\u00e1lise granulom\u00e9trica<\/td>\n<td>Determina distribui\u00e7\u00e3o de tamanho utilizando a difra\u00e7\u00e3o a laser ou peneiramento<\/td>\n<\/tr>\n<tr>\n<td>Densidade Aparente<\/td>\n<td>Medido conforme a ASTM B212 usando flux\u00f4metro Hall<\/td>\n<\/tr>\n<tr>\n<td>Morfologia de p\u00f3<\/td>\n<td>Imagem SEM para determinar o formato da part\u00edcula<\/td>\n<\/tr>\n<tr>\n<td>Teste de vaz\u00e3o<\/td>\n<td>Taxa de fluxo gravitacional por funil especificado<\/td>\n<\/tr>\n<tr>\n<td>Teste de Densidade de Batida<\/td>\n<td>Densidade medida ap\u00f3s compacta\u00e7\u00e3o mec\u00e2nica da amostra de p\u00f3<\/td>\n<\/tr>\n<\/tbody>\n<\/table>\n<p class=\"whitespace-pre-wrap\">Testes garantem que o p\u00f3 atenda \u00e0s especifica\u00e7\u00f5es de composi\u00e7\u00e3o qu\u00edmica, caracter\u00edsticas f\u00edsicas, distribui\u00e7\u00e3o do tamanho das part\u00edculas, morfologia, densidade e taxa de fluxo exigidas.<\/p>\n<h2>Pr\u00f3s e Contras do P\u00f3 S2<\/h2>\n<p class=\"whitespace-pre-wrap\"><strong>Vantagens do P\u00f3 S2<\/strong><\/p>\n<ul class=\"list-disc pl-8 space-y-2\">\n<li class=\"whitespace-normal\">Dureza excepcional a quente e dureza de brasagem<\/li>\n<li class=\"whitespace-normal\">Alta resist\u00eancia e resist\u00eancia ao desgaste em altas temperaturas<\/li>\n<li class=\"whitespace-normal\">Boa tenacidade e resist\u00eancia ao choque t\u00e9rmico<\/li>\n<li class=\"whitespace-normal\">Resiste abrandamento e altera\u00e7\u00f5es de forma at\u00e9 600 \u00b0C<\/li>\n<li class=\"whitespace-normal\">Estabilidade dimensional sob ciclagem t\u00e9rmica<\/li>\n<li class=\"whitespace-normal\">Econ\u00f4mica em compara\u00e7\u00e3o com ligas ex\u00f3ticas de a\u00e7o para ferramentas PM<\/li>\n<\/ul>\n<p class=\"whitespace-pre-wrap\"><strong>Limita\u00e7\u00f5es da P\u00f3 S2<\/strong><\/p>\n<ul class=\"list-disc pl-8 space-y-2\">\n<li class=\"whitespace-normal\">Resist\u00eancia moderada \u00e0 corros\u00e3o sem revestimento superficial<\/li>\n<li class=\"whitespace-normal\">Baixa conformabilidade a frio e resist\u00eancia ao cisalhamento<\/li>\n<li class=\"whitespace-normal\">Requer tratamento t\u00e9rmico cuidadoso por provedores experientes<\/li>\n<li class=\"whitespace-normal\">N\u00e3o sold\u00e1vel usando soldagem de fus\u00e3o convencional<\/li>\n<li class=\"whitespace-normal\">Sec\u00e7\u00f5es transversais grandes podem experimentar fragilidade<\/li>\n<li class=\"whitespace-normal\">Cont\u00e9m elementos de liga caros<\/li>\n<\/ul>\n<h2>Compara\u00e7\u00e3o com a liga de a\u00e7o para ferramenta H13 em p\u00f3<\/h2>\n<p class=\"whitespace-pre-wrap\"><strong>S2 x H13 P\u00f3 de A\u00e7o para Ferramentas<\/strong><\/p>\n<table>\n<thead>\n<tr>\n<th>Par\u00e2metros<\/th>\n<th>S2<\/th>\n<th>H13<\/th>\n<\/tr>\n<\/thead>\n<tbody>\n<tr>\n<td>Dureza<\/td>\n<td>62-64 HRC<\/td>\n<td>54-57 HRC<\/td>\n<\/tr>\n<tr>\n<td>Dureza a quente<\/td>\n<td>Excelente<\/td>\n<td>Bom<\/td>\n<\/tr>\n<tr>\n<td>Tenacidade<\/td>\n<td>Muito bom<\/td>\n<td>Bom<\/td>\n<\/tr>\n<tr>\n<td>Resist\u00eancia ao choque t\u00e9rmico<\/td>\n<td>Excelente<\/td>\n<td>Moderada<\/td>\n<\/tr>\n<tr>\n<td>For\u00e7a de frio<\/td>\n<td>Bom<\/td>\n<td>Excelente<\/td>\n<\/tr>\n<tr>\n<td>Custo<\/td>\n<td>Alto<\/td>\n<td>Baixo<\/td>\n<\/tr>\n<\/tbody>\n<\/table>\n<ul class=\"list-disc pl-8 space-y-2\">\n<li class=\"whitespace-normal\">S2 tem uma dureza a quente muito maior e resist\u00eancia ao choque t\u00e9rmico<\/li>\n<li class=\"whitespace-normal\">H13 fornece melhor resist\u00eancia e tenacidade a frio<\/li>\n<li class=\"whitespace-normal\">S2 \u00e9 mais caro devido ao maior teor de liga<\/li>\n<li class=\"whitespace-normal\">S2 preferencial para aplica\u00e7\u00f5es de usinagem em alta velocidade<\/li>\n<li class=\"whitespace-normal\">H13 apropriada para matrizes de prensa a frio e a quente<\/li>\n<\/ul>\n<h2>Perguntas frequentes sobre S2 Powder<\/h2>\n<p class=\"whitespace-pre-wrap\"><strong>P: Quais s\u00e3o as principais aplica\u00e7\u00f5es do p\u00f3 de a\u00e7o ferramenta S2?<\/strong><\/p>\n<p class=\"whitespace-pre-wrap\">A: As principais aplica\u00e7\u00f5es incluem ferramentas de corte como brocas, fresadoras, insertos, tarraxas, matrizes, serras, ferramentas de aplainamento, bem como ferramentas de extrus\u00e3o, matrizes de forjamento, medidores e componentes que precisam de dureza a quente e resist\u00eancia a choque t\u00e9rmico.<\/p>\n<p class=\"whitespace-pre-wrap\"><strong>P: Qual tratamento t\u00e9rmico \u00e9 utilizado para o p\u00f3 de a\u00e7o de ferramenta S2?<\/strong><\/p>\n<p class=\"whitespace-pre-wrap\">A: A ferramenta de a\u00e7o S2 geralmente \u00e9 tratada termicamente por austenitiza\u00e7\u00e3o entre 1150-1200 \u00a1\u00abC, seguida de t\u00eampera a ar, \u00f3leo ou pol\u00edmero, e depois revenimento entre 540-650 \u00a1\u00abC para atingir dureza entre 62-64 HRC.<\/p>\n<p class=\"whitespace-pre-wrap\"><strong>P: Como o tungst\u00eanio melhora as propriedades do a\u00e7o S2?<\/strong><\/p>\n<p class=\"whitespace-pre-wrap\">R: O tungst\u00eanio forma complexos duros de tungst\u00eanio-ferro-carbono que fornecem excepcional dureza a quente, resist\u00eancia e resist\u00eancia ao desgaste em temperaturas elevadas necess\u00e1rias para aplica\u00e7\u00f5es de usinagem de alta velocidade.<\/p>\n<p class=\"whitespace-pre-wrap\"><strong>P: Quais as precau\u00e7\u00f5es de seguran\u00e7a que devem ser usadas ao trabalhar com S2 em p\u00f3?<\/strong><\/p>\n<p class=\"whitespace-pre-wrap\">A: Ventila\u00e7\u00e3o adequada, equipamento de prote\u00e7\u00e3o, atmosfera inerte, aterramento, evitar fontes de igni\u00e7\u00e3o, uso de ferramentas antifaiscantes e armazenamento seguro longe de contamina\u00e7\u00e3o ou umidade.<\/p>\n<p><\/span><\/span><\/p>","protected":false},"excerpt":{"rendered":"<p>Vis\u00e3o geral do p\u00f3 S2 O p\u00f3 S2 \u00e9 um p\u00f3 de a\u00e7o para ferramentas de alta velocidade ideal para fabricar ferramentas de corte que exigem alta dureza, for\u00e7a e resist\u00eancia ao desgaste a temperaturas elevadas. Cont\u00e9m tungst\u00e9nio, molibd\u00e9nio, van\u00e1dio e ligas adicionais que proporcionam uma excelente dureza a quente e resist\u00eancia \u00e0 fadiga t\u00e9rmica. Principais propriedades e vantagens do p\u00f3 S2: Propriedades do p\u00f3 S2 e...<\/p>","protected":false},"featured_media":1843,"parent":0,"template":"","meta":{"_acf_changed":false,"_kad_blocks_custom_css":"","_kad_blocks_head_custom_js":"","_kad_blocks_body_custom_js":"","_kad_blocks_footer_custom_js":"","_kad_post_transparent":"","_kad_post_title":"","_kad_post_layout":"","_kad_post_sidebar_id":"","_kad_post_content_style":"","_kad_post_vertical_padding":"","_kad_post_feature":"","_kad_post_feature_position":"","_kad_post_header":false,"_kad_post_footer":false,"_kad_post_classname":""},"product-category":[119,122],"class_list":["post-3921","product","type-product","status-publish","has-post-thumbnail","hentry","product-category-3d-printing-metal-powder","product-category-iron-based-alloy-powder"],"acf":[],"taxonomy_info":{"product-category":[{"value":119,"label":"3D Printing Metal Powder"},{"value":122,"label":"Iron Based Alloy Powder"}]},"featured_image_src_large":["https:\/\/3dpmetal.com\/wp-content\/uploads\/2024\/02\/S2.jpg",600,600,false],"author_info":[],"comment_info":"","_links":{"self":[{"href":"https:\/\/3dpmetal.com\/pt\/wp-json\/wp\/v2\/product\/3921","targetHints":{"allow":["GET"]}}],"collection":[{"href":"https:\/\/3dpmetal.com\/pt\/wp-json\/wp\/v2\/product"}],"about":[{"href":"https:\/\/3dpmetal.com\/pt\/wp-json\/wp\/v2\/types\/product"}],"wp:featuredmedia":[{"embeddable":true,"href":"https:\/\/3dpmetal.com\/pt\/wp-json\/wp\/v2\/media\/1843"}],"wp:attachment":[{"href":"https:\/\/3dpmetal.com\/pt\/wp-json\/wp\/v2\/media?parent=3921"}],"wp:term":[{"taxonomy":"product-category","embeddable":true,"href":"https:\/\/3dpmetal.com\/pt\/wp-json\/wp\/v2\/product-category?post=3921"}],"curies":[{"name":"wp","href":"https:\/\/api.w.org\/{rel}","templated":true}]}}